{"id":6513,"date":"2024-12-11T16:39:06","date_gmt":"2024-12-11T16:39:06","guid":{"rendered":"https:\/\/nuevo-renacer.com\/?page_id=6513"},"modified":"2025-01-17T11:24:10","modified_gmt":"2025-01-17T11:24:10","slug":"regina","status":"publish","type":"page","link":"https:\/\/nuevo-renacer.com\/fr\/regina\/","title":{"rendered":"Regina"},"content":{"rendered":"<div class=\"wp-block-uagb-container uagb-block-09423ce9 alignfull uagb-is-root-container\"><div class=\"uagb-container-inner-blocks-wrap\">\n<p class=\"has-black-color has-text-color has-link-color has-medium-font-size wp-elements-f39243c632b414d6b53c2f2de828548b\"><strong>Regina<\/strong><\/p>\n<\/div><\/div>\n\n\n\n<div class=\"wp-block-uagb-container uagb-block-5a101c0b alignfull uagb-is-root-container\"><div class=\"uagb-container-inner-blocks-wrap\">\n<figure class=\"wp-block-image size-large is-resized\"><img fetchpriority=\"high\" decoding=\"async\" width=\"1024\" height=\"831\" src=\"https:\/\/nuevo-renacer.com\/wp-content\/uploads\/2024\/12\/e75f40aa-59ad-4875-9cd9-2e0fdcbd2dbe-1024x831.jpg\" alt=\"\" class=\"wp-image-6516\" style=\"width:362px;height:auto\" srcset=\"https:\/\/nuevo-renacer.com\/wp-content\/uploads\/2024\/12\/e75f40aa-59ad-4875-9cd9-2e0fdcbd2dbe-1024x831.jpg 1024w, https:\/\/nuevo-renacer.com\/wp-content\/uploads\/2024\/12\/e75f40aa-59ad-4875-9cd9-2e0fdcbd2dbe-300x243.jpg 300w, https:\/\/nuevo-renacer.com\/wp-content\/uploads\/2024\/12\/e75f40aa-59ad-4875-9cd9-2e0fdcbd2dbe-768x623.jpg 768w, https:\/\/nuevo-renacer.com\/wp-content\/uploads\/2024\/12\/e75f40aa-59ad-4875-9cd9-2e0fdcbd2dbe-15x12.jpg 15w, https:\/\/nuevo-renacer.com\/wp-content\/uploads\/2024\/12\/e75f40aa-59ad-4875-9cd9-2e0fdcbd2dbe.jpg 1241w\" sizes=\"(max-width: 1024px) 100vw, 1024px\" \/><\/figure>\n<\/div><\/div>\n\n\n\n<div class=\"wp-block-uagb-container uagb-block-73aceeb3 alignfull uagb-is-root-container\"><div class=\"uagb-container-inner-blocks-wrap\">\n<div class=\"wp-block-group is-layout-constrained wp-block-group-is-layout-constrained\">\n<p class=\"has-black-color has-text-color has-link-color has-small-font-size wp-elements-162262366def24a3e9db505691de2cd3\">Pays d&#039;origine: Allemagne<br>Date de naissance : 17.01.1967<br>M\u00e9diumnit\u00e9: les Peintres et les illustrateurs<\/p>\n<\/div>\n<\/div><\/div>\n\n\n\n<div class=\"wp-block-uagb-container uagb-block-c6a1c2d5 alignfull uagb-is-root-container\"><div class=\"uagb-container-inner-blocks-wrap\"><\/div><\/div>\n\n\n\n<div class=\"wp-block-uagb-container uagb-block-2cbe5dca alignfull uagb-is-root-container\"><div class=\"uagb-container-inner-blocks-wrap\">\n<p class=\"has-black-color has-text-color has-link-color has-small-font-size wp-elements-af3a3200cb537290d2c8c3d54e8f7315\">Mon nom spirituel est Sharon Soma, mon nom de la terre est de Regina.<\/p>\n\n\n\n<p class=\"has-black-color has-text-color has-link-color has-small-font-size wp-elements-ea469fd3e8825e7f9986f9dcaad3f497\">Les esprits sont venus \u00e0 moi depuis que j&#039;\u00e9tais petite fille, je n&#039;ai jamais eu peur, il \u00e9tait normal pour moi. Mes parents m&#039;ont toujours dit que j&#039;\u00e9tais diff\u00e9rente, et bien, je ne me sentais pas bien. J&#039;ai grandi dans Hagen et maintenant je vis dans la belle r\u00e9gion du Bas-Rhin. J&#039;ai travaill\u00e9 comme guide de la r\u00e9incarnation pour un long moment et je le fais encore, mais comme j&#039;ai aussi un travail s\u00e9culier, mon travail spirituel a \u00e9t\u00e9 malheureusement un peu n\u00e9glig\u00e9. Le temps est maintenant venu de re-concentrer davantage sur le travail spirituel. J&#039;ai commenc\u00e9 \u00e0 dessiner, je dois dire que je n&#039;ai jamais appris \u00e0 dessiner. Sont des portraits de personnes d\u00e9c\u00e9d\u00e9es, ne savent pas et ne savent pas qui je suis de dessin, juste le dessin, et je re\u00e7ois des messages, c&#039;est tout. Je laisse mon esprit me guide vous guider. Je suis encore au d\u00e9but avec cela, car c&#039;est une question tr\u00e8s d\u00e9licate, n\u00e9cessite beaucoup d&#039;empathie et je ne sais pas ces personnalit\u00e9s dessin\u00e9e. Les esprits viennent de transmettre \u00e0 vos proches, que la mort n&#039;est pas la fin.<\/p>\n\n\n\n<p class=\"has-black-color has-text-color has-link-color has-small-font-size wp-elements-5e545f6eeeb20ea73cb6fc9ad847be18\">Je suis fermement convaincue que chaque personne a une \u00e2me, et qu&#039;elle continue \u00e0 exister m\u00eame apr\u00e8s la mort. J&#039;ai d\u00e9j\u00e0 aid\u00e9 de nombreuses personnes \u00e0 faire face \u00e0 leur douleur et j&#039;ai montr\u00e9 que la perte de leurs proches ne signifie pas la fin. Au travers de mes dessins de portraits du monde spirituel, vous pouvez voir comment ils sont heureux avec leurs proches dans le ciel, de sorte que vous savez d&#039;eux-m\u00eames: la mort n&#039;est pas au revoir \u00e0 jamais; il se poursuit! Il Me remplit de joie de voir comment les gens sont rassur\u00e9s avec mon travail, et r\u00e9cup\u00e8re l&#039;espoir. Ma t\u00e2che ici sur la terre est d&#039;offrir un soutien pour les personnes endeuill\u00e9es, et apporter un peu plus vers le monde spirituel. Avec mes dessins de leurs proches d\u00e9c\u00e9d\u00e9s dans le ciel, je veux leur montrer que la mort n&#039;existe pas vraiment: La mort n&#039;existe pas vraiment; vous venez de desprendes de votre coquille de la terre. Je suis convaincu que tout le monde a une \u00e2me, et qu&#039;elle continue d&#039;exister apr\u00e8s la mort. J&#039;ai d\u00e9j\u00e0 aid\u00e9 de nombreuses personnes \u00e0 faire face \u00e0 leur douleur et j&#039;ai montr\u00e9 que la perte de leurs proches ne signifie pas la fin. Au travers de mes dessins de portraits du monde spirituel, vous pouvez voir comment ils sont heureux avec leurs proches dans le ciel et ainsi de savoir pour eux-m\u00eames: la mort n&#039;est pas au revoir \u00e0 jamais: \u00e7a continue! Il Me remplit de joie de voir comment les gens sont rassur\u00e9s avec mon travail, et r\u00e9cup\u00e8re l&#039;espoir.<\/p>\n\n\n\n<p class=\"has-black-color has-text-color has-link-color has-small-font-size wp-elements-ee4f651a099c114c3dbfb9aab347a102\">Je crois fermement que les morts continuent \u00e0 \u00eatre proches de nous et que nous pouvons sentir sa pr\u00e9sence. Avec mes portraits, je veux donner aux pauvres la possibilit\u00e9 de faire l&#039;exp\u00e9rience de cette proximit\u00e9 et de se connecter avec leurs proches dans l&#039;au-del\u00e0. Il est souvent difficile \u00e0 accepter et \u00e0 surmonter la mort d&#039;un \u00eatre cher. Mais pour recevoir des signaux \u00e0 partir de l&#039;au-del\u00e0 peuvent soulager la douleur. Mes portraits sont des signes que nos proches ne sont pas all\u00e9s \u00e0 tous. Je vous remercie pour le don de la peinture et je suis heureux chaque fois que je peux aider quelqu&#039;un \u00e0 mieux faire face \u00e0 votre douleur. Il Me remplit de joie de voir comment mes \u0153uvres aider \u00e0 redonner espoir \u00e0 la vie de mes clients. \u00c0 mon avis, il est important de rejoindre un lieu d&#039;amour apr\u00e8s la mort. J&#039;esp\u00e8re que mon travail sera d&#039;aider chaque personne \u00e0 trouver de la place \u00e0 laquelle il appartient.<\/p>\n<\/div><\/div>\n\n\n\n<div class=\"wp-block-uagb-container uagb-block-5603e4ff alignfull uagb-is-root-container\"><div class=\"uagb-container-inner-blocks-wrap\"><\/div><\/div>\n\n\n\n<div class=\"wp-block-uagb-container uagb-block-a9868c7a alignfull uagb-is-root-container\"><div class=\"uagb-container-inner-blocks-wrap\"><\/div><\/div>\n\n\n\n<div class=\"wp-block-uagb-container uagb-block-e18ac5aa alignfull uagb-is-root-container\"><div class=\"uagb-container-inner-blocks-wrap\">\n<figure class=\"wp-block-gallery has-nested-images columns-default is-cropped wp-block-gallery-1 is-layout-flex wp-block-gallery-is-layout-flex\">\n<figure class=\"wp-block-image size-large\"><img decoding=\"async\" width=\"723\" height=\"1024\" data-id=\"6524\" src=\"https:\/\/nuevo-renacer.com\/wp-content\/uploads\/2024\/12\/462572911_1239053297364979_3299540902117508766_n-723x1024.jpg\" alt=\"\" class=\"wp-image-6524\" srcset=\"https:\/\/nuevo-renacer.com\/wp-content\/uploads\/2024\/12\/462572911_1239053297364979_3299540902117508766_n-723x1024.jpg 723w, https:\/\/nuevo-renacer.com\/wp-content\/uploads\/2024\/12\/462572911_1239053297364979_3299540902117508766_n-212x300.jpg 212w, https:\/\/nuevo-renacer.com\/wp-content\/uploads\/2024\/12\/462572911_1239053297364979_3299540902117508766_n-768x1087.jpg 768w, https:\/\/nuevo-renacer.com\/wp-content\/uploads\/2024\/12\/462572911_1239053297364979_3299540902117508766_n-1085x1536.jpg 1085w, https:\/\/nuevo-renacer.com\/wp-content\/uploads\/2024\/12\/462572911_1239053297364979_3299540902117508766_n-8x12.jpg 8w, https:\/\/nuevo-renacer.com\/wp-content\/uploads\/2024\/12\/462572911_1239053297364979_3299540902117508766_n.jpg 1130w\" sizes=\"(max-width: 723px) 100vw, 723px\" \/><\/figure>\n\n\n\n<figure class=\"wp-block-image size-large\"><img decoding=\"async\" width=\"749\" height=\"1024\" data-id=\"6527\" src=\"https:\/\/nuevo-renacer.com\/wp-content\/uploads\/2024\/12\/462638775_1102266531550913_2013481790965567135_n-749x1024.jpg\" alt=\"\" class=\"wp-image-6527\" srcset=\"https:\/\/nuevo-renacer.com\/wp-content\/uploads\/2024\/12\/462638775_1102266531550913_2013481790965567135_n-749x1024.jpg 749w, https:\/\/nuevo-renacer.com\/wp-content\/uploads\/2024\/12\/462638775_1102266531550913_2013481790965567135_n-219x300.jpg 219w, https:\/\/nuevo-renacer.com\/wp-content\/uploads\/2024\/12\/462638775_1102266531550913_2013481790965567135_n-768x1051.jpg 768w, https:\/\/nuevo-renacer.com\/wp-content\/uploads\/2024\/12\/462638775_1102266531550913_2013481790965567135_n-1123x1536.jpg 1123w, https:\/\/nuevo-renacer.com\/wp-content\/uploads\/2024\/12\/462638775_1102266531550913_2013481790965567135_n-9x12.jpg 9w, https:\/\/nuevo-renacer.com\/wp-content\/uploads\/2024\/12\/462638775_1102266531550913_2013481790965567135_n.jpg 1220w\" sizes=\"(max-width: 749px) 100vw, 749px\" \/><\/figure>\n\n\n\n<figure class=\"wp-block-image size-large\"><img loading=\"lazy\" decoding=\"async\" width=\"760\" height=\"1024\" data-id=\"6526\" src=\"https:\/\/nuevo-renacer.com\/wp-content\/uploads\/2024\/12\/467324649_1126586245523870_3339854446287958657_n-760x1024.jpg\" alt=\"\" class=\"wp-image-6526\" srcset=\"https:\/\/nuevo-renacer.com\/wp-content\/uploads\/2024\/12\/467324649_1126586245523870_3339854446287958657_n-760x1024.jpg 760w, https:\/\/nuevo-renacer.com\/wp-content\/uploads\/2024\/12\/467324649_1126586245523870_3339854446287958657_n-223x300.jpg 223w, https:\/\/nuevo-renacer.com\/wp-content\/uploads\/2024\/12\/467324649_1126586245523870_3339854446287958657_n-768x1034.jpg 768w, https:\/\/nuevo-renacer.com\/wp-content\/uploads\/2024\/12\/467324649_1126586245523870_3339854446287958657_n-1141x1536.jpg 1141w, https:\/\/nuevo-renacer.com\/wp-content\/uploads\/2024\/12\/467324649_1126586245523870_3339854446287958657_n-9x12.jpg 9w, https:\/\/nuevo-renacer.com\/wp-content\/uploads\/2024\/12\/467324649_1126586245523870_3339854446287958657_n.jpg 1194w\" sizes=\"(max-width: 760px) 100vw, 760px\" \/><\/figure>\n\n\n\n<figure class=\"wp-block-image size-large\"><img loading=\"lazy\" decoding=\"async\" width=\"808\" height=\"1024\" data-id=\"6528\" src=\"https:\/\/nuevo-renacer.com\/wp-content\/uploads\/2024\/12\/462581844_887018966564980_2016142337885539496_n-808x1024.jpg\" alt=\"\" class=\"wp-image-6528\" srcset=\"https:\/\/nuevo-renacer.com\/wp-content\/uploads\/2024\/12\/462581844_887018966564980_2016142337885539496_n-808x1024.jpg 808w, https:\/\/nuevo-renacer.com\/wp-content\/uploads\/2024\/12\/462581844_887018966564980_2016142337885539496_n-237x300.jpg 237w, https:\/\/nuevo-renacer.com\/wp-content\/uploads\/2024\/12\/462581844_887018966564980_2016142337885539496_n-768x973.jpg 768w, https:\/\/nuevo-renacer.com\/wp-content\/uploads\/2024\/12\/462581844_887018966564980_2016142337885539496_n-1212x1536.jpg 1212w, https:\/\/nuevo-renacer.com\/wp-content\/uploads\/2024\/12\/462581844_887018966564980_2016142337885539496_n-9x12.jpg 9w, https:\/\/nuevo-renacer.com\/wp-content\/uploads\/2024\/12\/462581844_887018966564980_2016142337885539496_n.jpg 1515w\" sizes=\"(max-width: 808px) 100vw, 808px\" \/><\/figure>\n<\/figure>\n<\/div><\/div>\n\n\n\n<div class=\"wp-block-uagb-container uagb-block-5ac279a8 alignfull uagb-is-root-container\"><div class=\"uagb-container-inner-blocks-wrap\"><\/div><\/div>\n\n\n\n<div class=\"wp-block-uagb-container uagb-block-69bbf23e alignfull uagb-is-root-container\"><div class=\"uagb-container-inner-blocks-wrap\"><\/div><\/div>","protected":false},"excerpt":{"rendered":"<p>Regina Pa\u00eds natal: AlemaniaFecha de nacimiento: 17.01.1967Mediumnidad: Pintores y dibujantes Mi nombre espiritual es Sharon Soma, mi nombre terrenal es Regina. Los esp\u00edritus han venido a m\u00ed desde que era ni\u00f1a, nunca les tuve miedo, era normal para m\u00ed. Mis padres siempre dec\u00edan que yo era diferente, pues bien, yo no me sent\u00eda as\u00ed. Crec\u00ed [&hellip;]<\/p>","protected":false},"author":1,"featured_media":0,"parent":0,"menu_order":0,"comment_status":"closed","ping_status":"closed","template":"","meta":{"_uag_custom_page_level_css":"","site-sidebar-layout":"default","site-content-layout":"","ast-site-content-layout":"default","site-content-style":"default","site-sidebar-style":"default","ast-global-header-display":"","ast-banner-title-visibility":"","ast-main-header-display":"","ast-hfb-above-header-display":"","ast-hfb-below-header-display":"","ast-hfb-mobile-header-display":"","site-post-title":"disabled","ast-breadcrumbs-content":"","ast-featured-img":"","footer-sml-layout":"","theme-transparent-header-meta":"","adv-header-id-meta":"","stick-header-meta":"","header-above-stick-meta":"","header-main-stick-meta":"","header-below-stick-meta":"","astra-migrate-meta-layouts":"set","ast-page-background-enabled":"default","ast-page-background-meta":{"desktop":{"background-color":"var(--ast-global-color-4)","background-image":"","background-repeat":"repeat","background-position":"center center","background-size":"auto","background-attachment":"scroll","background-type":"","background-media":"","overlay-type":"","overlay-color":"","overlay-opacity":"","overlay-gradient":""},"tablet":{"background-color":"","background-image":"","background-repeat":"repeat","background-position":"center center","background-size":"auto","background-attachment":"scroll","background-type":"","background-media":"","overlay-type":"","overlay-color":"","overlay-opacity":"","overlay-gradient":""},"mobile":{"background-color":"","background-image":"","background-repeat":"repeat","background-position":"center center","background-size":"auto","background-attachment":"scroll","background-type":"","background-media":"","overlay-type":"","overlay-color":"","overlay-opacity":"","overlay-gradient":""}},"ast-content-background-meta":{"desktop":{"background-color":"var(--ast-global-color-5)","background-image":"","background-repeat":"repeat","background-position":"center center","background-size":"auto","background-attachment":"scroll","background-type":"","background-media":"","overlay-type":"","overlay-color":"","overlay-opacity":"","overlay-gradient":""},"tablet":{"background-color":"var(--ast-global-color-5)","background-image":"","background-repeat":"repeat","background-position":"center center","background-size":"auto","background-attachment":"scroll","background-type":"","background-media":"","overlay-type":"","overlay-color":"","overlay-opacity":"","overlay-gradient":""},"mobile":{"background-color":"var(--ast-global-color-5)","background-image":"","background-repeat":"repeat","background-position":"center center","background-size":"auto","background-attachment":"scroll","background-type":"","background-media":"","overlay-type":"","overlay-color":"","overlay-opacity":"","overlay-gradient":""}},"footnotes":""},"class_list":["post-6513","page","type-page","status-publish","hentry"],"yoast_head":"<!-- This site is optimized with the Yoast SEO Premium plugin v24.2 (Yoast SEO v24.6) - https:\/\/yoast.com\/wordpress\/plugins\/seo\/ -->\n<title>Regina - Uni\u00f3n Esp\u00edrita<\/title>\n<meta name=\"robots\" content=\"index, follow, max-snippet:-1, max-image-preview:large, max-video-preview:-1\" \/>\n<link rel=\"canonical\" href=\"https:\/\/nuevo-renacer.com\/fr\/regina\/\" \/>\n<meta property=\"og:locale\" content=\"fr_FR\" \/>\n<meta property=\"og:type\" content=\"article\" \/>\n<meta property=\"og:title\" content=\"Regina\" \/>\n<meta property=\"og:description\" content=\"Regina Pa\u00eds natal: AlemaniaFecha de nacimiento: 17.01.1967Mediumnidad: Pintores y dibujantes Mi nombre espiritual es Sharon Soma, mi nombre terrenal es Regina. Los esp\u00edritus han venido a m\u00ed desde que era ni\u00f1a, nunca les tuve miedo, era normal para m\u00ed. Mis padres siempre dec\u00edan que yo era diferente, pues bien, yo no me sent\u00eda as\u00ed. Crec\u00ed [&hellip;]\" \/>\n<meta property=\"og:url\" content=\"https:\/\/nuevo-renacer.com\/fr\/regina\/\" \/>\n<meta property=\"og:site_name\" content=\"Uni\u00f3n Esp\u00edrita\" \/>\n<meta property=\"article:publisher\" content=\"https:\/\/www.facebook.com\/groups\/3431398063740829\" \/>\n<meta property=\"article:modified_time\" content=\"2025-01-17T11:24:10+00:00\" \/>\n<meta property=\"og:image\" content=\"https:\/\/nuevo-renacer.com\/wp-content\/uploads\/2024\/12\/e75f40aa-59ad-4875-9cd9-2e0fdcbd2dbe.jpg\" \/>\n\t<meta property=\"og:image:width\" content=\"1241\" \/>\n\t<meta property=\"og:image:height\" content=\"1007\" \/>\n\t<meta property=\"og:image:type\" content=\"image\/jpeg\" \/>\n<meta name=\"twitter:card\" content=\"summary_large_image\" \/>\n<meta name=\"twitter:label1\" content=\"Dur\u00e9e de lecture estim\u00e9e\" \/>\n\t<meta name=\"twitter:data1\" content=\"5 minutes\" \/>\n<script type=\"application\/ld+json\" class=\"yoast-schema-graph\">{\"@context\":\"https:\/\/schema.org\",\"@graph\":[{\"@type\":\"WebPage\",\"@id\":\"https:\/\/nuevo-renacer.com\/regina\/\",\"url\":\"https:\/\/nuevo-renacer.com\/regina\/\",\"name\":\"Regina - Uni\u00f3n Esp\u00edrita\",\"isPartOf\":{\"@id\":\"https:\/\/nuevo-renacer.com\/#website\"},\"primaryImageOfPage\":{\"@id\":\"https:\/\/nuevo-renacer.com\/regina\/#primaryimage\"},\"image\":{\"@id\":\"https:\/\/nuevo-renacer.com\/regina\/#primaryimage\"},\"thumbnailUrl\":\"https:\/\/nuevo-renacer.com\/wp-content\/uploads\/2024\/12\/e75f40aa-59ad-4875-9cd9-2e0fdcbd2dbe-1024x831.jpg\",\"datePublished\":\"2024-12-11T16:39:06+00:00\",\"dateModified\":\"2025-01-17T11:24:10+00:00\",\"breadcrumb\":{\"@id\":\"https:\/\/nuevo-renacer.com\/regina\/#breadcrumb\"},\"inLanguage\":\"fr-FR\",\"potentialAction\":[{\"@type\":\"ReadAction\",\"target\":[\"https:\/\/nuevo-renacer.com\/regina\/\"]}]},{\"@type\":\"ImageObject\",\"inLanguage\":\"fr-FR\",\"@id\":\"https:\/\/nuevo-renacer.com\/regina\/#primaryimage\",\"url\":\"https:\/\/nuevo-renacer.com\/wp-content\/uploads\/2024\/12\/e75f40aa-59ad-4875-9cd9-2e0fdcbd2dbe-1024x831.jpg\",\"contentUrl\":\"https:\/\/nuevo-renacer.com\/wp-content\/uploads\/2024\/12\/e75f40aa-59ad-4875-9cd9-2e0fdcbd2dbe-1024x831.jpg\"},{\"@type\":\"BreadcrumbList\",\"@id\":\"https:\/\/nuevo-renacer.com\/regina\/#breadcrumb\",\"itemListElement\":[{\"@type\":\"ListItem\",\"position\":1,\"name\":\"Startseite\",\"item\":\"https:\/\/nuevo-renacer.com\/\"},{\"@type\":\"ListItem\",\"position\":2,\"name\":\"Regina\"}]},{\"@type\":\"WebSite\",\"@id\":\"https:\/\/nuevo-renacer.com\/#website\",\"url\":\"https:\/\/nuevo-renacer.com\/\",\"name\":\"Uni\u00f3n Esp\u00edrita\",\"description\":\"Nuevo Renacer\",\"publisher\":{\"@id\":\"https:\/\/nuevo-renacer.com\/#organization\"},\"potentialAction\":[{\"@type\":\"SearchAction\",\"target\":{\"@type\":\"EntryPoint\",\"urlTemplate\":\"https:\/\/nuevo-renacer.com\/?s={search_term_string}\"},\"query-input\":{\"@type\":\"PropertyValueSpecification\",\"valueRequired\":true,\"valueName\":\"search_term_string\"}}],\"inLanguage\":\"fr-FR\"},{\"@type\":\"Organization\",\"@id\":\"https:\/\/nuevo-renacer.com\/#organization\",\"name\":\"UFEC\",\"url\":\"https:\/\/nuevo-renacer.com\/\",\"logo\":{\"@type\":\"ImageObject\",\"inLanguage\":\"fr-FR\",\"@id\":\"https:\/\/nuevo-renacer.com\/#\/schema\/logo\/image\/\",\"url\":\"https:\/\/nuevo-renacer.com\/wp-content\/uploads\/2024\/05\/cropped-LOGO-TERMINADO1-3-3.png\",\"contentUrl\":\"https:\/\/nuevo-renacer.com\/wp-content\/uploads\/2024\/05\/cropped-LOGO-TERMINADO1-3-3.png\",\"width\":512,\"height\":512,\"caption\":\"UFEC\"},\"image\":{\"@id\":\"https:\/\/nuevo-renacer.com\/#\/schema\/logo\/image\/\"},\"sameAs\":[\"https:\/\/www.facebook.com\/groups\/3431398063740829\"]}]}<\/script>\n<!-- \/ Yoast SEO Premium plugin. -->","yoast_head_json":{"title":"Regina - Uni\u00f3n Esp\u00edrita","robots":{"index":"index","follow":"follow","max-snippet":"max-snippet:-1","max-image-preview":"max-image-preview:large","max-video-preview":"max-video-preview:-1"},"canonical":"https:\/\/nuevo-renacer.com\/fr\/regina\/","og_locale":"fr_FR","og_type":"article","og_title":"Regina","og_description":"Regina Pa\u00eds natal: AlemaniaFecha de nacimiento: 17.01.1967Mediumnidad: Pintores y dibujantes Mi nombre espiritual es Sharon Soma, mi nombre terrenal es Regina. Los esp\u00edritus han venido a m\u00ed desde que era ni\u00f1a, nunca les tuve miedo, era normal para m\u00ed. Mis padres siempre dec\u00edan que yo era diferente, pues bien, yo no me sent\u00eda as\u00ed. Crec\u00ed [&hellip;]","og_url":"https:\/\/nuevo-renacer.com\/fr\/regina\/","og_site_name":"Uni\u00f3n Esp\u00edrita","article_publisher":"https:\/\/www.facebook.com\/groups\/3431398063740829","article_modified_time":"2025-01-17T11:24:10+00:00","og_image":[{"width":1241,"height":1007,"url":"https:\/\/nuevo-renacer.com\/wp-content\/uploads\/2024\/12\/e75f40aa-59ad-4875-9cd9-2e0fdcbd2dbe.jpg","type":"image\/jpeg"}],"twitter_card":"summary_large_image","twitter_misc":{"Dur\u00e9e de lecture estim\u00e9e":"5 minutes"},"schema":{"@context":"https:\/\/schema.org","@graph":[{"@type":"WebPage","@id":"https:\/\/nuevo-renacer.com\/regina\/","url":"https:\/\/nuevo-renacer.com\/regina\/","name":"Regina - Uni\u00f3n Esp\u00edrita","isPartOf":{"@id":"https:\/\/nuevo-renacer.com\/#website"},"primaryImageOfPage":{"@id":"https:\/\/nuevo-renacer.com\/regina\/#primaryimage"},"image":{"@id":"https:\/\/nuevo-renacer.com\/regina\/#primaryimage"},"thumbnailUrl":"https:\/\/nuevo-renacer.com\/wp-content\/uploads\/2024\/12\/e75f40aa-59ad-4875-9cd9-2e0fdcbd2dbe-1024x831.jpg","datePublished":"2024-12-11T16:39:06+00:00","dateModified":"2025-01-17T11:24:10+00:00","breadcrumb":{"@id":"https:\/\/nuevo-renacer.com\/regina\/#breadcrumb"},"inLanguage":"fr-FR","potentialAction":[{"@type":"ReadAction","target":["https:\/\/nuevo-renacer.com\/regina\/"]}]},{"@type":"ImageObject","inLanguage":"fr-FR","@id":"https:\/\/nuevo-renacer.com\/regina\/#primaryimage","url":"https:\/\/nuevo-renacer.com\/wp-content\/uploads\/2024\/12\/e75f40aa-59ad-4875-9cd9-2e0fdcbd2dbe-1024x831.jpg","contentUrl":"https:\/\/nuevo-renacer.com\/wp-content\/uploads\/2024\/12\/e75f40aa-59ad-4875-9cd9-2e0fdcbd2dbe-1024x831.jpg"},{"@type":"BreadcrumbList","@id":"https:\/\/nuevo-renacer.com\/regina\/#breadcrumb","itemListElement":[{"@type":"ListItem","position":1,"name":"Startseite","item":"https:\/\/nuevo-renacer.com\/"},{"@type":"ListItem","position":2,"name":"Regina"}]},{"@type":"WebSite","@id":"https:\/\/nuevo-renacer.com\/#website","url":"https:\/\/nuevo-renacer.com\/","name":"Uni\u00f3n Esp\u00edrita","description":"Nuevo Renacer","publisher":{"@id":"https:\/\/nuevo-renacer.com\/#organization"},"potentialAction":[{"@type":"SearchAction","target":{"@type":"EntryPoint","urlTemplate":"https:\/\/nuevo-renacer.com\/?s={search_term_string}"},"query-input":{"@type":"PropertyValueSpecification","valueRequired":true,"valueName":"search_term_string"}}],"inLanguage":"fr-FR"},{"@type":"Organization","@id":"https:\/\/nuevo-renacer.com\/#organization","name":"UFEC","url":"https:\/\/nuevo-renacer.com\/","logo":{"@type":"ImageObject","inLanguage":"fr-FR","@id":"https:\/\/nuevo-renacer.com\/#\/schema\/logo\/image\/","url":"https:\/\/nuevo-renacer.com\/wp-content\/uploads\/2024\/05\/cropped-LOGO-TERMINADO1-3-3.png","contentUrl":"https:\/\/nuevo-renacer.com\/wp-content\/uploads\/2024\/05\/cropped-LOGO-TERMINADO1-3-3.png","width":512,"height":512,"caption":"UFEC"},"image":{"@id":"https:\/\/nuevo-renacer.com\/#\/schema\/logo\/image\/"},"sameAs":["https:\/\/www.facebook.com\/groups\/3431398063740829"]}]}},"uagb_featured_image_src":{"full":false,"thumbnail":false,"medium":false,"medium_large":false,"large":false,"1536x1536":false,"2048x2048":false,"trp-custom-language-flag":false},"uagb_author_info":{"display_name":"adbv0","author_link":"https:\/\/nuevo-renacer.com\/fr\/author\/adbv0\/"},"uagb_comment_info":0,"uagb_excerpt":"Regina Pa\u00eds natal: AlemaniaFecha de nacimiento: 17.01.1967Mediumnidad: Pintores y dibujantes Mi nombre espiritual es Sharon Soma, mi nombre terrenal es Regina. Los esp\u00edritus han venido a m\u00ed desde que era ni\u00f1a, nunca les tuve miedo, era normal para m\u00ed. Mis padres siempre dec\u00edan que yo era diferente, pues bien, yo no me sent\u00eda as\u00ed. Crec\u00ed\u2026","jetpack_sharing_enabled":true,"_links":{"self":[{"href":"https:\/\/nuevo-renacer.com\/fr\/wp-json\/wp\/v2\/pages\/6513","targetHints":{"allow":["GET"]}}],"collection":[{"href":"https:\/\/nuevo-renacer.com\/fr\/wp-json\/wp\/v2\/pages"}],"about":[{"href":"https:\/\/nuevo-renacer.com\/fr\/wp-json\/wp\/v2\/types\/page"}],"author":[{"embeddable":true,"href":"https:\/\/nuevo-renacer.com\/fr\/wp-json\/wp\/v2\/users\/1"}],"replies":[{"embeddable":true,"href":"https:\/\/nuevo-renacer.com\/fr\/wp-json\/wp\/v2\/comments?post=6513"}],"version-history":[{"count":6,"href":"https:\/\/nuevo-renacer.com\/fr\/wp-json\/wp\/v2\/pages\/6513\/revisions"}],"predecessor-version":[{"id":6831,"href":"https:\/\/nuevo-renacer.com\/fr\/wp-json\/wp\/v2\/pages\/6513\/revisions\/6831"}],"wp:attachment":[{"href":"https:\/\/nuevo-renacer.com\/fr\/wp-json\/wp\/v2\/media?parent=6513"}],"curies":[{"name":"wp","href":"https:\/\/api.w.org\/{rel}","templated":true}]}}