{"id":6465,"date":"2024-12-06T13:29:08","date_gmt":"2024-12-06T13:29:08","guid":{"rendered":"https:\/\/nuevo-renacer.com\/?page_id=6465"},"modified":"2024-12-06T13:29:32","modified_gmt":"2024-12-06T13:29:32","slug":"leopoldo-machado","status":"publish","type":"page","link":"https:\/\/nuevo-renacer.com\/fr\/leopoldo-machado\/","title":{"rendered":"Leopoldo Machado"},"content":{"rendered":"<div class=\"wp-block-uagb-container uagb-block-fe7e2df6 alignfull uagb-is-root-container\"><div class=\"uagb-container-inner-blocks-wrap\">\n<p class=\"has-black-color has-text-color has-link-color has-medium-font-size wp-elements-59c7640d4ff49fb3a439b312cb851fc8\"><strong>Leopoldo Machado<\/strong><\/p>\n<\/div><\/div>\n\n\n\n<div class=\"wp-block-uagb-container uagb-block-e05a636e alignfull uagb-is-root-container\"><div class=\"uagb-container-inner-blocks-wrap\">\n<figure class=\"wp-block-image size-full is-resized\"><img fetchpriority=\"high\" decoding=\"async\" width=\"480\" height=\"634\" src=\"https:\/\/nuevo-renacer.com\/wp-content\/uploads\/2024\/12\/leopoldo_machado.jpg\" alt=\"\" class=\"wp-image-6466\" style=\"width:229px;height:auto\" srcset=\"https:\/\/nuevo-renacer.com\/wp-content\/uploads\/2024\/12\/leopoldo_machado.jpg 480w, https:\/\/nuevo-renacer.com\/wp-content\/uploads\/2024\/12\/leopoldo_machado-227x300.jpg 227w, https:\/\/nuevo-renacer.com\/wp-content\/uploads\/2024\/12\/leopoldo_machado-9x12.jpg 9w\" sizes=\"(max-width: 480px) 100vw, 480px\" \/><\/figure>\n<\/div><\/div>\n\n\n\n<div class=\"wp-block-uagb-container uagb-block-a07041a6 alignfull uagb-is-root-container\"><div class=\"uagb-container-inner-blocks-wrap\">\n<p class=\"has-black-color has-text-color has-link-color has-small-font-size wp-elements-2606f6e04a87e0f05dd23db6714a6af1\">Leopoldo Machado Barbosa de Souza est n\u00e9 le 30 septembre 1891, \u00e0 Arraial Souche Forte (aujourd&#039;hui Janda\u00edra), dans l&#039;\u00e9tat de Bahia, au Br\u00e9sil. Fils de Eul\u00e9lio Barbosa de Souza et Ana Isabel Barbosa Machado, il \u00e9tait un journaliste, enseignant, \u00e9crivain, po\u00e8te, compositeur et ma\u00eetre de conf\u00e9rences, la publication du Spiritisme et de gagner m\u00eame le respect des adversaires de la Doctrine.<\/p>\n\n\n\n<p class=\"has-black-color has-text-color has-link-color has-small-font-size wp-elements-c8418a36931797fb9d8ce1132b6a9f16\">L\u00e9opold connaissait la Doctrine des Esprits en 1915, par l&#039;interm\u00e9diaire de Joseph Petitinga. En 1927, il a \u00e9pous\u00e9 Mar\u00edlia Ferraz de Almeida et, deux ans plus tard, il a d\u00e9m\u00e9nag\u00e9 \u00e0 Nova Igua\u00e7u. L\u00e0, il rejoint l&#039;\u00e9quipe des collaborateurs du Centre Spirite Foi, de l&#039;Esp\u00e9rance et de la Charit\u00e9, de participer activement \u00e0 la construction de l&#039;Auberge de la Nuit Allan Kardec et de la Maison de J\u00e9sus.<\/p>\n\n\n\n<p class=\"has-black-color has-text-color has-link-color has-small-font-size wp-elements-87103db9a0e26308fb64d544b531dd45\">Avec son \u00e9pouse, en 1930, a \u00e9t\u00e9 \u00e9tabli comme un \u00e9ducateur dans la ville, l&#039;inauguration de l&#039;\u00c9cole L\u00e9opold \u2013 aujourd&#039;hui, l&#039;enseignement traditionnel de l&#039;\u00e9tablissement avec la collaboration de sa jeune s\u0153ur, Leopoldina Barros (la femme du professeur Newton Gon\u00e7alves de Barros), et l&#039;Amiral Paim Pampelune, l&#039;ancien Pr\u00e9sident de la F\u00e9d\u00e9ration Spirite Br\u00e9silienne.<\/p>\n\n\n\n<p class=\"has-black-color has-text-color has-link-color has-small-font-size wp-elements-9f915f6babbf202c128866fc4ae94057\">L\u00e9opold a pris part \u00e0 l&#039;organisation de divers \u00e9v\u00e9nements, tels que: le Premier Congr\u00e8s Br\u00e9silien des Journalistes et des \u00c9crivains, Esp\u00edritas, en 1939, sous la coordination de Deolindo Amorim; le Premier Congr\u00e8s de la Jeunesse Spirite du Br\u00e9sil, du 17 au 23 juillet 1948; elle a con\u00e7u le Congr\u00e8s Br\u00e9silien de l&#039;Unit\u00e9, de la tenue dans la capitale de s\u00e3o paulo, du 31 octobre au 5 novembre 1948. L&#039;ann\u00e9e suivante, il a \u00e9t\u00e9 convoqu\u00e9 pour le deuxi\u00e8me Congr\u00e8s panam\u00e9ricain, tenue \u00e0 Rio de Janeiro, et aussi l&#039;Alliance de l&#039;Or.<\/p>\n\n\n\n<p class=\"has-black-color has-text-color has-link-color has-small-font-size wp-elements-14999f7d56c140bcb83f93bcbd28a717\">Les \u00e9crivains Antonio de Souza Lucena et Paulo Alves Godoy \u00e9crire sur ce moment important dans son livre &#034;Personagens ne Espiritismo&#034;: &#034;la Compr\u00e9hension de l&#039;importance de ces rencontres pour la grandeur de la Doctrine Spirite dans l&#039;avenir, dans la mesure de leurs possibilit\u00e9s, il a toujours \u00e9t\u00e9 l\u00e0 pour nous aider, en quelque sorte. Les m\u00eames esprits qui a inspir\u00e9 le Pacte de l&#039;Or a \u00e9t\u00e9 inspir\u00e9 par la &#034;Caravane de la Fraternit\u00e9&#034;, qui a \u00e9t\u00e9 suivi par Leopoldo Machado, Lins de Vasconcelos, Carlos Jord\u00e3o da Silva, Fran\u00e7ois Spinelli, Ary Casadio et Luis Burgos Filho, dont la Caravane a \u00e9t\u00e9 le couronnement de l&#039;Alliance de l&#039;Or, de l&#039;incitation unificateur dans la formation du Conseil, F\u00e9d\u00e9ral, National, sous l&#039;\u00e9gide de la F\u00e9d\u00e9ration Spirite Br\u00e9silienne. Le retour de la &#034;Caravane de la Fraternit\u00e9&#034; a \u00e9t\u00e9 un succ\u00e8s, avec les \u00e9tats du nord et du nord-est du pays, ajoutant \u00e0 l&#039;unification du Spiritisme dans le pays. L\u00e9opold a \u00e9galement organis\u00e9 le Premier Festival National du Livre, Spirite, en hommage \u00e0 la &#034;le 18 avril&#034;, date de magna de la publication du Livre des Esprits, dont la c\u00e9l\u00e9bration, il est devenu coutumier, au Br\u00e9sil, dans le cadre de la c\u00e9l\u00e9bration de la &#034;Journ\u00e9e du Livre&#034;. Cr\u00e9\u00e9 le Conseil Consultatif de la Jeunesse Spirite, au si\u00e8ge de l&#039;ancien de la Ligue Spirite du District F\u00e9d\u00e9ral&#034;.<\/p>\n\n\n\n<p class=\"has-black-color has-text-color has-link-color has-small-font-size wp-elements-4c89a146f1912e966506b5f100a96475\">Leopoldo Machado est mort \u00e0 Nova Igua\u00e7u (le 22 ao\u00fbt 1957, laissant un h\u00e9ritage pour le mouvement spirite, il et aussi pour la culture.<\/p>\n\n\n\n<p class=\"has-black-color has-text-color has-link-color has-small-font-size wp-elements-f8a950fff78fdebb26d42c55576a001a\">Les nouvelles g\u00e9n\u00e9rations ont re\u00e7u vos g\u00e9n\u00e9reuses contributions, il a encourag\u00e9 la cr\u00e9ation de la Jeunesse Spirite et les \u00c9coles Esp\u00edritas de l&#039;\u00c9vang\u00e9lisation des Enfants, en plus de promouvoir l&#039;organisation d&#039;\u00e9v\u00e9nements esp\u00edritas \u00e0 travers le pays. Voyage \u00e0 travers le Br\u00e9sil, exalt\u00e9 l&#039;\u00c9vangile de J\u00e9sus et la Doctrine des Esprits, comme le retour du Christianisme redivivo, dans son sens le plus pur, tel qu&#039;il a \u00e9t\u00e9 pr\u00each\u00e9 dans la Maison de la route.<\/p>\n<\/div><\/div>\n\n\n\n<div class=\"wp-block-uagb-container uagb-block-d2b1a581 alignfull uagb-is-root-container\"><div class=\"uagb-container-inner-blocks-wrap\"><\/div><\/div>\n\n\n\n<div class=\"wp-block-uagb-container uagb-block-a165728f alignfull uagb-is-root-container\"><div class=\"uagb-container-inner-blocks-wrap\"><\/div><\/div>\n\n\n\n<p><\/p>","protected":false},"excerpt":{"rendered":"<p>Leopoldo Machado Leopoldo Machado de Souza Barbosa naci\u00f3 el 30 de septiembre de 1891 en Arraial de Cepa Forte (hoy Janda\u00edra), en el estado de Bah\u00eda, Brasil. Hijo de Eul\u00e9lio de Souza Barbosa y de Ana Isabel Machado Barbosa, fue periodista, profesor, escritor, poeta, compositor y conferenciante, divulgando el Espiritismo y gan\u00e1ndose incluso el respeto [&hellip;]<\/p>","protected":false},"author":1,"featured_media":0,"parent":0,"menu_order":0,"comment_status":"closed","ping_status":"closed","template":"","meta":{"_uag_custom_page_level_css":"","site-sidebar-layout":"default","site-content-layout":"","ast-site-content-layout":"default","site-content-style":"default","site-sidebar-style":"default","ast-global-header-display":"","ast-banner-title-visibility":"","ast-main-header-display":"","ast-hfb-above-header-display":"","ast-hfb-below-header-display":"","ast-hfb-mobile-header-display":"","site-post-title":"disabled","ast-breadcrumbs-content":"","ast-featured-img":"","footer-sml-layout":"","theme-transparent-header-meta":"","adv-header-id-meta":"","stick-header-meta":"","header-above-stick-meta":"","header-main-stick-meta":"","header-below-stick-meta":"","astra-migrate-meta-layouts":"set","ast-page-background-enabled":"default","ast-page-background-meta":{"desktop":{"background-color":"var(--ast-global-color-4)","background-image":"","background-repeat":"repeat","background-position":"center center","background-size":"auto","background-attachment":"scroll","background-type":"","background-media":"","overlay-type":"","overlay-color":"","overlay-opacity":"","overlay-gradient":""},"tablet":{"background-color":"","background-image":"","background-repeat":"repeat","background-position":"center center","background-size":"auto","background-attachment":"scroll","background-type":"","background-media":"","overlay-type":"","overlay-color":"","overlay-opacity":"","overlay-gradient":""},"mobile":{"background-color":"","background-image":"","background-repeat":"repeat","background-position":"center center","background-size":"auto","background-attachment":"scroll","background-type":"","background-media":"","overlay-type":"","overlay-color":"","overlay-opacity":"","overlay-gradient":""}},"ast-content-background-meta":{"desktop":{"background-color":"var(--ast-global-color-5)","background-image":"","background-repeat":"repeat","background-position":"center center","background-size":"auto","background-attachment":"scroll","background-type":"","background-media":"","overlay-type":"","overlay-color":"","overlay-opacity":"","overlay-gradient":""},"tablet":{"background-color":"var(--ast-global-color-5)","background-image":"","background-repeat":"repeat","background-position":"center center","background-size":"auto","background-attachment":"scroll","background-type":"","background-media":"","overlay-type":"","overlay-color":"","overlay-opacity":"","overlay-gradient":""},"mobile":{"background-color":"var(--ast-global-color-5)","background-image":"","background-repeat":"repeat","background-position":"center center","background-size":"auto","background-attachment":"scroll","background-type":"","background-media":"","overlay-type":"","overlay-color":"","overlay-opacity":"","overlay-gradient":""}},"footnotes":""},"class_list":["post-6465","page","type-page","status-publish","hentry"],"yoast_head":"<!-- This site is optimized with the Yoast SEO Premium plugin v24.2 (Yoast SEO v24.6) - https:\/\/yoast.com\/wordpress\/plugins\/seo\/ -->\n<title>Leopoldo Machado - Uni\u00f3n Esp\u00edrita<\/title>\n<meta name=\"robots\" content=\"index, follow, max-snippet:-1, max-image-preview:large, max-video-preview:-1\" \/>\n<link rel=\"canonical\" href=\"https:\/\/nuevo-renacer.com\/fr\/leopoldo-machado\/\" \/>\n<meta property=\"og:locale\" content=\"fr_FR\" \/>\n<meta property=\"og:type\" content=\"article\" \/>\n<meta property=\"og:title\" content=\"Leopoldo Machado\" \/>\n<meta property=\"og:description\" content=\"Leopoldo Machado Leopoldo Machado de Souza Barbosa naci\u00f3 el 30 de septiembre de 1891 en Arraial de Cepa Forte (hoy Janda\u00edra), en el estado de Bah\u00eda, Brasil. Hijo de Eul\u00e9lio de Souza Barbosa y de Ana Isabel Machado Barbosa, fue periodista, profesor, escritor, poeta, compositor y conferenciante, divulgando el Espiritismo y gan\u00e1ndose incluso el respeto [&hellip;]\" \/>\n<meta property=\"og:url\" content=\"https:\/\/nuevo-renacer.com\/fr\/leopoldo-machado\/\" \/>\n<meta property=\"og:site_name\" content=\"Uni\u00f3n Esp\u00edrita\" \/>\n<meta property=\"article:publisher\" content=\"https:\/\/www.facebook.com\/groups\/3431398063740829\" \/>\n<meta property=\"article:modified_time\" content=\"2024-12-06T13:29:32+00:00\" \/>\n<meta property=\"og:image\" content=\"https:\/\/nuevo-renacer.com\/wp-content\/uploads\/2024\/12\/leopoldo_machado.jpg\" \/>\n\t<meta property=\"og:image:width\" content=\"480\" \/>\n\t<meta property=\"og:image:height\" content=\"634\" \/>\n\t<meta property=\"og:image:type\" content=\"image\/jpeg\" \/>\n<meta name=\"twitter:card\" content=\"summary_large_image\" \/>\n<meta name=\"twitter:label1\" content=\"Dur\u00e9e de lecture estim\u00e9e\" \/>\n\t<meta name=\"twitter:data1\" content=\"3 minutes\" \/>\n<script type=\"application\/ld+json\" class=\"yoast-schema-graph\">{\"@context\":\"https:\/\/schema.org\",\"@graph\":[{\"@type\":\"WebPage\",\"@id\":\"https:\/\/nuevo-renacer.com\/leopoldo-machado\/\",\"url\":\"https:\/\/nuevo-renacer.com\/leopoldo-machado\/\",\"name\":\"Leopoldo Machado - Uni\u00f3n Esp\u00edrita\",\"isPartOf\":{\"@id\":\"https:\/\/nuevo-renacer.com\/#website\"},\"primaryImageOfPage\":{\"@id\":\"https:\/\/nuevo-renacer.com\/leopoldo-machado\/#primaryimage\"},\"image\":{\"@id\":\"https:\/\/nuevo-renacer.com\/leopoldo-machado\/#primaryimage\"},\"thumbnailUrl\":\"https:\/\/nuevo-renacer.com\/wp-content\/uploads\/2024\/12\/leopoldo_machado.jpg\",\"datePublished\":\"2024-12-06T13:29:08+00:00\",\"dateModified\":\"2024-12-06T13:29:32+00:00\",\"breadcrumb\":{\"@id\":\"https:\/\/nuevo-renacer.com\/leopoldo-machado\/#breadcrumb\"},\"inLanguage\":\"fr-FR\",\"potentialAction\":[{\"@type\":\"ReadAction\",\"target\":[\"https:\/\/nuevo-renacer.com\/leopoldo-machado\/\"]}]},{\"@type\":\"ImageObject\",\"inLanguage\":\"fr-FR\",\"@id\":\"https:\/\/nuevo-renacer.com\/leopoldo-machado\/#primaryimage\",\"url\":\"https:\/\/nuevo-renacer.com\/wp-content\/uploads\/2024\/12\/leopoldo_machado.jpg\",\"contentUrl\":\"https:\/\/nuevo-renacer.com\/wp-content\/uploads\/2024\/12\/leopoldo_machado.jpg\"},{\"@type\":\"BreadcrumbList\",\"@id\":\"https:\/\/nuevo-renacer.com\/leopoldo-machado\/#breadcrumb\",\"itemListElement\":[{\"@type\":\"ListItem\",\"position\":1,\"name\":\"Startseite\",\"item\":\"https:\/\/nuevo-renacer.com\/\"},{\"@type\":\"ListItem\",\"position\":2,\"name\":\"Leopoldo Machado\"}]},{\"@type\":\"WebSite\",\"@id\":\"https:\/\/nuevo-renacer.com\/#website\",\"url\":\"https:\/\/nuevo-renacer.com\/\",\"name\":\"Uni\u00f3n Esp\u00edrita\",\"description\":\"Nuevo Renacer\",\"publisher\":{\"@id\":\"https:\/\/nuevo-renacer.com\/#organization\"},\"potentialAction\":[{\"@type\":\"SearchAction\",\"target\":{\"@type\":\"EntryPoint\",\"urlTemplate\":\"https:\/\/nuevo-renacer.com\/?s={search_term_string}\"},\"query-input\":{\"@type\":\"PropertyValueSpecification\",\"valueRequired\":true,\"valueName\":\"search_term_string\"}}],\"inLanguage\":\"fr-FR\"},{\"@type\":\"Organization\",\"@id\":\"https:\/\/nuevo-renacer.com\/#organization\",\"name\":\"UFEC\",\"url\":\"https:\/\/nuevo-renacer.com\/\",\"logo\":{\"@type\":\"ImageObject\",\"inLanguage\":\"fr-FR\",\"@id\":\"https:\/\/nuevo-renacer.com\/#\/schema\/logo\/image\/\",\"url\":\"https:\/\/nuevo-renacer.com\/wp-content\/uploads\/2024\/05\/cropped-LOGO-TERMINADO1-3-3.png\",\"contentUrl\":\"https:\/\/nuevo-renacer.com\/wp-content\/uploads\/2024\/05\/cropped-LOGO-TERMINADO1-3-3.png\",\"width\":512,\"height\":512,\"caption\":\"UFEC\"},\"image\":{\"@id\":\"https:\/\/nuevo-renacer.com\/#\/schema\/logo\/image\/\"},\"sameAs\":[\"https:\/\/www.facebook.com\/groups\/3431398063740829\"]}]}<\/script>\n<!-- \/ Yoast SEO Premium plugin. -->","yoast_head_json":{"title":"Leopoldo Machado - Uni\u00f3n Esp\u00edrita","robots":{"index":"index","follow":"follow","max-snippet":"max-snippet:-1","max-image-preview":"max-image-preview:large","max-video-preview":"max-video-preview:-1"},"canonical":"https:\/\/nuevo-renacer.com\/fr\/leopoldo-machado\/","og_locale":"fr_FR","og_type":"article","og_title":"Leopoldo Machado","og_description":"Leopoldo Machado Leopoldo Machado de Souza Barbosa naci\u00f3 el 30 de septiembre de 1891 en Arraial de Cepa Forte (hoy Janda\u00edra), en el estado de Bah\u00eda, Brasil. Hijo de Eul\u00e9lio de Souza Barbosa y de Ana Isabel Machado Barbosa, fue periodista, profesor, escritor, poeta, compositor y conferenciante, divulgando el Espiritismo y gan\u00e1ndose incluso el respeto [&hellip;]","og_url":"https:\/\/nuevo-renacer.com\/fr\/leopoldo-machado\/","og_site_name":"Uni\u00f3n Esp\u00edrita","article_publisher":"https:\/\/www.facebook.com\/groups\/3431398063740829","article_modified_time":"2024-12-06T13:29:32+00:00","og_image":[{"width":480,"height":634,"url":"https:\/\/nuevo-renacer.com\/wp-content\/uploads\/2024\/12\/leopoldo_machado.jpg","type":"image\/jpeg"}],"twitter_card":"summary_large_image","twitter_misc":{"Dur\u00e9e de lecture estim\u00e9e":"3 minutes"},"schema":{"@context":"https:\/\/schema.org","@graph":[{"@type":"WebPage","@id":"https:\/\/nuevo-renacer.com\/leopoldo-machado\/","url":"https:\/\/nuevo-renacer.com\/leopoldo-machado\/","name":"Leopoldo Machado - Uni\u00f3n Esp\u00edrita","isPartOf":{"@id":"https:\/\/nuevo-renacer.com\/#website"},"primaryImageOfPage":{"@id":"https:\/\/nuevo-renacer.com\/leopoldo-machado\/#primaryimage"},"image":{"@id":"https:\/\/nuevo-renacer.com\/leopoldo-machado\/#primaryimage"},"thumbnailUrl":"https:\/\/nuevo-renacer.com\/wp-content\/uploads\/2024\/12\/leopoldo_machado.jpg","datePublished":"2024-12-06T13:29:08+00:00","dateModified":"2024-12-06T13:29:32+00:00","breadcrumb":{"@id":"https:\/\/nuevo-renacer.com\/leopoldo-machado\/#breadcrumb"},"inLanguage":"fr-FR","potentialAction":[{"@type":"ReadAction","target":["https:\/\/nuevo-renacer.com\/leopoldo-machado\/"]}]},{"@type":"ImageObject","inLanguage":"fr-FR","@id":"https:\/\/nuevo-renacer.com\/leopoldo-machado\/#primaryimage","url":"https:\/\/nuevo-renacer.com\/wp-content\/uploads\/2024\/12\/leopoldo_machado.jpg","contentUrl":"https:\/\/nuevo-renacer.com\/wp-content\/uploads\/2024\/12\/leopoldo_machado.jpg"},{"@type":"BreadcrumbList","@id":"https:\/\/nuevo-renacer.com\/leopoldo-machado\/#breadcrumb","itemListElement":[{"@type":"ListItem","position":1,"name":"Startseite","item":"https:\/\/nuevo-renacer.com\/"},{"@type":"ListItem","position":2,"name":"Leopoldo Machado"}]},{"@type":"WebSite","@id":"https:\/\/nuevo-renacer.com\/#website","url":"https:\/\/nuevo-renacer.com\/","name":"Uni\u00f3n Esp\u00edrita","description":"Nuevo Renacer","publisher":{"@id":"https:\/\/nuevo-renacer.com\/#organization"},"potentialAction":[{"@type":"SearchAction","target":{"@type":"EntryPoint","urlTemplate":"https:\/\/nuevo-renacer.com\/?s={search_term_string}"},"query-input":{"@type":"PropertyValueSpecification","valueRequired":true,"valueName":"search_term_string"}}],"inLanguage":"fr-FR"},{"@type":"Organization","@id":"https:\/\/nuevo-renacer.com\/#organization","name":"UFEC","url":"https:\/\/nuevo-renacer.com\/","logo":{"@type":"ImageObject","inLanguage":"fr-FR","@id":"https:\/\/nuevo-renacer.com\/#\/schema\/logo\/image\/","url":"https:\/\/nuevo-renacer.com\/wp-content\/uploads\/2024\/05\/cropped-LOGO-TERMINADO1-3-3.png","contentUrl":"https:\/\/nuevo-renacer.com\/wp-content\/uploads\/2024\/05\/cropped-LOGO-TERMINADO1-3-3.png","width":512,"height":512,"caption":"UFEC"},"image":{"@id":"https:\/\/nuevo-renacer.com\/#\/schema\/logo\/image\/"},"sameAs":["https:\/\/www.facebook.com\/groups\/3431398063740829"]}]}},"uagb_featured_image_src":{"full":false,"thumbnail":false,"medium":false,"medium_large":false,"large":false,"1536x1536":false,"2048x2048":false,"trp-custom-language-flag":false},"uagb_author_info":{"display_name":"adbv0","author_link":"https:\/\/nuevo-renacer.com\/fr\/author\/adbv0\/"},"uagb_comment_info":0,"uagb_excerpt":"Leopoldo Machado Leopoldo Machado de Souza Barbosa naci\u00f3 el 30 de septiembre de 1891 en Arraial de Cepa Forte (hoy Janda\u00edra), en el estado de Bah\u00eda, Brasil. Hijo de Eul\u00e9lio de Souza Barbosa y de Ana Isabel Machado Barbosa, fue periodista, profesor, escritor, poeta, compositor y conferenciante, divulgando el Espiritismo y gan\u00e1ndose incluso el respeto\u2026","jetpack_sharing_enabled":true,"_links":{"self":[{"href":"https:\/\/nuevo-renacer.com\/fr\/wp-json\/wp\/v2\/pages\/6465","targetHints":{"allow":["GET"]}}],"collection":[{"href":"https:\/\/nuevo-renacer.com\/fr\/wp-json\/wp\/v2\/pages"}],"about":[{"href":"https:\/\/nuevo-renacer.com\/fr\/wp-json\/wp\/v2\/types\/page"}],"author":[{"embeddable":true,"href":"https:\/\/nuevo-renacer.com\/fr\/wp-json\/wp\/v2\/users\/1"}],"replies":[{"embeddable":true,"href":"https:\/\/nuevo-renacer.com\/fr\/wp-json\/wp\/v2\/comments?post=6465"}],"version-history":[{"count":2,"href":"https:\/\/nuevo-renacer.com\/fr\/wp-json\/wp\/v2\/pages\/6465\/revisions"}],"predecessor-version":[{"id":6468,"href":"https:\/\/nuevo-renacer.com\/fr\/wp-json\/wp\/v2\/pages\/6465\/revisions\/6468"}],"wp:attachment":[{"href":"https:\/\/nuevo-renacer.com\/fr\/wp-json\/wp\/v2\/media?parent=6465"}],"curies":[{"name":"wp","href":"https:\/\/api.w.org\/{rel}","templated":true}]}}