{"id":6177,"date":"2024-11-19T13:55:59","date_gmt":"2024-11-19T13:55:59","guid":{"rendered":"https:\/\/nuevo-renacer.com\/?page_id=6177"},"modified":"2024-11-19T13:55:59","modified_gmt":"2024-11-19T13:55:59","slug":"antonio-goncalves-da-silva","status":"publish","type":"page","link":"https:\/\/nuevo-renacer.com\/fr\/antonio-goncalves-da-silva\/","title":{"rendered":"Ant\u00f4nio Gon\u00e7alves da Silva"},"content":{"rendered":"<div class=\"wp-block-uagb-container uagb-block-ab237eb2 alignfull uagb-is-root-container\"><div class=\"uagb-container-inner-blocks-wrap\">\n<p class=\"has-black-color has-text-color has-link-color has-medium-font-size wp-elements-fda032df3a5d90a304b034f6701bdea0\"><strong>Ant\u00f4nio Gon\u00e7alves da Silva<\/strong><\/p>\n<\/div><\/div>\n\n\n\n<div class=\"wp-block-uagb-container uagb-block-80395d1d alignfull uagb-is-root-container\"><div class=\"uagb-container-inner-blocks-wrap\">\n<figure class=\"wp-block-image size-full is-resized\"><img decoding=\"async\" width=\"192\" height=\"257\" src=\"https:\/\/nuevo-renacer.com\/wp-content\/uploads\/2024\/11\/unnamed.jpg\" alt=\"\" class=\"wp-image-6178\" style=\"width:227px;height:auto\" srcset=\"https:\/\/nuevo-renacer.com\/wp-content\/uploads\/2024\/11\/unnamed.jpg 192w, https:\/\/nuevo-renacer.com\/wp-content\/uploads\/2024\/11\/unnamed-9x12.jpg 9w\" sizes=\"(max-width: 192px) 100vw, 192px\" \/><\/figure>\n<\/div><\/div>\n\n\n\n<div class=\"wp-block-uagb-container uagb-block-441ca5af alignfull uagb-is-root-container\"><div class=\"uagb-container-inner-blocks-wrap\">\n<p class=\"has-black-color has-text-color has-link-color has-small-font-size wp-elements-262e5463d143b401c71cf87a1e565c65\">Ant\u00f4nio Gon\u00e7alves da Silva est n\u00e9 le 19 mars 1839, au Portugal, dans la paroisse de \u00c1guas Santas, appartient aujourd&#039;hui \u00e0 la ville de Maia. Fils de paysans, et avec seulement de l&#039;enseignement primaire, est venu au Br\u00e9sil \u00e0 l&#039;\u00e2ge de 11 ans, venant de la Ville le 3 janvier 1850. Pendant trois ans, il a travaill\u00e9 dans la boutique de la Cour. \u00c0 partir de l\u00e0, il est all\u00e9 \u00e0 la ville de Campinas, S\u00e3o Paulo, o\u00f9 il est rest\u00e9 pendant un certain temps jusqu&#039;\u00e0 ce qu&#039;il s&#039;installe d\u00e9finitivement dans la capitale.<\/p>\n\n\n\n<p class=\"has-black-color has-text-color has-link-color has-small-font-size wp-elements-25a1340f6d1f05e2b4c283082951f5dc\">\u00c0 cette \u00e9poque, la capitale, avaient moins de 30 000 habitants et, au cours de ses premi\u00e8res ann\u00e9es ici, Batu\u00edra travaill\u00e9 en tant que distributeur du journal &#034;Correio Paulistano&#034;, parce qu&#039;\u00e0 l&#039;\u00e9poque il n&#039;y avait pas de kiosques et de la livraison est effectu\u00e9e par l&#039;apr\u00e8s-midi, de maison en maison, uniquement pour les abonn\u00e9s. Diligence et honn\u00eatet\u00e9 et l&#039;esprit docile, Batu\u00edra fait des amis et des admirateurs dans toutes les pi\u00e8ces comme un livreur de journaux. Il semble que c&#039;est \u00e0 ce moment o\u00f9 il a appris l&#039;art de la typographie, tr\u00e8s probablement dans les ateliers de la &#034;Correio Paulistano&#034;.<\/p>\n\n\n\n<p class=\"has-black-color has-text-color has-link-color has-small-font-size wp-elements-b2f1064ad80af66ccdb8342472f711e3\">Tr\u00e8s active et de courir d&#039;un endroit \u00e0 un autre, il a \u00e9t\u00e9 surnomm\u00e9 &#034;le batu\u00edra&#034;, le nom que le peuple a donn\u00e9 un oiseau-tr\u00e8s l\u00e9ger et rapide vol qui a \u00e9t\u00e9 fr\u00e9quent\u00e9 par les \u00e9tangs form\u00e9s par le d\u00e9bordement de la Tamanduate\u00ed de la rivi\u00e8re, o\u00f9 se trouve aujourd&#039;hui le Parc de D. Pedro II. Le jeune homme nomm\u00e9 Antonio Gon\u00e7alves da Silva, mais \u00e0 partir de l\u00e0, il a adopt\u00e9 le surnom de BATU\u00cdRA. Bient\u00f4t, avec les \u00e9conomies qu&#039;il avait recueillies et, bien s\u00fbr, avec l&#039;aide d&#039;amis, il a fait un peu de th\u00e9\u00e2tre dans l&#039;arri\u00e8re-salle d&#039;une taverne, Rua Cruz Preta.<\/p>\n\n\n\n<p class=\"has-black-color has-text-color has-link-color has-small-font-size wp-elements-84d10729916a732996e6844f6c5024be\">Dans ce modeste th\u00e9\u00e2tre a fait ses d\u00e9buts de nombreux fans, parmi eux Batu\u00edra. En pers\u00e9v\u00e9rant dans ses efforts, a consacr\u00e9 son temps \u00e0 la fabrication de cigares. Ainsi, avec le travail et l&#039;\u00e9conomie, Batu\u00edra a fait cro\u00eetre ses modestes finances, ce qui lui a permis d&#039;\u00e9pouser miss Brandina Maria de J\u00e9sus, avec qui il a eu un fils, Joaquim Gon\u00e7alves Batu\u00edra, qui est mort comme un adulte et mari\u00e9. Gras comme les grands hommes d&#039;affaires, a investi son argent dans l&#039;achat de zones sous-\u00e9valu\u00e9, de commencer \u00e0 construire des petites maisons pour le loyer, devenir un riche propri\u00e9taire foncier, dont le patrimoine est le r\u00e9sultat de nombreuses ann\u00e9es de travail dur et honn\u00eate, combin\u00e9 avec une pers\u00e9v\u00e9rance imperturbable.<\/p>\n\n\n\n<p class=\"has-black-color has-text-color has-link-color has-small-font-size wp-elements-0685f5817bf493a08515ab7ecf09f376\">Quand tout semble aller bien, il est mort presque subitement, le seul fils de sa seconde \u00e9pouse, Mme Maria das Dores Coutinho e Silva. C&#039;\u00e9tait un enfant de douze ans, par le mariage de qui il se sentait un grand d\u00e9vouement et d&#039;affection. Sur ce coup, il frappa profond\u00e9ment l&#039;un \u00e0 la maison, qu&#039;il ne pouvait trouver le r\u00e9confort dans la r\u00e9confortante de la Doctrine des Esprits. Si grande \u00e9tait la paix que le Spiritisme a contribu\u00e9 \u00e0 leur donner, que Batu\u00edra il a imm\u00e9diatement mis les mains \u00e0 l&#039;\u0153uvre, souhaitant ardemment que d&#039;autres compagnons d&#039;infortune terrenas savoir que le bienheureux fontaine de l&#039;espoir, et, dans ce corps court et construire robuste, avec un c\u0153ur d&#039;or dans ses nobles sentiments de l&#039;amour du prochain.<\/p>\n\n\n\n<p class=\"has-black-color has-text-color has-link-color has-small-font-size wp-elements-e0979197e46316c65a7d0d96829ea2eb\">En 1889, Batu\u00edra devient l&#039;agent exclusif de la revue &#034;R\u00e9formateur&#034; dans la ville de S\u00e3o Paulo, un poste qu&#039;il a occup\u00e9 jusqu&#039;en 1899 ou 1900. Le 6 avril 1890, a r\u00e9tabli le Groupe Spirite de la V\u00e9rit\u00e9 et de la Lumi\u00e8re, de l&#039;\u00e9tablissement spirite qui avait &#034;\u00e9tat de veille&#034; pour un long moment. Acquis d&#039;une petite presse pour la diffusion et la propagation du Spiritisme, de l&#039;\u00e9dition, le bi-hebdomadaire &#034;Verdade e de la Lumi\u00e8re&#034; (V\u00e9rit\u00e9 et de la Lumi\u00e8re), qui a atteint 15 000 exemplaires en 1897, un nombre consid\u00e9rable pour l&#039;\u00e9poque. Batu\u00edra \u00e9tait aussi un m\u00e9dium, gu\u00e9risseur. Effectu\u00e9 des centaines de gu\u00e9risons physiques et spirituelles, \u00e0 travers l&#039;administration des vagues, ou de l&#039;application de la &#034;passe &#034; magn\u00e9tique&#034;. Pour cette raison, les personnes qui ont b\u00e9n\u00e9fici\u00e9 de Batu\u00edra est venu \u00e0 l&#039;appeler le &#034;M\u00e9decin des Pauvres&#034;, un cognomen aussi aureolaba le nom de Adolfo Bezerra de Menezes.<\/p>\n\n\n\n<p class=\"has-black-color has-text-color has-link-color has-small-font-size wp-elements-e95efbd9f48c0c4ee397bb4aa31bc444\">Les activit\u00e9s de bienfaisance de Batu\u00edra pas limit\u00e9 \u00e0 ces manifestations de la charit\u00e9 chr\u00e9tienne. Il a \u00e9t\u00e9 bien au-del\u00e0. Cr\u00e9\u00e9 des Groupes et des Centres de Esp\u00edritas S\u00e3o Paulo, Minas Gerais et Rio de Janeiro, qui a encourag\u00e9 et aid\u00e9; tenue de conf\u00e9rences sur diverses questions doctrinales dans d&#039;innombrables villes, dans plusieurs \u00e9tats, dans lequel il a \u00e9galement visit\u00e9 et gu\u00e9ri des fr\u00e8res et soeurs qui souffrent; distribu\u00e9 gratuitement des brochures et des d\u00e9pliants de la propagande du Spiritisme, dont il a imprim\u00e9 et distribu\u00e9 des milliers de livres \u00e0 travers le champ. Batu\u00edra, le long de avec d&#039;autres illustres fr\u00e8res, cr\u00e9\u00e9 \u00e0 S\u00e3o Paulo, le 24 mai 1908, &#034;l&#039;Union Spirite de l&#039;\u00c9tat de S\u00e3o Paulo&#034;, qui federar\u00eda tous les centres et groupes existants dans l&#039;\u00c9tat.<\/p>\n\n\n\n<p class=\"has-black-color has-text-color has-link-color has-small-font-size wp-elements-191c5cafd63d446cbf060613b7d7edc4\">C&#039;\u00e9tait le brave travailleur de la Troisi\u00e8me R\u00e9v\u00e9lation, l&#039;infatigable combattant qui n&#039;a jamais permis \u00e0 elle-m\u00eame d&#039;\u00eatre submerg\u00e9 par les difficult\u00e9s du voyage, et qui a \u00e9t\u00e9 ind\u00e9niablement l&#039;un des plus grands propagandistes de Spiritisme au Br\u00e9sil. Porter beaucoup de responsabilit\u00e9s sur leurs \u00e9paules, je me sentais tellement attach\u00e9 \u00e0 l&#039;exercice de leurs fonctions, de leurs forces de vie ont \u00e9t\u00e9 rapidement \u00e9puis\u00e9s. Une maladie soudaine agress\u00e9 son corps et les moqueries de toutes les ressources m\u00e9dicales, dans quelques jours, il a \u00e9t\u00e9 contraint de traverser les fronti\u00e8res de l&#039;au-del\u00e0. Vendredi, 22 janvier 1909, vers l&#039;aube, \u00e9tait en train de mourir Ant\u00f4nio Gon\u00e7alves da Silva, Batu\u00edra.<\/p>\n<\/div><\/div>\n\n\n\n<div class=\"wp-block-uagb-container uagb-block-4845bd5d alignfull uagb-is-root-container\"><div class=\"uagb-container-inner-blocks-wrap\"><\/div><\/div>\n\n\n\n<div class=\"wp-block-uagb-container uagb-block-894cc7c5 alignfull uagb-is-root-container\"><div class=\"uagb-container-inner-blocks-wrap\"><\/div><\/div>","protected":false},"excerpt":{"rendered":"<p>Ant\u00f4nio Gon\u00e7alves da Silva Ant\u00f4nio Gon\u00e7alves da Silva naci\u00f3 el 19 de marzo de 1839 en Portugal, en la parroquia de \u00c1guas Santas, hoy perteneciente al concejo de Maia. Hijo de humildes campesinos y con s\u00f3lo estudios primarios, vino a Brasil a los 11 a\u00f1os, llegando a Guanabara el 3 de enero de 1850. Durante [&hellip;]<\/p>","protected":false},"author":1,"featured_media":0,"parent":0,"menu_order":0,"comment_status":"closed","ping_status":"closed","template":"","meta":{"_uag_custom_page_level_css":"","site-sidebar-layout":"default","site-content-layout":"","ast-site-content-layout":"default","site-content-style":"default","site-sidebar-style":"default","ast-global-header-display":"","ast-banner-title-visibility":"","ast-main-header-display":"","ast-hfb-above-header-display":"","ast-hfb-below-header-display":"","ast-hfb-mobile-header-display":"","site-post-title":"disabled","ast-breadcrumbs-content":"","ast-featured-img":"","footer-sml-layout":"","theme-transparent-header-meta":"","adv-header-id-meta":"","stick-header-meta":"","header-above-stick-meta":"","header-main-stick-meta":"","header-below-stick-meta":"","astra-migrate-meta-layouts":"set","ast-page-background-enabled":"default","ast-page-background-meta":{"desktop":{"background-color":"var(--ast-global-color-4)","background-image":"","background-repeat":"repeat","background-position":"center center","background-size":"auto","background-attachment":"scroll","background-type":"","background-media":"","overlay-type":"","overlay-color":"","overlay-opacity":"","overlay-gradient":""},"tablet":{"background-color":"","background-image":"","background-repeat":"repeat","background-position":"center center","background-size":"auto","background-attachment":"scroll","background-type":"","background-media":"","overlay-type":"","overlay-color":"","overlay-opacity":"","overlay-gradient":""},"mobile":{"background-color":"","background-image":"","background-repeat":"repeat","background-position":"center center","background-size":"auto","background-attachment":"scroll","background-type":"","background-media":"","overlay-type":"","overlay-color":"","overlay-opacity":"","overlay-gradient":""}},"ast-content-background-meta":{"desktop":{"background-color":"var(--ast-global-color-5)","background-image":"","background-repeat":"repeat","background-position":"center center","background-size":"auto","background-attachment":"scroll","background-type":"","background-media":"","overlay-type":"","overlay-color":"","overlay-opacity":"","overlay-gradient":""},"tablet":{"background-color":"var(--ast-global-color-5)","background-image":"","background-repeat":"repeat","background-position":"center center","background-size":"auto","background-attachment":"scroll","background-type":"","background-media":"","overlay-type":"","overlay-color":"","overlay-opacity":"","overlay-gradient":""},"mobile":{"background-color":"var(--ast-global-color-5)","background-image":"","background-repeat":"repeat","background-position":"center center","background-size":"auto","background-attachment":"scroll","background-type":"","background-media":"","overlay-type":"","overlay-color":"","overlay-opacity":"","overlay-gradient":""}},"footnotes":""},"class_list":["post-6177","page","type-page","status-publish","hentry"],"yoast_head":"<!-- This site is optimized with the Yoast SEO Premium plugin v24.2 (Yoast SEO v24.6) - https:\/\/yoast.com\/wordpress\/plugins\/seo\/ -->\n<title>Ant\u00f4nio Gon\u00e7alves da Silva - Uni\u00f3n Esp\u00edrita<\/title>\n<meta name=\"robots\" content=\"index, follow, max-snippet:-1, max-image-preview:large, max-video-preview:-1\" \/>\n<link rel=\"canonical\" href=\"https:\/\/nuevo-renacer.com\/fr\/antonio-goncalves-da-silva\/\" \/>\n<meta property=\"og:locale\" content=\"fr_FR\" \/>\n<meta property=\"og:type\" content=\"article\" \/>\n<meta property=\"og:title\" content=\"Ant\u00f4nio Gon\u00e7alves da Silva\" \/>\n<meta property=\"og:description\" content=\"Ant\u00f4nio Gon\u00e7alves da Silva Ant\u00f4nio Gon\u00e7alves da Silva naci\u00f3 el 19 de marzo de 1839 en Portugal, en la parroquia de \u00c1guas Santas, hoy perteneciente al concejo de Maia. Hijo de humildes campesinos y con s\u00f3lo estudios primarios, vino a Brasil a los 11 a\u00f1os, llegando a Guanabara el 3 de enero de 1850. Durante [&hellip;]\" \/>\n<meta property=\"og:url\" content=\"https:\/\/nuevo-renacer.com\/fr\/antonio-goncalves-da-silva\/\" \/>\n<meta property=\"og:site_name\" content=\"Uni\u00f3n Esp\u00edrita\" \/>\n<meta property=\"article:publisher\" content=\"https:\/\/www.facebook.com\/groups\/3431398063740829\" \/>\n<meta property=\"og:image\" content=\"https:\/\/nuevo-renacer.com\/wp-content\/uploads\/2024\/11\/unnamed.jpg\" \/>\n\t<meta property=\"og:image:width\" content=\"192\" \/>\n\t<meta property=\"og:image:height\" content=\"257\" \/>\n\t<meta property=\"og:image:type\" content=\"image\/jpeg\" \/>\n<meta name=\"twitter:card\" content=\"summary_large_image\" \/>\n<meta name=\"twitter:label1\" content=\"Dur\u00e9e de lecture estim\u00e9e\" \/>\n\t<meta name=\"twitter:data1\" content=\"5 minutes\" \/>\n<script type=\"application\/ld+json\" class=\"yoast-schema-graph\">{\"@context\":\"https:\/\/schema.org\",\"@graph\":[{\"@type\":\"WebPage\",\"@id\":\"https:\/\/nuevo-renacer.com\/de\/antonio-goncalves-da-silva\/\",\"url\":\"https:\/\/nuevo-renacer.com\/de\/antonio-goncalves-da-silva\/\",\"name\":\"Ant\u00f4nio Gon\u00e7alves da Silva - Uni\u00f3n Esp\u00edrita\",\"isPartOf\":{\"@id\":\"https:\/\/nuevo-renacer.com\/#website\"},\"primaryImageOfPage\":{\"@id\":\"https:\/\/nuevo-renacer.com\/de\/antonio-goncalves-da-silva\/#primaryimage\"},\"image\":{\"@id\":\"https:\/\/nuevo-renacer.com\/de\/antonio-goncalves-da-silva\/#primaryimage\"},\"thumbnailUrl\":\"https:\/\/nuevo-renacer.com\/wp-content\/uploads\/2024\/11\/unnamed.jpg\",\"datePublished\":\"2024-11-19T13:55:59+00:00\",\"breadcrumb\":{\"@id\":\"https:\/\/nuevo-renacer.com\/de\/antonio-goncalves-da-silva\/#breadcrumb\"},\"inLanguage\":\"fr-FR\",\"potentialAction\":[{\"@type\":\"ReadAction\",\"target\":[\"https:\/\/nuevo-renacer.com\/de\/antonio-goncalves-da-silva\/\"]}]},{\"@type\":\"ImageObject\",\"inLanguage\":\"fr-FR\",\"@id\":\"https:\/\/nuevo-renacer.com\/de\/antonio-goncalves-da-silva\/#primaryimage\",\"url\":\"https:\/\/nuevo-renacer.com\/wp-content\/uploads\/2024\/11\/unnamed.jpg\",\"contentUrl\":\"https:\/\/nuevo-renacer.com\/wp-content\/uploads\/2024\/11\/unnamed.jpg\"},{\"@type\":\"BreadcrumbList\",\"@id\":\"https:\/\/nuevo-renacer.com\/de\/antonio-goncalves-da-silva\/#breadcrumb\",\"itemListElement\":[{\"@type\":\"ListItem\",\"position\":1,\"name\":\"Startseite\",\"item\":\"https:\/\/nuevo-renacer.com\/\"},{\"@type\":\"ListItem\",\"position\":2,\"name\":\"Ant\u00f4nio Gon\u00e7alves da Silva\"}]},{\"@type\":\"WebSite\",\"@id\":\"https:\/\/nuevo-renacer.com\/#website\",\"url\":\"https:\/\/nuevo-renacer.com\/\",\"name\":\"Uni\u00f3n Esp\u00edrita\",\"description\":\"Nuevo Renacer\",\"publisher\":{\"@id\":\"https:\/\/nuevo-renacer.com\/#organization\"},\"potentialAction\":[{\"@type\":\"SearchAction\",\"target\":{\"@type\":\"EntryPoint\",\"urlTemplate\":\"https:\/\/nuevo-renacer.com\/?s={search_term_string}\"},\"query-input\":{\"@type\":\"PropertyValueSpecification\",\"valueRequired\":true,\"valueName\":\"search_term_string\"}}],\"inLanguage\":\"fr-FR\"},{\"@type\":\"Organization\",\"@id\":\"https:\/\/nuevo-renacer.com\/#organization\",\"name\":\"UFEC\",\"url\":\"https:\/\/nuevo-renacer.com\/\",\"logo\":{\"@type\":\"ImageObject\",\"inLanguage\":\"fr-FR\",\"@id\":\"https:\/\/nuevo-renacer.com\/#\/schema\/logo\/image\/\",\"url\":\"https:\/\/nuevo-renacer.com\/wp-content\/uploads\/2024\/05\/cropped-LOGO-TERMINADO1-3-3.png\",\"contentUrl\":\"https:\/\/nuevo-renacer.com\/wp-content\/uploads\/2024\/05\/cropped-LOGO-TERMINADO1-3-3.png\",\"width\":512,\"height\":512,\"caption\":\"UFEC\"},\"image\":{\"@id\":\"https:\/\/nuevo-renacer.com\/#\/schema\/logo\/image\/\"},\"sameAs\":[\"https:\/\/www.facebook.com\/groups\/3431398063740829\"]}]}<\/script>\n<!-- \/ Yoast SEO Premium plugin. -->","yoast_head_json":{"title":"Ant\u00f4nio Gon\u00e7alves da Silva - Uni\u00f3n Esp\u00edrita","robots":{"index":"index","follow":"follow","max-snippet":"max-snippet:-1","max-image-preview":"max-image-preview:large","max-video-preview":"max-video-preview:-1"},"canonical":"https:\/\/nuevo-renacer.com\/fr\/antonio-goncalves-da-silva\/","og_locale":"fr_FR","og_type":"article","og_title":"Ant\u00f4nio Gon\u00e7alves da Silva","og_description":"Ant\u00f4nio Gon\u00e7alves da Silva Ant\u00f4nio Gon\u00e7alves da Silva naci\u00f3 el 19 de marzo de 1839 en Portugal, en la parroquia de \u00c1guas Santas, hoy perteneciente al concejo de Maia. Hijo de humildes campesinos y con s\u00f3lo estudios primarios, vino a Brasil a los 11 a\u00f1os, llegando a Guanabara el 3 de enero de 1850. Durante [&hellip;]","og_url":"https:\/\/nuevo-renacer.com\/fr\/antonio-goncalves-da-silva\/","og_site_name":"Uni\u00f3n Esp\u00edrita","article_publisher":"https:\/\/www.facebook.com\/groups\/3431398063740829","og_image":[{"width":192,"height":257,"url":"https:\/\/nuevo-renacer.com\/wp-content\/uploads\/2024\/11\/unnamed.jpg","type":"image\/jpeg"}],"twitter_card":"summary_large_image","twitter_misc":{"Dur\u00e9e de lecture estim\u00e9e":"5 minutes"},"schema":{"@context":"https:\/\/schema.org","@graph":[{"@type":"WebPage","@id":"https:\/\/nuevo-renacer.com\/de\/antonio-goncalves-da-silva\/","url":"https:\/\/nuevo-renacer.com\/de\/antonio-goncalves-da-silva\/","name":"Ant\u00f4nio Gon\u00e7alves da Silva - Uni\u00f3n Esp\u00edrita","isPartOf":{"@id":"https:\/\/nuevo-renacer.com\/#website"},"primaryImageOfPage":{"@id":"https:\/\/nuevo-renacer.com\/de\/antonio-goncalves-da-silva\/#primaryimage"},"image":{"@id":"https:\/\/nuevo-renacer.com\/de\/antonio-goncalves-da-silva\/#primaryimage"},"thumbnailUrl":"https:\/\/nuevo-renacer.com\/wp-content\/uploads\/2024\/11\/unnamed.jpg","datePublished":"2024-11-19T13:55:59+00:00","breadcrumb":{"@id":"https:\/\/nuevo-renacer.com\/de\/antonio-goncalves-da-silva\/#breadcrumb"},"inLanguage":"fr-FR","potentialAction":[{"@type":"ReadAction","target":["https:\/\/nuevo-renacer.com\/de\/antonio-goncalves-da-silva\/"]}]},{"@type":"ImageObject","inLanguage":"fr-FR","@id":"https:\/\/nuevo-renacer.com\/de\/antonio-goncalves-da-silva\/#primaryimage","url":"https:\/\/nuevo-renacer.com\/wp-content\/uploads\/2024\/11\/unnamed.jpg","contentUrl":"https:\/\/nuevo-renacer.com\/wp-content\/uploads\/2024\/11\/unnamed.jpg"},{"@type":"BreadcrumbList","@id":"https:\/\/nuevo-renacer.com\/de\/antonio-goncalves-da-silva\/#breadcrumb","itemListElement":[{"@type":"ListItem","position":1,"name":"Startseite","item":"https:\/\/nuevo-renacer.com\/"},{"@type":"ListItem","position":2,"name":"Ant\u00f4nio Gon\u00e7alves da Silva"}]},{"@type":"WebSite","@id":"https:\/\/nuevo-renacer.com\/#website","url":"https:\/\/nuevo-renacer.com\/","name":"Uni\u00f3n Esp\u00edrita","description":"Nuevo Renacer","publisher":{"@id":"https:\/\/nuevo-renacer.com\/#organization"},"potentialAction":[{"@type":"SearchAction","target":{"@type":"EntryPoint","urlTemplate":"https:\/\/nuevo-renacer.com\/?s={search_term_string}"},"query-input":{"@type":"PropertyValueSpecification","valueRequired":true,"valueName":"search_term_string"}}],"inLanguage":"fr-FR"},{"@type":"Organization","@id":"https:\/\/nuevo-renacer.com\/#organization","name":"UFEC","url":"https:\/\/nuevo-renacer.com\/","logo":{"@type":"ImageObject","inLanguage":"fr-FR","@id":"https:\/\/nuevo-renacer.com\/#\/schema\/logo\/image\/","url":"https:\/\/nuevo-renacer.com\/wp-content\/uploads\/2024\/05\/cropped-LOGO-TERMINADO1-3-3.png","contentUrl":"https:\/\/nuevo-renacer.com\/wp-content\/uploads\/2024\/05\/cropped-LOGO-TERMINADO1-3-3.png","width":512,"height":512,"caption":"UFEC"},"image":{"@id":"https:\/\/nuevo-renacer.com\/#\/schema\/logo\/image\/"},"sameAs":["https:\/\/www.facebook.com\/groups\/3431398063740829"]}]}},"uagb_featured_image_src":{"full":false,"thumbnail":false,"medium":false,"medium_large":false,"large":false,"1536x1536":false,"2048x2048":false,"trp-custom-language-flag":false},"uagb_author_info":{"display_name":"adbv0","author_link":"https:\/\/nuevo-renacer.com\/fr\/author\/adbv0\/"},"uagb_comment_info":0,"uagb_excerpt":"Ant\u00f4nio Gon\u00e7alves da Silva Ant\u00f4nio Gon\u00e7alves da Silva naci\u00f3 el 19 de marzo de 1839 en Portugal, en la parroquia de \u00c1guas Santas, hoy perteneciente al concejo de Maia. Hijo de humildes campesinos y con s\u00f3lo estudios primarios, vino a Brasil a los 11 a\u00f1os, llegando a Guanabara el 3 de enero de 1850. Durante\u2026","jetpack_sharing_enabled":true,"_links":{"self":[{"href":"https:\/\/nuevo-renacer.com\/fr\/wp-json\/wp\/v2\/pages\/6177","targetHints":{"allow":["GET"]}}],"collection":[{"href":"https:\/\/nuevo-renacer.com\/fr\/wp-json\/wp\/v2\/pages"}],"about":[{"href":"https:\/\/nuevo-renacer.com\/fr\/wp-json\/wp\/v2\/types\/page"}],"author":[{"embeddable":true,"href":"https:\/\/nuevo-renacer.com\/fr\/wp-json\/wp\/v2\/users\/1"}],"replies":[{"embeddable":true,"href":"https:\/\/nuevo-renacer.com\/fr\/wp-json\/wp\/v2\/comments?post=6177"}],"version-history":[{"count":1,"href":"https:\/\/nuevo-renacer.com\/fr\/wp-json\/wp\/v2\/pages\/6177\/revisions"}],"predecessor-version":[{"id":6179,"href":"https:\/\/nuevo-renacer.com\/fr\/wp-json\/wp\/v2\/pages\/6177\/revisions\/6179"}],"wp:attachment":[{"href":"https:\/\/nuevo-renacer.com\/fr\/wp-json\/wp\/v2\/media?parent=6177"}],"curies":[{"name":"wp","href":"https:\/\/api.w.org\/{rel}","templated":true}]}}