{"id":6159,"date":"2024-11-18T08:03:14","date_gmt":"2024-11-18T08:03:14","guid":{"rendered":"https:\/\/nuevo-renacer.com\/?page_id=6159"},"modified":"2024-11-18T08:43:31","modified_gmt":"2024-11-18T08:43:31","slug":"edgard-pereira-armond","status":"publish","type":"page","link":"https:\/\/nuevo-renacer.com\/fr\/edgard-pereira-armond\/","title":{"rendered":"Edgard Pereira Armond"},"content":{"rendered":"<div class=\"wp-block-uagb-container uagb-block-2a4189c1 alignfull uagb-is-root-container\"><div class=\"uagb-container-inner-blocks-wrap\">\n<p class=\"has-black-color has-text-color has-link-color has-medium-font-size wp-elements-0a664fcfe20ca0a479aaad355c1672ff\"><strong>Edgard Pereira Armond<\/strong><\/p>\n<\/div><\/div>\n\n\n\n<div class=\"wp-block-uagb-container uagb-block-0bd63844 alignfull uagb-is-root-container\"><div class=\"uagb-container-inner-blocks-wrap\">\n<figure class=\"wp-block-image size-full is-resized\"><img decoding=\"async\" width=\"184\" height=\"238\" src=\"https:\/\/nuevo-renacer.com\/wp-content\/uploads\/2024\/11\/edgarpereiraarmond.jpg\" alt=\"\" class=\"wp-image-6160\" style=\"width:264px;height:auto\" srcset=\"https:\/\/nuevo-renacer.com\/wp-content\/uploads\/2024\/11\/edgarpereiraarmond.jpg 184w, https:\/\/nuevo-renacer.com\/wp-content\/uploads\/2024\/11\/edgarpereiraarmond-9x12.jpg 9w\" sizes=\"(max-width: 184px) 100vw, 184px\" \/><\/figure>\n<\/div><\/div>\n\n\n\n<div class=\"wp-block-uagb-container uagb-block-934d659c alignfull uagb-is-root-container\"><div class=\"uagb-container-inner-blocks-wrap\">\n<p class=\"has-black-color has-text-color has-link-color has-small-font-size wp-elements-7bf129da2a7148c3f373333cc552d468\">Edgard Pereira Armond est n\u00e9 le 14 juin 1894 \u00e0 Guaratinguet\u00e1 (Br\u00e9sil), dans la vall\u00e9e du Para\u00edba. De famille modeste, \u00e0 l&#039;\u00e2ge de 21 Armond rejoint les forces de S\u00e3o Paulo, o\u00f9 il a commenc\u00e9 une carri\u00e8re qui lui donnerait le titre par lequel m\u00eame aujourd&#039;hui, est appel\u00e9: &#034;le Commandant&#034;.<\/p>\n\n\n\n<p class=\"has-black-color has-text-color has-link-color has-small-font-size wp-elements-8a8aea701cbc78e57e22f87cfae71bbe\">Il a particip\u00e9 \u00e0 divers mouvements militaires, en prenant part aux r\u00e9volutions de 1922 et 1924, o\u00f9 il faisait partie des troupes d&#039;occupation sur les fronti\u00e8res du br\u00e9sil avec le Paraguay et l&#039;Argentine. En 1926, il a obtenu un dipl\u00f4me de dentiste \u00e0 la Facult\u00e9 de Pharmacie et de m\u00e9decine Dentaire de l&#039;\u00c9tat de S\u00e3o Paulo.<\/p>\n\n\n\n<div class=\"wp-block-uagb-container uagb-block-b1c912f6\">\n<figure class=\"wp-block-image size-full is-resized\"><img fetchpriority=\"high\" decoding=\"async\" width=\"288\" height=\"410\" src=\"https:\/\/nuevo-renacer.com\/wp-content\/uploads\/2024\/11\/Edgard_Pereira_Armond.jpg\" alt=\"\" class=\"wp-image-6161\" style=\"width:264px\" srcset=\"https:\/\/nuevo-renacer.com\/wp-content\/uploads\/2024\/11\/Edgard_Pereira_Armond.jpg 288w, https:\/\/nuevo-renacer.com\/wp-content\/uploads\/2024\/11\/Edgard_Pereira_Armond-211x300.jpg 211w, https:\/\/nuevo-renacer.com\/wp-content\/uploads\/2024\/11\/Edgard_Pereira_Armond-8x12.jpg 8w\" sizes=\"(max-width: 288px) 100vw, 288px\" \/><\/figure>\n<\/div>\n\n\n\n<p class=\"has-black-color has-text-color has-link-color has-small-font-size wp-elements-f6ba6fb35fbf02d2ec4b696c4076bd02\">Avec une vie professionnelle bien remplie, il a travaill\u00e9 sur la construction d&#039;une route qui reliait les villes de Paraibuna et de S\u00e3o Sebasti\u00e3o.<\/p>\n\n\n\n<p class=\"has-black-color has-text-color has-link-color has-small-font-size wp-elements-e44520f216cdb08e938569b67a389a8c\">Dans le m\u00eame temps, il a commenc\u00e9 \u00e0 \u00e9tudier et \u00e0 travailler avec le Spiritisme. Particip\u00e9 \u00e0 un groupe d&#039;\u00e9tudes et de pratiques esp\u00edritas invitation de Canuto de Abreu, en visitant les divers centres de esp\u00edritas de la p\u00e9riph\u00e9rie de la capitale se consacre exclusivement \u00e0 la pratique d&#039;effets physiques.<\/p>\n\n\n\n<p class=\"has-black-color has-text-color has-link-color has-small-font-size wp-elements-c4db654ad72631ccb4208a18fd727035\">En 1938, le Commandant de bord a subi un accident de voiture dans le Parc de Dom Pedro, \u00e0 S\u00e3o Paulo, o\u00f9 il s&#039;est cass\u00e9 les deux genoux, et il a subi d&#039;autres blessures. Apr\u00e8s plusieurs op\u00e9rations, et de nombreux traitements, il \u00e9tait presque incapable de marcher pendant six mois.<\/p>\n\n\n\n<p class=\"has-black-color has-text-color has-link-color has-small-font-size wp-elements-4183df1ef904aef21f8b84e0db0749cf\">En 1939, pour \u00eatre consid\u00e9r\u00e9 comme ne convient pas pour le service militaire, a \u00e9t\u00e9 invit\u00e9 \u00e0 remplir le poste de secr\u00e9taire g\u00e9n\u00e9ral de la F\u00e9d\u00e9ration Spirite de l&#039;\u00c9tat de S\u00e3o Paulo, apr\u00e8s une restructuration de leurs \u0153uvres spirituelles.<\/p>\n\n\n\n<p class=\"has-black-color has-text-color has-link-color has-small-font-size wp-elements-e3f82c651985012cb13e30f98a10f367\">Dot\u00e9e d&#039;un caract\u00e8re droit et ferme, et d&#039;un moral \u00e9lev\u00e9, j&#039;ai ha\u00ef la m\u00e9chancet\u00e9, en \u00e9vitant de parler et les questions vulgaire.<\/p>\n\n\n\n<p class=\"has-black-color has-text-color has-link-color has-small-font-size wp-elements-c52112f78f1a88acaa5aad7d8dc2baef\">En tant qu&#039;exposant, j&#039;ai eu un discours persuasif, accompagn\u00e9 par une langue simple, claire et objective, qui ne laissait aucun doute sur le sujet.<\/p>\n\n\n\n<p class=\"has-black-color has-text-color has-link-color has-small-font-size wp-elements-f61e0ff0ea18a17c96f2583ded26422d\">En tant qu&#039;\u00e9crivain, il a \u00e9t\u00e9 un profond \u00e9rudit des ph\u00e9nom\u00e8nes psychiques, et poss\u00e9dait une connaissance approfondie sur le sujet de la m\u00e9diumnit\u00e9. Il a \u00e9crit une s\u00e9rie de 21 livres, pour la plupart des \u00e9coles ont \u00e9t\u00e9 cr\u00e9\u00e9es par lui et les autres, \u00e0 la Fraternit\u00e9 des Disciples de J\u00e9sus.<\/p>\n\n\n\n<p class=\"has-black-color has-text-color has-link-color has-small-font-size wp-elements-60df829b4ba92acd2f074950f21ae497\">Pour compenser le manque de moyens fiables et pr\u00e9par\u00e9s dans la FEESP Groupe a \u00e9t\u00e9 cr\u00e9\u00e9 Razin, form\u00e9 de sept membres qui ont commenc\u00e9 \u00e0 travailler dans la F\u00e9d\u00e9ration de russie.<\/p>\n\n\n\n<p class=\"has-black-color has-text-color has-link-color has-small-font-size wp-elements-d41f0c0a9342b591358ecf038b844b5c\">Les r\u00e9unions du Groupe de Razin ont \u00e9t\u00e9 les premi\u00e8res manifestations de l&#039;Esprit, Isma\u00ebl, gardien de J\u00e9sus pour la direction Spirituelle du Br\u00e9sil. \u00c9galement pr\u00e9sent\u00e9 pr\u00e9cieux Esprits de la Confr\u00e9rie du Saint-S\u00e9pulcre et de la Fraternit\u00e9 des Crois\u00e9s. Le Commandant a ensuite \u00e9t\u00e9 pr\u00e9sent\u00e9 \u00e0 l&#039;Esprit Razin, dans le but de vous aider \u00e0 monter \u00e0 l&#039;\u00c9cole des Apprentis de l&#039;\u00c9vangile, qui aurait lieu en 1950, pour la nouvelle &#034;les Disciples de J\u00e9sus&#034; est \u00e9tay\u00e9e par l&#039;\u00e9tude du travail et de la discipline.<\/p>\n\n\n\n<div class=\"wp-block-uagb-container uagb-block-cc60b5b7\">\n<figure class=\"wp-block-image size-full\"><img decoding=\"async\" width=\"466\" height=\"500\" src=\"https:\/\/nuevo-renacer.com\/wp-content\/uploads\/2024\/11\/10292131_544117922383374_1127169631295725294_n-1.jpg\" alt=\"\" class=\"wp-image-6167\" srcset=\"https:\/\/nuevo-renacer.com\/wp-content\/uploads\/2024\/11\/10292131_544117922383374_1127169631295725294_n-1.jpg 466w, https:\/\/nuevo-renacer.com\/wp-content\/uploads\/2024\/11\/10292131_544117922383374_1127169631295725294_n-1-280x300.jpg 280w, https:\/\/nuevo-renacer.com\/wp-content\/uploads\/2024\/11\/10292131_544117922383374_1127169631295725294_n-1-11x12.jpg 11w\" sizes=\"(max-width: 466px) 100vw, 466px\" \/><\/figure>\n<\/div>\n\n\n\n<p class=\"has-black-color has-text-color has-link-color has-small-font-size wp-elements-70bd466c719230d1779a656c370f4f76\">En 1944, il fonde le journal &#034;O Semeador&#034; et dirig\u00e9 le programme de radio &#034;Heure Spirite&#034;, qui a \u00e9t\u00e9 diffus\u00e9 par la R\u00e1dio Tupi.<\/p>\n\n\n\n<p class=\"has-black-color has-text-color has-link-color has-small-font-size wp-elements-70e9bd3e6520f8ec9242c1d1d55260de\">En 1947, Edgard Armond fond\u00e9 de l&#039;UTILISATION Sociale de l&#039;Union Spirite.<\/p>\n\n\n\n<p class=\"has-black-color has-text-color has-link-color has-small-font-size wp-elements-1216af166929e6a8fb3c847aa3c29283\">En 1950, apr\u00e8s la cr\u00e9ation de l&#039;\u00c9cole des Apprentis de l&#039;\u00c9vangile, Edward \u00e9galement cr\u00e9\u00e9 le Cours de M\u00e9diums, destin\u00e9 \u00e0 am\u00e9liorer le commerce avec le monde des esprits, et la Fraternit\u00e9 des Disciples de J\u00e9sus, comme l&#039;organe du groupement des travailleurs dans le domaine religieux.<\/p>\n\n\n\n<div class=\"wp-block-uagb-container uagb-block-2df4c0d8\">\n<figure class=\"wp-block-image size-full is-resized\"><img loading=\"lazy\" decoding=\"async\" width=\"788\" height=\"720\" src=\"https:\/\/nuevo-renacer.com\/wp-content\/uploads\/2024\/11\/maxresdefault.jpg\" alt=\"\" class=\"wp-image-6163\" style=\"width:264px\" srcset=\"https:\/\/nuevo-renacer.com\/wp-content\/uploads\/2024\/11\/maxresdefault.jpg 788w, https:\/\/nuevo-renacer.com\/wp-content\/uploads\/2024\/11\/maxresdefault-300x274.jpg 300w, https:\/\/nuevo-renacer.com\/wp-content\/uploads\/2024\/11\/maxresdefault-768x702.jpg 768w, https:\/\/nuevo-renacer.com\/wp-content\/uploads\/2024\/11\/maxresdefault-13x12.jpg 13w\" sizes=\"(max-width: 788px) 100vw, 788px\" \/><\/figure>\n<\/div>\n\n\n\n<p class=\"has-black-color has-text-color has-link-color has-small-font-size wp-elements-c363d34780f708a05d141dde7a262078\">En raison d&#039;une maladie, le Commandant a demand\u00e9 de quitter la F\u00e9d\u00e9ration de 1967, mais a continu\u00e9 \u00e0 collaborer \u00e0 distance dans le domaine de la publicit\u00e9 et de l&#039;organisation des \u00e9coles et des organisations spiritualistes, m\u00eame dans les pays \u00e9trangers.<\/p>\n\n\n\n<p class=\"has-black-color has-text-color has-link-color has-small-font-size wp-elements-3748e8f5b3f6c347cdae482eaee83f3e\">En 1973, il a fond\u00e9 l&#039;Alliance Spirite de l&#039;\u00c9vangile, o\u00f9, depuis les ann\u00e9es 1980, il collabore \u00e0 la fondation du Secteur III de la Confr\u00e9rie des Disciples de J\u00e9sus, de poursuivre l&#039;Expansion de la Spiritualit\u00e9 Religieuse.<\/p>\n\n\n\n<p class=\"has-black-color has-text-color has-link-color has-small-font-size wp-elements-d313cf726f25fc31fc32451c87c34bb0\">Il est d\u00e9c\u00e9d\u00e9 le 29 novembre 1982, \u00e0 4h30 \u00e0 l&#039;H\u00f4pital Osvaldo Cruz, dans la ville de S\u00e3o Paulo, apr\u00e8s 88 ans de vie active en faveur de la Doctrine R\u00e9confortant des Esprits.<\/p>\n<\/div><\/div>\n\n\n\n<div class=\"wp-block-uagb-container uagb-block-49556843 alignfull uagb-is-root-container\"><div class=\"uagb-container-inner-blocks-wrap\"><\/div><\/div>\n\n\n\n<div class=\"wp-block-uagb-container uagb-block-f0615251 alignfull uagb-is-root-container\"><div class=\"uagb-container-inner-blocks-wrap\"><\/div><\/div>","protected":false},"excerpt":{"rendered":"<p>Edgard Pereira Armond Edgard Pereira Armond naci\u00f3 el 14 de junio de 1894 en Guaratinguet\u00e1 (Brasil), en el valle del Para\u00edba. De familia humilde, a los 21 a\u00f1os Armond ingres\u00f3 en la Fuerza P\u00fablica de S\u00e3o Paulo, donde inici\u00f3 la carrera que le dar\u00eda el t\u00edtulo por el que a\u00fan hoy se le conoce: \u00abComandante\u00bb. [&hellip;]<\/p>","protected":false},"author":1,"featured_media":0,"parent":0,"menu_order":0,"comment_status":"closed","ping_status":"closed","template":"","meta":{"_uag_custom_page_level_css":"","site-sidebar-layout":"default","site-content-layout":"","ast-site-content-layout":"default","site-content-style":"default","site-sidebar-style":"default","ast-global-header-display":"","ast-banner-title-visibility":"","ast-main-header-display":"","ast-hfb-above-header-display":"","ast-hfb-below-header-display":"","ast-hfb-mobile-header-display":"","site-post-title":"disabled","ast-breadcrumbs-content":"","ast-featured-img":"","footer-sml-layout":"","theme-transparent-header-meta":"","adv-header-id-meta":"","stick-header-meta":"","header-above-stick-meta":"","header-main-stick-meta":"","header-below-stick-meta":"","astra-migrate-meta-layouts":"set","ast-page-background-enabled":"default","ast-page-background-meta":{"desktop":{"background-color":"var(--ast-global-color-4)","background-image":"","background-repeat":"repeat","background-position":"center center","background-size":"auto","background-attachment":"scroll","background-type":"","background-media":"","overlay-type":"","overlay-color":"","overlay-opacity":"","overlay-gradient":""},"tablet":{"background-color":"","background-image":"","background-repeat":"repeat","background-position":"center center","background-size":"auto","background-attachment":"scroll","background-type":"","background-media":"","overlay-type":"","overlay-color":"","overlay-opacity":"","overlay-gradient":""},"mobile":{"background-color":"","background-image":"","background-repeat":"repeat","background-position":"center center","background-size":"auto","background-attachment":"scroll","background-type":"","background-media":"","overlay-type":"","overlay-color":"","overlay-opacity":"","overlay-gradient":""}},"ast-content-background-meta":{"desktop":{"background-color":"var(--ast-global-color-5)","background-image":"","background-repeat":"repeat","background-position":"center center","background-size":"auto","background-attachment":"scroll","background-type":"","background-media":"","overlay-type":"","overlay-color":"","overlay-opacity":"","overlay-gradient":""},"tablet":{"background-color":"var(--ast-global-color-5)","background-image":"","background-repeat":"repeat","background-position":"center center","background-size":"auto","background-attachment":"scroll","background-type":"","background-media":"","overlay-type":"","overlay-color":"","overlay-opacity":"","overlay-gradient":""},"mobile":{"background-color":"var(--ast-global-color-5)","background-image":"","background-repeat":"repeat","background-position":"center center","background-size":"auto","background-attachment":"scroll","background-type":"","background-media":"","overlay-type":"","overlay-color":"","overlay-opacity":"","overlay-gradient":""}},"footnotes":""},"class_list":["post-6159","page","type-page","status-publish","hentry"],"yoast_head":"<!-- This site is optimized with the Yoast SEO Premium plugin v24.2 (Yoast SEO v24.6) - https:\/\/yoast.com\/wordpress\/plugins\/seo\/ -->\n<title>Edgard Pereira Armond - Uni\u00f3n Esp\u00edrita<\/title>\n<meta name=\"robots\" content=\"index, follow, max-snippet:-1, max-image-preview:large, max-video-preview:-1\" \/>\n<link rel=\"canonical\" href=\"https:\/\/nuevo-renacer.com\/fr\/edgard-pereira-armond\/\" \/>\n<meta property=\"og:locale\" content=\"fr_FR\" \/>\n<meta property=\"og:type\" content=\"article\" \/>\n<meta property=\"og:title\" content=\"Edgard Pereira Armond\" \/>\n<meta property=\"og:description\" content=\"Edgard Pereira Armond Edgard Pereira Armond naci\u00f3 el 14 de junio de 1894 en Guaratinguet\u00e1 (Brasil), en el valle del Para\u00edba. De familia humilde, a los 21 a\u00f1os Armond ingres\u00f3 en la Fuerza P\u00fablica de S\u00e3o Paulo, donde inici\u00f3 la carrera que le dar\u00eda el t\u00edtulo por el que a\u00fan hoy se le conoce: \u00abComandante\u00bb. [&hellip;]\" \/>\n<meta property=\"og:url\" content=\"https:\/\/nuevo-renacer.com\/fr\/edgard-pereira-armond\/\" \/>\n<meta property=\"og:site_name\" content=\"Uni\u00f3n Esp\u00edrita\" \/>\n<meta property=\"article:publisher\" content=\"https:\/\/www.facebook.com\/groups\/3431398063740829\" \/>\n<meta property=\"article:modified_time\" content=\"2024-11-18T08:43:31+00:00\" \/>\n<meta property=\"og:image\" content=\"https:\/\/nuevo-renacer.com\/wp-content\/uploads\/2024\/11\/edgarpereiraarmond.jpg\" \/>\n\t<meta property=\"og:image:width\" content=\"184\" \/>\n\t<meta property=\"og:image:height\" content=\"238\" \/>\n\t<meta property=\"og:image:type\" content=\"image\/jpeg\" \/>\n<meta name=\"twitter:card\" content=\"summary_large_image\" \/>\n<meta name=\"twitter:label1\" content=\"Dur\u00e9e de lecture estim\u00e9e\" \/>\n\t<meta name=\"twitter:data1\" content=\"3 minutes\" \/>\n<script type=\"application\/ld+json\" class=\"yoast-schema-graph\">{\"@context\":\"https:\/\/schema.org\",\"@graph\":[{\"@type\":\"WebPage\",\"@id\":\"https:\/\/nuevo-renacer.com\/edgard-pereira-armond\/\",\"url\":\"https:\/\/nuevo-renacer.com\/edgard-pereira-armond\/\",\"name\":\"Edgard Pereira Armond - Uni\u00f3n Esp\u00edrita\",\"isPartOf\":{\"@id\":\"https:\/\/nuevo-renacer.com\/#website\"},\"primaryImageOfPage\":{\"@id\":\"https:\/\/nuevo-renacer.com\/edgard-pereira-armond\/#primaryimage\"},\"image\":{\"@id\":\"https:\/\/nuevo-renacer.com\/edgard-pereira-armond\/#primaryimage\"},\"thumbnailUrl\":\"https:\/\/nuevo-renacer.com\/wp-content\/uploads\/2024\/11\/edgarpereiraarmond.jpg\",\"datePublished\":\"2024-11-18T08:03:14+00:00\",\"dateModified\":\"2024-11-18T08:43:31+00:00\",\"breadcrumb\":{\"@id\":\"https:\/\/nuevo-renacer.com\/edgard-pereira-armond\/#breadcrumb\"},\"inLanguage\":\"fr-FR\",\"potentialAction\":[{\"@type\":\"ReadAction\",\"target\":[\"https:\/\/nuevo-renacer.com\/edgard-pereira-armond\/\"]}]},{\"@type\":\"ImageObject\",\"inLanguage\":\"fr-FR\",\"@id\":\"https:\/\/nuevo-renacer.com\/edgard-pereira-armond\/#primaryimage\",\"url\":\"https:\/\/nuevo-renacer.com\/wp-content\/uploads\/2024\/11\/edgarpereiraarmond.jpg\",\"contentUrl\":\"https:\/\/nuevo-renacer.com\/wp-content\/uploads\/2024\/11\/edgarpereiraarmond.jpg\"},{\"@type\":\"BreadcrumbList\",\"@id\":\"https:\/\/nuevo-renacer.com\/edgard-pereira-armond\/#breadcrumb\",\"itemListElement\":[{\"@type\":\"ListItem\",\"position\":1,\"name\":\"Startseite\",\"item\":\"https:\/\/nuevo-renacer.com\/\"},{\"@type\":\"ListItem\",\"position\":2,\"name\":\"Edgard Pereira Armond\"}]},{\"@type\":\"WebSite\",\"@id\":\"https:\/\/nuevo-renacer.com\/#website\",\"url\":\"https:\/\/nuevo-renacer.com\/\",\"name\":\"Uni\u00f3n Esp\u00edrita\",\"description\":\"Nuevo Renacer\",\"publisher\":{\"@id\":\"https:\/\/nuevo-renacer.com\/#organization\"},\"potentialAction\":[{\"@type\":\"SearchAction\",\"target\":{\"@type\":\"EntryPoint\",\"urlTemplate\":\"https:\/\/nuevo-renacer.com\/?s={search_term_string}\"},\"query-input\":{\"@type\":\"PropertyValueSpecification\",\"valueRequired\":true,\"valueName\":\"search_term_string\"}}],\"inLanguage\":\"fr-FR\"},{\"@type\":\"Organization\",\"@id\":\"https:\/\/nuevo-renacer.com\/#organization\",\"name\":\"UFEC\",\"url\":\"https:\/\/nuevo-renacer.com\/\",\"logo\":{\"@type\":\"ImageObject\",\"inLanguage\":\"fr-FR\",\"@id\":\"https:\/\/nuevo-renacer.com\/#\/schema\/logo\/image\/\",\"url\":\"https:\/\/nuevo-renacer.com\/wp-content\/uploads\/2024\/05\/cropped-LOGO-TERMINADO1-3-3.png\",\"contentUrl\":\"https:\/\/nuevo-renacer.com\/wp-content\/uploads\/2024\/05\/cropped-LOGO-TERMINADO1-3-3.png\",\"width\":512,\"height\":512,\"caption\":\"UFEC\"},\"image\":{\"@id\":\"https:\/\/nuevo-renacer.com\/#\/schema\/logo\/image\/\"},\"sameAs\":[\"https:\/\/www.facebook.com\/groups\/3431398063740829\"]}]}<\/script>\n<!-- \/ Yoast SEO Premium plugin. -->","yoast_head_json":{"title":"Edgard Pereira Armond - Uni\u00f3n Esp\u00edrita","robots":{"index":"index","follow":"follow","max-snippet":"max-snippet:-1","max-image-preview":"max-image-preview:large","max-video-preview":"max-video-preview:-1"},"canonical":"https:\/\/nuevo-renacer.com\/fr\/edgard-pereira-armond\/","og_locale":"fr_FR","og_type":"article","og_title":"Edgard Pereira Armond","og_description":"Edgard Pereira Armond Edgard Pereira Armond naci\u00f3 el 14 de junio de 1894 en Guaratinguet\u00e1 (Brasil), en el valle del Para\u00edba. De familia humilde, a los 21 a\u00f1os Armond ingres\u00f3 en la Fuerza P\u00fablica de S\u00e3o Paulo, donde inici\u00f3 la carrera que le dar\u00eda el t\u00edtulo por el que a\u00fan hoy se le conoce: \u00abComandante\u00bb. [&hellip;]","og_url":"https:\/\/nuevo-renacer.com\/fr\/edgard-pereira-armond\/","og_site_name":"Uni\u00f3n Esp\u00edrita","article_publisher":"https:\/\/www.facebook.com\/groups\/3431398063740829","article_modified_time":"2024-11-18T08:43:31+00:00","og_image":[{"width":184,"height":238,"url":"https:\/\/nuevo-renacer.com\/wp-content\/uploads\/2024\/11\/edgarpereiraarmond.jpg","type":"image\/jpeg"}],"twitter_card":"summary_large_image","twitter_misc":{"Dur\u00e9e de lecture estim\u00e9e":"3 minutes"},"schema":{"@context":"https:\/\/schema.org","@graph":[{"@type":"WebPage","@id":"https:\/\/nuevo-renacer.com\/edgard-pereira-armond\/","url":"https:\/\/nuevo-renacer.com\/edgard-pereira-armond\/","name":"Edgard Pereira Armond - Uni\u00f3n Esp\u00edrita","isPartOf":{"@id":"https:\/\/nuevo-renacer.com\/#website"},"primaryImageOfPage":{"@id":"https:\/\/nuevo-renacer.com\/edgard-pereira-armond\/#primaryimage"},"image":{"@id":"https:\/\/nuevo-renacer.com\/edgard-pereira-armond\/#primaryimage"},"thumbnailUrl":"https:\/\/nuevo-renacer.com\/wp-content\/uploads\/2024\/11\/edgarpereiraarmond.jpg","datePublished":"2024-11-18T08:03:14+00:00","dateModified":"2024-11-18T08:43:31+00:00","breadcrumb":{"@id":"https:\/\/nuevo-renacer.com\/edgard-pereira-armond\/#breadcrumb"},"inLanguage":"fr-FR","potentialAction":[{"@type":"ReadAction","target":["https:\/\/nuevo-renacer.com\/edgard-pereira-armond\/"]}]},{"@type":"ImageObject","inLanguage":"fr-FR","@id":"https:\/\/nuevo-renacer.com\/edgard-pereira-armond\/#primaryimage","url":"https:\/\/nuevo-renacer.com\/wp-content\/uploads\/2024\/11\/edgarpereiraarmond.jpg","contentUrl":"https:\/\/nuevo-renacer.com\/wp-content\/uploads\/2024\/11\/edgarpereiraarmond.jpg"},{"@type":"BreadcrumbList","@id":"https:\/\/nuevo-renacer.com\/edgard-pereira-armond\/#breadcrumb","itemListElement":[{"@type":"ListItem","position":1,"name":"Startseite","item":"https:\/\/nuevo-renacer.com\/"},{"@type":"ListItem","position":2,"name":"Edgard Pereira Armond"}]},{"@type":"WebSite","@id":"https:\/\/nuevo-renacer.com\/#website","url":"https:\/\/nuevo-renacer.com\/","name":"Uni\u00f3n Esp\u00edrita","description":"Nuevo Renacer","publisher":{"@id":"https:\/\/nuevo-renacer.com\/#organization"},"potentialAction":[{"@type":"SearchAction","target":{"@type":"EntryPoint","urlTemplate":"https:\/\/nuevo-renacer.com\/?s={search_term_string}"},"query-input":{"@type":"PropertyValueSpecification","valueRequired":true,"valueName":"search_term_string"}}],"inLanguage":"fr-FR"},{"@type":"Organization","@id":"https:\/\/nuevo-renacer.com\/#organization","name":"UFEC","url":"https:\/\/nuevo-renacer.com\/","logo":{"@type":"ImageObject","inLanguage":"fr-FR","@id":"https:\/\/nuevo-renacer.com\/#\/schema\/logo\/image\/","url":"https:\/\/nuevo-renacer.com\/wp-content\/uploads\/2024\/05\/cropped-LOGO-TERMINADO1-3-3.png","contentUrl":"https:\/\/nuevo-renacer.com\/wp-content\/uploads\/2024\/05\/cropped-LOGO-TERMINADO1-3-3.png","width":512,"height":512,"caption":"UFEC"},"image":{"@id":"https:\/\/nuevo-renacer.com\/#\/schema\/logo\/image\/"},"sameAs":["https:\/\/www.facebook.com\/groups\/3431398063740829"]}]}},"uagb_featured_image_src":{"full":false,"thumbnail":false,"medium":false,"medium_large":false,"large":false,"1536x1536":false,"2048x2048":false,"trp-custom-language-flag":false},"uagb_author_info":{"display_name":"adbv0","author_link":"https:\/\/nuevo-renacer.com\/fr\/author\/adbv0\/"},"uagb_comment_info":0,"uagb_excerpt":"Edgard Pereira Armond Edgard Pereira Armond naci\u00f3 el 14 de junio de 1894 en Guaratinguet\u00e1 (Brasil), en el valle del Para\u00edba. De familia humilde, a los 21 a\u00f1os Armond ingres\u00f3 en la Fuerza P\u00fablica de S\u00e3o Paulo, donde inici\u00f3 la carrera que le dar\u00eda el t\u00edtulo por el que a\u00fan hoy se le conoce: \u00abComandante\u00bb.\u2026","jetpack_sharing_enabled":true,"_links":{"self":[{"href":"https:\/\/nuevo-renacer.com\/fr\/wp-json\/wp\/v2\/pages\/6159","targetHints":{"allow":["GET"]}}],"collection":[{"href":"https:\/\/nuevo-renacer.com\/fr\/wp-json\/wp\/v2\/pages"}],"about":[{"href":"https:\/\/nuevo-renacer.com\/fr\/wp-json\/wp\/v2\/types\/page"}],"author":[{"embeddable":true,"href":"https:\/\/nuevo-renacer.com\/fr\/wp-json\/wp\/v2\/users\/1"}],"replies":[{"embeddable":true,"href":"https:\/\/nuevo-renacer.com\/fr\/wp-json\/wp\/v2\/comments?post=6159"}],"version-history":[{"count":7,"href":"https:\/\/nuevo-renacer.com\/fr\/wp-json\/wp\/v2\/pages\/6159\/revisions"}],"predecessor-version":[{"id":6175,"href":"https:\/\/nuevo-renacer.com\/fr\/wp-json\/wp\/v2\/pages\/6159\/revisions\/6175"}],"wp:attachment":[{"href":"https:\/\/nuevo-renacer.com\/fr\/wp-json\/wp\/v2\/media?parent=6159"}],"curies":[{"name":"wp","href":"https:\/\/api.w.org\/{rel}","templated":true}]}}