{"id":6123,"date":"2024-11-13T08:37:55","date_gmt":"2024-11-13T08:37:55","guid":{"rendered":"https:\/\/nuevo-renacer.com\/?page_id=6123"},"modified":"2024-11-13T08:37:55","modified_gmt":"2024-11-13T08:37:55","slug":"william-stainton-moses","status":"publish","type":"page","link":"https:\/\/nuevo-renacer.com\/fr\/william-stainton-moses\/","title":{"rendered":"William Stainton Moses"},"content":{"rendered":"<div class=\"wp-block-uagb-container uagb-block-81e406c0 alignfull uagb-is-root-container\"><div class=\"uagb-container-inner-blocks-wrap\">\n<p class=\"has-black-color has-text-color has-link-color has-medium-font-size wp-elements-38c5d581087f9cc60ef2df25a1d7f234\"><strong>William Stainton Moses<\/strong><\/p>\n<\/div><\/div>\n\n\n\n<div class=\"wp-block-uagb-container uagb-block-7dce2be8 alignfull uagb-is-root-container\"><div class=\"uagb-container-inner-blocks-wrap\">\n<figure class=\"wp-block-image size-full is-resized\"><img fetchpriority=\"high\" decoding=\"async\" width=\"1000\" height=\"748\" src=\"https:\/\/nuevo-renacer.com\/wp-content\/uploads\/2024\/11\/William_staiton_moses_foto.jpg\" alt=\"\" class=\"wp-image-6124\" style=\"width:298px;height:auto\" srcset=\"https:\/\/nuevo-renacer.com\/wp-content\/uploads\/2024\/11\/William_staiton_moses_foto.jpg 1000w, https:\/\/nuevo-renacer.com\/wp-content\/uploads\/2024\/11\/William_staiton_moses_foto-300x224.jpg 300w, https:\/\/nuevo-renacer.com\/wp-content\/uploads\/2024\/11\/William_staiton_moses_foto-768x574.jpg 768w, https:\/\/nuevo-renacer.com\/wp-content\/uploads\/2024\/11\/William_staiton_moses_foto-16x12.jpg 16w\" sizes=\"(max-width: 1000px) 100vw, 1000px\" \/><\/figure>\n<\/div><\/div>\n\n\n\n<div class=\"wp-block-uagb-container uagb-block-be4115a9 alignfull uagb-is-root-container\"><div class=\"uagb-container-inner-blocks-wrap\">\n<p class=\"has-black-color has-text-color has-link-color has-small-font-size wp-elements-f4be6802798c5d0801fa5189daf9b61f\">William Stainton Moses est n\u00e9 le 5 novembre 1839, dans Domington, dans le Lincolnshire, en Angleterre, et desencarno le 5 septembre 1892.<\/p>\n\n\n\n<p class=\"has-black-color has-text-color has-link-color has-small-font-size wp-elements-42b5063d4669be0594eb22e780bb7971\">Son p\u00e8re, William Mo\u00efse, a \u00e9t\u00e9 recteur de l&#039;\u00e9cole de grammaire, et sa m\u00e8re \u00e9tait la fille de Thomas Stainton d Alford. Le jeune William Stainton Moses a commenc\u00e9 ses \u00e9tudes sous la direction de son p\u00e8re, et a ensuite \u00e9t\u00e9 confi\u00e9e \u00e0 un professeur priv\u00e9 qui, surpris par leurs comp\u00e9tences, eu \u00e9norm\u00e9ment de mal avec son p\u00e8re d&#039;envoyer son fils \u00e0 l&#039;\u00e9cole publique. En 1855, il est entr\u00e9 \u00e0 l&#039;\u00c9cole de Grammaire de Bedford, o\u00f9 il a \u00e9tudi\u00e9 pendant trois ans, qui m\u00e9rite des enseignants de la suisse et de la louange, car \u00e0 c\u00f4t\u00e9 de son d\u00e9vouement \u00e0 l&#039;\u00e9gard des \u00e9tudes ont r\u00e9v\u00e9l\u00e9 acendrado sens du devoir. Apr\u00e8s avoir re\u00e7u de nombreuses r\u00e9compenses \u00e0 gauche de cette \u00e9cole.<\/p>\n\n\n\n<p class=\"has-black-color has-text-color has-link-color has-small-font-size wp-elements-d9988a8f9a2423f9fe4654ef11e819f4\">Bedford, Stainton Moses est entr\u00e9 dans le \u201cExeter College, Oxford, en 1858. Sa vie d&#039;\u00e9tudiant \u00e9tait digne des plus grands honneurs, ayant m\u00eame devenir dangereusement malade \u00e0 cause de l&#039;attachement excessif aux disciplines de l&#039;\u00e9cole.<\/p>\n\n\n\n<p class=\"has-black-color has-text-color has-link-color has-small-font-size wp-elements-0a93471f864a1b46e55106f67c762cd5\">Pour convalecer de la maladie, il a voyag\u00e9 pendant un an sur le continent europ\u00e9en, et, \u00e0 son retour, il a pass\u00e9 six mois dans l&#039;ancien monast\u00e8re des grecs du Mont Athos. La curiosit\u00e9 et surtout un grand besoin de la m\u00e9ditation et de l&#039;isolement forc\u00e9 \u00e0 rester tout le temps dans le couvent. Apr\u00e8s quelques ann\u00e9es, son mentor spirituel, connu comme Imperator, il a expliqu\u00e9 que, depuis lors, il avait \u00e9t\u00e9 influenc\u00e9 par des entit\u00e9s spirituelles int\u00e9ress\u00e9 \u00e0 aider leur \u00e9ducation spirituelle.<\/p>\n\n\n\n<p class=\"has-black-color has-text-color has-link-color has-small-font-size wp-elements-2f1027dea7f435b32550a9089c5e57fc\">Avec 23 ans d&#039;\u00e2ge, Stainton Moses retourna \u00e0 Oxford. Ali, \u00e0 la r\u00e9ception de son dipl\u00f4me, il a quitt\u00e9 l&#039;universit\u00e9 en 1863. M\u00eame si elle \u00e9tait en meilleure sant\u00e9, la n\u00e9cessit\u00e9 de vivre une vie dans le domaine, a men\u00e9 \u00e0 accepter un pastorat dans Maughold, pr\u00e8s de Ramsey, \u00cele de Man, en restant l\u00e0 pendant cinq ans, en remplacement du recteur qui, en raison de son \u00e2ge avanc\u00e9, il \u00e9tait incapable d&#039;exercer ces fonctions. Cela a conduit \u00e0 Mo\u00efse d&#039;avoir une double t\u00e2che.<\/p>\n\n\n\n<p class=\"has-black-color has-text-color has-link-color has-small-font-size wp-elements-4bd1d9cffc495552a69a0ea72dbb2e24\">Une \u00e9pid\u00e9mie de variole, qui a \u00e9t\u00e9 manifest\u00e9 dans la r\u00e9gion, a mis en \u00e9vidence leur d\u00e9vouement et de bravoure. Comme il n&#039;y avait pas de m\u00e9decin dans la place, le jeune homme, qui avait une certaine connaissance de la m\u00e9decine, il a trait\u00e9 avec les corps et les \u00e2mes des habitants de la r\u00e9gion. Jour et nuit, afin d&#039;\u00eatre compos\u00e9, mais l&#039;\u00e9pid\u00e9mie a progress\u00e9 lentement, faisant de lui aussi pasteur religieux est devenu le m\u00e9decin et entrepreneur de pompes fun\u00e8bres de la base de la population. Leur extr\u00eame d\u00e9vouement n&#039;a que devenir encore plus aim\u00e9 de ses paroissiens. Cependant, son \u00e9tat de sant\u00e9, qu&#039;il ne pouvait pas supporter les obligations impos\u00e9es par l&#039;administration de deux paroisses, il fut contraint de chercher un nouveau domicile. Malgr\u00e9 une p\u00e9tition qui a \u00e9t\u00e9 r\u00e9alis\u00e9 par les habitants de l&#039;endroit, Stainton Moses se retire avec douleur \u00e0 remplir en 1868, le cur\u00e9 de Saint-Georges, Douglas, Ile de Man, o\u00f9 il tomba gravement malade et d&#039;\u00eatre trait\u00e9 par le Dr Stanhope Speers, qui r\u00e9sidait \u00e0 Douglas avec sa femme, et qu&#039;il n&#039;a pas exerc\u00e9 sa profession.<\/p>\n\n\n\n<p class=\"has-black-color has-text-color has-link-color has-small-font-size wp-elements-1a341f2fcb4bc261ed4e48f834d2af89\">En septembre 1869, il a quitt\u00e9 la maison, laissant une impression profonde pour la pr\u00e9dication et de la charit\u00e9 pratiqu\u00e9e. Apr\u00e8s quelques mois, dans lequel il a servi l&#039;\u00e9glise dans Langton, et dans un curacy dans le dioc\u00e8se de Salisbury, d&#039;une maladie de la gorge, l&#039;a forc\u00e9 \u00e0 abandonner le minist\u00e8re.<\/p>\n\n\n\n<p class=\"has-black-color has-text-color has-link-color has-small-font-size wp-elements-d09098c9050c02a28dc1faa46e73082e\">\u00c0 la fin de l&#039;ann\u00e9e 1870, Stainton obtient un poste de professeur d&#039;anglais \u00e0 l&#039;Universit\u00e9 College de l&#039;\u00c9cole, un poste qu&#039;il a occup\u00e9 jusqu&#039;en 1889. En 1870, son attention a \u00e9t\u00e9 attir\u00e9e vers le Spiritisme, pendant le temps qu&#039;ils ont r\u00e9sid\u00e9 dans la maison du Dr Speer \u00e0 Londres. La femme du m\u00e9decin a \u00e9t\u00e9 malade pendant trois semaines, et, pour d\u00e9tourner l&#039;attention, de lire le livre \u201cDiscutable de la Terre\u201d (une R\u00e9gion en litige entre ce monde et l&#039;autre), \u00e9crit par Dale Owen. Int\u00e9ress\u00e9 intens\u00e9ment pour ce livre, d\u00e8s qu&#039;elle fut en mesure de reprendre votre place dans la famille de la r\u00e9union, il a demand\u00e9 \u00e0 Stainton Moses qu&#039;il faut lire et de chercher \u00e0 d\u00e9couvrir ce qui pourrait \u00eatre la v\u00e9rit\u00e9 dans le fait que l&#039;auteur racontait.<\/p>\n\n\n\n<p class=\"has-black-color has-text-color has-link-color has-small-font-size wp-elements-af7f8cd292325f98b4b617cfa7a2841c\">Le dr Speer, et Stainton Moses \u00e0 plusieurs reprises discut\u00e9 de certains points de doctrine de la religion qu&#039;ils professaient, et comme ils n&#039;ont pas \u00e9t\u00e9 tr\u00e8s satisfait de la doctrine, le Dr Speer \u00e9tait devenu un mat\u00e9rialiste sans compromis.<\/p>\n\n\n\n<p class=\"has-black-color has-text-color has-link-color has-small-font-size wp-elements-ae56e068381749be64275192f76b109d\">En 1872, Stainton Moses a commenc\u00e9 \u00e0 \u00e9tudier le Spiritisme \u00e0 l&#039;accomplissement de la promesse faite \u00e0 Mme Speers, pour avoir assist\u00e9 \u00e0 quelques s\u00e9ances de spiritisme, en particulier celui que j&#039;ai eu comme un moyen de Lottie Towler. Dans une session, tenue \u00e0 la r\u00e9sidence de l&#039;Speers, d&#039;avoir \u00e0 Stainton Moses comme moyen d&#039;expression, ils \u00e9taient tous convaincus de la r\u00e9alit\u00e9 de l&#039;existence des Esprits de la communication, le renforcement de la croyance en l&#039;immortalit\u00e9 de l&#039;\u00e2me.<\/p>\n\n\n\n<p class=\"has-black-color has-text-color has-link-color has-small-font-size wp-elements-b2e0f9fb558da1fe3d40e17247e1d7d0\">\u00c0 l&#039;\u00e9poque, a commenc\u00e9 \u00e0 s&#039;\u00e9panouir mediunidad de Mo\u00efse, qui \u00e9tait dou\u00e9 d&#039;une extraordinaire puissance. N&#039;a jamais eu lieu moins de dix esp\u00e8ces diff\u00e9rentes de manifestations dans le cadre des s\u00e9ances men\u00e9es par leur interm\u00e9diaire. Lorsque les conditions \u00e9taient favorables, les manifestations se sont multipli\u00e9es, les coups devinrent plus fr\u00e9quentes, plus lumineux des lumi\u00e8res et de la musique, des sons de plus en plus diff\u00e9rents. Les ph\u00e9nom\u00e8nes merveilleux sont produites par elle: la musique, les sons, les coups de poing, des fus\u00e9es \u00e9clairantes, balsamizaci\u00f3n de l&#039;environnement avec des parfums vari\u00e9s, lourd \u00e9tapes produite par un Esprit qui est appel\u00e9 \u201cChancelier\u201d, qui \u00e9branla l&#039;atmosph\u00e8re, scintillantes, de cloches, de la L\u00e9vitation du corps lourds: les tables, les chaises, la transposition de la mati\u00e8re, les ph\u00e9nom\u00e8nes de voix directe, en plus d&#039;une vari\u00e9t\u00e9 indescriptible ph\u00e9nom\u00e8nes les plus diverses nuances.<\/p>\n\n\n\n<p class=\"has-black-color has-text-color has-link-color has-small-font-size wp-elements-ef1d42f1f6d6f966f09128b96758c8c0\">Au cours de la p\u00e9riode active de votre mediunidad, Stainton Moses occup\u00e9 lui-m\u00eame de mani\u00e8re assidue \u00e0 la formation de soci\u00e9t\u00e9s dans le but d&#039;\u00e9tudier le Spiritisme. Il a contribu\u00e9 \u00e0 la fondation de l&#039;Association Nationale Britannique Spiritualistes, en 1873, de la Psychological Society de Grande-Bretagne, en avril 1875, qui a \u00e9t\u00e9 l&#039;un des premiers membres du conseil, la Soci\u00e9t\u00e9 de Recherche Psychique en 1882, et, finalement, l&#039;Alliance Spiritualiste de Londres, dont il a \u00e9t\u00e9 le premier pr\u00e9sident, un poste qu&#039;il a occup\u00e9 jusqu&#039;\u00e0 sa desencarnaci\u00f3n.<\/p>\n\n\n\n<p class=\"has-black-color has-text-color has-link-color has-small-font-size wp-elements-c48f79d0c5f5bb93db8b7ed95698f5b1\">En plus de ces activit\u00e9s, il a dirig\u00e9 le magazine de la Lumi\u00e8re, journal d&#039;arri\u00e8re-plan spirite. Bien que votre facult\u00e9 medi\u00fanica descend dans l&#039;intensit\u00e9, il a toujours conserv\u00e9 le pouvoir de psychographics.<\/p>\n\n\n\n<p class=\"has-black-color has-text-color has-link-color has-small-font-size wp-elements-54504f906a74e104a8a8816faecda3c3\">Depuis 1889, son \u00e9tat de sant\u00e9 s&#039;est fortement d\u00e9grad\u00e9e, les attaques de l&#039;influenza ont port\u00e9 atteinte \u00e0 sa constitution, qui n&#039;avait jamais \u00e9t\u00e9 robuste, ce qui provoque sa desencarnaci\u00f3n.<\/p>\n\n\n\n<p class=\"has-black-color has-text-color has-link-color has-small-font-size wp-elements-3dd5100691ab8274e837baf7804163c8\">Son ouvrage \u201cl&#039;Esprit des Enseignements\u201d est une \u0153uvre qui contient un ensemble d&#039;enseignements donn\u00e9s par l&#039;Esprit de l&#039;Empereur.<\/p>\n\n\n\n<div class=\"wp-block-uagb-container uagb-block-06d69fac\">\n<figure class=\"wp-block-image size-full is-resized\"><img decoding=\"async\" width=\"597\" height=\"924\" src=\"https:\/\/nuevo-renacer.com\/wp-content\/uploads\/2024\/11\/51IQdxUa2SL._AC_UF10001000_QL80_.jpg\" alt=\"\" class=\"wp-image-6125\" style=\"width:174px;height:auto\" srcset=\"https:\/\/nuevo-renacer.com\/wp-content\/uploads\/2024\/11\/51IQdxUa2SL._AC_UF10001000_QL80_.jpg 597w, https:\/\/nuevo-renacer.com\/wp-content\/uploads\/2024\/11\/51IQdxUa2SL._AC_UF10001000_QL80_-194x300.jpg 194w, https:\/\/nuevo-renacer.com\/wp-content\/uploads\/2024\/11\/51IQdxUa2SL._AC_UF10001000_QL80_-8x12.jpg 8w\" sizes=\"(max-width: 597px) 100vw, 597px\" \/><\/figure>\n<\/div>\n\n\n\n<p class=\"has-black-color has-text-color has-link-color has-small-font-size wp-elements-74570bfe7dfa34af53edcafd75910151\">Dans votre vie, Stainton Moses \u00e9tait un homme tresser des, \u00e0 droite, qui a toujours exerc\u00e9 des jugements, modeste, sans vanit\u00e9, que je n&#039;ai jamais couru des mots durs \u00e0 ses d\u00e9tracteurs, et qui, en bref, poss\u00e8de un ensemble de qualit\u00e9s rares chez les hommes.<\/p>\n<\/div><\/div>\n\n\n\n<div class=\"wp-block-uagb-container uagb-block-515436af alignfull uagb-is-root-container\"><div class=\"uagb-container-inner-blocks-wrap\"><\/div><\/div>\n\n\n\n<div class=\"wp-block-uagb-container uagb-block-310ce2ed alignfull uagb-is-root-container\"><div class=\"uagb-container-inner-blocks-wrap\"><\/div><\/div>","protected":false},"excerpt":{"rendered":"<p>William Stainton Moses William Stainton Moses naci\u00f3 el 5 de noviembre de 1839 en Domington, Lincolnshire, Inglaterra, y desencarno el 5 de septiembre de 1892. Su padre, William Moses, era rector de la escuela de gram\u00e1tica, y su madre era hija de Thomas Stainton d&#8217;Alford. El joven William Stainton Moses comenz\u00f3 sus estudios bajo la [&hellip;]<\/p>","protected":false},"author":1,"featured_media":0,"parent":0,"menu_order":0,"comment_status":"closed","ping_status":"closed","template":"","meta":{"_uag_custom_page_level_css":"","site-sidebar-layout":"default","site-content-layout":"","ast-site-content-layout":"default","site-content-style":"default","site-sidebar-style":"default","ast-global-header-display":"","ast-banner-title-visibility":"","ast-main-header-display":"","ast-hfb-above-header-display":"","ast-hfb-below-header-display":"","ast-hfb-mobile-header-display":"","site-post-title":"disabled","ast-breadcrumbs-content":"","ast-featured-img":"","footer-sml-layout":"","theme-transparent-header-meta":"","adv-header-id-meta":"","stick-header-meta":"","header-above-stick-meta":"","header-main-stick-meta":"","header-below-stick-meta":"","astra-migrate-meta-layouts":"set","ast-page-background-enabled":"default","ast-page-background-meta":{"desktop":{"background-color":"var(--ast-global-color-4)","background-image":"","background-repeat":"repeat","background-position":"center center","background-size":"auto","background-attachment":"scroll","background-type":"","background-media":"","overlay-type":"","overlay-color":"","overlay-opacity":"","overlay-gradient":""},"tablet":{"background-color":"","background-image":"","background-repeat":"repeat","background-position":"center center","background-size":"auto","background-attachment":"scroll","background-type":"","background-media":"","overlay-type":"","overlay-color":"","overlay-opacity":"","overlay-gradient":""},"mobile":{"background-color":"","background-image":"","background-repeat":"repeat","background-position":"center center","background-size":"auto","background-attachment":"scroll","background-type":"","background-media":"","overlay-type":"","overlay-color":"","overlay-opacity":"","overlay-gradient":""}},"ast-content-background-meta":{"desktop":{"background-color":"var(--ast-global-color-5)","background-image":"","background-repeat":"repeat","background-position":"center center","background-size":"auto","background-attachment":"scroll","background-type":"","background-media":"","overlay-type":"","overlay-color":"","overlay-opacity":"","overlay-gradient":""},"tablet":{"background-color":"var(--ast-global-color-5)","background-image":"","background-repeat":"repeat","background-position":"center center","background-size":"auto","background-attachment":"scroll","background-type":"","background-media":"","overlay-type":"","overlay-color":"","overlay-opacity":"","overlay-gradient":""},"mobile":{"background-color":"var(--ast-global-color-5)","background-image":"","background-repeat":"repeat","background-position":"center center","background-size":"auto","background-attachment":"scroll","background-type":"","background-media":"","overlay-type":"","overlay-color":"","overlay-opacity":"","overlay-gradient":""}},"footnotes":""},"class_list":["post-6123","page","type-page","status-publish","hentry"],"yoast_head":"<!-- This site is optimized with the Yoast SEO Premium plugin v24.2 (Yoast SEO v24.6) - https:\/\/yoast.com\/wordpress\/plugins\/seo\/ -->\n<title>William Stainton Moses - Uni\u00f3n Esp\u00edrita<\/title>\n<meta name=\"robots\" content=\"index, follow, max-snippet:-1, max-image-preview:large, max-video-preview:-1\" \/>\n<link rel=\"canonical\" href=\"https:\/\/nuevo-renacer.com\/fr\/william-stainton-moses\/\" \/>\n<meta property=\"og:locale\" content=\"fr_FR\" \/>\n<meta property=\"og:type\" content=\"article\" \/>\n<meta property=\"og:title\" content=\"William Stainton Moses\" \/>\n<meta property=\"og:description\" content=\"William Stainton Moses William Stainton Moses naci\u00f3 el 5 de noviembre de 1839 en Domington, Lincolnshire, Inglaterra, y desencarno el 5 de septiembre de 1892. Su padre, William Moses, era rector de la escuela de gram\u00e1tica, y su madre era hija de Thomas Stainton d&#8217;Alford. El joven William Stainton Moses comenz\u00f3 sus estudios bajo la [&hellip;]\" \/>\n<meta property=\"og:url\" content=\"https:\/\/nuevo-renacer.com\/fr\/william-stainton-moses\/\" \/>\n<meta property=\"og:site_name\" content=\"Uni\u00f3n Esp\u00edrita\" \/>\n<meta property=\"article:publisher\" content=\"https:\/\/www.facebook.com\/groups\/3431398063740829\" \/>\n<meta property=\"og:image\" content=\"https:\/\/nuevo-renacer.com\/wp-content\/uploads\/2024\/11\/William_staiton_moses_foto.jpg\" \/>\n\t<meta property=\"og:image:width\" content=\"1000\" \/>\n\t<meta property=\"og:image:height\" content=\"748\" \/>\n\t<meta property=\"og:image:type\" content=\"image\/jpeg\" \/>\n<meta name=\"twitter:card\" content=\"summary_large_image\" \/>\n<meta name=\"twitter:label1\" content=\"Dur\u00e9e de lecture estim\u00e9e\" \/>\n\t<meta name=\"twitter:data1\" content=\"6 minutes\" \/>\n<script type=\"application\/ld+json\" class=\"yoast-schema-graph\">{\"@context\":\"https:\/\/schema.org\",\"@graph\":[{\"@type\":\"WebPage\",\"@id\":\"https:\/\/nuevo-renacer.com\/william-stainton-moses\/\",\"url\":\"https:\/\/nuevo-renacer.com\/william-stainton-moses\/\",\"name\":\"William Stainton Moses - Uni\u00f3n Esp\u00edrita\",\"isPartOf\":{\"@id\":\"https:\/\/nuevo-renacer.com\/#website\"},\"primaryImageOfPage\":{\"@id\":\"https:\/\/nuevo-renacer.com\/william-stainton-moses\/#primaryimage\"},\"image\":{\"@id\":\"https:\/\/nuevo-renacer.com\/william-stainton-moses\/#primaryimage\"},\"thumbnailUrl\":\"https:\/\/nuevo-renacer.com\/wp-content\/uploads\/2024\/11\/William_staiton_moses_foto.jpg\",\"datePublished\":\"2024-11-13T08:37:55+00:00\",\"breadcrumb\":{\"@id\":\"https:\/\/nuevo-renacer.com\/william-stainton-moses\/#breadcrumb\"},\"inLanguage\":\"fr-FR\",\"potentialAction\":[{\"@type\":\"ReadAction\",\"target\":[\"https:\/\/nuevo-renacer.com\/william-stainton-moses\/\"]}]},{\"@type\":\"ImageObject\",\"inLanguage\":\"fr-FR\",\"@id\":\"https:\/\/nuevo-renacer.com\/william-stainton-moses\/#primaryimage\",\"url\":\"https:\/\/nuevo-renacer.com\/wp-content\/uploads\/2024\/11\/William_staiton_moses_foto.jpg\",\"contentUrl\":\"https:\/\/nuevo-renacer.com\/wp-content\/uploads\/2024\/11\/William_staiton_moses_foto.jpg\"},{\"@type\":\"BreadcrumbList\",\"@id\":\"https:\/\/nuevo-renacer.com\/william-stainton-moses\/#breadcrumb\",\"itemListElement\":[{\"@type\":\"ListItem\",\"position\":1,\"name\":\"Startseite\",\"item\":\"https:\/\/nuevo-renacer.com\/\"},{\"@type\":\"ListItem\",\"position\":2,\"name\":\"William Stainton Moses\"}]},{\"@type\":\"WebSite\",\"@id\":\"https:\/\/nuevo-renacer.com\/#website\",\"url\":\"https:\/\/nuevo-renacer.com\/\",\"name\":\"Uni\u00f3n Esp\u00edrita\",\"description\":\"Nuevo Renacer\",\"publisher\":{\"@id\":\"https:\/\/nuevo-renacer.com\/#organization\"},\"potentialAction\":[{\"@type\":\"SearchAction\",\"target\":{\"@type\":\"EntryPoint\",\"urlTemplate\":\"https:\/\/nuevo-renacer.com\/?s={search_term_string}\"},\"query-input\":{\"@type\":\"PropertyValueSpecification\",\"valueRequired\":true,\"valueName\":\"search_term_string\"}}],\"inLanguage\":\"fr-FR\"},{\"@type\":\"Organization\",\"@id\":\"https:\/\/nuevo-renacer.com\/#organization\",\"name\":\"UFEC\",\"url\":\"https:\/\/nuevo-renacer.com\/\",\"logo\":{\"@type\":\"ImageObject\",\"inLanguage\":\"fr-FR\",\"@id\":\"https:\/\/nuevo-renacer.com\/#\/schema\/logo\/image\/\",\"url\":\"https:\/\/nuevo-renacer.com\/wp-content\/uploads\/2024\/05\/cropped-LOGO-TERMINADO1-3-3.png\",\"contentUrl\":\"https:\/\/nuevo-renacer.com\/wp-content\/uploads\/2024\/05\/cropped-LOGO-TERMINADO1-3-3.png\",\"width\":512,\"height\":512,\"caption\":\"UFEC\"},\"image\":{\"@id\":\"https:\/\/nuevo-renacer.com\/#\/schema\/logo\/image\/\"},\"sameAs\":[\"https:\/\/www.facebook.com\/groups\/3431398063740829\"]}]}<\/script>\n<!-- \/ Yoast SEO Premium plugin. -->","yoast_head_json":{"title":"William Stainton Moses - Uni\u00f3n Esp\u00edrita","robots":{"index":"index","follow":"follow","max-snippet":"max-snippet:-1","max-image-preview":"max-image-preview:large","max-video-preview":"max-video-preview:-1"},"canonical":"https:\/\/nuevo-renacer.com\/fr\/william-stainton-moses\/","og_locale":"fr_FR","og_type":"article","og_title":"William Stainton Moses","og_description":"William Stainton Moses William Stainton Moses naci\u00f3 el 5 de noviembre de 1839 en Domington, Lincolnshire, Inglaterra, y desencarno el 5 de septiembre de 1892. Su padre, William Moses, era rector de la escuela de gram\u00e1tica, y su madre era hija de Thomas Stainton d&#8217;Alford. El joven William Stainton Moses comenz\u00f3 sus estudios bajo la [&hellip;]","og_url":"https:\/\/nuevo-renacer.com\/fr\/william-stainton-moses\/","og_site_name":"Uni\u00f3n Esp\u00edrita","article_publisher":"https:\/\/www.facebook.com\/groups\/3431398063740829","og_image":[{"width":1000,"height":748,"url":"https:\/\/nuevo-renacer.com\/wp-content\/uploads\/2024\/11\/William_staiton_moses_foto.jpg","type":"image\/jpeg"}],"twitter_card":"summary_large_image","twitter_misc":{"Dur\u00e9e de lecture estim\u00e9e":"6 minutes"},"schema":{"@context":"https:\/\/schema.org","@graph":[{"@type":"WebPage","@id":"https:\/\/nuevo-renacer.com\/william-stainton-moses\/","url":"https:\/\/nuevo-renacer.com\/william-stainton-moses\/","name":"William Stainton Moses - Uni\u00f3n Esp\u00edrita","isPartOf":{"@id":"https:\/\/nuevo-renacer.com\/#website"},"primaryImageOfPage":{"@id":"https:\/\/nuevo-renacer.com\/william-stainton-moses\/#primaryimage"},"image":{"@id":"https:\/\/nuevo-renacer.com\/william-stainton-moses\/#primaryimage"},"thumbnailUrl":"https:\/\/nuevo-renacer.com\/wp-content\/uploads\/2024\/11\/William_staiton_moses_foto.jpg","datePublished":"2024-11-13T08:37:55+00:00","breadcrumb":{"@id":"https:\/\/nuevo-renacer.com\/william-stainton-moses\/#breadcrumb"},"inLanguage":"fr-FR","potentialAction":[{"@type":"ReadAction","target":["https:\/\/nuevo-renacer.com\/william-stainton-moses\/"]}]},{"@type":"ImageObject","inLanguage":"fr-FR","@id":"https:\/\/nuevo-renacer.com\/william-stainton-moses\/#primaryimage","url":"https:\/\/nuevo-renacer.com\/wp-content\/uploads\/2024\/11\/William_staiton_moses_foto.jpg","contentUrl":"https:\/\/nuevo-renacer.com\/wp-content\/uploads\/2024\/11\/William_staiton_moses_foto.jpg"},{"@type":"BreadcrumbList","@id":"https:\/\/nuevo-renacer.com\/william-stainton-moses\/#breadcrumb","itemListElement":[{"@type":"ListItem","position":1,"name":"Startseite","item":"https:\/\/nuevo-renacer.com\/"},{"@type":"ListItem","position":2,"name":"William Stainton Moses"}]},{"@type":"WebSite","@id":"https:\/\/nuevo-renacer.com\/#website","url":"https:\/\/nuevo-renacer.com\/","name":"Uni\u00f3n Esp\u00edrita","description":"Nuevo Renacer","publisher":{"@id":"https:\/\/nuevo-renacer.com\/#organization"},"potentialAction":[{"@type":"SearchAction","target":{"@type":"EntryPoint","urlTemplate":"https:\/\/nuevo-renacer.com\/?s={search_term_string}"},"query-input":{"@type":"PropertyValueSpecification","valueRequired":true,"valueName":"search_term_string"}}],"inLanguage":"fr-FR"},{"@type":"Organization","@id":"https:\/\/nuevo-renacer.com\/#organization","name":"UFEC","url":"https:\/\/nuevo-renacer.com\/","logo":{"@type":"ImageObject","inLanguage":"fr-FR","@id":"https:\/\/nuevo-renacer.com\/#\/schema\/logo\/image\/","url":"https:\/\/nuevo-renacer.com\/wp-content\/uploads\/2024\/05\/cropped-LOGO-TERMINADO1-3-3.png","contentUrl":"https:\/\/nuevo-renacer.com\/wp-content\/uploads\/2024\/05\/cropped-LOGO-TERMINADO1-3-3.png","width":512,"height":512,"caption":"UFEC"},"image":{"@id":"https:\/\/nuevo-renacer.com\/#\/schema\/logo\/image\/"},"sameAs":["https:\/\/www.facebook.com\/groups\/3431398063740829"]}]}},"uagb_featured_image_src":{"full":false,"thumbnail":false,"medium":false,"medium_large":false,"large":false,"1536x1536":false,"2048x2048":false,"trp-custom-language-flag":false},"uagb_author_info":{"display_name":"adbv0","author_link":"https:\/\/nuevo-renacer.com\/fr\/author\/adbv0\/"},"uagb_comment_info":0,"uagb_excerpt":"William Stainton Moses William Stainton Moses naci\u00f3 el 5 de noviembre de 1839 en Domington, Lincolnshire, Inglaterra, y desencarno el 5 de septiembre de 1892. Su padre, William Moses, era rector de la escuela de gram\u00e1tica, y su madre era hija de Thomas Stainton d&#8217;Alford. El joven William Stainton Moses comenz\u00f3 sus estudios bajo la\u2026","jetpack_sharing_enabled":true,"_links":{"self":[{"href":"https:\/\/nuevo-renacer.com\/fr\/wp-json\/wp\/v2\/pages\/6123","targetHints":{"allow":["GET"]}}],"collection":[{"href":"https:\/\/nuevo-renacer.com\/fr\/wp-json\/wp\/v2\/pages"}],"about":[{"href":"https:\/\/nuevo-renacer.com\/fr\/wp-json\/wp\/v2\/types\/page"}],"author":[{"embeddable":true,"href":"https:\/\/nuevo-renacer.com\/fr\/wp-json\/wp\/v2\/users\/1"}],"replies":[{"embeddable":true,"href":"https:\/\/nuevo-renacer.com\/fr\/wp-json\/wp\/v2\/comments?post=6123"}],"version-history":[{"count":1,"href":"https:\/\/nuevo-renacer.com\/fr\/wp-json\/wp\/v2\/pages\/6123\/revisions"}],"predecessor-version":[{"id":6126,"href":"https:\/\/nuevo-renacer.com\/fr\/wp-json\/wp\/v2\/pages\/6123\/revisions\/6126"}],"wp:attachment":[{"href":"https:\/\/nuevo-renacer.com\/fr\/wp-json\/wp\/v2\/media?parent=6123"}],"curies":[{"name":"wp","href":"https:\/\/api.w.org\/{rel}","templated":true}]}}