{"id":6013,"date":"2024-11-11T10:48:55","date_gmt":"2024-11-11T10:48:55","guid":{"rendered":"https:\/\/nuevo-renacer.com\/?page_id=6013"},"modified":"2024-11-11T10:52:13","modified_gmt":"2024-11-11T10:52:13","slug":"pedro-de-camargo-vinicius","status":"publish","type":"page","link":"https:\/\/nuevo-renacer.com\/fr\/pedro-de-camargo-vinicius\/","title":{"rendered":"Pedro de Camargo Vin\u00edcius"},"content":{"rendered":"<div class=\"wp-block-uagb-container uagb-block-1782734c alignfull uagb-is-root-container\"><div class=\"uagb-container-inner-blocks-wrap\">\n<p class=\"has-black-color has-text-color has-link-color has-medium-font-size wp-elements-b7c888b21afc5815eb05a51f55ac7f40\"><strong>Pedro de Camargo Vin\u00edcius<\/strong><\/p>\n<\/div><\/div>\n\n\n\n<div class=\"wp-block-uagb-container uagb-block-9ee14697 alignfull uagb-is-root-container\"><div class=\"uagb-container-inner-blocks-wrap\">\n<figure class=\"wp-block-image size-full is-resized\"><img fetchpriority=\"high\" decoding=\"async\" width=\"286\" height=\"399\" src=\"https:\/\/nuevo-renacer.com\/wp-content\/uploads\/2024\/11\/1201467876-300-5b703b22-1.jpg\" alt=\"\" class=\"wp-image-6015\" style=\"width:248px;height:auto\" srcset=\"https:\/\/nuevo-renacer.com\/wp-content\/uploads\/2024\/11\/1201467876-300-5b703b22-1.jpg 286w, https:\/\/nuevo-renacer.com\/wp-content\/uploads\/2024\/11\/1201467876-300-5b703b22-1-215x300.jpg 215w, https:\/\/nuevo-renacer.com\/wp-content\/uploads\/2024\/11\/1201467876-300-5b703b22-1-9x12.jpg 9w\" sizes=\"(max-width: 286px) 100vw, 286px\" \/><\/figure>\n<\/div><\/div>\n\n\n\n<div class=\"wp-block-uagb-container uagb-block-ee82ed41 alignfull uagb-is-root-container\"><div class=\"uagb-container-inner-blocks-wrap\">\n<p class=\"has-black-color has-text-color has-link-color has-small-font-size wp-elements-7efc97408e494cce64d6f46ab5e10897\">Pedro de Camargo Vin\u00edcius &#034;La Grande Vin\u00edcius&#034; Le Plus grand Expositor de l&#039;Evangile \u00e0 la Lumi\u00e8re de la Spiritisme dans les il est n\u00e9 le 7 mai 1878, dans la ville de Piracicaba, dans l&#039;\u00c9tat de S\u00e3o Paulo, au Br\u00e9sil. d\u00e9c\u00e9d\u00e9 le 11 octobre 1966, dans la ville de S\u00e3o Paulo.<\/p>\n\n\n\n<p class=\"has-black-color has-text-color has-link-color has-small-font-size wp-elements-f18b032ed16e140d13ea4dab61c56c0b\">Leurs premi\u00e8res ann\u00e9es d&#039;\u00e9cole ont \u00e9t\u00e9 d\u00e9pens\u00e9s dans le Colegio Piracicabano d&#039;orientation, m\u00e9thodiste et fond\u00e9e aux \u00c9tats-unis. Le directeur de l&#039;\u00e9poque \u00e9tait le missionnaire Martha H. Watts, dont Pedro de Camargo toujours gard\u00e9 un bon souvenir et une grande admiration. Les mots suivants proviennent d&#039;un article qu&#039;il a \u00e9crit \u00e0 l&#039;occasion de la desencarnaci\u00f3n du missionnaire aux \u00c9tats-unis: &#034;Chaque fois que j&#039;ai eu l&#039;occasion d&#039;inoculer les principes de la vertu et les r\u00e8gles de la morale, c&#039;\u00e9tait quand elle \u00e9tait admirable, ce qui d\u00e9montre une rare et exceptionnel, la comp\u00e9tence avec laquelle il avait \u00e9t\u00e9 dou\u00e9 pour jouer de mani\u00e8re sublime mission.<\/p>\n\n\n\n<p class=\"has-black-color has-text-color has-link-color has-small-font-size wp-elements-f462c04ac490127ec2c27c27026e8d57\">Je me souviens que l&#039;un est dans le coin, mme. Watts a \u00e9t\u00e9 capable de mentir ou de dissimuler; les manigances et les pitreries, soigneusement cach\u00e9, nous avons \u00e9t\u00e9 fid\u00e8lement dit lorsque nous avons demand\u00e9, c&#039;\u00e9tait l&#039;empire qui savait exercer sur nous, sans jamais recourir \u00e0 tout autre moyen que la force de la bonne et de la d\u00e9votion avec laquelle il a exerc\u00e9 son sacerdoce sacr\u00e9. La soci\u00e9t\u00e9 de Piracicaba doit beaucoup \u00e0 lui; ses anciens \u00e9tudiants doivent beaucoup; je lui dois beaucoup&#034; (...)<\/p>\n\n\n\n<p class=\"has-black-color has-text-color has-link-color has-small-font-size wp-elements-27ac627e6f0296e5cff153fe6def1dee\">Les \u00e9tudes bibliques ont \u00e9t\u00e9 m\u00e9thodique dans le Colegio Piracicabano, de sorte que Pedro de Camargo est devenu l&#039;un des plus grands amateurs de cette question, pour devenir plus tard une des plus hautes autorit\u00e9s dans l&#039;ex\u00e9g\u00e8se de l&#039;evangile.<\/p>\n\n\n\n<p class=\"has-black-color has-text-color has-link-color has-small-font-size wp-elements-b2802d0dc3629751a545694ab9bdd796\">En 1904, a \u00e9t\u00e9 fond\u00e9e en Piracicaba a \u00e9t\u00e9 la premi\u00e8re institution spirite de la ville, avec le nom de \u201cIgreja Spirite Fora da Caridade n\u00e3o h\u00e1 Salva\u00e7\u00e3o\u201d. Parmi ses fondateurs, il a \u00e9t\u00e9 le v\u00e9n\u00e9rable figure de Jo\u00e3o de Le\u00e3o Pitta. Le fonctionnement de cette institution traditionnelle a conduit \u00e0 la pionni\u00e8re d&#039;une s\u00e9rie de pers\u00e9cutions inspir\u00e9 par d&#039;autres organisations religieuses, au point qu&#039;il ne pouvait m\u00eame pas obtenir un emploi, si n\u00e9cessaire pour l&#039;entretien de sa famille, qui \u00e9tait sur le point de terminer la pauvret\u00e9 depuis plus d&#039;un an.<\/p>\n\n\n\n<div class=\"wp-block-uagb-container uagb-block-6cca2fca\">\n<figure class=\"wp-block-image size-full is-resized\"><img decoding=\"async\" width=\"415\" height=\"311\" src=\"https:\/\/nuevo-renacer.com\/wp-content\/uploads\/2024\/11\/capa.jpg\" alt=\"\" class=\"wp-image-6019\" style=\"width:268px;height:auto\" srcset=\"https:\/\/nuevo-renacer.com\/wp-content\/uploads\/2024\/11\/capa.jpg 415w, https:\/\/nuevo-renacer.com\/wp-content\/uploads\/2024\/11\/capa-300x225.jpg 300w, https:\/\/nuevo-renacer.com\/wp-content\/uploads\/2024\/11\/capa-16x12.jpg 16w\" sizes=\"(max-width: 415px) 100vw, 415px\" \/><figcaption class=\"wp-element-caption\">Institution spirite \u201cIgreja Spirite Fora da Caridade n\u00e3o h\u00e1 Salva\u00e7\u00e3o\u201d.<\/figcaption><\/figure>\n<\/div>\n\n\n\n<p class=\"has-black-color has-text-color has-link-color has-small-font-size wp-elements-cfe296a2f1a9a9068b80600ed325dcd7\">Un an plus tard, en 1905, Pierre de Camargo a \u00e9t\u00e9 int\u00e9ress\u00e9 par le Spiritisme, parce qu&#039;ils ont trouv\u00e9 en elle la solution \u00e0 tous de ce que son esprit \u00e9tait inconnu. (...) Pendant pr\u00e8s de trente ans, Pierre de Camargo a \u00e9t\u00e9 fructueuse et un travail intense dans sa ville natale, diffuser les v\u00e9rit\u00e9s de l&#039;evangile \u00e0 la lumi\u00e8re de la Doctrine Spirite. \u00c0 l&#039;\u00e9poque, il adopte le pseudonyme de Vin\u00edcius, ses conf\u00e9rences ont \u00e9t\u00e9 taquigrafiadas et ensuite largement diffus\u00e9s, ce qui rend votre renomm\u00e9e est r\u00e9partie sur tout le quartier.<\/p>\n\n\n\n<p class=\"has-black-color has-text-color has-link-color has-small-font-size wp-elements-2ba464d0d1a0b091019ddc2ac6319da2\">En 1938, il a d\u00e9m\u00e9nag\u00e9 \u00e0 la ville de S\u00e3o Paulo. Il a remplac\u00e9 Moreira Machado \u00e0 la pr\u00e9sidence de l&#039;Union Spirite F\u00e9d\u00e9ration de S\u00e3o Paulo et, avec Thietre Diniz Cintra, il a fond\u00e9 une \u00e9cole pour l&#039;\u00e9vang\u00e9lisation des enfants et des jeunes, ayant d\u00e9velopp\u00e9 des normes et des lignes directrices pour ce type d&#039;\u00e9ducation.<\/p>\n\n\n\n<p class=\"has-black-color has-text-color has-link-color has-small-font-size wp-elements-9be1d8c06b2497b048426d63c2c1ab27\">En 1939, il devint l&#039;un des administrateurs du Programme de Radio \u00c9vangile Spirite du Br\u00e9sil, transmises quotidiennement par R\u00e1dio \u00c9ducateur, \u00e0 S\u00e3o Paulo. Le 31 mars 1940, lors de l&#039;Uni\u00e3o F\u00e9d\u00e9ral Spirite Paulista fond\u00e9e R\u00e1dio Piratininga, une station de radio clairement spirite, Vin\u00edcius a \u00e9t\u00e9 \u00e9lu pour son 4\u00e8me principale surintendant et, avec d&#039;autres figures du spiritisme paulista, la led de la station et de son programme spirite tous les jours jusqu&#039;\u00e0 1942.<\/p>\n\n\n\n<p class=\"has-black-color has-text-color has-link-color has-small-font-size wp-elements-d66cd14a4724e27695cb29c6d8761b84\">\u00c0 l&#039;\u00e9poque, Vin\u00edcius avait d\u00e9j\u00e0 rejoint la F\u00e9d\u00e9ration Spirite de l&#039;\u00c9tat de S\u00e3o Paulo, et est devenu l&#039;un de ses conseillers et l&#039;introduction de leurs &#034;Rencontres de l&#039;Evangile&#034;, qui a lieu chaque dimanche dans la matin\u00e9e, avec une aide appr\u00e9ciable qui, invariablement, bouch\u00e9 \u00e0 votre salle de s\u00e9jour. Depuis de nombreuses ann\u00e9es, a \u00e9t\u00e9 un d\u00e9l\u00e9gu\u00e9 de la F\u00e9d\u00e9ration Spirite Br\u00e9sil, \u00e0 S\u00e3o Paulo, quelque chose est all\u00e9 dans tous les \u00e9v\u00e9nements o\u00f9 sa pr\u00e9sence \u00e9tait n\u00e9cessaire.<\/p>\n\n\n\n<p class=\"has-black-color has-text-color has-link-color has-small-font-size wp-elements-d2e0a19b6a35960a3186b94eb9af367e\">Lorsque, en mars 1944, la F\u00e9d\u00e9ration Spirite de l&#039;\u00c9tat de S\u00e3o Paulo, a lanc\u00e9 le journal &#034;O Semeador&#034;, Vin\u00edcius a \u00e9t\u00e9 nomm\u00e9 directeur g\u00e9n\u00e9ral, poste qu&#039;il a occup\u00e9 pendant plus d&#039;une d\u00e9cennie, avec le journal de votre habituelle collaboration.<\/p>\n\n\n\n<p class=\"has-black-color has-text-color has-link-color has-small-font-size wp-elements-bf28932526ab08b67d92a875d3a94653\">En octobre 1949, avec Carlos Jord\u00e3o da Silva, il a fait partie de la repr\u00e9sentation de l&#039;\u00c9tat de S\u00e3o Paulo dans le II Congr\u00e8s Spirite de Pan, un conclave de haut impact qui a eu lieu \u00e0 Rio de Janeiro. \u00c0 l&#039;occasion de cet \u00e9v\u00e9nement, s&#039;est r\u00e9uni dans l&#039;ancienne Capitale F\u00e9d\u00e9rale des repr\u00e9sentants de diverses organisations esp\u00edritas niveau de l&#039;\u00e9tat, qui, dans une chance de gestion, a r\u00e9ussi \u00e0 mat\u00e9rialiser le r\u00eave de beaucoup de pionniers esp\u00edritas, la cr\u00e9ation du Conseil des F\u00e9d\u00e9r\u00e9s Nationaux et sign\u00e9 de la c\u00e9l\u00e8bre Compacte de l&#039;Or, de l&#039;Unification. Pedro de Camargo a \u00e9t\u00e9 l&#039;un des signataires de cet important instrument de pacification nationale spirite, le 5 octobre 1949.<\/p>\n\n\n\n<p class=\"has-black-color has-text-color has-link-color has-small-font-size wp-elements-8b2995a6082a0c58bf84503abbcbb9e3\">Vin\u00edcius a \u00e9t\u00e9 un contributeur r\u00e9gulier \u00e0 de nombreux organismes esp\u00edritas. Sa bibliographie comprend les livres: &#034;Em torno do Mestre&#034; (autour de l&#039;Enseignant), &#034;Na Seara ne Mestre&#034; (Dans le Domaine de l&#039;Enseignant), &#034;Nas Pegadas ne Mestre&#034; (en Suivant les Traces du Ma\u00eetre), &#034;Na Escola do Mestre&#034; (Professeur d&#039;\u00c9cole), &#034;O Mestre na Educa\u00e7\u00e3o&#034; (Ma\u00eetrise en \u00c9ducation) et &#034;Em Busca do Mestre&#034; (\u00c0 la Recherche de l&#039;Enseignant), les \u0153uvres d&#039;une importance consid\u00e9rable dans le domaine de la communication de l&#039;\u00e9vangile de la doctrine.<\/p>\n\n\n\n<p class=\"has-black-color has-text-color has-link-color has-small-font-size wp-elements-84ef5c53dedddca1de926e4677330c24\">Son action a \u00e9t\u00e9 fortement ressenti quand il pensait \u00e0 propos de la fondation d&#039;un \u00e9tablissement d&#039;enseignement spirite. Il s&#039;est battu pour cela, id\u00e9al pour de nombreuses ann\u00e9es. Il se r\u00e9jouit avec la fondation du Centre d&#039;\u00c9ducation de Pestalozzi, dans la ville de la France, mais son r\u00eave est devenu r\u00e9alit\u00e9 quand il a fond\u00e9 l &#039; &#034;Institut Spirite de l&#039;\u00c9ducation&#034;, dont il \u00e9tait pr\u00e9sident. Dans le cadre de cet institut, il a fond\u00e9 le &#034;Externat Hil\u00e1rio Ribeiro&#034;, dont il a \u00e9t\u00e9 le directeur jusqu&#039;en 1962.<\/p>\n\n\n\n<p class=\"has-black-color has-text-color has-link-color has-small-font-size wp-elements-a29418bfbd8c48dcb4f7311e2f1c23c5\">En parall\u00e8le de toutes ces activit\u00e9s, Pedro de Camargo est un conf\u00e9rencier fr\u00e9quent dans les institutions spirites, en particulier dans la capitale de l&#039;\u00c9tat, devenant l&#039;un des orateurs les plus recherch\u00e9s apr\u00e8s et toujours r\u00e9ussi \u00e0 attirer un public plus large. Homme d&#039;un caract\u00e8re irr\u00e9prochable, mesur\u00e9s dans leurs attitudes et morale d\u00e9faut, est devenu, de fait et de droit, dans un vrai phare du mouvement spirite. Lorsque son nom est apparu sur le visage de toute l&#039;organisation, \u00e0 instiller la confiance et le respect, \u00e9tant donn\u00e9 le leader incontest\u00e9 de la projection de votre nom et de votre qualit\u00e9 de champion de causes justes et nobles.<\/p>\n\n\n\n<p class=\"has-black-color has-text-color has-link-color has-small-font-size wp-elements-a8ec7b88f8f60aec028d5baa86db9ba2\">Vin\u00edcius \u00e9galement jou\u00e9 un r\u00f4le de premier plan dans le domaine de l&#039;assistance sociale spirite, mais son travail au nom de l&#039;illustration de l&#039;\u00e9vangile-la doctrine essentielle pour l&#039;\u00e9clairage int\u00e9rieur des hommes, occupait une place pr\u00e9pond\u00e9rante.<\/p>\n\n\n\n<p class=\"has-black-color has-text-color has-link-color has-small-font-size wp-elements-49d4603a52b37873250fcde9a5c76ebe\">Pedro de Camargo Vin\u00edcius d\u00e9c\u00e9d\u00e9 le 11 octobre 1966, dans la ville de S\u00e3o Paulo.<\/p>\n<\/div><\/div>\n\n\n\n<div class=\"wp-block-uagb-container uagb-block-028e65cd alignfull uagb-is-root-container\"><div class=\"uagb-container-inner-blocks-wrap\"><\/div><\/div>\n\n\n\n<div class=\"wp-block-uagb-container uagb-block-f8a07a72 alignfull uagb-is-root-container\"><div class=\"uagb-container-inner-blocks-wrap\"><\/div><\/div>","protected":false},"excerpt":{"rendered":"<p>Pedro de Camargo Vin\u00edcius Pedro de Camargo Vin\u00edcius \u00abEl Gran Vin\u00edcius\u00bb El Mayor Expositor del Evangelio a la Luz del Espiritismo en nacio el 7 de mayo de 1878, en la ciudad de Piracicaba, Estado de S\u00e3o Paulo, Brasil. &nbsp;fallecido el 11 de octubre de 1966, en la ciudad de S\u00e3o Paulo. Sus primeros a\u00f1os [&hellip;]<\/p>","protected":false},"author":1,"featured_media":0,"parent":0,"menu_order":0,"comment_status":"closed","ping_status":"closed","template":"","meta":{"_uag_custom_page_level_css":"","site-sidebar-layout":"default","site-content-layout":"","ast-site-content-layout":"default","site-content-style":"default","site-sidebar-style":"default","ast-global-header-display":"","ast-banner-title-visibility":"","ast-main-header-display":"","ast-hfb-above-header-display":"","ast-hfb-below-header-display":"","ast-hfb-mobile-header-display":"","site-post-title":"disabled","ast-breadcrumbs-content":"","ast-featured-img":"","footer-sml-layout":"","theme-transparent-header-meta":"","adv-header-id-meta":"","stick-header-meta":"","header-above-stick-meta":"","header-main-stick-meta":"","header-below-stick-meta":"","astra-migrate-meta-layouts":"set","ast-page-background-enabled":"default","ast-page-background-meta":{"desktop":{"background-color":"var(--ast-global-color-4)","background-image":"","background-repeat":"repeat","background-position":"center center","background-size":"auto","background-attachment":"scroll","background-type":"","background-media":"","overlay-type":"","overlay-color":"","overlay-opacity":"","overlay-gradient":""},"tablet":{"background-color":"","background-image":"","background-repeat":"repeat","background-position":"center center","background-size":"auto","background-attachment":"scroll","background-type":"","background-media":"","overlay-type":"","overlay-color":"","overlay-opacity":"","overlay-gradient":""},"mobile":{"background-color":"","background-image":"","background-repeat":"repeat","background-position":"center center","background-size":"auto","background-attachment":"scroll","background-type":"","background-media":"","overlay-type":"","overlay-color":"","overlay-opacity":"","overlay-gradient":""}},"ast-content-background-meta":{"desktop":{"background-color":"var(--ast-global-color-5)","background-image":"","background-repeat":"repeat","background-position":"center center","background-size":"auto","background-attachment":"scroll","background-type":"","background-media":"","overlay-type":"","overlay-color":"","overlay-opacity":"","overlay-gradient":""},"tablet":{"background-color":"var(--ast-global-color-5)","background-image":"","background-repeat":"repeat","background-position":"center center","background-size":"auto","background-attachment":"scroll","background-type":"","background-media":"","overlay-type":"","overlay-color":"","overlay-opacity":"","overlay-gradient":""},"mobile":{"background-color":"var(--ast-global-color-5)","background-image":"","background-repeat":"repeat","background-position":"center center","background-size":"auto","background-attachment":"scroll","background-type":"","background-media":"","overlay-type":"","overlay-color":"","overlay-opacity":"","overlay-gradient":""}},"footnotes":""},"class_list":["post-6013","page","type-page","status-publish","hentry"],"yoast_head":"<!-- This site is optimized with the Yoast SEO Premium plugin v24.2 (Yoast SEO v24.6) - https:\/\/yoast.com\/wordpress\/plugins\/seo\/ -->\n<title>Pedro de Camargo Vin\u00edcius - Uni\u00f3n Esp\u00edrita<\/title>\n<meta name=\"robots\" content=\"index, follow, max-snippet:-1, max-image-preview:large, max-video-preview:-1\" \/>\n<link rel=\"canonical\" href=\"https:\/\/nuevo-renacer.com\/fr\/pedro-de-camargo-vinicius\/\" \/>\n<meta property=\"og:locale\" content=\"fr_FR\" \/>\n<meta property=\"og:type\" content=\"article\" \/>\n<meta property=\"og:title\" content=\"Pedro de Camargo Vin\u00edcius\" \/>\n<meta property=\"og:description\" content=\"Pedro de Camargo Vin\u00edcius Pedro de Camargo Vin\u00edcius \u00abEl Gran Vin\u00edcius\u00bb El Mayor Expositor del Evangelio a la Luz del Espiritismo en nacio el 7 de mayo de 1878, en la ciudad de Piracicaba, Estado de S\u00e3o Paulo, Brasil. &nbsp;fallecido el 11 de octubre de 1966, en la ciudad de S\u00e3o Paulo. Sus primeros a\u00f1os [&hellip;]\" \/>\n<meta property=\"og:url\" content=\"https:\/\/nuevo-renacer.com\/fr\/pedro-de-camargo-vinicius\/\" \/>\n<meta property=\"og:site_name\" content=\"Uni\u00f3n Esp\u00edrita\" \/>\n<meta property=\"article:publisher\" content=\"https:\/\/www.facebook.com\/groups\/3431398063740829\" \/>\n<meta property=\"article:modified_time\" content=\"2024-11-11T10:52:13+00:00\" \/>\n<meta property=\"og:image\" content=\"https:\/\/nuevo-renacer.com\/wp-content\/uploads\/2024\/11\/1201467876-300-5b703b22-1.jpg\" \/>\n\t<meta property=\"og:image:width\" content=\"286\" \/>\n\t<meta property=\"og:image:height\" content=\"399\" \/>\n\t<meta property=\"og:image:type\" content=\"image\/jpeg\" \/>\n<meta name=\"twitter:card\" content=\"summary_large_image\" \/>\n<meta name=\"twitter:label1\" content=\"Dur\u00e9e de lecture estim\u00e9e\" \/>\n\t<meta name=\"twitter:data1\" content=\"6 minutes\" \/>\n<script type=\"application\/ld+json\" class=\"yoast-schema-graph\">{\"@context\":\"https:\/\/schema.org\",\"@graph\":[{\"@type\":\"WebPage\",\"@id\":\"https:\/\/nuevo-renacer.com\/fr\/pedro-de-camargo-vinicius\/\",\"url\":\"https:\/\/nuevo-renacer.com\/fr\/pedro-de-camargo-vinicius\/\",\"name\":\"Pedro de Camargo Vin\u00edcius - Uni\u00f3n Esp\u00edrita\",\"isPartOf\":{\"@id\":\"https:\/\/nuevo-renacer.com\/#website\"},\"primaryImageOfPage\":{\"@id\":\"https:\/\/nuevo-renacer.com\/fr\/pedro-de-camargo-vinicius\/#primaryimage\"},\"image\":{\"@id\":\"https:\/\/nuevo-renacer.com\/fr\/pedro-de-camargo-vinicius\/#primaryimage\"},\"thumbnailUrl\":\"https:\/\/nuevo-renacer.com\/wp-content\/uploads\/2024\/11\/1201467876-300-5b703b22-1.jpg\",\"datePublished\":\"2024-11-11T10:48:55+00:00\",\"dateModified\":\"2024-11-11T10:52:13+00:00\",\"breadcrumb\":{\"@id\":\"https:\/\/nuevo-renacer.com\/fr\/pedro-de-camargo-vinicius\/#breadcrumb\"},\"inLanguage\":\"fr-FR\",\"potentialAction\":[{\"@type\":\"ReadAction\",\"target\":[\"https:\/\/nuevo-renacer.com\/fr\/pedro-de-camargo-vinicius\/\"]}]},{\"@type\":\"ImageObject\",\"inLanguage\":\"fr-FR\",\"@id\":\"https:\/\/nuevo-renacer.com\/fr\/pedro-de-camargo-vinicius\/#primaryimage\",\"url\":\"https:\/\/nuevo-renacer.com\/wp-content\/uploads\/2024\/11\/1201467876-300-5b703b22-1.jpg\",\"contentUrl\":\"https:\/\/nuevo-renacer.com\/wp-content\/uploads\/2024\/11\/1201467876-300-5b703b22-1.jpg\"},{\"@type\":\"BreadcrumbList\",\"@id\":\"https:\/\/nuevo-renacer.com\/fr\/pedro-de-camargo-vinicius\/#breadcrumb\",\"itemListElement\":[{\"@type\":\"ListItem\",\"position\":1,\"name\":\"Startseite\",\"item\":\"https:\/\/nuevo-renacer.com\/\"},{\"@type\":\"ListItem\",\"position\":2,\"name\":\"Pedro de Camargo Vin\u00edcius\"}]},{\"@type\":\"WebSite\",\"@id\":\"https:\/\/nuevo-renacer.com\/#website\",\"url\":\"https:\/\/nuevo-renacer.com\/\",\"name\":\"Uni\u00f3n Esp\u00edrita\",\"description\":\"Nuevo Renacer\",\"publisher\":{\"@id\":\"https:\/\/nuevo-renacer.com\/#organization\"},\"potentialAction\":[{\"@type\":\"SearchAction\",\"target\":{\"@type\":\"EntryPoint\",\"urlTemplate\":\"https:\/\/nuevo-renacer.com\/?s={search_term_string}\"},\"query-input\":{\"@type\":\"PropertyValueSpecification\",\"valueRequired\":true,\"valueName\":\"search_term_string\"}}],\"inLanguage\":\"fr-FR\"},{\"@type\":\"Organization\",\"@id\":\"https:\/\/nuevo-renacer.com\/#organization\",\"name\":\"UFEC\",\"url\":\"https:\/\/nuevo-renacer.com\/\",\"logo\":{\"@type\":\"ImageObject\",\"inLanguage\":\"fr-FR\",\"@id\":\"https:\/\/nuevo-renacer.com\/#\/schema\/logo\/image\/\",\"url\":\"https:\/\/nuevo-renacer.com\/wp-content\/uploads\/2024\/05\/cropped-LOGO-TERMINADO1-3-3.png\",\"contentUrl\":\"https:\/\/nuevo-renacer.com\/wp-content\/uploads\/2024\/05\/cropped-LOGO-TERMINADO1-3-3.png\",\"width\":512,\"height\":512,\"caption\":\"UFEC\"},\"image\":{\"@id\":\"https:\/\/nuevo-renacer.com\/#\/schema\/logo\/image\/\"},\"sameAs\":[\"https:\/\/www.facebook.com\/groups\/3431398063740829\"]}]}<\/script>\n<!-- \/ Yoast SEO Premium plugin. -->","yoast_head_json":{"title":"Pedro de Camargo Vin\u00edcius - Uni\u00f3n Esp\u00edrita","robots":{"index":"index","follow":"follow","max-snippet":"max-snippet:-1","max-image-preview":"max-image-preview:large","max-video-preview":"max-video-preview:-1"},"canonical":"https:\/\/nuevo-renacer.com\/fr\/pedro-de-camargo-vinicius\/","og_locale":"fr_FR","og_type":"article","og_title":"Pedro de Camargo Vin\u00edcius","og_description":"Pedro de Camargo Vin\u00edcius Pedro de Camargo Vin\u00edcius \u00abEl Gran Vin\u00edcius\u00bb El Mayor Expositor del Evangelio a la Luz del Espiritismo en nacio el 7 de mayo de 1878, en la ciudad de Piracicaba, Estado de S\u00e3o Paulo, Brasil. &nbsp;fallecido el 11 de octubre de 1966, en la ciudad de S\u00e3o Paulo. Sus primeros a\u00f1os [&hellip;]","og_url":"https:\/\/nuevo-renacer.com\/fr\/pedro-de-camargo-vinicius\/","og_site_name":"Uni\u00f3n Esp\u00edrita","article_publisher":"https:\/\/www.facebook.com\/groups\/3431398063740829","article_modified_time":"2024-11-11T10:52:13+00:00","og_image":[{"width":286,"height":399,"url":"https:\/\/nuevo-renacer.com\/wp-content\/uploads\/2024\/11\/1201467876-300-5b703b22-1.jpg","type":"image\/jpeg"}],"twitter_card":"summary_large_image","twitter_misc":{"Dur\u00e9e de lecture estim\u00e9e":"6 minutes"},"schema":{"@context":"https:\/\/schema.org","@graph":[{"@type":"WebPage","@id":"https:\/\/nuevo-renacer.com\/fr\/pedro-de-camargo-vinicius\/","url":"https:\/\/nuevo-renacer.com\/fr\/pedro-de-camargo-vinicius\/","name":"Pedro de Camargo Vin\u00edcius - Uni\u00f3n Esp\u00edrita","isPartOf":{"@id":"https:\/\/nuevo-renacer.com\/#website"},"primaryImageOfPage":{"@id":"https:\/\/nuevo-renacer.com\/fr\/pedro-de-camargo-vinicius\/#primaryimage"},"image":{"@id":"https:\/\/nuevo-renacer.com\/fr\/pedro-de-camargo-vinicius\/#primaryimage"},"thumbnailUrl":"https:\/\/nuevo-renacer.com\/wp-content\/uploads\/2024\/11\/1201467876-300-5b703b22-1.jpg","datePublished":"2024-11-11T10:48:55+00:00","dateModified":"2024-11-11T10:52:13+00:00","breadcrumb":{"@id":"https:\/\/nuevo-renacer.com\/fr\/pedro-de-camargo-vinicius\/#breadcrumb"},"inLanguage":"fr-FR","potentialAction":[{"@type":"ReadAction","target":["https:\/\/nuevo-renacer.com\/fr\/pedro-de-camargo-vinicius\/"]}]},{"@type":"ImageObject","inLanguage":"fr-FR","@id":"https:\/\/nuevo-renacer.com\/fr\/pedro-de-camargo-vinicius\/#primaryimage","url":"https:\/\/nuevo-renacer.com\/wp-content\/uploads\/2024\/11\/1201467876-300-5b703b22-1.jpg","contentUrl":"https:\/\/nuevo-renacer.com\/wp-content\/uploads\/2024\/11\/1201467876-300-5b703b22-1.jpg"},{"@type":"BreadcrumbList","@id":"https:\/\/nuevo-renacer.com\/fr\/pedro-de-camargo-vinicius\/#breadcrumb","itemListElement":[{"@type":"ListItem","position":1,"name":"Startseite","item":"https:\/\/nuevo-renacer.com\/"},{"@type":"ListItem","position":2,"name":"Pedro de Camargo Vin\u00edcius"}]},{"@type":"WebSite","@id":"https:\/\/nuevo-renacer.com\/#website","url":"https:\/\/nuevo-renacer.com\/","name":"Uni\u00f3n Esp\u00edrita","description":"Nuevo Renacer","publisher":{"@id":"https:\/\/nuevo-renacer.com\/#organization"},"potentialAction":[{"@type":"SearchAction","target":{"@type":"EntryPoint","urlTemplate":"https:\/\/nuevo-renacer.com\/?s={search_term_string}"},"query-input":{"@type":"PropertyValueSpecification","valueRequired":true,"valueName":"search_term_string"}}],"inLanguage":"fr-FR"},{"@type":"Organization","@id":"https:\/\/nuevo-renacer.com\/#organization","name":"UFEC","url":"https:\/\/nuevo-renacer.com\/","logo":{"@type":"ImageObject","inLanguage":"fr-FR","@id":"https:\/\/nuevo-renacer.com\/#\/schema\/logo\/image\/","url":"https:\/\/nuevo-renacer.com\/wp-content\/uploads\/2024\/05\/cropped-LOGO-TERMINADO1-3-3.png","contentUrl":"https:\/\/nuevo-renacer.com\/wp-content\/uploads\/2024\/05\/cropped-LOGO-TERMINADO1-3-3.png","width":512,"height":512,"caption":"UFEC"},"image":{"@id":"https:\/\/nuevo-renacer.com\/#\/schema\/logo\/image\/"},"sameAs":["https:\/\/www.facebook.com\/groups\/3431398063740829"]}]}},"uagb_featured_image_src":{"full":false,"thumbnail":false,"medium":false,"medium_large":false,"large":false,"1536x1536":false,"2048x2048":false,"trp-custom-language-flag":false},"uagb_author_info":{"display_name":"adbv0","author_link":"https:\/\/nuevo-renacer.com\/fr\/author\/adbv0\/"},"uagb_comment_info":0,"uagb_excerpt":"Pedro de Camargo Vin\u00edcius Pedro de Camargo Vin\u00edcius \u00abEl Gran Vin\u00edcius\u00bb El Mayor Expositor del Evangelio a la Luz del Espiritismo en nacio el 7 de mayo de 1878, en la ciudad de Piracicaba, Estado de S\u00e3o Paulo, Brasil. &nbsp;fallecido el 11 de octubre de 1966, en la ciudad de S\u00e3o Paulo. Sus primeros a\u00f1os\u2026","jetpack_sharing_enabled":true,"_links":{"self":[{"href":"https:\/\/nuevo-renacer.com\/fr\/wp-json\/wp\/v2\/pages\/6013","targetHints":{"allow":["GET"]}}],"collection":[{"href":"https:\/\/nuevo-renacer.com\/fr\/wp-json\/wp\/v2\/pages"}],"about":[{"href":"https:\/\/nuevo-renacer.com\/fr\/wp-json\/wp\/v2\/types\/page"}],"author":[{"embeddable":true,"href":"https:\/\/nuevo-renacer.com\/fr\/wp-json\/wp\/v2\/users\/1"}],"replies":[{"embeddable":true,"href":"https:\/\/nuevo-renacer.com\/fr\/wp-json\/wp\/v2\/comments?post=6013"}],"version-history":[{"count":4,"href":"https:\/\/nuevo-renacer.com\/fr\/wp-json\/wp\/v2\/pages\/6013\/revisions"}],"predecessor-version":[{"id":6020,"href":"https:\/\/nuevo-renacer.com\/fr\/wp-json\/wp\/v2\/pages\/6013\/revisions\/6020"}],"wp:attachment":[{"href":"https:\/\/nuevo-renacer.com\/fr\/wp-json\/wp\/v2\/media?parent=6013"}],"curies":[{"name":"wp","href":"https:\/\/api.w.org\/{rel}","templated":true}]}}