{"id":6004,"date":"2024-11-11T08:44:57","date_gmt":"2024-11-11T08:44:57","guid":{"rendered":"https:\/\/nuevo-renacer.com\/?page_id=6004"},"modified":"2024-11-11T08:53:45","modified_gmt":"2024-11-11T08:53:45","slug":"francisco-leite-de-bittencourt-sampaio","status":"publish","type":"page","link":"https:\/\/nuevo-renacer.com\/fr\/francisco-leite-de-bittencourt-sampaio\/","title":{"rendered":"Francisco Leite de Bittencourt Sampaio\u00a0"},"content":{"rendered":"<div class=\"wp-block-uagb-container uagb-block-f28f8f62 alignfull uagb-is-root-container\"><div class=\"uagb-container-inner-blocks-wrap\">\n<p class=\"has-black-color has-text-color has-link-color has-medium-font-size wp-elements-b5b06cf7513a39b88e7a6fb0c0066a87\"><strong>Francisco Leite de Bittencourt<\/strong> <strong>Sampaio\u00a0<\/strong><\/p>\n<\/div><\/div>\n\n\n\n<div class=\"wp-block-uagb-container uagb-block-bf518c0c alignfull uagb-is-root-container\"><div class=\"uagb-container-inner-blocks-wrap\">\n<figure class=\"wp-block-image size-full is-resized\"><img fetchpriority=\"high\" decoding=\"async\" width=\"300\" height=\"399\" src=\"https:\/\/nuevo-renacer.com\/wp-content\/uploads\/2024\/11\/1966969560-300-9f1bec88.jpg\" alt=\"\" class=\"wp-image-6005\" style=\"width:262px;height:auto\" srcset=\"https:\/\/nuevo-renacer.com\/wp-content\/uploads\/2024\/11\/1966969560-300-9f1bec88.jpg 300w, https:\/\/nuevo-renacer.com\/wp-content\/uploads\/2024\/11\/1966969560-300-9f1bec88-226x300.jpg 226w, https:\/\/nuevo-renacer.com\/wp-content\/uploads\/2024\/11\/1966969560-300-9f1bec88-9x12.jpg 9w\" sizes=\"(max-width: 300px) 100vw, 300px\" \/><\/figure>\n<\/div><\/div>\n\n\n\n<div class=\"wp-block-uagb-container uagb-block-2c02be8e alignfull uagb-is-root-container\"><div class=\"uagb-container-inner-blocks-wrap\">\n<p class=\"has-black-color has-text-color has-link-color has-small-font-size wp-elements-f7a3a0b872f369adc33ed1e8e1fce20d\">Francisco Leite de Bittencourt Sampaio est n\u00e9 \u00e0 Laranjeiras, Sergipe, le 1er f\u00e9vrier 1834. Il \u00e9tait le fils d&#039;un marchand portugais du m\u00eame nom et de do\u00f1a Maria de Sant&#039;Ana Leite Sampaio. Il \u00e9tait jurisconsulte (personne avec une grande connaissance de la loi qui donne des consultations et des avis sur des questions de droit); magistrat; politique; officiel; journaliste, \u00e9crivain, po\u00e8te lyrique et excellent m\u00e9dium spirite.<\/p>\n\n\n\n<p class=\"has-black-color has-text-color has-link-color has-small-font-size wp-elements-b90f7e66ca327fdb82ab6e87d1caf780\">Il a commenc\u00e9 ses \u00e9tudes de Droit \u00e0 la Facult\u00e9 de Droit de Recife. En 1856, il a interrompu ses \u00e9tudes pour s&#039;occuper du malade de l&#039;\u00e9pid\u00e9mie de chol\u00e9ra qui a frapp\u00e9 la province de Pernambuco, en 1855. En cons\u00e9quence, il a \u00e9t\u00e9 honor\u00e9 par le Gouvernement Imp\u00e9rial avec l&#039;Ordre de la Rose, de la d\u00e9coration, qui ne sont pas reconnus comme \u00e9tant incompatibles avec ses id\u00e9aux politiques. En 1859, il est dipl\u00f4m\u00e9 en Droit \u00e0 l&#039;Acad\u00e9mie de S. Paulo (Facult\u00e9 de Droit). De 1860 \u00e0 1861, il a travaill\u00e9 comme procureur dans Itabaiana et Laranjeiras, et en tant qu&#039;inspecteur de la circonscription litt\u00e9raires de Itabaiana. En mars 1861, il a quitt\u00e9 la province de Sergipe, br\u00e9sil et s&#039;installe dans l&#039;ancienne cour de Rio de Janeiro, o\u00f9 il a exerc\u00e9 en tant qu&#039;avocat.<\/p>\n\n\n\n<p class=\"has-black-color has-text-color has-link-color has-small-font-size wp-elements-352163846738bb8e319e7852f4325e56\">En politique, il rejoint le Parti Lib\u00e9ral a \u00e9t\u00e9 \u00e9lu d\u00e9put\u00e9 de 1864 \u00e0 1866, et de 1867 \u00e0 1870. Au cours de cette derni\u00e8re p\u00e9riode, il a \u00e9t\u00e9 nomm\u00e9 Pr\u00e9sident de l&#039;\u00e9tat d&#039;Esp\u00edrito Santo, service en tant que tel du 29 septembre 1867-26 avril 1868, date \u00e0 laquelle il est retourn\u00e9 \u00e0 la l\u00e9gislatives de mandat \u00e0 laquelle il avait \u00e9t\u00e9 \u00e9lu.<\/p>\n\n\n\n<p class=\"has-black-color has-text-color has-link-color has-small-font-size wp-elements-317827f07ebd1168a4cc81828d1e3962\">En 1870, embrassant r\u00e9publicain id\u00e9es, il a quitt\u00e9 le parti lib\u00e9ral et est devenu un ardent propagandiste de la R\u00e9publique, a sign\u00e9 le &#034;Manifeste du 3 d\u00e9cembre 1870&#034;, un important document historique. En tant que journaliste, il a \u00e9t\u00e9 respect\u00e9 par l&#039;\u00e9clat, de l&#039;\u00e9l\u00e9vation, de la sinc\u00e9rit\u00e9 et de la fermet\u00e9 avec laquelle il a soutenu et d\u00e9fendu ses id\u00e9aux politiques.<\/p>\n\n\n\n<p class=\"has-black-color has-text-color has-link-color has-small-font-size wp-elements-174c7080dede05d034bfd6027e5f46e7\">Lorsque la R\u00e9publique fut proclam\u00e9e, il est charg\u00e9 de r\u00e9aliser l&#039;inventaire de tous les journaux de la Chambre des D\u00e9put\u00e9s et, peu de temps apr\u00e8s, le libell\u00e9 des d\u00e9bats de l&#039;Assembl\u00e9e Constituante. Il a \u00e9t\u00e9 le premier administrateur de la Biblioth\u00e8que Nationale de Rio de Janeiro a tenu le titre de Directeur.<\/p>\n\n\n\n<p class=\"has-black-color has-text-color has-link-color has-small-font-size wp-elements-f389c9685675f34de2369254803fe049\">On ne sait pas exactement quand Bittencourt Sampaio a rejoint le Spiritisme, mais le 2 ao\u00fbt 1873, il faisait d\u00e9j\u00e0 partie du Conseil d&#039;administration du Groupe de Confucius&#034;, la premi\u00e8re soci\u00e9t\u00e9 spirite de Rio de Janeiro. Elle y a d\u00e9velopp\u00e9 sa m\u00e9diumnit\u00e9, la gu\u00e9rison de nombreux patients avec des rem\u00e8des hom\u00e9opathiques. Il semble qu&#039;il a \u00e9t\u00e9 attir\u00e9 par le Spiritisme par les ph\u00e9nom\u00e8nes medi\u00famnicos, un sujet qui est \u00e9tudi\u00e9e en profondeur, mais c&#039;\u00e9tait la partie morale de ce qui l&#039;impressionnait le plus de cette nouvelle philosophie.<\/p>\n\n\n\n<p class=\"has-black-color has-text-color has-link-color has-small-font-size wp-elements-9aaaafa613a1b9976d34e445c6adcccc\">En 1876, il fonde la &#034;Soci\u00e9t\u00e9 des \u00c9tudes Esp\u00edritas Dieu, le Christ et la Charit\u00e9&#034;, pr\u00e9sidant \u00e0 leur emploi, et l&#039;int\u00e9gration de l&#039;\u00e9tude des \u00c9vangiles \u00e0 la lumi\u00e8re de la Spiritisme comme une partie essentielle de ses activit\u00e9s.<\/p>\n\n\n\n<p class=\"has-black-color has-text-color has-link-color has-small-font-size wp-elements-0820412cb0d4160bac76a660bcc27249\">En 1880, il fonde le &#034;Groupe Spirite de la Fraternit\u00e9&#034;, \u00e0 laquelle Bittencourt Sampaio \u00e9galement fourni une aide pr\u00e9cieuse. La figure respect\u00e9e du Spiritisme au Br\u00e9sil, le Dr Ant\u00f3nio Lu\u00eds Sai\u00e3o, qui s&#039;\u00e9tait converti au Spiritisme gr\u00e2ce \u00e0 la m\u00e9diumnit\u00e9 de gu\u00e9rison Bittencourt Sampaio, a rencontr\u00e9 ensuite les m\u00e9diums de la dite Soci\u00e9t\u00e9 dans le &#034;Ismael Groupe&#034;, qu&#039;il a cr\u00e9\u00e9 (et qui est toujours active), et il y Bittencourt Sampaio est devenu l&#039;un des interm\u00e9diaires de la belle et instructive des messages provenant de la Hausse des Esprits.<\/p>\n\n\n\n<p class=\"has-black-color has-text-color has-link-color has-small-font-size wp-elements-fc128e354983c485dab777bacedc020e\">Bittencourt Sampaio a \u00e9crit &#034;La Divine \u00c9pop\u00e9e de Jean l&#039;\u00c9vang\u00e9liste&#034;, publi\u00e9 en 1882 et unique dans le monde. C&#039;est le quatri\u00e8me \u00c9vangile, Jean, au verset decas\u00edlabo. Cette composition po\u00e9tique \u00e9galement inclus une deuxi\u00e8me partie, en prose, dans lequel nous expliquer chacune des chansons dans la lumi\u00e8re de la R\u00e9v\u00e9lation Spirite. Ces explications sont pr\u00e9c\u00e9d\u00e9es par une longue pr\u00e9face dans laquelle il examine en d\u00e9tail la question de la divinit\u00e9 de J\u00e9sus.<\/p>\n\n\n\n<p class=\"has-black-color has-text-color has-link-color has-small-font-size wp-elements-0179c6acda57f22d6788cd904f2798d6\">Bittencourt Sampaio est d\u00e9c\u00e9d\u00e9 le 10 octobre 1895, \u00e0 Rio de Janeiro. Le magazine &#034;R\u00e9formateur&#034; du 15 octobre de cette ann\u00e9e, a rapport\u00e9 que &#034;Bittencourt pr\u00e9parais \u00e0 \u00e9crire la Divine Trag\u00e9die du Golgotha, lorsque, de fruits m\u00fbrs, a \u00e9t\u00e9 repris par la main du jardinier est dans les cieux&#034;.<\/p>\n\n\n\n<p class=\"has-black-color has-text-color has-link-color has-small-font-size wp-elements-f6b13e087bf0008b8189e3523fe93ac6\">Apr\u00e8s son desencarnaci\u00f3n, l&#039;Esprit de Bittencourt Sampaio a \u00e9crit, par l&#039;interm\u00e9diaire Frederico Junior, les \u0153uvres suivantes: &#034;J\u00e9sus avant le Christianisme&#034;; &#034;De J\u00e9sus pour les Enfants&#034; et &#034;Le Calvaire de l&#039;Apocalypse&#034;.<\/p>\n\n\n\n<p class=\"has-black-color has-text-color has-link-color has-small-font-size wp-elements-ceb9e500009ea2489c96f5c46293eff7\">Dans le livre, support de l&#039;activit\u00e9, &#034;Voltei&#034;, le Fr\u00e8re de Jacques, \u00e0 travers le m\u00e9dium Francisco C\u00e2ndido Xavier, r\u00e9v\u00e8le que Bittencourt Sampaio travaille dans les hautes sph\u00e8res de la Spiritualit\u00e9 dans la supervision de la Spiritisme \u00e0 l&#039;\u00e9vangile, au Br\u00e9sil.<\/p>\n<\/div><\/div>\n\n\n\n<div class=\"wp-block-uagb-container uagb-block-c0edfad7 alignfull uagb-is-root-container\"><div class=\"uagb-container-inner-blocks-wrap\"><\/div><\/div>\n\n\n\n<div class=\"wp-block-uagb-container uagb-block-7b7dc6de alignfull uagb-is-root-container\"><div class=\"uagb-container-inner-blocks-wrap\"><\/div><\/div>","protected":false},"excerpt":{"rendered":"<p>Francisco Leite de Bittencourt Sampaio\u00a0 Francisco Leite de Bittencourt Sampaio naci\u00f3 en Laranjeiras, Sergipe, el 1 de febrero de 1834. Era hijo de un comerciante portugu\u00e9s del mismo nombre y de do\u00f1a Maria de Sant&#8217;Ana Leite Sampaio. Fue jurisconsulto (persona con grandes conocimientos jur\u00eddicos que da consultas y dict\u00e1menes sobre cuestiones de derecho); magistrado; pol\u00edtico; [&hellip;]<\/p>","protected":false},"author":1,"featured_media":0,"parent":0,"menu_order":0,"comment_status":"closed","ping_status":"closed","template":"","meta":{"_uag_custom_page_level_css":"","site-sidebar-layout":"default","site-content-layout":"","ast-site-content-layout":"default","site-content-style":"default","site-sidebar-style":"default","ast-global-header-display":"","ast-banner-title-visibility":"","ast-main-header-display":"","ast-hfb-above-header-display":"","ast-hfb-below-header-display":"","ast-hfb-mobile-header-display":"","site-post-title":"disabled","ast-breadcrumbs-content":"","ast-featured-img":"","footer-sml-layout":"","theme-transparent-header-meta":"","adv-header-id-meta":"","stick-header-meta":"","header-above-stick-meta":"","header-main-stick-meta":"","header-below-stick-meta":"","astra-migrate-meta-layouts":"set","ast-page-background-enabled":"default","ast-page-background-meta":{"desktop":{"background-color":"var(--ast-global-color-4)","background-image":"","background-repeat":"repeat","background-position":"center center","background-size":"auto","background-attachment":"scroll","background-type":"","background-media":"","overlay-type":"","overlay-color":"","overlay-opacity":"","overlay-gradient":""},"tablet":{"background-color":"","background-image":"","background-repeat":"repeat","background-position":"center center","background-size":"auto","background-attachment":"scroll","background-type":"","background-media":"","overlay-type":"","overlay-color":"","overlay-opacity":"","overlay-gradient":""},"mobile":{"background-color":"","background-image":"","background-repeat":"repeat","background-position":"center center","background-size":"auto","background-attachment":"scroll","background-type":"","background-media":"","overlay-type":"","overlay-color":"","overlay-opacity":"","overlay-gradient":""}},"ast-content-background-meta":{"desktop":{"background-color":"var(--ast-global-color-5)","background-image":"","background-repeat":"repeat","background-position":"center center","background-size":"auto","background-attachment":"scroll","background-type":"","background-media":"","overlay-type":"","overlay-color":"","overlay-opacity":"","overlay-gradient":""},"tablet":{"background-color":"var(--ast-global-color-5)","background-image":"","background-repeat":"repeat","background-position":"center center","background-size":"auto","background-attachment":"scroll","background-type":"","background-media":"","overlay-type":"","overlay-color":"","overlay-opacity":"","overlay-gradient":""},"mobile":{"background-color":"var(--ast-global-color-5)","background-image":"","background-repeat":"repeat","background-position":"center center","background-size":"auto","background-attachment":"scroll","background-type":"","background-media":"","overlay-type":"","overlay-color":"","overlay-opacity":"","overlay-gradient":""}},"footnotes":""},"class_list":["post-6004","page","type-page","status-publish","hentry"],"yoast_head":"<!-- This site is optimized with the Yoast SEO Premium plugin v24.2 (Yoast SEO v24.6) - https:\/\/yoast.com\/wordpress\/plugins\/seo\/ -->\n<title>Francisco Leite de Bittencourt Sampaio\u00a0 - Uni\u00f3n Esp\u00edrita<\/title>\n<meta name=\"robots\" content=\"index, follow, max-snippet:-1, max-image-preview:large, max-video-preview:-1\" \/>\n<link rel=\"canonical\" href=\"https:\/\/nuevo-renacer.com\/fr\/francisco-leite-de-bittencourt-sampaio\/\" \/>\n<meta property=\"og:locale\" content=\"fr_FR\" \/>\n<meta property=\"og:type\" content=\"article\" \/>\n<meta property=\"og:title\" content=\"Francisco Leite de Bittencourt Sampaio\u00a0\" \/>\n<meta property=\"og:description\" content=\"Francisco Leite de Bittencourt Sampaio\u00a0 Francisco Leite de Bittencourt Sampaio naci\u00f3 en Laranjeiras, Sergipe, el 1 de febrero de 1834. Era hijo de un comerciante portugu\u00e9s del mismo nombre y de do\u00f1a Maria de Sant&#8217;Ana Leite Sampaio. Fue jurisconsulto (persona con grandes conocimientos jur\u00eddicos que da consultas y dict\u00e1menes sobre cuestiones de derecho); magistrado; pol\u00edtico; [&hellip;]\" \/>\n<meta property=\"og:url\" content=\"https:\/\/nuevo-renacer.com\/fr\/francisco-leite-de-bittencourt-sampaio\/\" \/>\n<meta property=\"og:site_name\" content=\"Uni\u00f3n Esp\u00edrita\" \/>\n<meta property=\"article:publisher\" content=\"https:\/\/www.facebook.com\/groups\/3431398063740829\" \/>\n<meta property=\"article:modified_time\" content=\"2024-11-11T08:53:45+00:00\" \/>\n<meta property=\"og:image\" content=\"https:\/\/nuevo-renacer.com\/wp-content\/uploads\/2024\/11\/1966969560-300-9f1bec88.jpg\" \/>\n\t<meta property=\"og:image:width\" content=\"300\" \/>\n\t<meta property=\"og:image:height\" content=\"399\" \/>\n\t<meta property=\"og:image:type\" content=\"image\/jpeg\" \/>\n<meta name=\"twitter:card\" content=\"summary_large_image\" \/>\n<meta name=\"twitter:label1\" content=\"Dur\u00e9e de lecture estim\u00e9e\" \/>\n\t<meta name=\"twitter:data1\" content=\"4 minutes\" \/>\n<script type=\"application\/ld+json\" class=\"yoast-schema-graph\">{\"@context\":\"https:\/\/schema.org\",\"@graph\":[{\"@type\":\"WebPage\",\"@id\":\"https:\/\/nuevo-renacer.com\/francisco-leite-de-bittencourt-sampaio\/\",\"url\":\"https:\/\/nuevo-renacer.com\/francisco-leite-de-bittencourt-sampaio\/\",\"name\":\"Francisco Leite de Bittencourt Sampaio\u00a0 - Uni\u00f3n Esp\u00edrita\",\"isPartOf\":{\"@id\":\"https:\/\/nuevo-renacer.com\/#website\"},\"primaryImageOfPage\":{\"@id\":\"https:\/\/nuevo-renacer.com\/francisco-leite-de-bittencourt-sampaio\/#primaryimage\"},\"image\":{\"@id\":\"https:\/\/nuevo-renacer.com\/francisco-leite-de-bittencourt-sampaio\/#primaryimage\"},\"thumbnailUrl\":\"https:\/\/nuevo-renacer.com\/wp-content\/uploads\/2024\/11\/1966969560-300-9f1bec88.jpg\",\"datePublished\":\"2024-11-11T08:44:57+00:00\",\"dateModified\":\"2024-11-11T08:53:45+00:00\",\"breadcrumb\":{\"@id\":\"https:\/\/nuevo-renacer.com\/francisco-leite-de-bittencourt-sampaio\/#breadcrumb\"},\"inLanguage\":\"fr-FR\",\"potentialAction\":[{\"@type\":\"ReadAction\",\"target\":[\"https:\/\/nuevo-renacer.com\/francisco-leite-de-bittencourt-sampaio\/\"]}]},{\"@type\":\"ImageObject\",\"inLanguage\":\"fr-FR\",\"@id\":\"https:\/\/nuevo-renacer.com\/francisco-leite-de-bittencourt-sampaio\/#primaryimage\",\"url\":\"https:\/\/nuevo-renacer.com\/wp-content\/uploads\/2024\/11\/1966969560-300-9f1bec88.jpg\",\"contentUrl\":\"https:\/\/nuevo-renacer.com\/wp-content\/uploads\/2024\/11\/1966969560-300-9f1bec88.jpg\"},{\"@type\":\"BreadcrumbList\",\"@id\":\"https:\/\/nuevo-renacer.com\/francisco-leite-de-bittencourt-sampaio\/#breadcrumb\",\"itemListElement\":[{\"@type\":\"ListItem\",\"position\":1,\"name\":\"Startseite\",\"item\":\"https:\/\/nuevo-renacer.com\/\"},{\"@type\":\"ListItem\",\"position\":2,\"name\":\"Francisco Leite de Bittencourt Sampaio\u00a0\"}]},{\"@type\":\"WebSite\",\"@id\":\"https:\/\/nuevo-renacer.com\/#website\",\"url\":\"https:\/\/nuevo-renacer.com\/\",\"name\":\"Uni\u00f3n Esp\u00edrita\",\"description\":\"Nuevo Renacer\",\"publisher\":{\"@id\":\"https:\/\/nuevo-renacer.com\/#organization\"},\"potentialAction\":[{\"@type\":\"SearchAction\",\"target\":{\"@type\":\"EntryPoint\",\"urlTemplate\":\"https:\/\/nuevo-renacer.com\/?s={search_term_string}\"},\"query-input\":{\"@type\":\"PropertyValueSpecification\",\"valueRequired\":true,\"valueName\":\"search_term_string\"}}],\"inLanguage\":\"fr-FR\"},{\"@type\":\"Organization\",\"@id\":\"https:\/\/nuevo-renacer.com\/#organization\",\"name\":\"UFEC\",\"url\":\"https:\/\/nuevo-renacer.com\/\",\"logo\":{\"@type\":\"ImageObject\",\"inLanguage\":\"fr-FR\",\"@id\":\"https:\/\/nuevo-renacer.com\/#\/schema\/logo\/image\/\",\"url\":\"https:\/\/nuevo-renacer.com\/wp-content\/uploads\/2024\/05\/cropped-LOGO-TERMINADO1-3-3.png\",\"contentUrl\":\"https:\/\/nuevo-renacer.com\/wp-content\/uploads\/2024\/05\/cropped-LOGO-TERMINADO1-3-3.png\",\"width\":512,\"height\":512,\"caption\":\"UFEC\"},\"image\":{\"@id\":\"https:\/\/nuevo-renacer.com\/#\/schema\/logo\/image\/\"},\"sameAs\":[\"https:\/\/www.facebook.com\/groups\/3431398063740829\"]}]}<\/script>\n<!-- \/ Yoast SEO Premium plugin. -->","yoast_head_json":{"title":"Francisco Leite de Bittencourt Sampaio\u00a0 - Uni\u00f3n Esp\u00edrita","robots":{"index":"index","follow":"follow","max-snippet":"max-snippet:-1","max-image-preview":"max-image-preview:large","max-video-preview":"max-video-preview:-1"},"canonical":"https:\/\/nuevo-renacer.com\/fr\/francisco-leite-de-bittencourt-sampaio\/","og_locale":"fr_FR","og_type":"article","og_title":"Francisco Leite de Bittencourt Sampaio\u00a0","og_description":"Francisco Leite de Bittencourt Sampaio\u00a0 Francisco Leite de Bittencourt Sampaio naci\u00f3 en Laranjeiras, Sergipe, el 1 de febrero de 1834. Era hijo de un comerciante portugu\u00e9s del mismo nombre y de do\u00f1a Maria de Sant&#8217;Ana Leite Sampaio. Fue jurisconsulto (persona con grandes conocimientos jur\u00eddicos que da consultas y dict\u00e1menes sobre cuestiones de derecho); magistrado; pol\u00edtico; [&hellip;]","og_url":"https:\/\/nuevo-renacer.com\/fr\/francisco-leite-de-bittencourt-sampaio\/","og_site_name":"Uni\u00f3n Esp\u00edrita","article_publisher":"https:\/\/www.facebook.com\/groups\/3431398063740829","article_modified_time":"2024-11-11T08:53:45+00:00","og_image":[{"width":300,"height":399,"url":"https:\/\/nuevo-renacer.com\/wp-content\/uploads\/2024\/11\/1966969560-300-9f1bec88.jpg","type":"image\/jpeg"}],"twitter_card":"summary_large_image","twitter_misc":{"Dur\u00e9e de lecture estim\u00e9e":"4 minutes"},"schema":{"@context":"https:\/\/schema.org","@graph":[{"@type":"WebPage","@id":"https:\/\/nuevo-renacer.com\/francisco-leite-de-bittencourt-sampaio\/","url":"https:\/\/nuevo-renacer.com\/francisco-leite-de-bittencourt-sampaio\/","name":"Francisco Leite de Bittencourt Sampaio\u00a0 - Uni\u00f3n Esp\u00edrita","isPartOf":{"@id":"https:\/\/nuevo-renacer.com\/#website"},"primaryImageOfPage":{"@id":"https:\/\/nuevo-renacer.com\/francisco-leite-de-bittencourt-sampaio\/#primaryimage"},"image":{"@id":"https:\/\/nuevo-renacer.com\/francisco-leite-de-bittencourt-sampaio\/#primaryimage"},"thumbnailUrl":"https:\/\/nuevo-renacer.com\/wp-content\/uploads\/2024\/11\/1966969560-300-9f1bec88.jpg","datePublished":"2024-11-11T08:44:57+00:00","dateModified":"2024-11-11T08:53:45+00:00","breadcrumb":{"@id":"https:\/\/nuevo-renacer.com\/francisco-leite-de-bittencourt-sampaio\/#breadcrumb"},"inLanguage":"fr-FR","potentialAction":[{"@type":"ReadAction","target":["https:\/\/nuevo-renacer.com\/francisco-leite-de-bittencourt-sampaio\/"]}]},{"@type":"ImageObject","inLanguage":"fr-FR","@id":"https:\/\/nuevo-renacer.com\/francisco-leite-de-bittencourt-sampaio\/#primaryimage","url":"https:\/\/nuevo-renacer.com\/wp-content\/uploads\/2024\/11\/1966969560-300-9f1bec88.jpg","contentUrl":"https:\/\/nuevo-renacer.com\/wp-content\/uploads\/2024\/11\/1966969560-300-9f1bec88.jpg"},{"@type":"BreadcrumbList","@id":"https:\/\/nuevo-renacer.com\/francisco-leite-de-bittencourt-sampaio\/#breadcrumb","itemListElement":[{"@type":"ListItem","position":1,"name":"Startseite","item":"https:\/\/nuevo-renacer.com\/"},{"@type":"ListItem","position":2,"name":"Francisco Leite de Bittencourt Sampaio\u00a0"}]},{"@type":"WebSite","@id":"https:\/\/nuevo-renacer.com\/#website","url":"https:\/\/nuevo-renacer.com\/","name":"Uni\u00f3n Esp\u00edrita","description":"Nuevo Renacer","publisher":{"@id":"https:\/\/nuevo-renacer.com\/#organization"},"potentialAction":[{"@type":"SearchAction","target":{"@type":"EntryPoint","urlTemplate":"https:\/\/nuevo-renacer.com\/?s={search_term_string}"},"query-input":{"@type":"PropertyValueSpecification","valueRequired":true,"valueName":"search_term_string"}}],"inLanguage":"fr-FR"},{"@type":"Organization","@id":"https:\/\/nuevo-renacer.com\/#organization","name":"UFEC","url":"https:\/\/nuevo-renacer.com\/","logo":{"@type":"ImageObject","inLanguage":"fr-FR","@id":"https:\/\/nuevo-renacer.com\/#\/schema\/logo\/image\/","url":"https:\/\/nuevo-renacer.com\/wp-content\/uploads\/2024\/05\/cropped-LOGO-TERMINADO1-3-3.png","contentUrl":"https:\/\/nuevo-renacer.com\/wp-content\/uploads\/2024\/05\/cropped-LOGO-TERMINADO1-3-3.png","width":512,"height":512,"caption":"UFEC"},"image":{"@id":"https:\/\/nuevo-renacer.com\/#\/schema\/logo\/image\/"},"sameAs":["https:\/\/www.facebook.com\/groups\/3431398063740829"]}]}},"uagb_featured_image_src":{"full":false,"thumbnail":false,"medium":false,"medium_large":false,"large":false,"1536x1536":false,"2048x2048":false,"trp-custom-language-flag":false},"uagb_author_info":{"display_name":"adbv0","author_link":"https:\/\/nuevo-renacer.com\/fr\/author\/adbv0\/"},"uagb_comment_info":0,"uagb_excerpt":"Francisco Leite de Bittencourt Sampaio\u00a0 Francisco Leite de Bittencourt Sampaio naci\u00f3 en Laranjeiras, Sergipe, el 1 de febrero de 1834. Era hijo de un comerciante portugu\u00e9s del mismo nombre y de do\u00f1a Maria de Sant&#8217;Ana Leite Sampaio. Fue jurisconsulto (persona con grandes conocimientos jur\u00eddicos que da consultas y dict\u00e1menes sobre cuestiones de derecho); magistrado; pol\u00edtico;\u2026","jetpack_sharing_enabled":true,"_links":{"self":[{"href":"https:\/\/nuevo-renacer.com\/fr\/wp-json\/wp\/v2\/pages\/6004","targetHints":{"allow":["GET"]}}],"collection":[{"href":"https:\/\/nuevo-renacer.com\/fr\/wp-json\/wp\/v2\/pages"}],"about":[{"href":"https:\/\/nuevo-renacer.com\/fr\/wp-json\/wp\/v2\/types\/page"}],"author":[{"embeddable":true,"href":"https:\/\/nuevo-renacer.com\/fr\/wp-json\/wp\/v2\/users\/1"}],"replies":[{"embeddable":true,"href":"https:\/\/nuevo-renacer.com\/fr\/wp-json\/wp\/v2\/comments?post=6004"}],"version-history":[{"count":3,"href":"https:\/\/nuevo-renacer.com\/fr\/wp-json\/wp\/v2\/pages\/6004\/revisions"}],"predecessor-version":[{"id":6010,"href":"https:\/\/nuevo-renacer.com\/fr\/wp-json\/wp\/v2\/pages\/6004\/revisions\/6010"}],"wp:attachment":[{"href":"https:\/\/nuevo-renacer.com\/fr\/wp-json\/wp\/v2\/media?parent=6004"}],"curies":[{"name":"wp","href":"https:\/\/api.w.org\/{rel}","templated":true}]}}