{"id":5913,"date":"2024-11-08T08:52:48","date_gmt":"2024-11-08T08:52:48","guid":{"rendered":"https:\/\/nuevo-renacer.com\/?page_id=5913"},"modified":"2024-11-08T08:54:25","modified_gmt":"2024-11-08T08:54:25","slug":"humberto-mariotti","status":"publish","type":"page","link":"https:\/\/nuevo-renacer.com\/fr\/humberto-mariotti\/","title":{"rendered":"Humberto Mariotti"},"content":{"rendered":"<div class=\"wp-block-uagb-container uagb-block-b050fb4c alignfull uagb-is-root-container\"><div class=\"uagb-container-inner-blocks-wrap\">\n<p class=\"has-black-color has-text-color has-link-color has-medium-font-size wp-elements-7f1899729acca61d14ade6ef6da7a302\"><strong>Humberto Mariotti<\/strong><\/p>\n<\/div><\/div>\n\n\n\n<div class=\"wp-block-uagb-container uagb-block-a988bfa0 alignfull uagb-is-root-container\"><div class=\"uagb-container-inner-blocks-wrap\">\n<figure class=\"wp-block-image size-full is-resized\"><img fetchpriority=\"high\" decoding=\"async\" width=\"239\" height=\"224\" src=\"https:\/\/nuevo-renacer.com\/wp-content\/uploads\/2024\/11\/Screenshot-214.png\" alt=\"\" class=\"wp-image-5916\" style=\"width:262px;height:auto\" srcset=\"https:\/\/nuevo-renacer.com\/wp-content\/uploads\/2024\/11\/Screenshot-214.png 239w, https:\/\/nuevo-renacer.com\/wp-content\/uploads\/2024\/11\/Screenshot-214-13x12.png 13w\" sizes=\"(max-width: 239px) 100vw, 239px\" \/><\/figure>\n<\/div><\/div>\n\n\n\n<div class=\"wp-block-uagb-container uagb-block-352ed2aa alignfull uagb-is-root-container\"><div class=\"uagb-container-inner-blocks-wrap\">\n<p class=\"has-black-color has-text-color has-link-color has-small-font-size wp-elements-87ab41d81570a04598a1f3330b36e0f2\">Il est n\u00e9 Humberto Mariotti, le 11 juin 1905 dans la ville de Z\u00e1rate (sur les rives de la rivi\u00e8re Paran\u00e1), Buenos Aires, Argentine. Ses parents \u00e9taient de Nicolas Mariotti et Julia del R\u00e9, les immigr\u00e9s italiens de la province de Bari, situ\u00e9 dans la zone de la partie continentale de l&#039;Italie; ceux qui se livrent \u00e0 l&#039;instar de nombreux compatriotes \u00e0 la culture des terres et l&#039;\u00e9levage des animaux.<\/p>\n\n\n\n<p class=\"has-black-color has-text-color has-link-color has-small-font-size wp-elements-d6aa3c42beb57179714cacd0edc36d01\">Il \u00e9tait le deuxi\u00e8me des cinq fr\u00e8res: - Domingue, la plus grande; Olympia, Amadeus et Maria (Maruca), qui a partag\u00e9 avec lui les id\u00e9es de la Doctrine Spirite. Form\u00e9 m\u00e9nages o\u00f9 l&#039;\u00e9tude du spiritisme et les pratiques medi\u00famnicas ont \u00e9t\u00e9 d\u00e9velopp\u00e9s par plusieurs de ses membres, parce que Marie est l&#039;\u00e9pouse de James A. Bossero, \u00e9minent \u00e9crivain et conf\u00e9rencier. La m\u00e8re de trois enfants esp\u00edritas aussi, li\u00e9es \u00e0 Antonio Melo, membre de la Conf\u00e9d\u00e9ration Spirite de l&#039;Argentine et de la Soci\u00e9t\u00e9 de La Fraternit\u00e9 par le mariage de sa fille Elma avec Ernesto Melo, fr\u00e8re d&#039;Antonio, et un partenaire de la m\u00eame institution, et enfin Amadeo, sans participation active, publi\u00e9 en plusieurs occasions des po\u00e8mes dans diverses revues esp\u00edritas, parmi eux, un Record.<\/p>\n\n\n\n<p class=\"has-black-color has-text-color has-link-color has-small-font-size wp-elements-6a4fd981a092fdb9972c63046f271aac\">En r\u00e9f\u00e9rence \u00e0 leurs \u00e9tudes, nous pouvons dire que fr\u00e9quent\u00e9 l&#039;\u00e9cole jusqu&#039;\u00e0 la quatri\u00e8me ann\u00e9e de l&#039;\u00e9cole primaire, parce que, pour des raisons \u00e9conomiques, leurs parents ont d\u00fb l&#039;interrompre. Malgr\u00e9 cela, il passe son enfance et avide de connaissances et inventions en essayant de d\u00e9couvrir les myst\u00e8res de la nature sauvage qui composent les cr\u00eates produit dans la terre par les courants des eaux du fleuve Paran\u00e1, et ont \u00e9t\u00e9 une constante dans sa po\u00e9sie intime. L\u00e0, dans cet environnement, son esprit pr\u00eat pour l&#039;aventure et l&#039;amant de tout inconnu, imagin\u00e9 et organis\u00e9 avec des amis de son \u00e2ge, une \u201carm\u00e9e de lib\u00e9ration\u201d similaire \u00e0 celle du G\u00e9n\u00e9ral Don Jos\u00e9 de San Mart\u00edn (par lequel il avait une profonde admiration), et dont le chef, sans doute, c&#039;\u00e9tait lui.<\/p>\n\n\n\n<p class=\"has-black-color has-text-color has-link-color has-small-font-size wp-elements-c3521dc52bc245ab4a452123ae4c8257\">Comme nous le voyons, ces jeux d&#039;enfants, ont \u00e9t\u00e9 d\u00e9crits dans Mariotti leur personnalit\u00e9 future de la militant actif et dynamique d&#039;un mouvement progressiste et avanc\u00e9, comme il a \u00e9t\u00e9, est et sera le lieu Id\u00e9al Spirite.<\/p>\n\n\n\n<p class=\"has-black-color has-text-color has-link-color has-medium-font-size wp-elements-f4308686b7be345a14d6147efe514cb2\"><strong>Ses d\u00e9buts dans le militantisme spirite<\/strong><\/p>\n\n\n\n<p class=\"has-black-color has-text-color has-link-color has-small-font-size wp-elements-2e534cee5b9bda95c09c7576aca5021f\">Et la ann\u00e9es continuent... et en 1925, \u00e0 18 ans, un fait important pour votre existence. Joseph Grillo, un ami intime de la famille et simultan\u00e9es pour le Spiritualiste Centre de la Lumi\u00e8re, de Charit\u00e9 et de Progr\u00e8s, de la rue G\u00e9n\u00e9ral de Paix 310, Zarate, impressionn\u00e9 par la facilit\u00e9 avec laquelle les jeunes assimil\u00e9 les th\u00e8mes de la philosophie et de la m\u00e9taphysique lui a pr\u00eat\u00e9 un livre. Mais ce n&#039;\u00e9tait pas comme beaucoup d&#039;autres, parce qu&#039;il contenait en lui-m\u00eame les principes d&#039;une doctrine qui transpon\u00eda les seuils de l&#039;homme pour atteindre le Monde de l&#039;Esprit: Le Livre des Esprits d&#039;Allan Kardec, publi\u00e9 \u00e0 Barcelone, en Espagne, en 1904, il \u00e9tait la copie que Joseph Grillo fourni \u00e0 Humberto Mariotti. De le lire et de \u201ctomber en amour\u201d de votre contenu, de vos id\u00e9es, afin de leur Doctrine n&#039;est pas accidentelle; il doit savoir que le livre, car \u00e0 partir de ce jour, p\u00e9n\u00e9trer dans la r\u00e9alit\u00e9 du Monde Spirituel qui nous serait jamais d\u00e9tourner.<\/p>\n\n\n\n<p class=\"has-black-color has-text-color has-link-color has-small-font-size wp-elements-177aa73a2c705802e2a8d4375a4980c0\">De son existence terrestre est seulement dix-huit ans n&#039;ont pas \u00e9t\u00e9 d\u00e9pens\u00e9s pour la Doctrine Spirite, parce que leurs cinquante et neuf autres d\u00e9di\u00e9 \u00e0 l&#039;amour et l&#039;int\u00e9r\u00eat \u00e0 travers des livres, des conf\u00e9rences, des po\u00e8mes, etc., pour la pratique de l&#039;Id\u00e9al qui a \u00e9t\u00e9 son Tout: le Spiritisme d&#039;Allan Kardec.<\/p>\n\n\n\n<p class=\"has-black-color has-text-color has-link-color has-small-font-size wp-elements-dc8a061160251d3c392e8ddb67909972\">Dans l&#039;ann\u00e9e 1926 toujours dans Z\u00e1rate, et d\u00e9j\u00e0 friands de Spiritisme, dans une fi\u00e9vreuse de l&#039;\u00e9lan de la jeunesse \u00e9crit en manuscrit \u00e0 deux facettes sur les sujets esp\u00edritas, le titre du Magazine de l&#039;Amour et de l&#039;\u00c9tude, d&#039;informer ses lecteurs que, dans un avenir proche, il semblerait imprim\u00e9.<\/p>\n\n\n\n<p class=\"has-black-color has-text-color has-link-color has-small-font-size wp-elements-4b4fa10990c16cd9b9ee61cc66fa65bf\">Autour de 1929, la famille a d\u00e9m\u00e9nag\u00e9 \u00e0 la Capitale F\u00e9d\u00e9rale, et d&#039;\u00e9tudier et de travailler pour quelques ann\u00e9es, comme en m\u00e9decine V\u00e9t\u00e9rinaire \u00e0 la fin du R\u00e9frig\u00e9rateur Anglo Avellaneda. Simultan\u00e9ment commence dans les activit\u00e9s doctrinale dans la Soci\u00e9t\u00e9 Camilo Flammarion, o\u00f9 il rencontre Luis Di Crist\u00f3foro Postiglioni, qui est aussi un militant de premier plan spirite. Des ann\u00e9es plus tard, il est entr\u00e9 \u00e0 la Soci\u00e9t\u00e9 Victor Hugo en d\u00e9veloppement dans son travail medi\u00famnicos, la recherche, etc.<\/p>\n\n\n\n<p class=\"has-black-color has-text-color has-link-color has-medium-font-size wp-elements-2e25684650e0975111d2aa8d0ef0d25e\"><strong>Faits essentiels de votre Activit\u00e9 Spirite<\/strong><\/p>\n\n\n\n<p class=\"has-black-color has-text-color has-link-color has-small-font-size wp-elements-36c84bd89131618681f098c78e47261c\">1 \u00e0 10 de septembre, 1934, ainsi que celle de la grande chasse qui a \u00e9t\u00e9 Manuel S. Porteiro, assister en tant que d\u00e9l\u00e9gu\u00e9s de l&#039;Argentine dans le V Congr\u00e8s Spirite International qui a eu lieu \u00e0 Barcelone, en Espagne, o\u00f9 ils ont pr\u00e9sent\u00e9 et d\u00e9fendu la jeunesse de la M\u00e9moire de la Conf\u00e9d\u00e9ration Spiritualiste de l&#039;Argentine, depuis qu&#039;il a \u00e9t\u00e9 propos\u00e9, entre autres choses, que \u201cune plus grande capacit\u00e9 et desprejuiciamiento \u00e0 la compr\u00e9hension des ph\u00e9nom\u00e8nes sociaux et des probl\u00e8mes qui exigent que les spiritualistes une plus grande connaissance objective et une activit\u00e9 de franchise et a d\u00e9termin\u00e9 que l&#039;est leur finalit\u00e9 sociale et dirige l&#039;action et la propagande de l&#039;accord avec l&#039;essence de la morale spirite, Kardec emball\u00e9s dans ces trois principes: Libert\u00e9, \u00c9galit\u00e9 et Fraternit\u00e9\u201d, et ainsi de suite. Constitu\u00e9, \u00e0 la fois Mariotti \u00e0 Porteiro, la participation \u00e0 cette manifestation spirite international, un fait de la pertinence de leurs performances futures doctrinale pour \u00eatre en mesure d&#039;interagir avec esp\u00edritas de renomm\u00e9e mondiale. Les jours pass\u00e9s \u00e0 Barcelone ont \u00e9t\u00e9 rappel\u00e9s par les deux d&#039;entre eux \u00e0 de nombreuses reprises, que ce soit par \u00e9crit ou de conf\u00e9rences avec une profonde \u00e9motion.<\/p>\n\n\n\n<p class=\"has-black-color has-text-color has-link-color has-small-font-size wp-elements-0ee5ee17f2afb5fd44d797ee5c186791\">Il a \u00e9t\u00e9 nomm\u00e9 Pr\u00e9sident de la Conf\u00e9d\u00e9ration Spiritualiste de l&#039;Argentine, \u00e0 deux reprises, en 1936 et 1966. Lors de sa premi\u00e8re pr\u00e9sidence, entre autres, met en \u00e9vidence l&#039;envoi d&#039;une Lettre Ouverte au Chef de la Police de la Province de Buenos Aires, seigneur des Maisons Peralta en ce qui concerne les \u201cpratiques qui sont absurdes, tels que les arts divinatoires, l&#039;exploitation curanderil, arranger des mariages, des frais pour les requ\u00eates qui sont faites, etc.\u201d avertissement \u00e0 une telle r\u00e9partition, \u201cla Conf\u00e9d\u00e9ration Spiritualiste de l&#039;Argentine est une institution qui regroupe en son sein, plus de trente entreprises l\u00e9galement constitu\u00e9es et de la voile par le prestige d&#039;une doctrine sup\u00e9rieure, comme c&#039;est la Doctrine Spirite\u201d. Il \u00e9tait donc, \u00e0 partir d&#039;un tr\u00e8s jeune \u00e2ge, le temp\u00e9rament de Mariotti: un d\u00e9fenseur Passionn\u00e9 des vrais principes et les pratiques des id\u00e9es kardecianas.<\/p>\n\n\n\n<p class=\"has-black-color has-text-color has-link-color has-small-font-size wp-elements-bbbfcb93c0a208da3941f415ff40c80e\">Et son militantisme spirite continue, mais il est \u00e9galement livr\u00e9 \u00e0 votre amour de la vie... il a \u00c9t\u00e9 membre de la F\u00e9d\u00e9ration de la Jeunesse Spirite Argentine un jeune, agit\u00e9, et les plus entreprenants de nom Ana Huici, que pour l&#039;\u00e9trange \u201ccausalit\u00e9\u201d \u00e9tait li\u00e9e \u00e0 Do\u00f1a Aurora Galvez, fondateur de la soci\u00e9t\u00e9 de Victor Hugo. Au fil des rencontres, des r\u00e9unions, des pique-niques, concerts, \u00e9v\u00e9nements culturels ont \u00e9t\u00e9 de r\u00e9v\u00e9ler en eux des affinit\u00e9s et des sentiments qui ont culmin\u00e9 avec l&#039;union des deux le 22 d\u00e9cembre 1937. De m\u00eame, \u00e9tait n\u00e9e une fille, Hebe, Iris.<\/p>\n\n\n\n<p class=\"has-black-color has-text-color has-link-color has-small-font-size wp-elements-c7b8c6abc18fecb03d0a97b29bbcf8f6\">Cette maison construite dans l&#039;affection, l&#039;amiti\u00e9 et surtout l&#039;amour de la lumi\u00e8re du Spiritisme assist\u00e9 \u00e0 d&#039;innombrables r\u00e9unions doctrinales qui ont \u00e9merg\u00e9 et a organis\u00e9 des assembl\u00e9es et congr\u00e8s esp\u00edritas et les spiritualistes nationales et internationales, telles quelles ont \u00e9t\u00e9 la Conf\u00e9d\u00e9ration Spirite Pan-am\u00e9ricain (SOUCHE); le Congr\u00e8s International pour l&#039;\u00e9tude de la R\u00e9incarnation; le Mouvement pour la Fraternit\u00e9 Universelle, et beaucoup d&#039;autres.<\/p>\n\n\n\n<p class=\"has-black-color has-text-color has-link-color has-small-font-size wp-elements-5b14338e3346841803ec60b0aff10d83\">Humberto et Anita Mariotti v\u00e9cu 45 ans ensemble, unis par leur amour et pour le service que deux d&#039;entre elles offraient l&#039;Id\u00e9al de ce qui ne quittait pas toujours. Elle \u00e9tait la compagne d&#039;un homme qui a consacr\u00e9 sa vie \u00e0 la propagation d&#039;une doctrine, et qu&#039;il a fait pour elle, le soutien spirituel d&#039;un \u00eatre avide de l&#039;enseignement et de pens\u00e9es qui percent le r\u00e9alisme du mat\u00e9riel.<\/p>\n\n\n\n<p class=\"has-black-color has-text-color has-link-color has-small-font-size wp-elements-97e7dec8f62a7eace61fcd73bef2cccd\">Mariotti est d\u00e9c\u00e9d\u00e9 le 17 mai 1982, l&#039;Argentine.<\/p>\n<\/div><\/div>\n\n\n\n<div class=\"wp-block-uagb-container uagb-block-b6f718db alignfull uagb-is-root-container\"><div class=\"uagb-container-inner-blocks-wrap\"><\/div><\/div>\n\n\n\n<div class=\"wp-block-uagb-container uagb-block-bc2fd7a7 alignfull uagb-is-root-container\"><div class=\"uagb-container-inner-blocks-wrap\"><\/div><\/div>","protected":false},"excerpt":{"rendered":"<p>Humberto Mariotti Naci\u00f3 Humberto Mariotti el 11 de junio de 1905 en la ciudad de Z\u00e1rate (a orillas del r\u00edo Paran\u00e1), Buenos Aires, Argentina. Fueron sus padres Nicol\u00e1s Mariotti y Julia del R\u00e9, inmigrantes italianos provenientes de la provincia de Bari, situada en la zona peninsular de Italia; quienes se dedicaron como tantos compatriotas al [&hellip;]<\/p>","protected":false},"author":1,"featured_media":0,"parent":0,"menu_order":0,"comment_status":"closed","ping_status":"closed","template":"","meta":{"_uag_custom_page_level_css":"","site-sidebar-layout":"default","site-content-layout":"","ast-site-content-layout":"default","site-content-style":"default","site-sidebar-style":"default","ast-global-header-display":"","ast-banner-title-visibility":"","ast-main-header-display":"","ast-hfb-above-header-display":"","ast-hfb-below-header-display":"","ast-hfb-mobile-header-display":"","site-post-title":"disabled","ast-breadcrumbs-content":"","ast-featured-img":"","footer-sml-layout":"","theme-transparent-header-meta":"","adv-header-id-meta":"","stick-header-meta":"","header-above-stick-meta":"","header-main-stick-meta":"","header-below-stick-meta":"","astra-migrate-meta-layouts":"set","ast-page-background-enabled":"default","ast-page-background-meta":{"desktop":{"background-color":"var(--ast-global-color-4)","background-image":"","background-repeat":"repeat","background-position":"center center","background-size":"auto","background-attachment":"scroll","background-type":"","background-media":"","overlay-type":"","overlay-color":"","overlay-opacity":"","overlay-gradient":""},"tablet":{"background-color":"","background-image":"","background-repeat":"repeat","background-position":"center center","background-size":"auto","background-attachment":"scroll","background-type":"","background-media":"","overlay-type":"","overlay-color":"","overlay-opacity":"","overlay-gradient":""},"mobile":{"background-color":"","background-image":"","background-repeat":"repeat","background-position":"center center","background-size":"auto","background-attachment":"scroll","background-type":"","background-media":"","overlay-type":"","overlay-color":"","overlay-opacity":"","overlay-gradient":""}},"ast-content-background-meta":{"desktop":{"background-color":"var(--ast-global-color-5)","background-image":"","background-repeat":"repeat","background-position":"center center","background-size":"auto","background-attachment":"scroll","background-type":"","background-media":"","overlay-type":"","overlay-color":"","overlay-opacity":"","overlay-gradient":""},"tablet":{"background-color":"var(--ast-global-color-5)","background-image":"","background-repeat":"repeat","background-position":"center center","background-size":"auto","background-attachment":"scroll","background-type":"","background-media":"","overlay-type":"","overlay-color":"","overlay-opacity":"","overlay-gradient":""},"mobile":{"background-color":"var(--ast-global-color-5)","background-image":"","background-repeat":"repeat","background-position":"center center","background-size":"auto","background-attachment":"scroll","background-type":"","background-media":"","overlay-type":"","overlay-color":"","overlay-opacity":"","overlay-gradient":""}},"footnotes":""},"class_list":["post-5913","page","type-page","status-publish","hentry"],"yoast_head":"<!-- This site is optimized with the Yoast SEO Premium plugin v24.2 (Yoast SEO v24.6) - https:\/\/yoast.com\/wordpress\/plugins\/seo\/ -->\n<title>Humberto Mariotti - Uni\u00f3n Esp\u00edrita<\/title>\n<meta name=\"robots\" content=\"index, follow, max-snippet:-1, max-image-preview:large, max-video-preview:-1\" \/>\n<link rel=\"canonical\" href=\"https:\/\/nuevo-renacer.com\/fr\/humberto-mariotti\/\" \/>\n<meta property=\"og:locale\" content=\"fr_FR\" \/>\n<meta property=\"og:type\" content=\"article\" \/>\n<meta property=\"og:title\" content=\"Humberto Mariotti\" \/>\n<meta property=\"og:description\" content=\"Humberto Mariotti Naci\u00f3 Humberto Mariotti el 11 de junio de 1905 en la ciudad de Z\u00e1rate (a orillas del r\u00edo Paran\u00e1), Buenos Aires, Argentina. Fueron sus padres Nicol\u00e1s Mariotti y Julia del R\u00e9, inmigrantes italianos provenientes de la provincia de Bari, situada en la zona peninsular de Italia; quienes se dedicaron como tantos compatriotas al [&hellip;]\" \/>\n<meta property=\"og:url\" content=\"https:\/\/nuevo-renacer.com\/fr\/humberto-mariotti\/\" \/>\n<meta property=\"og:site_name\" content=\"Uni\u00f3n Esp\u00edrita\" \/>\n<meta property=\"article:publisher\" content=\"https:\/\/www.facebook.com\/groups\/3431398063740829\" \/>\n<meta property=\"article:modified_time\" content=\"2024-11-08T08:54:25+00:00\" \/>\n<meta property=\"og:image\" content=\"https:\/\/nuevo-renacer.com\/wp-content\/uploads\/2024\/11\/Screenshot-214.png\" \/>\n\t<meta property=\"og:image:width\" content=\"239\" \/>\n\t<meta property=\"og:image:height\" content=\"224\" \/>\n\t<meta property=\"og:image:type\" content=\"image\/png\" \/>\n<meta name=\"twitter:card\" content=\"summary_large_image\" \/>\n<meta name=\"twitter:label1\" content=\"Dur\u00e9e de lecture estim\u00e9e\" \/>\n\t<meta name=\"twitter:data1\" content=\"7 minutes\" \/>\n<script type=\"application\/ld+json\" class=\"yoast-schema-graph\">{\"@context\":\"https:\/\/schema.org\",\"@graph\":[{\"@type\":\"WebPage\",\"@id\":\"https:\/\/nuevo-renacer.com\/fr\/humberto-mariotti\/\",\"url\":\"https:\/\/nuevo-renacer.com\/fr\/humberto-mariotti\/\",\"name\":\"Humberto Mariotti - Uni\u00f3n Esp\u00edrita\",\"isPartOf\":{\"@id\":\"https:\/\/nuevo-renacer.com\/#website\"},\"primaryImageOfPage\":{\"@id\":\"https:\/\/nuevo-renacer.com\/fr\/humberto-mariotti\/#primaryimage\"},\"image\":{\"@id\":\"https:\/\/nuevo-renacer.com\/fr\/humberto-mariotti\/#primaryimage\"},\"thumbnailUrl\":\"https:\/\/nuevo-renacer.com\/wp-content\/uploads\/2024\/11\/Screenshot-214.png\",\"datePublished\":\"2024-11-08T08:52:48+00:00\",\"dateModified\":\"2024-11-08T08:54:25+00:00\",\"breadcrumb\":{\"@id\":\"https:\/\/nuevo-renacer.com\/fr\/humberto-mariotti\/#breadcrumb\"},\"inLanguage\":\"fr-FR\",\"potentialAction\":[{\"@type\":\"ReadAction\",\"target\":[\"https:\/\/nuevo-renacer.com\/fr\/humberto-mariotti\/\"]}]},{\"@type\":\"ImageObject\",\"inLanguage\":\"fr-FR\",\"@id\":\"https:\/\/nuevo-renacer.com\/fr\/humberto-mariotti\/#primaryimage\",\"url\":\"https:\/\/nuevo-renacer.com\/wp-content\/uploads\/2024\/11\/Screenshot-214.png\",\"contentUrl\":\"https:\/\/nuevo-renacer.com\/wp-content\/uploads\/2024\/11\/Screenshot-214.png\"},{\"@type\":\"BreadcrumbList\",\"@id\":\"https:\/\/nuevo-renacer.com\/fr\/humberto-mariotti\/#breadcrumb\",\"itemListElement\":[{\"@type\":\"ListItem\",\"position\":1,\"name\":\"Startseite\",\"item\":\"https:\/\/nuevo-renacer.com\/\"},{\"@type\":\"ListItem\",\"position\":2,\"name\":\"Humberto Mariotti\"}]},{\"@type\":\"WebSite\",\"@id\":\"https:\/\/nuevo-renacer.com\/#website\",\"url\":\"https:\/\/nuevo-renacer.com\/\",\"name\":\"Uni\u00f3n Esp\u00edrita\",\"description\":\"Nuevo Renacer\",\"publisher\":{\"@id\":\"https:\/\/nuevo-renacer.com\/#organization\"},\"potentialAction\":[{\"@type\":\"SearchAction\",\"target\":{\"@type\":\"EntryPoint\",\"urlTemplate\":\"https:\/\/nuevo-renacer.com\/?s={search_term_string}\"},\"query-input\":{\"@type\":\"PropertyValueSpecification\",\"valueRequired\":true,\"valueName\":\"search_term_string\"}}],\"inLanguage\":\"fr-FR\"},{\"@type\":\"Organization\",\"@id\":\"https:\/\/nuevo-renacer.com\/#organization\",\"name\":\"UFEC\",\"url\":\"https:\/\/nuevo-renacer.com\/\",\"logo\":{\"@type\":\"ImageObject\",\"inLanguage\":\"fr-FR\",\"@id\":\"https:\/\/nuevo-renacer.com\/#\/schema\/logo\/image\/\",\"url\":\"https:\/\/nuevo-renacer.com\/wp-content\/uploads\/2024\/05\/cropped-LOGO-TERMINADO1-3-3.png\",\"contentUrl\":\"https:\/\/nuevo-renacer.com\/wp-content\/uploads\/2024\/05\/cropped-LOGO-TERMINADO1-3-3.png\",\"width\":512,\"height\":512,\"caption\":\"UFEC\"},\"image\":{\"@id\":\"https:\/\/nuevo-renacer.com\/#\/schema\/logo\/image\/\"},\"sameAs\":[\"https:\/\/www.facebook.com\/groups\/3431398063740829\"]}]}<\/script>\n<!-- \/ Yoast SEO Premium plugin. -->","yoast_head_json":{"title":"Humberto Mariotti - Uni\u00f3n Esp\u00edrita","robots":{"index":"index","follow":"follow","max-snippet":"max-snippet:-1","max-image-preview":"max-image-preview:large","max-video-preview":"max-video-preview:-1"},"canonical":"https:\/\/nuevo-renacer.com\/fr\/humberto-mariotti\/","og_locale":"fr_FR","og_type":"article","og_title":"Humberto Mariotti","og_description":"Humberto Mariotti Naci\u00f3 Humberto Mariotti el 11 de junio de 1905 en la ciudad de Z\u00e1rate (a orillas del r\u00edo Paran\u00e1), Buenos Aires, Argentina. Fueron sus padres Nicol\u00e1s Mariotti y Julia del R\u00e9, inmigrantes italianos provenientes de la provincia de Bari, situada en la zona peninsular de Italia; quienes se dedicaron como tantos compatriotas al [&hellip;]","og_url":"https:\/\/nuevo-renacer.com\/fr\/humberto-mariotti\/","og_site_name":"Uni\u00f3n Esp\u00edrita","article_publisher":"https:\/\/www.facebook.com\/groups\/3431398063740829","article_modified_time":"2024-11-08T08:54:25+00:00","og_image":[{"width":239,"height":224,"url":"https:\/\/nuevo-renacer.com\/wp-content\/uploads\/2024\/11\/Screenshot-214.png","type":"image\/png"}],"twitter_card":"summary_large_image","twitter_misc":{"Dur\u00e9e de lecture estim\u00e9e":"7 minutes"},"schema":{"@context":"https:\/\/schema.org","@graph":[{"@type":"WebPage","@id":"https:\/\/nuevo-renacer.com\/fr\/humberto-mariotti\/","url":"https:\/\/nuevo-renacer.com\/fr\/humberto-mariotti\/","name":"Humberto Mariotti - Uni\u00f3n Esp\u00edrita","isPartOf":{"@id":"https:\/\/nuevo-renacer.com\/#website"},"primaryImageOfPage":{"@id":"https:\/\/nuevo-renacer.com\/fr\/humberto-mariotti\/#primaryimage"},"image":{"@id":"https:\/\/nuevo-renacer.com\/fr\/humberto-mariotti\/#primaryimage"},"thumbnailUrl":"https:\/\/nuevo-renacer.com\/wp-content\/uploads\/2024\/11\/Screenshot-214.png","datePublished":"2024-11-08T08:52:48+00:00","dateModified":"2024-11-08T08:54:25+00:00","breadcrumb":{"@id":"https:\/\/nuevo-renacer.com\/fr\/humberto-mariotti\/#breadcrumb"},"inLanguage":"fr-FR","potentialAction":[{"@type":"ReadAction","target":["https:\/\/nuevo-renacer.com\/fr\/humberto-mariotti\/"]}]},{"@type":"ImageObject","inLanguage":"fr-FR","@id":"https:\/\/nuevo-renacer.com\/fr\/humberto-mariotti\/#primaryimage","url":"https:\/\/nuevo-renacer.com\/wp-content\/uploads\/2024\/11\/Screenshot-214.png","contentUrl":"https:\/\/nuevo-renacer.com\/wp-content\/uploads\/2024\/11\/Screenshot-214.png"},{"@type":"BreadcrumbList","@id":"https:\/\/nuevo-renacer.com\/fr\/humberto-mariotti\/#breadcrumb","itemListElement":[{"@type":"ListItem","position":1,"name":"Startseite","item":"https:\/\/nuevo-renacer.com\/"},{"@type":"ListItem","position":2,"name":"Humberto Mariotti"}]},{"@type":"WebSite","@id":"https:\/\/nuevo-renacer.com\/#website","url":"https:\/\/nuevo-renacer.com\/","name":"Uni\u00f3n Esp\u00edrita","description":"Nuevo Renacer","publisher":{"@id":"https:\/\/nuevo-renacer.com\/#organization"},"potentialAction":[{"@type":"SearchAction","target":{"@type":"EntryPoint","urlTemplate":"https:\/\/nuevo-renacer.com\/?s={search_term_string}"},"query-input":{"@type":"PropertyValueSpecification","valueRequired":true,"valueName":"search_term_string"}}],"inLanguage":"fr-FR"},{"@type":"Organization","@id":"https:\/\/nuevo-renacer.com\/#organization","name":"UFEC","url":"https:\/\/nuevo-renacer.com\/","logo":{"@type":"ImageObject","inLanguage":"fr-FR","@id":"https:\/\/nuevo-renacer.com\/#\/schema\/logo\/image\/","url":"https:\/\/nuevo-renacer.com\/wp-content\/uploads\/2024\/05\/cropped-LOGO-TERMINADO1-3-3.png","contentUrl":"https:\/\/nuevo-renacer.com\/wp-content\/uploads\/2024\/05\/cropped-LOGO-TERMINADO1-3-3.png","width":512,"height":512,"caption":"UFEC"},"image":{"@id":"https:\/\/nuevo-renacer.com\/#\/schema\/logo\/image\/"},"sameAs":["https:\/\/www.facebook.com\/groups\/3431398063740829"]}]}},"uagb_featured_image_src":{"full":false,"thumbnail":false,"medium":false,"medium_large":false,"large":false,"1536x1536":false,"2048x2048":false,"trp-custom-language-flag":false},"uagb_author_info":{"display_name":"adbv0","author_link":"https:\/\/nuevo-renacer.com\/fr\/author\/adbv0\/"},"uagb_comment_info":0,"uagb_excerpt":"Humberto Mariotti Naci\u00f3 Humberto Mariotti el 11 de junio de 1905 en la ciudad de Z\u00e1rate (a orillas del r\u00edo Paran\u00e1), Buenos Aires, Argentina. Fueron sus padres Nicol\u00e1s Mariotti y Julia del R\u00e9, inmigrantes italianos provenientes de la provincia de Bari, situada en la zona peninsular de Italia; quienes se dedicaron como tantos compatriotas al\u2026","jetpack_sharing_enabled":true,"_links":{"self":[{"href":"https:\/\/nuevo-renacer.com\/fr\/wp-json\/wp\/v2\/pages\/5913","targetHints":{"allow":["GET"]}}],"collection":[{"href":"https:\/\/nuevo-renacer.com\/fr\/wp-json\/wp\/v2\/pages"}],"about":[{"href":"https:\/\/nuevo-renacer.com\/fr\/wp-json\/wp\/v2\/types\/page"}],"author":[{"embeddable":true,"href":"https:\/\/nuevo-renacer.com\/fr\/wp-json\/wp\/v2\/users\/1"}],"replies":[{"embeddable":true,"href":"https:\/\/nuevo-renacer.com\/fr\/wp-json\/wp\/v2\/comments?post=5913"}],"version-history":[{"count":2,"href":"https:\/\/nuevo-renacer.com\/fr\/wp-json\/wp\/v2\/pages\/5913\/revisions"}],"predecessor-version":[{"id":5917,"href":"https:\/\/nuevo-renacer.com\/fr\/wp-json\/wp\/v2\/pages\/5913\/revisions\/5917"}],"wp:attachment":[{"href":"https:\/\/nuevo-renacer.com\/fr\/wp-json\/wp\/v2\/media?parent=5913"}],"curies":[{"name":"wp","href":"https:\/\/api.w.org\/{rel}","templated":true}]}}