{"id":5905,"date":"2024-11-08T08:16:59","date_gmt":"2024-11-08T08:16:59","guid":{"rendered":"https:\/\/nuevo-renacer.com\/?page_id=5905"},"modified":"2024-11-08T08:16:59","modified_gmt":"2024-11-08T08:16:59","slug":"joaquin-trincado","status":"publish","type":"page","link":"https:\/\/nuevo-renacer.com\/fr\/joaquin-trincado\/","title":{"rendered":"Joaqu\u00edn Trincado"},"content":{"rendered":"<div class=\"wp-block-uagb-container uagb-block-7218de0b alignfull uagb-is-root-container\"><div class=\"uagb-container-inner-blocks-wrap\">\n<p class=\"has-black-color has-text-color has-link-color has-medium-font-size wp-elements-3e4d9456327a6949bf0e12fd6fc28000\"><strong>Joaqu\u00edn Trincado<\/strong><\/p>\n<\/div><\/div>\n\n\n\n<div class=\"wp-block-uagb-container uagb-block-5bcd8154 alignfull uagb-is-root-container\"><div class=\"uagb-container-inner-blocks-wrap\">\n<figure class=\"wp-block-image size-full is-resized\"><img fetchpriority=\"high\" decoding=\"async\" width=\"487\" height=\"572\" src=\"https:\/\/nuevo-renacer.com\/wp-content\/uploads\/2024\/11\/JOAQUIN-TRINCADO-MATEO.png\" alt=\"\" class=\"wp-image-5906\" style=\"width:228px;height:auto\" srcset=\"https:\/\/nuevo-renacer.com\/wp-content\/uploads\/2024\/11\/JOAQUIN-TRINCADO-MATEO.png 487w, https:\/\/nuevo-renacer.com\/wp-content\/uploads\/2024\/11\/JOAQUIN-TRINCADO-MATEO-255x300.png 255w, https:\/\/nuevo-renacer.com\/wp-content\/uploads\/2024\/11\/JOAQUIN-TRINCADO-MATEO-10x12.png 10w\" sizes=\"(max-width: 487px) 100vw, 487px\" \/><\/figure>\n<\/div><\/div>\n\n\n\n<div class=\"wp-block-uagb-container uagb-block-fa6d3e80 alignfull uagb-is-root-container\"><div class=\"uagb-container-inner-blocks-wrap\">\n<p class=\"has-black-color has-text-color has-link-color has-small-font-size wp-elements-ea9aa46b986731fb8c54c74849db83c4\">Dans le mouvement spirite hispanoamericano, le nom de Joaqu\u00edn Trincado est largement connu et respect\u00e9, \u00e0 la fois pour son travail que par le travail remarquable r\u00e9alis\u00e9 \u00e0 divulguer les fondements de Spiritisme et de les placer en harmonie avec le progr\u00e8s moral et social, le bien-\u00eatre de l&#039;humanit\u00e9.<\/p>\n\n\n\n<p class=\"has-black-color has-text-color has-link-color has-small-font-size wp-elements-e01881a561abfec17713ca90a8d86af5\">Il est n\u00e9 en Cintru\u00e9nigo, un petit village de navarre, le 19 ao\u00fbt 1866. \u00c0 partir d&#039;un jeune \u00e2ge ont montr\u00e9 id\u00e9ologique vers l&#039;id\u00e9e de lib\u00e9ral, r\u00e9publicain et socialiste. Il \u00e9migra en Argentine, en 1903, o\u00f9 il a exerc\u00e9 son m\u00e9tier d&#039;\u00e9lectricien et v\u00e9cu alternativement les \u00e9tapes de la prosp\u00e9rit\u00e9 et de difficult\u00e9s. De Buenos Aires \u00e0 la maison avec Mme Mercedes Riglos, avec qui il eut trois enfants.<\/p>\n\n\n\n<p class=\"has-black-color has-text-color has-link-color has-small-font-size wp-elements-c8f814b86778381af5d714d0bf3234e9\">En 1909, il a rencontr\u00e9 le Spiritisme dans la Soci\u00e9t\u00e9, des \u201cPreuves\u201d, la plus ancienne des institutions esp\u00edritas en argentine, fond\u00e9e en 1877. Le peu de temps que vous en d\u00e9saccord avec les crit\u00e8res et les lignes directrices qu&#039;il a exist\u00e9 et a \u00e9t\u00e9 disponible pour classer leurs propres id\u00e9es, \u00e9crit des livres, et la fondation d&#039;une nouvelle organisation de spiritisme. Si elle a \u00e9t\u00e9 faite en 1911, \u201cl&#039;\u00c9cole Magn\u00e9tique spirituelle Commune Universelle\u201d, dont la croissance et de consolidation, il a \u00e9t\u00e9 consacr\u00e9 dans le corps et l&#039;\u00e2me. Guid\u00e9 par le fort et charismatique de la personnalit\u00e9 de son fondateur, le EMEC\u00dc atteint impact remarquable dans plusieurs pays de langue espagnole, et leurs cours, les \u00e9tudes ou les Minist\u00e8res sont organis\u00e9s avec un sens \u00e9lev\u00e9 de la mystique et de la discipline. Montrant une extraordinaire capacit\u00e9 de travail, il a \u00e9crit de nombreux ouvrages, dont les titres les plus connus sont: \u201cla Recherche de Dieu\u201d, \u201cLe Magn\u00e9tisme de leur origine ou de la M\u00e9thode Supr\u00eame\u201d, \u201cle Spiritisme dans son Si\u00e8ge,\u201d Philosophie Aust\u00e8re Rationnel\u201d, \u201cConna\u00eetre\u201d, etc...<\/p>\n\n\n\n<figure class=\"wp-block-image size-full is-resized\"><img decoding=\"async\" width=\"300\" height=\"248\" src=\"https:\/\/nuevo-renacer.com\/wp-content\/uploads\/2024\/11\/Logo-universal-300x248-1.jpg\" alt=\"\" class=\"wp-image-5908\" style=\"width:240px;height:auto\" srcset=\"https:\/\/nuevo-renacer.com\/wp-content\/uploads\/2024\/11\/Logo-universal-300x248-1.jpg 300w, https:\/\/nuevo-renacer.com\/wp-content\/uploads\/2024\/11\/Logo-universal-300x248-1-15x12.jpg 15w\" sizes=\"(max-width: 300px) 100vw, 300px\" \/><\/figure>\n\n\n\n<p class=\"has-black-color has-text-color has-link-color has-small-font-size wp-elements-e7e2cb49a58bfdd75d1e47379bceb77a\">La doctrine enseign\u00e9e par la Flagellation est en accord avec la philosophie spiritualiste codifi\u00e9e par Allan Kardec dans le dix-NEUVI\u00c8ME si\u00e8cle, dans ses postulats de base: l&#039;existence de Dieu, l&#039;existence et la survie de l&#039;esprit, de la r\u00e9incarnation, de la communication des esprits et de la pluralit\u00e9 des mondes habit\u00e9s; quand m\u00eame il y a quelques diff\u00e9rences s\u00e9mantiques et de concepts entre les deux.<\/p>\n\n\n\n<p class=\"has-black-color has-text-color has-link-color has-small-font-size wp-elements-652a90ad415c134ad8520484ed3d5538\">Busted mis un accent particulier sur la repr\u00e9sentation de la Spiritisme de toute tendance religieuse; \u00e0 lutter contre des pratiques curanderiles, de la superstition et mercantiliste, trop souvent, sont pr\u00e9sent\u00e9s en leur nom; et en donnant la doctrine spirite un sens progressif, \u00e0 l&#039;appui de justice et d&#039;\u00e9galit\u00e9 sociale. Il est toujours exprim\u00e9, et fortement en faveur du Spiritisme rationaliste et freethinker, face au dogmatisme et le cl\u00e9ricalisme.<\/p>\n\n\n\n<p class=\"has-black-color has-text-color has-link-color has-small-font-size wp-elements-c9d7d233bea7e56189baac001bda1e9c\">Dans les pages du magazine \u201cL&#039;\u00c9quilibre\u201d qu&#039;il a fond\u00e9e en 1933, et qui a \u00e9t\u00e9 distribu\u00e9 avec une base bimensuelle, il a fait des d\u00e9clarations sur les questions les plus troublantes de son temps, se d\u00e9clarant lui-m\u00eame un partisan de l&#039;ind\u00e9pendance de Porto Rico, de soutenir le don patriotique de Augusto C\u00e9sar Sandino au Nicaragua, \u00e0 la d\u00e9fense de l&#039;union des pays de langue espagnole, en opposition aux guerres, local et international, d\u00e9non\u00e7ant la cupidit\u00e9 capitaliste et exigeantes \u00e0 satisfaire les exigences de base et des secteurs humble et preteridos de la soci\u00e9t\u00e9. Selon ses enseignements vante les m\u00e9rites de l&#039;\u00e9galitarisme \u00e9conomique, sans propri\u00e9t\u00e9 priv\u00e9e ou de classe sociale, a \u00e9t\u00e9 fond\u00e9 en Argentine, plusieurs fermes de la communaut\u00e9 d\u00e9di\u00e9e \u00e0 la production agricole, qui a connu une grande prosp\u00e9rit\u00e9 dans leurs mains de d\u00e9part.<\/p>\n\n\n\n<div class=\"wp-block-uagb-container uagb-block-3a29bb7d\">\n<figure class=\"wp-block-image size-full is-resized\"><img decoding=\"async\" width=\"500\" height=\"389\" src=\"https:\/\/nuevo-renacer.com\/wp-content\/uploads\/2024\/11\/D_NQ_NP_728169-MLM51048119163_082022-O.webp\" alt=\"\" class=\"wp-image-5907\" style=\"width:249px;height:auto\" srcset=\"https:\/\/nuevo-renacer.com\/wp-content\/uploads\/2024\/11\/D_NQ_NP_728169-MLM51048119163_082022-O.webp 500w, https:\/\/nuevo-renacer.com\/wp-content\/uploads\/2024\/11\/D_NQ_NP_728169-MLM51048119163_082022-O-300x233.webp 300w, https:\/\/nuevo-renacer.com\/wp-content\/uploads\/2024\/11\/D_NQ_NP_728169-MLM51048119163_082022-O-15x12.webp 15w\" sizes=\"(max-width: 500px) 100vw, 500px\" \/><\/figure>\n<\/div>\n\n\n\n<p class=\"has-black-color has-text-color has-link-color has-small-font-size wp-elements-d8d15fa5a46503f613fc87cefed08830\">Affect\u00e9s dans les poumons et le c\u0153ur, desencarn\u00f3 dans votre maison, dans la capitale de l&#039;argentine, de l&#039;\u00e9minent penseur et coh\u00e9rente de chasse spirite, le 6 d\u00e9cembre 1935.<\/p>\n<\/div><\/div>\n\n\n\n<div class=\"wp-block-uagb-container uagb-block-629318a7 alignfull uagb-is-root-container\"><div class=\"uagb-container-inner-blocks-wrap\"><\/div><\/div>\n\n\n\n<div class=\"wp-block-uagb-container uagb-block-c10c121b alignfull uagb-is-root-container\"><div class=\"uagb-container-inner-blocks-wrap\"><\/div><\/div>","protected":false},"excerpt":{"rendered":"<p>Joaqu\u00edn Trincado En el movimiento espiritista hispanoamericano, el nombre de Joaqu\u00edn Trincado es ampliamente conocido y respetado, tanto por su obra escrita como por el notable esfuerzo que realiz\u00f3 para divulgar los fundamentos del Espiritismo y colocarlos en sinton\u00eda con el progreso moral y social de la humanidad. Naci\u00f3 en Cintru\u00e9nigo, peque\u00f1a poblaci\u00f3n navarra, el [&hellip;]<\/p>","protected":false},"author":1,"featured_media":0,"parent":0,"menu_order":0,"comment_status":"closed","ping_status":"closed","template":"","meta":{"_uag_custom_page_level_css":"","site-sidebar-layout":"default","site-content-layout":"","ast-site-content-layout":"default","site-content-style":"default","site-sidebar-style":"default","ast-global-header-display":"","ast-banner-title-visibility":"","ast-main-header-display":"","ast-hfb-above-header-display":"","ast-hfb-below-header-display":"","ast-hfb-mobile-header-display":"","site-post-title":"disabled","ast-breadcrumbs-content":"","ast-featured-img":"","footer-sml-layout":"","theme-transparent-header-meta":"","adv-header-id-meta":"","stick-header-meta":"","header-above-stick-meta":"","header-main-stick-meta":"","header-below-stick-meta":"","astra-migrate-meta-layouts":"set","ast-page-background-enabled":"default","ast-page-background-meta":{"desktop":{"background-color":"var(--ast-global-color-4)","background-image":"","background-repeat":"repeat","background-position":"center center","background-size":"auto","background-attachment":"scroll","background-type":"","background-media":"","overlay-type":"","overlay-color":"","overlay-opacity":"","overlay-gradient":""},"tablet":{"background-color":"","background-image":"","background-repeat":"repeat","background-position":"center center","background-size":"auto","background-attachment":"scroll","background-type":"","background-media":"","overlay-type":"","overlay-color":"","overlay-opacity":"","overlay-gradient":""},"mobile":{"background-color":"","background-image":"","background-repeat":"repeat","background-position":"center center","background-size":"auto","background-attachment":"scroll","background-type":"","background-media":"","overlay-type":"","overlay-color":"","overlay-opacity":"","overlay-gradient":""}},"ast-content-background-meta":{"desktop":{"background-color":"var(--ast-global-color-5)","background-image":"","background-repeat":"repeat","background-position":"center center","background-size":"auto","background-attachment":"scroll","background-type":"","background-media":"","overlay-type":"","overlay-color":"","overlay-opacity":"","overlay-gradient":""},"tablet":{"background-color":"var(--ast-global-color-5)","background-image":"","background-repeat":"repeat","background-position":"center center","background-size":"auto","background-attachment":"scroll","background-type":"","background-media":"","overlay-type":"","overlay-color":"","overlay-opacity":"","overlay-gradient":""},"mobile":{"background-color":"var(--ast-global-color-5)","background-image":"","background-repeat":"repeat","background-position":"center center","background-size":"auto","background-attachment":"scroll","background-type":"","background-media":"","overlay-type":"","overlay-color":"","overlay-opacity":"","overlay-gradient":""}},"footnotes":""},"class_list":["post-5905","page","type-page","status-publish","hentry"],"yoast_head":"<!-- This site is optimized with the Yoast SEO Premium plugin v24.2 (Yoast SEO v24.6) - https:\/\/yoast.com\/wordpress\/plugins\/seo\/ -->\n<title>Joaqu\u00edn Trincado - Uni\u00f3n Esp\u00edrita<\/title>\n<meta name=\"robots\" content=\"index, follow, max-snippet:-1, max-image-preview:large, max-video-preview:-1\" \/>\n<link rel=\"canonical\" href=\"https:\/\/nuevo-renacer.com\/fr\/joaquin-trincado\/\" \/>\n<meta property=\"og:locale\" content=\"fr_FR\" \/>\n<meta property=\"og:type\" content=\"article\" \/>\n<meta property=\"og:title\" content=\"Joaqu\u00edn Trincado\" \/>\n<meta property=\"og:description\" content=\"Joaqu\u00edn Trincado En el movimiento espiritista hispanoamericano, el nombre de Joaqu\u00edn Trincado es ampliamente conocido y respetado, tanto por su obra escrita como por el notable esfuerzo que realiz\u00f3 para divulgar los fundamentos del Espiritismo y colocarlos en sinton\u00eda con el progreso moral y social de la humanidad. Naci\u00f3 en Cintru\u00e9nigo, peque\u00f1a poblaci\u00f3n navarra, el [&hellip;]\" \/>\n<meta property=\"og:url\" content=\"https:\/\/nuevo-renacer.com\/fr\/joaquin-trincado\/\" \/>\n<meta property=\"og:site_name\" content=\"Uni\u00f3n Esp\u00edrita\" \/>\n<meta property=\"article:publisher\" content=\"https:\/\/www.facebook.com\/groups\/3431398063740829\" \/>\n<meta property=\"og:image\" content=\"https:\/\/nuevo-renacer.com\/wp-content\/uploads\/2024\/11\/JOAQUIN-TRINCADO-MATEO.png\" \/>\n\t<meta property=\"og:image:width\" content=\"487\" \/>\n\t<meta property=\"og:image:height\" content=\"572\" \/>\n\t<meta property=\"og:image:type\" content=\"image\/png\" \/>\n<meta name=\"twitter:card\" content=\"summary_large_image\" \/>\n<meta name=\"twitter:label1\" content=\"Dur\u00e9e de lecture estim\u00e9e\" \/>\n\t<meta name=\"twitter:data1\" content=\"3 minutes\" \/>\n<script type=\"application\/ld+json\" class=\"yoast-schema-graph\">{\"@context\":\"https:\/\/schema.org\",\"@graph\":[{\"@type\":\"WebPage\",\"@id\":\"https:\/\/nuevo-renacer.com\/de\/joaquin-trincado\/\",\"url\":\"https:\/\/nuevo-renacer.com\/de\/joaquin-trincado\/\",\"name\":\"Joaqu\u00edn Trincado - Uni\u00f3n Esp\u00edrita\",\"isPartOf\":{\"@id\":\"https:\/\/nuevo-renacer.com\/#website\"},\"primaryImageOfPage\":{\"@id\":\"https:\/\/nuevo-renacer.com\/de\/joaquin-trincado\/#primaryimage\"},\"image\":{\"@id\":\"https:\/\/nuevo-renacer.com\/de\/joaquin-trincado\/#primaryimage\"},\"thumbnailUrl\":\"https:\/\/nuevo-renacer.com\/wp-content\/uploads\/2024\/11\/JOAQUIN-TRINCADO-MATEO.png\",\"datePublished\":\"2024-11-08T08:16:59+00:00\",\"breadcrumb\":{\"@id\":\"https:\/\/nuevo-renacer.com\/de\/joaquin-trincado\/#breadcrumb\"},\"inLanguage\":\"fr-FR\",\"potentialAction\":[{\"@type\":\"ReadAction\",\"target\":[\"https:\/\/nuevo-renacer.com\/de\/joaquin-trincado\/\"]}]},{\"@type\":\"ImageObject\",\"inLanguage\":\"fr-FR\",\"@id\":\"https:\/\/nuevo-renacer.com\/de\/joaquin-trincado\/#primaryimage\",\"url\":\"https:\/\/nuevo-renacer.com\/wp-content\/uploads\/2024\/11\/JOAQUIN-TRINCADO-MATEO.png\",\"contentUrl\":\"https:\/\/nuevo-renacer.com\/wp-content\/uploads\/2024\/11\/JOAQUIN-TRINCADO-MATEO.png\"},{\"@type\":\"BreadcrumbList\",\"@id\":\"https:\/\/nuevo-renacer.com\/de\/joaquin-trincado\/#breadcrumb\",\"itemListElement\":[{\"@type\":\"ListItem\",\"position\":1,\"name\":\"Startseite\",\"item\":\"https:\/\/nuevo-renacer.com\/\"},{\"@type\":\"ListItem\",\"position\":2,\"name\":\"Joaqu\u00edn Trincado\"}]},{\"@type\":\"WebSite\",\"@id\":\"https:\/\/nuevo-renacer.com\/#website\",\"url\":\"https:\/\/nuevo-renacer.com\/\",\"name\":\"Uni\u00f3n Esp\u00edrita\",\"description\":\"Nuevo Renacer\",\"publisher\":{\"@id\":\"https:\/\/nuevo-renacer.com\/#organization\"},\"potentialAction\":[{\"@type\":\"SearchAction\",\"target\":{\"@type\":\"EntryPoint\",\"urlTemplate\":\"https:\/\/nuevo-renacer.com\/?s={search_term_string}\"},\"query-input\":{\"@type\":\"PropertyValueSpecification\",\"valueRequired\":true,\"valueName\":\"search_term_string\"}}],\"inLanguage\":\"fr-FR\"},{\"@type\":\"Organization\",\"@id\":\"https:\/\/nuevo-renacer.com\/#organization\",\"name\":\"UFEC\",\"url\":\"https:\/\/nuevo-renacer.com\/\",\"logo\":{\"@type\":\"ImageObject\",\"inLanguage\":\"fr-FR\",\"@id\":\"https:\/\/nuevo-renacer.com\/#\/schema\/logo\/image\/\",\"url\":\"https:\/\/nuevo-renacer.com\/wp-content\/uploads\/2024\/05\/cropped-LOGO-TERMINADO1-3-3.png\",\"contentUrl\":\"https:\/\/nuevo-renacer.com\/wp-content\/uploads\/2024\/05\/cropped-LOGO-TERMINADO1-3-3.png\",\"width\":512,\"height\":512,\"caption\":\"UFEC\"},\"image\":{\"@id\":\"https:\/\/nuevo-renacer.com\/#\/schema\/logo\/image\/\"},\"sameAs\":[\"https:\/\/www.facebook.com\/groups\/3431398063740829\"]}]}<\/script>\n<!-- \/ Yoast SEO Premium plugin. -->","yoast_head_json":{"title":"Joaqu\u00edn Trincado - Uni\u00f3n Esp\u00edrita","robots":{"index":"index","follow":"follow","max-snippet":"max-snippet:-1","max-image-preview":"max-image-preview:large","max-video-preview":"max-video-preview:-1"},"canonical":"https:\/\/nuevo-renacer.com\/fr\/joaquin-trincado\/","og_locale":"fr_FR","og_type":"article","og_title":"Joaqu\u00edn Trincado","og_description":"Joaqu\u00edn Trincado En el movimiento espiritista hispanoamericano, el nombre de Joaqu\u00edn Trincado es ampliamente conocido y respetado, tanto por su obra escrita como por el notable esfuerzo que realiz\u00f3 para divulgar los fundamentos del Espiritismo y colocarlos en sinton\u00eda con el progreso moral y social de la humanidad. Naci\u00f3 en Cintru\u00e9nigo, peque\u00f1a poblaci\u00f3n navarra, el [&hellip;]","og_url":"https:\/\/nuevo-renacer.com\/fr\/joaquin-trincado\/","og_site_name":"Uni\u00f3n Esp\u00edrita","article_publisher":"https:\/\/www.facebook.com\/groups\/3431398063740829","og_image":[{"width":487,"height":572,"url":"https:\/\/nuevo-renacer.com\/wp-content\/uploads\/2024\/11\/JOAQUIN-TRINCADO-MATEO.png","type":"image\/png"}],"twitter_card":"summary_large_image","twitter_misc":{"Dur\u00e9e de lecture estim\u00e9e":"3 minutes"},"schema":{"@context":"https:\/\/schema.org","@graph":[{"@type":"WebPage","@id":"https:\/\/nuevo-renacer.com\/de\/joaquin-trincado\/","url":"https:\/\/nuevo-renacer.com\/de\/joaquin-trincado\/","name":"Joaqu\u00edn Trincado - Uni\u00f3n Esp\u00edrita","isPartOf":{"@id":"https:\/\/nuevo-renacer.com\/#website"},"primaryImageOfPage":{"@id":"https:\/\/nuevo-renacer.com\/de\/joaquin-trincado\/#primaryimage"},"image":{"@id":"https:\/\/nuevo-renacer.com\/de\/joaquin-trincado\/#primaryimage"},"thumbnailUrl":"https:\/\/nuevo-renacer.com\/wp-content\/uploads\/2024\/11\/JOAQUIN-TRINCADO-MATEO.png","datePublished":"2024-11-08T08:16:59+00:00","breadcrumb":{"@id":"https:\/\/nuevo-renacer.com\/de\/joaquin-trincado\/#breadcrumb"},"inLanguage":"fr-FR","potentialAction":[{"@type":"ReadAction","target":["https:\/\/nuevo-renacer.com\/de\/joaquin-trincado\/"]}]},{"@type":"ImageObject","inLanguage":"fr-FR","@id":"https:\/\/nuevo-renacer.com\/de\/joaquin-trincado\/#primaryimage","url":"https:\/\/nuevo-renacer.com\/wp-content\/uploads\/2024\/11\/JOAQUIN-TRINCADO-MATEO.png","contentUrl":"https:\/\/nuevo-renacer.com\/wp-content\/uploads\/2024\/11\/JOAQUIN-TRINCADO-MATEO.png"},{"@type":"BreadcrumbList","@id":"https:\/\/nuevo-renacer.com\/de\/joaquin-trincado\/#breadcrumb","itemListElement":[{"@type":"ListItem","position":1,"name":"Startseite","item":"https:\/\/nuevo-renacer.com\/"},{"@type":"ListItem","position":2,"name":"Joaqu\u00edn Trincado"}]},{"@type":"WebSite","@id":"https:\/\/nuevo-renacer.com\/#website","url":"https:\/\/nuevo-renacer.com\/","name":"Uni\u00f3n Esp\u00edrita","description":"Nuevo Renacer","publisher":{"@id":"https:\/\/nuevo-renacer.com\/#organization"},"potentialAction":[{"@type":"SearchAction","target":{"@type":"EntryPoint","urlTemplate":"https:\/\/nuevo-renacer.com\/?s={search_term_string}"},"query-input":{"@type":"PropertyValueSpecification","valueRequired":true,"valueName":"search_term_string"}}],"inLanguage":"fr-FR"},{"@type":"Organization","@id":"https:\/\/nuevo-renacer.com\/#organization","name":"UFEC","url":"https:\/\/nuevo-renacer.com\/","logo":{"@type":"ImageObject","inLanguage":"fr-FR","@id":"https:\/\/nuevo-renacer.com\/#\/schema\/logo\/image\/","url":"https:\/\/nuevo-renacer.com\/wp-content\/uploads\/2024\/05\/cropped-LOGO-TERMINADO1-3-3.png","contentUrl":"https:\/\/nuevo-renacer.com\/wp-content\/uploads\/2024\/05\/cropped-LOGO-TERMINADO1-3-3.png","width":512,"height":512,"caption":"UFEC"},"image":{"@id":"https:\/\/nuevo-renacer.com\/#\/schema\/logo\/image\/"},"sameAs":["https:\/\/www.facebook.com\/groups\/3431398063740829"]}]}},"uagb_featured_image_src":{"full":false,"thumbnail":false,"medium":false,"medium_large":false,"large":false,"1536x1536":false,"2048x2048":false,"trp-custom-language-flag":false},"uagb_author_info":{"display_name":"adbv0","author_link":"https:\/\/nuevo-renacer.com\/fr\/author\/adbv0\/"},"uagb_comment_info":0,"uagb_excerpt":"Joaqu\u00edn Trincado En el movimiento espiritista hispanoamericano, el nombre de Joaqu\u00edn Trincado es ampliamente conocido y respetado, tanto por su obra escrita como por el notable esfuerzo que realiz\u00f3 para divulgar los fundamentos del Espiritismo y colocarlos en sinton\u00eda con el progreso moral y social de la humanidad. Naci\u00f3 en Cintru\u00e9nigo, peque\u00f1a poblaci\u00f3n navarra, el\u2026","jetpack_sharing_enabled":true,"_links":{"self":[{"href":"https:\/\/nuevo-renacer.com\/fr\/wp-json\/wp\/v2\/pages\/5905","targetHints":{"allow":["GET"]}}],"collection":[{"href":"https:\/\/nuevo-renacer.com\/fr\/wp-json\/wp\/v2\/pages"}],"about":[{"href":"https:\/\/nuevo-renacer.com\/fr\/wp-json\/wp\/v2\/types\/page"}],"author":[{"embeddable":true,"href":"https:\/\/nuevo-renacer.com\/fr\/wp-json\/wp\/v2\/users\/1"}],"replies":[{"embeddable":true,"href":"https:\/\/nuevo-renacer.com\/fr\/wp-json\/wp\/v2\/comments?post=5905"}],"version-history":[{"count":1,"href":"https:\/\/nuevo-renacer.com\/fr\/wp-json\/wp\/v2\/pages\/5905\/revisions"}],"predecessor-version":[{"id":5909,"href":"https:\/\/nuevo-renacer.com\/fr\/wp-json\/wp\/v2\/pages\/5905\/revisions\/5909"}],"wp:attachment":[{"href":"https:\/\/nuevo-renacer.com\/fr\/wp-json\/wp\/v2\/media?parent=5905"}],"curies":[{"name":"wp","href":"https:\/\/api.w.org\/{rel}","templated":true}]}}