{"id":5894,"date":"2024-11-07T07:54:51","date_gmt":"2024-11-07T07:54:51","guid":{"rendered":"https:\/\/nuevo-renacer.com\/?page_id=5894"},"modified":"2024-11-07T07:54:51","modified_gmt":"2024-11-07T07:54:51","slug":"andre-luiz","status":"publish","type":"page","link":"https:\/\/nuevo-renacer.com\/fr\/andre-luiz\/","title":{"rendered":"Andr\u00e9 Luiz"},"content":{"rendered":"<div class=\"wp-block-uagb-container uagb-block-f1b461a5 alignfull uagb-is-root-container\"><div class=\"uagb-container-inner-blocks-wrap\">\n<p class=\"has-black-color has-text-color has-link-color has-medium-font-size wp-elements-5f2b7f56fdc7468888dde15d527be3d4\"><strong>Andr\u00e9 Luiz<\/strong><\/p>\n<\/div><\/div>\n\n\n\n<div class=\"wp-block-uagb-container uagb-block-30b74391 alignfull uagb-is-root-container\"><div class=\"uagb-container-inner-blocks-wrap\">\n<figure class=\"wp-block-image size-full is-resized\"><img fetchpriority=\"high\" decoding=\"async\" width=\"400\" height=\"494\" src=\"https:\/\/nuevo-renacer.com\/wp-content\/uploads\/2024\/11\/ANDRE-LUIZ-1.webp\" alt=\"\" class=\"wp-image-5895\" style=\"width:262px;height:auto\" srcset=\"https:\/\/nuevo-renacer.com\/wp-content\/uploads\/2024\/11\/ANDRE-LUIZ-1.webp 400w, https:\/\/nuevo-renacer.com\/wp-content\/uploads\/2024\/11\/ANDRE-LUIZ-1-243x300.webp 243w, https:\/\/nuevo-renacer.com\/wp-content\/uploads\/2024\/11\/ANDRE-LUIZ-1-10x12.webp 10w\" sizes=\"(max-width: 400px) 100vw, 400px\" \/><\/figure>\n<\/div><\/div>\n\n\n\n<div class=\"wp-block-uagb-container uagb-block-0a68c4d5 alignfull uagb-is-root-container\"><div class=\"uagb-container-inner-blocks-wrap\">\n<p class=\"has-black-color has-text-color has-link-color has-small-font-size wp-elements-cb91dc130d30ebbb5a14756f6f4f64de\">Andr\u00e9 Luiz n&#039;est pas son vrai nom. On sait seulement qu&#039;il \u00e9tait m\u00e9decin de soins de sant\u00e9, dans le si\u00e8cle a commenc\u00e9, et qu&#039;il a pratiqu\u00e9 sa profession \u00e0 Rio de Janeiro, au Br\u00e9sil.<\/p>\n\n\n\n<p class=\"has-black-color has-text-color has-link-color has-small-font-size wp-elements-4c817b01cb286295bce1c3b382701df9\">Selon ses propres mots, il a opt\u00e9 pour l&#039;anonymat, lorsqu&#039;il prend la d\u00e9cision d&#039;envoyer des nouvelles de l&#039;au-del\u00e0 de la tombe, par la compr\u00e9hension que \u201cl&#039;existence de l&#039;homme pr\u00e9sente une grande majorit\u00e9 des navires sont fragiles, ils ne peuvent pas contenir de m\u00eame toute la v\u00e9rit\u00e9\u201d.<\/p>\n\n\n\n<p class=\"has-black-color has-text-color has-link-color has-small-font-size wp-elements-04bc662171c7862f7cb1b04569b05945\">D\u00e9clare Emmanuel, dans la pr\u00e9face de \u201cNotre Maison\u201d, il a, \u201cen apportent de pr\u00e9cieux commentaires pour les compagnons du monde, il avait besoin de disposer de la totalit\u00e9 de la convention, y compris son propre nom, afin de ne pas blesser les c\u0153urs, bien-aim\u00e9s, envelopp\u00e9 m\u00eame dans les v\u00eatements anciens de l&#039;illusion.\u201d<\/p>\n\n\n\n<p class=\"has-black-color has-text-color has-link-color has-small-font-size wp-elements-352ad0c96552015900dee63d78da4e3c\">Une immense curiosit\u00e9 encercler la personnalit\u00e9 de l&#039;bienfaiteur et entreven hypoth\u00e8se, sans arriver \u00e0 votre identit\u00e9 r\u00e9elle. Andr\u00e9 Luiz, cependant, fid\u00e8le \u00e0 la volont\u00e9 de servir sans honneur, et \u00e0 l&#039;\u00e9coute de l&#039;engagement \u00e0 la v\u00e9rit\u00e9, elle continue \u00e0 d\u00e9verser ses b\u00e9n\u00e9dictions dans la forme de livres, pas de courbes \u00e0 la curiosit\u00e9 g\u00e9n\u00e9rale.<\/p>\n\n\n\n<p class=\"has-black-color has-text-color has-link-color has-small-font-size wp-elements-d6a4b6d1fa016e48f16e3b21d95b66c7\">&#039;t importe ce que vous avez \u00e0 dire, de l&#039;esprit \u00e0 esprit.<\/p>\n\n\n\n<p class=\"has-black-color has-text-color has-link-color has-small-font-size wp-elements-9e03e3f811723273ee054674c1d6ec49\">La vanit\u00e9 de son nom, ou cons\u00e9crations pass\u00e9 n&#039;est plus de trouver un \u00e9cho dans votre c\u0153ur \u00e9clair\u00e9 et anobli.<\/p>\n\n\n\n<p class=\"has-black-color has-text-color has-link-color has-small-font-size wp-elements-a584cdfa5ee752ffea9aaebf12bf809f\">Andr\u00e9 Luiz a \u00e9t\u00e9, de mani\u00e8re positive, entre tous les Supporters qui ont \u00e9crit pour le incarn\u00e9, qui est rest\u00e9 plus de fid\u00e9lit\u00e9 aux principes esp\u00edritas, notamment Allan Kardec. Son travail en ce qui concerne la forme et dans le fond, nous remarquons que dans tous par le respect et la fid\u00e9lit\u00e9 maintenue, au fil du temps, l&#039;Encodeur et le Codage.<\/p>\n\n\n\n<p class=\"has-black-color has-text-color has-link-color has-small-font-size wp-elements-110070555871346bfee06bb7d73603c6\">Depuis plus de quatre d\u00e9cennies, Andr\u00e9 Luiz a travaill\u00e9 activement avec la Plantation Spirite, coron\u00e1ndole de l&#039;excellence et de d\u00e9blayer les routes.<\/p>\n\n\n\n<p class=\"has-black-color has-text-color has-link-color has-small-font-size wp-elements-53d2b7a376df1b54e5b9c15be05eaac2\">Chico Xavier, le moyen qui a servi comme un \u201cpont\u201d, maintenant, d\u00e9sincarn\u00e9e, ne pouvait offrir plus d&#039;une main s\u00fbre \u00e0 la transmission de son enseignement lumineux.<\/p>\n\n\n\n<p class=\"has-black-color has-text-color has-link-color has-small-font-size wp-elements-2453bab59101301d82d04db2b26d8cdd\">Nous ne savons pas si Andr\u00e9 Luiz sera de retour pour la main d&#039;un autre moyen. De cette fa\u00e7on, il ne reste plus qu&#039;, \u00e0 la esp\u00edritas et admirateurs, l&#039;\u00e9tude de son \u0153uvre magnifica, silencieusement de fa\u00e7on \u00e0 respecter les le\u00e7ons de la, de la clart\u00e9 d&#039;esprit et d&#039;un c\u0153ur reconnaissant.<\/p>\n<\/div><\/div>\n\n\n\n<div class=\"wp-block-uagb-container uagb-block-0574c86c alignfull uagb-is-root-container\"><div class=\"uagb-container-inner-blocks-wrap\"><\/div><\/div>\n\n\n\n<div class=\"wp-block-uagb-container uagb-block-2fc9c489 alignfull uagb-is-root-container\"><div class=\"uagb-container-inner-blocks-wrap\"><\/div><\/div>","protected":false},"excerpt":{"rendered":"<p>Andr\u00e9 Luiz Andr\u00e9 Luiz no es su verdadero nombre. De \u00e9l se sabe s\u00f3lo que fue m\u00e9dico sanitario, en el siglo iniciado, y que ejerci\u00f3 su profesi\u00f3n en R\u00edo de Janeiro, Brasil. Seg\u00fan sus propias palabras, opt\u00f3 por el anonimato, cuando toma la decisi\u00f3n de enviar noticias del m\u00e1s all\u00e1 de la tumba, por comprender [&hellip;]<\/p>","protected":false},"author":1,"featured_media":0,"parent":0,"menu_order":0,"comment_status":"closed","ping_status":"closed","template":"","meta":{"_uag_custom_page_level_css":"","site-sidebar-layout":"default","site-content-layout":"","ast-site-content-layout":"default","site-content-style":"default","site-sidebar-style":"default","ast-global-header-display":"","ast-banner-title-visibility":"","ast-main-header-display":"","ast-hfb-above-header-display":"","ast-hfb-below-header-display":"","ast-hfb-mobile-header-display":"","site-post-title":"disabled","ast-breadcrumbs-content":"","ast-featured-img":"","footer-sml-layout":"","theme-transparent-header-meta":"","adv-header-id-meta":"","stick-header-meta":"","header-above-stick-meta":"","header-main-stick-meta":"","header-below-stick-meta":"","astra-migrate-meta-layouts":"set","ast-page-background-enabled":"default","ast-page-background-meta":{"desktop":{"background-color":"var(--ast-global-color-4)","background-image":"","background-repeat":"repeat","background-position":"center center","background-size":"auto","background-attachment":"scroll","background-type":"","background-media":"","overlay-type":"","overlay-color":"","overlay-opacity":"","overlay-gradient":""},"tablet":{"background-color":"","background-image":"","background-repeat":"repeat","background-position":"center center","background-size":"auto","background-attachment":"scroll","background-type":"","background-media":"","overlay-type":"","overlay-color":"","overlay-opacity":"","overlay-gradient":""},"mobile":{"background-color":"","background-image":"","background-repeat":"repeat","background-position":"center center","background-size":"auto","background-attachment":"scroll","background-type":"","background-media":"","overlay-type":"","overlay-color":"","overlay-opacity":"","overlay-gradient":""}},"ast-content-background-meta":{"desktop":{"background-color":"var(--ast-global-color-5)","background-image":"","background-repeat":"repeat","background-position":"center center","background-size":"auto","background-attachment":"scroll","background-type":"","background-media":"","overlay-type":"","overlay-color":"","overlay-opacity":"","overlay-gradient":""},"tablet":{"background-color":"var(--ast-global-color-5)","background-image":"","background-repeat":"repeat","background-position":"center center","background-size":"auto","background-attachment":"scroll","background-type":"","background-media":"","overlay-type":"","overlay-color":"","overlay-opacity":"","overlay-gradient":""},"mobile":{"background-color":"var(--ast-global-color-5)","background-image":"","background-repeat":"repeat","background-position":"center center","background-size":"auto","background-attachment":"scroll","background-type":"","background-media":"","overlay-type":"","overlay-color":"","overlay-opacity":"","overlay-gradient":""}},"footnotes":""},"class_list":["post-5894","page","type-page","status-publish","hentry"],"yoast_head":"<!-- This site is optimized with the Yoast SEO Premium plugin v24.2 (Yoast SEO v24.6) - https:\/\/yoast.com\/wordpress\/plugins\/seo\/ -->\n<title>Andr\u00e9 Luiz - Uni\u00f3n Esp\u00edrita<\/title>\n<meta name=\"robots\" content=\"index, follow, max-snippet:-1, max-image-preview:large, max-video-preview:-1\" \/>\n<link rel=\"canonical\" href=\"https:\/\/nuevo-renacer.com\/fr\/andre-luiz\/\" \/>\n<meta property=\"og:locale\" content=\"fr_FR\" \/>\n<meta property=\"og:type\" content=\"article\" \/>\n<meta property=\"og:title\" content=\"Andr\u00e9 Luiz\" \/>\n<meta property=\"og:description\" content=\"Andr\u00e9 Luiz Andr\u00e9 Luiz no es su verdadero nombre. De \u00e9l se sabe s\u00f3lo que fue m\u00e9dico sanitario, en el siglo iniciado, y que ejerci\u00f3 su profesi\u00f3n en R\u00edo de Janeiro, Brasil. Seg\u00fan sus propias palabras, opt\u00f3 por el anonimato, cuando toma la decisi\u00f3n de enviar noticias del m\u00e1s all\u00e1 de la tumba, por comprender [&hellip;]\" \/>\n<meta property=\"og:url\" content=\"https:\/\/nuevo-renacer.com\/fr\/andre-luiz\/\" \/>\n<meta property=\"og:site_name\" content=\"Uni\u00f3n Esp\u00edrita\" \/>\n<meta property=\"article:publisher\" content=\"https:\/\/www.facebook.com\/groups\/3431398063740829\" \/>\n<meta property=\"og:image\" content=\"https:\/\/nuevo-renacer.com\/wp-content\/uploads\/2024\/11\/ANDRE-LUIZ-1.webp\" \/>\n\t<meta property=\"og:image:width\" content=\"400\" \/>\n\t<meta property=\"og:image:height\" content=\"494\" \/>\n\t<meta property=\"og:image:type\" content=\"image\/webp\" \/>\n<meta name=\"twitter:card\" content=\"summary_large_image\" \/>\n<meta name=\"twitter:label1\" content=\"Dur\u00e9e de lecture estim\u00e9e\" \/>\n\t<meta name=\"twitter:data1\" content=\"2 minutes\" \/>\n<script type=\"application\/ld+json\" class=\"yoast-schema-graph\">{\"@context\":\"https:\/\/schema.org\",\"@graph\":[{\"@type\":\"WebPage\",\"@id\":\"https:\/\/nuevo-renacer.com\/andre-luiz\/\",\"url\":\"https:\/\/nuevo-renacer.com\/andre-luiz\/\",\"name\":\"Andr\u00e9 Luiz - Uni\u00f3n Esp\u00edrita\",\"isPartOf\":{\"@id\":\"https:\/\/nuevo-renacer.com\/#website\"},\"primaryImageOfPage\":{\"@id\":\"https:\/\/nuevo-renacer.com\/andre-luiz\/#primaryimage\"},\"image\":{\"@id\":\"https:\/\/nuevo-renacer.com\/andre-luiz\/#primaryimage\"},\"thumbnailUrl\":\"https:\/\/nuevo-renacer.com\/wp-content\/uploads\/2024\/11\/ANDRE-LUIZ-1.webp\",\"datePublished\":\"2024-11-07T07:54:51+00:00\",\"breadcrumb\":{\"@id\":\"https:\/\/nuevo-renacer.com\/andre-luiz\/#breadcrumb\"},\"inLanguage\":\"fr-FR\",\"potentialAction\":[{\"@type\":\"ReadAction\",\"target\":[\"https:\/\/nuevo-renacer.com\/andre-luiz\/\"]}]},{\"@type\":\"ImageObject\",\"inLanguage\":\"fr-FR\",\"@id\":\"https:\/\/nuevo-renacer.com\/andre-luiz\/#primaryimage\",\"url\":\"https:\/\/nuevo-renacer.com\/wp-content\/uploads\/2024\/11\/ANDRE-LUIZ-1.webp\",\"contentUrl\":\"https:\/\/nuevo-renacer.com\/wp-content\/uploads\/2024\/11\/ANDRE-LUIZ-1.webp\"},{\"@type\":\"BreadcrumbList\",\"@id\":\"https:\/\/nuevo-renacer.com\/andre-luiz\/#breadcrumb\",\"itemListElement\":[{\"@type\":\"ListItem\",\"position\":1,\"name\":\"Startseite\",\"item\":\"https:\/\/nuevo-renacer.com\/\"},{\"@type\":\"ListItem\",\"position\":2,\"name\":\"Andr\u00e9 Luiz\"}]},{\"@type\":\"WebSite\",\"@id\":\"https:\/\/nuevo-renacer.com\/#website\",\"url\":\"https:\/\/nuevo-renacer.com\/\",\"name\":\"Uni\u00f3n Esp\u00edrita\",\"description\":\"Nuevo Renacer\",\"publisher\":{\"@id\":\"https:\/\/nuevo-renacer.com\/#organization\"},\"potentialAction\":[{\"@type\":\"SearchAction\",\"target\":{\"@type\":\"EntryPoint\",\"urlTemplate\":\"https:\/\/nuevo-renacer.com\/?s={search_term_string}\"},\"query-input\":{\"@type\":\"PropertyValueSpecification\",\"valueRequired\":true,\"valueName\":\"search_term_string\"}}],\"inLanguage\":\"fr-FR\"},{\"@type\":\"Organization\",\"@id\":\"https:\/\/nuevo-renacer.com\/#organization\",\"name\":\"UFEC\",\"url\":\"https:\/\/nuevo-renacer.com\/\",\"logo\":{\"@type\":\"ImageObject\",\"inLanguage\":\"fr-FR\",\"@id\":\"https:\/\/nuevo-renacer.com\/#\/schema\/logo\/image\/\",\"url\":\"https:\/\/nuevo-renacer.com\/wp-content\/uploads\/2024\/05\/cropped-LOGO-TERMINADO1-3-3.png\",\"contentUrl\":\"https:\/\/nuevo-renacer.com\/wp-content\/uploads\/2024\/05\/cropped-LOGO-TERMINADO1-3-3.png\",\"width\":512,\"height\":512,\"caption\":\"UFEC\"},\"image\":{\"@id\":\"https:\/\/nuevo-renacer.com\/#\/schema\/logo\/image\/\"},\"sameAs\":[\"https:\/\/www.facebook.com\/groups\/3431398063740829\"]}]}<\/script>\n<!-- \/ Yoast SEO Premium plugin. -->","yoast_head_json":{"title":"Andr\u00e9 Luiz - Uni\u00f3n Esp\u00edrita","robots":{"index":"index","follow":"follow","max-snippet":"max-snippet:-1","max-image-preview":"max-image-preview:large","max-video-preview":"max-video-preview:-1"},"canonical":"https:\/\/nuevo-renacer.com\/fr\/andre-luiz\/","og_locale":"fr_FR","og_type":"article","og_title":"Andr\u00e9 Luiz","og_description":"Andr\u00e9 Luiz Andr\u00e9 Luiz no es su verdadero nombre. De \u00e9l se sabe s\u00f3lo que fue m\u00e9dico sanitario, en el siglo iniciado, y que ejerci\u00f3 su profesi\u00f3n en R\u00edo de Janeiro, Brasil. Seg\u00fan sus propias palabras, opt\u00f3 por el anonimato, cuando toma la decisi\u00f3n de enviar noticias del m\u00e1s all\u00e1 de la tumba, por comprender [&hellip;]","og_url":"https:\/\/nuevo-renacer.com\/fr\/andre-luiz\/","og_site_name":"Uni\u00f3n Esp\u00edrita","article_publisher":"https:\/\/www.facebook.com\/groups\/3431398063740829","og_image":[{"width":400,"height":494,"url":"https:\/\/nuevo-renacer.com\/wp-content\/uploads\/2024\/11\/ANDRE-LUIZ-1.webp","type":"image\/webp"}],"twitter_card":"summary_large_image","twitter_misc":{"Dur\u00e9e de lecture estim\u00e9e":"2 minutes"},"schema":{"@context":"https:\/\/schema.org","@graph":[{"@type":"WebPage","@id":"https:\/\/nuevo-renacer.com\/andre-luiz\/","url":"https:\/\/nuevo-renacer.com\/andre-luiz\/","name":"Andr\u00e9 Luiz - Uni\u00f3n Esp\u00edrita","isPartOf":{"@id":"https:\/\/nuevo-renacer.com\/#website"},"primaryImageOfPage":{"@id":"https:\/\/nuevo-renacer.com\/andre-luiz\/#primaryimage"},"image":{"@id":"https:\/\/nuevo-renacer.com\/andre-luiz\/#primaryimage"},"thumbnailUrl":"https:\/\/nuevo-renacer.com\/wp-content\/uploads\/2024\/11\/ANDRE-LUIZ-1.webp","datePublished":"2024-11-07T07:54:51+00:00","breadcrumb":{"@id":"https:\/\/nuevo-renacer.com\/andre-luiz\/#breadcrumb"},"inLanguage":"fr-FR","potentialAction":[{"@type":"ReadAction","target":["https:\/\/nuevo-renacer.com\/andre-luiz\/"]}]},{"@type":"ImageObject","inLanguage":"fr-FR","@id":"https:\/\/nuevo-renacer.com\/andre-luiz\/#primaryimage","url":"https:\/\/nuevo-renacer.com\/wp-content\/uploads\/2024\/11\/ANDRE-LUIZ-1.webp","contentUrl":"https:\/\/nuevo-renacer.com\/wp-content\/uploads\/2024\/11\/ANDRE-LUIZ-1.webp"},{"@type":"BreadcrumbList","@id":"https:\/\/nuevo-renacer.com\/andre-luiz\/#breadcrumb","itemListElement":[{"@type":"ListItem","position":1,"name":"Startseite","item":"https:\/\/nuevo-renacer.com\/"},{"@type":"ListItem","position":2,"name":"Andr\u00e9 Luiz"}]},{"@type":"WebSite","@id":"https:\/\/nuevo-renacer.com\/#website","url":"https:\/\/nuevo-renacer.com\/","name":"Uni\u00f3n Esp\u00edrita","description":"Nuevo Renacer","publisher":{"@id":"https:\/\/nuevo-renacer.com\/#organization"},"potentialAction":[{"@type":"SearchAction","target":{"@type":"EntryPoint","urlTemplate":"https:\/\/nuevo-renacer.com\/?s={search_term_string}"},"query-input":{"@type":"PropertyValueSpecification","valueRequired":true,"valueName":"search_term_string"}}],"inLanguage":"fr-FR"},{"@type":"Organization","@id":"https:\/\/nuevo-renacer.com\/#organization","name":"UFEC","url":"https:\/\/nuevo-renacer.com\/","logo":{"@type":"ImageObject","inLanguage":"fr-FR","@id":"https:\/\/nuevo-renacer.com\/#\/schema\/logo\/image\/","url":"https:\/\/nuevo-renacer.com\/wp-content\/uploads\/2024\/05\/cropped-LOGO-TERMINADO1-3-3.png","contentUrl":"https:\/\/nuevo-renacer.com\/wp-content\/uploads\/2024\/05\/cropped-LOGO-TERMINADO1-3-3.png","width":512,"height":512,"caption":"UFEC"},"image":{"@id":"https:\/\/nuevo-renacer.com\/#\/schema\/logo\/image\/"},"sameAs":["https:\/\/www.facebook.com\/groups\/3431398063740829"]}]}},"uagb_featured_image_src":{"full":false,"thumbnail":false,"medium":false,"medium_large":false,"large":false,"1536x1536":false,"2048x2048":false,"trp-custom-language-flag":false},"uagb_author_info":{"display_name":"adbv0","author_link":"https:\/\/nuevo-renacer.com\/fr\/author\/adbv0\/"},"uagb_comment_info":0,"uagb_excerpt":"Andr\u00e9 Luiz Andr\u00e9 Luiz no es su verdadero nombre. De \u00e9l se sabe s\u00f3lo que fue m\u00e9dico sanitario, en el siglo iniciado, y que ejerci\u00f3 su profesi\u00f3n en R\u00edo de Janeiro, Brasil. Seg\u00fan sus propias palabras, opt\u00f3 por el anonimato, cuando toma la decisi\u00f3n de enviar noticias del m\u00e1s all\u00e1 de la tumba, por comprender\u2026","jetpack_sharing_enabled":true,"_links":{"self":[{"href":"https:\/\/nuevo-renacer.com\/fr\/wp-json\/wp\/v2\/pages\/5894","targetHints":{"allow":["GET"]}}],"collection":[{"href":"https:\/\/nuevo-renacer.com\/fr\/wp-json\/wp\/v2\/pages"}],"about":[{"href":"https:\/\/nuevo-renacer.com\/fr\/wp-json\/wp\/v2\/types\/page"}],"author":[{"embeddable":true,"href":"https:\/\/nuevo-renacer.com\/fr\/wp-json\/wp\/v2\/users\/1"}],"replies":[{"embeddable":true,"href":"https:\/\/nuevo-renacer.com\/fr\/wp-json\/wp\/v2\/comments?post=5894"}],"version-history":[{"count":1,"href":"https:\/\/nuevo-renacer.com\/fr\/wp-json\/wp\/v2\/pages\/5894\/revisions"}],"predecessor-version":[{"id":5896,"href":"https:\/\/nuevo-renacer.com\/fr\/wp-json\/wp\/v2\/pages\/5894\/revisions\/5896"}],"wp:attachment":[{"href":"https:\/\/nuevo-renacer.com\/fr\/wp-json\/wp\/v2\/media?parent=5894"}],"curies":[{"name":"wp","href":"https:\/\/api.w.org\/{rel}","templated":true}]}}