{"id":5888,"date":"2024-11-07T07:32:18","date_gmt":"2024-11-07T07:32:18","guid":{"rendered":"https:\/\/nuevo-renacer.com\/?page_id=5888"},"modified":"2024-11-07T07:37:39","modified_gmt":"2024-11-07T07:37:39","slug":"juana-de-angelis","status":"publish","type":"page","link":"https:\/\/nuevo-renacer.com\/fr\/juana-de-angelis\/","title":{"rendered":"Juana de \u00c1ngelis"},"content":{"rendered":"<div class=\"wp-block-uagb-container uagb-block-f6ad6f8c alignfull uagb-is-root-container\"><div class=\"uagb-container-inner-blocks-wrap\">\n<p class=\"has-black-color has-text-color has-link-color has-medium-font-size wp-elements-68dc33aad1c33f2ee26c2dcba3fb5895\"><strong>Juana de \u00c1ngelis<\/strong><\/p>\n<\/div><\/div>\n\n\n\n<div class=\"wp-block-uagb-container uagb-block-12754da9 alignfull uagb-is-root-container\"><div class=\"uagb-container-inner-blocks-wrap\">\n<figure class=\"wp-block-image size-full is-resized\"><img fetchpriority=\"high\" decoding=\"async\" width=\"560\" height=\"604\" src=\"https:\/\/nuevo-renacer.com\/wp-content\/uploads\/2024\/11\/Fundo-Joanna-branco-copy_edited.webp\" alt=\"\" class=\"wp-image-5889\" style=\"width:302px;height:auto\" srcset=\"https:\/\/nuevo-renacer.com\/wp-content\/uploads\/2024\/11\/Fundo-Joanna-branco-copy_edited.webp 560w, https:\/\/nuevo-renacer.com\/wp-content\/uploads\/2024\/11\/Fundo-Joanna-branco-copy_edited-278x300.webp 278w, https:\/\/nuevo-renacer.com\/wp-content\/uploads\/2024\/11\/Fundo-Joanna-branco-copy_edited-11x12.webp 11w\" sizes=\"(max-width: 560px) 100vw, 560px\" \/><\/figure>\n<\/div><\/div>\n\n\n\n<div class=\"wp-block-uagb-container uagb-block-5992ad07 alignfull uagb-is-root-container\"><div class=\"uagb-container-inner-blocks-wrap\">\n<p class=\"has-black-color has-text-color has-link-color has-small-font-size wp-elements-2e85d6cb93104a36ff045e91ea936efb\">Mentor spirituel moyen Divaldo Franco, l'Esprit de Juana d'\u00c1ngelis est l'auteur de travaux importants qui traitent de questions telles que existentielles, philosophiques, religieuses, psychologiques, dont le but est l'\u00e9veil de l'\u00eatre humain. En plus de devenir des best-sellers, ses livres obtenu une grande reconnaissance parmi les religieux, les philosophes, les spiritualistes, les psychologues, les parapsychologues, et d'autres chercheurs de l'\u00e2me humaine. Votre \u00e9criture est belle et profonde, pure expression de l'amour de l'\u00e9vangile et l'enseignement de la pratique pour atteindre la joie, la paix, et de croissance int\u00e9rieure.<\/p>\n\n\n\n<p class=\"has-black-color has-text-color has-link-color has-small-font-size wp-elements-ef490a569b9ba7493d162548f29631e2\">Sur le plan spirituel pr\u00e9vue la construction de la maison de la Route, en allusion \u00e0 la \u201cMaison\u201d des premiers chr\u00e9tiens, fond\u00e9e par Divaldo Franco dans la ville de Salvador, Br\u00e9sil (voir sur ce site: Divaldo Franco).<\/p>\n\n\n\n<p class=\"has-black-color has-text-color has-link-color has-small-font-size wp-elements-96028a6ddf603c7879d362aedcdc34ef\">Parmi ses incarnations pr\u00e9c\u00e9dentes, mettant en vedette Juana de Cusa, l'une des femmes qui avaient accompagn\u00e9 J\u00e9sus \u00e0 la crucifixion; sor Juana In\u00e9s de la Cruz (1651-1695) est le pseudonyme de l'illustre \u00e9crivain Juana In\u00e9s de Asbaje et Ram\u00edrez de Santillana, Joanna Ang\u00e9lique de J\u00e9sus (1761 \u2013 1822), bahia, religieuse, puis abbesse qui a jou\u00e9 dans un douloureux drame de l'Ind\u00e9pendance du Br\u00e9sil.<\/p>\n\n\n\n<p class=\"has-black-color has-text-color has-link-color has-small-font-size wp-elements-424b8dfe2b9e0e1732da09e2ebbbec43\">Serviteur de Christ, Juana d'\u00c1ngelis est d\u00e9di\u00e9 pour les si\u00e8cles \u00e0 \u00e9clairer leurs fr\u00e8res et s\u0153urs de la Terre. Au milieu du si\u00e8cle dernier, lorsque \u201cles pouvoirs du Ciel\u201d a \u00e9t\u00e9 choqu\u00e9 et un mouvement de renouveau de la propagation \u00e0 travers l'Am\u00e9rique et l'Europe, qui sonne comme les \u201cquatre vents\u201d la chanson de l'espoir et de la r\u00e9v\u00e9lation de la vie immortelle, Joan a rejoint l'\u00e9quipe de l'Esprit de V\u00e9rit\u00e9, pour mener \u00e0 bien le travail de l'implantation du christianisme redivivo, le Consolateur promis par J\u00e9sus.<\/p>\n\n\n\n<p class=\"has-black-color has-text-color has-link-color has-small-font-size wp-elements-21835e98c7f4a3ff09e8f05005508eee\">Dans le dernier chapitre de son livre, Apr\u00e8s l&#039;Orage, se r\u00e9f\u00e9rant aux composants de votre ordinateur de travail, nous informe:<\/p>\n\n\n\n<p class=\"has-black-color has-text-color has-link-color has-small-font-size wp-elements-9391f4c5820b631eb16e029ac2867335\">\u201cLors de la pr\u00e9paration de la jours de la Codification Spirite, lors de travailleurs volontaires pour la lutte, lors de l&#039;annonce de l&#039;heure pr\u00e9dit, lorsqu&#039;elle est organis\u00e9e, des semeurs de la Terre, nous entendons l&#039;invitation c\u00e9leste et nous nous empressons de vous offrir nos humbles forces, pour servir dans le cadre intime de la condition des laboureurs du sol, l\u00e0 o\u00f9 ils devraient tomber les graines de la lumi\u00e8re de l&#039;\u00c9vangile du Royaume.\u201d<\/p>\n\n\n\n<p class=\"has-black-color has-text-color has-link-color has-small-font-size wp-elements-c4df7d5f9a067660c28332f393db008d\">Dans \u201cl'\u00c9vangile selon Le Spiritisme\u201d nous avons trouv\u00e9 deux messages, sign\u00e9s par \u201cUn Esprit ami.\u201d La premi\u00e8re (Chap. IX, \u00a7 7), avec le titre de \u201cpatience\u201d, a \u00e9t\u00e9 livr\u00e9 au Havre, en 1862. La deuxi\u00e8me (Chap. XVIII, \u00a7\u00a7 13 \u00e0 15), intitul\u00e9 \u201cdonner \u00e0 celui qu'ils ont d\u00e9j\u00e0\u201d, il a \u00e9t\u00e9 re\u00e7u dans la m\u00eame ann\u00e9e que la pr\u00e9c\u00e9dente, dans la ville de Bordeaux. Si vous observez bien, vous remarquerez que dans ces textes, le style de Juana. Dans \u201cla patience\u201d, l'auteur finit de la m\u00eame fa\u00e7on ils ont utilis\u00e9 dans leurs postes actuels: la pr\u00e9sentation de J\u00e9sus comme le mod\u00e8le \u00e0 suivre dans nos attitudes, quelles que soient les circonstances.<\/p>\n\n\n\n<p class=\"has-black-color has-text-color has-link-color has-small-font-size wp-elements-b752777129eb4f36f5e6f53dfacb528f\">Dans le monde spirituel, lorsque plusieurs Esprits li\u00e9s \u00e0 Juana, anciens chr\u00e9tiens de mal, ils allaient \u00eatre r\u00e9incarn\u00e9, elle a r\u00e9uni tous et pr\u00e9vu de construire dans la Terre, sous le ciel de Bahia (Br\u00e9sil), d'une copie, bien qu'imparfaite, de la communaut\u00e9 o\u00f9 il se trouvait au niveau spirituel, dans le but de racheter les anciens chr\u00e9tiens, et de cr\u00e9er une exp\u00e9rience \u00e9ducative qui d\u00e9montre la faisabilit\u00e9 de la vie dans une communaut\u00e9 chr\u00e9tienne, dans l'actuelle jours. Les esprits gravement malade serait venu dans la condition des orphelins, de trouver une opportunit\u00e9 d'am\u00e9lioration, afin d'\u00eatre lib\u00e9r\u00e9 de l'obligation karmique de plus en plus douloureux, toujours en mouvement vers J\u00e9sus.<\/p>\n\n\n\n<p class=\"has-black-color has-text-color has-link-color has-small-font-size wp-elements-fd9531389310ced18c73628b25e5352c\">Des sp\u00e9cialistes ont \u00e9t\u00e9 invit\u00e9s \u00e0 d\u00e9finir les orientations g\u00e9n\u00e9rales de ces t\u00e2ches et d'instruire les pionniers de l'avenir du travail. Quand tout a \u00e9t\u00e9 pr\u00e9sent\u00e9, et Juana cherch\u00e9 \u00e0 entrer en contact avec Fran\u00e7ois d'Assise, et lui a demand\u00e9 de revoir leurs plans et la auxiliase de les prendre \u00e0 la pratique sur le plan mat\u00e9riel. Les Pauvres de Dieu, d'accord avec l'instructeur et a offert de collaborer \u00e0 l'\u0153uvre, \u00e0 condition que \u201cdans cette Communaut\u00e9 ne sera jamais oubli\u00e9 l'amour de l'mis\u00e9rables du monde ou refus\u00e9 l'organisme de bienfaisance pour les enfants du Calvaire, et il ne vise pas \u00e0 d\u00e9truire le meilleur des b\u00e2timents du sens moral\u201d. Dans l'intervalle, les co-travailleurs ont \u00e9t\u00e9 de se r\u00e9incarner dans des lieux diff\u00e9rents, \u00e0 des moments diff\u00e9rents, avec des instructions diff\u00e9rentes, et des exp\u00e9riences de sorte que, apr\u00e8s un court laps de temps et, si n\u00e9cessaire, l'appel \u00e0 mettre en \u0153uvre les engagements pris dans la Spiritualit\u00e9. Pas tous l\u00e0, dans la Communaut\u00e9, mais l\u00e0 o\u00f9 ils \u00e9taient, qu'ils allaient envoyer leur aide, r\u00e9pandre le message de l'\u00e9vangile de la solidarit\u00e9 et de vigilance, li\u00e9 \u00e0 l'\u0153uvre commune.<\/p>\n\n\n\n<p class=\"has-black-color has-text-color has-link-color has-small-font-size wp-elements-c77111c8c49d554aef0b302551e50d15\">L&#039;Institution a grandi, toujours commis avec l&#039;aide aux personnes souffrant de la Terre, la tomb\u00e9e dans les tests, qui sont une \u00e9tape loin de la folie et du suicide. Gr\u00e2ce aux activit\u00e9s men\u00e9es, \u00e0 la fois dans le plan mat\u00e9riel que sur le plan spirituel, avec le traitement d&#039;urgence des nouveaux d\u00e9sincarn\u00e9e et une attention particuli\u00e8re, le \u201cManoir de la Voie\u201d a pris une vibration de la spiritualit\u00e9 qui remplace les vibrations de l&#039;homme qui y vivent, et de collaborer.<\/p>\n\n\n\n<p class=\"has-black-color has-text-color has-link-color has-small-font-size wp-elements-c483746b3be8f6f60d215c9c0a19f9fe\">En 1964, Juana d'\u00c1ngelis, par le biais de Divaldo, il \u00e9crit son premier livre, spirite: la R\u00e9colte de l'Amour. C'est elle qui vous inspire dans les conf\u00e9rences, le long de avec d'autres Esprits, comme Vianna de Carvalho et Am\u00e9lia Rodrigues, un \u00e9veil de l'\u00e2me endormie vers l'accomplissement de leurs responsabilit\u00e9s. Face \u00e0 l'impossibilit\u00e9 d'assister \u00e0 tous les assoiff\u00e9s de la lumi\u00e8re \u00e0 travers la parole, Jane a commenc\u00e9 \u00e0 \u00e9crire plus de livres, plus de pages de confort, qui sont r\u00e9partis sur les diff\u00e9rentes parties du monde, traduit en plusieurs langues, l'impression de mieux dans le c\u0153ur de la souffrance et d\u00e9pourvu de lumi\u00e8re, le message de l'amour du Ma\u00eetre, Galileo.<\/p>\n\n\n\n<p class=\"has-black-color has-text-color has-link-color has-small-font-size wp-elements-c41f997798bfda49074a4955e2a8253d\">Esprit de leader, Juana invit\u00e9s \u00e0 des entit\u00e9s \u00e9lev\u00e9e \u00e0 participer \u00e0 leur \u00e9quipe. Dans la litt\u00e9rature surviennent Rabindranath Tagore, Victor Hugo, Manoel Philomeno de Miranda, Am\u00e9lia Rodrigues, Marco Prisco, Vianna de Carvalho et d'autres. Dans le domaine de la desobsesi\u00f3n, invite l'Esprit Simb\u00e1, qui est le pseudonyme d'un touareg de nubie, qui vivait dans un sens chr\u00e9tien, comme un \u201cbon samaritain\u201d, dans les sables chauds du d\u00e9sert. Pour r\u00e9pondre \u00e0 la m\u00e9diumnit\u00e9, appel\u00e9 Jo\u00e3o Cleopas. Dans l'orientation spirituelle, a rencontr\u00e9 un groupe de m\u00e9decins et d'infirmi\u00e8res, spirituel, entre eux, le Dr Bezerra de Menezes, Scheila, et d'autres serveurs d\u00e9di\u00e9s. Dans le domaine de l'aide sociale, invit\u00e9es Anal\u00eda Franco, Fabiano de Cristo, et d'innombrables Esprits avec de l'exp\u00e9rience dans le service \u00e0 autrui.<\/p>\n\n\n\n<p class=\"has-black-color has-text-color has-link-color has-small-font-size wp-elements-c863e65df65a3259933b43a298632657\">Dans un de ses messages, elle nous dit: \u201cil Est \u00e9vident que nos revendications ne sont pas aspirer \u00e0 transformer quoi que ce soit, mais de r\u00e9former nous-m\u00eames. Allumez d&#039;abord l&#039;excitation et de l&#039;espoir \u00e0 la Terre et pour les gens de nos jours, la poursuite des \u00e9tudes dans le corps de l&#039;encodage spirite, avec l&#039;ordre de le prendre \u00e0 la compr\u00e9hension des masses, en r\u00e9p\u00e9tant les exp\u00e9riences santificantes de la \u201cles hommes de la route\u201d, qui a ouvert les portes de la perception pour les Entit\u00e9s Spirituelles dans leurs cercles internes de communication avec le Royaume de Dieu.<\/p>\n<\/div><\/div>\n\n\n\n<div class=\"wp-block-uagb-container uagb-block-e227c938 alignfull uagb-is-root-container\"><div class=\"uagb-container-inner-blocks-wrap\"><\/div><\/div>\n\n\n\n<div class=\"wp-block-uagb-container uagb-block-ca651344 alignfull uagb-is-root-container\"><div class=\"uagb-container-inner-blocks-wrap\"><\/div><\/div>","protected":false},"excerpt":{"rendered":"<p>Juana de \u00c1ngelis Mentora espiritual del m\u00e9dium Divaldo Franco, el Esp\u00edritu Juana de \u00c1ngelis es la autora de importantes obras que abordan temas existenciales, filos\u00f3ficos, religiosos, psicol\u00f3gicos, cuyo objetivo es la iluminaci\u00f3n del ser humano. Adem\u00e1s de convertirse en best-sellers, sus libros alcanzaron gran reconocimiento entre religiosos, fil\u00f3sofos espiritualistas, psic\u00f3logos, parapsic\u00f3logos y dem\u00e1s estudiosos del [&hellip;]<\/p>","protected":false},"author":1,"featured_media":0,"parent":0,"menu_order":0,"comment_status":"closed","ping_status":"closed","template":"","meta":{"_uag_custom_page_level_css":"","site-sidebar-layout":"default","site-content-layout":"","ast-site-content-layout":"default","site-content-style":"default","site-sidebar-style":"default","ast-global-header-display":"","ast-banner-title-visibility":"","ast-main-header-display":"","ast-hfb-above-header-display":"","ast-hfb-below-header-display":"","ast-hfb-mobile-header-display":"","site-post-title":"disabled","ast-breadcrumbs-content":"","ast-featured-img":"","footer-sml-layout":"","theme-transparent-header-meta":"","adv-header-id-meta":"","stick-header-meta":"","header-above-stick-meta":"","header-main-stick-meta":"","header-below-stick-meta":"","astra-migrate-meta-layouts":"set","ast-page-background-enabled":"default","ast-page-background-meta":{"desktop":{"background-color":"var(--ast-global-color-4)","background-image":"","background-repeat":"repeat","background-position":"center center","background-size":"auto","background-attachment":"scroll","background-type":"","background-media":"","overlay-type":"","overlay-color":"","overlay-opacity":"","overlay-gradient":""},"tablet":{"background-color":"","background-image":"","background-repeat":"repeat","background-position":"center center","background-size":"auto","background-attachment":"scroll","background-type":"","background-media":"","overlay-type":"","overlay-color":"","overlay-opacity":"","overlay-gradient":""},"mobile":{"background-color":"","background-image":"","background-repeat":"repeat","background-position":"center center","background-size":"auto","background-attachment":"scroll","background-type":"","background-media":"","overlay-type":"","overlay-color":"","overlay-opacity":"","overlay-gradient":""}},"ast-content-background-meta":{"desktop":{"background-color":"var(--ast-global-color-5)","background-image":"","background-repeat":"repeat","background-position":"center center","background-size":"auto","background-attachment":"scroll","background-type":"","background-media":"","overlay-type":"","overlay-color":"","overlay-opacity":"","overlay-gradient":""},"tablet":{"background-color":"var(--ast-global-color-5)","background-image":"","background-repeat":"repeat","background-position":"center center","background-size":"auto","background-attachment":"scroll","background-type":"","background-media":"","overlay-type":"","overlay-color":"","overlay-opacity":"","overlay-gradient":""},"mobile":{"background-color":"var(--ast-global-color-5)","background-image":"","background-repeat":"repeat","background-position":"center center","background-size":"auto","background-attachment":"scroll","background-type":"","background-media":"","overlay-type":"","overlay-color":"","overlay-opacity":"","overlay-gradient":""}},"footnotes":""},"class_list":["post-5888","page","type-page","status-publish","hentry"],"yoast_head":"<!-- This site is optimized with the Yoast SEO Premium plugin v24.2 (Yoast SEO v24.6) - https:\/\/yoast.com\/wordpress\/plugins\/seo\/ -->\n<title>Juana de \u00c1ngelis - Uni\u00f3n Esp\u00edrita<\/title>\n<meta name=\"robots\" content=\"index, follow, max-snippet:-1, max-image-preview:large, max-video-preview:-1\" \/>\n<link rel=\"canonical\" href=\"https:\/\/nuevo-renacer.com\/fr\/juana-de-angelis\/\" \/>\n<meta property=\"og:locale\" content=\"fr_FR\" \/>\n<meta property=\"og:type\" content=\"article\" \/>\n<meta property=\"og:title\" content=\"Juana de \u00c1ngelis\" \/>\n<meta property=\"og:description\" content=\"Juana de \u00c1ngelis Mentora espiritual del m\u00e9dium Divaldo Franco, el Esp\u00edritu Juana de \u00c1ngelis es la autora de importantes obras que abordan temas existenciales, filos\u00f3ficos, religiosos, psicol\u00f3gicos, cuyo objetivo es la iluminaci\u00f3n del ser humano. Adem\u00e1s de convertirse en best-sellers, sus libros alcanzaron gran reconocimiento entre religiosos, fil\u00f3sofos espiritualistas, psic\u00f3logos, parapsic\u00f3logos y dem\u00e1s estudiosos del [&hellip;]\" \/>\n<meta property=\"og:url\" content=\"https:\/\/nuevo-renacer.com\/fr\/juana-de-angelis\/\" \/>\n<meta property=\"og:site_name\" content=\"Uni\u00f3n Esp\u00edrita\" \/>\n<meta property=\"article:publisher\" content=\"https:\/\/www.facebook.com\/groups\/3431398063740829\" \/>\n<meta property=\"article:modified_time\" content=\"2024-11-07T07:37:39+00:00\" \/>\n<meta property=\"og:image\" content=\"https:\/\/nuevo-renacer.com\/wp-content\/uploads\/2024\/11\/Fundo-Joanna-branco-copy_edited.webp\" \/>\n\t<meta property=\"og:image:width\" content=\"560\" \/>\n\t<meta property=\"og:image:height\" content=\"604\" \/>\n\t<meta property=\"og:image:type\" content=\"image\/webp\" \/>\n<meta name=\"twitter:card\" content=\"summary_large_image\" \/>\n<meta name=\"twitter:label1\" content=\"Dur\u00e9e de lecture estim\u00e9e\" \/>\n\t<meta name=\"twitter:data1\" content=\"6 minutes\" \/>\n<script type=\"application\/ld+json\" class=\"yoast-schema-graph\">{\"@context\":\"https:\/\/schema.org\",\"@graph\":[{\"@type\":\"WebPage\",\"@id\":\"https:\/\/nuevo-renacer.com\/juana-de-angelis\/\",\"url\":\"https:\/\/nuevo-renacer.com\/juana-de-angelis\/\",\"name\":\"Juana de \u00c1ngelis - Uni\u00f3n Esp\u00edrita\",\"isPartOf\":{\"@id\":\"https:\/\/nuevo-renacer.com\/#website\"},\"primaryImageOfPage\":{\"@id\":\"https:\/\/nuevo-renacer.com\/juana-de-angelis\/#primaryimage\"},\"image\":{\"@id\":\"https:\/\/nuevo-renacer.com\/juana-de-angelis\/#primaryimage\"},\"thumbnailUrl\":\"https:\/\/nuevo-renacer.com\/wp-content\/uploads\/2024\/11\/Fundo-Joanna-branco-copy_edited.webp\",\"datePublished\":\"2024-11-07T07:32:18+00:00\",\"dateModified\":\"2024-11-07T07:37:39+00:00\",\"breadcrumb\":{\"@id\":\"https:\/\/nuevo-renacer.com\/juana-de-angelis\/#breadcrumb\"},\"inLanguage\":\"fr-FR\",\"potentialAction\":[{\"@type\":\"ReadAction\",\"target\":[\"https:\/\/nuevo-renacer.com\/juana-de-angelis\/\"]}]},{\"@type\":\"ImageObject\",\"inLanguage\":\"fr-FR\",\"@id\":\"https:\/\/nuevo-renacer.com\/juana-de-angelis\/#primaryimage\",\"url\":\"https:\/\/nuevo-renacer.com\/wp-content\/uploads\/2024\/11\/Fundo-Joanna-branco-copy_edited.webp\",\"contentUrl\":\"https:\/\/nuevo-renacer.com\/wp-content\/uploads\/2024\/11\/Fundo-Joanna-branco-copy_edited.webp\"},{\"@type\":\"BreadcrumbList\",\"@id\":\"https:\/\/nuevo-renacer.com\/juana-de-angelis\/#breadcrumb\",\"itemListElement\":[{\"@type\":\"ListItem\",\"position\":1,\"name\":\"Startseite\",\"item\":\"https:\/\/nuevo-renacer.com\/\"},{\"@type\":\"ListItem\",\"position\":2,\"name\":\"Juana de \u00c1ngelis\"}]},{\"@type\":\"WebSite\",\"@id\":\"https:\/\/nuevo-renacer.com\/#website\",\"url\":\"https:\/\/nuevo-renacer.com\/\",\"name\":\"Uni\u00f3n Esp\u00edrita\",\"description\":\"Nuevo Renacer\",\"publisher\":{\"@id\":\"https:\/\/nuevo-renacer.com\/#organization\"},\"potentialAction\":[{\"@type\":\"SearchAction\",\"target\":{\"@type\":\"EntryPoint\",\"urlTemplate\":\"https:\/\/nuevo-renacer.com\/?s={search_term_string}\"},\"query-input\":{\"@type\":\"PropertyValueSpecification\",\"valueRequired\":true,\"valueName\":\"search_term_string\"}}],\"inLanguage\":\"fr-FR\"},{\"@type\":\"Organization\",\"@id\":\"https:\/\/nuevo-renacer.com\/#organization\",\"name\":\"UFEC\",\"url\":\"https:\/\/nuevo-renacer.com\/\",\"logo\":{\"@type\":\"ImageObject\",\"inLanguage\":\"fr-FR\",\"@id\":\"https:\/\/nuevo-renacer.com\/#\/schema\/logo\/image\/\",\"url\":\"https:\/\/nuevo-renacer.com\/wp-content\/uploads\/2024\/05\/cropped-LOGO-TERMINADO1-3-3.png\",\"contentUrl\":\"https:\/\/nuevo-renacer.com\/wp-content\/uploads\/2024\/05\/cropped-LOGO-TERMINADO1-3-3.png\",\"width\":512,\"height\":512,\"caption\":\"UFEC\"},\"image\":{\"@id\":\"https:\/\/nuevo-renacer.com\/#\/schema\/logo\/image\/\"},\"sameAs\":[\"https:\/\/www.facebook.com\/groups\/3431398063740829\"]}]}<\/script>\n<!-- \/ Yoast SEO Premium plugin. -->","yoast_head_json":{"title":"Juana de \u00c1ngelis - Uni\u00f3n Esp\u00edrita","robots":{"index":"index","follow":"follow","max-snippet":"max-snippet:-1","max-image-preview":"max-image-preview:large","max-video-preview":"max-video-preview:-1"},"canonical":"https:\/\/nuevo-renacer.com\/fr\/juana-de-angelis\/","og_locale":"fr_FR","og_type":"article","og_title":"Juana de \u00c1ngelis","og_description":"Juana de \u00c1ngelis Mentora espiritual del m\u00e9dium Divaldo Franco, el Esp\u00edritu Juana de \u00c1ngelis es la autora de importantes obras que abordan temas existenciales, filos\u00f3ficos, religiosos, psicol\u00f3gicos, cuyo objetivo es la iluminaci\u00f3n del ser humano. Adem\u00e1s de convertirse en best-sellers, sus libros alcanzaron gran reconocimiento entre religiosos, fil\u00f3sofos espiritualistas, psic\u00f3logos, parapsic\u00f3logos y dem\u00e1s estudiosos del [&hellip;]","og_url":"https:\/\/nuevo-renacer.com\/fr\/juana-de-angelis\/","og_site_name":"Uni\u00f3n Esp\u00edrita","article_publisher":"https:\/\/www.facebook.com\/groups\/3431398063740829","article_modified_time":"2024-11-07T07:37:39+00:00","og_image":[{"width":560,"height":604,"url":"https:\/\/nuevo-renacer.com\/wp-content\/uploads\/2024\/11\/Fundo-Joanna-branco-copy_edited.webp","type":"image\/webp"}],"twitter_card":"summary_large_image","twitter_misc":{"Dur\u00e9e de lecture estim\u00e9e":"6 minutes"},"schema":{"@context":"https:\/\/schema.org","@graph":[{"@type":"WebPage","@id":"https:\/\/nuevo-renacer.com\/juana-de-angelis\/","url":"https:\/\/nuevo-renacer.com\/juana-de-angelis\/","name":"Juana de \u00c1ngelis - Uni\u00f3n Esp\u00edrita","isPartOf":{"@id":"https:\/\/nuevo-renacer.com\/#website"},"primaryImageOfPage":{"@id":"https:\/\/nuevo-renacer.com\/juana-de-angelis\/#primaryimage"},"image":{"@id":"https:\/\/nuevo-renacer.com\/juana-de-angelis\/#primaryimage"},"thumbnailUrl":"https:\/\/nuevo-renacer.com\/wp-content\/uploads\/2024\/11\/Fundo-Joanna-branco-copy_edited.webp","datePublished":"2024-11-07T07:32:18+00:00","dateModified":"2024-11-07T07:37:39+00:00","breadcrumb":{"@id":"https:\/\/nuevo-renacer.com\/juana-de-angelis\/#breadcrumb"},"inLanguage":"fr-FR","potentialAction":[{"@type":"ReadAction","target":["https:\/\/nuevo-renacer.com\/juana-de-angelis\/"]}]},{"@type":"ImageObject","inLanguage":"fr-FR","@id":"https:\/\/nuevo-renacer.com\/juana-de-angelis\/#primaryimage","url":"https:\/\/nuevo-renacer.com\/wp-content\/uploads\/2024\/11\/Fundo-Joanna-branco-copy_edited.webp","contentUrl":"https:\/\/nuevo-renacer.com\/wp-content\/uploads\/2024\/11\/Fundo-Joanna-branco-copy_edited.webp"},{"@type":"BreadcrumbList","@id":"https:\/\/nuevo-renacer.com\/juana-de-angelis\/#breadcrumb","itemListElement":[{"@type":"ListItem","position":1,"name":"Startseite","item":"https:\/\/nuevo-renacer.com\/"},{"@type":"ListItem","position":2,"name":"Juana de \u00c1ngelis"}]},{"@type":"WebSite","@id":"https:\/\/nuevo-renacer.com\/#website","url":"https:\/\/nuevo-renacer.com\/","name":"Uni\u00f3n Esp\u00edrita","description":"Nuevo Renacer","publisher":{"@id":"https:\/\/nuevo-renacer.com\/#organization"},"potentialAction":[{"@type":"SearchAction","target":{"@type":"EntryPoint","urlTemplate":"https:\/\/nuevo-renacer.com\/?s={search_term_string}"},"query-input":{"@type":"PropertyValueSpecification","valueRequired":true,"valueName":"search_term_string"}}],"inLanguage":"fr-FR"},{"@type":"Organization","@id":"https:\/\/nuevo-renacer.com\/#organization","name":"UFEC","url":"https:\/\/nuevo-renacer.com\/","logo":{"@type":"ImageObject","inLanguage":"fr-FR","@id":"https:\/\/nuevo-renacer.com\/#\/schema\/logo\/image\/","url":"https:\/\/nuevo-renacer.com\/wp-content\/uploads\/2024\/05\/cropped-LOGO-TERMINADO1-3-3.png","contentUrl":"https:\/\/nuevo-renacer.com\/wp-content\/uploads\/2024\/05\/cropped-LOGO-TERMINADO1-3-3.png","width":512,"height":512,"caption":"UFEC"},"image":{"@id":"https:\/\/nuevo-renacer.com\/#\/schema\/logo\/image\/"},"sameAs":["https:\/\/www.facebook.com\/groups\/3431398063740829"]}]}},"uagb_featured_image_src":{"full":false,"thumbnail":false,"medium":false,"medium_large":false,"large":false,"1536x1536":false,"2048x2048":false,"trp-custom-language-flag":false},"uagb_author_info":{"display_name":"adbv0","author_link":"https:\/\/nuevo-renacer.com\/fr\/author\/adbv0\/"},"uagb_comment_info":0,"uagb_excerpt":"Juana de \u00c1ngelis Mentora espiritual del m\u00e9dium Divaldo Franco, el Esp\u00edritu Juana de \u00c1ngelis es la autora de importantes obras que abordan temas existenciales, filos\u00f3ficos, religiosos, psicol\u00f3gicos, cuyo objetivo es la iluminaci\u00f3n del ser humano. Adem\u00e1s de convertirse en best-sellers, sus libros alcanzaron gran reconocimiento entre religiosos, fil\u00f3sofos espiritualistas, psic\u00f3logos, parapsic\u00f3logos y dem\u00e1s estudiosos del\u2026","jetpack_sharing_enabled":true,"_links":{"self":[{"href":"https:\/\/nuevo-renacer.com\/fr\/wp-json\/wp\/v2\/pages\/5888","targetHints":{"allow":["GET"]}}],"collection":[{"href":"https:\/\/nuevo-renacer.com\/fr\/wp-json\/wp\/v2\/pages"}],"about":[{"href":"https:\/\/nuevo-renacer.com\/fr\/wp-json\/wp\/v2\/types\/page"}],"author":[{"embeddable":true,"href":"https:\/\/nuevo-renacer.com\/fr\/wp-json\/wp\/v2\/users\/1"}],"replies":[{"embeddable":true,"href":"https:\/\/nuevo-renacer.com\/fr\/wp-json\/wp\/v2\/comments?post=5888"}],"version-history":[{"count":2,"href":"https:\/\/nuevo-renacer.com\/fr\/wp-json\/wp\/v2\/pages\/5888\/revisions"}],"predecessor-version":[{"id":5891,"href":"https:\/\/nuevo-renacer.com\/fr\/wp-json\/wp\/v2\/pages\/5888\/revisions\/5891"}],"wp:attachment":[{"href":"https:\/\/nuevo-renacer.com\/fr\/wp-json\/wp\/v2\/media?parent=5888"}],"curies":[{"name":"wp","href":"https:\/\/api.w.org\/{rel}","templated":true}]}}