{"id":5871,"date":"2024-11-06T11:07:09","date_gmt":"2024-11-06T11:07:09","guid":{"rendered":"https:\/\/nuevo-renacer.com\/?page_id=5871"},"modified":"2025-01-03T13:16:04","modified_gmt":"2025-01-03T13:16:04","slug":"rudolf-steiner","status":"publish","type":"page","link":"https:\/\/nuevo-renacer.com\/fr\/rudolf-steiner\/","title":{"rendered":"Rudolf Steiner"},"content":{"rendered":"<div class=\"wp-block-uagb-container uagb-block-c553f31a alignfull uagb-is-root-container\"><div class=\"uagb-container-inner-blocks-wrap\">\n<p class=\"has-black-color has-text-color has-link-color has-medium-font-size wp-elements-b8a32ab7c3927d7d54d10fa4efff93ce\"><strong>Rudolf Steiner<\/strong><\/p>\n<\/div><\/div>\n\n\n\n<div class=\"wp-block-uagb-container uagb-block-05b52770 alignfull uagb-is-root-container\"><div class=\"uagb-container-inner-blocks-wrap\">\n<figure class=\"wp-block-image size-large is-resized\"><img fetchpriority=\"high\" decoding=\"async\" width=\"698\" height=\"1024\" src=\"https:\/\/nuevo-renacer.com\/wp-content\/uploads\/2024\/11\/Rudolf-Steiner-lebenstationen-Berlin-698x1024.jpg\" alt=\"\" class=\"wp-image-5872\" style=\"width:239px;height:auto\" srcset=\"https:\/\/nuevo-renacer.com\/wp-content\/uploads\/2024\/11\/Rudolf-Steiner-lebenstationen-Berlin-698x1024.jpg 698w, https:\/\/nuevo-renacer.com\/wp-content\/uploads\/2024\/11\/Rudolf-Steiner-lebenstationen-Berlin-204x300.jpg 204w, https:\/\/nuevo-renacer.com\/wp-content\/uploads\/2024\/11\/Rudolf-Steiner-lebenstationen-Berlin-768x1127.jpg 768w, https:\/\/nuevo-renacer.com\/wp-content\/uploads\/2024\/11\/Rudolf-Steiner-lebenstationen-Berlin-8x12.jpg 8w, https:\/\/nuevo-renacer.com\/wp-content\/uploads\/2024\/11\/Rudolf-Steiner-lebenstationen-Berlin.jpg 800w\" sizes=\"(max-width: 698px) 100vw, 698px\" \/><\/figure>\n<\/div><\/div>\n\n\n\n<div class=\"wp-block-uagb-container uagb-block-89f25fed alignfull uagb-is-root-container\"><div class=\"uagb-container-inner-blocks-wrap\">\n<p class=\"has-black-color has-text-color has-link-color has-small-font-size wp-elements-6dcf05e3b65ddd5b5320e01c004e76fa\">Rudolf Steiner est n\u00e9 le 27 f\u00e9vrier 1861 \u00e0 Kraljevec, vieux-Hongrie, aujourd&#039;hui en Croatie (sur la photo, debout, avec sa petite soeur). Il a pass\u00e9 son enfance dans Pottschach. Son p\u00e8re y a travaill\u00e9 comme un op\u00e9rateur de t\u00e9l\u00e9graphe pour le chemin de Fer Autrichiens dans le Sud. La famille, qui, au fil des ann\u00e9es rejoint par une s\u0153ur et un fr\u00e8re, v\u00e9cu dans le b\u00e2timent de la gare, juste \u00e0 c\u00f4t\u00e9 des rails de train. Cet environnement lui a permis de faire l&#039;exp\u00e9rience de la polarit\u00e9 de la nature et de la technologie.<\/p>\n\n\n\n<div class=\"wp-block-uagb-container uagb-block-6bf70f28\">\n<figure class=\"wp-block-image size-large is-resized\"><img decoding=\"async\" width=\"698\" height=\"1024\" src=\"https:\/\/nuevo-renacer.com\/wp-content\/uploads\/2024\/11\/Rudolf-Steiner-lebenstationen-Kraljevec-698x1024.jpg\" alt=\"\" class=\"wp-image-5873\" style=\"width:221px;height:auto\" srcset=\"https:\/\/nuevo-renacer.com\/wp-content\/uploads\/2024\/11\/Rudolf-Steiner-lebenstationen-Kraljevec-698x1024.jpg 698w, https:\/\/nuevo-renacer.com\/wp-content\/uploads\/2024\/11\/Rudolf-Steiner-lebenstationen-Kraljevec-204x300.jpg 204w, https:\/\/nuevo-renacer.com\/wp-content\/uploads\/2024\/11\/Rudolf-Steiner-lebenstationen-Kraljevec-768x1127.jpg 768w, https:\/\/nuevo-renacer.com\/wp-content\/uploads\/2024\/11\/Rudolf-Steiner-lebenstationen-Kraljevec-8x12.jpg 8w, https:\/\/nuevo-renacer.com\/wp-content\/uploads\/2024\/11\/Rudolf-Steiner-lebenstationen-Kraljevec.jpg 800w\" sizes=\"(max-width: 698px) 100vw, 698px\" \/><\/figure>\n<\/div>\n\n\n\n<p class=\"has-black-color has-text-color has-link-color has-small-font-size wp-elements-97e555e0b12a739789af6492a816a316\">\u00c0 l&#039;\u00e2ge de 18 ans, Rudolf Steiner a commenc\u00e9 \u00e0 \u00e9tudier \u00e0 l&#039;Universit\u00e9 Technique de Vienne. Il \u00e9tudie d&#039;abord la biologie, la chimie, la physique et les math\u00e9matiques. Cependant, leurs questions int\u00e9rieures port\u00e9 sur la nature de l&#039;homme, et il a de plus en plus consacr\u00e9 \u00e0 la philosophie. Le ph\u00e9nom\u00e8ne de la &#034;conscience &#034; je&#034; est devenu l&#039;un de leurs \u00e9tudes de base.<\/p>\n\n\n\n<p class=\"has-black-color has-text-color has-link-color has-small-font-size wp-elements-57df074a77b3f4634b9e96ecbe58c046\">\u00c0 l&#039;\u00e2ge de 29 ans, Rudolf Steiner a commenc\u00e9 \u00e0 travailler sur le Fichier Goethe-Schiller \u00e0 Weimar. Outre les \u00e9crits scientifiques de Goethe, publi\u00e9 l&#039;\u00e9dition compl\u00e8te de Schopenhauer et de Jean-Paul (publi\u00e9 par Cotta), \u00e9crire quatre livres, dont &#034;La philosophie de la libert\u00e9&#034; et commence son activit\u00e9 en tant que ma\u00eetre de conf\u00e9rences. Personnalit\u00e9s telles que Ernst Haeckel, Hermann Grimm et de Friedrich Nietzsche.<\/p>\n\n\n\n<div class=\"wp-block-uagb-container uagb-block-2eed5559\">\n<figure class=\"wp-block-image size-large is-resized\"><img decoding=\"async\" width=\"698\" height=\"1024\" src=\"https:\/\/nuevo-renacer.com\/wp-content\/uploads\/2024\/11\/Rudolf-Steiner-lebenstationen-Wien-698x1024.jpg\" alt=\"\" class=\"wp-image-5874\" style=\"width:221px\" srcset=\"https:\/\/nuevo-renacer.com\/wp-content\/uploads\/2024\/11\/Rudolf-Steiner-lebenstationen-Wien-698x1024.jpg 698w, https:\/\/nuevo-renacer.com\/wp-content\/uploads\/2024\/11\/Rudolf-Steiner-lebenstationen-Wien-204x300.jpg 204w, https:\/\/nuevo-renacer.com\/wp-content\/uploads\/2024\/11\/Rudolf-Steiner-lebenstationen-Wien-768x1127.jpg 768w, https:\/\/nuevo-renacer.com\/wp-content\/uploads\/2024\/11\/Rudolf-Steiner-lebenstationen-Wien-8x12.jpg 8w, https:\/\/nuevo-renacer.com\/wp-content\/uploads\/2024\/11\/Rudolf-Steiner-lebenstationen-Wien.jpg 800w\" sizes=\"(max-width: 698px) 100vw, 698px\" \/><\/figure>\n<\/div>\n\n\n\n<p class=\"has-black-color has-text-color has-link-color has-small-font-size wp-elements-31323c6ca6d6db8f12e3d12005fd71e6\">Au cours de son s\u00e9jour \u00e0 Berlin, travaille comme r\u00e9dacteur en chef de la revue Magazin f\u00fcr Literatur (revue de Litt\u00e9rature) et en tant que professeur dans l&#039;Arbeiter-Bildungsschule (\u00c9cole de formation professionnelle). Il est devenu pr\u00e9sident du cercle \u201cDie Kommenden\u201d (L&#039;entr\u00e9e), dans lequel se sont r\u00e9unis avec la sc\u00e8ne artistique et culturelle contemporaine. Ses conf\u00e9rences dans les cercles th\u00e9osophiques ont constitu\u00e9 la base de sa Soci\u00e9t\u00e9 de l&#039;Anthroposophie, fond\u00e9e en 1913.<\/p>\n\n\n\n<div class=\"wp-block-uagb-container uagb-block-84883d37\">\n<figure class=\"wp-block-image size-large is-resized\"><img loading=\"lazy\" decoding=\"async\" width=\"698\" height=\"1024\" src=\"https:\/\/nuevo-renacer.com\/wp-content\/uploads\/2024\/11\/Rudolf-Steiner-lebenstationen-Dornach-698x1024.jpg\" alt=\"\" class=\"wp-image-5875\" style=\"width:221px\" srcset=\"https:\/\/nuevo-renacer.com\/wp-content\/uploads\/2024\/11\/Rudolf-Steiner-lebenstationen-Dornach-698x1024.jpg 698w, https:\/\/nuevo-renacer.com\/wp-content\/uploads\/2024\/11\/Rudolf-Steiner-lebenstationen-Dornach-204x300.jpg 204w, https:\/\/nuevo-renacer.com\/wp-content\/uploads\/2024\/11\/Rudolf-Steiner-lebenstationen-Dornach-768x1127.jpg 768w, https:\/\/nuevo-renacer.com\/wp-content\/uploads\/2024\/11\/Rudolf-Steiner-lebenstationen-Dornach-8x12.jpg 8w, https:\/\/nuevo-renacer.com\/wp-content\/uploads\/2024\/11\/Rudolf-Steiner-lebenstationen-Dornach.jpg 800w\" sizes=\"(max-width: 698px) 100vw, 698px\" \/><\/figure>\n<\/div>\n\n\n\n<p class=\"has-black-color has-text-color has-link-color has-small-font-size wp-elements-4d992bd30d8945aac0480bb1d26825bf\">Avec le passage \u00e0 Dornach et de la construction du Goetheanum, l&#039;anthroposophie a commenc\u00e9 \u00e0 devenir visible dans le monde. Steiner a fait beaucoup de choses dans de nombreux domaines de la vie, et de mettre sur pied de nouvelles choses. A donn\u00e9 un nouvel \u00e9lan \u00e0 l&#039;\u00e9ducation, la m\u00e9decine, l&#039;agriculture, les arts, la religion et la politique, qui continue d&#039;avoir des r\u00e9percussions aujourd&#039;hui.<\/p>\n\n\n\n<p class=\"has-black-color has-text-color has-link-color has-small-font-size wp-elements-b609f4b57d0e93dbba5c0439f868bd8d\">Pendant ce temps, il \u00e9tait beaucoup plus int\u00e9ress\u00e9 dans les pr\u00e9occupations des int\u00e9rieurs d&#039;autres personnes et a \u00e9t\u00e9 en contact avec de nombreuses c\u00e9l\u00e9brit\u00e9s contemporaines, comme d&#039;Else Lasker-Sch\u00fcler, Rainer Maria Rilke, Andrej Belyi, Ernst Haeckel, et Hermann Grimm. \u00c0 33 ans, il \u00e9crit son principal ouvrage philosophique, La philosophie de la libert\u00e9, de la fondation de la science spirituelle de l&#039;anthroposophie, qui a approfondi et \u00e9largi en une trentaine de publications ult\u00e9rieures. \u00c9galement publi\u00e9 de nombreux articles, des essais et des critiques sur l&#039;histoire culturelle et contemporaine.<\/p>\n\n\n\n<p class=\"has-black-color has-text-color has-link-color has-small-font-size wp-elements-ef9c6a4deb82aa64a522d9aaa3022eef\">Parmi ses \u0153uvres les plus connues de travaux sont:<\/p>\n\n\n\n<ul class=\"wp-block-list\">\n<li class=\"has-black-color has-text-color has-link-color has-small-font-size wp-elements-a81da2fdd348962a61f74cd982aa53b6\">La r\u00e9incarnation et du Karma.<\/li>\n\n\n\n<li class=\"has-black-color has-text-color has-link-color has-small-font-size wp-elements-68d9c234f73cfa11b1e64d075a140ec4\">La nature de l&#039;homme.<\/li>\n\n\n\n<li class=\"has-black-color has-text-color has-link-color has-small-font-size wp-elements-9ecbc3305169d078bc11d77021879cc1\">Le r\u00e9tablissement de l&#039;esprit et de la destin\u00e9e.<\/li>\n\n\n\n<li class=\"has-black-color has-text-color has-link-color has-small-font-size wp-elements-00aae246565f73ef8f3c627651d0760a\">R\u00e9alisation du karma.<\/li>\n\n\n\n<li class=\"has-black-color has-text-color has-link-color has-small-font-size wp-elements-45f2c988e17c739d2eb41c17cb786f9e\">Observations \u00e9sot\u00e9rique sur les relations karmiques.<\/li>\n<\/ul>\n\n\n\n<p class=\"has-black-color has-text-color has-link-color has-small-font-size wp-elements-bf49bf87c8d87cb77135eeb247c2e2fa\">Steiner desencarno le 30 mars 1925 dans son \u00e9tude de la Goetheanum \u00e0 Dornach.<\/p>\n<\/div><\/div>\n\n\n\n<div class=\"wp-block-uagb-container uagb-block-0033cc9f alignfull uagb-is-root-container\"><div class=\"uagb-container-inner-blocks-wrap\"><\/div><\/div>\n\n\n\n<div class=\"wp-block-uagb-container uagb-block-ecdcec28 alignfull uagb-is-root-container\"><div class=\"uagb-container-inner-blocks-wrap\"><\/div><\/div>","protected":false},"excerpt":{"rendered":"<p>Rudolf Steiner Rudolf Steiner naci\u00f3 el 27 de febrero de 1861 en Kraljevec, antigua Hungr\u00eda, hoy Croacia (en la foto, de pie, con su hermana peque\u00f1a). Pas\u00f3 su infancia en Pottschach. Su padre trabajaba all\u00ed como telegrafista para los Ferrocarriles Austriacos del Sur. La familia, a la que con los a\u00f1os se unieron una hermana [&hellip;]<\/p>","protected":false},"author":1,"featured_media":0,"parent":0,"menu_order":0,"comment_status":"closed","ping_status":"closed","template":"","meta":{"_uag_custom_page_level_css":"","site-sidebar-layout":"default","site-content-layout":"","ast-site-content-layout":"default","site-content-style":"default","site-sidebar-style":"default","ast-global-header-display":"","ast-banner-title-visibility":"","ast-main-header-display":"","ast-hfb-above-header-display":"","ast-hfb-below-header-display":"","ast-hfb-mobile-header-display":"","site-post-title":"disabled","ast-breadcrumbs-content":"","ast-featured-img":"","footer-sml-layout":"","theme-transparent-header-meta":"","adv-header-id-meta":"","stick-header-meta":"","header-above-stick-meta":"","header-main-stick-meta":"","header-below-stick-meta":"","astra-migrate-meta-layouts":"set","ast-page-background-enabled":"default","ast-page-background-meta":{"desktop":{"background-color":"var(--ast-global-color-4)","background-image":"","background-repeat":"repeat","background-position":"center center","background-size":"auto","background-attachment":"scroll","background-type":"","background-media":"","overlay-type":"","overlay-color":"","overlay-opacity":"","overlay-gradient":""},"tablet":{"background-color":"","background-image":"","background-repeat":"repeat","background-position":"center center","background-size":"auto","background-attachment":"scroll","background-type":"","background-media":"","overlay-type":"","overlay-color":"","overlay-opacity":"","overlay-gradient":""},"mobile":{"background-color":"","background-image":"","background-repeat":"repeat","background-position":"center center","background-size":"auto","background-attachment":"scroll","background-type":"","background-media":"","overlay-type":"","overlay-color":"","overlay-opacity":"","overlay-gradient":""}},"ast-content-background-meta":{"desktop":{"background-color":"var(--ast-global-color-5)","background-image":"","background-repeat":"repeat","background-position":"center center","background-size":"auto","background-attachment":"scroll","background-type":"","background-media":"","overlay-type":"","overlay-color":"","overlay-opacity":"","overlay-gradient":""},"tablet":{"background-color":"var(--ast-global-color-5)","background-image":"","background-repeat":"repeat","background-position":"center center","background-size":"auto","background-attachment":"scroll","background-type":"","background-media":"","overlay-type":"","overlay-color":"","overlay-opacity":"","overlay-gradient":""},"mobile":{"background-color":"var(--ast-global-color-5)","background-image":"","background-repeat":"repeat","background-position":"center center","background-size":"auto","background-attachment":"scroll","background-type":"","background-media":"","overlay-type":"","overlay-color":"","overlay-opacity":"","overlay-gradient":""}},"footnotes":""},"class_list":["post-5871","page","type-page","status-publish","hentry"],"yoast_head":"<!-- This site is optimized with the Yoast SEO Premium plugin v24.2 (Yoast SEO v24.6) - https:\/\/yoast.com\/wordpress\/plugins\/seo\/ -->\n<title>Rudolf Steiner - Uni\u00f3n Esp\u00edrita<\/title>\n<meta name=\"robots\" content=\"index, follow, max-snippet:-1, max-image-preview:large, max-video-preview:-1\" \/>\n<link rel=\"canonical\" href=\"https:\/\/nuevo-renacer.com\/fr\/rudolf-steiner\/\" \/>\n<meta property=\"og:locale\" content=\"fr_FR\" \/>\n<meta property=\"og:type\" content=\"article\" \/>\n<meta property=\"og:title\" content=\"Rudolf Steiner\" \/>\n<meta property=\"og:description\" content=\"Rudolf Steiner Rudolf Steiner naci\u00f3 el 27 de febrero de 1861 en Kraljevec, antigua Hungr\u00eda, hoy Croacia (en la foto, de pie, con su hermana peque\u00f1a). Pas\u00f3 su infancia en Pottschach. Su padre trabajaba all\u00ed como telegrafista para los Ferrocarriles Austriacos del Sur. La familia, a la que con los a\u00f1os se unieron una hermana [&hellip;]\" \/>\n<meta property=\"og:url\" content=\"https:\/\/nuevo-renacer.com\/fr\/rudolf-steiner\/\" \/>\n<meta property=\"og:site_name\" content=\"Uni\u00f3n Esp\u00edrita\" \/>\n<meta property=\"article:publisher\" content=\"https:\/\/www.facebook.com\/groups\/3431398063740829\" \/>\n<meta property=\"article:modified_time\" content=\"2025-01-03T13:16:04+00:00\" \/>\n<meta property=\"og:image\" content=\"https:\/\/nuevo-renacer.com\/wp-content\/uploads\/2024\/11\/Rudolf-Steiner-lebenstationen-Berlin.jpg\" \/>\n\t<meta property=\"og:image:width\" content=\"800\" \/>\n\t<meta property=\"og:image:height\" content=\"1174\" \/>\n\t<meta property=\"og:image:type\" content=\"image\/jpeg\" \/>\n<meta name=\"twitter:card\" content=\"summary_large_image\" \/>\n<meta name=\"twitter:label1\" content=\"Dur\u00e9e de lecture estim\u00e9e\" \/>\n\t<meta name=\"twitter:data1\" content=\"3 minutes\" \/>\n<script type=\"application\/ld+json\" class=\"yoast-schema-graph\">{\"@context\":\"https:\/\/schema.org\",\"@graph\":[{\"@type\":\"WebPage\",\"@id\":\"https:\/\/nuevo-renacer.com\/rudolf-steiner\/\",\"url\":\"https:\/\/nuevo-renacer.com\/rudolf-steiner\/\",\"name\":\"Rudolf Steiner - Uni\u00f3n Esp\u00edrita\",\"isPartOf\":{\"@id\":\"https:\/\/nuevo-renacer.com\/#website\"},\"primaryImageOfPage\":{\"@id\":\"https:\/\/nuevo-renacer.com\/rudolf-steiner\/#primaryimage\"},\"image\":{\"@id\":\"https:\/\/nuevo-renacer.com\/rudolf-steiner\/#primaryimage\"},\"thumbnailUrl\":\"https:\/\/nuevo-renacer.com\/wp-content\/uploads\/2024\/11\/Rudolf-Steiner-lebenstationen-Berlin-698x1024.jpg\",\"datePublished\":\"2024-11-06T11:07:09+00:00\",\"dateModified\":\"2025-01-03T13:16:04+00:00\",\"breadcrumb\":{\"@id\":\"https:\/\/nuevo-renacer.com\/rudolf-steiner\/#breadcrumb\"},\"inLanguage\":\"fr-FR\",\"potentialAction\":[{\"@type\":\"ReadAction\",\"target\":[\"https:\/\/nuevo-renacer.com\/rudolf-steiner\/\"]}]},{\"@type\":\"ImageObject\",\"inLanguage\":\"fr-FR\",\"@id\":\"https:\/\/nuevo-renacer.com\/rudolf-steiner\/#primaryimage\",\"url\":\"https:\/\/nuevo-renacer.com\/wp-content\/uploads\/2024\/11\/Rudolf-Steiner-lebenstationen-Berlin-698x1024.jpg\",\"contentUrl\":\"https:\/\/nuevo-renacer.com\/wp-content\/uploads\/2024\/11\/Rudolf-Steiner-lebenstationen-Berlin-698x1024.jpg\"},{\"@type\":\"BreadcrumbList\",\"@id\":\"https:\/\/nuevo-renacer.com\/rudolf-steiner\/#breadcrumb\",\"itemListElement\":[{\"@type\":\"ListItem\",\"position\":1,\"name\":\"Startseite\",\"item\":\"https:\/\/nuevo-renacer.com\/\"},{\"@type\":\"ListItem\",\"position\":2,\"name\":\"Rudolf Steiner\"}]},{\"@type\":\"WebSite\",\"@id\":\"https:\/\/nuevo-renacer.com\/#website\",\"url\":\"https:\/\/nuevo-renacer.com\/\",\"name\":\"Uni\u00f3n Esp\u00edrita\",\"description\":\"Nuevo Renacer\",\"publisher\":{\"@id\":\"https:\/\/nuevo-renacer.com\/#organization\"},\"potentialAction\":[{\"@type\":\"SearchAction\",\"target\":{\"@type\":\"EntryPoint\",\"urlTemplate\":\"https:\/\/nuevo-renacer.com\/?s={search_term_string}\"},\"query-input\":{\"@type\":\"PropertyValueSpecification\",\"valueRequired\":true,\"valueName\":\"search_term_string\"}}],\"inLanguage\":\"fr-FR\"},{\"@type\":\"Organization\",\"@id\":\"https:\/\/nuevo-renacer.com\/#organization\",\"name\":\"UFEC\",\"url\":\"https:\/\/nuevo-renacer.com\/\",\"logo\":{\"@type\":\"ImageObject\",\"inLanguage\":\"fr-FR\",\"@id\":\"https:\/\/nuevo-renacer.com\/#\/schema\/logo\/image\/\",\"url\":\"https:\/\/nuevo-renacer.com\/wp-content\/uploads\/2024\/05\/cropped-LOGO-TERMINADO1-3-3.png\",\"contentUrl\":\"https:\/\/nuevo-renacer.com\/wp-content\/uploads\/2024\/05\/cropped-LOGO-TERMINADO1-3-3.png\",\"width\":512,\"height\":512,\"caption\":\"UFEC\"},\"image\":{\"@id\":\"https:\/\/nuevo-renacer.com\/#\/schema\/logo\/image\/\"},\"sameAs\":[\"https:\/\/www.facebook.com\/groups\/3431398063740829\"]}]}<\/script>\n<!-- \/ Yoast SEO Premium plugin. -->","yoast_head_json":{"title":"Rudolf Steiner - Uni\u00f3n Esp\u00edrita","robots":{"index":"index","follow":"follow","max-snippet":"max-snippet:-1","max-image-preview":"max-image-preview:large","max-video-preview":"max-video-preview:-1"},"canonical":"https:\/\/nuevo-renacer.com\/fr\/rudolf-steiner\/","og_locale":"fr_FR","og_type":"article","og_title":"Rudolf Steiner","og_description":"Rudolf Steiner Rudolf Steiner naci\u00f3 el 27 de febrero de 1861 en Kraljevec, antigua Hungr\u00eda, hoy Croacia (en la foto, de pie, con su hermana peque\u00f1a). Pas\u00f3 su infancia en Pottschach. Su padre trabajaba all\u00ed como telegrafista para los Ferrocarriles Austriacos del Sur. La familia, a la que con los a\u00f1os se unieron una hermana [&hellip;]","og_url":"https:\/\/nuevo-renacer.com\/fr\/rudolf-steiner\/","og_site_name":"Uni\u00f3n Esp\u00edrita","article_publisher":"https:\/\/www.facebook.com\/groups\/3431398063740829","article_modified_time":"2025-01-03T13:16:04+00:00","og_image":[{"width":800,"height":1174,"url":"https:\/\/nuevo-renacer.com\/wp-content\/uploads\/2024\/11\/Rudolf-Steiner-lebenstationen-Berlin.jpg","type":"image\/jpeg"}],"twitter_card":"summary_large_image","twitter_misc":{"Dur\u00e9e de lecture estim\u00e9e":"3 minutes"},"schema":{"@context":"https:\/\/schema.org","@graph":[{"@type":"WebPage","@id":"https:\/\/nuevo-renacer.com\/rudolf-steiner\/","url":"https:\/\/nuevo-renacer.com\/rudolf-steiner\/","name":"Rudolf Steiner - Uni\u00f3n Esp\u00edrita","isPartOf":{"@id":"https:\/\/nuevo-renacer.com\/#website"},"primaryImageOfPage":{"@id":"https:\/\/nuevo-renacer.com\/rudolf-steiner\/#primaryimage"},"image":{"@id":"https:\/\/nuevo-renacer.com\/rudolf-steiner\/#primaryimage"},"thumbnailUrl":"https:\/\/nuevo-renacer.com\/wp-content\/uploads\/2024\/11\/Rudolf-Steiner-lebenstationen-Berlin-698x1024.jpg","datePublished":"2024-11-06T11:07:09+00:00","dateModified":"2025-01-03T13:16:04+00:00","breadcrumb":{"@id":"https:\/\/nuevo-renacer.com\/rudolf-steiner\/#breadcrumb"},"inLanguage":"fr-FR","potentialAction":[{"@type":"ReadAction","target":["https:\/\/nuevo-renacer.com\/rudolf-steiner\/"]}]},{"@type":"ImageObject","inLanguage":"fr-FR","@id":"https:\/\/nuevo-renacer.com\/rudolf-steiner\/#primaryimage","url":"https:\/\/nuevo-renacer.com\/wp-content\/uploads\/2024\/11\/Rudolf-Steiner-lebenstationen-Berlin-698x1024.jpg","contentUrl":"https:\/\/nuevo-renacer.com\/wp-content\/uploads\/2024\/11\/Rudolf-Steiner-lebenstationen-Berlin-698x1024.jpg"},{"@type":"BreadcrumbList","@id":"https:\/\/nuevo-renacer.com\/rudolf-steiner\/#breadcrumb","itemListElement":[{"@type":"ListItem","position":1,"name":"Startseite","item":"https:\/\/nuevo-renacer.com\/"},{"@type":"ListItem","position":2,"name":"Rudolf Steiner"}]},{"@type":"WebSite","@id":"https:\/\/nuevo-renacer.com\/#website","url":"https:\/\/nuevo-renacer.com\/","name":"Uni\u00f3n Esp\u00edrita","description":"Nuevo Renacer","publisher":{"@id":"https:\/\/nuevo-renacer.com\/#organization"},"potentialAction":[{"@type":"SearchAction","target":{"@type":"EntryPoint","urlTemplate":"https:\/\/nuevo-renacer.com\/?s={search_term_string}"},"query-input":{"@type":"PropertyValueSpecification","valueRequired":true,"valueName":"search_term_string"}}],"inLanguage":"fr-FR"},{"@type":"Organization","@id":"https:\/\/nuevo-renacer.com\/#organization","name":"UFEC","url":"https:\/\/nuevo-renacer.com\/","logo":{"@type":"ImageObject","inLanguage":"fr-FR","@id":"https:\/\/nuevo-renacer.com\/#\/schema\/logo\/image\/","url":"https:\/\/nuevo-renacer.com\/wp-content\/uploads\/2024\/05\/cropped-LOGO-TERMINADO1-3-3.png","contentUrl":"https:\/\/nuevo-renacer.com\/wp-content\/uploads\/2024\/05\/cropped-LOGO-TERMINADO1-3-3.png","width":512,"height":512,"caption":"UFEC"},"image":{"@id":"https:\/\/nuevo-renacer.com\/#\/schema\/logo\/image\/"},"sameAs":["https:\/\/www.facebook.com\/groups\/3431398063740829"]}]}},"uagb_featured_image_src":{"full":false,"thumbnail":false,"medium":false,"medium_large":false,"large":false,"1536x1536":false,"2048x2048":false,"trp-custom-language-flag":false},"uagb_author_info":{"display_name":"adbv0","author_link":"https:\/\/nuevo-renacer.com\/fr\/author\/adbv0\/"},"uagb_comment_info":0,"uagb_excerpt":"Rudolf Steiner Rudolf Steiner naci\u00f3 el 27 de febrero de 1861 en Kraljevec, antigua Hungr\u00eda, hoy Croacia (en la foto, de pie, con su hermana peque\u00f1a). Pas\u00f3 su infancia en Pottschach. Su padre trabajaba all\u00ed como telegrafista para los Ferrocarriles Austriacos del Sur. La familia, a la que con los a\u00f1os se unieron una hermana\u2026","jetpack_sharing_enabled":true,"_links":{"self":[{"href":"https:\/\/nuevo-renacer.com\/fr\/wp-json\/wp\/v2\/pages\/5871","targetHints":{"allow":["GET"]}}],"collection":[{"href":"https:\/\/nuevo-renacer.com\/fr\/wp-json\/wp\/v2\/pages"}],"about":[{"href":"https:\/\/nuevo-renacer.com\/fr\/wp-json\/wp\/v2\/types\/page"}],"author":[{"embeddable":true,"href":"https:\/\/nuevo-renacer.com\/fr\/wp-json\/wp\/v2\/users\/1"}],"replies":[{"embeddable":true,"href":"https:\/\/nuevo-renacer.com\/fr\/wp-json\/wp\/v2\/comments?post=5871"}],"version-history":[{"count":4,"href":"https:\/\/nuevo-renacer.com\/fr\/wp-json\/wp\/v2\/pages\/5871\/revisions"}],"predecessor-version":[{"id":6660,"href":"https:\/\/nuevo-renacer.com\/fr\/wp-json\/wp\/v2\/pages\/5871\/revisions\/6660"}],"wp:attachment":[{"href":"https:\/\/nuevo-renacer.com\/fr\/wp-json\/wp\/v2\/media?parent=5871"}],"curies":[{"name":"wp","href":"https:\/\/api.w.org\/{rel}","templated":true}]}}