{"id":5852,"date":"2024-10-29T09:41:34","date_gmt":"2024-10-29T09:41:34","guid":{"rendered":"https:\/\/nuevo-renacer.com\/?page_id=5852"},"modified":"2024-10-29T09:48:54","modified_gmt":"2024-10-29T09:48:54","slug":"jose-herculano-pires","status":"publish","type":"page","link":"https:\/\/nuevo-renacer.com\/fr\/jose-herculano-pires\/","title":{"rendered":"Jos\u00e9 Herculano Pires"},"content":{"rendered":"<div class=\"wp-block-uagb-container uagb-block-1dc7fe0f alignfull uagb-is-root-container\"><div class=\"uagb-container-inner-blocks-wrap\">\n<p class=\"has-black-color has-text-color has-link-color has-medium-font-size wp-elements-d3cc26d6b8da34fe70fd5a19856f6b4e\"><strong>Jos\u00e9 Herculano Pires<\/strong><\/p>\n<\/div><\/div>\n\n\n\n<div class=\"wp-block-uagb-container uagb-block-e1de0302 alignfull uagb-is-root-container\"><div class=\"uagb-container-inner-blocks-wrap\">\n<figure class=\"wp-block-image size-full is-resized\"><img fetchpriority=\"high\" decoding=\"async\" width=\"300\" height=\"225\" src=\"https:\/\/nuevo-renacer.com\/wp-content\/uploads\/2024\/10\/biografiaherculano.jpg\" alt=\"\" class=\"wp-image-5853\" style=\"width:280px;height:auto\" srcset=\"https:\/\/nuevo-renacer.com\/wp-content\/uploads\/2024\/10\/biografiaherculano.jpg 300w, https:\/\/nuevo-renacer.com\/wp-content\/uploads\/2024\/10\/biografiaherculano-16x12.jpg 16w\" sizes=\"(max-width: 300px) 100vw, 300px\" \/><\/figure>\n<\/div><\/div>\n\n\n\n<div class=\"wp-block-uagb-container uagb-block-0321a983 alignfull uagb-is-root-container\"><div class=\"uagb-container-inner-blocks-wrap\">\n<p class=\"has-black-color has-text-color has-link-color has-small-font-size wp-elements-55da948fbd46e312dc43ea1d02c59b78\">Connu au Br\u00e9sil comme l&#039;homme \u201cmultiple\u201d et \u201cL&#039;Ap\u00f4tre de Kardec\u201d, il a \u00e9t\u00e9 not\u00e9 pour son combat constant pour pr\u00e9server fid\u00e8lement le travail de l&#039;encodeur, \u00e0 \u00eatre courageux en face des grandes institutions esp\u00edritas dans la d\u00e9fense de la puret\u00e9 de la Spiritisme. Son intelligence sup\u00e9rieure de la culture humaniste, la luminosit\u00e9 avec une grande ampleur. Philosophe, journaliste, \u00e9ducateur, \u00e9crivain, critique litt\u00e9raire, th\u00e9osophe et politique. L&#039;auteur de plus de 81 ouvrages, y compris des essais, des histoires courtes, de la philosophie, de l&#039;histoire, de la psychologie, de la parapsychologie et le spiritisme. Certains de ces livres en association avec le m\u00e9dium Francisco Candido Xavier, qu&#039;il consid\u00e9rait comme l&#039;un des auteurs les plus importants au sein du mouvement spirite.<\/p>\n\n\n\n<p class=\"has-black-color has-text-color has-link-color has-small-font-size wp-elements-70e6470d40e8df0e60e084c31362c0b0\">Il a d\u00e9fendu le concept de la puret\u00e9 de la doctrine, selon laquelle il \u00e9tait n\u00e9cessaire pour pr\u00e9server la doctrine de tous les types d&#039;influence mystique et \u00e9sot\u00e9rique. Dans les \u0153uvres philosophiques qu&#039;il a \u00e9crit pr\u00e9cise que la contribution du Spiritisme, quant \u00e0 la signification de l&#039;existence humaine, s&#039;oppose \u00e0 la pure nihilisme et de l&#039;existentialisme mat\u00e9rialiste.<\/p>\n\n\n\n<p class=\"has-black-color has-text-color has-link-color has-small-font-size wp-elements-8fe437a539b2a18fce54544c02fa9fa5\">Il a \u00e9t\u00e9 l&#039;un des fondateurs de l&#039;\u00c9cole de Philosophie de Araraquara, dans laquelle il a enseign\u00e9 comme Ma\u00eetre de Philosophie (USP) et membre de la Soci\u00e9t\u00e9 Br\u00e9silienne de la Philosophie. Le pr\u00e9sident de l&#039;Union de San Paulo, les Journalistes de l&#039;Etat. Pendant 20 ans, il a gard\u00e9 une tribune quotidienne dans \u201cLe Spiritisme Associ\u00e9s\u201d avec le surnom du Fr\u00e8re de Saul. Traduit soigneusement et fid\u00e8lement les \u0153uvres de Kardec en les enrichissant de leurs commentaires et de notes explicatives au pied de la page. Spirite \u00e0 partir de l&#039;\u00e2ge de 22 ans, il a m\u00e9nag\u00e9 aucun effort dans la communication orale et \u00e9crite de la Doctrine \u00e0 laquelle il a consacr\u00e9 la plus grande partie de sa vie. Mettre en valeur votre silhouette, il est pour nous un v\u00e9ritable honneur d&#039;avoir l&#039;occasion de se souvenir de sa vie.<\/p>\n\n\n\n<p class=\"has-black-color has-text-color has-link-color has-small-font-size wp-elements-dc6e6ea3b72875b009fc837cd248c78b\">Il faut remonter \u00e0 l&#039;ann\u00e9e 1914, quand, dans l&#039;ancienne province de Rio Novo, aujourd&#039;hui, c&#039;est la belle ville de Avar\u00e9, \u00e0 l&#039;int\u00e9rieur de Sao Paulo (Br\u00e9sil), n\u00e9 le 25 septembre Jos\u00e9 Herculano Pires, se f\u00e9licitant de sa m\u00e8re, la pianiste Bonina Amaral Simonetti Pires et son p\u00e8re, Jos\u00e9 Pires Correa, un pharmacien.<\/p>\n\n\n\n<p class=\"has-black-color has-text-color has-link-color has-small-font-size wp-elements-5aa6b9d0c8ef712fdf9bbce2e20ebea5\">Apr\u00e8s ses \u00e9tudes \u00e0 Avar\u00e9e, Ita\u00ed et Cerqueira C\u00e9sar, commence \u00e0 montrer sa vocation litt\u00e9raire, et \u00e0 l&#039;\u00e2ge de neuf compos\u00e9 son premier sonnet. Plus tard, \u00e0 l&#039;\u00e2ge de seize ans, il publie son premier livre d&#039;histoires courtes \u201cSonhos azuis\u201d, et deux ans apr\u00e8s \u201cCoracao\u201d de po\u00e8mes et sonnets. \u0152uvres dans les journaux et revues de l&#039;\u00e9poque, \u00e0 Sao Paulo et \u00e0 Rio de Janeiro.<\/p>\n\n\n\n<p class=\"has-black-color has-text-color has-link-color has-small-font-size wp-elements-b30dbea301b3d84928656c9336add40e\">Il a d\u00e9m\u00e9nag\u00e9 \u00e0 Marilia, en 1940, o\u00f9 il a acquis le journal Quotidien Paulista, d&#039;une dur\u00e9e de six ans, et, en 1946, d\u00e9j\u00e0 \u00e0 Sao Paulo, il a publi\u00e9 son premier roman, \u201cLa voie du milieu\u201d qui est re\u00e7u avec d&#039;excellentes critiques.<\/p>\n\n\n\n<p class=\"has-black-color has-text-color has-link-color has-small-font-size wp-elements-887b9ab5892e0476e5c8c86150de377b\">Une fois un Dipl\u00f4me en Philosophie de l&#039;Universit\u00e9 de Sao Paulo, a publi\u00e9 une th\u00e8se existentielle \u201c\u00eatre et \u00e0 la s\u00e9r\u00e9nit\u00e9\u201d. Il a \u00e9t\u00e9 reconnu par la critique comme l&#039;un des renewers du roman du br\u00e9sil.<\/p>\n\n\n\n<p class=\"has-black-color has-text-color has-link-color has-small-font-size wp-elements-a8d05f685903ba73894277a61f04ca5f\">Depuis trente ans, dans la rue, le 7 avril, exerce les fonctions de journaliste, r\u00e9dacteur en chef, secr\u00e9taire, journaliste, d\u00e9put\u00e9 et critique litt\u00e9raire du Quotidien Associados. Et des, quatre ans, o\u00f9 il maintient une colonne en collaboration avec Francisco C\u00e1ndido Xavier avec le titre \u201cChico Xavier demande pour une licence.\u201d<\/p>\n\n\n\n<p class=\"has-black-color has-text-color has-link-color has-small-font-size wp-elements-214627bccbed3ae3cbdc863c5979085e\">D\u00e9clar\u00e9 souffrir de grafoman\u00eda, c&#039;est-\u00e0-dire la manie d&#039;\u00e9crire, de jour et de nuit. N&#039;avait Pas de vocation acad\u00e9mique, et n&#039;a pas suivi d&#039;aucune \u00e9cole litt\u00e9raire. Son seul but \u00e9tait de communiquer ce qu&#039;ils croyaient \u00eatre n\u00e9cessaire et dans la meilleure fa\u00e7on possible. Leurs d\u00e9bats \u00e0 la t\u00e9l\u00e9vision l&#039;a rendu c\u00e9l\u00e8bre pour son controvers\u00e9, surtout pour les combats men\u00e9s avec son ennemi jur\u00e9 du Spiritisme de l&#039;agressivit\u00e9 des j\u00e9suites Oscar Gonzales Quevedo, qui a r\u00e9pondu avec sa frappe de la s\u00e9r\u00e9nit\u00e9 et de la fermet\u00e9. N&#039;a jamais eu irrit\u00e9e et \u00e9cout\u00e9 patiemment les adversaires. Mari aimant et p\u00e8re de quatre enfants. Il a \u00e9t\u00e9 directeur fondateur de la revue spirite de l&#039;\u00c9ducation.<\/p>\n\n\n\n<p class=\"has-black-color has-text-color has-link-color has-small-font-size wp-elements-a079ec492ef293ec9743c5ce975fbd02\">Il se distingue par le fait d&#039;\u00eatre un id\u00e9aliste qui se sont battus pour la cause spirite \u00eatre un de ses disciples sont plus active et coh\u00e9rente de spiritisme au Br\u00e9sil. La caract\u00e9ristique la plus importante de l&#039;ensemble de leurs \u0153uvres, c&#039;est la lutte pour d\u00e9montrer la coh\u00e9rence de la pens\u00e9e spiritualiste et d\u00e9fendre la valeur de la critique aspects et syst\u00e9matique d&#039;enqu\u00eate propos\u00e9 par Allan Kardec.<\/p>\n\n\n\n<p class=\"has-black-color has-text-color has-link-color has-small-font-size wp-elements-62966eec50f197a4f2090d73126a5e6b\">Il est consid\u00e9r\u00e9 comme l&#039;un des plus grands d\u00e9fenseurs de l&#039;int\u00e9grit\u00e9 et de la puret\u00e9 de l&#039;encodage d&#039;Allan Kardec. Il \u00e9tait admir\u00e9 et respect\u00e9 par tous les intellectuels de l&#039;\u00e9poque, et ses livres continuent d&#039;\u00eatre vendus et consult\u00e9 pour les questions importantes de la Doctrine Spirite.<\/p>\n\n\n\n<p class=\"has-black-color has-text-color has-link-color has-small-font-size wp-elements-febb399249b484949603adb1fbf0883a\">En 1970, il a fond\u00e9 la &#034;Fondation Marie Virginie et J. Herculano Pires&#034; de publier leurs livres. Un certain nombre d&#039;\u00e9diteurs ont publi\u00e9 des traductions de ses livres.<\/p>\n\n\n\n<p class=\"has-black-color has-text-color has-link-color has-small-font-size wp-elements-2491b1cd41d1872fa89215bf10896f34\">En 1979 desencarn\u00f3 le 3 septembre, dans l&#039;\u00c9tat de s\u00e3o Paulo (Br\u00e9sil).<\/p>\n\n\n\n<p class=\"has-black-color has-text-color has-link-color has-small-font-size wp-elements-0fe8fb31abd50f77ec9373a32438a86b\">Sa pens\u00e9e:<\/p>\n\n\n\n<p class=\"has-black-color has-text-color has-link-color has-small-font-size wp-elements-8ba1af43a4e161c9e0e2301dca5c74e5\"><em>\u00catre fid\u00e8le \u00e0 la V\u00e9rit\u00e9, \u00e0 savoir le respect et \u00eatre humble devant elle sont les trois pierres d&#039;achoppement de l&#039;homme sur la Terre. Nous pouvons conna\u00eetre la V\u00e9rit\u00e9 et de la proclamer, essayez de le vivre, et de la communiquer aux autres, mais d&#039;avoir le courage de le maintenir en temps de crise, c&#039;est presque un privil\u00e8ge dans le monde de vanit\u00e9 et le mensonge terrenas. C&#039;est pourquoi les grands ma\u00eetres ont tendance \u00e0 toujours essayer de la coupe de fiel de l&#039;abandon, comme J\u00e9sus l&#039;a fait dans le Jardin, face \u00e0 l&#039;\u00e9veil de la trahison, ou le Calvaire, portant l&#039;abandon de la crucifixion.<\/em><\/p>\n<\/div><\/div>\n\n\n\n<div class=\"wp-block-uagb-container uagb-block-0d3a34f6 alignfull uagb-is-root-container\"><div class=\"uagb-container-inner-blocks-wrap\"><\/div><\/div>\n\n\n\n<div class=\"wp-block-uagb-container uagb-block-8b0e7a6e alignfull uagb-is-root-container\"><div class=\"uagb-container-inner-blocks-wrap\"><\/div><\/div>","protected":false},"excerpt":{"rendered":"<p>Jos\u00e9 Herculano Pires Conocido en Brasil como el hombre&nbsp;\u201cm\u00faltiple\u201d&nbsp;y&nbsp;\u201cEl Ap\u00f3stol de Kardec\u201d,&nbsp;se destac\u00f3 por su constante lucha en conservar fielmente el trabajo del codificador, siendo valiente frente a las grandes instituciones esp\u00edritas en defensa de la pureza del Espiritismo. Su inteligencia superior de cultura human\u00edstica brillo con gran magnitud. Fil\u00f3sofo, periodista, educador, escritor, cr\u00edtico literario, [&hellip;]<\/p>","protected":false},"author":1,"featured_media":0,"parent":0,"menu_order":0,"comment_status":"closed","ping_status":"closed","template":"","meta":{"_uag_custom_page_level_css":"","site-sidebar-layout":"default","site-content-layout":"","ast-site-content-layout":"default","site-content-style":"default","site-sidebar-style":"default","ast-global-header-display":"","ast-banner-title-visibility":"","ast-main-header-display":"","ast-hfb-above-header-display":"","ast-hfb-below-header-display":"","ast-hfb-mobile-header-display":"","site-post-title":"disabled","ast-breadcrumbs-content":"","ast-featured-img":"","footer-sml-layout":"","theme-transparent-header-meta":"","adv-header-id-meta":"","stick-header-meta":"","header-above-stick-meta":"","header-main-stick-meta":"","header-below-stick-meta":"","astra-migrate-meta-layouts":"set","ast-page-background-enabled":"default","ast-page-background-meta":{"desktop":{"background-color":"var(--ast-global-color-4)","background-image":"","background-repeat":"repeat","background-position":"center center","background-size":"auto","background-attachment":"scroll","background-type":"","background-media":"","overlay-type":"","overlay-color":"","overlay-opacity":"","overlay-gradient":""},"tablet":{"background-color":"","background-image":"","background-repeat":"repeat","background-position":"center center","background-size":"auto","background-attachment":"scroll","background-type":"","background-media":"","overlay-type":"","overlay-color":"","overlay-opacity":"","overlay-gradient":""},"mobile":{"background-color":"","background-image":"","background-repeat":"repeat","background-position":"center center","background-size":"auto","background-attachment":"scroll","background-type":"","background-media":"","overlay-type":"","overlay-color":"","overlay-opacity":"","overlay-gradient":""}},"ast-content-background-meta":{"desktop":{"background-color":"var(--ast-global-color-5)","background-image":"","background-repeat":"repeat","background-position":"center center","background-size":"auto","background-attachment":"scroll","background-type":"","background-media":"","overlay-type":"","overlay-color":"","overlay-opacity":"","overlay-gradient":""},"tablet":{"background-color":"var(--ast-global-color-5)","background-image":"","background-repeat":"repeat","background-position":"center center","background-size":"auto","background-attachment":"scroll","background-type":"","background-media":"","overlay-type":"","overlay-color":"","overlay-opacity":"","overlay-gradient":""},"mobile":{"background-color":"var(--ast-global-color-5)","background-image":"","background-repeat":"repeat","background-position":"center center","background-size":"auto","background-attachment":"scroll","background-type":"","background-media":"","overlay-type":"","overlay-color":"","overlay-opacity":"","overlay-gradient":""}},"footnotes":""},"class_list":["post-5852","page","type-page","status-publish","hentry"],"yoast_head":"<!-- This site is optimized with the Yoast SEO Premium plugin v24.2 (Yoast SEO v24.6) - https:\/\/yoast.com\/wordpress\/plugins\/seo\/ -->\n<title>Jos\u00e9 Herculano Pires - Uni\u00f3n Esp\u00edrita<\/title>\n<meta name=\"robots\" content=\"index, follow, max-snippet:-1, max-image-preview:large, max-video-preview:-1\" \/>\n<link rel=\"canonical\" href=\"https:\/\/nuevo-renacer.com\/fr\/jose-herculano-pires\/\" \/>\n<meta property=\"og:locale\" content=\"fr_FR\" \/>\n<meta property=\"og:type\" content=\"article\" \/>\n<meta property=\"og:title\" content=\"Jos\u00e9 Herculano Pires\" \/>\n<meta property=\"og:description\" content=\"Jos\u00e9 Herculano Pires Conocido en Brasil como el hombre&nbsp;\u201cm\u00faltiple\u201d&nbsp;y&nbsp;\u201cEl Ap\u00f3stol de Kardec\u201d,&nbsp;se destac\u00f3 por su constante lucha en conservar fielmente el trabajo del codificador, siendo valiente frente a las grandes instituciones esp\u00edritas en defensa de la pureza del Espiritismo. Su inteligencia superior de cultura human\u00edstica brillo con gran magnitud. Fil\u00f3sofo, periodista, educador, escritor, cr\u00edtico literario, [&hellip;]\" \/>\n<meta property=\"og:url\" content=\"https:\/\/nuevo-renacer.com\/fr\/jose-herculano-pires\/\" \/>\n<meta property=\"og:site_name\" content=\"Uni\u00f3n Esp\u00edrita\" \/>\n<meta property=\"article:publisher\" content=\"https:\/\/www.facebook.com\/groups\/3431398063740829\" \/>\n<meta property=\"article:modified_time\" content=\"2024-10-29T09:48:54+00:00\" \/>\n<meta property=\"og:image\" content=\"https:\/\/nuevo-renacer.com\/wp-content\/uploads\/2024\/10\/biografiaherculano.jpg\" \/>\n\t<meta property=\"og:image:width\" content=\"300\" \/>\n\t<meta property=\"og:image:height\" content=\"225\" \/>\n\t<meta property=\"og:image:type\" content=\"image\/jpeg\" \/>\n<meta name=\"twitter:card\" content=\"summary_large_image\" \/>\n<meta name=\"twitter:label1\" content=\"Dur\u00e9e de lecture estim\u00e9e\" \/>\n\t<meta name=\"twitter:data1\" content=\"5 minutes\" \/>\n<script type=\"application\/ld+json\" class=\"yoast-schema-graph\">{\"@context\":\"https:\/\/schema.org\",\"@graph\":[{\"@type\":\"WebPage\",\"@id\":\"https:\/\/nuevo-renacer.com\/jose-herculano-pires\/\",\"url\":\"https:\/\/nuevo-renacer.com\/jose-herculano-pires\/\",\"name\":\"Jos\u00e9 Herculano Pires - Uni\u00f3n Esp\u00edrita\",\"isPartOf\":{\"@id\":\"https:\/\/nuevo-renacer.com\/#website\"},\"primaryImageOfPage\":{\"@id\":\"https:\/\/nuevo-renacer.com\/jose-herculano-pires\/#primaryimage\"},\"image\":{\"@id\":\"https:\/\/nuevo-renacer.com\/jose-herculano-pires\/#primaryimage\"},\"thumbnailUrl\":\"https:\/\/nuevo-renacer.com\/wp-content\/uploads\/2024\/10\/biografiaherculano.jpg\",\"datePublished\":\"2024-10-29T09:41:34+00:00\",\"dateModified\":\"2024-10-29T09:48:54+00:00\",\"breadcrumb\":{\"@id\":\"https:\/\/nuevo-renacer.com\/jose-herculano-pires\/#breadcrumb\"},\"inLanguage\":\"fr-FR\",\"potentialAction\":[{\"@type\":\"ReadAction\",\"target\":[\"https:\/\/nuevo-renacer.com\/jose-herculano-pires\/\"]}]},{\"@type\":\"ImageObject\",\"inLanguage\":\"fr-FR\",\"@id\":\"https:\/\/nuevo-renacer.com\/jose-herculano-pires\/#primaryimage\",\"url\":\"https:\/\/nuevo-renacer.com\/wp-content\/uploads\/2024\/10\/biografiaherculano.jpg\",\"contentUrl\":\"https:\/\/nuevo-renacer.com\/wp-content\/uploads\/2024\/10\/biografiaherculano.jpg\"},{\"@type\":\"BreadcrumbList\",\"@id\":\"https:\/\/nuevo-renacer.com\/jose-herculano-pires\/#breadcrumb\",\"itemListElement\":[{\"@type\":\"ListItem\",\"position\":1,\"name\":\"Startseite\",\"item\":\"https:\/\/nuevo-renacer.com\/\"},{\"@type\":\"ListItem\",\"position\":2,\"name\":\"Jos\u00e9 Herculano Pires\"}]},{\"@type\":\"WebSite\",\"@id\":\"https:\/\/nuevo-renacer.com\/#website\",\"url\":\"https:\/\/nuevo-renacer.com\/\",\"name\":\"Uni\u00f3n Esp\u00edrita\",\"description\":\"Nuevo Renacer\",\"publisher\":{\"@id\":\"https:\/\/nuevo-renacer.com\/#organization\"},\"potentialAction\":[{\"@type\":\"SearchAction\",\"target\":{\"@type\":\"EntryPoint\",\"urlTemplate\":\"https:\/\/nuevo-renacer.com\/?s={search_term_string}\"},\"query-input\":{\"@type\":\"PropertyValueSpecification\",\"valueRequired\":true,\"valueName\":\"search_term_string\"}}],\"inLanguage\":\"fr-FR\"},{\"@type\":\"Organization\",\"@id\":\"https:\/\/nuevo-renacer.com\/#organization\",\"name\":\"UFEC\",\"url\":\"https:\/\/nuevo-renacer.com\/\",\"logo\":{\"@type\":\"ImageObject\",\"inLanguage\":\"fr-FR\",\"@id\":\"https:\/\/nuevo-renacer.com\/#\/schema\/logo\/image\/\",\"url\":\"https:\/\/nuevo-renacer.com\/wp-content\/uploads\/2024\/05\/cropped-LOGO-TERMINADO1-3-3.png\",\"contentUrl\":\"https:\/\/nuevo-renacer.com\/wp-content\/uploads\/2024\/05\/cropped-LOGO-TERMINADO1-3-3.png\",\"width\":512,\"height\":512,\"caption\":\"UFEC\"},\"image\":{\"@id\":\"https:\/\/nuevo-renacer.com\/#\/schema\/logo\/image\/\"},\"sameAs\":[\"https:\/\/www.facebook.com\/groups\/3431398063740829\"]}]}<\/script>\n<!-- \/ Yoast SEO Premium plugin. -->","yoast_head_json":{"title":"Jos\u00e9 Herculano Pires - Uni\u00f3n Esp\u00edrita","robots":{"index":"index","follow":"follow","max-snippet":"max-snippet:-1","max-image-preview":"max-image-preview:large","max-video-preview":"max-video-preview:-1"},"canonical":"https:\/\/nuevo-renacer.com\/fr\/jose-herculano-pires\/","og_locale":"fr_FR","og_type":"article","og_title":"Jos\u00e9 Herculano Pires","og_description":"Jos\u00e9 Herculano Pires Conocido en Brasil como el hombre&nbsp;\u201cm\u00faltiple\u201d&nbsp;y&nbsp;\u201cEl Ap\u00f3stol de Kardec\u201d,&nbsp;se destac\u00f3 por su constante lucha en conservar fielmente el trabajo del codificador, siendo valiente frente a las grandes instituciones esp\u00edritas en defensa de la pureza del Espiritismo. Su inteligencia superior de cultura human\u00edstica brillo con gran magnitud. Fil\u00f3sofo, periodista, educador, escritor, cr\u00edtico literario, [&hellip;]","og_url":"https:\/\/nuevo-renacer.com\/fr\/jose-herculano-pires\/","og_site_name":"Uni\u00f3n Esp\u00edrita","article_publisher":"https:\/\/www.facebook.com\/groups\/3431398063740829","article_modified_time":"2024-10-29T09:48:54+00:00","og_image":[{"width":300,"height":225,"url":"https:\/\/nuevo-renacer.com\/wp-content\/uploads\/2024\/10\/biografiaherculano.jpg","type":"image\/jpeg"}],"twitter_card":"summary_large_image","twitter_misc":{"Dur\u00e9e de lecture estim\u00e9e":"5 minutes"},"schema":{"@context":"https:\/\/schema.org","@graph":[{"@type":"WebPage","@id":"https:\/\/nuevo-renacer.com\/jose-herculano-pires\/","url":"https:\/\/nuevo-renacer.com\/jose-herculano-pires\/","name":"Jos\u00e9 Herculano Pires - Uni\u00f3n Esp\u00edrita","isPartOf":{"@id":"https:\/\/nuevo-renacer.com\/#website"},"primaryImageOfPage":{"@id":"https:\/\/nuevo-renacer.com\/jose-herculano-pires\/#primaryimage"},"image":{"@id":"https:\/\/nuevo-renacer.com\/jose-herculano-pires\/#primaryimage"},"thumbnailUrl":"https:\/\/nuevo-renacer.com\/wp-content\/uploads\/2024\/10\/biografiaherculano.jpg","datePublished":"2024-10-29T09:41:34+00:00","dateModified":"2024-10-29T09:48:54+00:00","breadcrumb":{"@id":"https:\/\/nuevo-renacer.com\/jose-herculano-pires\/#breadcrumb"},"inLanguage":"fr-FR","potentialAction":[{"@type":"ReadAction","target":["https:\/\/nuevo-renacer.com\/jose-herculano-pires\/"]}]},{"@type":"ImageObject","inLanguage":"fr-FR","@id":"https:\/\/nuevo-renacer.com\/jose-herculano-pires\/#primaryimage","url":"https:\/\/nuevo-renacer.com\/wp-content\/uploads\/2024\/10\/biografiaherculano.jpg","contentUrl":"https:\/\/nuevo-renacer.com\/wp-content\/uploads\/2024\/10\/biografiaherculano.jpg"},{"@type":"BreadcrumbList","@id":"https:\/\/nuevo-renacer.com\/jose-herculano-pires\/#breadcrumb","itemListElement":[{"@type":"ListItem","position":1,"name":"Startseite","item":"https:\/\/nuevo-renacer.com\/"},{"@type":"ListItem","position":2,"name":"Jos\u00e9 Herculano Pires"}]},{"@type":"WebSite","@id":"https:\/\/nuevo-renacer.com\/#website","url":"https:\/\/nuevo-renacer.com\/","name":"Uni\u00f3n Esp\u00edrita","description":"Nuevo Renacer","publisher":{"@id":"https:\/\/nuevo-renacer.com\/#organization"},"potentialAction":[{"@type":"SearchAction","target":{"@type":"EntryPoint","urlTemplate":"https:\/\/nuevo-renacer.com\/?s={search_term_string}"},"query-input":{"@type":"PropertyValueSpecification","valueRequired":true,"valueName":"search_term_string"}}],"inLanguage":"fr-FR"},{"@type":"Organization","@id":"https:\/\/nuevo-renacer.com\/#organization","name":"UFEC","url":"https:\/\/nuevo-renacer.com\/","logo":{"@type":"ImageObject","inLanguage":"fr-FR","@id":"https:\/\/nuevo-renacer.com\/#\/schema\/logo\/image\/","url":"https:\/\/nuevo-renacer.com\/wp-content\/uploads\/2024\/05\/cropped-LOGO-TERMINADO1-3-3.png","contentUrl":"https:\/\/nuevo-renacer.com\/wp-content\/uploads\/2024\/05\/cropped-LOGO-TERMINADO1-3-3.png","width":512,"height":512,"caption":"UFEC"},"image":{"@id":"https:\/\/nuevo-renacer.com\/#\/schema\/logo\/image\/"},"sameAs":["https:\/\/www.facebook.com\/groups\/3431398063740829"]}]}},"uagb_featured_image_src":{"full":false,"thumbnail":false,"medium":false,"medium_large":false,"large":false,"1536x1536":false,"2048x2048":false,"trp-custom-language-flag":false},"uagb_author_info":{"display_name":"adbv0","author_link":"https:\/\/nuevo-renacer.com\/fr\/author\/adbv0\/"},"uagb_comment_info":0,"uagb_excerpt":"Jos\u00e9 Herculano Pires Conocido en Brasil como el hombre&nbsp;\u201cm\u00faltiple\u201d&nbsp;y&nbsp;\u201cEl Ap\u00f3stol de Kardec\u201d,&nbsp;se destac\u00f3 por su constante lucha en conservar fielmente el trabajo del codificador, siendo valiente frente a las grandes instituciones esp\u00edritas en defensa de la pureza del Espiritismo. Su inteligencia superior de cultura human\u00edstica brillo con gran magnitud. Fil\u00f3sofo, periodista, educador, escritor, cr\u00edtico literario,\u2026","jetpack_sharing_enabled":true,"_links":{"self":[{"href":"https:\/\/nuevo-renacer.com\/fr\/wp-json\/wp\/v2\/pages\/5852","targetHints":{"allow":["GET"]}}],"collection":[{"href":"https:\/\/nuevo-renacer.com\/fr\/wp-json\/wp\/v2\/pages"}],"about":[{"href":"https:\/\/nuevo-renacer.com\/fr\/wp-json\/wp\/v2\/types\/page"}],"author":[{"embeddable":true,"href":"https:\/\/nuevo-renacer.com\/fr\/wp-json\/wp\/v2\/users\/1"}],"replies":[{"embeddable":true,"href":"https:\/\/nuevo-renacer.com\/fr\/wp-json\/wp\/v2\/comments?post=5852"}],"version-history":[{"count":3,"href":"https:\/\/nuevo-renacer.com\/fr\/wp-json\/wp\/v2\/pages\/5852\/revisions"}],"predecessor-version":[{"id":5857,"href":"https:\/\/nuevo-renacer.com\/fr\/wp-json\/wp\/v2\/pages\/5852\/revisions\/5857"}],"wp:attachment":[{"href":"https:\/\/nuevo-renacer.com\/fr\/wp-json\/wp\/v2\/media?parent=5852"}],"curies":[{"name":"wp","href":"https:\/\/api.w.org\/{rel}","templated":true}]}}