{"id":5688,"date":"2024-10-18T12:25:54","date_gmt":"2024-10-18T12:25:54","guid":{"rendered":"https:\/\/nuevo-renacer.com\/?page_id=5688"},"modified":"2024-10-18T12:25:54","modified_gmt":"2024-10-18T12:25:54","slug":"historia-del-espiritismo-en-paraguay","status":"publish","type":"page","link":"https:\/\/nuevo-renacer.com\/fr\/historia-del-espiritismo-en-paraguay\/","title":{"rendered":"Histoire du spiritisme au Paraguay"},"content":{"rendered":"<div class=\"wp-block-uagb-container uagb-block-cf08967c alignfull uagb-is-root-container\"><div class=\"uagb-container-inner-blocks-wrap\">\n<p class=\"has-black-color has-text-color has-link-color has-medium-font-size wp-elements-3f9889afbb3682dffb82ea6d24bea6c0\"><strong>Histoire du spiritisme au Paraguay<\/strong><\/p>\n<\/div><\/div>\n\n\n\n<div class=\"wp-block-uagb-container uagb-block-823726d7 alignfull uagb-is-root-container\"><div class=\"uagb-container-inner-blocks-wrap\"><\/div><\/div>\n\n\n\n<div class=\"wp-block-uagb-container uagb-block-27d0f6aa alignfull uagb-is-root-container\"><div class=\"uagb-container-inner-blocks-wrap\">\n<figure class=\"wp-block-image size-full is-resized has-custom-border\"><img fetchpriority=\"high\" decoding=\"async\" width=\"700\" height=\"463\" src=\"https:\/\/nuevo-renacer.com\/wp-content\/uploads\/2024\/10\/15463-l.jpg\" alt=\"\" class=\"wp-image-5689\" style=\"border-width:1px;width:84px\" srcset=\"https:\/\/nuevo-renacer.com\/wp-content\/uploads\/2024\/10\/15463-l.jpg 700w, https:\/\/nuevo-renacer.com\/wp-content\/uploads\/2024\/10\/15463-l-300x198.jpg 300w, https:\/\/nuevo-renacer.com\/wp-content\/uploads\/2024\/10\/15463-l-18x12.jpg 18w\" sizes=\"(max-width: 700px) 100vw, 700px\" \/><\/figure>\n<\/div><\/div>\n\n\n\n<div class=\"wp-block-uagb-container uagb-block-a5d961d1 alignfull uagb-is-root-container\"><div class=\"uagb-container-inner-blocks-wrap\"><\/div><\/div>\n\n\n\n<div class=\"wp-block-uagb-container uagb-block-3e202bec alignfull uagb-is-root-container\"><div class=\"uagb-container-inner-blocks-wrap\">\n<p class=\"has-black-color has-text-color has-link-color has-small-font-size wp-elements-fe1fea3c8095275ac22cf823a3f6e925\">Le spiritisme dans le Paraguay a son histoire remonte \u00e0 l&#039;ann\u00e9e 1900 environ, selon les documents que nous poss\u00e9dons, avec la pr\u00e9sence de M. Ovidio Rebaudi dans la r\u00e9gion du R\u00edo de la Plata. Il fr\u00e9quente les r\u00e9unions dans des soci\u00e9t\u00e9s spirite de la Pers\u00e9v\u00e9rance, de la Fraternit\u00e9, et la Conf\u00e9d\u00e9ration Spiritualiste de l&#039;Argentine, tous de Buenos Aires. Mais, il a toujours d\u00e9clar\u00e9, en vertu de l&#039;actuel de Spiritualisme Moderne. D\u00e9j\u00e0 au Paraguay, il fr\u00e9quente la Soci\u00e9t\u00e9 des \u00c9tudes Magnetol\u00f3gico et plus tard est all\u00e9 \u00e0 courir le Magazine Magnetol\u00f3gica.<\/p>\n\n\n\n<div class=\"wp-block-uagb-container uagb-block-18d5f301\">\n<figure class=\"wp-block-image size-full is-resized\"><img decoding=\"async\" width=\"337\" height=\"489\" src=\"https:\/\/nuevo-renacer.com\/wp-content\/uploads\/2024\/10\/Screenshot-191.png\" alt=\"\" class=\"wp-image-5690\" style=\"width:255px;height:auto\" srcset=\"https:\/\/nuevo-renacer.com\/wp-content\/uploads\/2024\/10\/Screenshot-191.png 337w, https:\/\/nuevo-renacer.com\/wp-content\/uploads\/2024\/10\/Screenshot-191-207x300.png 207w, https:\/\/nuevo-renacer.com\/wp-content\/uploads\/2024\/10\/Screenshot-191-8x12.png 8w\" sizes=\"(max-width: 337px) 100vw, 337px\" \/><figcaption class=\"wp-element-caption\">M. Ovidio Rebaudi<\/figcaption><\/figure>\n<\/div>\n\n\n\n<p class=\"has-black-color has-text-color has-link-color has-small-font-size wp-elements-03ad882c54ec3b85e6a7e9ece14c75e8\">Plus tard, sur la m\u00eame sc\u00e8ne \u00e0 Buenos Aires, a \u00e9t\u00e9 fond\u00e9e en l&#039;ann\u00e9e 1917, l&#039;\u00c9cole Spiritualiste Scientifique Basilic qui a comme base de ses enseignements, la communication spirituelle. L\u00e0, il a \u00e9galement \u00e9tudi\u00e9 les ouvrages d&#039;Allan Kardec, entre autres. Cette \u00e9cole a \u00e9t\u00e9 fond\u00e9e au Paraguay, sa filiale de l&#039;ann\u00e9e 1952, o\u00f9 il a assist\u00e9 \u00e0 l&#039;\u00c9ternel Itsmio Veneroso et d&#039;autres amis, qui quand ils ont eu l&#039;occasion d&#039;en savoir plus sur Le livre des Esprits, et l&#039;\u00c9vangile selon Le Spiritisme, ils ont compris que l&#039;enseignement re\u00e7u en que l&#039;\u00c9cole n&#039;est pas d&#039;accord avec les propositions d&#039;Allan Kardec. A alors d\u00e9cid\u00e9 de prendre sa retraite \u00e0 \u00e9tablir le Centre Spirite Paraguayen 7 septembre 1962. \u00c0 partir de l\u00e0, il a fond\u00e9 les autres centres esp\u00edritas.<\/p>\n\n\n\n<div class=\"wp-block-uagb-container uagb-block-ba53cd6a\">\n<figure class=\"wp-block-image size-full is-resized\"><img decoding=\"async\" width=\"418\" height=\"603\" src=\"https:\/\/nuevo-renacer.com\/wp-content\/uploads\/2024\/10\/unnamed-1.jpg\" alt=\"\" class=\"wp-image-5691\" style=\"width:255px\" srcset=\"https:\/\/nuevo-renacer.com\/wp-content\/uploads\/2024\/10\/unnamed-1.jpg 418w, https:\/\/nuevo-renacer.com\/wp-content\/uploads\/2024\/10\/unnamed-1-208x300.jpg 208w, https:\/\/nuevo-renacer.com\/wp-content\/uploads\/2024\/10\/unnamed-1-8x12.jpg 8w\" sizes=\"(max-width: 418px) 100vw, 418px\" \/><figcaption class=\"wp-element-caption\">Itsmio Veneroso <\/figcaption><\/figure>\n<\/div>\n\n\n\n<p class=\"has-black-color has-text-color has-link-color has-small-font-size wp-elements-b9cfadfff536810a92b5974db1d20815\">Et \u00e0 partir de l&#039;ann\u00e9e 1992, il a d\u00e9j\u00e0 commenc\u00e9 \u00e0 ressentir l&#039;influence spirituelle du Br\u00e9sil, la Patrie de l&#039;\u00e9vangile au C\u0153ur du Monde, lorsque Joao Ravelo et sa famille r\u00e9sident dans le Paraguay, donnant lieu \u00e0 l&#039;\u00c9tude de la Syst\u00e9matique de la Doctrine Spirite sur la base du manuel de la FEB (F\u00e9d\u00e9ration Espirita Br\u00e9silien), dans le Centre de la Philosophie Spirite Paraguay. Il vaut la peine de souligner le travail acharn\u00e9 de l&#039;\u00e9poux Ramon Insfr\u00e1n et la Gloire \u00c1valos pour installer l&#039;\u00e9tude syst\u00e9matis\u00e9e dans les diff\u00e9rents centres.<\/p>\n\n\n\n<p class=\"has-black-color has-text-color has-link-color has-small-font-size wp-elements-d6b581ffc5fdf1d888cbf4944660851a\">Divaldo Franco est venu au Paraguay dans l&#039;ann\u00e9e 1993, et, en 1996, pour la troisi\u00e8me fois, depuis la premi\u00e8re fois, c&#039;\u00e9tait en l&#039;ann\u00e9e 1968. Raul Teixeira est \u00e9galement venu au Paraguay, en l&#039;ann\u00e9e 1994. Dans l&#039;ann\u00e9e 2004 a commenc\u00e9, avec Carlos Campetti, l&#039;\u00c9tude de la Syst\u00e9matique, la M\u00e9diumnit\u00e9 et la formation d&#039;autres groupes d&#039;emplois medi\u00famnicos. Dans l&#039;ann\u00e9e 2006, a eu lieu dans le pays \u00e0 la r\u00e9union g\u00e9n\u00e9rale de la CEI (Conseil Spirite International). Le minist\u00e8re de l&#039;aide sociale et la promotion est effectu\u00e9e dans tous les centres. Il dispose \u00e9galement d&#039;une implication active des enfants et des jeunes.<\/p>\n\n\n\n<p class=\"has-black-color has-text-color has-link-color has-small-font-size wp-elements-8ac8aa67c225812192fe5f25299dd0f9\">Aujourd&#039;hui, le Spiritisme au Paraguay, nous pouvons dire que, pour faire avancer d&#039;un pas ferme, gr\u00e2ce au travail d\u00e9sint\u00e9ress\u00e9 coll\u00e8gues au courant de ce moment que nous vivons et, surtout, pour l&#039;amour de J\u00e9sus pour nous tous.<\/p>\n<\/div><\/div>","protected":false},"excerpt":{"rendered":"<p>Historia del espiritismo en Paraguay El espiritismo en Paraguay tiene sus antecedentes hacia el a\u00f1o 1900 aproximadamente, seg\u00fan las documentaciones que poseemos, con la presencia del Dr. Ovidio Rebaudi en la regi\u00f3n del R\u00edo de la Plata. \u00c9l frecuentaba las reuniones en las sociedades espiritas Constancia, Fraternidad&nbsp; y la Confederaci\u00f3n&nbsp; Espiritista Argentina, todas ellas en [&hellip;]<\/p>","protected":false},"author":1,"featured_media":0,"parent":0,"menu_order":0,"comment_status":"closed","ping_status":"closed","template":"","meta":{"_uag_custom_page_level_css":"","site-sidebar-layout":"default","site-content-layout":"","ast-site-content-layout":"default","site-content-style":"default","site-sidebar-style":"default","ast-global-header-display":"","ast-banner-title-visibility":"","ast-main-header-display":"","ast-hfb-above-header-display":"","ast-hfb-below-header-display":"","ast-hfb-mobile-header-display":"","site-post-title":"disabled","ast-breadcrumbs-content":"","ast-featured-img":"","footer-sml-layout":"","theme-transparent-header-meta":"","adv-header-id-meta":"","stick-header-meta":"","header-above-stick-meta":"","header-main-stick-meta":"","header-below-stick-meta":"","astra-migrate-meta-layouts":"set","ast-page-background-enabled":"default","ast-page-background-meta":{"desktop":{"background-color":"var(--ast-global-color-4)","background-image":"","background-repeat":"repeat","background-position":"center center","background-size":"auto","background-attachment":"scroll","background-type":"","background-media":"","overlay-type":"","overlay-color":"","overlay-opacity":"","overlay-gradient":""},"tablet":{"background-color":"","background-image":"","background-repeat":"repeat","background-position":"center center","background-size":"auto","background-attachment":"scroll","background-type":"","background-media":"","overlay-type":"","overlay-color":"","overlay-opacity":"","overlay-gradient":""},"mobile":{"background-color":"","background-image":"","background-repeat":"repeat","background-position":"center center","background-size":"auto","background-attachment":"scroll","background-type":"","background-media":"","overlay-type":"","overlay-color":"","overlay-opacity":"","overlay-gradient":""}},"ast-content-background-meta":{"desktop":{"background-color":"var(--ast-global-color-5)","background-image":"","background-repeat":"repeat","background-position":"center center","background-size":"auto","background-attachment":"scroll","background-type":"","background-media":"","overlay-type":"","overlay-color":"","overlay-opacity":"","overlay-gradient":""},"tablet":{"background-color":"var(--ast-global-color-5)","background-image":"","background-repeat":"repeat","background-position":"center center","background-size":"auto","background-attachment":"scroll","background-type":"","background-media":"","overlay-type":"","overlay-color":"","overlay-opacity":"","overlay-gradient":""},"mobile":{"background-color":"var(--ast-global-color-5)","background-image":"","background-repeat":"repeat","background-position":"center center","background-size":"auto","background-attachment":"scroll","background-type":"","background-media":"","overlay-type":"","overlay-color":"","overlay-opacity":"","overlay-gradient":""}},"footnotes":""},"class_list":["post-5688","page","type-page","status-publish","hentry"],"yoast_head":"<!-- This site is optimized with the Yoast SEO Premium plugin v24.2 (Yoast SEO v24.6) - https:\/\/yoast.com\/wordpress\/plugins\/seo\/ -->\n<title>Historia del espiritismo en Paraguay - Uni\u00f3n Esp\u00edrita<\/title>\n<meta name=\"robots\" content=\"index, follow, max-snippet:-1, max-image-preview:large, max-video-preview:-1\" \/>\n<link rel=\"canonical\" href=\"https:\/\/nuevo-renacer.com\/fr\/historia-del-espiritismo-en-paraguay\/\" \/>\n<meta property=\"og:locale\" content=\"fr_FR\" \/>\n<meta property=\"og:type\" content=\"article\" \/>\n<meta property=\"og:title\" content=\"Historia del espiritismo en Paraguay\" \/>\n<meta property=\"og:description\" content=\"Historia del espiritismo en Paraguay El espiritismo en Paraguay tiene sus antecedentes hacia el a\u00f1o 1900 aproximadamente, seg\u00fan las documentaciones que poseemos, con la presencia del Dr. Ovidio Rebaudi en la regi\u00f3n del R\u00edo de la Plata. \u00c9l frecuentaba las reuniones en las sociedades espiritas Constancia, Fraternidad&nbsp; y la Confederaci\u00f3n&nbsp; Espiritista Argentina, todas ellas en [&hellip;]\" \/>\n<meta property=\"og:url\" content=\"https:\/\/nuevo-renacer.com\/fr\/historia-del-espiritismo-en-paraguay\/\" \/>\n<meta property=\"og:site_name\" content=\"Uni\u00f3n Esp\u00edrita\" \/>\n<meta property=\"article:publisher\" content=\"https:\/\/www.facebook.com\/groups\/3431398063740829\" \/>\n<meta property=\"og:image\" content=\"https:\/\/nuevo-renacer.com\/wp-content\/uploads\/2024\/10\/15463-l.jpg\" \/>\n\t<meta property=\"og:image:width\" content=\"700\" \/>\n\t<meta property=\"og:image:height\" content=\"463\" \/>\n\t<meta property=\"og:image:type\" content=\"image\/jpeg\" \/>\n<meta name=\"twitter:card\" content=\"summary_large_image\" \/>\n<meta name=\"twitter:label1\" content=\"Dur\u00e9e de lecture estim\u00e9e\" \/>\n\t<meta name=\"twitter:data1\" content=\"2 minutes\" \/>\n<script type=\"application\/ld+json\" class=\"yoast-schema-graph\">{\"@context\":\"https:\/\/schema.org\",\"@graph\":[{\"@type\":\"WebPage\",\"@id\":\"https:\/\/nuevo-renacer.com\/historia-del-espiritismo-en-paraguay\/\",\"url\":\"https:\/\/nuevo-renacer.com\/historia-del-espiritismo-en-paraguay\/\",\"name\":\"Historia del espiritismo en Paraguay - Uni\u00f3n Esp\u00edrita\",\"isPartOf\":{\"@id\":\"https:\/\/nuevo-renacer.com\/#website\"},\"primaryImageOfPage\":{\"@id\":\"https:\/\/nuevo-renacer.com\/historia-del-espiritismo-en-paraguay\/#primaryimage\"},\"image\":{\"@id\":\"https:\/\/nuevo-renacer.com\/historia-del-espiritismo-en-paraguay\/#primaryimage\"},\"thumbnailUrl\":\"https:\/\/nuevo-renacer.com\/wp-content\/uploads\/2024\/10\/15463-l.jpg\",\"datePublished\":\"2024-10-18T12:25:54+00:00\",\"breadcrumb\":{\"@id\":\"https:\/\/nuevo-renacer.com\/historia-del-espiritismo-en-paraguay\/#breadcrumb\"},\"inLanguage\":\"fr-FR\",\"potentialAction\":[{\"@type\":\"ReadAction\",\"target\":[\"https:\/\/nuevo-renacer.com\/historia-del-espiritismo-en-paraguay\/\"]}]},{\"@type\":\"ImageObject\",\"inLanguage\":\"fr-FR\",\"@id\":\"https:\/\/nuevo-renacer.com\/historia-del-espiritismo-en-paraguay\/#primaryimage\",\"url\":\"https:\/\/nuevo-renacer.com\/wp-content\/uploads\/2024\/10\/15463-l.jpg\",\"contentUrl\":\"https:\/\/nuevo-renacer.com\/wp-content\/uploads\/2024\/10\/15463-l.jpg\"},{\"@type\":\"BreadcrumbList\",\"@id\":\"https:\/\/nuevo-renacer.com\/historia-del-espiritismo-en-paraguay\/#breadcrumb\",\"itemListElement\":[{\"@type\":\"ListItem\",\"position\":1,\"name\":\"Startseite\",\"item\":\"https:\/\/nuevo-renacer.com\/\"},{\"@type\":\"ListItem\",\"position\":2,\"name\":\"Historia del espiritismo en Paraguay\"}]},{\"@type\":\"WebSite\",\"@id\":\"https:\/\/nuevo-renacer.com\/#website\",\"url\":\"https:\/\/nuevo-renacer.com\/\",\"name\":\"Uni\u00f3n Esp\u00edrita\",\"description\":\"Nuevo Renacer\",\"publisher\":{\"@id\":\"https:\/\/nuevo-renacer.com\/#organization\"},\"potentialAction\":[{\"@type\":\"SearchAction\",\"target\":{\"@type\":\"EntryPoint\",\"urlTemplate\":\"https:\/\/nuevo-renacer.com\/?s={search_term_string}\"},\"query-input\":{\"@type\":\"PropertyValueSpecification\",\"valueRequired\":true,\"valueName\":\"search_term_string\"}}],\"inLanguage\":\"fr-FR\"},{\"@type\":\"Organization\",\"@id\":\"https:\/\/nuevo-renacer.com\/#organization\",\"name\":\"UFEC\",\"url\":\"https:\/\/nuevo-renacer.com\/\",\"logo\":{\"@type\":\"ImageObject\",\"inLanguage\":\"fr-FR\",\"@id\":\"https:\/\/nuevo-renacer.com\/#\/schema\/logo\/image\/\",\"url\":\"https:\/\/nuevo-renacer.com\/wp-content\/uploads\/2024\/05\/cropped-LOGO-TERMINADO1-3-3.png\",\"contentUrl\":\"https:\/\/nuevo-renacer.com\/wp-content\/uploads\/2024\/05\/cropped-LOGO-TERMINADO1-3-3.png\",\"width\":512,\"height\":512,\"caption\":\"UFEC\"},\"image\":{\"@id\":\"https:\/\/nuevo-renacer.com\/#\/schema\/logo\/image\/\"},\"sameAs\":[\"https:\/\/www.facebook.com\/groups\/3431398063740829\"]}]}<\/script>\n<!-- \/ Yoast SEO Premium plugin. -->","yoast_head_json":{"title":"Historia del espiritismo en Paraguay - Uni\u00f3n Esp\u00edrita","robots":{"index":"index","follow":"follow","max-snippet":"max-snippet:-1","max-image-preview":"max-image-preview:large","max-video-preview":"max-video-preview:-1"},"canonical":"https:\/\/nuevo-renacer.com\/fr\/historia-del-espiritismo-en-paraguay\/","og_locale":"fr_FR","og_type":"article","og_title":"Historia del espiritismo en Paraguay","og_description":"Historia del espiritismo en Paraguay El espiritismo en Paraguay tiene sus antecedentes hacia el a\u00f1o 1900 aproximadamente, seg\u00fan las documentaciones que poseemos, con la presencia del Dr. Ovidio Rebaudi en la regi\u00f3n del R\u00edo de la Plata. \u00c9l frecuentaba las reuniones en las sociedades espiritas Constancia, Fraternidad&nbsp; y la Confederaci\u00f3n&nbsp; Espiritista Argentina, todas ellas en [&hellip;]","og_url":"https:\/\/nuevo-renacer.com\/fr\/historia-del-espiritismo-en-paraguay\/","og_site_name":"Uni\u00f3n Esp\u00edrita","article_publisher":"https:\/\/www.facebook.com\/groups\/3431398063740829","og_image":[{"width":700,"height":463,"url":"https:\/\/nuevo-renacer.com\/wp-content\/uploads\/2024\/10\/15463-l.jpg","type":"image\/jpeg"}],"twitter_card":"summary_large_image","twitter_misc":{"Dur\u00e9e de lecture estim\u00e9e":"2 minutes"},"schema":{"@context":"https:\/\/schema.org","@graph":[{"@type":"WebPage","@id":"https:\/\/nuevo-renacer.com\/historia-del-espiritismo-en-paraguay\/","url":"https:\/\/nuevo-renacer.com\/historia-del-espiritismo-en-paraguay\/","name":"Historia del espiritismo en Paraguay - Uni\u00f3n Esp\u00edrita","isPartOf":{"@id":"https:\/\/nuevo-renacer.com\/#website"},"primaryImageOfPage":{"@id":"https:\/\/nuevo-renacer.com\/historia-del-espiritismo-en-paraguay\/#primaryimage"},"image":{"@id":"https:\/\/nuevo-renacer.com\/historia-del-espiritismo-en-paraguay\/#primaryimage"},"thumbnailUrl":"https:\/\/nuevo-renacer.com\/wp-content\/uploads\/2024\/10\/15463-l.jpg","datePublished":"2024-10-18T12:25:54+00:00","breadcrumb":{"@id":"https:\/\/nuevo-renacer.com\/historia-del-espiritismo-en-paraguay\/#breadcrumb"},"inLanguage":"fr-FR","potentialAction":[{"@type":"ReadAction","target":["https:\/\/nuevo-renacer.com\/historia-del-espiritismo-en-paraguay\/"]}]},{"@type":"ImageObject","inLanguage":"fr-FR","@id":"https:\/\/nuevo-renacer.com\/historia-del-espiritismo-en-paraguay\/#primaryimage","url":"https:\/\/nuevo-renacer.com\/wp-content\/uploads\/2024\/10\/15463-l.jpg","contentUrl":"https:\/\/nuevo-renacer.com\/wp-content\/uploads\/2024\/10\/15463-l.jpg"},{"@type":"BreadcrumbList","@id":"https:\/\/nuevo-renacer.com\/historia-del-espiritismo-en-paraguay\/#breadcrumb","itemListElement":[{"@type":"ListItem","position":1,"name":"Startseite","item":"https:\/\/nuevo-renacer.com\/"},{"@type":"ListItem","position":2,"name":"Historia del espiritismo en Paraguay"}]},{"@type":"WebSite","@id":"https:\/\/nuevo-renacer.com\/#website","url":"https:\/\/nuevo-renacer.com\/","name":"Uni\u00f3n Esp\u00edrita","description":"Nuevo Renacer","publisher":{"@id":"https:\/\/nuevo-renacer.com\/#organization"},"potentialAction":[{"@type":"SearchAction","target":{"@type":"EntryPoint","urlTemplate":"https:\/\/nuevo-renacer.com\/?s={search_term_string}"},"query-input":{"@type":"PropertyValueSpecification","valueRequired":true,"valueName":"search_term_string"}}],"inLanguage":"fr-FR"},{"@type":"Organization","@id":"https:\/\/nuevo-renacer.com\/#organization","name":"UFEC","url":"https:\/\/nuevo-renacer.com\/","logo":{"@type":"ImageObject","inLanguage":"fr-FR","@id":"https:\/\/nuevo-renacer.com\/#\/schema\/logo\/image\/","url":"https:\/\/nuevo-renacer.com\/wp-content\/uploads\/2024\/05\/cropped-LOGO-TERMINADO1-3-3.png","contentUrl":"https:\/\/nuevo-renacer.com\/wp-content\/uploads\/2024\/05\/cropped-LOGO-TERMINADO1-3-3.png","width":512,"height":512,"caption":"UFEC"},"image":{"@id":"https:\/\/nuevo-renacer.com\/#\/schema\/logo\/image\/"},"sameAs":["https:\/\/www.facebook.com\/groups\/3431398063740829"]}]}},"uagb_featured_image_src":{"full":false,"thumbnail":false,"medium":false,"medium_large":false,"large":false,"1536x1536":false,"2048x2048":false,"trp-custom-language-flag":false},"uagb_author_info":{"display_name":"adbv0","author_link":"https:\/\/nuevo-renacer.com\/fr\/author\/adbv0\/"},"uagb_comment_info":0,"uagb_excerpt":"Historia del espiritismo en Paraguay El espiritismo en Paraguay tiene sus antecedentes hacia el a\u00f1o 1900 aproximadamente, seg\u00fan las documentaciones que poseemos, con la presencia del Dr. Ovidio Rebaudi en la regi\u00f3n del R\u00edo de la Plata. \u00c9l frecuentaba las reuniones en las sociedades espiritas Constancia, Fraternidad&nbsp; y la Confederaci\u00f3n&nbsp; Espiritista Argentina, todas ellas en\u2026","jetpack_sharing_enabled":true,"_links":{"self":[{"href":"https:\/\/nuevo-renacer.com\/fr\/wp-json\/wp\/v2\/pages\/5688","targetHints":{"allow":["GET"]}}],"collection":[{"href":"https:\/\/nuevo-renacer.com\/fr\/wp-json\/wp\/v2\/pages"}],"about":[{"href":"https:\/\/nuevo-renacer.com\/fr\/wp-json\/wp\/v2\/types\/page"}],"author":[{"embeddable":true,"href":"https:\/\/nuevo-renacer.com\/fr\/wp-json\/wp\/v2\/users\/1"}],"replies":[{"embeddable":true,"href":"https:\/\/nuevo-renacer.com\/fr\/wp-json\/wp\/v2\/comments?post=5688"}],"version-history":[{"count":1,"href":"https:\/\/nuevo-renacer.com\/fr\/wp-json\/wp\/v2\/pages\/5688\/revisions"}],"predecessor-version":[{"id":5692,"href":"https:\/\/nuevo-renacer.com\/fr\/wp-json\/wp\/v2\/pages\/5688\/revisions\/5692"}],"wp:attachment":[{"href":"https:\/\/nuevo-renacer.com\/fr\/wp-json\/wp\/v2\/media?parent=5688"}],"curies":[{"name":"wp","href":"https:\/\/api.w.org\/{rel}","templated":true}]}}