{"id":5651,"date":"2024-10-18T09:53:14","date_gmt":"2024-10-18T09:53:14","guid":{"rendered":"https:\/\/nuevo-renacer.com\/?page_id=5651"},"modified":"2024-10-18T10:14:27","modified_gmt":"2024-10-18T10:14:27","slug":"historia-del-espiritismo-en-ecuador","status":"publish","type":"page","link":"https:\/\/nuevo-renacer.com\/fr\/historia-del-espiritismo-en-ecuador\/","title":{"rendered":"Histoire du spiritisme en \u00c9quateur"},"content":{"rendered":"<div class=\"wp-block-uagb-container uagb-block-98cf9223 alignfull uagb-is-root-container\"><div class=\"uagb-container-inner-blocks-wrap\">\n<p class=\"has-black-color has-text-color has-link-color has-medium-font-size wp-elements-64359aafa7ba2c94ecca7eda0e99e1ea\"><strong>Histoire du spiritisme en \u00c9quateur<\/strong><\/p>\n<\/div><\/div>\n\n\n\n<div class=\"wp-block-uagb-container uagb-block-b3ec6c39 alignfull uagb-is-root-container\"><div class=\"uagb-container-inner-blocks-wrap\"><\/div><\/div>\n\n\n\n<div class=\"wp-block-uagb-container uagb-block-7feb1e7e alignfull uagb-is-root-container\"><div class=\"uagb-container-inner-blocks-wrap\">\n<figure class=\"wp-block-image size-full is-resized\"><img fetchpriority=\"high\" decoding=\"async\" width=\"800\" height=\"533\" src=\"https:\/\/nuevo-renacer.com\/wp-content\/uploads\/2024\/10\/equador.png\" alt=\"\" class=\"wp-image-5652\" style=\"width:84px\" srcset=\"https:\/\/nuevo-renacer.com\/wp-content\/uploads\/2024\/10\/equador.png 800w, https:\/\/nuevo-renacer.com\/wp-content\/uploads\/2024\/10\/equador-300x200.png 300w, https:\/\/nuevo-renacer.com\/wp-content\/uploads\/2024\/10\/equador-768x512.png 768w, https:\/\/nuevo-renacer.com\/wp-content\/uploads\/2024\/10\/equador-18x12.png 18w\" sizes=\"(max-width: 800px) 100vw, 800px\" \/><\/figure>\n<\/div><\/div>\n\n\n\n<div class=\"wp-block-uagb-container uagb-block-eb72e0f8 alignfull uagb-is-root-container\"><div class=\"uagb-container-inner-blocks-wrap\"><\/div><\/div>\n\n\n\n<div class=\"wp-block-uagb-container uagb-block-f334e1ad alignfull uagb-is-root-container\"><div class=\"uagb-container-inner-blocks-wrap\">\n<p class=\"has-black-color has-text-color has-link-color has-small-font-size wp-elements-6b8ddec0c71d7d1f4169fd9b045ab267\">La lumi\u00e8re de J\u00e9sus Banch\u00f3n Pots, est n\u00e9 dans la ville de Guayaquil, le 12 ao\u00fbt 1885, dans le foyer form\u00e9 par les seigneurs de Julian Banch\u00f3n Arias et Juana Pots Banch\u00f3n.<\/p>\n\n\n\n<p class=\"has-black-color has-text-color has-link-color has-small-font-size wp-elements-51d02ad7cd3a0b723805b0bfe996a6d1\">Exemplaire de l&#039;\u00e9tudiant \u00e0 partir d&#039;un tr\u00e8s jeune \u00e2ge, il a gagn\u00e9 une bourse pour \u00e9tudier \u00e0 l&#039;\u00c9cole Militaire Eloy Alfaro, \u00e0 la suite d&#039;effectuer une carri\u00e8re dans les Forces Arm\u00e9es de l&#039;\u00c9quateur. Mari\u00e9 Marieta Nymphe Coello Ronquillo et a 6 enfants. En 1942, il fonde le Centre Spirite Amalia Domingo Soler. Desencarn\u00f3 un matin du 6 juillet 1971.<\/p>\n\n\n\n<div class=\"wp-block-uagb-container uagb-block-cdf47630\">\n<figure class=\"wp-block-image size-full is-resized\"><img decoding=\"async\" width=\"570\" height=\"421\" src=\"https:\/\/nuevo-renacer.com\/wp-content\/uploads\/2024\/10\/de-jesus.png\" alt=\"\" class=\"wp-image-5653\" style=\"width:279px;height:auto\" srcset=\"https:\/\/nuevo-renacer.com\/wp-content\/uploads\/2024\/10\/de-jesus.png 570w, https:\/\/nuevo-renacer.com\/wp-content\/uploads\/2024\/10\/de-jesus-300x222.png 300w, https:\/\/nuevo-renacer.com\/wp-content\/uploads\/2024\/10\/de-jesus-16x12.png 16w\" sizes=\"(max-width: 570px) 100vw, 570px\" \/><figcaption class=\"wp-element-caption\">La lumi\u00e8re de J\u00e9sus Banch\u00f3n Pots<\/figcaption><\/figure>\n<\/div>\n\n\n\n<p class=\"has-black-color has-text-color has-link-color has-medium-font-size wp-elements-9746de74c11afd2fcc900e7c4f49f6d3\"><strong>L&#039;arriv\u00e9e du Spiritisme \u00e0 l&#039;\u00c9quateur<\/strong><\/p>\n\n\n\n<p class=\"has-black-color has-text-color has-link-color has-small-font-size wp-elements-8438db8f6dc585fae3e1267e80118e17\"><strong>Gouvernement d&#039;Eloy Alfaro<\/strong><\/p>\n\n\n\n<p class=\"has-black-color has-text-color has-link-color has-small-font-size wp-elements-cb92be18c04320dbbbeb94fde31c0668\">Le pays est agit\u00e9 par les passions politiques. D&#039;une part, le lib\u00e9ralisme de la c\u00f4te, et, d&#039;autre part, le conservatisme serrano, enfrasc\u00e1ndose dans des affrontements fratricides. Couru par ensuite, la deuxi\u00e8me mandat pr\u00e9sidentiel du G\u00e9n\u00e9ral Eloy Alfaro Delgado, et une opposition franche \u00e0 la politique douce de Leonidas Plaza, il a essay\u00e9 de retrouver toutes les conqu\u00eates de caract\u00e8re lib\u00e9ral qui lui avaient \u00e9t\u00e9 impos\u00e9es par le sang de l&#039;\u00c9quateur et qu&#039;ils ont \u00e9t\u00e9 l&#039;objet d&#039;un dumping lentement vers le conservatisme. Il y avait du m\u00e9contentement dans tous les coins du pays et l&#039;un des insatisfaits de l&#039;administration G\u00e9n\u00e9rale de l&#039;Alfaro, le G\u00e9n\u00e9ral Rafael Pont, qui, dans un moyen d\u00e9tourn\u00e9, couvait un soul\u00e8vement dans la ville de Guayaquil.<\/p>\n\n\n\n<div class=\"wp-block-uagb-container uagb-block-b61f308d\">\n<figure class=\"wp-block-image size-full is-resized\"><img decoding=\"async\" width=\"500\" height=\"375\" src=\"https:\/\/nuevo-renacer.com\/wp-content\/uploads\/2024\/10\/magnets4you-1.png\" alt=\"\" class=\"wp-image-5657\" style=\"width:277px;height:auto\" srcset=\"https:\/\/nuevo-renacer.com\/wp-content\/uploads\/2024\/10\/magnets4you-1.png 500w, https:\/\/nuevo-renacer.com\/wp-content\/uploads\/2024\/10\/magnets4you-1-300x225.png 300w, https:\/\/nuevo-renacer.com\/wp-content\/uploads\/2024\/10\/magnets4you-1-16x12.png 16w\" sizes=\"(max-width: 500px) 100vw, 500px\" \/><\/figure>\n<\/div>\n\n\n\n<p class=\"has-black-color has-text-color has-link-color has-small-font-size wp-elements-7a32d58f44aef3588223aab3757ad1fc\"><strong>Le 19 juillet 1907<\/strong><\/p>\n\n\n\n<p class=\"has-black-color has-text-color has-link-color has-small-font-size wp-elements-45669de5ddbb76d5519bcad41efb131f\">Il produit un conflit arm\u00e9 \u00e0 l&#039;int\u00e9rieur de la ville, dans le but de capturer Eloy Alfaro, qui \u00e9tait de passage \u00e0 travers la ville. L&#039;arr\u00eat militaire de la confrontation et de la capture de ceux qui sont impliqu\u00e9s dans le soul\u00e8vement.<\/p>\n\n\n\n<p class=\"has-black-color has-text-color has-link-color has-small-font-size wp-elements-42cd9ed48e097cd5728ed997b039c561\">Un jeune soldat, l&#039;appel de J\u00e9sus Banch\u00f3n Pots, est injustement accus\u00e9 d&#039;\u00eatre une partie de l&#039;insurrection, il a \u00e9t\u00e9 condamn\u00e9 \u00e0 mort, par la suite abrogeant le meurtre et envoy\u00e9 \u00e0 la prison de 2 ans dans la ville de Quito.<\/p>\n\n\n\n<p class=\"has-black-color has-text-color has-link-color has-small-font-size wp-elements-2c5c104d8dbdb061228bf568eddb6e4d\">Pendant les 2 ans o\u00f9 il a \u00e9t\u00e9 emprisonn\u00e9 injustement \u00e0 Quito, il a rencontr\u00e9 Pincheira, un autre d\u00e9tenu d&#039;origine chilienne, qui professait une doctrine nouvelle, jusqu&#039;alors inconnue en Equateur; le Spiritisme de All\u00e1n Kardec. C&#039;est par ce lien que Claire Banch\u00f3n dans la doctrine Spirite, et est le t\u00e9moin fid\u00e8le de la fa\u00e7on dont les esprits ils ont ouvert les \u00e9cluses des cellules pour la nuit et a conduit en toute s\u00e9curit\u00e9 \u00e0 des endroits o\u00f9 les personnes int\u00e9ress\u00e9es dans cette rubrique peuvent effectuer les s\u00e9ances de mediumnicas et de recevoir des conseils des esprits au-dessus. Par le biais de Pincheira, la Lumi\u00e8re de J\u00e9sus, avec l&#039;acc\u00e8s aux \u00e9tudes spirites. Donc, une fois que vous avez atteint votre pardon en 1910, est d\u00e9di\u00e9 \u00e0 la transmission du message entre la famille et les amis, la cr\u00e9ation de petites guildes o\u00f9 viennent les premiers m\u00e9diums \u00e0 votre charge.<\/p>\n\n\n\n<p class=\"has-black-color has-text-color has-link-color has-small-font-size wp-elements-35286b6168694fd7af2ae47411edba64\"><strong>Fondation du centre Amalia Domingo Soler<\/strong><\/p>\n\n\n\n<p class=\"has-black-color has-text-color has-link-color has-small-font-size wp-elements-6f2d4a6fcbca1bccdc8a45b702bef56f\">Le 4 juillet 1942, a \u00e9t\u00e9 fond\u00e9e dans la ville de Guayaquil, au d\u00e9triment de Claire Banch\u00f3n, la premi\u00e8re Spiritisme au Centre de l&#039;Equateur, qui a \u00e9t\u00e9 nomm\u00e9: Amalia Domingo Soler, en l&#039;honneur du pionnier de la Spiritisme en am\u00e9rique latine. Le social club continue \u00e0 fonctionner dans son lieu d&#039;origine jusqu&#039;\u00e0 nos jours.<\/p>\n\n\n\n<div class=\"wp-block-uagb-container uagb-block-223323dd\">\n<figure class=\"wp-block-image size-full is-resized\"><img loading=\"lazy\" decoding=\"async\" width=\"531\" height=\"292\" src=\"https:\/\/nuevo-renacer.com\/wp-content\/uploads\/2024\/10\/Screenshot-190.png\" alt=\"\" class=\"wp-image-5659\" style=\"width:278px;height:auto\" srcset=\"https:\/\/nuevo-renacer.com\/wp-content\/uploads\/2024\/10\/Screenshot-190.png 531w, https:\/\/nuevo-renacer.com\/wp-content\/uploads\/2024\/10\/Screenshot-190-300x165.png 300w, https:\/\/nuevo-renacer.com\/wp-content\/uploads\/2024\/10\/Screenshot-190-18x10.png 18w\" sizes=\"(max-width: 531px) 100vw, 531px\" \/><figcaption class=\"wp-element-caption\">Les membres du Centre d&#039;Amalia Domingo Soler (1962)<\/figcaption><\/figure>\n<\/div>\n\n\n\n<p class=\"has-black-color has-text-color has-link-color has-small-font-size wp-elements-2e386baad5535577656dbaa0147cfcc5\">Il a commenc\u00e9 le travail de la m\u00e9diumnit\u00e9 de gu\u00e9rison et de soins affectueux pour le public, r\u00e9alis\u00e9e par la premi\u00e8re m\u00e9diums: Irene Soriano de C\u00e1rdenas, Mar\u00eda Luisa Sa\u00f1udo, Rosita Fernandez, Violet Banch\u00f3n (la fille de Claire Banch\u00f3n), Elle Bola\u00f1os de Andrade, Roberto Colonel, Rosita Arriaga.<\/p>\n\n\n\n<p class=\"has-black-color has-text-color has-link-color has-small-font-size wp-elements-081c04b79a845bc482d064d14f6d0e09\">Les soins affectueux a \u00e9t\u00e9 l&#039;un des piliers fondamentaux pour la pratique du service \u00e0 ceux qui en ont besoin. Le Centre a \u00e9t\u00e9 consacr\u00e9e \u00e0 la diffusion et \u00e0 la divulgation de l&#039;information spirite, par le biais d&#039;ateliers, de conf\u00e9rences, de conf\u00e9rences, de r\u00e9unions (national et international).<\/p>\n\n\n\n<p class=\"has-black-color has-text-color has-link-color has-small-font-size wp-elements-057c12335382dc57ad841a5c25aa0f8e\">\u00c0 compter de 2017, le Centre a lanc\u00e9 sa premi\u00e8re revue spirite \u201cClart\u00e9\u201d.<\/p>\n\n\n\n<p class=\"has-black-color has-text-color has-link-color has-small-font-size wp-elements-c58182a2cf49862ac2751072f988ffb6\">En 2018, a lanc\u00e9 le projet \u201cTh\u00e9\u00e2tre-Spiritualisme\u201d, qui consiste \u00e0 mettre en sc\u00e8ne des textes et des livres de contenu spirite par le th\u00e9\u00e2tre. La propagation d&#039;une mani\u00e8re artistique de la doctrine. Vous avez d\u00e9j\u00e0 7 joue jusqu&#039;\u00e0 pr\u00e9sent.<\/p>\n\n\n\n<p class=\"has-black-color has-text-color has-link-color has-small-font-size wp-elements-15777e949f94c5171d0a827c1069da49\">Aujourd&#039;hui, le Centre poursuit son travail de diffusion de fa\u00e7on virtuelle.<\/p>\n<\/div><\/div>","protected":false},"excerpt":{"rendered":"<p>Historia del espiritismo en Ecuador Claro de Jes\u00fas Banch\u00f3n Potes, naci\u00f3 en la ciudad de Guayaquil el 12 de agosto 1885, en el hogar conformado por los se\u00f1ores Juli\u00e1n Banch\u00f3n Arias y Juana Potes de Banch\u00f3n. Estudiante ejemplar desde muy joven, gan\u00f3 una beca para estudiar en el Colegio Militar Eloy Alfaro, para posteriormente hacer [&hellip;]<\/p>","protected":false},"author":1,"featured_media":0,"parent":0,"menu_order":0,"comment_status":"closed","ping_status":"closed","template":"","meta":{"_uag_custom_page_level_css":"","site-sidebar-layout":"default","site-content-layout":"","ast-site-content-layout":"default","site-content-style":"default","site-sidebar-style":"default","ast-global-header-display":"","ast-banner-title-visibility":"","ast-main-header-display":"","ast-hfb-above-header-display":"","ast-hfb-below-header-display":"","ast-hfb-mobile-header-display":"","site-post-title":"disabled","ast-breadcrumbs-content":"","ast-featured-img":"","footer-sml-layout":"","theme-transparent-header-meta":"","adv-header-id-meta":"","stick-header-meta":"","header-above-stick-meta":"","header-main-stick-meta":"","header-below-stick-meta":"","astra-migrate-meta-layouts":"set","ast-page-background-enabled":"default","ast-page-background-meta":{"desktop":{"background-color":"var(--ast-global-color-4)","background-image":"","background-repeat":"repeat","background-position":"center center","background-size":"auto","background-attachment":"scroll","background-type":"","background-media":"","overlay-type":"","overlay-color":"","overlay-opacity":"","overlay-gradient":""},"tablet":{"background-color":"","background-image":"","background-repeat":"repeat","background-position":"center center","background-size":"auto","background-attachment":"scroll","background-type":"","background-media":"","overlay-type":"","overlay-color":"","overlay-opacity":"","overlay-gradient":""},"mobile":{"background-color":"","background-image":"","background-repeat":"repeat","background-position":"center center","background-size":"auto","background-attachment":"scroll","background-type":"","background-media":"","overlay-type":"","overlay-color":"","overlay-opacity":"","overlay-gradient":""}},"ast-content-background-meta":{"desktop":{"background-color":"var(--ast-global-color-5)","background-image":"","background-repeat":"repeat","background-position":"center center","background-size":"auto","background-attachment":"scroll","background-type":"","background-media":"","overlay-type":"","overlay-color":"","overlay-opacity":"","overlay-gradient":""},"tablet":{"background-color":"var(--ast-global-color-5)","background-image":"","background-repeat":"repeat","background-position":"center center","background-size":"auto","background-attachment":"scroll","background-type":"","background-media":"","overlay-type":"","overlay-color":"","overlay-opacity":"","overlay-gradient":""},"mobile":{"background-color":"var(--ast-global-color-5)","background-image":"","background-repeat":"repeat","background-position":"center center","background-size":"auto","background-attachment":"scroll","background-type":"","background-media":"","overlay-type":"","overlay-color":"","overlay-opacity":"","overlay-gradient":""}},"footnotes":""},"class_list":["post-5651","page","type-page","status-publish","hentry"],"yoast_head":"<!-- This site is optimized with the Yoast SEO Premium plugin v24.2 (Yoast SEO v24.6) - https:\/\/yoast.com\/wordpress\/plugins\/seo\/ -->\n<title>Historia del espiritismo en Ecuador - Uni\u00f3n Esp\u00edrita<\/title>\n<meta name=\"robots\" content=\"index, follow, max-snippet:-1, max-image-preview:large, max-video-preview:-1\" \/>\n<link rel=\"canonical\" href=\"https:\/\/nuevo-renacer.com\/fr\/historia-del-espiritismo-en-ecuador\/\" \/>\n<meta property=\"og:locale\" content=\"fr_FR\" \/>\n<meta property=\"og:type\" content=\"article\" \/>\n<meta property=\"og:title\" content=\"Historia del espiritismo en Ecuador\" \/>\n<meta property=\"og:description\" content=\"Historia del espiritismo en Ecuador Claro de Jes\u00fas Banch\u00f3n Potes, naci\u00f3 en la ciudad de Guayaquil el 12 de agosto 1885, en el hogar conformado por los se\u00f1ores Juli\u00e1n Banch\u00f3n Arias y Juana Potes de Banch\u00f3n. Estudiante ejemplar desde muy joven, gan\u00f3 una beca para estudiar en el Colegio Militar Eloy Alfaro, para posteriormente hacer [&hellip;]\" \/>\n<meta property=\"og:url\" content=\"https:\/\/nuevo-renacer.com\/fr\/historia-del-espiritismo-en-ecuador\/\" \/>\n<meta property=\"og:site_name\" content=\"Uni\u00f3n Esp\u00edrita\" \/>\n<meta property=\"article:publisher\" content=\"https:\/\/www.facebook.com\/groups\/3431398063740829\" \/>\n<meta property=\"article:modified_time\" content=\"2024-10-18T10:14:27+00:00\" \/>\n<meta property=\"og:image\" content=\"https:\/\/nuevo-renacer.com\/wp-content\/uploads\/2024\/10\/equador.png\" \/>\n\t<meta property=\"og:image:width\" content=\"800\" \/>\n\t<meta property=\"og:image:height\" content=\"533\" \/>\n\t<meta property=\"og:image:type\" content=\"image\/png\" \/>\n<meta name=\"twitter:card\" content=\"summary_large_image\" \/>\n<meta name=\"twitter:label1\" content=\"Dur\u00e9e de lecture estim\u00e9e\" \/>\n\t<meta name=\"twitter:data1\" content=\"4 minutes\" \/>\n<script type=\"application\/ld+json\" class=\"yoast-schema-graph\">{\"@context\":\"https:\/\/schema.org\",\"@graph\":[{\"@type\":\"WebPage\",\"@id\":\"https:\/\/nuevo-renacer.com\/historia-del-espiritismo-en-ecuador\/\",\"url\":\"https:\/\/nuevo-renacer.com\/historia-del-espiritismo-en-ecuador\/\",\"name\":\"Historia del espiritismo en Ecuador - Uni\u00f3n Esp\u00edrita\",\"isPartOf\":{\"@id\":\"https:\/\/nuevo-renacer.com\/#website\"},\"primaryImageOfPage\":{\"@id\":\"https:\/\/nuevo-renacer.com\/historia-del-espiritismo-en-ecuador\/#primaryimage\"},\"image\":{\"@id\":\"https:\/\/nuevo-renacer.com\/historia-del-espiritismo-en-ecuador\/#primaryimage\"},\"thumbnailUrl\":\"https:\/\/nuevo-renacer.com\/wp-content\/uploads\/2024\/10\/equador.png\",\"datePublished\":\"2024-10-18T09:53:14+00:00\",\"dateModified\":\"2024-10-18T10:14:27+00:00\",\"breadcrumb\":{\"@id\":\"https:\/\/nuevo-renacer.com\/historia-del-espiritismo-en-ecuador\/#breadcrumb\"},\"inLanguage\":\"fr-FR\",\"potentialAction\":[{\"@type\":\"ReadAction\",\"target\":[\"https:\/\/nuevo-renacer.com\/historia-del-espiritismo-en-ecuador\/\"]}]},{\"@type\":\"ImageObject\",\"inLanguage\":\"fr-FR\",\"@id\":\"https:\/\/nuevo-renacer.com\/historia-del-espiritismo-en-ecuador\/#primaryimage\",\"url\":\"https:\/\/nuevo-renacer.com\/wp-content\/uploads\/2024\/10\/equador.png\",\"contentUrl\":\"https:\/\/nuevo-renacer.com\/wp-content\/uploads\/2024\/10\/equador.png\"},{\"@type\":\"BreadcrumbList\",\"@id\":\"https:\/\/nuevo-renacer.com\/historia-del-espiritismo-en-ecuador\/#breadcrumb\",\"itemListElement\":[{\"@type\":\"ListItem\",\"position\":1,\"name\":\"Startseite\",\"item\":\"https:\/\/nuevo-renacer.com\/\"},{\"@type\":\"ListItem\",\"position\":2,\"name\":\"Historia del espiritismo en Ecuador\"}]},{\"@type\":\"WebSite\",\"@id\":\"https:\/\/nuevo-renacer.com\/#website\",\"url\":\"https:\/\/nuevo-renacer.com\/\",\"name\":\"Uni\u00f3n Esp\u00edrita\",\"description\":\"Nuevo Renacer\",\"publisher\":{\"@id\":\"https:\/\/nuevo-renacer.com\/#organization\"},\"potentialAction\":[{\"@type\":\"SearchAction\",\"target\":{\"@type\":\"EntryPoint\",\"urlTemplate\":\"https:\/\/nuevo-renacer.com\/?s={search_term_string}\"},\"query-input\":{\"@type\":\"PropertyValueSpecification\",\"valueRequired\":true,\"valueName\":\"search_term_string\"}}],\"inLanguage\":\"fr-FR\"},{\"@type\":\"Organization\",\"@id\":\"https:\/\/nuevo-renacer.com\/#organization\",\"name\":\"UFEC\",\"url\":\"https:\/\/nuevo-renacer.com\/\",\"logo\":{\"@type\":\"ImageObject\",\"inLanguage\":\"fr-FR\",\"@id\":\"https:\/\/nuevo-renacer.com\/#\/schema\/logo\/image\/\",\"url\":\"https:\/\/nuevo-renacer.com\/wp-content\/uploads\/2024\/05\/cropped-LOGO-TERMINADO1-3-3.png\",\"contentUrl\":\"https:\/\/nuevo-renacer.com\/wp-content\/uploads\/2024\/05\/cropped-LOGO-TERMINADO1-3-3.png\",\"width\":512,\"height\":512,\"caption\":\"UFEC\"},\"image\":{\"@id\":\"https:\/\/nuevo-renacer.com\/#\/schema\/logo\/image\/\"},\"sameAs\":[\"https:\/\/www.facebook.com\/groups\/3431398063740829\"]}]}<\/script>\n<!-- \/ Yoast SEO Premium plugin. -->","yoast_head_json":{"title":"Historia del espiritismo en Ecuador - Uni\u00f3n Esp\u00edrita","robots":{"index":"index","follow":"follow","max-snippet":"max-snippet:-1","max-image-preview":"max-image-preview:large","max-video-preview":"max-video-preview:-1"},"canonical":"https:\/\/nuevo-renacer.com\/fr\/historia-del-espiritismo-en-ecuador\/","og_locale":"fr_FR","og_type":"article","og_title":"Historia del espiritismo en Ecuador","og_description":"Historia del espiritismo en Ecuador Claro de Jes\u00fas Banch\u00f3n Potes, naci\u00f3 en la ciudad de Guayaquil el 12 de agosto 1885, en el hogar conformado por los se\u00f1ores Juli\u00e1n Banch\u00f3n Arias y Juana Potes de Banch\u00f3n. Estudiante ejemplar desde muy joven, gan\u00f3 una beca para estudiar en el Colegio Militar Eloy Alfaro, para posteriormente hacer [&hellip;]","og_url":"https:\/\/nuevo-renacer.com\/fr\/historia-del-espiritismo-en-ecuador\/","og_site_name":"Uni\u00f3n Esp\u00edrita","article_publisher":"https:\/\/www.facebook.com\/groups\/3431398063740829","article_modified_time":"2024-10-18T10:14:27+00:00","og_image":[{"width":800,"height":533,"url":"https:\/\/nuevo-renacer.com\/wp-content\/uploads\/2024\/10\/equador.png","type":"image\/png"}],"twitter_card":"summary_large_image","twitter_misc":{"Dur\u00e9e de lecture estim\u00e9e":"4 minutes"},"schema":{"@context":"https:\/\/schema.org","@graph":[{"@type":"WebPage","@id":"https:\/\/nuevo-renacer.com\/historia-del-espiritismo-en-ecuador\/","url":"https:\/\/nuevo-renacer.com\/historia-del-espiritismo-en-ecuador\/","name":"Historia del espiritismo en Ecuador - Uni\u00f3n Esp\u00edrita","isPartOf":{"@id":"https:\/\/nuevo-renacer.com\/#website"},"primaryImageOfPage":{"@id":"https:\/\/nuevo-renacer.com\/historia-del-espiritismo-en-ecuador\/#primaryimage"},"image":{"@id":"https:\/\/nuevo-renacer.com\/historia-del-espiritismo-en-ecuador\/#primaryimage"},"thumbnailUrl":"https:\/\/nuevo-renacer.com\/wp-content\/uploads\/2024\/10\/equador.png","datePublished":"2024-10-18T09:53:14+00:00","dateModified":"2024-10-18T10:14:27+00:00","breadcrumb":{"@id":"https:\/\/nuevo-renacer.com\/historia-del-espiritismo-en-ecuador\/#breadcrumb"},"inLanguage":"fr-FR","potentialAction":[{"@type":"ReadAction","target":["https:\/\/nuevo-renacer.com\/historia-del-espiritismo-en-ecuador\/"]}]},{"@type":"ImageObject","inLanguage":"fr-FR","@id":"https:\/\/nuevo-renacer.com\/historia-del-espiritismo-en-ecuador\/#primaryimage","url":"https:\/\/nuevo-renacer.com\/wp-content\/uploads\/2024\/10\/equador.png","contentUrl":"https:\/\/nuevo-renacer.com\/wp-content\/uploads\/2024\/10\/equador.png"},{"@type":"BreadcrumbList","@id":"https:\/\/nuevo-renacer.com\/historia-del-espiritismo-en-ecuador\/#breadcrumb","itemListElement":[{"@type":"ListItem","position":1,"name":"Startseite","item":"https:\/\/nuevo-renacer.com\/"},{"@type":"ListItem","position":2,"name":"Historia del espiritismo en Ecuador"}]},{"@type":"WebSite","@id":"https:\/\/nuevo-renacer.com\/#website","url":"https:\/\/nuevo-renacer.com\/","name":"Uni\u00f3n Esp\u00edrita","description":"Nuevo Renacer","publisher":{"@id":"https:\/\/nuevo-renacer.com\/#organization"},"potentialAction":[{"@type":"SearchAction","target":{"@type":"EntryPoint","urlTemplate":"https:\/\/nuevo-renacer.com\/?s={search_term_string}"},"query-input":{"@type":"PropertyValueSpecification","valueRequired":true,"valueName":"search_term_string"}}],"inLanguage":"fr-FR"},{"@type":"Organization","@id":"https:\/\/nuevo-renacer.com\/#organization","name":"UFEC","url":"https:\/\/nuevo-renacer.com\/","logo":{"@type":"ImageObject","inLanguage":"fr-FR","@id":"https:\/\/nuevo-renacer.com\/#\/schema\/logo\/image\/","url":"https:\/\/nuevo-renacer.com\/wp-content\/uploads\/2024\/05\/cropped-LOGO-TERMINADO1-3-3.png","contentUrl":"https:\/\/nuevo-renacer.com\/wp-content\/uploads\/2024\/05\/cropped-LOGO-TERMINADO1-3-3.png","width":512,"height":512,"caption":"UFEC"},"image":{"@id":"https:\/\/nuevo-renacer.com\/#\/schema\/logo\/image\/"},"sameAs":["https:\/\/www.facebook.com\/groups\/3431398063740829"]}]}},"uagb_featured_image_src":{"full":false,"thumbnail":false,"medium":false,"medium_large":false,"large":false,"1536x1536":false,"2048x2048":false,"trp-custom-language-flag":false},"uagb_author_info":{"display_name":"adbv0","author_link":"https:\/\/nuevo-renacer.com\/fr\/author\/adbv0\/"},"uagb_comment_info":0,"uagb_excerpt":"Historia del espiritismo en Ecuador Claro de Jes\u00fas Banch\u00f3n Potes, naci\u00f3 en la ciudad de Guayaquil el 12 de agosto 1885, en el hogar conformado por los se\u00f1ores Juli\u00e1n Banch\u00f3n Arias y Juana Potes de Banch\u00f3n. Estudiante ejemplar desde muy joven, gan\u00f3 una beca para estudiar en el Colegio Militar Eloy Alfaro, para posteriormente hacer\u2026","jetpack_sharing_enabled":true,"_links":{"self":[{"href":"https:\/\/nuevo-renacer.com\/fr\/wp-json\/wp\/v2\/pages\/5651","targetHints":{"allow":["GET"]}}],"collection":[{"href":"https:\/\/nuevo-renacer.com\/fr\/wp-json\/wp\/v2\/pages"}],"about":[{"href":"https:\/\/nuevo-renacer.com\/fr\/wp-json\/wp\/v2\/types\/page"}],"author":[{"embeddable":true,"href":"https:\/\/nuevo-renacer.com\/fr\/wp-json\/wp\/v2\/users\/1"}],"replies":[{"embeddable":true,"href":"https:\/\/nuevo-renacer.com\/fr\/wp-json\/wp\/v2\/comments?post=5651"}],"version-history":[{"count":6,"href":"https:\/\/nuevo-renacer.com\/fr\/wp-json\/wp\/v2\/pages\/5651\/revisions"}],"predecessor-version":[{"id":5665,"href":"https:\/\/nuevo-renacer.com\/fr\/wp-json\/wp\/v2\/pages\/5651\/revisions\/5665"}],"wp:attachment":[{"href":"https:\/\/nuevo-renacer.com\/fr\/wp-json\/wp\/v2\/media?parent=5651"}],"curies":[{"name":"wp","href":"https:\/\/api.w.org\/{rel}","templated":true}]}}