{"id":5641,"date":"2024-10-18T08:28:49","date_gmt":"2024-10-18T08:28:49","guid":{"rendered":"https:\/\/nuevo-renacer.com\/?page_id=5641"},"modified":"2024-10-18T08:33:40","modified_gmt":"2024-10-18T08:33:40","slug":"historia-del-espiritismo-en-costa-rica","status":"publish","type":"page","link":"https:\/\/nuevo-renacer.com\/fr\/historia-del-espiritismo-en-costa-rica\/","title":{"rendered":"Histoire du spiritisme au Costa Rica"},"content":{"rendered":"<div class=\"wp-block-uagb-container uagb-block-709abbb7 alignfull uagb-is-root-container\"><div class=\"uagb-container-inner-blocks-wrap\">\n<p class=\"has-black-color has-text-color has-link-color has-medium-font-size wp-elements-1e944b1659ccc41cb6f84094fb36b2e5\"><strong>Histoire du spiritisme au Costa Rica<\/strong><\/p>\n<\/div><\/div>\n\n\n\n<div class=\"wp-block-uagb-container uagb-block-2a4b3fdd alignfull uagb-is-root-container\"><div class=\"uagb-container-inner-blocks-wrap\"><\/div><\/div>\n\n\n\n<div class=\"wp-block-uagb-container uagb-block-b2ec16be alignfull uagb-is-root-container\"><div class=\"uagb-container-inner-blocks-wrap\">\n<figure class=\"wp-block-image size-full is-resized\"><img decoding=\"async\" width=\"220\" height=\"132\" src=\"https:\/\/nuevo-renacer.com\/wp-content\/uploads\/2024\/10\/costa-rica.png\" alt=\"\" class=\"wp-image-5642\" style=\"width:84px\" srcset=\"https:\/\/nuevo-renacer.com\/wp-content\/uploads\/2024\/10\/costa-rica.png 220w, https:\/\/nuevo-renacer.com\/wp-content\/uploads\/2024\/10\/costa-rica-18x12.png 18w\" sizes=\"(max-width: 220px) 100vw, 220px\" \/><\/figure>\n<\/div><\/div>\n\n\n\n<div class=\"wp-block-uagb-container uagb-block-86db8132 alignfull uagb-is-root-container\"><div class=\"uagb-container-inner-blocks-wrap\"><\/div><\/div>\n\n\n\n<div class=\"wp-block-uagb-container uagb-block-e65132f3 alignfull uagb-is-root-container\"><div class=\"uagb-container-inner-blocks-wrap\">\n<p class=\"has-black-color has-text-color has-link-color has-small-font-size wp-elements-91ef1fade5d0e780490a5cbd62c0ab20\">\u00c0 partir de 1874, comme vicaire, dimanche Rivas alert\u00e9 de la chaire, contre la circulation de la litt\u00e9rature spirite Allan Kardec dans le pays. Bien qu&#039;il soit inconnu le d\u00e9part exact de spiritisme au Costa Rica depuis 1896, il y a au moins un cercle occulte qui publie le magazine un Grain de Sable, \u00e9dit\u00e9 par un salon de coiffure alajuelense, un artiste et un artisan de noms de Domingo Nunez, Agustin Ramos et Pedro P\u00e9rez, respectivement. Le magazine est d\u00e9clar\u00e9 comme un rationaliste et a \u00e9t\u00e9 fortement critique du catholicisme. Cess\u00e9 d&#039;\u00eatre imprim\u00e9, en 1889, par manque de fonds.<\/p>\n\n\n\n<div class=\"wp-block-uagb-container uagb-block-a685474f\">\n<figure class=\"wp-block-image size-full is-resized\"><img fetchpriority=\"high\" decoding=\"async\" width=\"205\" height=\"245\" src=\"https:\/\/nuevo-renacer.com\/wp-content\/uploads\/2024\/10\/Domingo-Rivas.jpg\" alt=\"\" class=\"wp-image-5643\" style=\"width:212px;height:auto\" srcset=\"https:\/\/nuevo-renacer.com\/wp-content\/uploads\/2024\/10\/Domingo-Rivas.jpg 205w, https:\/\/nuevo-renacer.com\/wp-content\/uploads\/2024\/10\/Domingo-Rivas-10x12.jpg 10w\" sizes=\"(max-width: 205px) 100vw, 205px\" \/><figcaption class=\"wp-element-caption\">Dimanche Rivas<\/figcaption><\/figure>\n<\/div>\n\n\n\n<p class=\"has-black-color has-text-color has-link-color has-small-font-size wp-elements-541e20f9400a377bf8717e349d539eeb\">Parmi les personnes li\u00e9es \u00e0 la publication sont \u00e0 l&#039;avocat du nicaragua Salvador Jir\u00f3n, l&#039;\u00e9ducateur Amadeo Madriz (gardienne des \u00e9crivains Manuel Gonz\u00e1lez Zeled\u00f3n et Carlos Gagini), g\u00e9n\u00e9ral, Federico Fernandez (fr\u00e8re du pr\u00e9sident et franc-ma\u00e7on Prospero Fernandez et p\u00e8re de l&#039;intellectuel et th\u00e9osophe Rogelio Fern\u00e1ndez G\u00fcell), la politique Francisco Boza, le colombien Francisco Lamus et l&#039;homme d&#039;affaires espagnol Antonio Rodriguez, et les femmes, Celina Fernandez Giralt et Maria Rojas. En 1896, est mentionn\u00e9 pour la premi\u00e8re fois \u00e0 la \u201cBienfaiteur de la Soci\u00e9t\u00e9 des \u00c9tudes Psychologiques\u201d dans Le Grain, qui seraient li\u00e9s \u00e0 des organisations spiritualistes international, en particulier de l&#039;Espagne, et de distribuer le \u201cJournal d&#039;\u00c9tudes Psychologiques de Barcelone\u201d dans le pays, ainsi que les articles du Grain est affich\u00e9 sur l&#039;ext\u00e9rieur.<\/p>\n\n\n\n<p class=\"has-black-color has-text-color has-link-color has-small-font-size wp-elements-446cd7a9092c3be331bb28ed9b1a96c9\">Pour le d\u00e9but du XXE si\u00e8cle, le spiritisme serait d&#039;appeler l&#039;attention des autres penseurs, d\u00e9senchant\u00e9 \u00e0 la fois avec le positivisme scientifique de critiques pour son mat\u00e9rialisme, comme la religiosit\u00e9 traditionnelle en particulier catholiques, \u00e0 qui tachaban de superstitieux. \u00c9tant Omar Dengo l&#039;un de ces, et qui a \u00e9crit un article sur la mort de la chimie et de spirite William Crookes. Les spiritualistes costa-riciens en g\u00e9n\u00e9ral cherch\u00e9 \u00e0 appliquer une m\u00e9thodologie scientifique et rationaliste au spiritisme, d\u00e9sesp\u00e9r\u00e9 de ce qu&#039;ils consid\u00e8rent comme de la fraude. Parmi les figures qui ont \u00e9t\u00e9 int\u00e9ress\u00e9s par le spiritisme est Omar Dengo, le ministre des affaires \u00e9trang\u00e8res Ricardo Fern\u00e1ndez de la Guardia, le juge Alberto Brenes Cordoue, le peintre Enrique Echandi, les futurs dictateurs fr\u00e8res Federico et Jos\u00e9 Joaqu\u00edn Tinoco, et le sp\u00e9cialiste de l&#039;\u00e9sot\u00e9risme Rogelio Fern\u00e1ndez G\u00fcell, qui, selon Abelardo Bonilla, a \u00e9t\u00e9 initi\u00e9 au spiritisme par le pr\u00e9sident mexicain Francisco I. Madero.<\/p>\n\n\n\n<div class=\"wp-block-uagb-container uagb-block-8ff239d5\">\n<figure class=\"wp-block-image size-full is-resized\"><img decoding=\"async\" width=\"220\" height=\"332\" src=\"https:\/\/nuevo-renacer.com\/wp-content\/uploads\/2024\/10\/Omar-Dengo-Guerrero.jpg\" alt=\"\" class=\"wp-image-5644\" style=\"width:212px\" srcset=\"https:\/\/nuevo-renacer.com\/wp-content\/uploads\/2024\/10\/Omar-Dengo-Guerrero.jpg 220w, https:\/\/nuevo-renacer.com\/wp-content\/uploads\/2024\/10\/Omar-Dengo-Guerrero-199x300.jpg 199w, https:\/\/nuevo-renacer.com\/wp-content\/uploads\/2024\/10\/Omar-Dengo-Guerrero-8x12.jpg 8w\" sizes=\"(max-width: 220px) 100vw, 220px\" \/><figcaption class=\"wp-element-caption\">Omar Dengo <\/figcaption><\/figure>\n<\/div>\n\n\n\n<p class=\"has-black-color has-text-color has-link-color has-small-font-size wp-elements-ca7b9fe7581e077baa17cba6ca17d230\">Le spiritisme a rapidement \u00e9t\u00e9 d\u00e9nonc\u00e9 par divers clerg\u00e9 catholique accus\u00e9 de satanisme. En 1906, le Cercle Franklin de spirites que les \u00e9tudes sur la capacit\u00e9 d&#039;un moyen de Ofelia Stylos. En 1911, le \u201cCentro Esp\u00edrita Clair de Lune\u201d, dirig\u00e9 par le futur directeur du Mus\u00e9e National (sous le gouvernement de Tinoco) et directeur du \u201cColl\u00e8ge de Gar\u00e7ons\u201d, Ramiro Aguilar, et publi\u00e9 \u00e0 partir de 1923 un magazine du m\u00eame nom. Parmi ses membres ont \u00e9t\u00e9 le futur ministre de l&#039;\u00c9ducation Napol\u00e9on Quesada, Daniel Gonz\u00e1lez V\u00edquez (fr\u00e8re du pr\u00e9sident Cleto Gonz\u00e1lez V\u00edquez), Romulus Tovar, Moises vincenzi dame Pacheco et le futur ministre de l&#039;\u00e9ducation et de la directrice du Coll\u00e8ge de jeunes filles Salvador Uma\u00f1a.<\/p>\n\n\n\n<div class=\"wp-block-uagb-container uagb-block-9cfe925c\">\n<figure class=\"wp-block-image size-full is-resized\"><img loading=\"lazy\" decoding=\"async\" width=\"748\" height=\"1024\" src=\"https:\/\/nuevo-renacer.com\/wp-content\/uploads\/2024\/10\/ofelia-corrales.webp\" alt=\"\" class=\"wp-image-5645\" style=\"width:212px\" srcset=\"https:\/\/nuevo-renacer.com\/wp-content\/uploads\/2024\/10\/ofelia-corrales.webp 748w, https:\/\/nuevo-renacer.com\/wp-content\/uploads\/2024\/10\/ofelia-corrales-219x300.webp 219w, https:\/\/nuevo-renacer.com\/wp-content\/uploads\/2024\/10\/ofelia-corrales-9x12.webp 9w\" sizes=\"(max-width: 748px) 100vw, 748px\" \/><figcaption class=\"wp-element-caption\">Ofelia Stylos avec l&#039;esprit de Marie Brun (Maria Luisa Andrade). Annales des Sciences Psychiques, Paris, (f\u00e9vrier 1911)<\/figcaption><\/figure>\n<\/div>\n\n\n\n<p class=\"has-black-color has-text-color has-link-color has-small-font-size wp-elements-71d4dd3bb207e10185492a5c2c50215c\">Entre 1921 et 1923, ont \u00e9t\u00e9 cr\u00e9\u00e9s cercle de spirites en Puntarenas, Lim\u00f3n, Goicoechea, et Mora. \u00c0 1925, il a fond\u00e9 le \u201cCentre d&#039;\u00c9tudes de Psychologie Exp\u00e9rimentale\u201d, qui a \u00e9t\u00e9 publi\u00e9 dans le magazine mensuel \u00e0 L&#039;\u00c9tude entre novembre 1925 et octobre 1928.<\/p>\n<\/div><\/div>","protected":false},"excerpt":{"rendered":"<p>Historia del espiritismo en Costa Rica Desde 1874 ya el vicario Domingo Rivas alertaba desde el p\u00falpito contra la circulaci\u00f3n de literatura espiritista de Allan Kardec en el pa\u00eds. Aunque se desconoce el inicio exacto del espiritismo en Costa Rica ya desde 1896 existe al menos un c\u00edrculo ocultista que publica la revista Grano de [&hellip;]<\/p>","protected":false},"author":1,"featured_media":0,"parent":0,"menu_order":0,"comment_status":"closed","ping_status":"closed","template":"","meta":{"_uag_custom_page_level_css":"","site-sidebar-layout":"default","site-content-layout":"","ast-site-content-layout":"default","site-content-style":"default","site-sidebar-style":"default","ast-global-header-display":"","ast-banner-title-visibility":"","ast-main-header-display":"","ast-hfb-above-header-display":"","ast-hfb-below-header-display":"","ast-hfb-mobile-header-display":"","site-post-title":"disabled","ast-breadcrumbs-content":"","ast-featured-img":"","footer-sml-layout":"","theme-transparent-header-meta":"","adv-header-id-meta":"","stick-header-meta":"","header-above-stick-meta":"","header-main-stick-meta":"","header-below-stick-meta":"","astra-migrate-meta-layouts":"set","ast-page-background-enabled":"default","ast-page-background-meta":{"desktop":{"background-color":"var(--ast-global-color-4)","background-image":"","background-repeat":"repeat","background-position":"center center","background-size":"auto","background-attachment":"scroll","background-type":"","background-media":"","overlay-type":"","overlay-color":"","overlay-opacity":"","overlay-gradient":""},"tablet":{"background-color":"","background-image":"","background-repeat":"repeat","background-position":"center center","background-size":"auto","background-attachment":"scroll","background-type":"","background-media":"","overlay-type":"","overlay-color":"","overlay-opacity":"","overlay-gradient":""},"mobile":{"background-color":"","background-image":"","background-repeat":"repeat","background-position":"center center","background-size":"auto","background-attachment":"scroll","background-type":"","background-media":"","overlay-type":"","overlay-color":"","overlay-opacity":"","overlay-gradient":""}},"ast-content-background-meta":{"desktop":{"background-color":"var(--ast-global-color-5)","background-image":"","background-repeat":"repeat","background-position":"center center","background-size":"auto","background-attachment":"scroll","background-type":"","background-media":"","overlay-type":"","overlay-color":"","overlay-opacity":"","overlay-gradient":""},"tablet":{"background-color":"var(--ast-global-color-5)","background-image":"","background-repeat":"repeat","background-position":"center center","background-size":"auto","background-attachment":"scroll","background-type":"","background-media":"","overlay-type":"","overlay-color":"","overlay-opacity":"","overlay-gradient":""},"mobile":{"background-color":"var(--ast-global-color-5)","background-image":"","background-repeat":"repeat","background-position":"center center","background-size":"auto","background-attachment":"scroll","background-type":"","background-media":"","overlay-type":"","overlay-color":"","overlay-opacity":"","overlay-gradient":""}},"footnotes":""},"class_list":["post-5641","page","type-page","status-publish","hentry"],"yoast_head":"<!-- This site is optimized with the Yoast SEO Premium plugin v24.2 (Yoast SEO v24.6) - https:\/\/yoast.com\/wordpress\/plugins\/seo\/ -->\n<title>Historia del espiritismo en Costa Rica - Uni\u00f3n Esp\u00edrita<\/title>\n<meta name=\"robots\" content=\"index, follow, max-snippet:-1, max-image-preview:large, max-video-preview:-1\" \/>\n<link rel=\"canonical\" href=\"https:\/\/nuevo-renacer.com\/fr\/historia-del-espiritismo-en-costa-rica\/\" \/>\n<meta property=\"og:locale\" content=\"fr_FR\" \/>\n<meta property=\"og:type\" content=\"article\" \/>\n<meta property=\"og:title\" content=\"Historia del espiritismo en Costa Rica\" \/>\n<meta property=\"og:description\" content=\"Historia del espiritismo en Costa Rica Desde 1874 ya el vicario Domingo Rivas alertaba desde el p\u00falpito contra la circulaci\u00f3n de literatura espiritista de Allan Kardec en el pa\u00eds. Aunque se desconoce el inicio exacto del espiritismo en Costa Rica ya desde 1896 existe al menos un c\u00edrculo ocultista que publica la revista Grano de [&hellip;]\" \/>\n<meta property=\"og:url\" content=\"https:\/\/nuevo-renacer.com\/fr\/historia-del-espiritismo-en-costa-rica\/\" \/>\n<meta property=\"og:site_name\" content=\"Uni\u00f3n Esp\u00edrita\" \/>\n<meta property=\"article:publisher\" content=\"https:\/\/www.facebook.com\/groups\/3431398063740829\" \/>\n<meta property=\"article:modified_time\" content=\"2024-10-18T08:33:40+00:00\" \/>\n<meta property=\"og:image\" content=\"https:\/\/nuevo-renacer.com\/wp-content\/uploads\/2024\/10\/costa-rica.png\" \/>\n\t<meta property=\"og:image:width\" content=\"220\" \/>\n\t<meta property=\"og:image:height\" content=\"132\" \/>\n\t<meta property=\"og:image:type\" content=\"image\/png\" \/>\n<meta name=\"twitter:card\" content=\"summary_large_image\" \/>\n<meta name=\"twitter:label1\" content=\"Dur\u00e9e de lecture estim\u00e9e\" \/>\n\t<meta name=\"twitter:data1\" content=\"3 minutes\" \/>\n<script type=\"application\/ld+json\" class=\"yoast-schema-graph\">{\"@context\":\"https:\/\/schema.org\",\"@graph\":[{\"@type\":\"WebPage\",\"@id\":\"https:\/\/nuevo-renacer.com\/historia-del-espiritismo-en-costa-rica\/\",\"url\":\"https:\/\/nuevo-renacer.com\/historia-del-espiritismo-en-costa-rica\/\",\"name\":\"Historia del espiritismo en Costa Rica - Uni\u00f3n Esp\u00edrita\",\"isPartOf\":{\"@id\":\"https:\/\/nuevo-renacer.com\/#website\"},\"primaryImageOfPage\":{\"@id\":\"https:\/\/nuevo-renacer.com\/historia-del-espiritismo-en-costa-rica\/#primaryimage\"},\"image\":{\"@id\":\"https:\/\/nuevo-renacer.com\/historia-del-espiritismo-en-costa-rica\/#primaryimage\"},\"thumbnailUrl\":\"https:\/\/nuevo-renacer.com\/wp-content\/uploads\/2024\/10\/costa-rica.png\",\"datePublished\":\"2024-10-18T08:28:49+00:00\",\"dateModified\":\"2024-10-18T08:33:40+00:00\",\"breadcrumb\":{\"@id\":\"https:\/\/nuevo-renacer.com\/historia-del-espiritismo-en-costa-rica\/#breadcrumb\"},\"inLanguage\":\"fr-FR\",\"potentialAction\":[{\"@type\":\"ReadAction\",\"target\":[\"https:\/\/nuevo-renacer.com\/historia-del-espiritismo-en-costa-rica\/\"]}]},{\"@type\":\"ImageObject\",\"inLanguage\":\"fr-FR\",\"@id\":\"https:\/\/nuevo-renacer.com\/historia-del-espiritismo-en-costa-rica\/#primaryimage\",\"url\":\"https:\/\/nuevo-renacer.com\/wp-content\/uploads\/2024\/10\/costa-rica.png\",\"contentUrl\":\"https:\/\/nuevo-renacer.com\/wp-content\/uploads\/2024\/10\/costa-rica.png\"},{\"@type\":\"BreadcrumbList\",\"@id\":\"https:\/\/nuevo-renacer.com\/historia-del-espiritismo-en-costa-rica\/#breadcrumb\",\"itemListElement\":[{\"@type\":\"ListItem\",\"position\":1,\"name\":\"Startseite\",\"item\":\"https:\/\/nuevo-renacer.com\/\"},{\"@type\":\"ListItem\",\"position\":2,\"name\":\"Historia del espiritismo en Costa Rica\"}]},{\"@type\":\"WebSite\",\"@id\":\"https:\/\/nuevo-renacer.com\/#website\",\"url\":\"https:\/\/nuevo-renacer.com\/\",\"name\":\"Uni\u00f3n Esp\u00edrita\",\"description\":\"Nuevo Renacer\",\"publisher\":{\"@id\":\"https:\/\/nuevo-renacer.com\/#organization\"},\"potentialAction\":[{\"@type\":\"SearchAction\",\"target\":{\"@type\":\"EntryPoint\",\"urlTemplate\":\"https:\/\/nuevo-renacer.com\/?s={search_term_string}\"},\"query-input\":{\"@type\":\"PropertyValueSpecification\",\"valueRequired\":true,\"valueName\":\"search_term_string\"}}],\"inLanguage\":\"fr-FR\"},{\"@type\":\"Organization\",\"@id\":\"https:\/\/nuevo-renacer.com\/#organization\",\"name\":\"UFEC\",\"url\":\"https:\/\/nuevo-renacer.com\/\",\"logo\":{\"@type\":\"ImageObject\",\"inLanguage\":\"fr-FR\",\"@id\":\"https:\/\/nuevo-renacer.com\/#\/schema\/logo\/image\/\",\"url\":\"https:\/\/nuevo-renacer.com\/wp-content\/uploads\/2024\/05\/cropped-LOGO-TERMINADO1-3-3.png\",\"contentUrl\":\"https:\/\/nuevo-renacer.com\/wp-content\/uploads\/2024\/05\/cropped-LOGO-TERMINADO1-3-3.png\",\"width\":512,\"height\":512,\"caption\":\"UFEC\"},\"image\":{\"@id\":\"https:\/\/nuevo-renacer.com\/#\/schema\/logo\/image\/\"},\"sameAs\":[\"https:\/\/www.facebook.com\/groups\/3431398063740829\"]}]}<\/script>\n<!-- \/ Yoast SEO Premium plugin. -->","yoast_head_json":{"title":"Historia del espiritismo en Costa Rica - Uni\u00f3n Esp\u00edrita","robots":{"index":"index","follow":"follow","max-snippet":"max-snippet:-1","max-image-preview":"max-image-preview:large","max-video-preview":"max-video-preview:-1"},"canonical":"https:\/\/nuevo-renacer.com\/fr\/historia-del-espiritismo-en-costa-rica\/","og_locale":"fr_FR","og_type":"article","og_title":"Historia del espiritismo en Costa Rica","og_description":"Historia del espiritismo en Costa Rica Desde 1874 ya el vicario Domingo Rivas alertaba desde el p\u00falpito contra la circulaci\u00f3n de literatura espiritista de Allan Kardec en el pa\u00eds. Aunque se desconoce el inicio exacto del espiritismo en Costa Rica ya desde 1896 existe al menos un c\u00edrculo ocultista que publica la revista Grano de [&hellip;]","og_url":"https:\/\/nuevo-renacer.com\/fr\/historia-del-espiritismo-en-costa-rica\/","og_site_name":"Uni\u00f3n Esp\u00edrita","article_publisher":"https:\/\/www.facebook.com\/groups\/3431398063740829","article_modified_time":"2024-10-18T08:33:40+00:00","og_image":[{"width":220,"height":132,"url":"https:\/\/nuevo-renacer.com\/wp-content\/uploads\/2024\/10\/costa-rica.png","type":"image\/png"}],"twitter_card":"summary_large_image","twitter_misc":{"Dur\u00e9e de lecture estim\u00e9e":"3 minutes"},"schema":{"@context":"https:\/\/schema.org","@graph":[{"@type":"WebPage","@id":"https:\/\/nuevo-renacer.com\/historia-del-espiritismo-en-costa-rica\/","url":"https:\/\/nuevo-renacer.com\/historia-del-espiritismo-en-costa-rica\/","name":"Historia del espiritismo en Costa Rica - Uni\u00f3n Esp\u00edrita","isPartOf":{"@id":"https:\/\/nuevo-renacer.com\/#website"},"primaryImageOfPage":{"@id":"https:\/\/nuevo-renacer.com\/historia-del-espiritismo-en-costa-rica\/#primaryimage"},"image":{"@id":"https:\/\/nuevo-renacer.com\/historia-del-espiritismo-en-costa-rica\/#primaryimage"},"thumbnailUrl":"https:\/\/nuevo-renacer.com\/wp-content\/uploads\/2024\/10\/costa-rica.png","datePublished":"2024-10-18T08:28:49+00:00","dateModified":"2024-10-18T08:33:40+00:00","breadcrumb":{"@id":"https:\/\/nuevo-renacer.com\/historia-del-espiritismo-en-costa-rica\/#breadcrumb"},"inLanguage":"fr-FR","potentialAction":[{"@type":"ReadAction","target":["https:\/\/nuevo-renacer.com\/historia-del-espiritismo-en-costa-rica\/"]}]},{"@type":"ImageObject","inLanguage":"fr-FR","@id":"https:\/\/nuevo-renacer.com\/historia-del-espiritismo-en-costa-rica\/#primaryimage","url":"https:\/\/nuevo-renacer.com\/wp-content\/uploads\/2024\/10\/costa-rica.png","contentUrl":"https:\/\/nuevo-renacer.com\/wp-content\/uploads\/2024\/10\/costa-rica.png"},{"@type":"BreadcrumbList","@id":"https:\/\/nuevo-renacer.com\/historia-del-espiritismo-en-costa-rica\/#breadcrumb","itemListElement":[{"@type":"ListItem","position":1,"name":"Startseite","item":"https:\/\/nuevo-renacer.com\/"},{"@type":"ListItem","position":2,"name":"Historia del espiritismo en Costa Rica"}]},{"@type":"WebSite","@id":"https:\/\/nuevo-renacer.com\/#website","url":"https:\/\/nuevo-renacer.com\/","name":"Uni\u00f3n Esp\u00edrita","description":"Nuevo Renacer","publisher":{"@id":"https:\/\/nuevo-renacer.com\/#organization"},"potentialAction":[{"@type":"SearchAction","target":{"@type":"EntryPoint","urlTemplate":"https:\/\/nuevo-renacer.com\/?s={search_term_string}"},"query-input":{"@type":"PropertyValueSpecification","valueRequired":true,"valueName":"search_term_string"}}],"inLanguage":"fr-FR"},{"@type":"Organization","@id":"https:\/\/nuevo-renacer.com\/#organization","name":"UFEC","url":"https:\/\/nuevo-renacer.com\/","logo":{"@type":"ImageObject","inLanguage":"fr-FR","@id":"https:\/\/nuevo-renacer.com\/#\/schema\/logo\/image\/","url":"https:\/\/nuevo-renacer.com\/wp-content\/uploads\/2024\/05\/cropped-LOGO-TERMINADO1-3-3.png","contentUrl":"https:\/\/nuevo-renacer.com\/wp-content\/uploads\/2024\/05\/cropped-LOGO-TERMINADO1-3-3.png","width":512,"height":512,"caption":"UFEC"},"image":{"@id":"https:\/\/nuevo-renacer.com\/#\/schema\/logo\/image\/"},"sameAs":["https:\/\/www.facebook.com\/groups\/3431398063740829"]}]}},"uagb_featured_image_src":{"full":false,"thumbnail":false,"medium":false,"medium_large":false,"large":false,"1536x1536":false,"2048x2048":false,"trp-custom-language-flag":false},"uagb_author_info":{"display_name":"adbv0","author_link":"https:\/\/nuevo-renacer.com\/fr\/author\/adbv0\/"},"uagb_comment_info":0,"uagb_excerpt":"Historia del espiritismo en Costa Rica Desde 1874 ya el vicario Domingo Rivas alertaba desde el p\u00falpito contra la circulaci\u00f3n de literatura espiritista de Allan Kardec en el pa\u00eds. Aunque se desconoce el inicio exacto del espiritismo en Costa Rica ya desde 1896 existe al menos un c\u00edrculo ocultista que publica la revista Grano de\u2026","jetpack_sharing_enabled":true,"_links":{"self":[{"href":"https:\/\/nuevo-renacer.com\/fr\/wp-json\/wp\/v2\/pages\/5641","targetHints":{"allow":["GET"]}}],"collection":[{"href":"https:\/\/nuevo-renacer.com\/fr\/wp-json\/wp\/v2\/pages"}],"about":[{"href":"https:\/\/nuevo-renacer.com\/fr\/wp-json\/wp\/v2\/types\/page"}],"author":[{"embeddable":true,"href":"https:\/\/nuevo-renacer.com\/fr\/wp-json\/wp\/v2\/users\/1"}],"replies":[{"embeddable":true,"href":"https:\/\/nuevo-renacer.com\/fr\/wp-json\/wp\/v2\/comments?post=5641"}],"version-history":[{"count":2,"href":"https:\/\/nuevo-renacer.com\/fr\/wp-json\/wp\/v2\/pages\/5641\/revisions"}],"predecessor-version":[{"id":5647,"href":"https:\/\/nuevo-renacer.com\/fr\/wp-json\/wp\/v2\/pages\/5641\/revisions\/5647"}],"wp:attachment":[{"href":"https:\/\/nuevo-renacer.com\/fr\/wp-json\/wp\/v2\/media?parent=5641"}],"curies":[{"name":"wp","href":"https:\/\/api.w.org\/{rel}","templated":true}]}}