{"id":5605,"date":"2024-10-17T12:35:36","date_gmt":"2024-10-17T12:35:36","guid":{"rendered":"https:\/\/nuevo-renacer.com\/?page_id=5605"},"modified":"2024-10-17T13:00:15","modified_gmt":"2024-10-17T13:00:15","slug":"historia-del-espiritismo-en-chile","status":"publish","type":"page","link":"https:\/\/nuevo-renacer.com\/fr\/historia-del-espiritismo-en-chile\/","title":{"rendered":"Histoire du spiritisme au Chili"},"content":{"rendered":"<div class=\"wp-block-uagb-container uagb-block-32cf11ee alignfull uagb-is-root-container\"><div class=\"uagb-container-inner-blocks-wrap\">\n<p class=\"has-black-color has-text-color has-link-color has-medium-font-size wp-elements-31157abb6c433cbe551248a19a65fe4f\"><strong>Histoire du spiritisme au Chili<\/strong><\/p>\n<\/div><\/div>\n\n\n\n<div class=\"wp-block-uagb-container uagb-block-9a3b7f73 alignfull uagb-is-root-container\"><div class=\"uagb-container-inner-blocks-wrap\"><\/div><\/div>\n\n\n\n<div class=\"wp-block-uagb-container uagb-block-513333a6 alignfull uagb-is-root-container\"><div class=\"uagb-container-inner-blocks-wrap\">\n<figure class=\"wp-block-image size-full is-resized has-custom-border\"><img fetchpriority=\"high\" decoding=\"async\" width=\"1000\" height=\"667\" src=\"https:\/\/nuevo-renacer.com\/wp-content\/uploads\/2024\/10\/chile1.jpg\" alt=\"\" class=\"wp-image-5606\" style=\"border-width:1px;width:84px\" srcset=\"https:\/\/nuevo-renacer.com\/wp-content\/uploads\/2024\/10\/chile1.jpg 1000w, https:\/\/nuevo-renacer.com\/wp-content\/uploads\/2024\/10\/chile1-300x200.jpg 300w, https:\/\/nuevo-renacer.com\/wp-content\/uploads\/2024\/10\/chile1-768x512.jpg 768w, https:\/\/nuevo-renacer.com\/wp-content\/uploads\/2024\/10\/chile1-18x12.jpg 18w\" sizes=\"(max-width: 1000px) 100vw, 1000px\" \/><\/figure>\n<\/div><\/div>\n\n\n\n<div class=\"wp-block-uagb-container uagb-block-bd4e521e alignfull uagb-is-root-container\"><div class=\"uagb-container-inner-blocks-wrap\">\n<p class=\"has-black-color has-text-color has-link-color has-small-font-size wp-elements-56ec8224be1acb1b934d8dbd99eba78f\">Le spiritisme au Chili a commenc\u00e9 \u00e0 se r\u00e9pandre vers le milieu du dix-NEUVI\u00c8ME si\u00e8cle \u00e0 travers la circulation de livres et de magazines. Dans les ann\u00e9es suivantes, le diff\u00e9rend entre les partisans et les adversaires de cette doctrine a montr\u00e9 les diff\u00e9rentes positions qui existait autour d&#039;elle, et la fa\u00e7on dont elle a \u00e9t\u00e9 re\u00e7ue dans le pays.<\/p>\n\n\n\n<p class=\"has-black-color has-text-color has-link-color has-small-font-size wp-elements-29f43200c52e6da16644feec06c8088e\">En 1862, l&#039;Imprimerie Chill\u00e1n publi\u00e9 une traduction du Livre des Esprits d&#039;Allan Kardec (1804-1869), un texte qui a \u00e9t\u00e9 compil\u00e9 par la doctrine spirit. Dans les ann\u00e9es suivantes, le spiritisme se propager dans tout le pays par le biais de la traduction des textes des autres auteurs \u00e9trangers consacr\u00e9s \u00e0 cette doctrine, et de la circulation des magazines spiritualistes.<\/p>\n\n\n\n<p class=\"has-black-color has-text-color has-link-color has-small-font-size wp-elements-86c23542bc731433127cbc8de54289a1\">Alors que dans la sph\u00e8re publique, le spiritisme est g\u00e9n\u00e9ralement domin\u00e9 par les hommes, a \u00e9t\u00e9 dans l&#039;espace domestique o\u00f9 la femme a \u00e9t\u00e9 en mesure de d\u00e9velopper une participation au sein de cette doctrine. En g\u00e9n\u00e9ral, ce qui s&#039;est pass\u00e9 dans les s\u00e9ances o\u00f9 les femmes \u00e9taient des sorciers ou des m\u00e9diums de communication. Des histoires de ce genre, \u00e9crit par Rosario Orrego dans la Revue de la Quinzaine des r\u00e9alisateurs (1873) et de Mercedes Echeverria de Vargas, dans le livre Trente et trois jours de spiritisme ou les d\u00e9ceptions d&#039;un spiritualiste (1902), sont analys\u00e9s dans la M\u00e9moire du Chili.<\/p>\n\n\n\n<div class=\"wp-block-uagb-container uagb-block-0d4c46a4\">\n<figure class=\"wp-block-gallery has-nested-images columns-default is-cropped wp-block-gallery-1 is-layout-flex wp-block-gallery-is-layout-flex\">\n<figure class=\"wp-block-image size-large\"><img decoding=\"async\" width=\"200\" height=\"223\" data-id=\"5612\" src=\"https:\/\/nuevo-renacer.com\/wp-content\/uploads\/2024\/10\/rosario-1.jpg\" alt=\"\" class=\"wp-image-5612\" srcset=\"https:\/\/nuevo-renacer.com\/wp-content\/uploads\/2024\/10\/rosario-1.jpg 200w, https:\/\/nuevo-renacer.com\/wp-content\/uploads\/2024\/10\/rosario-1-11x12.jpg 11w\" sizes=\"(max-width: 200px) 100vw, 200px\" \/><figcaption class=\"wp-element-caption\">Rosario Orrego<\/figcaption><\/figure>\n\n\n\n<figure class=\"wp-block-image size-large\"><img decoding=\"async\" width=\"228\" height=\"314\" data-id=\"5614\" src=\"https:\/\/nuevo-renacer.com\/wp-content\/uploads\/2024\/10\/mercedes.jpg\" alt=\"\" class=\"wp-image-5614\" srcset=\"https:\/\/nuevo-renacer.com\/wp-content\/uploads\/2024\/10\/mercedes.jpg 228w, https:\/\/nuevo-renacer.com\/wp-content\/uploads\/2024\/10\/mercedes-218x300.jpg 218w, https:\/\/nuevo-renacer.com\/wp-content\/uploads\/2024\/10\/mercedes-9x12.jpg 9w\" sizes=\"(max-width: 228px) 100vw, 228px\" \/><figcaption class=\"wp-element-caption\">Mercedes Echeverria Vargas<\/figcaption><\/figure>\n<\/figure>\n<\/div>\n\n\n\n<p class=\"has-black-color has-text-color has-link-color has-small-font-size wp-elements-d4a81066ca346ce1162c719f081573aa\">En collaboration avec les associations spiritualistes il y avait d&#039;autres espaces pour la diffusion et la pratique de cette doctrine. Parmi eux, la section \u201cBureau spiritualiste\u201d Magazine de l&#039;\u00c9v\u00e9nement, o\u00f9 les gens pouvaient soumettre leurs demandes d&#039;esprits familiers. En outre, distribu\u00e9s dans le pays et des textes litt\u00e9raires pour la diffusion du spiritisme, comme le roman des R\u00e9v\u00e9lations de l&#039;au-del\u00e0 de la tombe de Ramon Pacheco (1845-1888).<\/p>\n\n\n\n<div class=\"wp-block-uagb-container uagb-block-2d8ceef9\">\n<figure class=\"wp-block-image size-full is-resized\"><img loading=\"lazy\" decoding=\"async\" width=\"427\" height=\"690\" src=\"https:\/\/nuevo-renacer.com\/wp-content\/uploads\/2024\/10\/articles-84980_thumbnail-1.jpg\" alt=\"\" class=\"wp-image-5609\" style=\"width:245px;height:auto\" srcset=\"https:\/\/nuevo-renacer.com\/wp-content\/uploads\/2024\/10\/articles-84980_thumbnail-1.jpg 427w, https:\/\/nuevo-renacer.com\/wp-content\/uploads\/2024\/10\/articles-84980_thumbnail-1-186x300.jpg 186w, https:\/\/nuevo-renacer.com\/wp-content\/uploads\/2024\/10\/articles-84980_thumbnail-1-7x12.jpg 7w\" sizes=\"(max-width: 427px) 100vw, 427px\" \/><\/figure>\n<\/div>\n\n\n\n<p class=\"has-black-color has-text-color has-link-color has-small-font-size wp-elements-e9592a39decb44ac72d26785f64e2cfd\">Ainsi que le spiritisme avait de nombreux adeptes dans le pays, il y avait aussi plusieurs personnes qui se sont oppos\u00e9s publiquement \u00e0 cette doctrine. Un sujet de litige entre les partisans et les adversaires du spiritisme \u00e9tait la v\u00e9rit\u00e9 de leurs ph\u00e9nom\u00e8nes scientifiques.<\/p>\n\n\n\n<p class=\"has-black-color has-text-color has-link-color has-small-font-size wp-elements-a9d8ddaa6e1dc5502cd4f63c8a03ac2e\">Une autre raison est que l&#039;\u00c9glise Catholique a rejet\u00e9 la spiritisme comme un \u201ctravail du diable\u201d. Par cons\u00e9quent, condamn\u00e9 \u00e0 leurs textes doctrinaux, et a appel\u00e9 les fid\u00e8les \u00e0 s&#039;abstenir de pratiquer. L&#039;une des occasions o\u00f9 les catholiques et les spiritualistes face \u00e9tait en 1876, lorsque le p\u00e8re j\u00e9suite Jos\u00e9 Le\u00f3n et le professeur de l&#039;Institut National Francisco Basterrica est discut\u00e9e publiquement sur les principes du spiritisme.<\/p>\n\n\n\n<p class=\"has-black-color has-text-color has-link-color has-small-font-size wp-elements-54f9fdcec5aa81056178fb7fa6286b5a\">Malgr\u00e9 le fait que le spiritisme partag\u00e9 buts et principes avec le catholicisme, cela diff\u00e8re de la pratique catholique dans plusieurs aspects. Parmi eux, le rituel spirite a \u00e9t\u00e9 pratiqu\u00e9 dans l&#039;espace priv\u00e9, et que toute personne peut \u00eatre un moyen, qui pour Manuel Vigogne Larra\u00edn la d\u00e9mocratisation de l&#039;exp\u00e9rience religieuse . En relation avec le spiritisme et le processus de s\u00e9cularisation, au Chili, cet historien a affirm\u00e9 que le spiritisme est une cons\u00e9quence et une cause d&#039;un tel processus, car avec partager avec le catholicisme des \u00e9l\u00e9ments tels que la croyance en Dieu et en l&#039;immortalit\u00e9 de l&#039;\u00e2me.<\/p>\n<\/div><\/div>\n\n\n\n<div class=\"wp-block-uagb-container uagb-block-c6018777 alignfull uagb-is-root-container\"><div class=\"uagb-container-inner-blocks-wrap\"><\/div><\/div>\n\n\n\n<div class=\"wp-block-uagb-container uagb-block-66dc5eab alignfull uagb-is-root-container\"><div class=\"uagb-container-inner-blocks-wrap\"><\/div><\/div>","protected":false},"excerpt":{"rendered":"<p>Historia del espiritismo en Chile El espiritismo en Chile comenz\u00f3 a difundirse a mediados del siglo XIX a trav\u00e9s de la circulaci\u00f3n de libros y de revistas. En los a\u00f1os siguientes, las disputas entre seguidores y opositores de esta doctrina mostraron las distintas posturas que existieron en torno a ella y la forma en que [&hellip;]<\/p>","protected":false},"author":1,"featured_media":0,"parent":0,"menu_order":0,"comment_status":"closed","ping_status":"closed","template":"","meta":{"_uag_custom_page_level_css":"","site-sidebar-layout":"default","site-content-layout":"","ast-site-content-layout":"default","site-content-style":"default","site-sidebar-style":"default","ast-global-header-display":"","ast-banner-title-visibility":"","ast-main-header-display":"","ast-hfb-above-header-display":"","ast-hfb-below-header-display":"","ast-hfb-mobile-header-display":"","site-post-title":"disabled","ast-breadcrumbs-content":"","ast-featured-img":"","footer-sml-layout":"","theme-transparent-header-meta":"","adv-header-id-meta":"","stick-header-meta":"","header-above-stick-meta":"","header-main-stick-meta":"","header-below-stick-meta":"","astra-migrate-meta-layouts":"set","ast-page-background-enabled":"default","ast-page-background-meta":{"desktop":{"background-color":"var(--ast-global-color-4)","background-image":"","background-repeat":"repeat","background-position":"center center","background-size":"auto","background-attachment":"scroll","background-type":"","background-media":"","overlay-type":"","overlay-color":"","overlay-opacity":"","overlay-gradient":""},"tablet":{"background-color":"","background-image":"","background-repeat":"repeat","background-position":"center center","background-size":"auto","background-attachment":"scroll","background-type":"","background-media":"","overlay-type":"","overlay-color":"","overlay-opacity":"","overlay-gradient":""},"mobile":{"background-color":"","background-image":"","background-repeat":"repeat","background-position":"center center","background-size":"auto","background-attachment":"scroll","background-type":"","background-media":"","overlay-type":"","overlay-color":"","overlay-opacity":"","overlay-gradient":""}},"ast-content-background-meta":{"desktop":{"background-color":"var(--ast-global-color-5)","background-image":"","background-repeat":"repeat","background-position":"center center","background-size":"auto","background-attachment":"scroll","background-type":"","background-media":"","overlay-type":"","overlay-color":"","overlay-opacity":"","overlay-gradient":""},"tablet":{"background-color":"var(--ast-global-color-5)","background-image":"","background-repeat":"repeat","background-position":"center center","background-size":"auto","background-attachment":"scroll","background-type":"","background-media":"","overlay-type":"","overlay-color":"","overlay-opacity":"","overlay-gradient":""},"mobile":{"background-color":"var(--ast-global-color-5)","background-image":"","background-repeat":"repeat","background-position":"center center","background-size":"auto","background-attachment":"scroll","background-type":"","background-media":"","overlay-type":"","overlay-color":"","overlay-opacity":"","overlay-gradient":""}},"footnotes":""},"class_list":["post-5605","page","type-page","status-publish","hentry"],"yoast_head":"<!-- This site is optimized with the Yoast SEO Premium plugin v24.2 (Yoast SEO v24.6) - https:\/\/yoast.com\/wordpress\/plugins\/seo\/ -->\n<title>Historia del espiritismo en Chile - Uni\u00f3n Esp\u00edrita<\/title>\n<meta name=\"robots\" content=\"index, follow, max-snippet:-1, max-image-preview:large, max-video-preview:-1\" \/>\n<link rel=\"canonical\" href=\"https:\/\/nuevo-renacer.com\/fr\/historia-del-espiritismo-en-chile\/\" \/>\n<meta property=\"og:locale\" content=\"fr_FR\" \/>\n<meta property=\"og:type\" content=\"article\" \/>\n<meta property=\"og:title\" content=\"Historia del espiritismo en Chile\" \/>\n<meta property=\"og:description\" content=\"Historia del espiritismo en Chile El espiritismo en Chile comenz\u00f3 a difundirse a mediados del siglo XIX a trav\u00e9s de la circulaci\u00f3n de libros y de revistas. En los a\u00f1os siguientes, las disputas entre seguidores y opositores de esta doctrina mostraron las distintas posturas que existieron en torno a ella y la forma en que [&hellip;]\" \/>\n<meta property=\"og:url\" content=\"https:\/\/nuevo-renacer.com\/fr\/historia-del-espiritismo-en-chile\/\" \/>\n<meta property=\"og:site_name\" content=\"Uni\u00f3n Esp\u00edrita\" \/>\n<meta property=\"article:publisher\" content=\"https:\/\/www.facebook.com\/groups\/3431398063740829\" \/>\n<meta property=\"article:modified_time\" content=\"2024-10-17T13:00:15+00:00\" \/>\n<meta property=\"og:image\" content=\"https:\/\/nuevo-renacer.com\/wp-content\/uploads\/2024\/10\/chile1.jpg\" \/>\n\t<meta property=\"og:image:width\" content=\"1000\" \/>\n\t<meta property=\"og:image:height\" content=\"667\" \/>\n\t<meta property=\"og:image:type\" content=\"image\/jpeg\" \/>\n<meta name=\"twitter:card\" content=\"summary_large_image\" \/>\n<meta name=\"twitter:label1\" content=\"Dur\u00e9e de lecture estim\u00e9e\" \/>\n\t<meta name=\"twitter:data1\" content=\"3 minutes\" \/>\n<script type=\"application\/ld+json\" class=\"yoast-schema-graph\">{\"@context\":\"https:\/\/schema.org\",\"@graph\":[{\"@type\":\"WebPage\",\"@id\":\"https:\/\/nuevo-renacer.com\/historia-del-espiritismo-en-chile\/\",\"url\":\"https:\/\/nuevo-renacer.com\/historia-del-espiritismo-en-chile\/\",\"name\":\"Historia del espiritismo en Chile - Uni\u00f3n Esp\u00edrita\",\"isPartOf\":{\"@id\":\"https:\/\/nuevo-renacer.com\/#website\"},\"primaryImageOfPage\":{\"@id\":\"https:\/\/nuevo-renacer.com\/historia-del-espiritismo-en-chile\/#primaryimage\"},\"image\":{\"@id\":\"https:\/\/nuevo-renacer.com\/historia-del-espiritismo-en-chile\/#primaryimage\"},\"thumbnailUrl\":\"https:\/\/nuevo-renacer.com\/wp-content\/uploads\/2024\/10\/chile1.jpg\",\"datePublished\":\"2024-10-17T12:35:36+00:00\",\"dateModified\":\"2024-10-17T13:00:15+00:00\",\"breadcrumb\":{\"@id\":\"https:\/\/nuevo-renacer.com\/historia-del-espiritismo-en-chile\/#breadcrumb\"},\"inLanguage\":\"fr-FR\",\"potentialAction\":[{\"@type\":\"ReadAction\",\"target\":[\"https:\/\/nuevo-renacer.com\/historia-del-espiritismo-en-chile\/\"]}]},{\"@type\":\"ImageObject\",\"inLanguage\":\"fr-FR\",\"@id\":\"https:\/\/nuevo-renacer.com\/historia-del-espiritismo-en-chile\/#primaryimage\",\"url\":\"https:\/\/nuevo-renacer.com\/wp-content\/uploads\/2024\/10\/chile1.jpg\",\"contentUrl\":\"https:\/\/nuevo-renacer.com\/wp-content\/uploads\/2024\/10\/chile1.jpg\"},{\"@type\":\"BreadcrumbList\",\"@id\":\"https:\/\/nuevo-renacer.com\/historia-del-espiritismo-en-chile\/#breadcrumb\",\"itemListElement\":[{\"@type\":\"ListItem\",\"position\":1,\"name\":\"Startseite\",\"item\":\"https:\/\/nuevo-renacer.com\/\"},{\"@type\":\"ListItem\",\"position\":2,\"name\":\"Historia del espiritismo en Chile\"}]},{\"@type\":\"WebSite\",\"@id\":\"https:\/\/nuevo-renacer.com\/#website\",\"url\":\"https:\/\/nuevo-renacer.com\/\",\"name\":\"Uni\u00f3n Esp\u00edrita\",\"description\":\"Nuevo Renacer\",\"publisher\":{\"@id\":\"https:\/\/nuevo-renacer.com\/#organization\"},\"potentialAction\":[{\"@type\":\"SearchAction\",\"target\":{\"@type\":\"EntryPoint\",\"urlTemplate\":\"https:\/\/nuevo-renacer.com\/?s={search_term_string}\"},\"query-input\":{\"@type\":\"PropertyValueSpecification\",\"valueRequired\":true,\"valueName\":\"search_term_string\"}}],\"inLanguage\":\"fr-FR\"},{\"@type\":\"Organization\",\"@id\":\"https:\/\/nuevo-renacer.com\/#organization\",\"name\":\"UFEC\",\"url\":\"https:\/\/nuevo-renacer.com\/\",\"logo\":{\"@type\":\"ImageObject\",\"inLanguage\":\"fr-FR\",\"@id\":\"https:\/\/nuevo-renacer.com\/#\/schema\/logo\/image\/\",\"url\":\"https:\/\/nuevo-renacer.com\/wp-content\/uploads\/2024\/05\/cropped-LOGO-TERMINADO1-3-3.png\",\"contentUrl\":\"https:\/\/nuevo-renacer.com\/wp-content\/uploads\/2024\/05\/cropped-LOGO-TERMINADO1-3-3.png\",\"width\":512,\"height\":512,\"caption\":\"UFEC\"},\"image\":{\"@id\":\"https:\/\/nuevo-renacer.com\/#\/schema\/logo\/image\/\"},\"sameAs\":[\"https:\/\/www.facebook.com\/groups\/3431398063740829\"]}]}<\/script>\n<!-- \/ Yoast SEO Premium plugin. -->","yoast_head_json":{"title":"Historia del espiritismo en Chile - Uni\u00f3n Esp\u00edrita","robots":{"index":"index","follow":"follow","max-snippet":"max-snippet:-1","max-image-preview":"max-image-preview:large","max-video-preview":"max-video-preview:-1"},"canonical":"https:\/\/nuevo-renacer.com\/fr\/historia-del-espiritismo-en-chile\/","og_locale":"fr_FR","og_type":"article","og_title":"Historia del espiritismo en Chile","og_description":"Historia del espiritismo en Chile El espiritismo en Chile comenz\u00f3 a difundirse a mediados del siglo XIX a trav\u00e9s de la circulaci\u00f3n de libros y de revistas. En los a\u00f1os siguientes, las disputas entre seguidores y opositores de esta doctrina mostraron las distintas posturas que existieron en torno a ella y la forma en que [&hellip;]","og_url":"https:\/\/nuevo-renacer.com\/fr\/historia-del-espiritismo-en-chile\/","og_site_name":"Uni\u00f3n Esp\u00edrita","article_publisher":"https:\/\/www.facebook.com\/groups\/3431398063740829","article_modified_time":"2024-10-17T13:00:15+00:00","og_image":[{"width":1000,"height":667,"url":"https:\/\/nuevo-renacer.com\/wp-content\/uploads\/2024\/10\/chile1.jpg","type":"image\/jpeg"}],"twitter_card":"summary_large_image","twitter_misc":{"Dur\u00e9e de lecture estim\u00e9e":"3 minutes"},"schema":{"@context":"https:\/\/schema.org","@graph":[{"@type":"WebPage","@id":"https:\/\/nuevo-renacer.com\/historia-del-espiritismo-en-chile\/","url":"https:\/\/nuevo-renacer.com\/historia-del-espiritismo-en-chile\/","name":"Historia del espiritismo en Chile - Uni\u00f3n Esp\u00edrita","isPartOf":{"@id":"https:\/\/nuevo-renacer.com\/#website"},"primaryImageOfPage":{"@id":"https:\/\/nuevo-renacer.com\/historia-del-espiritismo-en-chile\/#primaryimage"},"image":{"@id":"https:\/\/nuevo-renacer.com\/historia-del-espiritismo-en-chile\/#primaryimage"},"thumbnailUrl":"https:\/\/nuevo-renacer.com\/wp-content\/uploads\/2024\/10\/chile1.jpg","datePublished":"2024-10-17T12:35:36+00:00","dateModified":"2024-10-17T13:00:15+00:00","breadcrumb":{"@id":"https:\/\/nuevo-renacer.com\/historia-del-espiritismo-en-chile\/#breadcrumb"},"inLanguage":"fr-FR","potentialAction":[{"@type":"ReadAction","target":["https:\/\/nuevo-renacer.com\/historia-del-espiritismo-en-chile\/"]}]},{"@type":"ImageObject","inLanguage":"fr-FR","@id":"https:\/\/nuevo-renacer.com\/historia-del-espiritismo-en-chile\/#primaryimage","url":"https:\/\/nuevo-renacer.com\/wp-content\/uploads\/2024\/10\/chile1.jpg","contentUrl":"https:\/\/nuevo-renacer.com\/wp-content\/uploads\/2024\/10\/chile1.jpg"},{"@type":"BreadcrumbList","@id":"https:\/\/nuevo-renacer.com\/historia-del-espiritismo-en-chile\/#breadcrumb","itemListElement":[{"@type":"ListItem","position":1,"name":"Startseite","item":"https:\/\/nuevo-renacer.com\/"},{"@type":"ListItem","position":2,"name":"Historia del espiritismo en Chile"}]},{"@type":"WebSite","@id":"https:\/\/nuevo-renacer.com\/#website","url":"https:\/\/nuevo-renacer.com\/","name":"Uni\u00f3n Esp\u00edrita","description":"Nuevo Renacer","publisher":{"@id":"https:\/\/nuevo-renacer.com\/#organization"},"potentialAction":[{"@type":"SearchAction","target":{"@type":"EntryPoint","urlTemplate":"https:\/\/nuevo-renacer.com\/?s={search_term_string}"},"query-input":{"@type":"PropertyValueSpecification","valueRequired":true,"valueName":"search_term_string"}}],"inLanguage":"fr-FR"},{"@type":"Organization","@id":"https:\/\/nuevo-renacer.com\/#organization","name":"UFEC","url":"https:\/\/nuevo-renacer.com\/","logo":{"@type":"ImageObject","inLanguage":"fr-FR","@id":"https:\/\/nuevo-renacer.com\/#\/schema\/logo\/image\/","url":"https:\/\/nuevo-renacer.com\/wp-content\/uploads\/2024\/05\/cropped-LOGO-TERMINADO1-3-3.png","contentUrl":"https:\/\/nuevo-renacer.com\/wp-content\/uploads\/2024\/05\/cropped-LOGO-TERMINADO1-3-3.png","width":512,"height":512,"caption":"UFEC"},"image":{"@id":"https:\/\/nuevo-renacer.com\/#\/schema\/logo\/image\/"},"sameAs":["https:\/\/www.facebook.com\/groups\/3431398063740829"]}]}},"uagb_featured_image_src":{"full":false,"thumbnail":false,"medium":false,"medium_large":false,"large":false,"1536x1536":false,"2048x2048":false,"trp-custom-language-flag":false},"uagb_author_info":{"display_name":"adbv0","author_link":"https:\/\/nuevo-renacer.com\/fr\/author\/adbv0\/"},"uagb_comment_info":0,"uagb_excerpt":"Historia del espiritismo en Chile El espiritismo en Chile comenz\u00f3 a difundirse a mediados del siglo XIX a trav\u00e9s de la circulaci\u00f3n de libros y de revistas. En los a\u00f1os siguientes, las disputas entre seguidores y opositores de esta doctrina mostraron las distintas posturas que existieron en torno a ella y la forma en que\u2026","jetpack_sharing_enabled":true,"_links":{"self":[{"href":"https:\/\/nuevo-renacer.com\/fr\/wp-json\/wp\/v2\/pages\/5605","targetHints":{"allow":["GET"]}}],"collection":[{"href":"https:\/\/nuevo-renacer.com\/fr\/wp-json\/wp\/v2\/pages"}],"about":[{"href":"https:\/\/nuevo-renacer.com\/fr\/wp-json\/wp\/v2\/types\/page"}],"author":[{"embeddable":true,"href":"https:\/\/nuevo-renacer.com\/fr\/wp-json\/wp\/v2\/users\/1"}],"replies":[{"embeddable":true,"href":"https:\/\/nuevo-renacer.com\/fr\/wp-json\/wp\/v2\/comments?post=5605"}],"version-history":[{"count":5,"href":"https:\/\/nuevo-renacer.com\/fr\/wp-json\/wp\/v2\/pages\/5605\/revisions"}],"predecessor-version":[{"id":5619,"href":"https:\/\/nuevo-renacer.com\/fr\/wp-json\/wp\/v2\/pages\/5605\/revisions\/5619"}],"wp:attachment":[{"href":"https:\/\/nuevo-renacer.com\/fr\/wp-json\/wp\/v2\/media?parent=5605"}],"curies":[{"name":"wp","href":"https:\/\/api.w.org\/{rel}","templated":true}]}}