{"id":5584,"date":"2024-10-17T08:26:16","date_gmt":"2024-10-17T08:26:16","guid":{"rendered":"https:\/\/nuevo-renacer.com\/?page_id=5584"},"modified":"2024-10-17T08:34:09","modified_gmt":"2024-10-17T08:34:09","slug":"historia-del-espiritismo-en-argentina","status":"publish","type":"page","link":"https:\/\/nuevo-renacer.com\/fr\/historia-del-espiritismo-en-argentina\/","title":{"rendered":"Histoire du spiritisme en Argentine"},"content":{"rendered":"<div class=\"wp-block-uagb-container uagb-block-9ffcbae0 alignfull uagb-is-root-container\"><div class=\"uagb-container-inner-blocks-wrap\">\n<p class=\"has-black-color has-text-color has-link-color has-medium-font-size wp-elements-e55091f3ca7b21b73485053eee4fa2d9\"><strong>Histoire du spiritisme en Argentine<\/strong><\/p>\n<\/div><\/div>\n\n\n\n<div class=\"wp-block-uagb-container uagb-block-23c64ebe alignfull uagb-is-root-container\"><div class=\"uagb-container-inner-blocks-wrap\"><\/div><\/div>\n\n\n\n<div class=\"wp-block-uagb-container uagb-block-54e1bbe6 alignfull uagb-is-root-container\"><div class=\"uagb-container-inner-blocks-wrap\">\n<figure class=\"wp-block-image size-full is-resized\"><img fetchpriority=\"high\" decoding=\"async\" width=\"960\" height=\"640\" src=\"https:\/\/nuevo-renacer.com\/wp-content\/uploads\/2024\/10\/argentinien-flagge.jpg\" alt=\"\" class=\"wp-image-5585\" style=\"width:84px\" srcset=\"https:\/\/nuevo-renacer.com\/wp-content\/uploads\/2024\/10\/argentinien-flagge.jpg 960w, https:\/\/nuevo-renacer.com\/wp-content\/uploads\/2024\/10\/argentinien-flagge-300x200.jpg 300w, https:\/\/nuevo-renacer.com\/wp-content\/uploads\/2024\/10\/argentinien-flagge-768x512.jpg 768w, https:\/\/nuevo-renacer.com\/wp-content\/uploads\/2024\/10\/argentinien-flagge-18x12.jpg 18w\" sizes=\"(max-width: 960px) 100vw, 960px\" \/><\/figure>\n<\/div><\/div>\n\n\n\n<div class=\"wp-block-uagb-container uagb-block-e9de749d alignfull uagb-is-root-container\"><div class=\"uagb-container-inner-blocks-wrap\"><\/div><\/div>\n\n\n\n<div class=\"wp-block-uagb-container uagb-block-f552f511 alignfull uagb-is-root-container\"><div class=\"uagb-container-inner-blocks-wrap\">\n<p class=\"has-black-color has-text-color has-link-color has-small-font-size wp-elements-e05374fd7a5fcd98d424ef6d3d714014\">Dans le sillage de la venue de Cadeau Juste pour l&#039;\u00c9p\u00e9e -produit environ entre 1869 et 1870-, chevalier, ce dernier originaire de Malaga, en Espagne, nous avons eu des nouvelles de l&#039;\u00e9mergence de spiritisme et de sa diffusion en Europe.<\/p>\n\n\n\n<p class=\"has-black-color has-text-color has-link-color has-small-font-size wp-elements-294a4ff4319323427b5395d31dac46ef\">Est directement li\u00e9e \u00e0 d&#039;importants hommes d&#039;affaires et professionnels de la ville, Juste de l&#039;\u00c9p\u00e9e, a organis\u00e9 le premier groupe de l&#039;exp\u00e9rimentation, ils ont effectu\u00e9 leurs s\u00e9ances dans les hauts lieux de la pharmacie de l&#039;un des membres, situ\u00e9 sur le coin de Corrientes et Carlos Pellegrini, pr\u00e9cis\u00e9ment en face de l&#039;\u00c9glise de Saint-Nicolas, qui en \u00e9tait alors situ\u00e9 dans l&#039;emplacement approximatif o\u00f9 se trouve aujourd&#039;hui l&#039;Ob\u00e9lisque.<\/p>\n\n\n\n<div class=\"wp-block-uagb-container uagb-block-8208b511\">\n<figure class=\"wp-block-image size-large is-resized\"><img decoding=\"async\" width=\"1024\" height=\"576\" src=\"https:\/\/nuevo-renacer.com\/wp-content\/uploads\/2024\/10\/OT7RRTDI4JAFFG7PKSP2YIU7H4-1024x576.jpg\" alt=\"\" class=\"wp-image-5586\" style=\"width:272px;height:auto\" srcset=\"https:\/\/nuevo-renacer.com\/wp-content\/uploads\/2024\/10\/OT7RRTDI4JAFFG7PKSP2YIU7H4-1024x576.jpg 1024w, https:\/\/nuevo-renacer.com\/wp-content\/uploads\/2024\/10\/OT7RRTDI4JAFFG7PKSP2YIU7H4-300x169.jpg 300w, https:\/\/nuevo-renacer.com\/wp-content\/uploads\/2024\/10\/OT7RRTDI4JAFFG7PKSP2YIU7H4-768x432.jpg 768w, https:\/\/nuevo-renacer.com\/wp-content\/uploads\/2024\/10\/OT7RRTDI4JAFFG7PKSP2YIU7H4-18x10.jpg 18w, https:\/\/nuevo-renacer.com\/wp-content\/uploads\/2024\/10\/OT7RRTDI4JAFFG7PKSP2YIU7H4.jpg 1366w\" sizes=\"(max-width: 1024px) 100vw, 1024px\" \/><figcaption class=\"wp-element-caption\">L&#039;\u00e9glise de San Nicol\u00e1s de Bari<\/figcaption><\/figure>\n<\/div>\n\n\n\n<p class=\"has-black-color has-text-color has-link-color has-small-font-size wp-elements-b157184786214a0bc7d863c72523379e\">Les ph\u00e9nom\u00e8nes de la physique des effets caract\u00e9ristiques de la premi\u00e8re \u00e9tape de l&#039;expansion de spiritisme dans le monde - ont \u00e9t\u00e9 \u201ctr\u00e8s convaincant\u201d, alors que d&#039;ordinaire le genre de frivole, et ont \u00e9t\u00e9 jou\u00e9s \u00e0 une vitesse vertigineuse (coups, levitaciones, les voyages, la communication avec l&#039;alphabet par le biais de coups, etc).<\/p>\n\n\n\n<p class=\"has-black-color has-text-color has-link-color has-small-font-size wp-elements-bc57f1c1342b0cf9f7727f037963a729\">Attir\u00e9s par ce nouveau d\u00e9veloppement, les groupes de recherche se sont multipli\u00e9s dans un court laps de temps, mais il y avait aussi parmi les curieux qui a not\u00e9 que les ph\u00e9nom\u00e8nes \u201cont \u00e9t\u00e9 un signe s\u00fbr de qu&#039;en eux il y avait un principe intelligent, une v\u00e9rit\u00e9 couvert par le voile de myst\u00e8res, pour lesquels des pr\u00e9cisions sont n\u00e9cessaires \u00e0 l&#039;\u00e9tude, avec l&#039;observation m\u00e9thodique\u201d.<\/p>\n\n\n\n<p class=\"has-black-color has-text-color has-link-color has-small-font-size wp-elements-769a145971752f145417ccee60498656\">\u00c0 partir de l\u00e0, il a cr\u00e9\u00e9 une division claire: d&#039;un c\u00f4t\u00e9 est doubl\u00e9e jusqu&#039;\u00e0 la exclusivement int\u00e9ress\u00e9s par le \u201cdivertissement social\u201d, et d&#039;autre part, ont \u00e9t\u00e9 ceux qui, pouss\u00e9s par la d\u00e9rivation de scientifique, philosophique et religieux de l&#039;incroyable faits, ceux qui \u00e9taient de ralliement et a donn\u00e9 lieu \u00e0 l&#039;apparition des premi\u00e8res institutions graves, dont l&#039;objectif \u00e9tait l&#039;\u00e9tude de la doctrine spirite.<\/p>\n\n\n\n<p class=\"has-black-color has-text-color has-link-color has-small-font-size wp-elements-abd4275c9c4cd883775d98748234bf85\">En 1877, la seule entreprise dans la ville de Buenos Aires \u00e9tait la \u201cPreuve\u201d, due \u00e0 l&#039;initiative d&#039;un groupe th\u00e9orique-pratique dont le cr\u00e9ateur \u00e9tait le professeur de langues Ange Scarnicchia. Pour sa part, Antonio Ugarte et son \u00e9pouse Rosa Basset, fond\u00e9e en avril 1880, \u201cLa Fraternit\u00e9\u201d.<\/p>\n\n\n\n<div class=\"wp-block-uagb-container uagb-block-39ebafd1\">\n<figure class=\"wp-block-image size-full is-resized\"><img decoding=\"async\" width=\"487\" height=\"640\" src=\"https:\/\/nuevo-renacer.com\/wp-content\/uploads\/2024\/10\/21.Sociedad-Constancia-1877-487x640-1.jpg\" alt=\"\" class=\"wp-image-5587\" style=\"width:253px;height:auto\" srcset=\"https:\/\/nuevo-renacer.com\/wp-content\/uploads\/2024\/10\/21.Sociedad-Constancia-1877-487x640-1.jpg 487w, https:\/\/nuevo-renacer.com\/wp-content\/uploads\/2024\/10\/21.Sociedad-Constancia-1877-487x640-1-228x300.jpg 228w, https:\/\/nuevo-renacer.com\/wp-content\/uploads\/2024\/10\/21.Sociedad-Constancia-1877-487x640-1-9x12.jpg 9w\" sizes=\"(max-width: 487px) 100vw, 487px\" \/><figcaption class=\"wp-element-caption\">La Soci\u00e9t\u00e9 De Constance (1877)<\/figcaption><\/figure>\n<\/div>\n\n\n\n<p class=\"has-black-color has-text-color has-link-color has-small-font-size wp-elements-280cabd814145db9bf2fa34a007c0343\">Pour 1888, contrairement \u00e0 ces groupes, graves, \u00e9taient d\u00e9j\u00e0 en hausse, le mal soi-disant spiritualistes, qu&#039;avec un tel titre avait toutes sortes de gestion de trouble et se sont pr\u00e9sent\u00e9s comme des gu\u00e9risseurs, des arrangeurs de desinteligencias, avec une perte nette de prestige pour ceux qui sont impliqu\u00e9s dans la diss\u00e9mination de la philosophie qui a \u00e9merg\u00e9 avec l&#039;\u0153uvre d&#039;Allan Kardec.<\/p>\n\n\n\n<p class=\"has-black-color has-text-color has-link-color has-small-font-size wp-elements-1b2c27df00c36e09e4d706f6fa426e38\">Ils \u00e9taient des imposteurs qui ont exploit\u00e9 la cr\u00e9dulit\u00e9 et la na\u00efvet\u00e9 des gens, en sp\u00e9culant avec le produit d&#039;assurance qui a produit le des pr\u00e9dictions et de la divination. Le son, la esp\u00edritas bien intentionn\u00e9s soient-ils, dans cette situation, vous avez exp\u00e9riment\u00e9 honda besoin de cr\u00e9er un front commun de lutte correctement.<\/p>\n\n\n\n<p class=\"has-black-color has-text-color has-link-color has-small-font-size wp-elements-34031198e3970eb5f78755b200cda28a\">Sur l&#039;initiative d&#039;Antonio Ugarte, a \u00e9t\u00e9 termin\u00e9 en 1888, le russe Spiritualiste de l&#039;Argentine. Son premier conseil d&#039;Administration a \u00e9t\u00e9 form\u00e9 en 1890 et a d\u00fb Antonio Ugarte en tant que Pr\u00e9sident. En f\u00e9vrier 1891, le magazine de \u201cLa Fraternit\u00e9\u201d se trouve \u00eatre l&#039;organe le journal de la F\u00e9d\u00e9ration, dirig\u00e9 par Manuel S\u00e1enz Poli.<\/p>\n\n\n\n<div class=\"wp-block-uagb-container uagb-block-d3c2b8fd\">\n<figure class=\"wp-block-image size-full is-resized\"><img loading=\"lazy\" decoding=\"async\" width=\"130\" height=\"193\" src=\"https:\/\/nuevo-renacer.com\/wp-content\/uploads\/2024\/10\/antonio_ugarte.jpg\" alt=\"\" class=\"wp-image-5588\" style=\"width:196px;height:auto\" srcset=\"https:\/\/nuevo-renacer.com\/wp-content\/uploads\/2024\/10\/antonio_ugarte.jpg 130w, https:\/\/nuevo-renacer.com\/wp-content\/uploads\/2024\/10\/antonio_ugarte-8x12.jpg 8w\" sizes=\"(max-width: 130px) 100vw, 130px\" \/><figcaption class=\"wp-element-caption\">Antonio Ugarte<\/figcaption><\/figure>\n<\/div>\n\n\n\n<p class=\"has-black-color has-text-color has-link-color has-small-font-size wp-elements-f4b43798f2dfdecbf3c633a829b1438d\">Cette m\u00eame ann\u00e9e, le dialogue commence avec le Pr\u00e9sident de la Soci\u00e9t\u00e9 \u201cRecord\u201d, Cosme Mari\u00f1o, bien que r\u00e9cemment, en novembre 1899, la premi\u00e8re r\u00e9union pr\u00e9paratoire s&#039;est tenue dans les locaux de \u201cLa Fraternit\u00e9\u201d. Les paroles de Ugarte en ce moment, l&#039;indiquer clairement sa pens\u00e9e de maturit\u00e9:<\/p>\n\n\n\n<p class=\"has-black-color has-text-color has-link-color has-small-font-size wp-elements-75c3531bf1960b753a258d79305b1ce5\">\u201cL&#039;un des plus grands maux qui a le spiritisme \u00e0 l&#039;int\u00e9rieur, consiste dans l&#039;existence de groupes qui sont appel\u00e9s les spiritualistes et que la seule chose que vous obtenez est de discr\u00e9diter l&#039;id\u00e9e de les mystifications et les obsessions qui sont l&#039;objet: soit parce qu&#039;ils sont introduits dans ces Centres, les personnes guid\u00e9es par des int\u00e9r\u00eats personnels et \u00e9go\u00efstes, c&#039;est parce que ceux qui ont fond\u00e9 manque l&#039;exp\u00e9rience et les connaissances n\u00e9cessaires \u00e0 la conduite d&#039;une entreprise d&#039;une telle ampleur, h\u00e9riss\u00e9es de difficult\u00e9s; ces groupements faites un grave tort \u00e0 la cause, il ne fait aucun doute, car avec les scandales de cette cause et de pratiques ridicules pour fournir, faire le profane croire que le spiritisme est r\u00e9duit \u00e0 un canular manifeste, et une mystification qui se termine dans la folie ou de l&#039;hallucination.\u201d<\/p>\n\n\n\n<div class=\"wp-block-uagb-container uagb-block-fec3dc26\">\n<figure class=\"wp-block-image size-full is-resized\"><img loading=\"lazy\" decoding=\"async\" width=\"170\" height=\"199\" src=\"https:\/\/nuevo-renacer.com\/wp-content\/uploads\/2024\/10\/cosme_marino-1.jpg\" alt=\"\" class=\"wp-image-5590\" style=\"width:247px;height:auto\" srcset=\"https:\/\/nuevo-renacer.com\/wp-content\/uploads\/2024\/10\/cosme_marino-1.jpg 170w, https:\/\/nuevo-renacer.com\/wp-content\/uploads\/2024\/10\/cosme_marino-1-10x12.jpg 10w\" sizes=\"(max-width: 170px) 100vw, 170px\" \/><figcaption class=\"wp-element-caption\">Cosme Mari\u00f1o<\/figcaption><\/figure>\n<\/div>\n\n\n\n<p class=\"has-black-color has-text-color has-link-color has-small-font-size wp-elements-7bdda3b03dae13f9a8d60b02e7fa7856\">En mars 1900, il a examin\u00e9 les Fondements du projet de la Conf\u00e9d\u00e9ration, et arrive enfin \u00e0 la r\u00e9union bref, le 14 juin 1900, dans lequel \u00e9taient repr\u00e9sent\u00e9s les 15 institutions.<\/p>\n\n\n\n<p class=\"has-black-color has-text-color has-link-color has-small-font-size wp-elements-23b17ee429d2db9ae3eee5d40feb3cf0\">Accept\u00e9 \u00e0 l&#039;unanimit\u00e9 la proposition du Pr\u00e9sident, en termes de ce qui serait constitu\u00e9 de la Conf\u00e9d\u00e9ration Spiritualiste de l&#039;Argentine.<\/p>\n\n\n\n<p class=\"has-black-color has-text-color has-link-color has-small-font-size wp-elements-bdeb1d587b6ea9675967b841495419dc\">Tous d&#039;entre eux ont endur\u00e9 3 dans la Capitale: \u201cla Preuve\u201d, \u201cLa Fraternit\u00e9\u201d et de \u201cla Providence\u201d; et 1 dans Pehuaj\u00f3: \u201cS\u00e1enz Poli.\u201d<\/p>\n<\/div><\/div>\n\n\n\n<div class=\"wp-block-uagb-container uagb-block-5ed1a22b alignfull uagb-is-root-container\"><div class=\"uagb-container-inner-blocks-wrap\"><\/div><\/div>\n\n\n\n<div class=\"wp-block-uagb-container uagb-block-c8bc038c alignfull uagb-is-root-container\"><div class=\"uagb-container-inner-blocks-wrap\"><\/div><\/div>","protected":false},"excerpt":{"rendered":"<p>Historia del espiritismo en Argentina A ra\u00edz de la venida de Don Justo de Espada -producida aproximadamente entre 1869 y 1870-, caballero \u00e9ste oriundo de M\u00e1laga, Espa\u00f1a, se tuvo noticias de la aparici\u00f3n del espiritismo y su difusi\u00f3n en Europa. Vinculado de inmediato con importantes comerciantes y profesionales de la ciudad, Justo de Espada organiza [&hellip;]<\/p>","protected":false},"author":1,"featured_media":0,"parent":0,"menu_order":0,"comment_status":"closed","ping_status":"closed","template":"","meta":{"_uag_custom_page_level_css":"","site-sidebar-layout":"default","site-content-layout":"","ast-site-content-layout":"default","site-content-style":"default","site-sidebar-style":"default","ast-global-header-display":"","ast-banner-title-visibility":"","ast-main-header-display":"","ast-hfb-above-header-display":"","ast-hfb-below-header-display":"","ast-hfb-mobile-header-display":"","site-post-title":"disabled","ast-breadcrumbs-content":"","ast-featured-img":"","footer-sml-layout":"","theme-transparent-header-meta":"","adv-header-id-meta":"","stick-header-meta":"","header-above-stick-meta":"","header-main-stick-meta":"","header-below-stick-meta":"","astra-migrate-meta-layouts":"set","ast-page-background-enabled":"default","ast-page-background-meta":{"desktop":{"background-color":"var(--ast-global-color-4)","background-image":"","background-repeat":"repeat","background-position":"center center","background-size":"auto","background-attachment":"scroll","background-type":"","background-media":"","overlay-type":"","overlay-color":"","overlay-opacity":"","overlay-gradient":""},"tablet":{"background-color":"","background-image":"","background-repeat":"repeat","background-position":"center center","background-size":"auto","background-attachment":"scroll","background-type":"","background-media":"","overlay-type":"","overlay-color":"","overlay-opacity":"","overlay-gradient":""},"mobile":{"background-color":"","background-image":"","background-repeat":"repeat","background-position":"center center","background-size":"auto","background-attachment":"scroll","background-type":"","background-media":"","overlay-type":"","overlay-color":"","overlay-opacity":"","overlay-gradient":""}},"ast-content-background-meta":{"desktop":{"background-color":"var(--ast-global-color-5)","background-image":"","background-repeat":"repeat","background-position":"center center","background-size":"auto","background-attachment":"scroll","background-type":"","background-media":"","overlay-type":"","overlay-color":"","overlay-opacity":"","overlay-gradient":""},"tablet":{"background-color":"var(--ast-global-color-5)","background-image":"","background-repeat":"repeat","background-position":"center center","background-size":"auto","background-attachment":"scroll","background-type":"","background-media":"","overlay-type":"","overlay-color":"","overlay-opacity":"","overlay-gradient":""},"mobile":{"background-color":"var(--ast-global-color-5)","background-image":"","background-repeat":"repeat","background-position":"center center","background-size":"auto","background-attachment":"scroll","background-type":"","background-media":"","overlay-type":"","overlay-color":"","overlay-opacity":"","overlay-gradient":""}},"footnotes":""},"class_list":["post-5584","page","type-page","status-publish","hentry"],"yoast_head":"<!-- This site is optimized with the Yoast SEO Premium plugin v24.2 (Yoast SEO v24.6) - https:\/\/yoast.com\/wordpress\/plugins\/seo\/ -->\n<title>Historia del espiritismo en Argentina - Uni\u00f3n Esp\u00edrita<\/title>\n<meta name=\"robots\" content=\"index, follow, max-snippet:-1, max-image-preview:large, max-video-preview:-1\" \/>\n<link rel=\"canonical\" href=\"https:\/\/nuevo-renacer.com\/fr\/historia-del-espiritismo-en-argentina\/\" \/>\n<meta property=\"og:locale\" content=\"fr_FR\" \/>\n<meta property=\"og:type\" content=\"article\" \/>\n<meta property=\"og:title\" content=\"Historia del espiritismo en Argentina\" \/>\n<meta property=\"og:description\" content=\"Historia del espiritismo en Argentina A ra\u00edz de la venida de Don Justo de Espada -producida aproximadamente entre 1869 y 1870-, caballero \u00e9ste oriundo de M\u00e1laga, Espa\u00f1a, se tuvo noticias de la aparici\u00f3n del espiritismo y su difusi\u00f3n en Europa. Vinculado de inmediato con importantes comerciantes y profesionales de la ciudad, Justo de Espada organiza [&hellip;]\" \/>\n<meta property=\"og:url\" content=\"https:\/\/nuevo-renacer.com\/fr\/historia-del-espiritismo-en-argentina\/\" \/>\n<meta property=\"og:site_name\" content=\"Uni\u00f3n Esp\u00edrita\" \/>\n<meta property=\"article:publisher\" content=\"https:\/\/www.facebook.com\/groups\/3431398063740829\" \/>\n<meta property=\"article:modified_time\" content=\"2024-10-17T08:34:09+00:00\" \/>\n<meta property=\"og:image\" content=\"https:\/\/nuevo-renacer.com\/wp-content\/uploads\/2024\/10\/argentinien-flagge.jpg\" \/>\n<meta name=\"twitter:card\" content=\"summary_large_image\" \/>\n<meta name=\"twitter:label1\" content=\"Dur\u00e9e de lecture estim\u00e9e\" \/>\n\t<meta name=\"twitter:data1\" content=\"6 minutes\" \/>\n<script type=\"application\/ld+json\" class=\"yoast-schema-graph\">{\"@context\":\"https:\/\/schema.org\",\"@graph\":[{\"@type\":\"WebPage\",\"@id\":\"https:\/\/nuevo-renacer.com\/historia-del-espiritismo-en-argentina\/\",\"url\":\"https:\/\/nuevo-renacer.com\/historia-del-espiritismo-en-argentina\/\",\"name\":\"Historia del espiritismo en Argentina - Uni\u00f3n Esp\u00edrita\",\"isPartOf\":{\"@id\":\"https:\/\/nuevo-renacer.com\/#website\"},\"primaryImageOfPage\":{\"@id\":\"https:\/\/nuevo-renacer.com\/historia-del-espiritismo-en-argentina\/#primaryimage\"},\"image\":{\"@id\":\"https:\/\/nuevo-renacer.com\/historia-del-espiritismo-en-argentina\/#primaryimage\"},\"thumbnailUrl\":\"https:\/\/nuevo-renacer.com\/wp-content\/uploads\/2024\/10\/argentinien-flagge.jpg\",\"datePublished\":\"2024-10-17T08:26:16+00:00\",\"dateModified\":\"2024-10-17T08:34:09+00:00\",\"breadcrumb\":{\"@id\":\"https:\/\/nuevo-renacer.com\/historia-del-espiritismo-en-argentina\/#breadcrumb\"},\"inLanguage\":\"fr-FR\",\"potentialAction\":[{\"@type\":\"ReadAction\",\"target\":[\"https:\/\/nuevo-renacer.com\/historia-del-espiritismo-en-argentina\/\"]}]},{\"@type\":\"ImageObject\",\"inLanguage\":\"fr-FR\",\"@id\":\"https:\/\/nuevo-renacer.com\/historia-del-espiritismo-en-argentina\/#primaryimage\",\"url\":\"https:\/\/nuevo-renacer.com\/wp-content\/uploads\/2024\/10\/argentinien-flagge.jpg\",\"contentUrl\":\"https:\/\/nuevo-renacer.com\/wp-content\/uploads\/2024\/10\/argentinien-flagge.jpg\"},{\"@type\":\"BreadcrumbList\",\"@id\":\"https:\/\/nuevo-renacer.com\/historia-del-espiritismo-en-argentina\/#breadcrumb\",\"itemListElement\":[{\"@type\":\"ListItem\",\"position\":1,\"name\":\"Startseite\",\"item\":\"https:\/\/nuevo-renacer.com\/\"},{\"@type\":\"ListItem\",\"position\":2,\"name\":\"Historia del espiritismo en Argentina\"}]},{\"@type\":\"WebSite\",\"@id\":\"https:\/\/nuevo-renacer.com\/#website\",\"url\":\"https:\/\/nuevo-renacer.com\/\",\"name\":\"Uni\u00f3n Esp\u00edrita\",\"description\":\"Nuevo Renacer\",\"publisher\":{\"@id\":\"https:\/\/nuevo-renacer.com\/#organization\"},\"potentialAction\":[{\"@type\":\"SearchAction\",\"target\":{\"@type\":\"EntryPoint\",\"urlTemplate\":\"https:\/\/nuevo-renacer.com\/?s={search_term_string}\"},\"query-input\":{\"@type\":\"PropertyValueSpecification\",\"valueRequired\":true,\"valueName\":\"search_term_string\"}}],\"inLanguage\":\"fr-FR\"},{\"@type\":\"Organization\",\"@id\":\"https:\/\/nuevo-renacer.com\/#organization\",\"name\":\"UFEC\",\"url\":\"https:\/\/nuevo-renacer.com\/\",\"logo\":{\"@type\":\"ImageObject\",\"inLanguage\":\"fr-FR\",\"@id\":\"https:\/\/nuevo-renacer.com\/#\/schema\/logo\/image\/\",\"url\":\"https:\/\/nuevo-renacer.com\/wp-content\/uploads\/2024\/05\/cropped-LOGO-TERMINADO1-3-3.png\",\"contentUrl\":\"https:\/\/nuevo-renacer.com\/wp-content\/uploads\/2024\/05\/cropped-LOGO-TERMINADO1-3-3.png\",\"width\":512,\"height\":512,\"caption\":\"UFEC\"},\"image\":{\"@id\":\"https:\/\/nuevo-renacer.com\/#\/schema\/logo\/image\/\"},\"sameAs\":[\"https:\/\/www.facebook.com\/groups\/3431398063740829\"]}]}<\/script>\n<!-- \/ Yoast SEO Premium plugin. -->","yoast_head_json":{"title":"Historia del espiritismo en Argentina - Uni\u00f3n Esp\u00edrita","robots":{"index":"index","follow":"follow","max-snippet":"max-snippet:-1","max-image-preview":"max-image-preview:large","max-video-preview":"max-video-preview:-1"},"canonical":"https:\/\/nuevo-renacer.com\/fr\/historia-del-espiritismo-en-argentina\/","og_locale":"fr_FR","og_type":"article","og_title":"Historia del espiritismo en Argentina","og_description":"Historia del espiritismo en Argentina A ra\u00edz de la venida de Don Justo de Espada -producida aproximadamente entre 1869 y 1870-, caballero \u00e9ste oriundo de M\u00e1laga, Espa\u00f1a, se tuvo noticias de la aparici\u00f3n del espiritismo y su difusi\u00f3n en Europa. Vinculado de inmediato con importantes comerciantes y profesionales de la ciudad, Justo de Espada organiza [&hellip;]","og_url":"https:\/\/nuevo-renacer.com\/fr\/historia-del-espiritismo-en-argentina\/","og_site_name":"Uni\u00f3n Esp\u00edrita","article_publisher":"https:\/\/www.facebook.com\/groups\/3431398063740829","article_modified_time":"2024-10-17T08:34:09+00:00","og_image":[{"url":"https:\/\/nuevo-renacer.com\/wp-content\/uploads\/2024\/10\/argentinien-flagge.jpg","type":"","width":"","height":""}],"twitter_card":"summary_large_image","twitter_misc":{"Dur\u00e9e de lecture estim\u00e9e":"6 minutes"},"schema":{"@context":"https:\/\/schema.org","@graph":[{"@type":"WebPage","@id":"https:\/\/nuevo-renacer.com\/historia-del-espiritismo-en-argentina\/","url":"https:\/\/nuevo-renacer.com\/historia-del-espiritismo-en-argentina\/","name":"Historia del espiritismo en Argentina - Uni\u00f3n Esp\u00edrita","isPartOf":{"@id":"https:\/\/nuevo-renacer.com\/#website"},"primaryImageOfPage":{"@id":"https:\/\/nuevo-renacer.com\/historia-del-espiritismo-en-argentina\/#primaryimage"},"image":{"@id":"https:\/\/nuevo-renacer.com\/historia-del-espiritismo-en-argentina\/#primaryimage"},"thumbnailUrl":"https:\/\/nuevo-renacer.com\/wp-content\/uploads\/2024\/10\/argentinien-flagge.jpg","datePublished":"2024-10-17T08:26:16+00:00","dateModified":"2024-10-17T08:34:09+00:00","breadcrumb":{"@id":"https:\/\/nuevo-renacer.com\/historia-del-espiritismo-en-argentina\/#breadcrumb"},"inLanguage":"fr-FR","potentialAction":[{"@type":"ReadAction","target":["https:\/\/nuevo-renacer.com\/historia-del-espiritismo-en-argentina\/"]}]},{"@type":"ImageObject","inLanguage":"fr-FR","@id":"https:\/\/nuevo-renacer.com\/historia-del-espiritismo-en-argentina\/#primaryimage","url":"https:\/\/nuevo-renacer.com\/wp-content\/uploads\/2024\/10\/argentinien-flagge.jpg","contentUrl":"https:\/\/nuevo-renacer.com\/wp-content\/uploads\/2024\/10\/argentinien-flagge.jpg"},{"@type":"BreadcrumbList","@id":"https:\/\/nuevo-renacer.com\/historia-del-espiritismo-en-argentina\/#breadcrumb","itemListElement":[{"@type":"ListItem","position":1,"name":"Startseite","item":"https:\/\/nuevo-renacer.com\/"},{"@type":"ListItem","position":2,"name":"Historia del espiritismo en Argentina"}]},{"@type":"WebSite","@id":"https:\/\/nuevo-renacer.com\/#website","url":"https:\/\/nuevo-renacer.com\/","name":"Uni\u00f3n Esp\u00edrita","description":"Nuevo Renacer","publisher":{"@id":"https:\/\/nuevo-renacer.com\/#organization"},"potentialAction":[{"@type":"SearchAction","target":{"@type":"EntryPoint","urlTemplate":"https:\/\/nuevo-renacer.com\/?s={search_term_string}"},"query-input":{"@type":"PropertyValueSpecification","valueRequired":true,"valueName":"search_term_string"}}],"inLanguage":"fr-FR"},{"@type":"Organization","@id":"https:\/\/nuevo-renacer.com\/#organization","name":"UFEC","url":"https:\/\/nuevo-renacer.com\/","logo":{"@type":"ImageObject","inLanguage":"fr-FR","@id":"https:\/\/nuevo-renacer.com\/#\/schema\/logo\/image\/","url":"https:\/\/nuevo-renacer.com\/wp-content\/uploads\/2024\/05\/cropped-LOGO-TERMINADO1-3-3.png","contentUrl":"https:\/\/nuevo-renacer.com\/wp-content\/uploads\/2024\/05\/cropped-LOGO-TERMINADO1-3-3.png","width":512,"height":512,"caption":"UFEC"},"image":{"@id":"https:\/\/nuevo-renacer.com\/#\/schema\/logo\/image\/"},"sameAs":["https:\/\/www.facebook.com\/groups\/3431398063740829"]}]}},"uagb_featured_image_src":{"full":false,"thumbnail":false,"medium":false,"medium_large":false,"large":false,"1536x1536":false,"2048x2048":false,"trp-custom-language-flag":false},"uagb_author_info":{"display_name":"adbv0","author_link":"https:\/\/nuevo-renacer.com\/fr\/author\/adbv0\/"},"uagb_comment_info":0,"uagb_excerpt":"Historia del espiritismo en Argentina A ra\u00edz de la venida de Don Justo de Espada -producida aproximadamente entre 1869 y 1870-, caballero \u00e9ste oriundo de M\u00e1laga, Espa\u00f1a, se tuvo noticias de la aparici\u00f3n del espiritismo y su difusi\u00f3n en Europa. Vinculado de inmediato con importantes comerciantes y profesionales de la ciudad, Justo de Espada organiza\u2026","jetpack_sharing_enabled":true,"_links":{"self":[{"href":"https:\/\/nuevo-renacer.com\/fr\/wp-json\/wp\/v2\/pages\/5584","targetHints":{"allow":["GET"]}}],"collection":[{"href":"https:\/\/nuevo-renacer.com\/fr\/wp-json\/wp\/v2\/pages"}],"about":[{"href":"https:\/\/nuevo-renacer.com\/fr\/wp-json\/wp\/v2\/types\/page"}],"author":[{"embeddable":true,"href":"https:\/\/nuevo-renacer.com\/fr\/wp-json\/wp\/v2\/users\/1"}],"replies":[{"embeddable":true,"href":"https:\/\/nuevo-renacer.com\/fr\/wp-json\/wp\/v2\/comments?post=5584"}],"version-history":[{"count":3,"href":"https:\/\/nuevo-renacer.com\/fr\/wp-json\/wp\/v2\/pages\/5584\/revisions"}],"predecessor-version":[{"id":5593,"href":"https:\/\/nuevo-renacer.com\/fr\/wp-json\/wp\/v2\/pages\/5584\/revisions\/5593"}],"wp:attachment":[{"href":"https:\/\/nuevo-renacer.com\/fr\/wp-json\/wp\/v2\/media?parent=5584"}],"curies":[{"name":"wp","href":"https:\/\/api.w.org\/{rel}","templated":true}]}}