{"id":5551,"date":"2024-10-16T08:39:51","date_gmt":"2024-10-16T08:39:51","guid":{"rendered":"https:\/\/nuevo-renacer.com\/?page_id=5551"},"modified":"2024-10-16T08:40:18","modified_gmt":"2024-10-16T08:40:18","slug":"persona-en-la-vision-espirita","status":"publish","type":"page","link":"https:\/\/nuevo-renacer.com\/fr\/persona-en-la-vision-espirita\/","title":{"rendered":"Personne, dans la vision spirite"},"content":{"rendered":"<div class=\"wp-block-uagb-container uagb-block-6e2ebd6b alignfull uagb-is-root-container\"><div class=\"uagb-container-inner-blocks-wrap\">\n<p class=\"has-black-color has-text-color has-link-color has-medium-font-size wp-elements-467495193464e5000764280b0a9f67df\"><strong>Personne, dans la vision spirite<\/strong><\/p>\n<\/div><\/div>\n\n\n\n<div class=\"wp-block-uagb-container uagb-block-5f69a20b alignfull uagb-is-root-container\"><div class=\"uagb-container-inner-blocks-wrap\">\n<figure class=\"wp-block-image size-full is-resized\"><img fetchpriority=\"high\" decoding=\"async\" width=\"600\" height=\"381\" src=\"https:\/\/nuevo-renacer.com\/wp-content\/uploads\/2024\/10\/o-corpo-humano-formado-por-uma-grande-quantidade-celulas-5c10f318927de.webp\" alt=\"\" class=\"wp-image-5552\" style=\"width:406px;height:auto\" srcset=\"https:\/\/nuevo-renacer.com\/wp-content\/uploads\/2024\/10\/o-corpo-humano-formado-por-uma-grande-quantidade-celulas-5c10f318927de.webp 600w, https:\/\/nuevo-renacer.com\/wp-content\/uploads\/2024\/10\/o-corpo-humano-formado-por-uma-grande-quantidade-celulas-5c10f318927de-300x191.webp 300w, https:\/\/nuevo-renacer.com\/wp-content\/uploads\/2024\/10\/o-corpo-humano-formado-por-uma-grande-quantidade-celulas-5c10f318927de-18x12.webp 18w\" sizes=\"(max-width: 600px) 100vw, 600px\" \/><\/figure>\n<\/div><\/div>\n\n\n\n<div class=\"wp-block-uagb-container uagb-block-71c82204 alignfull uagb-is-root-container\"><div class=\"uagb-container-inner-blocks-wrap\">\n<p class=\"has-black-color has-text-color has-link-color has-small-font-size wp-elements-8845a4ab5f40ccd96e808146abc6e31b\">Pour la Doctrine Spirite, la valeur de la personne humaine est nich\u00e9 dans l&#039;origine de la vie, car il ne peut \u00eatre expliqu\u00e9 par une Planification Intelligente, qui nous m\u00e8ne \u00e0 la Grand Planificateur et de le consid\u00e9rer comme un bien inali\u00e9nable.<\/p>\n\n\n\n<p class=\"has-black-color has-text-color has-link-color has-small-font-size wp-elements-4a71be0b845b3d06abf97ba05a9fde0b\">Aujourd&#039;hui, comme tous les progr\u00e8s des Sciences de la Vie, les enqu\u00eateurs ont jamais cr\u00e9\u00e9 la vie dans le laboratoire et sont incapables de l&#039;expliquer, pour la simple chance que c&#039;est que les atomes sont transform\u00e9s en hommes, en moyens, qui sont si ing\u00e9nieux que le savant a beaucoup de difficult\u00e9 \u00e0 d\u00e9couvrir.<\/p>\n\n\n\n<p class=\"has-black-color has-text-color has-link-color has-small-font-size wp-elements-dd3c3af9fda90eba3a52067f27aefbf6\">Il est tr\u00e8s difficile d&#039;expliquer le fonctionnement des structures, \u00e0 la plus sophistiqu\u00e9e, comme, par exemple, l&#039;\u0153il humain, et de la coagulation du sang, montrer, \u00e9tape par \u00e9tape, comme recueillis, par l&#039;\u0153uvre du hasard, de produits chimiques, de sorte sp\u00e9cialis\u00e9es, en parfaite harmonie, dans les r\u00e9actions biochimiques de plus complexe, de laquelle ils participent. De la m\u00eame mani\u00e8re, il est n\u00e9cessaire de se souvenir de toutes les autres r\u00e9ponses qui n&#039;ont pas encore \u00e9t\u00e9 donn\u00e9e par la Science, y compris la source de l&#039;extraordinaire machinerie cellulaire.<\/p>\n\n\n\n<p class=\"has-black-color has-text-color has-link-color has-small-font-size wp-elements-4f794e7d0bdbc2c1350650ccc1647e5a\">Aujourd&#039;hui, les arguments en faveur de la vie et indispensable, ils viennent de la Science elle-m\u00eame. La sacra de la Vie, donc, a pour origine le principe spirituel. La cr\u00e9ation d&#039;un divin et immortel, il initie la biogen\u00e8se dans les cristaux, individualiz\u00e1ndose, dans chaque existence nouvelle, le long de l&#039;\u00e9chelle phylog\u00e9n\u00e9tique, jusqu&#039;\u00e0 ce que envergar, enfin, le corps humain, de la machinerie fantastique, construit par lui avec l&#039;aide des Djinns Constructeurs.<\/p>\n\n\n\n<p class=\"has-black-color has-text-color has-link-color has-small-font-size wp-elements-1edf8bd5d763556bec41a7a5a5cb83f2\">Avec cette vision plus large et globale de l&#039;\u00catre Humain, il est entendu que l&#039;Esprit qui l&#039;anime, comme il a \u00e9t\u00e9 lapid\u00e9 \u00e0 mort par le temps, il n&#039;est pas cr\u00e9\u00e9, par cons\u00e9quent, au moment de la conception, de l&#039;Esprit est li\u00e9e \u00e0 la nouvelle entit\u00e9, dans le but d&#039;entamer un nouveau projet de vie.<\/p>\n\n\n\n<p class=\"has-black-color has-text-color has-link-color has-small-font-size wp-elements-1213b1896bbea4356eaf44d281a757d5\">Selon les informations du spirituel, n&#039;est pas toujours le zygote ou un embryon initial a un Esprit qui pr\u00e9side \u00e0 leur formation, parce que l&#039;ovule et le spermatozo\u00efde peut participer, sans la pr\u00e9sence de l&#039;\u00e2me, que par impulsions magn\u00e9tiques biologique. Dans ce cas, la nature m\u00eame de sa responsabilit\u00e9 pour la r\u00e8gle de l&#039;embryon mal form\u00e9s, sans la n\u00e9cessit\u00e9 de l&#039;ing\u00e9rence de l&#039;homme.<\/p>\n\n\n\n<p class=\"has-black-color has-text-color has-link-color has-small-font-size wp-elements-9d9adf1fb5e66e7748257fdf7e0a7190\">Quand c&#039;est un embryon r\u00e9alis\u00e9 dans le laboratoire, il est n\u00e9cessaire d&#039;\u00eatre attentif, car il est possible que certains filament periespiritual \u00eatre en mesure de se joindre \u00e0 lui. Dans ce cas, les chercheurs esp\u00edritas n\u00e9cessit\u00e9 de d\u00e9velopper des technologies plus sophistiqu\u00e9es, encore inexistante, de sorte que vous savez si cela se produit, et vous pouvez, de cette mani\u00e8re, le travail sur les embryons qui ne sont pas engag\u00e9es. Sans elle, il est difficile pour toute interf\u00e9rence.<\/p>\n\n\n\n<p class=\"has-black-color has-text-color has-link-color has-small-font-size wp-elements-29fe312674ecefc8e51e7f8fd692702f\">S&#039;il ya, cependant, un f\u0153tus ou un corps humain dans la grossesse, il n&#039;y a, l\u00e0, un Esprit responsable de leur formation et l&#039;ensemble de vos droits doivent \u00eatre pr\u00e9serv\u00e9s. La r\u00e8gle est donc de ne pas intervenir.<\/p>\n\n\n\n<p class=\"has-black-color has-text-color has-link-color has-small-font-size wp-elements-31436db539a283e3a928e0e5a898ba7f\">Corps physique, de l&#039;Emballage \u00e0 la fois Subtiles et l&#039;Esprit ont des r\u00f4les bien d\u00e9finis, c&#039;est le soi immortel de soins avec l&#039;ensemble de ses \u00e9l\u00e9ments constitutifs. Chaque Esprit est responsable de sa propre \u00e9volution. Le Ma\u00eetre, J\u00e9sus a montr\u00e9 la voie \u00e0 l&#039;ensemble de l&#039;humanit\u00e9, c&#039;est \u00e0 chaque individu, \u00e0 vivre et \u00e0 illustrer les le\u00e7ons de l&#039;amour universel, en vivant les principes de charit\u00e9 et de solidarit\u00e9 dans votre vie quotidienne.<\/p>\n\n\n\n<p class=\"has-black-color has-text-color has-link-color has-small-font-size wp-elements-69a566391dad5bc9522231c028aa33af\">Pour tout ce que nous avons vu, pour la Doctrine Spirite, la personne a une dignit\u00e9 intrins\u00e8que, ontologique, conf\u00e9r\u00e9 par la pr\u00e9sence de l&#039;\u00e2me, un \u00e9l\u00e9ment immortel, d&#039;origine divine, que les besoins du corps physique dans le but d&#039;apprendre et d&#039;\u00e9voluer dans un progr\u00e8s continu.<\/p>\n\n\n\n<p class=\"has-black-color has-text-color has-link-color has-small-font-size wp-elements-9e62b9fd6d2db5fa88a216f24801c5b0\">Il n&#039;a pas d&#039;importance si l&#039;\u00eatre est conscient ou non; si c&#039;est un f\u0153tus ou d&#039;une personne malade dans le coma, il est une personne, et en tant que tel, doit \u00eatre respect\u00e9, de sorte qu&#039;il est intrins\u00e8quement. Ils sont, par cons\u00e9quent, inacceptable, l&#039;avortement, l&#039;infanticide, la manipulation des embryons pour leurs propres fins eug\u00e9nicos, l&#039;euthanasie, etc<\/p>\n\n\n\n<p class=\"has-black-color has-text-color has-link-color has-small-font-size wp-elements-39d803aac6bef7ad9e4113b154076148\">Dans l&#039;analyse finale, la Vie est belle, accord\u00e9es, etc. Et que la v\u00e9rit\u00e9 a sa sustentation dans la Science elle-m\u00eame, et doit, \u00e0 ce titre, d&#039;\u00eatre reconnu, par des directeurs de l&#039;\u00e9thique de l&#039;homme.<\/p>\n<\/div><\/div>\n\n\n\n<div class=\"wp-block-uagb-container uagb-block-925ef7bb alignfull uagb-is-root-container\"><div class=\"uagb-container-inner-blocks-wrap\"><\/div><\/div>\n\n\n\n<div class=\"wp-block-uagb-container uagb-block-812b4f54 alignfull uagb-is-root-container\"><div class=\"uagb-container-inner-blocks-wrap\"><\/div><\/div>","protected":false},"excerpt":{"rendered":"<p>Persona, en la visi\u00f3n esp\u00edrita Para la Doctrina Esp\u00edrita, el valor de la persona humana est\u00e1 enclavado en el propio origen de la vida, porque \u00e9sta s\u00f3lo puede ser explicada a trav\u00e9s de la Planificaci\u00f3n Inteligente, que nos lleva al Gran Planificador y a considerarla como un bien otorgado e indisponible. Hoy, como todos los [&hellip;]<\/p>","protected":false},"author":1,"featured_media":0,"parent":0,"menu_order":0,"comment_status":"closed","ping_status":"closed","template":"","meta":{"_uag_custom_page_level_css":"","site-sidebar-layout":"default","site-content-layout":"","ast-site-content-layout":"default","site-content-style":"default","site-sidebar-style":"default","ast-global-header-display":"","ast-banner-title-visibility":"","ast-main-header-display":"","ast-hfb-above-header-display":"","ast-hfb-below-header-display":"","ast-hfb-mobile-header-display":"","site-post-title":"disabled","ast-breadcrumbs-content":"","ast-featured-img":"","footer-sml-layout":"","theme-transparent-header-meta":"","adv-header-id-meta":"","stick-header-meta":"","header-above-stick-meta":"","header-main-stick-meta":"","header-below-stick-meta":"","astra-migrate-meta-layouts":"set","ast-page-background-enabled":"default","ast-page-background-meta":{"desktop":{"background-color":"var(--ast-global-color-4)","background-image":"","background-repeat":"repeat","background-position":"center center","background-size":"auto","background-attachment":"scroll","background-type":"","background-media":"","overlay-type":"","overlay-color":"","overlay-opacity":"","overlay-gradient":""},"tablet":{"background-color":"","background-image":"","background-repeat":"repeat","background-position":"center center","background-size":"auto","background-attachment":"scroll","background-type":"","background-media":"","overlay-type":"","overlay-color":"","overlay-opacity":"","overlay-gradient":""},"mobile":{"background-color":"","background-image":"","background-repeat":"repeat","background-position":"center center","background-size":"auto","background-attachment":"scroll","background-type":"","background-media":"","overlay-type":"","overlay-color":"","overlay-opacity":"","overlay-gradient":""}},"ast-content-background-meta":{"desktop":{"background-color":"var(--ast-global-color-5)","background-image":"","background-repeat":"repeat","background-position":"center center","background-size":"auto","background-attachment":"scroll","background-type":"","background-media":"","overlay-type":"","overlay-color":"","overlay-opacity":"","overlay-gradient":""},"tablet":{"background-color":"var(--ast-global-color-5)","background-image":"","background-repeat":"repeat","background-position":"center center","background-size":"auto","background-attachment":"scroll","background-type":"","background-media":"","overlay-type":"","overlay-color":"","overlay-opacity":"","overlay-gradient":""},"mobile":{"background-color":"var(--ast-global-color-5)","background-image":"","background-repeat":"repeat","background-position":"center center","background-size":"auto","background-attachment":"scroll","background-type":"","background-media":"","overlay-type":"","overlay-color":"","overlay-opacity":"","overlay-gradient":""}},"footnotes":""},"class_list":["post-5551","page","type-page","status-publish","hentry"],"yoast_head":"<!-- This site is optimized with the Yoast SEO Premium plugin v24.2 (Yoast SEO v24.6) - https:\/\/yoast.com\/wordpress\/plugins\/seo\/ -->\n<title>Persona, en la visi\u00f3n esp\u00edrita - Uni\u00f3n Esp\u00edrita<\/title>\n<meta name=\"robots\" content=\"index, follow, max-snippet:-1, max-image-preview:large, max-video-preview:-1\" \/>\n<link rel=\"canonical\" href=\"https:\/\/nuevo-renacer.com\/fr\/persona-en-la-vision-espirita\/\" \/>\n<meta property=\"og:locale\" content=\"fr_FR\" \/>\n<meta property=\"og:type\" content=\"article\" \/>\n<meta property=\"og:title\" content=\"Persona, en la visi\u00f3n esp\u00edrita\" \/>\n<meta property=\"og:description\" content=\"Persona, en la visi\u00f3n esp\u00edrita Para la Doctrina Esp\u00edrita, el valor de la persona humana est\u00e1 enclavado en el propio origen de la vida, porque \u00e9sta s\u00f3lo puede ser explicada a trav\u00e9s de la Planificaci\u00f3n Inteligente, que nos lleva al Gran Planificador y a considerarla como un bien otorgado e indisponible. Hoy, como todos los [&hellip;]\" \/>\n<meta property=\"og:url\" content=\"https:\/\/nuevo-renacer.com\/fr\/persona-en-la-vision-espirita\/\" \/>\n<meta property=\"og:site_name\" content=\"Uni\u00f3n Esp\u00edrita\" \/>\n<meta property=\"article:publisher\" content=\"https:\/\/www.facebook.com\/groups\/3431398063740829\" \/>\n<meta property=\"article:modified_time\" content=\"2024-10-16T08:40:18+00:00\" \/>\n<meta property=\"og:image\" content=\"https:\/\/nuevo-renacer.com\/wp-content\/uploads\/2024\/10\/o-corpo-humano-formado-por-uma-grande-quantidade-celulas-5c10f318927de.webp\" \/>\n<meta name=\"twitter:card\" content=\"summary_large_image\" \/>\n<meta name=\"twitter:label1\" content=\"Dur\u00e9e de lecture estim\u00e9e\" \/>\n\t<meta name=\"twitter:data1\" content=\"4 minutes\" \/>\n<script type=\"application\/ld+json\" class=\"yoast-schema-graph\">{\"@context\":\"https:\/\/schema.org\",\"@graph\":[{\"@type\":\"WebPage\",\"@id\":\"https:\/\/nuevo-renacer.com\/persona-en-la-vision-espirita\/\",\"url\":\"https:\/\/nuevo-renacer.com\/persona-en-la-vision-espirita\/\",\"name\":\"Persona, en la visi\u00f3n esp\u00edrita - Uni\u00f3n Esp\u00edrita\",\"isPartOf\":{\"@id\":\"https:\/\/nuevo-renacer.com\/#website\"},\"primaryImageOfPage\":{\"@id\":\"https:\/\/nuevo-renacer.com\/persona-en-la-vision-espirita\/#primaryimage\"},\"image\":{\"@id\":\"https:\/\/nuevo-renacer.com\/persona-en-la-vision-espirita\/#primaryimage\"},\"thumbnailUrl\":\"https:\/\/nuevo-renacer.com\/wp-content\/uploads\/2024\/10\/o-corpo-humano-formado-por-uma-grande-quantidade-celulas-5c10f318927de.webp\",\"datePublished\":\"2024-10-16T08:39:51+00:00\",\"dateModified\":\"2024-10-16T08:40:18+00:00\",\"breadcrumb\":{\"@id\":\"https:\/\/nuevo-renacer.com\/persona-en-la-vision-espirita\/#breadcrumb\"},\"inLanguage\":\"fr-FR\",\"potentialAction\":[{\"@type\":\"ReadAction\",\"target\":[\"https:\/\/nuevo-renacer.com\/persona-en-la-vision-espirita\/\"]}]},{\"@type\":\"ImageObject\",\"inLanguage\":\"fr-FR\",\"@id\":\"https:\/\/nuevo-renacer.com\/persona-en-la-vision-espirita\/#primaryimage\",\"url\":\"https:\/\/nuevo-renacer.com\/wp-content\/uploads\/2024\/10\/o-corpo-humano-formado-por-uma-grande-quantidade-celulas-5c10f318927de.webp\",\"contentUrl\":\"https:\/\/nuevo-renacer.com\/wp-content\/uploads\/2024\/10\/o-corpo-humano-formado-por-uma-grande-quantidade-celulas-5c10f318927de.webp\"},{\"@type\":\"BreadcrumbList\",\"@id\":\"https:\/\/nuevo-renacer.com\/persona-en-la-vision-espirita\/#breadcrumb\",\"itemListElement\":[{\"@type\":\"ListItem\",\"position\":1,\"name\":\"Startseite\",\"item\":\"https:\/\/nuevo-renacer.com\/\"},{\"@type\":\"ListItem\",\"position\":2,\"name\":\"Persona, en la visi\u00f3n esp\u00edrita\"}]},{\"@type\":\"WebSite\",\"@id\":\"https:\/\/nuevo-renacer.com\/#website\",\"url\":\"https:\/\/nuevo-renacer.com\/\",\"name\":\"Uni\u00f3n Esp\u00edrita\",\"description\":\"Nuevo Renacer\",\"publisher\":{\"@id\":\"https:\/\/nuevo-renacer.com\/#organization\"},\"potentialAction\":[{\"@type\":\"SearchAction\",\"target\":{\"@type\":\"EntryPoint\",\"urlTemplate\":\"https:\/\/nuevo-renacer.com\/?s={search_term_string}\"},\"query-input\":{\"@type\":\"PropertyValueSpecification\",\"valueRequired\":true,\"valueName\":\"search_term_string\"}}],\"inLanguage\":\"fr-FR\"},{\"@type\":\"Organization\",\"@id\":\"https:\/\/nuevo-renacer.com\/#organization\",\"name\":\"UFEC\",\"url\":\"https:\/\/nuevo-renacer.com\/\",\"logo\":{\"@type\":\"ImageObject\",\"inLanguage\":\"fr-FR\",\"@id\":\"https:\/\/nuevo-renacer.com\/#\/schema\/logo\/image\/\",\"url\":\"https:\/\/nuevo-renacer.com\/wp-content\/uploads\/2024\/05\/cropped-LOGO-TERMINADO1-3-3.png\",\"contentUrl\":\"https:\/\/nuevo-renacer.com\/wp-content\/uploads\/2024\/05\/cropped-LOGO-TERMINADO1-3-3.png\",\"width\":512,\"height\":512,\"caption\":\"UFEC\"},\"image\":{\"@id\":\"https:\/\/nuevo-renacer.com\/#\/schema\/logo\/image\/\"},\"sameAs\":[\"https:\/\/www.facebook.com\/groups\/3431398063740829\"]}]}<\/script>\n<!-- \/ Yoast SEO Premium plugin. -->","yoast_head_json":{"title":"Persona, en la visi\u00f3n esp\u00edrita - Uni\u00f3n Esp\u00edrita","robots":{"index":"index","follow":"follow","max-snippet":"max-snippet:-1","max-image-preview":"max-image-preview:large","max-video-preview":"max-video-preview:-1"},"canonical":"https:\/\/nuevo-renacer.com\/fr\/persona-en-la-vision-espirita\/","og_locale":"fr_FR","og_type":"article","og_title":"Persona, en la visi\u00f3n esp\u00edrita","og_description":"Persona, en la visi\u00f3n esp\u00edrita Para la Doctrina Esp\u00edrita, el valor de la persona humana est\u00e1 enclavado en el propio origen de la vida, porque \u00e9sta s\u00f3lo puede ser explicada a trav\u00e9s de la Planificaci\u00f3n Inteligente, que nos lleva al Gran Planificador y a considerarla como un bien otorgado e indisponible. Hoy, como todos los [&hellip;]","og_url":"https:\/\/nuevo-renacer.com\/fr\/persona-en-la-vision-espirita\/","og_site_name":"Uni\u00f3n Esp\u00edrita","article_publisher":"https:\/\/www.facebook.com\/groups\/3431398063740829","article_modified_time":"2024-10-16T08:40:18+00:00","og_image":[{"url":"https:\/\/nuevo-renacer.com\/wp-content\/uploads\/2024\/10\/o-corpo-humano-formado-por-uma-grande-quantidade-celulas-5c10f318927de.webp","type":"","width":"","height":""}],"twitter_card":"summary_large_image","twitter_misc":{"Dur\u00e9e de lecture estim\u00e9e":"4 minutes"},"schema":{"@context":"https:\/\/schema.org","@graph":[{"@type":"WebPage","@id":"https:\/\/nuevo-renacer.com\/persona-en-la-vision-espirita\/","url":"https:\/\/nuevo-renacer.com\/persona-en-la-vision-espirita\/","name":"Persona, en la visi\u00f3n esp\u00edrita - Uni\u00f3n Esp\u00edrita","isPartOf":{"@id":"https:\/\/nuevo-renacer.com\/#website"},"primaryImageOfPage":{"@id":"https:\/\/nuevo-renacer.com\/persona-en-la-vision-espirita\/#primaryimage"},"image":{"@id":"https:\/\/nuevo-renacer.com\/persona-en-la-vision-espirita\/#primaryimage"},"thumbnailUrl":"https:\/\/nuevo-renacer.com\/wp-content\/uploads\/2024\/10\/o-corpo-humano-formado-por-uma-grande-quantidade-celulas-5c10f318927de.webp","datePublished":"2024-10-16T08:39:51+00:00","dateModified":"2024-10-16T08:40:18+00:00","breadcrumb":{"@id":"https:\/\/nuevo-renacer.com\/persona-en-la-vision-espirita\/#breadcrumb"},"inLanguage":"fr-FR","potentialAction":[{"@type":"ReadAction","target":["https:\/\/nuevo-renacer.com\/persona-en-la-vision-espirita\/"]}]},{"@type":"ImageObject","inLanguage":"fr-FR","@id":"https:\/\/nuevo-renacer.com\/persona-en-la-vision-espirita\/#primaryimage","url":"https:\/\/nuevo-renacer.com\/wp-content\/uploads\/2024\/10\/o-corpo-humano-formado-por-uma-grande-quantidade-celulas-5c10f318927de.webp","contentUrl":"https:\/\/nuevo-renacer.com\/wp-content\/uploads\/2024\/10\/o-corpo-humano-formado-por-uma-grande-quantidade-celulas-5c10f318927de.webp"},{"@type":"BreadcrumbList","@id":"https:\/\/nuevo-renacer.com\/persona-en-la-vision-espirita\/#breadcrumb","itemListElement":[{"@type":"ListItem","position":1,"name":"Startseite","item":"https:\/\/nuevo-renacer.com\/"},{"@type":"ListItem","position":2,"name":"Persona, en la visi\u00f3n esp\u00edrita"}]},{"@type":"WebSite","@id":"https:\/\/nuevo-renacer.com\/#website","url":"https:\/\/nuevo-renacer.com\/","name":"Uni\u00f3n Esp\u00edrita","description":"Nuevo Renacer","publisher":{"@id":"https:\/\/nuevo-renacer.com\/#organization"},"potentialAction":[{"@type":"SearchAction","target":{"@type":"EntryPoint","urlTemplate":"https:\/\/nuevo-renacer.com\/?s={search_term_string}"},"query-input":{"@type":"PropertyValueSpecification","valueRequired":true,"valueName":"search_term_string"}}],"inLanguage":"fr-FR"},{"@type":"Organization","@id":"https:\/\/nuevo-renacer.com\/#organization","name":"UFEC","url":"https:\/\/nuevo-renacer.com\/","logo":{"@type":"ImageObject","inLanguage":"fr-FR","@id":"https:\/\/nuevo-renacer.com\/#\/schema\/logo\/image\/","url":"https:\/\/nuevo-renacer.com\/wp-content\/uploads\/2024\/05\/cropped-LOGO-TERMINADO1-3-3.png","contentUrl":"https:\/\/nuevo-renacer.com\/wp-content\/uploads\/2024\/05\/cropped-LOGO-TERMINADO1-3-3.png","width":512,"height":512,"caption":"UFEC"},"image":{"@id":"https:\/\/nuevo-renacer.com\/#\/schema\/logo\/image\/"},"sameAs":["https:\/\/www.facebook.com\/groups\/3431398063740829"]}]}},"uagb_featured_image_src":{"full":false,"thumbnail":false,"medium":false,"medium_large":false,"large":false,"1536x1536":false,"2048x2048":false,"trp-custom-language-flag":false},"uagb_author_info":{"display_name":"adbv0","author_link":"https:\/\/nuevo-renacer.com\/fr\/author\/adbv0\/"},"uagb_comment_info":0,"uagb_excerpt":"Persona, en la visi\u00f3n esp\u00edrita Para la Doctrina Esp\u00edrita, el valor de la persona humana est\u00e1 enclavado en el propio origen de la vida, porque \u00e9sta s\u00f3lo puede ser explicada a trav\u00e9s de la Planificaci\u00f3n Inteligente, que nos lleva al Gran Planificador y a considerarla como un bien otorgado e indisponible. Hoy, como todos los\u2026","jetpack_sharing_enabled":true,"_links":{"self":[{"href":"https:\/\/nuevo-renacer.com\/fr\/wp-json\/wp\/v2\/pages\/5551","targetHints":{"allow":["GET"]}}],"collection":[{"href":"https:\/\/nuevo-renacer.com\/fr\/wp-json\/wp\/v2\/pages"}],"about":[{"href":"https:\/\/nuevo-renacer.com\/fr\/wp-json\/wp\/v2\/types\/page"}],"author":[{"embeddable":true,"href":"https:\/\/nuevo-renacer.com\/fr\/wp-json\/wp\/v2\/users\/1"}],"replies":[{"embeddable":true,"href":"https:\/\/nuevo-renacer.com\/fr\/wp-json\/wp\/v2\/comments?post=5551"}],"version-history":[{"count":2,"href":"https:\/\/nuevo-renacer.com\/fr\/wp-json\/wp\/v2\/pages\/5551\/revisions"}],"predecessor-version":[{"id":5554,"href":"https:\/\/nuevo-renacer.com\/fr\/wp-json\/wp\/v2\/pages\/5551\/revisions\/5554"}],"wp:attachment":[{"href":"https:\/\/nuevo-renacer.com\/fr\/wp-json\/wp\/v2\/media?parent=5551"}],"curies":[{"name":"wp","href":"https:\/\/api.w.org\/{rel}","templated":true}]}}