{"id":5519,"date":"2024-10-11T07:46:38","date_gmt":"2024-10-11T07:46:38","guid":{"rendered":"https:\/\/nuevo-renacer.com\/?page_id=5519"},"modified":"2024-10-11T07:53:44","modified_gmt":"2024-10-11T07:53:44","slug":"historia-del-espiritismo-en-portugal","status":"publish","type":"page","link":"https:\/\/nuevo-renacer.com\/fr\/historia-del-espiritismo-en-portugal\/","title":{"rendered":"Histoire du Spiritisme au Portugal"},"content":{"rendered":"<div class=\"wp-block-uagb-container uagb-block-7706919a alignfull uagb-is-root-container\"><div class=\"uagb-container-inner-blocks-wrap\">\n<p class=\"has-black-color has-text-color has-link-color has-medium-font-size wp-elements-d88de69da6519450dce94dc58f8d5b4d\"><strong>Histoire du Spiritisme au Portugal<\/strong><\/p>\n<\/div><\/div>\n\n\n\n<div class=\"wp-block-uagb-container uagb-block-1973e305 alignfull uagb-is-root-container\"><div class=\"uagb-container-inner-blocks-wrap\"><\/div><\/div>\n\n\n\n<div class=\"wp-block-uagb-container uagb-block-1d2ec7fe alignfull uagb-is-root-container\"><div class=\"uagb-container-inner-blocks-wrap\">\n<figure class=\"wp-block-image size-full is-resized\"><img fetchpriority=\"high\" decoding=\"async\" width=\"688\" height=\"516\" src=\"https:\/\/nuevo-renacer.com\/wp-content\/uploads\/2024\/10\/Flag_of_Portugal.jpg\" alt=\"\" class=\"wp-image-5523\" style=\"width:84px\" srcset=\"https:\/\/nuevo-renacer.com\/wp-content\/uploads\/2024\/10\/Flag_of_Portugal.jpg 688w, https:\/\/nuevo-renacer.com\/wp-content\/uploads\/2024\/10\/Flag_of_Portugal-300x225.jpg 300w, https:\/\/nuevo-renacer.com\/wp-content\/uploads\/2024\/10\/Flag_of_Portugal-16x12.jpg 16w\" sizes=\"(max-width: 688px) 100vw, 688px\" \/><\/figure>\n<\/div><\/div>\n\n\n\n<div class=\"wp-block-uagb-container uagb-block-eff4dae1 alignfull uagb-is-root-container\"><div class=\"uagb-container-inner-blocks-wrap\"><\/div><\/div>\n\n\n\n<div class=\"wp-block-uagb-container uagb-block-e9c13af0 alignfull uagb-is-root-container\"><div class=\"uagb-container-inner-blocks-wrap\">\n<p class=\"has-black-color has-text-color has-link-color has-small-font-size wp-elements-237eed254573e46ecde8b902b01aa565\">Pour atteindre le Congr\u00e8s Spirite de 1900 \u00e0 Paris, quelque chose de plus qui devait arriver au Portugal dans le cadre de l&#039;Occulte \u2013 et qui est arriv\u00e9 avec retour vers le nord du pays, plus pr\u00e9cis\u00e9ment \u00e0 Braga, des trois fr\u00e8res Cunha (la r\u00e9f\u00e9rence que nous avons, il dit qu&#039;ils \u00e9taient fr\u00e8res, mais certainement pas de chair et d&#039;os, comme leurs noms \u00e9taient tous diff\u00e9rents) qui, apr\u00e8s avoir \u00e9migr\u00e9 au Br\u00e9sil, ils sont revenus avec l&#039;id\u00e9e implant\u00e9es dans votre pays, l&#039;enseignement qui avait \u00e9t\u00e9 &#034;d\u00e9couvert&#034; dans le continent br\u00e9silien, et, enfin, \u00e9tait venu de la plaine de France.<\/p>\n\n\n\n<p class=\"has-black-color has-text-color has-link-color has-small-font-size wp-elements-74020b7f776bd1c297e16c0bc5391dd1\">Dans cette ville, dans les ann\u00e9es 1920, a achet\u00e9 la maison Castelos, sur les pentes de Bom Jesus, et a fond\u00e9 le &#034;Centre Spirite Luz e Caridade&#034; (Centre Spirite Lumi\u00e8re, et de la Charit\u00e9) et dans la revue spirite du m\u00eame nom. Dans la revue spirite &#034;Al\u00e9m&#034;, Porto, septembre\/octobre 1947, d\u00e9crit la mort de Manuel Gra\u00e7a de la mani\u00e8re suivante: &#034;le Fondateur de la le Centre Spirite de Braga et de la revue &#034;Luz e Caridade&#034; avec Joaquim Rocha et Matias Cunha, continuateur de l&#039;\u0153uvre et le leader de la premi\u00e8re heure&#034;. Dans les archives de la Biblioth\u00e8que de Leiria, il y a des r\u00e9f\u00e9rences \u00e0 des groupes de personnes qui se r\u00e9unissent pour les manifestations spirituelles, avant m\u00eame l&#039;\u00e9poque de Allan Kardec. (Information donn\u00e9e oralement ou par \u00e9crit, en mars 2003 par Isabel Saraiva, \u00e0 la t\u00eate de l&#039;Association Spirite de Leiria), et nous trouvons une r\u00e9f\u00e9rence \u00e0 l&#039;ouvrage &#034;D\u00c9CHIRANTE COMME TREVAS&#034; dans le magazine &#034;Ou Espirita&#034;, octobre\/novembre 1923, psicografiado par le groupe &#034;F\u00e9 e Caridade&#034; de cette ville, et publi\u00e9 par le Centre Spirite de Leiria cette ann\u00e9e.<\/p>\n\n\n\n<p class=\"has-black-color has-text-color has-link-color has-small-font-size wp-elements-6475297cfc3aaa930fbc3389a6bc0dc8\">Ant\u00f3nio Castanheira de Moura, dans un article intitul\u00e9 &#034;la M\u00e9moire du Pass\u00e9 \u2013 1926-1951&#034;, publi\u00e9 dans le &#034;Journal de Metapsicologia&#034; de la F. E. P., \u00e9crit que &#034;M. Sousa Couto a commenc\u00e9 ses activit\u00e9s en 1898, repr\u00e9sentant le Portugal au Congr\u00e8s Spirite de Paris en 1900, et, \u00e0 son retour au pays, il se consacre avec z\u00e8le \u00e0 la propagande du Spiritisme, l&#039;\u00e9tude et la diffusion de ses ph\u00e9nom\u00e8nes.<\/p>\n\n\n\n<p class=\"has-black-color has-text-color has-link-color has-small-font-size wp-elements-4d7d4ebdd8d99d013988880ec994da60\">Dans les pays \u00e9trangers, o\u00f9 il \u00e9tait en contact avec les scientifiques de l&#039;\u00e9poque, et les accompagne lors des enqu\u00eates sur les ph\u00e9nom\u00e8nes psychiques \u00e0 Paris, forg\u00e9 des liens avec les principales figures du mouvement spirite, le temps du monde, une v\u00e9ritable \u00e9cole qui a \u00e9tonn\u00e9 le monde du mat\u00e9rialisme, compte tenu de l&#039;incontestable valeur des noms qui ont \u00e9t\u00e9 le fer de lance de ce mouvement.&#034; Mais ils n&#039;\u00e9taient pas seulement les fr\u00e8res Cunha \u00e0 Braga, il n&#039;\u00e9tait pas seulement le procureur de Sousa Couto \u00e0 Lisbonne: Gr\u00e2ce \u00e0 la proximit\u00e9 du Portugal avec la France, les gens s&#039;y rendent, \u00e0 la nouvelle que venait de l\u00e0, les magazines toujours int\u00e9ress\u00e9s \u00e0 parler et commentaires sur des sujets qui peuvent capter l&#039;int\u00e9r\u00eat de vos lecteurs, peut-\u00eatre, m\u00eame, et surtout par la &#034;faim&#034; spirituel qu&#039;il avait dans certains cas, et dans d&#039;autres fatigu\u00e9 ou d\u00e9\u00e7us de la religion qu&#039;ils connaissaient, au Portugal, il a commenc\u00e9 \u00e0 parler de Spiritisme tr\u00e8s rapidement et \u00e0 tr\u00e8s bient\u00f4t.<\/p>\n\n\n\n<div class=\"wp-block-uagb-container uagb-block-159bcb4f\">\n<figure class=\"wp-block-image size-full is-resized\"><img decoding=\"async\" width=\"382\" height=\"512\" src=\"https:\/\/nuevo-renacer.com\/wp-content\/uploads\/2024\/10\/94979034_2851045024971421_6970018381311246336_n.jpg\" alt=\"\" class=\"wp-image-5521\" style=\"width:222px;height:auto\" srcset=\"https:\/\/nuevo-renacer.com\/wp-content\/uploads\/2024\/10\/94979034_2851045024971421_6970018381311246336_n.jpg 382w, https:\/\/nuevo-renacer.com\/wp-content\/uploads\/2024\/10\/94979034_2851045024971421_6970018381311246336_n-224x300.jpg 224w, https:\/\/nuevo-renacer.com\/wp-content\/uploads\/2024\/10\/94979034_2851045024971421_6970018381311246336_n-9x12.jpg 9w\" sizes=\"(max-width: 382px) 100vw, 382px\" \/><figcaption class=\"wp-element-caption\">Jos\u00e9 Alberto de Sousa Couto.<\/figcaption><\/figure>\n<\/div>\n\n\n\n<p class=\"has-black-color has-text-color has-link-color has-small-font-size wp-elements-b1ab5b658eb7a3c37ac4a1e770c0a452\">Ainsi, le 22 janvier 1903, le journal &#034;le Monde&#034;, sous la direction de l&#039;\u00e9crivain &#034;Ameri&#034;, a lanc\u00e9 un mini-cours sur le Spiritisme, dans lequel il a parl\u00e9 d&#039;Allan Kardec, Gabriel Delanne, et d&#039;autres. Un autre journal, le &#034;Voz do Oper\u00e1rio&#034;, articles publi\u00e9s Delanne et adress\u00e9e \u00e0 M. Douglas \u00e0 la Maison et d&#039;autres spiritualistes de l&#039;\u00e9poque... et toutes ces nouvelles semblaient destin\u00e9es \u00e0 ouvrir les messages que le moyen de Fernando de Lacerda, inspecteur de police, a commenc\u00e9 \u00e0 psicografiar, dont la premi\u00e8re (connu par le public), le vin de l&#039;esprit de Camilo Castelo Branco et qui sera bient\u00f4t rendu public.<\/p>\n\n\n\n<div class=\"wp-block-uagb-container uagb-block-0e6d9010\">\n<figure class=\"wp-block-gallery has-nested-images columns-default is-cropped wp-block-gallery-1 is-layout-flex wp-block-gallery-is-layout-flex\">\n<figure class=\"wp-block-image size-full\"><img decoding=\"async\" width=\"683\" height=\"488\" data-id=\"5526\" src=\"https:\/\/nuevo-renacer.com\/wp-content\/uploads\/2024\/10\/Fernando-de-Lacerda-1.jpg\" alt=\"\" class=\"wp-image-5526\" srcset=\"https:\/\/nuevo-renacer.com\/wp-content\/uploads\/2024\/10\/Fernando-de-Lacerda-1.jpg 683w, https:\/\/nuevo-renacer.com\/wp-content\/uploads\/2024\/10\/Fernando-de-Lacerda-1-300x214.jpg 300w, https:\/\/nuevo-renacer.com\/wp-content\/uploads\/2024\/10\/Fernando-de-Lacerda-1-18x12.jpg 18w\" sizes=\"(max-width: 683px) 100vw, 683px\" \/><figcaption class=\"wp-element-caption\">Fernando de Lacerda.<\/figcaption><\/figure>\n\n\n\n<figure class=\"wp-block-image size-large\"><img loading=\"lazy\" decoding=\"async\" width=\"747\" height=\"1024\" data-id=\"5527\" src=\"https:\/\/nuevo-renacer.com\/wp-content\/uploads\/2024\/10\/Camilo_Castelo_Branco_Bohemia_do_Espirito-747x1024.png\" alt=\"\" class=\"wp-image-5527\" srcset=\"https:\/\/nuevo-renacer.com\/wp-content\/uploads\/2024\/10\/Camilo_Castelo_Branco_Bohemia_do_Espirito-747x1024.png 747w, https:\/\/nuevo-renacer.com\/wp-content\/uploads\/2024\/10\/Camilo_Castelo_Branco_Bohemia_do_Espirito-219x300.png 219w, https:\/\/nuevo-renacer.com\/wp-content\/uploads\/2024\/10\/Camilo_Castelo_Branco_Bohemia_do_Espirito-768x1052.png 768w, https:\/\/nuevo-renacer.com\/wp-content\/uploads\/2024\/10\/Camilo_Castelo_Branco_Bohemia_do_Espirito-1121x1536.png 1121w, https:\/\/nuevo-renacer.com\/wp-content\/uploads\/2024\/10\/Camilo_Castelo_Branco_Bohemia_do_Espirito-1494x2048.png 1494w, https:\/\/nuevo-renacer.com\/wp-content\/uploads\/2024\/10\/Camilo_Castelo_Branco_Bohemia_do_Espirito-9x12.png 9w, https:\/\/nuevo-renacer.com\/wp-content\/uploads\/2024\/10\/Camilo_Castelo_Branco_Bohemia_do_Espirito.png 1914w\" sizes=\"(max-width: 747px) 100vw, 747px\" \/><figcaption class=\"wp-element-caption\">Camilo Castelo Branco.<\/figcaption><\/figure>\n<\/figure>\n<\/div>\n\n\n\n<p class=\"has-black-color has-text-color has-link-color has-small-font-size wp-elements-204ac7ceffa703b77e687293f40f0be5\">Sousa Couto, le ci-dessus mentionn\u00e9 avocat spirite, figure respect\u00e9e dans la soci\u00e9t\u00e9 de l&#039;\u00e9poque, a publi\u00e9 une \u00e9tude sur la m\u00e9diumnit\u00e9 du portugais Fernando de Lacerda dans le magazine &#034;Estudos Psychique&#034;, qui a fonctionn\u00e9 \u00e0 partir de 1905 \u00e0 1909, lorsqu&#039;il a d\u00fb fermer en raison d&#039;une maladie grave. Plusieurs journaux demand\u00e9 \u00e0 l&#039;avocat de lui poser des questions sur le sujet, qui beaucoup de gens veulent en savoir plus? Et peu \u00e0 peu, gr\u00e2ce \u00e0 d&#039;autres noms de personnalit\u00e9s connues qui sont d\u00e9clar\u00e9es spiritualistes, la doctrine spirit s&#039;\u00e9tend sur le pays, car il se propage partout dans le monde...<\/p>\n<\/div><\/div>\n\n\n\n<div class=\"wp-block-uagb-container uagb-block-e2adc6ec alignfull uagb-is-root-container\"><div class=\"uagb-container-inner-blocks-wrap\"><\/div><\/div>\n\n\n\n<div class=\"wp-block-uagb-container uagb-block-c8b21929 alignfull uagb-is-root-container\"><div class=\"uagb-container-inner-blocks-wrap\"><\/div><\/div>","protected":false},"excerpt":{"rendered":"<p>Historia del Espiritismo en Portugal Para llegar al Congreso Esp\u00edrita de 1900 en Par\u00eds, algo m\u00e1s tuvo que ocurrir en Portugal en relaci\u00f3n con el Espiritismo &#8211; y eso ocurri\u00f3 con el regreso al norte del pa\u00eds, m\u00e1s concretamente a Braga, de los tres hermanos Cunha (la referencia que tenemos dice que eran hermanos, pero [&hellip;]<\/p>","protected":false},"author":1,"featured_media":0,"parent":0,"menu_order":0,"comment_status":"closed","ping_status":"closed","template":"","meta":{"_uag_custom_page_level_css":"","site-sidebar-layout":"default","site-content-layout":"","ast-site-content-layout":"default","site-content-style":"default","site-sidebar-style":"default","ast-global-header-display":"","ast-banner-title-visibility":"","ast-main-header-display":"","ast-hfb-above-header-display":"","ast-hfb-below-header-display":"","ast-hfb-mobile-header-display":"","site-post-title":"disabled","ast-breadcrumbs-content":"","ast-featured-img":"","footer-sml-layout":"","theme-transparent-header-meta":"","adv-header-id-meta":"","stick-header-meta":"","header-above-stick-meta":"","header-main-stick-meta":"","header-below-stick-meta":"","astra-migrate-meta-layouts":"set","ast-page-background-enabled":"default","ast-page-background-meta":{"desktop":{"background-color":"var(--ast-global-color-4)","background-image":"","background-repeat":"repeat","background-position":"center center","background-size":"auto","background-attachment":"scroll","background-type":"","background-media":"","overlay-type":"","overlay-color":"","overlay-opacity":"","overlay-gradient":""},"tablet":{"background-color":"","background-image":"","background-repeat":"repeat","background-position":"center center","background-size":"auto","background-attachment":"scroll","background-type":"","background-media":"","overlay-type":"","overlay-color":"","overlay-opacity":"","overlay-gradient":""},"mobile":{"background-color":"","background-image":"","background-repeat":"repeat","background-position":"center center","background-size":"auto","background-attachment":"scroll","background-type":"","background-media":"","overlay-type":"","overlay-color":"","overlay-opacity":"","overlay-gradient":""}},"ast-content-background-meta":{"desktop":{"background-color":"var(--ast-global-color-5)","background-image":"","background-repeat":"repeat","background-position":"center center","background-size":"auto","background-attachment":"scroll","background-type":"","background-media":"","overlay-type":"","overlay-color":"","overlay-opacity":"","overlay-gradient":""},"tablet":{"background-color":"var(--ast-global-color-5)","background-image":"","background-repeat":"repeat","background-position":"center center","background-size":"auto","background-attachment":"scroll","background-type":"","background-media":"","overlay-type":"","overlay-color":"","overlay-opacity":"","overlay-gradient":""},"mobile":{"background-color":"var(--ast-global-color-5)","background-image":"","background-repeat":"repeat","background-position":"center center","background-size":"auto","background-attachment":"scroll","background-type":"","background-media":"","overlay-type":"","overlay-color":"","overlay-opacity":"","overlay-gradient":""}},"footnotes":""},"class_list":["post-5519","page","type-page","status-publish","hentry"],"yoast_head":"<!-- This site is optimized with the Yoast SEO Premium plugin v24.2 (Yoast SEO v24.6) - https:\/\/yoast.com\/wordpress\/plugins\/seo\/ -->\n<title>Historia del Espiritismo en Portugal - Uni\u00f3n Esp\u00edrita<\/title>\n<meta name=\"robots\" content=\"index, follow, max-snippet:-1, max-image-preview:large, max-video-preview:-1\" \/>\n<link rel=\"canonical\" href=\"https:\/\/nuevo-renacer.com\/fr\/historia-del-espiritismo-en-portugal\/\" \/>\n<meta property=\"og:locale\" content=\"fr_FR\" \/>\n<meta property=\"og:type\" content=\"article\" \/>\n<meta property=\"og:title\" content=\"Historia del Espiritismo en Portugal\" \/>\n<meta property=\"og:description\" content=\"Historia del Espiritismo en Portugal Para llegar al Congreso Esp\u00edrita de 1900 en Par\u00eds, algo m\u00e1s tuvo que ocurrir en Portugal en relaci\u00f3n con el Espiritismo &#8211; y eso ocurri\u00f3 con el regreso al norte del pa\u00eds, m\u00e1s concretamente a Braga, de los tres hermanos Cunha (la referencia que tenemos dice que eran hermanos, pero [&hellip;]\" \/>\n<meta property=\"og:url\" content=\"https:\/\/nuevo-renacer.com\/fr\/historia-del-espiritismo-en-portugal\/\" \/>\n<meta property=\"og:site_name\" content=\"Uni\u00f3n Esp\u00edrita\" \/>\n<meta property=\"article:publisher\" content=\"https:\/\/www.facebook.com\/groups\/3431398063740829\" \/>\n<meta property=\"article:modified_time\" content=\"2024-10-11T07:53:44+00:00\" \/>\n<meta property=\"og:image\" content=\"https:\/\/nuevo-renacer.com\/wp-content\/uploads\/2024\/10\/Flag_of_Portugal.jpg\" \/>\n<meta name=\"twitter:card\" content=\"summary_large_image\" \/>\n<meta name=\"twitter:label1\" content=\"Dur\u00e9e de lecture estim\u00e9e\" \/>\n\t<meta name=\"twitter:data1\" content=\"5 minutes\" \/>\n<script type=\"application\/ld+json\" class=\"yoast-schema-graph\">{\"@context\":\"https:\/\/schema.org\",\"@graph\":[{\"@type\":\"WebPage\",\"@id\":\"https:\/\/nuevo-renacer.com\/historia-del-espiritismo-en-portugal\/\",\"url\":\"https:\/\/nuevo-renacer.com\/historia-del-espiritismo-en-portugal\/\",\"name\":\"Historia del Espiritismo en Portugal - Uni\u00f3n Esp\u00edrita\",\"isPartOf\":{\"@id\":\"https:\/\/nuevo-renacer.com\/#website\"},\"primaryImageOfPage\":{\"@id\":\"https:\/\/nuevo-renacer.com\/historia-del-espiritismo-en-portugal\/#primaryimage\"},\"image\":{\"@id\":\"https:\/\/nuevo-renacer.com\/historia-del-espiritismo-en-portugal\/#primaryimage\"},\"thumbnailUrl\":\"https:\/\/nuevo-renacer.com\/wp-content\/uploads\/2024\/10\/Flag_of_Portugal.jpg\",\"datePublished\":\"2024-10-11T07:46:38+00:00\",\"dateModified\":\"2024-10-11T07:53:44+00:00\",\"breadcrumb\":{\"@id\":\"https:\/\/nuevo-renacer.com\/historia-del-espiritismo-en-portugal\/#breadcrumb\"},\"inLanguage\":\"fr-FR\",\"potentialAction\":[{\"@type\":\"ReadAction\",\"target\":[\"https:\/\/nuevo-renacer.com\/historia-del-espiritismo-en-portugal\/\"]}]},{\"@type\":\"ImageObject\",\"inLanguage\":\"fr-FR\",\"@id\":\"https:\/\/nuevo-renacer.com\/historia-del-espiritismo-en-portugal\/#primaryimage\",\"url\":\"https:\/\/nuevo-renacer.com\/wp-content\/uploads\/2024\/10\/Flag_of_Portugal.jpg\",\"contentUrl\":\"https:\/\/nuevo-renacer.com\/wp-content\/uploads\/2024\/10\/Flag_of_Portugal.jpg\"},{\"@type\":\"BreadcrumbList\",\"@id\":\"https:\/\/nuevo-renacer.com\/historia-del-espiritismo-en-portugal\/#breadcrumb\",\"itemListElement\":[{\"@type\":\"ListItem\",\"position\":1,\"name\":\"Startseite\",\"item\":\"https:\/\/nuevo-renacer.com\/\"},{\"@type\":\"ListItem\",\"position\":2,\"name\":\"Historia del Espiritismo en Portugal\"}]},{\"@type\":\"WebSite\",\"@id\":\"https:\/\/nuevo-renacer.com\/#website\",\"url\":\"https:\/\/nuevo-renacer.com\/\",\"name\":\"Uni\u00f3n Esp\u00edrita\",\"description\":\"Nuevo Renacer\",\"publisher\":{\"@id\":\"https:\/\/nuevo-renacer.com\/#organization\"},\"potentialAction\":[{\"@type\":\"SearchAction\",\"target\":{\"@type\":\"EntryPoint\",\"urlTemplate\":\"https:\/\/nuevo-renacer.com\/?s={search_term_string}\"},\"query-input\":{\"@type\":\"PropertyValueSpecification\",\"valueRequired\":true,\"valueName\":\"search_term_string\"}}],\"inLanguage\":\"fr-FR\"},{\"@type\":\"Organization\",\"@id\":\"https:\/\/nuevo-renacer.com\/#organization\",\"name\":\"UFEC\",\"url\":\"https:\/\/nuevo-renacer.com\/\",\"logo\":{\"@type\":\"ImageObject\",\"inLanguage\":\"fr-FR\",\"@id\":\"https:\/\/nuevo-renacer.com\/#\/schema\/logo\/image\/\",\"url\":\"https:\/\/nuevo-renacer.com\/wp-content\/uploads\/2024\/05\/cropped-LOGO-TERMINADO1-3-3.png\",\"contentUrl\":\"https:\/\/nuevo-renacer.com\/wp-content\/uploads\/2024\/05\/cropped-LOGO-TERMINADO1-3-3.png\",\"width\":512,\"height\":512,\"caption\":\"UFEC\"},\"image\":{\"@id\":\"https:\/\/nuevo-renacer.com\/#\/schema\/logo\/image\/\"},\"sameAs\":[\"https:\/\/www.facebook.com\/groups\/3431398063740829\"]}]}<\/script>\n<!-- \/ Yoast SEO Premium plugin. -->","yoast_head_json":{"title":"Historia del Espiritismo en Portugal - Uni\u00f3n Esp\u00edrita","robots":{"index":"index","follow":"follow","max-snippet":"max-snippet:-1","max-image-preview":"max-image-preview:large","max-video-preview":"max-video-preview:-1"},"canonical":"https:\/\/nuevo-renacer.com\/fr\/historia-del-espiritismo-en-portugal\/","og_locale":"fr_FR","og_type":"article","og_title":"Historia del Espiritismo en Portugal","og_description":"Historia del Espiritismo en Portugal Para llegar al Congreso Esp\u00edrita de 1900 en Par\u00eds, algo m\u00e1s tuvo que ocurrir en Portugal en relaci\u00f3n con el Espiritismo &#8211; y eso ocurri\u00f3 con el regreso al norte del pa\u00eds, m\u00e1s concretamente a Braga, de los tres hermanos Cunha (la referencia que tenemos dice que eran hermanos, pero [&hellip;]","og_url":"https:\/\/nuevo-renacer.com\/fr\/historia-del-espiritismo-en-portugal\/","og_site_name":"Uni\u00f3n Esp\u00edrita","article_publisher":"https:\/\/www.facebook.com\/groups\/3431398063740829","article_modified_time":"2024-10-11T07:53:44+00:00","og_image":[{"url":"https:\/\/nuevo-renacer.com\/wp-content\/uploads\/2024\/10\/Flag_of_Portugal.jpg","type":"","width":"","height":""}],"twitter_card":"summary_large_image","twitter_misc":{"Dur\u00e9e de lecture estim\u00e9e":"5 minutes"},"schema":{"@context":"https:\/\/schema.org","@graph":[{"@type":"WebPage","@id":"https:\/\/nuevo-renacer.com\/historia-del-espiritismo-en-portugal\/","url":"https:\/\/nuevo-renacer.com\/historia-del-espiritismo-en-portugal\/","name":"Historia del Espiritismo en Portugal - Uni\u00f3n Esp\u00edrita","isPartOf":{"@id":"https:\/\/nuevo-renacer.com\/#website"},"primaryImageOfPage":{"@id":"https:\/\/nuevo-renacer.com\/historia-del-espiritismo-en-portugal\/#primaryimage"},"image":{"@id":"https:\/\/nuevo-renacer.com\/historia-del-espiritismo-en-portugal\/#primaryimage"},"thumbnailUrl":"https:\/\/nuevo-renacer.com\/wp-content\/uploads\/2024\/10\/Flag_of_Portugal.jpg","datePublished":"2024-10-11T07:46:38+00:00","dateModified":"2024-10-11T07:53:44+00:00","breadcrumb":{"@id":"https:\/\/nuevo-renacer.com\/historia-del-espiritismo-en-portugal\/#breadcrumb"},"inLanguage":"fr-FR","potentialAction":[{"@type":"ReadAction","target":["https:\/\/nuevo-renacer.com\/historia-del-espiritismo-en-portugal\/"]}]},{"@type":"ImageObject","inLanguage":"fr-FR","@id":"https:\/\/nuevo-renacer.com\/historia-del-espiritismo-en-portugal\/#primaryimage","url":"https:\/\/nuevo-renacer.com\/wp-content\/uploads\/2024\/10\/Flag_of_Portugal.jpg","contentUrl":"https:\/\/nuevo-renacer.com\/wp-content\/uploads\/2024\/10\/Flag_of_Portugal.jpg"},{"@type":"BreadcrumbList","@id":"https:\/\/nuevo-renacer.com\/historia-del-espiritismo-en-portugal\/#breadcrumb","itemListElement":[{"@type":"ListItem","position":1,"name":"Startseite","item":"https:\/\/nuevo-renacer.com\/"},{"@type":"ListItem","position":2,"name":"Historia del Espiritismo en Portugal"}]},{"@type":"WebSite","@id":"https:\/\/nuevo-renacer.com\/#website","url":"https:\/\/nuevo-renacer.com\/","name":"Uni\u00f3n Esp\u00edrita","description":"Nuevo Renacer","publisher":{"@id":"https:\/\/nuevo-renacer.com\/#organization"},"potentialAction":[{"@type":"SearchAction","target":{"@type":"EntryPoint","urlTemplate":"https:\/\/nuevo-renacer.com\/?s={search_term_string}"},"query-input":{"@type":"PropertyValueSpecification","valueRequired":true,"valueName":"search_term_string"}}],"inLanguage":"fr-FR"},{"@type":"Organization","@id":"https:\/\/nuevo-renacer.com\/#organization","name":"UFEC","url":"https:\/\/nuevo-renacer.com\/","logo":{"@type":"ImageObject","inLanguage":"fr-FR","@id":"https:\/\/nuevo-renacer.com\/#\/schema\/logo\/image\/","url":"https:\/\/nuevo-renacer.com\/wp-content\/uploads\/2024\/05\/cropped-LOGO-TERMINADO1-3-3.png","contentUrl":"https:\/\/nuevo-renacer.com\/wp-content\/uploads\/2024\/05\/cropped-LOGO-TERMINADO1-3-3.png","width":512,"height":512,"caption":"UFEC"},"image":{"@id":"https:\/\/nuevo-renacer.com\/#\/schema\/logo\/image\/"},"sameAs":["https:\/\/www.facebook.com\/groups\/3431398063740829"]}]}},"uagb_featured_image_src":{"full":false,"thumbnail":false,"medium":false,"medium_large":false,"large":false,"1536x1536":false,"2048x2048":false,"trp-custom-language-flag":false},"uagb_author_info":{"display_name":"adbv0","author_link":"https:\/\/nuevo-renacer.com\/fr\/author\/adbv0\/"},"uagb_comment_info":0,"uagb_excerpt":"Historia del Espiritismo en Portugal Para llegar al Congreso Esp\u00edrita de 1900 en Par\u00eds, algo m\u00e1s tuvo que ocurrir en Portugal en relaci\u00f3n con el Espiritismo &#8211; y eso ocurri\u00f3 con el regreso al norte del pa\u00eds, m\u00e1s concretamente a Braga, de los tres hermanos Cunha (la referencia que tenemos dice que eran hermanos, pero\u2026","jetpack_sharing_enabled":true,"_links":{"self":[{"href":"https:\/\/nuevo-renacer.com\/fr\/wp-json\/wp\/v2\/pages\/5519","targetHints":{"allow":["GET"]}}],"collection":[{"href":"https:\/\/nuevo-renacer.com\/fr\/wp-json\/wp\/v2\/pages"}],"about":[{"href":"https:\/\/nuevo-renacer.com\/fr\/wp-json\/wp\/v2\/types\/page"}],"author":[{"embeddable":true,"href":"https:\/\/nuevo-renacer.com\/fr\/wp-json\/wp\/v2\/users\/1"}],"replies":[{"embeddable":true,"href":"https:\/\/nuevo-renacer.com\/fr\/wp-json\/wp\/v2\/comments?post=5519"}],"version-history":[{"count":3,"href":"https:\/\/nuevo-renacer.com\/fr\/wp-json\/wp\/v2\/pages\/5519\/revisions"}],"predecessor-version":[{"id":5529,"href":"https:\/\/nuevo-renacer.com\/fr\/wp-json\/wp\/v2\/pages\/5519\/revisions\/5529"}],"wp:attachment":[{"href":"https:\/\/nuevo-renacer.com\/fr\/wp-json\/wp\/v2\/media?parent=5519"}],"curies":[{"name":"wp","href":"https:\/\/api.w.org\/{rel}","templated":true}]}}