{"id":5510,"date":"2024-10-10T14:56:41","date_gmt":"2024-10-10T14:56:41","guid":{"rendered":"https:\/\/nuevo-renacer.com\/?page_id=5510"},"modified":"2024-10-10T15:03:46","modified_gmt":"2024-10-10T15:03:46","slug":"lo-que-sin-duda-debe-tener-en-cuenta-al-tratar-con-el-espiritismo-y-el-mundo-de-los-espiritus","status":"publish","type":"page","link":"https:\/\/nuevo-renacer.com\/fr\/lo-que-sin-duda-debe-tener-en-cuenta-al-tratar-con-el-espiritismo-y-el-mundo-de-los-espiritus\/","title":{"rendered":"Ce que vous devriez vraiment garder \u00e0 l&#039;esprit lorsque l&#039;on traite avec le spiritisme et le monde de l&#039;esprit"},"content":{"rendered":"<div class=\"wp-block-uagb-container uagb-block-16bbbfbd alignfull uagb-is-root-container\"><div class=\"uagb-container-inner-blocks-wrap\">\n<p class=\"has-black-color has-text-color has-link-color has-medium-font-size wp-elements-45984b0aeb6b85ff3b25b9efbb7edad9\"><strong>Ce que vous devriez vraiment garder \u00e0 l&#039;esprit lorsque l&#039;on traite avec le spiritisme et le monde de l&#039;esprit<\/strong><\/p>\n<\/div><\/div>\n\n\n\n<div class=\"wp-block-uagb-container uagb-block-8854f81f alignfull uagb-is-root-container\"><div class=\"uagb-container-inner-blocks-wrap\">\n<figure class=\"wp-block-image size-full is-resized\"><img fetchpriority=\"high\" decoding=\"async\" width=\"360\" height=\"540\" src=\"https:\/\/nuevo-renacer.com\/wp-content\/uploads\/2024\/10\/spiritual-awakening-concept_917213-226319.avif\" alt=\"\" class=\"wp-image-5512\" style=\"width:264px;height:auto\"\/><\/figure>\n<\/div><\/div>\n\n\n\n<div class=\"wp-block-uagb-container uagb-block-61fbc7d1 alignfull uagb-is-root-container\"><div class=\"uagb-container-inner-blocks-wrap\">\n<p class=\"has-black-color has-text-color has-link-color has-small-font-size wp-elements-be5ad612c5ab257492633bbd7f70ad41\">Pour la majorit\u00e9 des gens qui ne sont pas familiers avec le sujet, le spiritisme et le monde de l&#039;esprit en dehors du domaine du surnaturel et du paranormal. Et cela soul\u00e8ve deux r\u00e9actions: le d\u00e9ni et la curiosit\u00e9. Les sceptiques ne pas approfondir plus loin dans le sujet ou esgrimir\u00e1n arguments succincte (faux) \u00e0 l&#039;encontre de la v\u00e9rit\u00e9 du spiritisme, ou de l&#039;existence du monde spirituel. Ce n&#039;est pas les sceptiques. Plut\u00f4t, les conseils suivants visent \u00e0 les curieux qui cherchent \u00e0 en savoir plus sur le spiritisme\/le monde des esprits. Il y a quelques points importants \u00e0 garder \u00e0 l&#039;esprit.<\/p>\n\n\n\n<p class=\"has-black-color has-text-color has-link-color has-small-font-size wp-elements-8f31854726b7f178b475e1a102a00c4d\"><strong>1. <\/strong>V\u00e9rifiez votre intention: Quelle est la raison pour laquelle vous souhaitez vous impliquer dans le spiritisme? Pourquoi voulez-vous entrer en contact avec les morts ou les esprits? Pensez-y bien et \u00eatre honn\u00eate. Si vous voulez juste faire tout cela \u00e0 cause de la curiosit\u00e9 ou de caprice, parce que vous avez envie d&#039;attractions, terrifiant, ou m\u00eame hors de l&#039;ennui et vous n&#039;avez pas du tout envie d&#039;\u00e9tudier s\u00e9rieusement les choses et se d\u00e9velopper spirituellement et moralement, \u00e0 laisser! L&#039;Occulte, le monde spirituel, et par-dessus tout, les \u00eatres spirituels, pas des jouets qui nous donne du plaisir et de divertissement. Au contraire. Si n&#039;\u00e9tant pas abord\u00e9 la question avec le s\u00e9rieux et l&#039;attention n\u00e9cessaire, les \u00eatres spirituels ci-dessous permettra de profiter de votre ignorance et de manque de maturit\u00e9 et fera de vous son jouet. Et que, bien s\u00fbr, il ne sera pas amusant.<\/p>\n\n\n\n<p class=\"has-black-color has-text-color has-link-color has-small-font-size wp-elements-06531ba0f0bce99655fe1e78ecedf2bd\"><strong>2.<\/strong> Apprendre \u00e0 discerner les esprits: En moderne de l&#039;\u00e9sot\u00e9risme, comme je vais l&#039;appeler \u201cla lumi\u00e8re et l&#039;amour\u201d, est diffus\u00e9e la conviction que le mal et tout le n\u00e9gatif n&#039;existe pas vraiment ou est-il une illusion. Ainsi, le monde spirituel est seulement \u00e0 la lumi\u00e8re et de l&#039;amour. En cons\u00e9quence, tous les \u00eatres spirituels sont, bien s\u00fbr, absolument pure et bonne, heureuse, paisible, au-del\u00e0 de tout reproche, l&#039;un avec l&#039;univers et omniscient. Mais une telle croyance n&#039;est pas seulement na\u00eff, mais aussi dangereux. Refuser obstin\u00e9ment toutes les pens\u00e9es n\u00e9gatives qui n&#039;existe pas, c&#039;est comme fermer les yeux et croire que l&#039;on est invisible parce que vous ne pouvez pas voir quoi que ce soit. Mais, bien s\u00fbr, n&#039;est pas le cas. De sorte que des pr\u00e9cautions extr\u00eames lorsque vous entrez en contact avec les esprits, surtout si vous \u00eates un d\u00e9butant et inexp\u00e9riment\u00e9. Parce que tous les esprits sont bonnes, et pas l&#039;ensemble de leurs intentions sont pures.<\/p>\n\n\n\n<p class=\"has-black-color has-text-color has-link-color has-small-font-size wp-elements-948e570dbdb411b38efc8107cfd5d68d\">Lorsque vous commencez \u00e0 prendre contact, je vous conseille de vous priez votre ange gardien ou le tuteur de l&#039;esprit. Leur demander de supprimer votre environnement de tous les esprits inf\u00e9rieurs, et se moquant, et de permettre seulement les esprits du bien et du sup\u00e9rieur pour communiquer avec vous. Et m\u00eame si le contact se produit, la prudence est le premier commandement. Pourquoi? Ce que les anges sont en train de faire un mauvais travail? Non, c&#039;est peut-\u00eatre simplement que, en d\u00e9pit de la pri\u00e8re, il serait de permettre le passage des esprits inf\u00e9rieurs \u00e0 tester \u00e0 la personne appel\u00e9e ou pour vous enseigner une le\u00e7on. Alors, n&#039;oubliez pas de bien, pas tous les esprits qui r\u00e9pondent sont pures. Et pas tous les esprits qui pr\u00e9tendent \u00e0 une certaine personne que vous \u00eates vraiment la personne. M\u00eame si, par exemple, vous enregistrez une cassette, et vous reconna\u00eetre la voix de votre grand-p\u00e8re, tante, p\u00e8re, etc vous parler de l&#039;\u00e9ther, toujours m\u00e9fiant malgr\u00e9 tout la joie. Payer plus d&#039;attention \u00e0 votre mani\u00e8re de parler. Le d\u00e9funt a \u00e9galement fait les phrases de la m\u00eame fa\u00e7on, en utilisant les mots de la m\u00eame mani\u00e8re, il est peut-\u00eatre aussi quelques phrases d&#039;accroche, etc qui vous permet de reconna\u00eetre la personne.<\/p>\n\n\n\n<p class=\"has-black-color has-text-color has-link-color has-small-font-size wp-elements-c7be2121fbd2c96ca97972942506defb\"><strong>3. <\/strong>Les esprits ne sont pas tout savoir, et ne sont pas l\u00e0 pour r\u00e9pondre \u00e0 toutes nos questions: Comme il a \u00e9t\u00e9 dit au d\u00e9but, nombreux sont ceux qui croient que les esprits, d&#039;\u00eatre dans l&#039;au-del\u00e0, le savons tous, automatiquement. Il ya aussi de nombreux qui, en d\u00e9sespoir de cause, ou de la curiosit\u00e9, de chercher des r\u00e9ponses et de l&#039;orientation de la personne d\u00e9c\u00e9d\u00e9e. C&#039;est compr\u00e9hensible et humain, mais seulement jusqu&#039;\u00e0 un certain point. \u00c9viter \u00e0 tout prix, entrer en contact avec le monde spirituel pour un tout-petit. Si possible, ne jamais poser des questions comme: \u201cpuis-je vraiment envie?\u201d, \u201cQui et o\u00f9 est l&#039;homme\/la femme de mon coeur?\u201d \u201cQuels sont les num\u00e9ros de loterie pour la semaine prochaine?\u201d. \u201cO\u00f9 ai-je mis les cl\u00e9s de la voiture?\u201d, \u201cQue puis-je manger aujourd&#039;hui?\u201d, etc, Car ils savent que tout \u00eatre spirituel sup\u00e9rieur apresurar\u00eda \u00e0 venir pour vous que pour r\u00e9pondre \u00e0 de telles questions.<\/p>\n\n\n\n<p class=\"has-black-color has-text-color has-link-color has-small-font-size wp-elements-7728648511066b9e19843d98f833d55c\">Il ne faut pas oublier que le sup\u00e9rieur des \u00eatres spirituels, comme son nom l&#039;indique, pour tout voir, \u00e0 partir d&#039;un point de vue plus \u00e9lev\u00e9. Ils sont tellement d\u00e9velopp\u00e9s spirituellement et moralement, et que ces questions seraient sembler futile et sans int\u00e9r\u00eat. Simplement, il n&#039;y a pas de raison de r\u00e9pondre. Ce serait comme appeler un professeur de math\u00e9matiques avanc\u00e9es, et se demander si une pomme plus une apple est en fait deux pommes. En revanche, ceux qui vont r\u00e9agir \u00e0 des banalit\u00e9s sont la baisse des esprits. Les cr\u00e9dules que la question peut alors facilement \u00eatre tromp\u00e9s et dup\u00e9s<\/p>\n\n\n\n<p class=\"has-black-color has-text-color has-link-color has-small-font-size wp-elements-d822f2009e9a31f2b7df54d92c29990d\"><strong>4. <\/strong>Les ath\u00e9es ne peuvent jamais \u00eatre vrai spiritualistes: m\u00eame si elles sont tr\u00e8s int\u00e9ress\u00e9s par la r\u00e9incarnation, la vie apr\u00e8s la mort, les esprits et les comp\u00e9tences medi\u00famnicas et nous croyons fermement en eux, mais nier l&#039;existence de Dieu, n&#039;en viendra jamais \u00e0 comprendre la sagesse profonde de la spiritualit\u00e9. <\/p>\n\n\n\n<p class=\"has-black-color has-text-color has-link-color has-small-font-size wp-elements-ff8ed00d786c69c513ea0af3d41e53d7\"><strong>5.<\/strong> Le spiritisme n&#039;est pas une religion ni une secte, beaucoup moins de la simple cr\u00e9ation des spiritueux: la religion, \u00e0 une secte, et la n\u00e9cromancie sont les termes qui sont toujours associ\u00e9s avec le Spiritisme, mais il n&#039;est pas l&#039;un quelconque de ces choses. Allan Kardec (de son vrai nom Hippolyte L\u00e9on Denizard Rivail; 1804 \u2013 1869), le fondateur et le codeur de Spiritisme moderne, le consid\u00e9rer comme une philosophie et une science. Et, en fait, la doctrine spirit est le r\u00e9sultat d&#039;une synth\u00e8se des enseignements et des messages des esprits, bas\u00e9 sur la logique et la sobri\u00e9t\u00e9.<\/p>\n\n\n\n<p class=\"has-black-color has-text-color has-link-color has-small-font-size wp-elements-8181ff68385ec3eb383f64f2a83bec5f\">Par cons\u00e9quent, le Spiritisme manque aussi de toute tendance vers le mysticisme. Il encourage tous les spirites de vivre, de comprendre et d&#039;approfondir les enseignements du Spiritisme \u00e0 travers l&#039;\u00e9tude s\u00e9rieuse et de travail acharn\u00e9. Les spiritualistes ne faut pas croire aveugl\u00e9ment, car ils veulent que la majorit\u00e9 des religions, mais en faire l&#039;exp\u00e9rience par eux-m\u00eames. Le Spiritisme exige l&#039;ind\u00e9pendance et la d\u00e9pendance d&#039;un pr\u00eatre, le gourou, professeur, ou \u00e0 la constitution. En outre, tous les spirites qui d\u00e9couvrent en eux-m\u00eames un don de m\u00e9dium est appel\u00e9 \u00e0 utiliser gratuitement pour le bien de leurs semblables. Au contraire, est critique fortement l&#039;utilisation du don d&#039;enrichir le voisin. Vous ne devez pas abuser de spiritisme pour prendre de l&#039;argent dans les poches des gens d\u00e9sesp\u00e9r\u00e9s. Ce n&#039;est pas un paresseux fa\u00e7on d&#039;\u00e9viter le travail. Elle n&#039;a rien \u00e0 voir avec le spiritisme, qui sont maintenus \u00e0 la (pr\u00e9tendue) nigromancias sous votre nom pour tromper les curieux et augmenter leur propre gloire. Le spiritisme est un phare spirituel dont la lumi\u00e8re rayonnante nous conduit \u00e0 la spiritualit\u00e9 et de la perfection morale, et, par cons\u00e9quent, pour notre salut.<\/p>\n\n\n\n<p><em>Daniela M.<\/em><\/p>\n<\/div><\/div>\n\n\n\n<div class=\"wp-block-uagb-container uagb-block-f9c4b306 alignfull uagb-is-root-container\"><div class=\"uagb-container-inner-blocks-wrap\"><\/div><\/div>\n\n\n\n<div class=\"wp-block-uagb-container uagb-block-4349abd3 alignfull uagb-is-root-container\"><div class=\"uagb-container-inner-blocks-wrap\"><\/div><\/div>","protected":false},"excerpt":{"rendered":"<p>Lo que sin duda debe tener en cuenta al tratar con el espiritismo y el mundo de los esp\u00edritus Para la mayor\u00eda de las personas que no est\u00e1n familiarizadas con el tema, el espiritismo y el mundo de los esp\u00edritus pertenecen al \u00e1mbito de lo sobrenatural y lo paranormal. Y esto suscita precisamente dos reacciones: [&hellip;]<\/p>","protected":false},"author":1,"featured_media":0,"parent":0,"menu_order":0,"comment_status":"closed","ping_status":"closed","template":"","meta":{"_uag_custom_page_level_css":"","site-sidebar-layout":"default","site-content-layout":"","ast-site-content-layout":"default","site-content-style":"default","site-sidebar-style":"default","ast-global-header-display":"","ast-banner-title-visibility":"","ast-main-header-display":"","ast-hfb-above-header-display":"","ast-hfb-below-header-display":"","ast-hfb-mobile-header-display":"","site-post-title":"disabled","ast-breadcrumbs-content":"","ast-featured-img":"","footer-sml-layout":"","theme-transparent-header-meta":"","adv-header-id-meta":"","stick-header-meta":"","header-above-stick-meta":"","header-main-stick-meta":"","header-below-stick-meta":"","astra-migrate-meta-layouts":"set","ast-page-background-enabled":"default","ast-page-background-meta":{"desktop":{"background-color":"var(--ast-global-color-4)","background-image":"","background-repeat":"repeat","background-position":"center center","background-size":"auto","background-attachment":"scroll","background-type":"","background-media":"","overlay-type":"","overlay-color":"","overlay-opacity":"","overlay-gradient":""},"tablet":{"background-color":"","background-image":"","background-repeat":"repeat","background-position":"center center","background-size":"auto","background-attachment":"scroll","background-type":"","background-media":"","overlay-type":"","overlay-color":"","overlay-opacity":"","overlay-gradient":""},"mobile":{"background-color":"","background-image":"","background-repeat":"repeat","background-position":"center center","background-size":"auto","background-attachment":"scroll","background-type":"","background-media":"","overlay-type":"","overlay-color":"","overlay-opacity":"","overlay-gradient":""}},"ast-content-background-meta":{"desktop":{"background-color":"var(--ast-global-color-5)","background-image":"","background-repeat":"repeat","background-position":"center center","background-size":"auto","background-attachment":"scroll","background-type":"","background-media":"","overlay-type":"","overlay-color":"","overlay-opacity":"","overlay-gradient":""},"tablet":{"background-color":"var(--ast-global-color-5)","background-image":"","background-repeat":"repeat","background-position":"center center","background-size":"auto","background-attachment":"scroll","background-type":"","background-media":"","overlay-type":"","overlay-color":"","overlay-opacity":"","overlay-gradient":""},"mobile":{"background-color":"var(--ast-global-color-5)","background-image":"","background-repeat":"repeat","background-position":"center center","background-size":"auto","background-attachment":"scroll","background-type":"","background-media":"","overlay-type":"","overlay-color":"","overlay-opacity":"","overlay-gradient":""}},"footnotes":""},"class_list":["post-5510","page","type-page","status-publish","hentry"],"yoast_head":"<!-- This site is optimized with the Yoast SEO Premium plugin v24.2 (Yoast SEO v24.6) - https:\/\/yoast.com\/wordpress\/plugins\/seo\/ -->\n<title>Lo que sin duda debe tener en cuenta al tratar con el espiritismo y el mundo de los esp\u00edritus - Uni\u00f3n Esp\u00edrita<\/title>\n<meta name=\"robots\" content=\"index, follow, max-snippet:-1, max-image-preview:large, max-video-preview:-1\" \/>\n<link rel=\"canonical\" href=\"https:\/\/nuevo-renacer.com\/fr\/lo-que-sin-duda-debe-tener-en-cuenta-al-tratar-con-el-espiritismo-y-el-mundo-de-los-espiritus\/\" \/>\n<meta property=\"og:locale\" content=\"fr_FR\" \/>\n<meta property=\"og:type\" content=\"article\" \/>\n<meta property=\"og:title\" content=\"Lo que sin duda debe tener en cuenta al tratar con el espiritismo y el mundo de los esp\u00edritus\" \/>\n<meta property=\"og:description\" content=\"Lo que sin duda debe tener en cuenta al tratar con el espiritismo y el mundo de los esp\u00edritus Para la mayor\u00eda de las personas que no est\u00e1n familiarizadas con el tema, el espiritismo y el mundo de los esp\u00edritus pertenecen al \u00e1mbito de lo sobrenatural y lo paranormal. Y esto suscita precisamente dos reacciones: [&hellip;]\" \/>\n<meta property=\"og:url\" content=\"https:\/\/nuevo-renacer.com\/fr\/lo-que-sin-duda-debe-tener-en-cuenta-al-tratar-con-el-espiritismo-y-el-mundo-de-los-espiritus\/\" \/>\n<meta property=\"og:site_name\" content=\"Uni\u00f3n Esp\u00edrita\" \/>\n<meta property=\"article:publisher\" content=\"https:\/\/www.facebook.com\/groups\/3431398063740829\" \/>\n<meta property=\"article:modified_time\" content=\"2024-10-10T15:03:46+00:00\" \/>\n<meta property=\"og:image\" content=\"https:\/\/nuevo-renacer.com\/wp-content\/uploads\/2024\/10\/spiritual-awakening-concept_917213-226319.avif\" \/>\n<meta name=\"twitter:card\" content=\"summary_large_image\" \/>\n<meta name=\"twitter:label1\" content=\"Dur\u00e9e de lecture estim\u00e9e\" \/>\n\t<meta name=\"twitter:data1\" content=\"7 minutes\" \/>\n<script type=\"application\/ld+json\" class=\"yoast-schema-graph\">{\"@context\":\"https:\/\/schema.org\",\"@graph\":[{\"@type\":\"WebPage\",\"@id\":\"https:\/\/nuevo-renacer.com\/lo-que-sin-duda-debe-tener-en-cuenta-al-tratar-con-el-espiritismo-y-el-mundo-de-los-espiritus\/\",\"url\":\"https:\/\/nuevo-renacer.com\/lo-que-sin-duda-debe-tener-en-cuenta-al-tratar-con-el-espiritismo-y-el-mundo-de-los-espiritus\/\",\"name\":\"Lo que sin duda debe tener en cuenta al tratar con el espiritismo y el mundo de los esp\u00edritus - Uni\u00f3n Esp\u00edrita\",\"isPartOf\":{\"@id\":\"https:\/\/nuevo-renacer.com\/#website\"},\"primaryImageOfPage\":{\"@id\":\"https:\/\/nuevo-renacer.com\/lo-que-sin-duda-debe-tener-en-cuenta-al-tratar-con-el-espiritismo-y-el-mundo-de-los-espiritus\/#primaryimage\"},\"image\":{\"@id\":\"https:\/\/nuevo-renacer.com\/lo-que-sin-duda-debe-tener-en-cuenta-al-tratar-con-el-espiritismo-y-el-mundo-de-los-espiritus\/#primaryimage\"},\"thumbnailUrl\":\"https:\/\/nuevo-renacer.com\/wp-content\/uploads\/2024\/10\/spiritual-awakening-concept_917213-226319.avif\",\"datePublished\":\"2024-10-10T14:56:41+00:00\",\"dateModified\":\"2024-10-10T15:03:46+00:00\",\"breadcrumb\":{\"@id\":\"https:\/\/nuevo-renacer.com\/lo-que-sin-duda-debe-tener-en-cuenta-al-tratar-con-el-espiritismo-y-el-mundo-de-los-espiritus\/#breadcrumb\"},\"inLanguage\":\"fr-FR\",\"potentialAction\":[{\"@type\":\"ReadAction\",\"target\":[\"https:\/\/nuevo-renacer.com\/lo-que-sin-duda-debe-tener-en-cuenta-al-tratar-con-el-espiritismo-y-el-mundo-de-los-espiritus\/\"]}]},{\"@type\":\"ImageObject\",\"inLanguage\":\"fr-FR\",\"@id\":\"https:\/\/nuevo-renacer.com\/lo-que-sin-duda-debe-tener-en-cuenta-al-tratar-con-el-espiritismo-y-el-mundo-de-los-espiritus\/#primaryimage\",\"url\":\"https:\/\/nuevo-renacer.com\/wp-content\/uploads\/2024\/10\/spiritual-awakening-concept_917213-226319.avif\",\"contentUrl\":\"https:\/\/nuevo-renacer.com\/wp-content\/uploads\/2024\/10\/spiritual-awakening-concept_917213-226319.avif\"},{\"@type\":\"BreadcrumbList\",\"@id\":\"https:\/\/nuevo-renacer.com\/lo-que-sin-duda-debe-tener-en-cuenta-al-tratar-con-el-espiritismo-y-el-mundo-de-los-espiritus\/#breadcrumb\",\"itemListElement\":[{\"@type\":\"ListItem\",\"position\":1,\"name\":\"Startseite\",\"item\":\"https:\/\/nuevo-renacer.com\/\"},{\"@type\":\"ListItem\",\"position\":2,\"name\":\"Lo que sin duda debe tener en cuenta al tratar con el espiritismo y el mundo de los esp\u00edritus\"}]},{\"@type\":\"WebSite\",\"@id\":\"https:\/\/nuevo-renacer.com\/#website\",\"url\":\"https:\/\/nuevo-renacer.com\/\",\"name\":\"Uni\u00f3n Esp\u00edrita\",\"description\":\"Nuevo Renacer\",\"publisher\":{\"@id\":\"https:\/\/nuevo-renacer.com\/#organization\"},\"potentialAction\":[{\"@type\":\"SearchAction\",\"target\":{\"@type\":\"EntryPoint\",\"urlTemplate\":\"https:\/\/nuevo-renacer.com\/?s={search_term_string}\"},\"query-input\":{\"@type\":\"PropertyValueSpecification\",\"valueRequired\":true,\"valueName\":\"search_term_string\"}}],\"inLanguage\":\"fr-FR\"},{\"@type\":\"Organization\",\"@id\":\"https:\/\/nuevo-renacer.com\/#organization\",\"name\":\"UFEC\",\"url\":\"https:\/\/nuevo-renacer.com\/\",\"logo\":{\"@type\":\"ImageObject\",\"inLanguage\":\"fr-FR\",\"@id\":\"https:\/\/nuevo-renacer.com\/#\/schema\/logo\/image\/\",\"url\":\"https:\/\/nuevo-renacer.com\/wp-content\/uploads\/2024\/05\/cropped-LOGO-TERMINADO1-3-3.png\",\"contentUrl\":\"https:\/\/nuevo-renacer.com\/wp-content\/uploads\/2024\/05\/cropped-LOGO-TERMINADO1-3-3.png\",\"width\":512,\"height\":512,\"caption\":\"UFEC\"},\"image\":{\"@id\":\"https:\/\/nuevo-renacer.com\/#\/schema\/logo\/image\/\"},\"sameAs\":[\"https:\/\/www.facebook.com\/groups\/3431398063740829\"]}]}<\/script>\n<!-- \/ Yoast SEO Premium plugin. -->","yoast_head_json":{"title":"Lo que sin duda debe tener en cuenta al tratar con el espiritismo y el mundo de los esp\u00edritus - Uni\u00f3n Esp\u00edrita","robots":{"index":"index","follow":"follow","max-snippet":"max-snippet:-1","max-image-preview":"max-image-preview:large","max-video-preview":"max-video-preview:-1"},"canonical":"https:\/\/nuevo-renacer.com\/fr\/lo-que-sin-duda-debe-tener-en-cuenta-al-tratar-con-el-espiritismo-y-el-mundo-de-los-espiritus\/","og_locale":"fr_FR","og_type":"article","og_title":"Lo que sin duda debe tener en cuenta al tratar con el espiritismo y el mundo de los esp\u00edritus","og_description":"Lo que sin duda debe tener en cuenta al tratar con el espiritismo y el mundo de los esp\u00edritus Para la mayor\u00eda de las personas que no est\u00e1n familiarizadas con el tema, el espiritismo y el mundo de los esp\u00edritus pertenecen al \u00e1mbito de lo sobrenatural y lo paranormal. Y esto suscita precisamente dos reacciones: [&hellip;]","og_url":"https:\/\/nuevo-renacer.com\/fr\/lo-que-sin-duda-debe-tener-en-cuenta-al-tratar-con-el-espiritismo-y-el-mundo-de-los-espiritus\/","og_site_name":"Uni\u00f3n Esp\u00edrita","article_publisher":"https:\/\/www.facebook.com\/groups\/3431398063740829","article_modified_time":"2024-10-10T15:03:46+00:00","og_image":[{"url":"https:\/\/nuevo-renacer.com\/wp-content\/uploads\/2024\/10\/spiritual-awakening-concept_917213-226319.avif","type":"","width":"","height":""}],"twitter_card":"summary_large_image","twitter_misc":{"Dur\u00e9e de lecture estim\u00e9e":"7 minutes"},"schema":{"@context":"https:\/\/schema.org","@graph":[{"@type":"WebPage","@id":"https:\/\/nuevo-renacer.com\/lo-que-sin-duda-debe-tener-en-cuenta-al-tratar-con-el-espiritismo-y-el-mundo-de-los-espiritus\/","url":"https:\/\/nuevo-renacer.com\/lo-que-sin-duda-debe-tener-en-cuenta-al-tratar-con-el-espiritismo-y-el-mundo-de-los-espiritus\/","name":"Lo que sin duda debe tener en cuenta al tratar con el espiritismo y el mundo de los esp\u00edritus - Uni\u00f3n Esp\u00edrita","isPartOf":{"@id":"https:\/\/nuevo-renacer.com\/#website"},"primaryImageOfPage":{"@id":"https:\/\/nuevo-renacer.com\/lo-que-sin-duda-debe-tener-en-cuenta-al-tratar-con-el-espiritismo-y-el-mundo-de-los-espiritus\/#primaryimage"},"image":{"@id":"https:\/\/nuevo-renacer.com\/lo-que-sin-duda-debe-tener-en-cuenta-al-tratar-con-el-espiritismo-y-el-mundo-de-los-espiritus\/#primaryimage"},"thumbnailUrl":"https:\/\/nuevo-renacer.com\/wp-content\/uploads\/2024\/10\/spiritual-awakening-concept_917213-226319.avif","datePublished":"2024-10-10T14:56:41+00:00","dateModified":"2024-10-10T15:03:46+00:00","breadcrumb":{"@id":"https:\/\/nuevo-renacer.com\/lo-que-sin-duda-debe-tener-en-cuenta-al-tratar-con-el-espiritismo-y-el-mundo-de-los-espiritus\/#breadcrumb"},"inLanguage":"fr-FR","potentialAction":[{"@type":"ReadAction","target":["https:\/\/nuevo-renacer.com\/lo-que-sin-duda-debe-tener-en-cuenta-al-tratar-con-el-espiritismo-y-el-mundo-de-los-espiritus\/"]}]},{"@type":"ImageObject","inLanguage":"fr-FR","@id":"https:\/\/nuevo-renacer.com\/lo-que-sin-duda-debe-tener-en-cuenta-al-tratar-con-el-espiritismo-y-el-mundo-de-los-espiritus\/#primaryimage","url":"https:\/\/nuevo-renacer.com\/wp-content\/uploads\/2024\/10\/spiritual-awakening-concept_917213-226319.avif","contentUrl":"https:\/\/nuevo-renacer.com\/wp-content\/uploads\/2024\/10\/spiritual-awakening-concept_917213-226319.avif"},{"@type":"BreadcrumbList","@id":"https:\/\/nuevo-renacer.com\/lo-que-sin-duda-debe-tener-en-cuenta-al-tratar-con-el-espiritismo-y-el-mundo-de-los-espiritus\/#breadcrumb","itemListElement":[{"@type":"ListItem","position":1,"name":"Startseite","item":"https:\/\/nuevo-renacer.com\/"},{"@type":"ListItem","position":2,"name":"Lo que sin duda debe tener en cuenta al tratar con el espiritismo y el mundo de los esp\u00edritus"}]},{"@type":"WebSite","@id":"https:\/\/nuevo-renacer.com\/#website","url":"https:\/\/nuevo-renacer.com\/","name":"Uni\u00f3n Esp\u00edrita","description":"Nuevo Renacer","publisher":{"@id":"https:\/\/nuevo-renacer.com\/#organization"},"potentialAction":[{"@type":"SearchAction","target":{"@type":"EntryPoint","urlTemplate":"https:\/\/nuevo-renacer.com\/?s={search_term_string}"},"query-input":{"@type":"PropertyValueSpecification","valueRequired":true,"valueName":"search_term_string"}}],"inLanguage":"fr-FR"},{"@type":"Organization","@id":"https:\/\/nuevo-renacer.com\/#organization","name":"UFEC","url":"https:\/\/nuevo-renacer.com\/","logo":{"@type":"ImageObject","inLanguage":"fr-FR","@id":"https:\/\/nuevo-renacer.com\/#\/schema\/logo\/image\/","url":"https:\/\/nuevo-renacer.com\/wp-content\/uploads\/2024\/05\/cropped-LOGO-TERMINADO1-3-3.png","contentUrl":"https:\/\/nuevo-renacer.com\/wp-content\/uploads\/2024\/05\/cropped-LOGO-TERMINADO1-3-3.png","width":512,"height":512,"caption":"UFEC"},"image":{"@id":"https:\/\/nuevo-renacer.com\/#\/schema\/logo\/image\/"},"sameAs":["https:\/\/www.facebook.com\/groups\/3431398063740829"]}]}},"uagb_featured_image_src":{"full":false,"thumbnail":false,"medium":false,"medium_large":false,"large":false,"1536x1536":false,"2048x2048":false,"trp-custom-language-flag":false},"uagb_author_info":{"display_name":"adbv0","author_link":"https:\/\/nuevo-renacer.com\/fr\/author\/adbv0\/"},"uagb_comment_info":0,"uagb_excerpt":"Lo que sin duda debe tener en cuenta al tratar con el espiritismo y el mundo de los esp\u00edritus Para la mayor\u00eda de las personas que no est\u00e1n familiarizadas con el tema, el espiritismo y el mundo de los esp\u00edritus pertenecen al \u00e1mbito de lo sobrenatural y lo paranormal. Y esto suscita precisamente dos reacciones:\u2026","jetpack_sharing_enabled":true,"_links":{"self":[{"href":"https:\/\/nuevo-renacer.com\/fr\/wp-json\/wp\/v2\/pages\/5510","targetHints":{"allow":["GET"]}}],"collection":[{"href":"https:\/\/nuevo-renacer.com\/fr\/wp-json\/wp\/v2\/pages"}],"about":[{"href":"https:\/\/nuevo-renacer.com\/fr\/wp-json\/wp\/v2\/types\/page"}],"author":[{"embeddable":true,"href":"https:\/\/nuevo-renacer.com\/fr\/wp-json\/wp\/v2\/users\/1"}],"replies":[{"embeddable":true,"href":"https:\/\/nuevo-renacer.com\/fr\/wp-json\/wp\/v2\/comments?post=5510"}],"version-history":[{"count":4,"href":"https:\/\/nuevo-renacer.com\/fr\/wp-json\/wp\/v2\/pages\/5510\/revisions"}],"predecessor-version":[{"id":5516,"href":"https:\/\/nuevo-renacer.com\/fr\/wp-json\/wp\/v2\/pages\/5510\/revisions\/5516"}],"wp:attachment":[{"href":"https:\/\/nuevo-renacer.com\/fr\/wp-json\/wp\/v2\/media?parent=5510"}],"curies":[{"name":"wp","href":"https:\/\/api.w.org\/{rel}","templated":true}]}}