{"id":5297,"date":"2024-10-07T12:43:26","date_gmt":"2024-10-07T12:43:26","guid":{"rendered":"https:\/\/nuevo-renacer.com\/?page_id=5297"},"modified":"2024-10-07T15:04:39","modified_gmt":"2024-10-07T15:04:39","slug":"historia-del-espiritismo-en-bulgaria","status":"publish","type":"page","link":"https:\/\/nuevo-renacer.com\/fr\/historia-del-espiritismo-en-bulgaria\/","title":{"rendered":"Histoire du Spiritisme en Bulgarie"},"content":{"rendered":"<div class=\"wp-block-uagb-container uagb-block-aea7970b alignfull uagb-is-root-container\"><div class=\"uagb-container-inner-blocks-wrap\">\n<p class=\"has-black-color has-text-color has-link-color has-medium-font-size wp-elements-889c6513c779e722b327bda9dab7b03a\"><strong>Histoire du Spiritisme en Bulgarie<\/strong><\/p>\n<\/div><\/div>\n\n\n\n<div class=\"wp-block-uagb-container uagb-block-5cf5b7c2 alignfull uagb-is-root-container\"><div class=\"uagb-container-inner-blocks-wrap\"><\/div><\/div>\n\n\n\n<div class=\"wp-block-uagb-container uagb-block-b9a05cb9 alignfull uagb-is-root-container\"><div class=\"uagb-container-inner-blocks-wrap\">\n<figure class=\"wp-block-image size-full is-resized has-custom-border\"><img fetchpriority=\"high\" decoding=\"async\" width=\"612\" height=\"408\" src=\"https:\/\/nuevo-renacer.com\/wp-content\/uploads\/2024\/10\/istockphoto-657672310-612x612-1.jpg\" alt=\"\" class=\"wp-image-5298\" style=\"border-width:1px;width:84px\" srcset=\"https:\/\/nuevo-renacer.com\/wp-content\/uploads\/2024\/10\/istockphoto-657672310-612x612-1.jpg 612w, https:\/\/nuevo-renacer.com\/wp-content\/uploads\/2024\/10\/istockphoto-657672310-612x612-1-300x200.jpg 300w, https:\/\/nuevo-renacer.com\/wp-content\/uploads\/2024\/10\/istockphoto-657672310-612x612-1-18x12.jpg 18w\" sizes=\"(max-width: 612px) 100vw, 612px\" \/><\/figure>\n<\/div><\/div>\n\n\n\n<div class=\"wp-block-uagb-container uagb-block-38e463f4 alignfull uagb-is-root-container\"><div class=\"uagb-container-inner-blocks-wrap\">\n<p class=\"has-black-color has-text-color has-link-color has-medium-font-size wp-elements-87ae1b8a164beb207ad51ce8e7241e41\"><strong>Le dr Georgi Mirkovic et le Spiritisme<\/strong><\/p>\n\n\n\n<div class=\"wp-block-uagb-container uagb-block-9418e7d2\">\n<figure class=\"wp-block-image size-full is-resized\"><img decoding=\"async\" width=\"512\" height=\"715\" src=\"https:\/\/nuevo-renacer.com\/wp-content\/uploads\/2024\/10\/Scan-200123-0008001-1.jpg\" alt=\"\" class=\"wp-image-5302\" style=\"width:270px;height:auto\" srcset=\"https:\/\/nuevo-renacer.com\/wp-content\/uploads\/2024\/10\/Scan-200123-0008001-1.jpg 512w, https:\/\/nuevo-renacer.com\/wp-content\/uploads\/2024\/10\/Scan-200123-0008001-1-215x300.jpg 215w, https:\/\/nuevo-renacer.com\/wp-content\/uploads\/2024\/10\/Scan-200123-0008001-1-9x12.jpg 9w\" sizes=\"(max-width: 512px) 100vw, 512px\" \/><figcaption class=\"wp-element-caption\">Le Dr Georgi Mirkovic.<\/figcaption><\/figure>\n<\/div>\n\n\n\n<p class=\"has-black-color has-text-color has-link-color has-small-font-size wp-elements-89739709e55af8a2c2b6dd11f97c691d\">Le dr Mirkovic est n\u00e9 \u00e0 Sliven en 1825, et sa vie est une longue histoire.<\/p>\n\n\n\n<p class=\"has-black-color has-text-color has-link-color has-small-font-size wp-elements-4bf3727d48ae12ade00612ad1c9bd627\">\u00c0 1848, il entre \u00e0 l&#039;\u00e9cole catholique fran\u00e7ais Babek-Carigrad. L\u00e0, il rencontra un moine nomm\u00e9 Ren\u00e9, qui lui ont pr\u00e9sent\u00e9 \u00e0 l&#039;occulte, \u00e0 laquelle il resta fid\u00e8le pour le reste de sa vie. En 1851, il a voyag\u00e9 en France et a termin\u00e9 ses \u00e9tudes de m\u00e9decine \u00e0 Montpellier en 1856. Il y a rencontr\u00e9 pratiquement la clairvoyance. \u00c0 ce moment, son fr\u00e8re, un riche marchand qui a gard\u00e9, a envoy\u00e9 des cotisations mensuelles r\u00e9guli\u00e8res \u00e0 la banque locale. Soudain, les contributions cess\u00e9 et il a \u00e9t\u00e9 expos\u00e9 \u00e0 la mis\u00e8re et avait faim. Puis il a conseill\u00e9 d&#039;aller voir une femme qui \u00e9tait \u00e0 la clairvoyance de dire pourquoi il n&#039;\u00e9tait pas votre argent. Rencontr\u00e9 et lui dit: &#034;Votre argent est ici, au bureau de poste, mais l&#039;adresse est mal \u00e9crit et pas ce que vous pouvez envoyer. Aller le chercher&#034;. Aller au bureau de poste et, en fait, l&#039;argent prend beaucoup de temps parce que l&#039;adresse est mal \u00e9crit. Lui donner l&#039;argent. Mais cette vision int\u00e9rieure de la voyante, je suis profond\u00e9ment \u00e9mu et se rend compte qu&#039;il y a un monde invisible, qu&#039;il y a une face cach\u00e9e, dans la vie, qui doit \u00eatre \u00e9tudi\u00e9e. Commence \u00e0 s&#039;int\u00e9resser \u00e0 elle et il tombe dans les cercles spirites. Puis vint le mat\u00e9rialisme et la th\u00e9orie de l&#039;\u00e9volution de Darwin sur l&#039;origine de la vie, d&#039;une part, et le spiritisme, de l&#039;autre, qui a montr\u00e9 qu&#039;il existe un monde invisible.<\/p>\n\n\n\n<p class=\"has-black-color has-text-color has-link-color has-small-font-size wp-elements-b6ae0f484e1d4481030f3b83bba56d0a\">En 1870, il a particip\u00e9 au mouvement r\u00e9volutionnaire de la Sandjak de Vidin et a \u00e9t\u00e9 livr\u00e9 aux autorit\u00e9s turques par le metropolitan bulgare Doro-Tey, le fils de la s\u0153ur du grec et turc\u00f3filo Naid Gerov. Le dr Mirkovic a \u00e9t\u00e9 envoy\u00e9 \u00e0 Diyarbakir en prison pour la vie.<\/p>\n\n\n\n<p class=\"has-black-color has-text-color has-link-color has-small-font-size wp-elements-f414f616ab41052edb115e21b9fe614b\">Il y a rencontr\u00e9 un m\u00e9decin fran\u00e7ais voyageur, tr\u00e8s appr\u00e9ci\u00e9e par le gouvernement turc, qui interc\u00e9da pour lui, et le lib\u00e9ra de ses cha\u00eenes pour faire face \u00e0 l&#039;\u00e9pid\u00e9mie de chol\u00e9ra a \u00e9t\u00e9 d\u00e9clar\u00e9e. Et c&#039;est sa th\u00e8se de doctorat. Lib\u00e9r\u00e9 sous caution, se d\u00e9place librement et est \u00e0 la population locale, d&#039;amasser une fortune enviable. Certains de ses compagnons d&#039;exil sont propos\u00e9s pour organiser votre vol Diyarbakir. Cependant, il refuse. La raison en est qu&#039;il a rencontr\u00e9 un proph\u00e8te, un local qui pr\u00e9dit qu&#039;il sera lib\u00e9r\u00e9 de Diyarbakir apr\u00e8s une grande guerre est \u00e0 venir. Sa proph\u00e9tie a \u00e9t\u00e9 accomplie et la fin de son exil, est venu apr\u00e8s l&#039;amnistie de 1878, qui a suivi la lib\u00e9ration de la Bulgarie en Russie.<\/p>\n\n\n\n<p class=\"has-black-color has-text-color has-link-color has-small-font-size wp-elements-ddd62b11519c3198ac55cfb6d7989c9a\">En 1893, apr\u00e8s une visite \u00e0 Paris et une rencontre avec Anna de la Grange, il a proph\u00e9tis\u00e9 le suivant: &#034;B\u00e9nie soit la Russie, parce que votre plan de servir le plan divin, et qu&#039;il ouvrira la voie \u00e0 la jeune chef divin qui permettra de lever le drapeau de l&#039;ind\u00e9pendance du pays opprim\u00e9s dans un seul corps, par la foi en l&#039;unit\u00e9 universelle des croyants dans le monde. Mirkovic, mon fils, mon cher, que je prot\u00e8ge, votre Guide de la Divine qui veulent rencontrer, dicte ce message \u00e0 la moyenne, \u00e0 Paris, sous la banni\u00e8re de la vraie lumi\u00e8re.&#034;<\/p>\n\n\n\n<div class=\"wp-block-uagb-container uagb-block-30acf874\">\n<figure class=\"wp-block-image size-large is-resized\"><img decoding=\"async\" width=\"584\" height=\"1024\" src=\"https:\/\/nuevo-renacer.com\/wp-content\/uploads\/2024\/10\/Anna-de-la-Grange-584x1024.jpg\" alt=\"\" class=\"wp-image-5309\" style=\"width:228px\" srcset=\"https:\/\/nuevo-renacer.com\/wp-content\/uploads\/2024\/10\/Anna-de-la-Grange-584x1024.jpg 584w, https:\/\/nuevo-renacer.com\/wp-content\/uploads\/2024\/10\/Anna-de-la-Grange-171x300.jpg 171w, https:\/\/nuevo-renacer.com\/wp-content\/uploads\/2024\/10\/Anna-de-la-Grange-768x1348.jpg 768w, https:\/\/nuevo-renacer.com\/wp-content\/uploads\/2024\/10\/Anna-de-la-Grange-875x1536.jpg 875w, https:\/\/nuevo-renacer.com\/wp-content\/uploads\/2024\/10\/Anna-de-la-Grange-7x12.jpg 7w, https:\/\/nuevo-renacer.com\/wp-content\/uploads\/2024\/10\/Anna-de-la-Grange.jpg 1167w\" sizes=\"(max-width: 584px) 100vw, 584px\" \/><figcaption class=\"wp-element-caption\">Anna de La Grange<\/figcaption><\/figure>\n<\/div>\n\n\n\n<p class=\"has-black-color has-text-color has-link-color has-small-font-size wp-elements-816029d1875f9f34c7b4df51d41abcf0\">En 1899, le dr. Mirkovic, avec Penyu de Kirov et de Todor Stoinemov, Burgas, il a \u00e9t\u00e9 personnellement invit\u00e9 par le ma\u00eetre Petar Danow le premier congr\u00e8s du cercle spirituel. En ao\u00fbt 1905, \u00e0 sa demande, a \u00e9t\u00e9 pr\u00e9venu par le monde de l&#039;invisible qui a mis fin \u00e0 sa vie terrestre, questions, depuis son d\u00e9part pour l&#039;au-del\u00e0 \u00e9tait imminente. Le 29.09.1905 partirent de la vie.<\/p>\n\n\n\n<div class=\"wp-block-uagb-container uagb-block-78d595e6\">\n<figure class=\"wp-block-image size-full is-resized\"><img loading=\"lazy\" decoding=\"async\" width=\"211\" height=\"300\" src=\"https:\/\/nuevo-renacer.com\/wp-content\/uploads\/2024\/10\/\u041f\u0435\u0442\u044a\u0440-\u0414\u044a\u043d\u043e\u0432-211x300-1.jpg\" alt=\"\" class=\"wp-image-5306\" style=\"width:228px;height:auto\" srcset=\"https:\/\/nuevo-renacer.com\/wp-content\/uploads\/2024\/10\/\u041f\u0435\u0442\u044a\u0440-\u0414\u044a\u043d\u043e\u0432-211x300-1.jpg 211w, https:\/\/nuevo-renacer.com\/wp-content\/uploads\/2024\/10\/\u041f\u0435\u0442\u044a\u0440-\u0414\u044a\u043d\u043e\u0432-211x300-1-8x12.jpg 8w\" sizes=\"(max-width: 211px) 100vw, 211px\" \/><figcaption class=\"wp-element-caption\">Petar Danow<\/figcaption><\/figure>\n<\/div>\n\n\n\n<p class=\"has-black-color has-text-color has-link-color has-small-font-size wp-elements-37eac38ff826e586a6d3bb040c984f90\">Le dr Mirkovic est un illuminateur de la Renaissance, un combattant pour l&#039;ind\u00e9pendance de l&#039;\u00c9glise, un r\u00e9volutionnaire, un exil de Diarbekir, un avocat d&#039;une soci\u00e9t\u00e9 d\u00e9mocratique et un pionnier des mouvements spirituels en Bulgarie, qui a pr\u00e9par\u00e9 le terrain pour l&#039;arriv\u00e9e de &#034;Chef de file de la Lumi\u00e8re&#034;, de sorte que cette proph\u00e9tie sera accomplie.<\/p>\n\n\n\n<p class=\"has-black-color has-text-color has-link-color has-small-font-size wp-elements-1afd80afcfab8a67e953f46e9b97351e\">Le dr Mirkovic a \u00e9t\u00e9 le co-fondateur de la Croix-Rouge bulgare en Bulgarie, le fondateur de l&#039;organisme de bienfaisance en Bulgarie et en 1990 a \u00e9t\u00e9 pr\u00e9par\u00e9 comme un concert b\u00e9n\u00e9fice au Dr Georgi Mirkovic en tant que co-fondateur de la Croix-Rouge et les \u0153uvres de charit\u00e9 en Bulgarie. Comme l&#039;un des trois premiers disciples du Ma\u00eetre, il a \u00e9t\u00e9 honor\u00e9 avec une c\u00e9l\u00e9bration appropri\u00e9 dans la Maison des Avocats \u00e0 Sofia, o\u00f9 la musique du Ma\u00eetre Petar Danow a \u00e9t\u00e9 interpr\u00e9t\u00e9 par des musiciens de Sofia, les membres de la Soci\u00e9t\u00e9 de la Fraternit\u00e9 Blanche. C&#039;\u00e9tait le premier concert apr\u00e8s les changements qui ont eu lieu en Bulgarie le 10 novembre 1989, \u00e0 la suite duquel nous avons effectu\u00e9 plus de dix concerts \u00e0 Sofia jusqu&#039;\u00e0 la date bas\u00e9e sur la musique et les paroles du Ma\u00eetre Petar Danow. Il a \u00e9t\u00e9 le pionnier.<\/p>\n<\/div><\/div>","protected":false},"excerpt":{"rendered":"<p>Historia del Espiritismo en Bulgaria Dr. Georgi Mirkovic y el Espiritismo El Dr. Mirkovic naci\u00f3 en Sliven en 1825 y su vida tiene una larga historia. Hacia 1848, ingres\u00f3 en la escuela cat\u00f3lica francesa de Babek-Carigrad. All\u00ed conoci\u00f3 a un monje llamado Ren\u00e9, que le introdujo en el espiritismo, al que permaneci\u00f3 fiel el resto [&hellip;]<\/p>","protected":false},"author":1,"featured_media":0,"parent":0,"menu_order":0,"comment_status":"closed","ping_status":"closed","template":"","meta":{"_uag_custom_page_level_css":"","site-sidebar-layout":"default","site-content-layout":"","ast-site-content-layout":"default","site-content-style":"default","site-sidebar-style":"default","ast-global-header-display":"","ast-banner-title-visibility":"","ast-main-header-display":"","ast-hfb-above-header-display":"","ast-hfb-below-header-display":"","ast-hfb-mobile-header-display":"","site-post-title":"disabled","ast-breadcrumbs-content":"","ast-featured-img":"","footer-sml-layout":"","theme-transparent-header-meta":"","adv-header-id-meta":"","stick-header-meta":"","header-above-stick-meta":"","header-main-stick-meta":"","header-below-stick-meta":"","astra-migrate-meta-layouts":"set","ast-page-background-enabled":"default","ast-page-background-meta":{"desktop":{"background-color":"var(--ast-global-color-4)","background-image":"","background-repeat":"repeat","background-position":"center center","background-size":"auto","background-attachment":"scroll","background-type":"","background-media":"","overlay-type":"","overlay-color":"","overlay-opacity":"","overlay-gradient":""},"tablet":{"background-color":"","background-image":"","background-repeat":"repeat","background-position":"center center","background-size":"auto","background-attachment":"scroll","background-type":"","background-media":"","overlay-type":"","overlay-color":"","overlay-opacity":"","overlay-gradient":""},"mobile":{"background-color":"","background-image":"","background-repeat":"repeat","background-position":"center center","background-size":"auto","background-attachment":"scroll","background-type":"","background-media":"","overlay-type":"","overlay-color":"","overlay-opacity":"","overlay-gradient":""}},"ast-content-background-meta":{"desktop":{"background-color":"var(--ast-global-color-5)","background-image":"","background-repeat":"repeat","background-position":"center center","background-size":"auto","background-attachment":"scroll","background-type":"","background-media":"","overlay-type":"","overlay-color":"","overlay-opacity":"","overlay-gradient":""},"tablet":{"background-color":"var(--ast-global-color-5)","background-image":"","background-repeat":"repeat","background-position":"center center","background-size":"auto","background-attachment":"scroll","background-type":"","background-media":"","overlay-type":"","overlay-color":"","overlay-opacity":"","overlay-gradient":""},"mobile":{"background-color":"var(--ast-global-color-5)","background-image":"","background-repeat":"repeat","background-position":"center center","background-size":"auto","background-attachment":"scroll","background-type":"","background-media":"","overlay-type":"","overlay-color":"","overlay-opacity":"","overlay-gradient":""}},"footnotes":""},"class_list":["post-5297","page","type-page","status-publish","hentry"],"yoast_head":"<!-- This site is optimized with the Yoast SEO Premium plugin v24.2 (Yoast SEO v24.6) - https:\/\/yoast.com\/wordpress\/plugins\/seo\/ -->\n<title>Historia del Espiritismo en Bulgaria - Uni\u00f3n Esp\u00edrita<\/title>\n<meta name=\"robots\" content=\"index, follow, max-snippet:-1, max-image-preview:large, max-video-preview:-1\" \/>\n<link rel=\"canonical\" href=\"https:\/\/nuevo-renacer.com\/fr\/historia-del-espiritismo-en-bulgaria\/\" \/>\n<meta property=\"og:locale\" content=\"fr_FR\" \/>\n<meta property=\"og:type\" content=\"article\" \/>\n<meta property=\"og:title\" content=\"Historia del Espiritismo en Bulgaria\" \/>\n<meta property=\"og:description\" content=\"Historia del Espiritismo en Bulgaria Dr. Georgi Mirkovic y el Espiritismo El Dr. Mirkovic naci\u00f3 en Sliven en 1825 y su vida tiene una larga historia. Hacia 1848, ingres\u00f3 en la escuela cat\u00f3lica francesa de Babek-Carigrad. All\u00ed conoci\u00f3 a un monje llamado Ren\u00e9, que le introdujo en el espiritismo, al que permaneci\u00f3 fiel el resto [&hellip;]\" \/>\n<meta property=\"og:url\" content=\"https:\/\/nuevo-renacer.com\/fr\/historia-del-espiritismo-en-bulgaria\/\" \/>\n<meta property=\"og:site_name\" content=\"Uni\u00f3n Esp\u00edrita\" \/>\n<meta property=\"article:publisher\" content=\"https:\/\/www.facebook.com\/groups\/3431398063740829\" \/>\n<meta property=\"article:modified_time\" content=\"2024-10-07T15:04:39+00:00\" \/>\n<meta property=\"og:image\" content=\"https:\/\/nuevo-renacer.com\/wp-content\/uploads\/2024\/10\/istockphoto-657672310-612x612-1.jpg\" \/>\n<meta name=\"twitter:card\" content=\"summary_large_image\" \/>\n<meta name=\"twitter:label1\" content=\"Dur\u00e9e de lecture estim\u00e9e\" \/>\n\t<meta name=\"twitter:data1\" content=\"4 minutes\" \/>\n<script type=\"application\/ld+json\" class=\"yoast-schema-graph\">{\"@context\":\"https:\/\/schema.org\",\"@graph\":[{\"@type\":\"WebPage\",\"@id\":\"https:\/\/nuevo-renacer.com\/historia-del-espiritismo-en-bulgaria\/\",\"url\":\"https:\/\/nuevo-renacer.com\/historia-del-espiritismo-en-bulgaria\/\",\"name\":\"Historia del Espiritismo en Bulgaria - Uni\u00f3n Esp\u00edrita\",\"isPartOf\":{\"@id\":\"https:\/\/nuevo-renacer.com\/#website\"},\"primaryImageOfPage\":{\"@id\":\"https:\/\/nuevo-renacer.com\/historia-del-espiritismo-en-bulgaria\/#primaryimage\"},\"image\":{\"@id\":\"https:\/\/nuevo-renacer.com\/historia-del-espiritismo-en-bulgaria\/#primaryimage\"},\"thumbnailUrl\":\"https:\/\/nuevo-renacer.com\/wp-content\/uploads\/2024\/10\/istockphoto-657672310-612x612-1.jpg\",\"datePublished\":\"2024-10-07T12:43:26+00:00\",\"dateModified\":\"2024-10-07T15:04:39+00:00\",\"breadcrumb\":{\"@id\":\"https:\/\/nuevo-renacer.com\/historia-del-espiritismo-en-bulgaria\/#breadcrumb\"},\"inLanguage\":\"fr-FR\",\"potentialAction\":[{\"@type\":\"ReadAction\",\"target\":[\"https:\/\/nuevo-renacer.com\/historia-del-espiritismo-en-bulgaria\/\"]}]},{\"@type\":\"ImageObject\",\"inLanguage\":\"fr-FR\",\"@id\":\"https:\/\/nuevo-renacer.com\/historia-del-espiritismo-en-bulgaria\/#primaryimage\",\"url\":\"https:\/\/nuevo-renacer.com\/wp-content\/uploads\/2024\/10\/istockphoto-657672310-612x612-1.jpg\",\"contentUrl\":\"https:\/\/nuevo-renacer.com\/wp-content\/uploads\/2024\/10\/istockphoto-657672310-612x612-1.jpg\"},{\"@type\":\"BreadcrumbList\",\"@id\":\"https:\/\/nuevo-renacer.com\/historia-del-espiritismo-en-bulgaria\/#breadcrumb\",\"itemListElement\":[{\"@type\":\"ListItem\",\"position\":1,\"name\":\"Startseite\",\"item\":\"https:\/\/nuevo-renacer.com\/\"},{\"@type\":\"ListItem\",\"position\":2,\"name\":\"Historia del Espiritismo en Bulgaria\"}]},{\"@type\":\"WebSite\",\"@id\":\"https:\/\/nuevo-renacer.com\/#website\",\"url\":\"https:\/\/nuevo-renacer.com\/\",\"name\":\"Uni\u00f3n Esp\u00edrita\",\"description\":\"Nuevo Renacer\",\"publisher\":{\"@id\":\"https:\/\/nuevo-renacer.com\/#organization\"},\"potentialAction\":[{\"@type\":\"SearchAction\",\"target\":{\"@type\":\"EntryPoint\",\"urlTemplate\":\"https:\/\/nuevo-renacer.com\/?s={search_term_string}\"},\"query-input\":{\"@type\":\"PropertyValueSpecification\",\"valueRequired\":true,\"valueName\":\"search_term_string\"}}],\"inLanguage\":\"fr-FR\"},{\"@type\":\"Organization\",\"@id\":\"https:\/\/nuevo-renacer.com\/#organization\",\"name\":\"UFEC\",\"url\":\"https:\/\/nuevo-renacer.com\/\",\"logo\":{\"@type\":\"ImageObject\",\"inLanguage\":\"fr-FR\",\"@id\":\"https:\/\/nuevo-renacer.com\/#\/schema\/logo\/image\/\",\"url\":\"https:\/\/nuevo-renacer.com\/wp-content\/uploads\/2024\/05\/cropped-LOGO-TERMINADO1-3-3.png\",\"contentUrl\":\"https:\/\/nuevo-renacer.com\/wp-content\/uploads\/2024\/05\/cropped-LOGO-TERMINADO1-3-3.png\",\"width\":512,\"height\":512,\"caption\":\"UFEC\"},\"image\":{\"@id\":\"https:\/\/nuevo-renacer.com\/#\/schema\/logo\/image\/\"},\"sameAs\":[\"https:\/\/www.facebook.com\/groups\/3431398063740829\"]}]}<\/script>\n<!-- \/ Yoast SEO Premium plugin. -->","yoast_head_json":{"title":"Historia del Espiritismo en Bulgaria - Uni\u00f3n Esp\u00edrita","robots":{"index":"index","follow":"follow","max-snippet":"max-snippet:-1","max-image-preview":"max-image-preview:large","max-video-preview":"max-video-preview:-1"},"canonical":"https:\/\/nuevo-renacer.com\/fr\/historia-del-espiritismo-en-bulgaria\/","og_locale":"fr_FR","og_type":"article","og_title":"Historia del Espiritismo en Bulgaria","og_description":"Historia del Espiritismo en Bulgaria Dr. Georgi Mirkovic y el Espiritismo El Dr. Mirkovic naci\u00f3 en Sliven en 1825 y su vida tiene una larga historia. Hacia 1848, ingres\u00f3 en la escuela cat\u00f3lica francesa de Babek-Carigrad. All\u00ed conoci\u00f3 a un monje llamado Ren\u00e9, que le introdujo en el espiritismo, al que permaneci\u00f3 fiel el resto [&hellip;]","og_url":"https:\/\/nuevo-renacer.com\/fr\/historia-del-espiritismo-en-bulgaria\/","og_site_name":"Uni\u00f3n Esp\u00edrita","article_publisher":"https:\/\/www.facebook.com\/groups\/3431398063740829","article_modified_time":"2024-10-07T15:04:39+00:00","og_image":[{"url":"https:\/\/nuevo-renacer.com\/wp-content\/uploads\/2024\/10\/istockphoto-657672310-612x612-1.jpg","type":"","width":"","height":""}],"twitter_card":"summary_large_image","twitter_misc":{"Dur\u00e9e de lecture estim\u00e9e":"4 minutes"},"schema":{"@context":"https:\/\/schema.org","@graph":[{"@type":"WebPage","@id":"https:\/\/nuevo-renacer.com\/historia-del-espiritismo-en-bulgaria\/","url":"https:\/\/nuevo-renacer.com\/historia-del-espiritismo-en-bulgaria\/","name":"Historia del Espiritismo en Bulgaria - Uni\u00f3n Esp\u00edrita","isPartOf":{"@id":"https:\/\/nuevo-renacer.com\/#website"},"primaryImageOfPage":{"@id":"https:\/\/nuevo-renacer.com\/historia-del-espiritismo-en-bulgaria\/#primaryimage"},"image":{"@id":"https:\/\/nuevo-renacer.com\/historia-del-espiritismo-en-bulgaria\/#primaryimage"},"thumbnailUrl":"https:\/\/nuevo-renacer.com\/wp-content\/uploads\/2024\/10\/istockphoto-657672310-612x612-1.jpg","datePublished":"2024-10-07T12:43:26+00:00","dateModified":"2024-10-07T15:04:39+00:00","breadcrumb":{"@id":"https:\/\/nuevo-renacer.com\/historia-del-espiritismo-en-bulgaria\/#breadcrumb"},"inLanguage":"fr-FR","potentialAction":[{"@type":"ReadAction","target":["https:\/\/nuevo-renacer.com\/historia-del-espiritismo-en-bulgaria\/"]}]},{"@type":"ImageObject","inLanguage":"fr-FR","@id":"https:\/\/nuevo-renacer.com\/historia-del-espiritismo-en-bulgaria\/#primaryimage","url":"https:\/\/nuevo-renacer.com\/wp-content\/uploads\/2024\/10\/istockphoto-657672310-612x612-1.jpg","contentUrl":"https:\/\/nuevo-renacer.com\/wp-content\/uploads\/2024\/10\/istockphoto-657672310-612x612-1.jpg"},{"@type":"BreadcrumbList","@id":"https:\/\/nuevo-renacer.com\/historia-del-espiritismo-en-bulgaria\/#breadcrumb","itemListElement":[{"@type":"ListItem","position":1,"name":"Startseite","item":"https:\/\/nuevo-renacer.com\/"},{"@type":"ListItem","position":2,"name":"Historia del Espiritismo en Bulgaria"}]},{"@type":"WebSite","@id":"https:\/\/nuevo-renacer.com\/#website","url":"https:\/\/nuevo-renacer.com\/","name":"Uni\u00f3n Esp\u00edrita","description":"Nuevo Renacer","publisher":{"@id":"https:\/\/nuevo-renacer.com\/#organization"},"potentialAction":[{"@type":"SearchAction","target":{"@type":"EntryPoint","urlTemplate":"https:\/\/nuevo-renacer.com\/?s={search_term_string}"},"query-input":{"@type":"PropertyValueSpecification","valueRequired":true,"valueName":"search_term_string"}}],"inLanguage":"fr-FR"},{"@type":"Organization","@id":"https:\/\/nuevo-renacer.com\/#organization","name":"UFEC","url":"https:\/\/nuevo-renacer.com\/","logo":{"@type":"ImageObject","inLanguage":"fr-FR","@id":"https:\/\/nuevo-renacer.com\/#\/schema\/logo\/image\/","url":"https:\/\/nuevo-renacer.com\/wp-content\/uploads\/2024\/05\/cropped-LOGO-TERMINADO1-3-3.png","contentUrl":"https:\/\/nuevo-renacer.com\/wp-content\/uploads\/2024\/05\/cropped-LOGO-TERMINADO1-3-3.png","width":512,"height":512,"caption":"UFEC"},"image":{"@id":"https:\/\/nuevo-renacer.com\/#\/schema\/logo\/image\/"},"sameAs":["https:\/\/www.facebook.com\/groups\/3431398063740829"]}]}},"uagb_featured_image_src":{"full":false,"thumbnail":false,"medium":false,"medium_large":false,"large":false,"1536x1536":false,"2048x2048":false,"trp-custom-language-flag":false},"uagb_author_info":{"display_name":"adbv0","author_link":"https:\/\/nuevo-renacer.com\/fr\/author\/adbv0\/"},"uagb_comment_info":0,"uagb_excerpt":"Historia del Espiritismo en Bulgaria Dr. Georgi Mirkovic y el Espiritismo El Dr. Mirkovic naci\u00f3 en Sliven en 1825 y su vida tiene una larga historia. Hacia 1848, ingres\u00f3 en la escuela cat\u00f3lica francesa de Babek-Carigrad. All\u00ed conoci\u00f3 a un monje llamado Ren\u00e9, que le introdujo en el espiritismo, al que permaneci\u00f3 fiel el resto\u2026","jetpack_sharing_enabled":true,"_links":{"self":[{"href":"https:\/\/nuevo-renacer.com\/fr\/wp-json\/wp\/v2\/pages\/5297","targetHints":{"allow":["GET"]}}],"collection":[{"href":"https:\/\/nuevo-renacer.com\/fr\/wp-json\/wp\/v2\/pages"}],"about":[{"href":"https:\/\/nuevo-renacer.com\/fr\/wp-json\/wp\/v2\/types\/page"}],"author":[{"embeddable":true,"href":"https:\/\/nuevo-renacer.com\/fr\/wp-json\/wp\/v2\/users\/1"}],"replies":[{"embeddable":true,"href":"https:\/\/nuevo-renacer.com\/fr\/wp-json\/wp\/v2\/comments?post=5297"}],"version-history":[{"count":9,"href":"https:\/\/nuevo-renacer.com\/fr\/wp-json\/wp\/v2\/pages\/5297\/revisions"}],"predecessor-version":[{"id":5317,"href":"https:\/\/nuevo-renacer.com\/fr\/wp-json\/wp\/v2\/pages\/5297\/revisions\/5317"}],"wp:attachment":[{"href":"https:\/\/nuevo-renacer.com\/fr\/wp-json\/wp\/v2\/media?parent=5297"}],"curies":[{"name":"wp","href":"https:\/\/api.w.org\/{rel}","templated":true}]}}