{"id":5226,"date":"2024-10-07T06:30:33","date_gmt":"2024-10-07T06:30:33","guid":{"rendered":"https:\/\/nuevo-renacer.com\/?page_id=5226"},"modified":"2024-10-07T06:30:33","modified_gmt":"2024-10-07T06:30:33","slug":"espiritismo-la-tercera-revelacion","status":"publish","type":"page","link":"https:\/\/nuevo-renacer.com\/fr\/espiritismo-la-tercera-revelacion\/","title":{"rendered":"Spiritisme: La troisi\u00e8me r\u00e9v\u00e9lation"},"content":{"rendered":"<div class=\"wp-block-uagb-container uagb-block-4da84fd1 alignfull uagb-is-root-container\"><div class=\"uagb-container-inner-blocks-wrap\">\n<p class=\"has-black-color has-text-color has-link-color has-medium-font-size wp-elements-b38eb7449d118142c0eef0a8451ab3da\"><strong>Spiritisme: La troisi\u00e8me r\u00e9v\u00e9lation<\/strong><\/p>\n<\/div><\/div>\n\n\n\n<div class=\"wp-block-uagb-container uagb-block-c49424e0 alignfull uagb-is-root-container\"><div class=\"uagb-container-inner-blocks-wrap\">\n<figure class=\"wp-block-image size-full is-resized\"><img fetchpriority=\"high\" decoding=\"async\" width=\"540\" height=\"360\" src=\"https:\/\/nuevo-renacer.com\/wp-content\/uploads\/2024\/10\/360_F_586764135_yxCF9wa6pr180CnoFyc44WjUlutzgAo5.jpg\" alt=\"\" class=\"wp-image-5227\" style=\"width:435px;height:auto\" srcset=\"https:\/\/nuevo-renacer.com\/wp-content\/uploads\/2024\/10\/360_F_586764135_yxCF9wa6pr180CnoFyc44WjUlutzgAo5.jpg 540w, https:\/\/nuevo-renacer.com\/wp-content\/uploads\/2024\/10\/360_F_586764135_yxCF9wa6pr180CnoFyc44WjUlutzgAo5-300x200.jpg 300w, https:\/\/nuevo-renacer.com\/wp-content\/uploads\/2024\/10\/360_F_586764135_yxCF9wa6pr180CnoFyc44WjUlutzgAo5-18x12.jpg 18w\" sizes=\"(max-width: 540px) 100vw, 540px\" \/><\/figure>\n<\/div><\/div>\n\n\n\n<div class=\"wp-block-uagb-container uagb-block-eda9be7c alignfull uagb-is-root-container\"><div class=\"uagb-container-inner-blocks-wrap\">\n<p class=\"has-black-color has-text-color has-link-color has-small-font-size wp-elements-786443ebea2bcab7870b373d22abc972\">Le spiritisme est la science nouvelle que vient de r\u00e9v\u00e9ler aux hommes, avec des preuves inattaquables, l&#039;existence et la nature du monde spirituel, ainsi que leurs relations avec le monde corporel. Il nous montre que le monde, non pas comme quelque chose de surnaturel, mais, au contraire, comme l&#039;une des forces vitales, et constamment \u00e0 l&#039;\u0153uvre dans la nature, comme la source d&#039;une multitude de ph\u00e9nom\u00e8nes embarrassants jusqu&#039;\u00e0 maintenant, et rel\u00e9gu\u00e9, pour cette raison, le domaine du fantastique et du merveilleux. Ces relations Christ a fait allusion \u00e0 des circonstances diff\u00e9rentes, et, pour cette raison, beaucoup de choses que vous avez dit sont toujours incompr\u00e9hensibles, ou ont \u00e9t\u00e9 mal interpr\u00e9t\u00e9s. Le spiritisme est la cl\u00e9 avec l&#039;aide de laquelle tout s&#039;explique facilement.<\/p>\n\n\n\n<p class=\"has-black-color has-text-color has-link-color has-small-font-size wp-elements-f208c5df249e1b38322907a0d84af15f\">La loi de l&#039;Ancien Testament est personnifi\u00e9 par Mo\u00efse; le Nouveau Testament est incarn\u00e9 dans le Christ. Le spiritisme est la troisi\u00e8me r\u00e9v\u00e9lation de la loi de Dieu, mais il n&#039;est pas incarn\u00e9 dans un individu, parce qu&#039;il est le produit de l&#039;enseignement donn\u00e9, non pas par un homme, mais par les Esprits, qui sont les voix du Ciel, dans tous les endroits de la Terre, et \u00e0 travers une multitude innombrable d&#039;interm\u00e9diaires. Le spiritisme est, en un sens, un collectif qui comprend l&#039;ensemble des \u00eatres du monde spirituel, qui apporte aux hommes le tribut de leurs lumi\u00e8res et de leur faire savoir \u00e0 propos de ce monde, et le sort qu&#039;il est en attente pour eux.<\/p>\n\n\n\n<p class=\"has-black-color has-text-color has-link-color has-small-font-size wp-elements-9fb1fd2cb4045fd7114749f7e89c5cd6\">Comme l&#039;a dit le Christ: \u201cje ne suis Pas venu pour abolir la loi mais pour l&#039;accomplir\u201d, le spiritisme dit aussi: \u201cje ne suis Pas venu pour abolir la loi chr\u00e9tienne, mais pour l&#039;accomplir\u201d. Il n&#039;enseigne pas quelque chose de contraire \u00e0 ce que le Christ a enseign\u00e9, mais il s&#039;est d\u00e9velopp\u00e9, complet, et qui explique, en termes clairs \u00e0 tous les coins du monde, qui ne peut \u00eatre dit avec une fa\u00e7on all\u00e9gorique. Le spiritisme vient \u00e0 la rencontre, dans le temps pr\u00e9dit que le Christ a annonc\u00e9, et de se pr\u00e9parer pour la r\u00e9alisation de l&#039;avenir des choses. Par cons\u00e9quent, il est l&#039;\u0153uvre du Christ, qu&#039;Il pr\u00e9side, ainsi que des pr\u00e9sidents a \u00e9galement annonc\u00e9: la r\u00e9g\u00e9n\u00e9ration de laquelle elle op\u00e8re et qui pr\u00e9pare le royaume de Dieu sur la Terre.<\/p>\n<\/div><\/div>","protected":false},"excerpt":{"rendered":"<p>Espiritismo: La tercera revelaci\u00f3n El espiritismo es la ciencia nueva que viene a revelar a los hombres, con pruebas irrecusables, la existencia y la naturaleza del mundo espiritual, as\u00ed como sus relaciones con el mundo corporal. Nos muestra ese mundo, no ya como algo sobrenatural, sino, por el contrario, como una de las fuerzas vivas [&hellip;]<\/p>","protected":false},"author":1,"featured_media":0,"parent":0,"menu_order":0,"comment_status":"closed","ping_status":"closed","template":"","meta":{"_uag_custom_page_level_css":"","site-sidebar-layout":"default","site-content-layout":"","ast-site-content-layout":"default","site-content-style":"default","site-sidebar-style":"default","ast-global-header-display":"","ast-banner-title-visibility":"","ast-main-header-display":"","ast-hfb-above-header-display":"","ast-hfb-below-header-display":"","ast-hfb-mobile-header-display":"","site-post-title":"disabled","ast-breadcrumbs-content":"","ast-featured-img":"","footer-sml-layout":"","theme-transparent-header-meta":"","adv-header-id-meta":"","stick-header-meta":"","header-above-stick-meta":"","header-main-stick-meta":"","header-below-stick-meta":"","astra-migrate-meta-layouts":"set","ast-page-background-enabled":"default","ast-page-background-meta":{"desktop":{"background-color":"var(--ast-global-color-4)","background-image":"","background-repeat":"repeat","background-position":"center center","background-size":"auto","background-attachment":"scroll","background-type":"","background-media":"","overlay-type":"","overlay-color":"","overlay-opacity":"","overlay-gradient":""},"tablet":{"background-color":"","background-image":"","background-repeat":"repeat","background-position":"center center","background-size":"auto","background-attachment":"scroll","background-type":"","background-media":"","overlay-type":"","overlay-color":"","overlay-opacity":"","overlay-gradient":""},"mobile":{"background-color":"","background-image":"","background-repeat":"repeat","background-position":"center center","background-size":"auto","background-attachment":"scroll","background-type":"","background-media":"","overlay-type":"","overlay-color":"","overlay-opacity":"","overlay-gradient":""}},"ast-content-background-meta":{"desktop":{"background-color":"var(--ast-global-color-5)","background-image":"","background-repeat":"repeat","background-position":"center center","background-size":"auto","background-attachment":"scroll","background-type":"","background-media":"","overlay-type":"","overlay-color":"","overlay-opacity":"","overlay-gradient":""},"tablet":{"background-color":"var(--ast-global-color-5)","background-image":"","background-repeat":"repeat","background-position":"center center","background-size":"auto","background-attachment":"scroll","background-type":"","background-media":"","overlay-type":"","overlay-color":"","overlay-opacity":"","overlay-gradient":""},"mobile":{"background-color":"var(--ast-global-color-5)","background-image":"","background-repeat":"repeat","background-position":"center center","background-size":"auto","background-attachment":"scroll","background-type":"","background-media":"","overlay-type":"","overlay-color":"","overlay-opacity":"","overlay-gradient":""}},"footnotes":""},"class_list":["post-5226","page","type-page","status-publish","hentry"],"yoast_head":"<!-- This site is optimized with the Yoast SEO Premium plugin v24.2 (Yoast SEO v24.6) - https:\/\/yoast.com\/wordpress\/plugins\/seo\/ -->\n<title>Espiritismo: La tercera revelaci\u00f3n - Uni\u00f3n Esp\u00edrita<\/title>\n<meta name=\"robots\" content=\"index, follow, max-snippet:-1, max-image-preview:large, max-video-preview:-1\" \/>\n<link rel=\"canonical\" href=\"https:\/\/nuevo-renacer.com\/fr\/espiritismo-la-tercera-revelacion\/\" \/>\n<meta property=\"og:locale\" content=\"fr_FR\" \/>\n<meta property=\"og:type\" content=\"article\" \/>\n<meta property=\"og:title\" content=\"Espiritismo: La tercera revelaci\u00f3n\" \/>\n<meta property=\"og:description\" content=\"Espiritismo: La tercera revelaci\u00f3n El espiritismo es la ciencia nueva que viene a revelar a los hombres, con pruebas irrecusables, la existencia y la naturaleza del mundo espiritual, as\u00ed como sus relaciones con el mundo corporal. Nos muestra ese mundo, no ya como algo sobrenatural, sino, por el contrario, como una de las fuerzas vivas [&hellip;]\" \/>\n<meta property=\"og:url\" content=\"https:\/\/nuevo-renacer.com\/fr\/espiritismo-la-tercera-revelacion\/\" \/>\n<meta property=\"og:site_name\" content=\"Uni\u00f3n Esp\u00edrita\" \/>\n<meta property=\"article:publisher\" content=\"https:\/\/www.facebook.com\/groups\/3431398063740829\" \/>\n<meta property=\"og:image\" content=\"https:\/\/nuevo-renacer.com\/wp-content\/uploads\/2024\/10\/360_F_586764135_yxCF9wa6pr180CnoFyc44WjUlutzgAo5.jpg\" \/>\n<meta name=\"twitter:card\" content=\"summary_large_image\" \/>\n<meta name=\"twitter:label1\" content=\"Dur\u00e9e de lecture estim\u00e9e\" \/>\n\t<meta name=\"twitter:data1\" content=\"2 minutes\" \/>\n<script type=\"application\/ld+json\" class=\"yoast-schema-graph\">{\"@context\":\"https:\/\/schema.org\",\"@graph\":[{\"@type\":\"WebPage\",\"@id\":\"https:\/\/nuevo-renacer.com\/de\/espiritismo-la-tercera-revelacion\/\",\"url\":\"https:\/\/nuevo-renacer.com\/de\/espiritismo-la-tercera-revelacion\/\",\"name\":\"Espiritismo: La tercera revelaci\u00f3n - Uni\u00f3n Esp\u00edrita\",\"isPartOf\":{\"@id\":\"https:\/\/nuevo-renacer.com\/#website\"},\"primaryImageOfPage\":{\"@id\":\"https:\/\/nuevo-renacer.com\/de\/espiritismo-la-tercera-revelacion\/#primaryimage\"},\"image\":{\"@id\":\"https:\/\/nuevo-renacer.com\/de\/espiritismo-la-tercera-revelacion\/#primaryimage\"},\"thumbnailUrl\":\"https:\/\/nuevo-renacer.com\/wp-content\/uploads\/2024\/10\/360_F_586764135_yxCF9wa6pr180CnoFyc44WjUlutzgAo5.jpg\",\"datePublished\":\"2024-10-07T06:30:33+00:00\",\"breadcrumb\":{\"@id\":\"https:\/\/nuevo-renacer.com\/de\/espiritismo-la-tercera-revelacion\/#breadcrumb\"},\"inLanguage\":\"fr-FR\",\"potentialAction\":[{\"@type\":\"ReadAction\",\"target\":[\"https:\/\/nuevo-renacer.com\/de\/espiritismo-la-tercera-revelacion\/\"]}]},{\"@type\":\"ImageObject\",\"inLanguage\":\"fr-FR\",\"@id\":\"https:\/\/nuevo-renacer.com\/de\/espiritismo-la-tercera-revelacion\/#primaryimage\",\"url\":\"https:\/\/nuevo-renacer.com\/wp-content\/uploads\/2024\/10\/360_F_586764135_yxCF9wa6pr180CnoFyc44WjUlutzgAo5.jpg\",\"contentUrl\":\"https:\/\/nuevo-renacer.com\/wp-content\/uploads\/2024\/10\/360_F_586764135_yxCF9wa6pr180CnoFyc44WjUlutzgAo5.jpg\"},{\"@type\":\"BreadcrumbList\",\"@id\":\"https:\/\/nuevo-renacer.com\/de\/espiritismo-la-tercera-revelacion\/#breadcrumb\",\"itemListElement\":[{\"@type\":\"ListItem\",\"position\":1,\"name\":\"Startseite\",\"item\":\"https:\/\/nuevo-renacer.com\/\"},{\"@type\":\"ListItem\",\"position\":2,\"name\":\"Espiritismo: La tercera revelaci\u00f3n\"}]},{\"@type\":\"WebSite\",\"@id\":\"https:\/\/nuevo-renacer.com\/#website\",\"url\":\"https:\/\/nuevo-renacer.com\/\",\"name\":\"Uni\u00f3n Esp\u00edrita\",\"description\":\"Nuevo Renacer\",\"publisher\":{\"@id\":\"https:\/\/nuevo-renacer.com\/#organization\"},\"potentialAction\":[{\"@type\":\"SearchAction\",\"target\":{\"@type\":\"EntryPoint\",\"urlTemplate\":\"https:\/\/nuevo-renacer.com\/?s={search_term_string}\"},\"query-input\":{\"@type\":\"PropertyValueSpecification\",\"valueRequired\":true,\"valueName\":\"search_term_string\"}}],\"inLanguage\":\"fr-FR\"},{\"@type\":\"Organization\",\"@id\":\"https:\/\/nuevo-renacer.com\/#organization\",\"name\":\"UFEC\",\"url\":\"https:\/\/nuevo-renacer.com\/\",\"logo\":{\"@type\":\"ImageObject\",\"inLanguage\":\"fr-FR\",\"@id\":\"https:\/\/nuevo-renacer.com\/#\/schema\/logo\/image\/\",\"url\":\"https:\/\/nuevo-renacer.com\/wp-content\/uploads\/2024\/05\/cropped-LOGO-TERMINADO1-3-3.png\",\"contentUrl\":\"https:\/\/nuevo-renacer.com\/wp-content\/uploads\/2024\/05\/cropped-LOGO-TERMINADO1-3-3.png\",\"width\":512,\"height\":512,\"caption\":\"UFEC\"},\"image\":{\"@id\":\"https:\/\/nuevo-renacer.com\/#\/schema\/logo\/image\/\"},\"sameAs\":[\"https:\/\/www.facebook.com\/groups\/3431398063740829\"]}]}<\/script>\n<!-- \/ Yoast SEO Premium plugin. -->","yoast_head_json":{"title":"Espiritismo: La tercera revelaci\u00f3n - Uni\u00f3n Esp\u00edrita","robots":{"index":"index","follow":"follow","max-snippet":"max-snippet:-1","max-image-preview":"max-image-preview:large","max-video-preview":"max-video-preview:-1"},"canonical":"https:\/\/nuevo-renacer.com\/fr\/espiritismo-la-tercera-revelacion\/","og_locale":"fr_FR","og_type":"article","og_title":"Espiritismo: La tercera revelaci\u00f3n","og_description":"Espiritismo: La tercera revelaci\u00f3n El espiritismo es la ciencia nueva que viene a revelar a los hombres, con pruebas irrecusables, la existencia y la naturaleza del mundo espiritual, as\u00ed como sus relaciones con el mundo corporal. Nos muestra ese mundo, no ya como algo sobrenatural, sino, por el contrario, como una de las fuerzas vivas [&hellip;]","og_url":"https:\/\/nuevo-renacer.com\/fr\/espiritismo-la-tercera-revelacion\/","og_site_name":"Uni\u00f3n Esp\u00edrita","article_publisher":"https:\/\/www.facebook.com\/groups\/3431398063740829","og_image":[{"url":"https:\/\/nuevo-renacer.com\/wp-content\/uploads\/2024\/10\/360_F_586764135_yxCF9wa6pr180CnoFyc44WjUlutzgAo5.jpg","type":"","width":"","height":""}],"twitter_card":"summary_large_image","twitter_misc":{"Dur\u00e9e de lecture estim\u00e9e":"2 minutes"},"schema":{"@context":"https:\/\/schema.org","@graph":[{"@type":"WebPage","@id":"https:\/\/nuevo-renacer.com\/de\/espiritismo-la-tercera-revelacion\/","url":"https:\/\/nuevo-renacer.com\/de\/espiritismo-la-tercera-revelacion\/","name":"Espiritismo: La tercera revelaci\u00f3n - Uni\u00f3n Esp\u00edrita","isPartOf":{"@id":"https:\/\/nuevo-renacer.com\/#website"},"primaryImageOfPage":{"@id":"https:\/\/nuevo-renacer.com\/de\/espiritismo-la-tercera-revelacion\/#primaryimage"},"image":{"@id":"https:\/\/nuevo-renacer.com\/de\/espiritismo-la-tercera-revelacion\/#primaryimage"},"thumbnailUrl":"https:\/\/nuevo-renacer.com\/wp-content\/uploads\/2024\/10\/360_F_586764135_yxCF9wa6pr180CnoFyc44WjUlutzgAo5.jpg","datePublished":"2024-10-07T06:30:33+00:00","breadcrumb":{"@id":"https:\/\/nuevo-renacer.com\/de\/espiritismo-la-tercera-revelacion\/#breadcrumb"},"inLanguage":"fr-FR","potentialAction":[{"@type":"ReadAction","target":["https:\/\/nuevo-renacer.com\/de\/espiritismo-la-tercera-revelacion\/"]}]},{"@type":"ImageObject","inLanguage":"fr-FR","@id":"https:\/\/nuevo-renacer.com\/de\/espiritismo-la-tercera-revelacion\/#primaryimage","url":"https:\/\/nuevo-renacer.com\/wp-content\/uploads\/2024\/10\/360_F_586764135_yxCF9wa6pr180CnoFyc44WjUlutzgAo5.jpg","contentUrl":"https:\/\/nuevo-renacer.com\/wp-content\/uploads\/2024\/10\/360_F_586764135_yxCF9wa6pr180CnoFyc44WjUlutzgAo5.jpg"},{"@type":"BreadcrumbList","@id":"https:\/\/nuevo-renacer.com\/de\/espiritismo-la-tercera-revelacion\/#breadcrumb","itemListElement":[{"@type":"ListItem","position":1,"name":"Startseite","item":"https:\/\/nuevo-renacer.com\/"},{"@type":"ListItem","position":2,"name":"Espiritismo: La tercera revelaci\u00f3n"}]},{"@type":"WebSite","@id":"https:\/\/nuevo-renacer.com\/#website","url":"https:\/\/nuevo-renacer.com\/","name":"Uni\u00f3n Esp\u00edrita","description":"Nuevo Renacer","publisher":{"@id":"https:\/\/nuevo-renacer.com\/#organization"},"potentialAction":[{"@type":"SearchAction","target":{"@type":"EntryPoint","urlTemplate":"https:\/\/nuevo-renacer.com\/?s={search_term_string}"},"query-input":{"@type":"PropertyValueSpecification","valueRequired":true,"valueName":"search_term_string"}}],"inLanguage":"fr-FR"},{"@type":"Organization","@id":"https:\/\/nuevo-renacer.com\/#organization","name":"UFEC","url":"https:\/\/nuevo-renacer.com\/","logo":{"@type":"ImageObject","inLanguage":"fr-FR","@id":"https:\/\/nuevo-renacer.com\/#\/schema\/logo\/image\/","url":"https:\/\/nuevo-renacer.com\/wp-content\/uploads\/2024\/05\/cropped-LOGO-TERMINADO1-3-3.png","contentUrl":"https:\/\/nuevo-renacer.com\/wp-content\/uploads\/2024\/05\/cropped-LOGO-TERMINADO1-3-3.png","width":512,"height":512,"caption":"UFEC"},"image":{"@id":"https:\/\/nuevo-renacer.com\/#\/schema\/logo\/image\/"},"sameAs":["https:\/\/www.facebook.com\/groups\/3431398063740829"]}]}},"uagb_featured_image_src":{"full":false,"thumbnail":false,"medium":false,"medium_large":false,"large":false,"1536x1536":false,"2048x2048":false,"trp-custom-language-flag":false},"uagb_author_info":{"display_name":"adbv0","author_link":"https:\/\/nuevo-renacer.com\/fr\/author\/adbv0\/"},"uagb_comment_info":0,"uagb_excerpt":"Espiritismo: La tercera revelaci\u00f3n El espiritismo es la ciencia nueva que viene a revelar a los hombres, con pruebas irrecusables, la existencia y la naturaleza del mundo espiritual, as\u00ed como sus relaciones con el mundo corporal. Nos muestra ese mundo, no ya como algo sobrenatural, sino, por el contrario, como una de las fuerzas vivas\u2026","jetpack_sharing_enabled":true,"_links":{"self":[{"href":"https:\/\/nuevo-renacer.com\/fr\/wp-json\/wp\/v2\/pages\/5226","targetHints":{"allow":["GET"]}}],"collection":[{"href":"https:\/\/nuevo-renacer.com\/fr\/wp-json\/wp\/v2\/pages"}],"about":[{"href":"https:\/\/nuevo-renacer.com\/fr\/wp-json\/wp\/v2\/types\/page"}],"author":[{"embeddable":true,"href":"https:\/\/nuevo-renacer.com\/fr\/wp-json\/wp\/v2\/users\/1"}],"replies":[{"embeddable":true,"href":"https:\/\/nuevo-renacer.com\/fr\/wp-json\/wp\/v2\/comments?post=5226"}],"version-history":[{"count":1,"href":"https:\/\/nuevo-renacer.com\/fr\/wp-json\/wp\/v2\/pages\/5226\/revisions"}],"predecessor-version":[{"id":5228,"href":"https:\/\/nuevo-renacer.com\/fr\/wp-json\/wp\/v2\/pages\/5226\/revisions\/5228"}],"wp:attachment":[{"href":"https:\/\/nuevo-renacer.com\/fr\/wp-json\/wp\/v2\/media?parent=5226"}],"curies":[{"name":"wp","href":"https:\/\/api.w.org\/{rel}","templated":true}]}}