{"id":5213,"date":"2024-10-07T05:51:02","date_gmt":"2024-10-07T05:51:02","guid":{"rendered":"https:\/\/nuevo-renacer.com\/?page_id=5213"},"modified":"2024-10-10T14:33:12","modified_gmt":"2024-10-10T14:33:12","slug":"daniela-m-el-libre-albedrio","status":"publish","type":"page","link":"https:\/\/nuevo-renacer.com\/fr\/daniela-m-el-libre-albedrio\/","title":{"rendered":"Libre albedr\u00edo."},"content":{"rendered":"<div class=\"wp-block-uagb-container uagb-block-7a38a26e alignfull uagb-is-root-container\"><div class=\"uagb-container-inner-blocks-wrap\">\n<p class=\"has-black-color has-text-color has-link-color has-medium-font-size wp-elements-e59aefe511fc8ad8253bf0c46e4d5cf1\"><strong>Le libre arbitre<\/strong><\/p>\n<\/div><\/div>\n\n\n\n<div class=\"wp-block-uagb-container uagb-block-d80ef81c alignfull uagb-is-root-container\"><div class=\"uagb-container-inner-blocks-wrap\">\n<figure class=\"wp-block-image size-full is-resized\"><img fetchpriority=\"high\" decoding=\"async\" width=\"700\" height=\"538\" src=\"https:\/\/nuevo-renacer.com\/wp-content\/uploads\/2024\/10\/libre-albedrio.jpg\" alt=\"\" class=\"wp-image-5214\" style=\"width:384px;height:auto\" srcset=\"https:\/\/nuevo-renacer.com\/wp-content\/uploads\/2024\/10\/libre-albedrio.jpg 700w, https:\/\/nuevo-renacer.com\/wp-content\/uploads\/2024\/10\/libre-albedrio-300x231.jpg 300w, https:\/\/nuevo-renacer.com\/wp-content\/uploads\/2024\/10\/libre-albedrio-16x12.jpg 16w\" sizes=\"(max-width: 700px) 100vw, 700px\" \/><\/figure>\n<\/div><\/div>\n\n\n\n<div class=\"wp-block-uagb-container uagb-block-6d7f88bf alignfull uagb-is-root-container\"><div class=\"uagb-container-inner-blocks-wrap\">\n<p class=\"has-black-color has-text-color has-link-color has-small-font-size wp-elements-43c28ec7883c8ae94df3045abdc65a34\">J&#039;ai passer plusieurs journ\u00e9es \u00e0 \u00e9couter encore et encore, ce sujet de la libre volont\u00e9.<\/p>\n\n\n\n<p class=\"has-black-color has-text-color has-link-color has-small-font-size wp-elements-6758856e12e876b21ec9d7f5295ff0fe\">Il est vrai que Dieu vous a donn\u00e9 le don du libre arbitre pour une bonne raison. Les pauvres parents de prot\u00e9ger leurs enfants, mais de leur donner la libert\u00e9 \u00e0 l&#039;achat de leurs propres exp\u00e9riences, leurs propres erreurs, et de suivre leur propre chemin. Alors seulement peuvent-ils devenir des adultes autonomes, responsables et matures, avec les pieds sur le sol. C&#039;est aussi la raison que Dieu, notre P\u00e8re c\u00e9leste, qu&#039;il a donn\u00e9 \u00e0 l&#039;homme le libre arbitre. Cela nous permet de commettre des exp\u00e9riences et des erreurs que l&#039;on peut apprendre et, en fin de compte, de grandir et de m\u00fbrir.<\/p>\n\n\n\n<p class=\"has-black-color has-text-color has-link-color has-small-font-size wp-elements-f253ea7c616e131ebfceb31423713a3c\">Cela nous permet de r\u00e9aliser notre vraie nature du ciel et de la nature de Dieu. Mais l&#039;utilisation de la plus haute et noble de notre libre arbitre \u00e0 la fin de la performance. C&#039;est quand nous avons d\u00e9cider librement et consciemment laisser aller \u00e0 tous nos d\u00e9sirs personnels, des besoins, des craintes, et tous nos ego et de soumettre totalement \u00e0 la volont\u00e9 de Dieu. Parce que lorsque nous sommes pr\u00eats \u00e0 le faire, nous r\u00e9alisons que nous ne sommes pas peur de rien ni de personne, si nous nous confions \u00e0 Dieu. Nous allons aussi r\u00e9aliser que, bien que je n&#039;ai presque jamais obtenir ce que nous voulons et de l&#039;imaginer, nous avons toujours obtenir exactement ce qui est r\u00e9ellement bon pour nous. Notre petit ego seulement pense que vous savez ce qui est bon pour nous et ce que nous avons besoin, mais Dieu le sait vraiment.<\/p>\n\n\n\n<p class=\"has-black-color has-text-color has-link-color has-small-font-size wp-elements-1df192271b3155a3e6887f0135c1483e\">La confiance en Dieu, notre P\u00e8re c\u00e9leste, et nous ne pourrons jamais aller mal. Dur et pierreux, ce qui semble \u00eatre le chemin qu&#039;il nous montre, par dure et injuste qui ressemblent \u00e0 des le\u00e7ons et des tests que nous impose, Il fait tout ce qui se passe pour notre bien. Dieu voit l&#039;ensemble de l&#039;image, nous voyons seulement une petite partie. Et \u00e0 la fin de la route, chacun de nous, et de s&#039;agenouiller par sa propre volont\u00e9, et il va dire: \u201cMerci, P\u00e8re, pour tout ce que vous avez fait pour moi. Merci de ne pas l&#039;avoir vous d\u00e9cevra jamais. Dans les moments de temp\u00eate et gr\u00e2ce \u00e0 des tests s\u00e9v\u00e8res, lorsque j&#039;ai commenc\u00e9 \u00e0 l&#039;insulter, \u00e0 maldecirte, d&#039;ignorer votre existence, vous ne m&#039;a jamais dit soltaste la main. Et m\u00eame quand j&#039;ai abandonn\u00e9, vous, vous avez \u00e9t\u00e9 fermement \u00e0 mes c\u00f4t\u00e9s, qui me prot\u00e8ge, m\u00eame de moi-m\u00eame. Car, en v\u00e9rit\u00e9, maintenant je reconnais votre bont\u00e9 et votre mis\u00e9ricorde et de l&#039;infiniment grand est ton amour pour moi et toutes tes cr\u00e9atures. \u00c0 partir de maintenant, ne laissez pas ma volont\u00e9, mais la tienne qui se fasse, pour le bien de tous les \u00eatres de l&#039;univers!\u201d.<\/p>\n\n\n\n<p><em>Daniela M.<\/em><\/p>\n<\/div><\/div>\n\n\n\n<div class=\"wp-block-uagb-container uagb-block-4cd81c12 alignfull uagb-is-root-container\"><div class=\"uagb-container-inner-blocks-wrap\"><\/div><\/div>\n\n\n\n<div class=\"wp-block-uagb-container uagb-block-24c0c04c alignfull uagb-is-root-container\"><div class=\"uagb-container-inner-blocks-wrap\"><\/div><\/div>","protected":false},"excerpt":{"rendered":"<p>Libre albedr\u00edo Llevo varios d\u00edas escuchando una y otra vez este tema del libre albedr\u00edo. Es cierto que Dios te dio el don del libre albedr\u00edo por una buena raz\u00f3n. Los buenos padres protegen a sus hijos, pero les dan la libertad de adquirir sus propias experiencias, cometer sus propios errores y seguir su propio [&hellip;]<\/p>","protected":false},"author":1,"featured_media":0,"parent":0,"menu_order":0,"comment_status":"closed","ping_status":"closed","template":"","meta":{"_uag_custom_page_level_css":"","site-sidebar-layout":"default","site-content-layout":"","ast-site-content-layout":"default","site-content-style":"default","site-sidebar-style":"default","ast-global-header-display":"","ast-banner-title-visibility":"","ast-main-header-display":"","ast-hfb-above-header-display":"","ast-hfb-below-header-display":"","ast-hfb-mobile-header-display":"","site-post-title":"disabled","ast-breadcrumbs-content":"","ast-featured-img":"","footer-sml-layout":"","theme-transparent-header-meta":"","adv-header-id-meta":"","stick-header-meta":"","header-above-stick-meta":"","header-main-stick-meta":"","header-below-stick-meta":"","astra-migrate-meta-layouts":"set","ast-page-background-enabled":"default","ast-page-background-meta":{"desktop":{"background-color":"var(--ast-global-color-4)","background-image":"","background-repeat":"repeat","background-position":"center center","background-size":"auto","background-attachment":"scroll","background-type":"","background-media":"","overlay-type":"","overlay-color":"","overlay-opacity":"","overlay-gradient":""},"tablet":{"background-color":"","background-image":"","background-repeat":"repeat","background-position":"center center","background-size":"auto","background-attachment":"scroll","background-type":"","background-media":"","overlay-type":"","overlay-color":"","overlay-opacity":"","overlay-gradient":""},"mobile":{"background-color":"","background-image":"","background-repeat":"repeat","background-position":"center center","background-size":"auto","background-attachment":"scroll","background-type":"","background-media":"","overlay-type":"","overlay-color":"","overlay-opacity":"","overlay-gradient":""}},"ast-content-background-meta":{"desktop":{"background-color":"var(--ast-global-color-5)","background-image":"","background-repeat":"repeat","background-position":"center center","background-size":"auto","background-attachment":"scroll","background-type":"","background-media":"","overlay-type":"","overlay-color":"","overlay-opacity":"","overlay-gradient":""},"tablet":{"background-color":"var(--ast-global-color-5)","background-image":"","background-repeat":"repeat","background-position":"center center","background-size":"auto","background-attachment":"scroll","background-type":"","background-media":"","overlay-type":"","overlay-color":"","overlay-opacity":"","overlay-gradient":""},"mobile":{"background-color":"var(--ast-global-color-5)","background-image":"","background-repeat":"repeat","background-position":"center center","background-size":"auto","background-attachment":"scroll","background-type":"","background-media":"","overlay-type":"","overlay-color":"","overlay-opacity":"","overlay-gradient":""}},"footnotes":""},"class_list":["post-5213","page","type-page","status-publish","hentry"],"yoast_head":"<!-- This site is optimized with the Yoast SEO Premium plugin v24.2 (Yoast SEO v24.6) - https:\/\/yoast.com\/wordpress\/plugins\/seo\/ -->\n<title>Libre albedr\u00edo. - Uni\u00f3n Esp\u00edrita<\/title>\n<meta name=\"robots\" content=\"index, follow, max-snippet:-1, max-image-preview:large, max-video-preview:-1\" \/>\n<link rel=\"canonical\" href=\"https:\/\/nuevo-renacer.com\/fr\/daniela-m-el-libre-albedrio\/\" \/>\n<meta property=\"og:locale\" content=\"fr_FR\" \/>\n<meta property=\"og:type\" content=\"article\" \/>\n<meta property=\"og:title\" content=\"Libre albedr\u00edo.\" \/>\n<meta property=\"og:description\" content=\"Libre albedr\u00edo Llevo varios d\u00edas escuchando una y otra vez este tema del libre albedr\u00edo. Es cierto que Dios te dio el don del libre albedr\u00edo por una buena raz\u00f3n. Los buenos padres protegen a sus hijos, pero les dan la libertad de adquirir sus propias experiencias, cometer sus propios errores y seguir su propio [&hellip;]\" \/>\n<meta property=\"og:url\" content=\"https:\/\/nuevo-renacer.com\/fr\/daniela-m-el-libre-albedrio\/\" \/>\n<meta property=\"og:site_name\" content=\"Uni\u00f3n Esp\u00edrita\" \/>\n<meta property=\"article:publisher\" content=\"https:\/\/www.facebook.com\/groups\/3431398063740829\" \/>\n<meta property=\"article:modified_time\" content=\"2024-10-10T14:33:12+00:00\" \/>\n<meta property=\"og:image\" content=\"https:\/\/nuevo-renacer.com\/wp-content\/uploads\/2024\/10\/libre-albedrio.jpg\" \/>\n<meta name=\"twitter:card\" content=\"summary_large_image\" \/>\n<meta name=\"twitter:label1\" content=\"Dur\u00e9e de lecture estim\u00e9e\" \/>\n\t<meta name=\"twitter:data1\" content=\"3 minutes\" \/>\n<script type=\"application\/ld+json\" class=\"yoast-schema-graph\">{\"@context\":\"https:\/\/schema.org\",\"@graph\":[{\"@type\":\"WebPage\",\"@id\":\"https:\/\/nuevo-renacer.com\/daniela-m-el-libre-albedrio\/\",\"url\":\"https:\/\/nuevo-renacer.com\/daniela-m-el-libre-albedrio\/\",\"name\":\"Libre albedr\u00edo. - Uni\u00f3n Esp\u00edrita\",\"isPartOf\":{\"@id\":\"https:\/\/nuevo-renacer.com\/#website\"},\"primaryImageOfPage\":{\"@id\":\"https:\/\/nuevo-renacer.com\/daniela-m-el-libre-albedrio\/#primaryimage\"},\"image\":{\"@id\":\"https:\/\/nuevo-renacer.com\/daniela-m-el-libre-albedrio\/#primaryimage\"},\"thumbnailUrl\":\"https:\/\/nuevo-renacer.com\/wp-content\/uploads\/2024\/10\/libre-albedrio.jpg\",\"datePublished\":\"2024-10-07T05:51:02+00:00\",\"dateModified\":\"2024-10-10T14:33:12+00:00\",\"breadcrumb\":{\"@id\":\"https:\/\/nuevo-renacer.com\/daniela-m-el-libre-albedrio\/#breadcrumb\"},\"inLanguage\":\"fr-FR\",\"potentialAction\":[{\"@type\":\"ReadAction\",\"target\":[\"https:\/\/nuevo-renacer.com\/daniela-m-el-libre-albedrio\/\"]}]},{\"@type\":\"ImageObject\",\"inLanguage\":\"fr-FR\",\"@id\":\"https:\/\/nuevo-renacer.com\/daniela-m-el-libre-albedrio\/#primaryimage\",\"url\":\"https:\/\/nuevo-renacer.com\/wp-content\/uploads\/2024\/10\/libre-albedrio.jpg\",\"contentUrl\":\"https:\/\/nuevo-renacer.com\/wp-content\/uploads\/2024\/10\/libre-albedrio.jpg\"},{\"@type\":\"BreadcrumbList\",\"@id\":\"https:\/\/nuevo-renacer.com\/daniela-m-el-libre-albedrio\/#breadcrumb\",\"itemListElement\":[{\"@type\":\"ListItem\",\"position\":1,\"name\":\"Startseite\",\"item\":\"https:\/\/nuevo-renacer.com\/\"},{\"@type\":\"ListItem\",\"position\":2,\"name\":\"Libre albedr\u00edo.\"}]},{\"@type\":\"WebSite\",\"@id\":\"https:\/\/nuevo-renacer.com\/#website\",\"url\":\"https:\/\/nuevo-renacer.com\/\",\"name\":\"Uni\u00f3n Esp\u00edrita\",\"description\":\"Nuevo Renacer\",\"publisher\":{\"@id\":\"https:\/\/nuevo-renacer.com\/#organization\"},\"potentialAction\":[{\"@type\":\"SearchAction\",\"target\":{\"@type\":\"EntryPoint\",\"urlTemplate\":\"https:\/\/nuevo-renacer.com\/?s={search_term_string}\"},\"query-input\":{\"@type\":\"PropertyValueSpecification\",\"valueRequired\":true,\"valueName\":\"search_term_string\"}}],\"inLanguage\":\"fr-FR\"},{\"@type\":\"Organization\",\"@id\":\"https:\/\/nuevo-renacer.com\/#organization\",\"name\":\"UFEC\",\"url\":\"https:\/\/nuevo-renacer.com\/\",\"logo\":{\"@type\":\"ImageObject\",\"inLanguage\":\"fr-FR\",\"@id\":\"https:\/\/nuevo-renacer.com\/#\/schema\/logo\/image\/\",\"url\":\"https:\/\/nuevo-renacer.com\/wp-content\/uploads\/2024\/05\/cropped-LOGO-TERMINADO1-3-3.png\",\"contentUrl\":\"https:\/\/nuevo-renacer.com\/wp-content\/uploads\/2024\/05\/cropped-LOGO-TERMINADO1-3-3.png\",\"width\":512,\"height\":512,\"caption\":\"UFEC\"},\"image\":{\"@id\":\"https:\/\/nuevo-renacer.com\/#\/schema\/logo\/image\/\"},\"sameAs\":[\"https:\/\/www.facebook.com\/groups\/3431398063740829\"]}]}<\/script>\n<!-- \/ Yoast SEO Premium plugin. -->","yoast_head_json":{"title":"Libre albedr\u00edo. - Uni\u00f3n Esp\u00edrita","robots":{"index":"index","follow":"follow","max-snippet":"max-snippet:-1","max-image-preview":"max-image-preview:large","max-video-preview":"max-video-preview:-1"},"canonical":"https:\/\/nuevo-renacer.com\/fr\/daniela-m-el-libre-albedrio\/","og_locale":"fr_FR","og_type":"article","og_title":"Libre albedr\u00edo.","og_description":"Libre albedr\u00edo Llevo varios d\u00edas escuchando una y otra vez este tema del libre albedr\u00edo. Es cierto que Dios te dio el don del libre albedr\u00edo por una buena raz\u00f3n. Los buenos padres protegen a sus hijos, pero les dan la libertad de adquirir sus propias experiencias, cometer sus propios errores y seguir su propio [&hellip;]","og_url":"https:\/\/nuevo-renacer.com\/fr\/daniela-m-el-libre-albedrio\/","og_site_name":"Uni\u00f3n Esp\u00edrita","article_publisher":"https:\/\/www.facebook.com\/groups\/3431398063740829","article_modified_time":"2024-10-10T14:33:12+00:00","og_image":[{"url":"https:\/\/nuevo-renacer.com\/wp-content\/uploads\/2024\/10\/libre-albedrio.jpg","type":"","width":"","height":""}],"twitter_card":"summary_large_image","twitter_misc":{"Dur\u00e9e de lecture estim\u00e9e":"3 minutes"},"schema":{"@context":"https:\/\/schema.org","@graph":[{"@type":"WebPage","@id":"https:\/\/nuevo-renacer.com\/daniela-m-el-libre-albedrio\/","url":"https:\/\/nuevo-renacer.com\/daniela-m-el-libre-albedrio\/","name":"Libre albedr\u00edo. - Uni\u00f3n Esp\u00edrita","isPartOf":{"@id":"https:\/\/nuevo-renacer.com\/#website"},"primaryImageOfPage":{"@id":"https:\/\/nuevo-renacer.com\/daniela-m-el-libre-albedrio\/#primaryimage"},"image":{"@id":"https:\/\/nuevo-renacer.com\/daniela-m-el-libre-albedrio\/#primaryimage"},"thumbnailUrl":"https:\/\/nuevo-renacer.com\/wp-content\/uploads\/2024\/10\/libre-albedrio.jpg","datePublished":"2024-10-07T05:51:02+00:00","dateModified":"2024-10-10T14:33:12+00:00","breadcrumb":{"@id":"https:\/\/nuevo-renacer.com\/daniela-m-el-libre-albedrio\/#breadcrumb"},"inLanguage":"fr-FR","potentialAction":[{"@type":"ReadAction","target":["https:\/\/nuevo-renacer.com\/daniela-m-el-libre-albedrio\/"]}]},{"@type":"ImageObject","inLanguage":"fr-FR","@id":"https:\/\/nuevo-renacer.com\/daniela-m-el-libre-albedrio\/#primaryimage","url":"https:\/\/nuevo-renacer.com\/wp-content\/uploads\/2024\/10\/libre-albedrio.jpg","contentUrl":"https:\/\/nuevo-renacer.com\/wp-content\/uploads\/2024\/10\/libre-albedrio.jpg"},{"@type":"BreadcrumbList","@id":"https:\/\/nuevo-renacer.com\/daniela-m-el-libre-albedrio\/#breadcrumb","itemListElement":[{"@type":"ListItem","position":1,"name":"Startseite","item":"https:\/\/nuevo-renacer.com\/"},{"@type":"ListItem","position":2,"name":"Libre albedr\u00edo."}]},{"@type":"WebSite","@id":"https:\/\/nuevo-renacer.com\/#website","url":"https:\/\/nuevo-renacer.com\/","name":"Uni\u00f3n Esp\u00edrita","description":"Nuevo Renacer","publisher":{"@id":"https:\/\/nuevo-renacer.com\/#organization"},"potentialAction":[{"@type":"SearchAction","target":{"@type":"EntryPoint","urlTemplate":"https:\/\/nuevo-renacer.com\/?s={search_term_string}"},"query-input":{"@type":"PropertyValueSpecification","valueRequired":true,"valueName":"search_term_string"}}],"inLanguage":"fr-FR"},{"@type":"Organization","@id":"https:\/\/nuevo-renacer.com\/#organization","name":"UFEC","url":"https:\/\/nuevo-renacer.com\/","logo":{"@type":"ImageObject","inLanguage":"fr-FR","@id":"https:\/\/nuevo-renacer.com\/#\/schema\/logo\/image\/","url":"https:\/\/nuevo-renacer.com\/wp-content\/uploads\/2024\/05\/cropped-LOGO-TERMINADO1-3-3.png","contentUrl":"https:\/\/nuevo-renacer.com\/wp-content\/uploads\/2024\/05\/cropped-LOGO-TERMINADO1-3-3.png","width":512,"height":512,"caption":"UFEC"},"image":{"@id":"https:\/\/nuevo-renacer.com\/#\/schema\/logo\/image\/"},"sameAs":["https:\/\/www.facebook.com\/groups\/3431398063740829"]}]}},"uagb_featured_image_src":{"full":false,"thumbnail":false,"medium":false,"medium_large":false,"large":false,"1536x1536":false,"2048x2048":false,"trp-custom-language-flag":false},"uagb_author_info":{"display_name":"adbv0","author_link":"https:\/\/nuevo-renacer.com\/fr\/author\/adbv0\/"},"uagb_comment_info":0,"uagb_excerpt":"Libre albedr\u00edo Llevo varios d\u00edas escuchando una y otra vez este tema del libre albedr\u00edo. Es cierto que Dios te dio el don del libre albedr\u00edo por una buena raz\u00f3n. Los buenos padres protegen a sus hijos, pero les dan la libertad de adquirir sus propias experiencias, cometer sus propios errores y seguir su propio\u2026","jetpack_sharing_enabled":true,"_links":{"self":[{"href":"https:\/\/nuevo-renacer.com\/fr\/wp-json\/wp\/v2\/pages\/5213","targetHints":{"allow":["GET"]}}],"collection":[{"href":"https:\/\/nuevo-renacer.com\/fr\/wp-json\/wp\/v2\/pages"}],"about":[{"href":"https:\/\/nuevo-renacer.com\/fr\/wp-json\/wp\/v2\/types\/page"}],"author":[{"embeddable":true,"href":"https:\/\/nuevo-renacer.com\/fr\/wp-json\/wp\/v2\/users\/1"}],"replies":[{"embeddable":true,"href":"https:\/\/nuevo-renacer.com\/fr\/wp-json\/wp\/v2\/comments?post=5213"}],"version-history":[{"count":5,"href":"https:\/\/nuevo-renacer.com\/fr\/wp-json\/wp\/v2\/pages\/5213\/revisions"}],"predecessor-version":[{"id":5508,"href":"https:\/\/nuevo-renacer.com\/fr\/wp-json\/wp\/v2\/pages\/5213\/revisions\/5508"}],"wp:attachment":[{"href":"https:\/\/nuevo-renacer.com\/fr\/wp-json\/wp\/v2\/media?parent=5213"}],"curies":[{"name":"wp","href":"https:\/\/api.w.org\/{rel}","templated":true}]}}