{"id":5104,"date":"2024-09-17T09:28:04","date_gmt":"2024-09-17T09:28:04","guid":{"rendered":"https:\/\/nuevo-renacer.com\/?page_id=5104"},"modified":"2024-09-17T09:33:00","modified_gmt":"2024-09-17T09:33:00","slug":"alma-sencilla-teresa-de-jesus","status":"publish","type":"page","link":"https:\/\/nuevo-renacer.com\/fr\/alma-sencilla-teresa-de-jesus\/","title":{"rendered":"\u00c2me Simple"},"content":{"rendered":"<div class=\"wp-block-uagb-container uagb-block-f79626fc alignfull uagb-is-root-container\"><div class=\"uagb-container-inner-blocks-wrap\">\n<p class=\"has-black-color has-text-color has-link-color has-medium-font-size wp-elements-77bffe64379aec1bc85b7952104b9c14\"><strong>\u00c2me Simple<\/strong><\/p>\n<\/div><\/div>\n\n\n\n<div class=\"wp-block-uagb-container uagb-block-d5e2b54f alignfull uagb-is-root-container\"><div class=\"uagb-container-inner-blocks-wrap\">\n<figure class=\"wp-block-image size-full is-resized\"><img fetchpriority=\"high\" decoding=\"async\" width=\"590\" height=\"308\" src=\"https:\/\/nuevo-renacer.com\/wp-content\/uploads\/2024\/09\/path-to-light-copy-590x308-1.jpg\" alt=\"\" class=\"wp-image-5107\" style=\"width:395px;height:auto\" srcset=\"https:\/\/nuevo-renacer.com\/wp-content\/uploads\/2024\/09\/path-to-light-copy-590x308-1.jpg 590w, https:\/\/nuevo-renacer.com\/wp-content\/uploads\/2024\/09\/path-to-light-copy-590x308-1-300x157.jpg 300w, https:\/\/nuevo-renacer.com\/wp-content\/uploads\/2024\/09\/path-to-light-copy-590x308-1-18x9.jpg 18w\" sizes=\"(max-width: 590px) 100vw, 590px\" \/><\/figure>\n<\/div><\/div>\n\n\n\n<div class=\"wp-block-uagb-container uagb-block-58498383 alignfull uagb-is-root-container\"><div class=\"uagb-container-inner-blocks-wrap\">\n<p class=\"has-black-color has-text-color has-link-color has-small-font-size wp-elements-7be103b348e669c952cad5ec598a5ec1\">Je te remercie, mon Seigneur, pour ton amour j&#039;ai \u00e9t\u00e9 inond\u00e9 et mon \u00e2me \u00e9tait enflamm\u00e9e et la lumi\u00e8re du salut. Les tests de cette vie de douleur nous sommes encha\u00een\u00e9s, va rendre l&#039;\u00e2me dans ses peines soupir pour le jeu, ce qui est en toi montr\u00e9 rendu, publi\u00e9 sur sa conviction, que, de si\u00e8cle en si\u00e8cle au toucher, battues, la symphonie, la perte de l&#039;exercice de leurs jours dans un voile noir, couvrant, faisant de cette fili\u00e8re, dans un maladroit et lente agonie.<\/p>\n\n\n\n<p class=\"has-black-color has-text-color has-link-color has-small-font-size wp-elements-f0ed34b69d055a4c12e0bfd837b53ebe\">La Torture cruelle que la cible dans la nuit, tourment\u00e9, ou de repos, de la quitter, d&#039;\u00eatre la proie de la folie, une folie de l&#039;amour, soudain, au monde de l&#039;esclavage. Plus brutalement, pour le bon moment se pr\u00e9sente, et son esprit a conduit une augmentation de la force de son souffle et, dans une profonde repentance rose dans la pri\u00e8re:<\/p>\n\n\n\n<p class=\"has-black-color has-text-color has-link-color has-small-font-size wp-elements-9089d78615a597ca6e6bad5597f958bf\">Je vous pardonne, Seigneur!, faire ce que, par toujours rendu, cette \u00e2me soit sur le ton de la tendresse et de l&#039;amour. Donnez-moi une nouvelle occasion de gu\u00e9rir ma blessure, super\u00e1ndome dans la vie, \u00e0 endurer la douleur, jusqu&#039;\u00e0 ce que de nouveau mon Dieu, qui est l&#039;\u00e2me simple, cr\u00e9\u00e9 dans l&#039;\u00e9merveillement de votre travail d&#039;amour.<\/p>\n\n\n\n<p class=\"has-black-color has-text-color has-link-color has-small-font-size wp-elements-fda5219e57c5e39af04793b491c56396\"><\/p>\n\n\n\n<p class=\"has-black-color has-text-color has-link-color wp-elements-4a890fa3f6cd31f5b2ed20fcbef9331b\"><strong>Th\u00e9r\u00e8se de J\u00e9sus<\/strong><\/p>\n\n\n\n<p><em>Psicografiado par Antonio Hernandez Lozano<\/em><\/p>\n\n\n\n<p><\/p>\n\n\n\n<p><\/p>\n\n\n\n<p><\/p>\n<\/div><\/div>","protected":false},"excerpt":{"rendered":"<p>Alma sencilla Gracias te doy mi Se\u00f1or porque tu amor me ha inundado y mi alma se ha inflamado de luz y de salvaci\u00f3n. Las pruebas que en esta vida al dolor nos encadenan, har\u00e1n del alma en sus penas suspirar por la partida, que en ti se muestra rendida, liberada en su condena, que [&hellip;]<\/p>","protected":false},"author":1,"featured_media":5107,"parent":0,"menu_order":0,"comment_status":"closed","ping_status":"closed","template":"","meta":{"_uag_custom_page_level_css":"","site-sidebar-layout":"default","site-content-layout":"","ast-site-content-layout":"default","site-content-style":"default","site-sidebar-style":"default","ast-global-header-display":"","ast-banner-title-visibility":"","ast-main-header-display":"","ast-hfb-above-header-display":"","ast-hfb-below-header-display":"","ast-hfb-mobile-header-display":"","site-post-title":"","ast-breadcrumbs-content":"","ast-featured-img":"","footer-sml-layout":"","theme-transparent-header-meta":"","adv-header-id-meta":"","stick-header-meta":"","header-above-stick-meta":"","header-main-stick-meta":"","header-below-stick-meta":"","astra-migrate-meta-layouts":"set","ast-page-background-enabled":"default","ast-page-background-meta":{"desktop":{"background-color":"var(--ast-global-color-4)","background-image":"","background-repeat":"repeat","background-position":"center center","background-size":"auto","background-attachment":"scroll","background-type":"","background-media":"","overlay-type":"","overlay-color":"","overlay-opacity":"","overlay-gradient":""},"tablet":{"background-color":"","background-image":"","background-repeat":"repeat","background-position":"center center","background-size":"auto","background-attachment":"scroll","background-type":"","background-media":"","overlay-type":"","overlay-color":"","overlay-opacity":"","overlay-gradient":""},"mobile":{"background-color":"","background-image":"","background-repeat":"repeat","background-position":"center center","background-size":"auto","background-attachment":"scroll","background-type":"","background-media":"","overlay-type":"","overlay-color":"","overlay-opacity":"","overlay-gradient":""}},"ast-content-background-meta":{"desktop":{"background-color":"var(--ast-global-color-5)","background-image":"","background-repeat":"repeat","background-position":"center center","background-size":"auto","background-attachment":"scroll","background-type":"","background-media":"","overlay-type":"","overlay-color":"","overlay-opacity":"","overlay-gradient":""},"tablet":{"background-color":"var(--ast-global-color-5)","background-image":"","background-repeat":"repeat","background-position":"center center","background-size":"auto","background-attachment":"scroll","background-type":"","background-media":"","overlay-type":"","overlay-color":"","overlay-opacity":"","overlay-gradient":""},"mobile":{"background-color":"var(--ast-global-color-5)","background-image":"","background-repeat":"repeat","background-position":"center center","background-size":"auto","background-attachment":"scroll","background-type":"","background-media":"","overlay-type":"","overlay-color":"","overlay-opacity":"","overlay-gradient":""}},"footnotes":""},"class_list":["post-5104","page","type-page","status-publish","has-post-thumbnail","hentry"],"yoast_head":"<!-- This site is optimized with the Yoast SEO Premium plugin v24.2 (Yoast SEO v24.6) - https:\/\/yoast.com\/wordpress\/plugins\/seo\/ -->\n<title>Alma sencilla - Uni\u00f3n Esp\u00edrita<\/title>\n<meta name=\"robots\" content=\"index, follow, max-snippet:-1, max-image-preview:large, max-video-preview:-1\" \/>\n<link rel=\"canonical\" href=\"https:\/\/nuevo-renacer.com\/fr\/alma-sencilla-teresa-de-jesus\/\" \/>\n<meta property=\"og:locale\" content=\"fr_FR\" \/>\n<meta property=\"og:type\" content=\"article\" \/>\n<meta property=\"og:title\" content=\"Alma sencilla\" \/>\n<meta property=\"og:description\" content=\"Alma sencilla Gracias te doy mi Se\u00f1or porque tu amor me ha inundado y mi alma se ha inflamado de luz y de salvaci\u00f3n. Las pruebas que en esta vida al dolor nos encadenan, har\u00e1n del alma en sus penas suspirar por la partida, que en ti se muestra rendida, liberada en su condena, que [&hellip;]\" \/>\n<meta property=\"og:url\" content=\"https:\/\/nuevo-renacer.com\/fr\/alma-sencilla-teresa-de-jesus\/\" \/>\n<meta property=\"og:site_name\" content=\"Uni\u00f3n Esp\u00edrita\" \/>\n<meta property=\"article:publisher\" content=\"https:\/\/www.facebook.com\/groups\/3431398063740829\" \/>\n<meta property=\"article:modified_time\" content=\"2024-09-17T09:33:00+00:00\" \/>\n<meta property=\"og:image\" content=\"https:\/\/nuevo-renacer.com\/wp-content\/uploads\/2024\/09\/path-to-light-copy-590x308-1.jpg\" \/>\n\t<meta property=\"og:image:width\" content=\"590\" \/>\n\t<meta property=\"og:image:height\" content=\"308\" \/>\n\t<meta property=\"og:image:type\" content=\"image\/jpeg\" \/>\n<meta name=\"twitter:card\" content=\"summary_large_image\" \/>\n<meta name=\"twitter:label1\" content=\"Dur\u00e9e de lecture estim\u00e9e\" \/>\n\t<meta name=\"twitter:data1\" content=\"1 minute\" \/>\n<script type=\"application\/ld+json\" class=\"yoast-schema-graph\">{\"@context\":\"https:\/\/schema.org\",\"@graph\":[{\"@type\":\"WebPage\",\"@id\":\"https:\/\/nuevo-renacer.com\/alma-sencilla-teresa-de-jesus\/\",\"url\":\"https:\/\/nuevo-renacer.com\/alma-sencilla-teresa-de-jesus\/\",\"name\":\"Alma sencilla - Uni\u00f3n Esp\u00edrita\",\"isPartOf\":{\"@id\":\"https:\/\/nuevo-renacer.com\/#website\"},\"primaryImageOfPage\":{\"@id\":\"https:\/\/nuevo-renacer.com\/alma-sencilla-teresa-de-jesus\/#primaryimage\"},\"image\":{\"@id\":\"https:\/\/nuevo-renacer.com\/alma-sencilla-teresa-de-jesus\/#primaryimage\"},\"thumbnailUrl\":\"https:\/\/nuevo-renacer.com\/wp-content\/uploads\/2024\/09\/path-to-light-copy-590x308-1.jpg\",\"datePublished\":\"2024-09-17T09:28:04+00:00\",\"dateModified\":\"2024-09-17T09:33:00+00:00\",\"breadcrumb\":{\"@id\":\"https:\/\/nuevo-renacer.com\/alma-sencilla-teresa-de-jesus\/#breadcrumb\"},\"inLanguage\":\"fr-FR\",\"potentialAction\":[{\"@type\":\"ReadAction\",\"target\":[\"https:\/\/nuevo-renacer.com\/alma-sencilla-teresa-de-jesus\/\"]}]},{\"@type\":\"ImageObject\",\"inLanguage\":\"fr-FR\",\"@id\":\"https:\/\/nuevo-renacer.com\/alma-sencilla-teresa-de-jesus\/#primaryimage\",\"url\":\"https:\/\/nuevo-renacer.com\/wp-content\/uploads\/2024\/09\/path-to-light-copy-590x308-1.jpg\",\"contentUrl\":\"https:\/\/nuevo-renacer.com\/wp-content\/uploads\/2024\/09\/path-to-light-copy-590x308-1.jpg\",\"width\":590,\"height\":308},{\"@type\":\"BreadcrumbList\",\"@id\":\"https:\/\/nuevo-renacer.com\/alma-sencilla-teresa-de-jesus\/#breadcrumb\",\"itemListElement\":[{\"@type\":\"ListItem\",\"position\":1,\"name\":\"Startseite\",\"item\":\"https:\/\/nuevo-renacer.com\/\"},{\"@type\":\"ListItem\",\"position\":2,\"name\":\"Alma sencilla\"}]},{\"@type\":\"WebSite\",\"@id\":\"https:\/\/nuevo-renacer.com\/#website\",\"url\":\"https:\/\/nuevo-renacer.com\/\",\"name\":\"Uni\u00f3n Esp\u00edrita\",\"description\":\"Nuevo Renacer\",\"publisher\":{\"@id\":\"https:\/\/nuevo-renacer.com\/#organization\"},\"potentialAction\":[{\"@type\":\"SearchAction\",\"target\":{\"@type\":\"EntryPoint\",\"urlTemplate\":\"https:\/\/nuevo-renacer.com\/?s={search_term_string}\"},\"query-input\":{\"@type\":\"PropertyValueSpecification\",\"valueRequired\":true,\"valueName\":\"search_term_string\"}}],\"inLanguage\":\"fr-FR\"},{\"@type\":\"Organization\",\"@id\":\"https:\/\/nuevo-renacer.com\/#organization\",\"name\":\"UFEC\",\"url\":\"https:\/\/nuevo-renacer.com\/\",\"logo\":{\"@type\":\"ImageObject\",\"inLanguage\":\"fr-FR\",\"@id\":\"https:\/\/nuevo-renacer.com\/#\/schema\/logo\/image\/\",\"url\":\"https:\/\/nuevo-renacer.com\/wp-content\/uploads\/2024\/05\/cropped-LOGO-TERMINADO1-3-3.png\",\"contentUrl\":\"https:\/\/nuevo-renacer.com\/wp-content\/uploads\/2024\/05\/cropped-LOGO-TERMINADO1-3-3.png\",\"width\":512,\"height\":512,\"caption\":\"UFEC\"},\"image\":{\"@id\":\"https:\/\/nuevo-renacer.com\/#\/schema\/logo\/image\/\"},\"sameAs\":[\"https:\/\/www.facebook.com\/groups\/3431398063740829\"]}]}<\/script>\n<!-- \/ Yoast SEO Premium plugin. -->","yoast_head_json":{"title":"Alma sencilla - Uni\u00f3n Esp\u00edrita","robots":{"index":"index","follow":"follow","max-snippet":"max-snippet:-1","max-image-preview":"max-image-preview:large","max-video-preview":"max-video-preview:-1"},"canonical":"https:\/\/nuevo-renacer.com\/fr\/alma-sencilla-teresa-de-jesus\/","og_locale":"fr_FR","og_type":"article","og_title":"Alma sencilla","og_description":"Alma sencilla Gracias te doy mi Se\u00f1or porque tu amor me ha inundado y mi alma se ha inflamado de luz y de salvaci\u00f3n. Las pruebas que en esta vida al dolor nos encadenan, har\u00e1n del alma en sus penas suspirar por la partida, que en ti se muestra rendida, liberada en su condena, que [&hellip;]","og_url":"https:\/\/nuevo-renacer.com\/fr\/alma-sencilla-teresa-de-jesus\/","og_site_name":"Uni\u00f3n Esp\u00edrita","article_publisher":"https:\/\/www.facebook.com\/groups\/3431398063740829","article_modified_time":"2024-09-17T09:33:00+00:00","og_image":[{"width":590,"height":308,"url":"https:\/\/nuevo-renacer.com\/wp-content\/uploads\/2024\/09\/path-to-light-copy-590x308-1.jpg","type":"image\/jpeg"}],"twitter_card":"summary_large_image","twitter_misc":{"Dur\u00e9e de lecture estim\u00e9e":"1 minute"},"schema":{"@context":"https:\/\/schema.org","@graph":[{"@type":"WebPage","@id":"https:\/\/nuevo-renacer.com\/alma-sencilla-teresa-de-jesus\/","url":"https:\/\/nuevo-renacer.com\/alma-sencilla-teresa-de-jesus\/","name":"Alma sencilla - Uni\u00f3n Esp\u00edrita","isPartOf":{"@id":"https:\/\/nuevo-renacer.com\/#website"},"primaryImageOfPage":{"@id":"https:\/\/nuevo-renacer.com\/alma-sencilla-teresa-de-jesus\/#primaryimage"},"image":{"@id":"https:\/\/nuevo-renacer.com\/alma-sencilla-teresa-de-jesus\/#primaryimage"},"thumbnailUrl":"https:\/\/nuevo-renacer.com\/wp-content\/uploads\/2024\/09\/path-to-light-copy-590x308-1.jpg","datePublished":"2024-09-17T09:28:04+00:00","dateModified":"2024-09-17T09:33:00+00:00","breadcrumb":{"@id":"https:\/\/nuevo-renacer.com\/alma-sencilla-teresa-de-jesus\/#breadcrumb"},"inLanguage":"fr-FR","potentialAction":[{"@type":"ReadAction","target":["https:\/\/nuevo-renacer.com\/alma-sencilla-teresa-de-jesus\/"]}]},{"@type":"ImageObject","inLanguage":"fr-FR","@id":"https:\/\/nuevo-renacer.com\/alma-sencilla-teresa-de-jesus\/#primaryimage","url":"https:\/\/nuevo-renacer.com\/wp-content\/uploads\/2024\/09\/path-to-light-copy-590x308-1.jpg","contentUrl":"https:\/\/nuevo-renacer.com\/wp-content\/uploads\/2024\/09\/path-to-light-copy-590x308-1.jpg","width":590,"height":308},{"@type":"BreadcrumbList","@id":"https:\/\/nuevo-renacer.com\/alma-sencilla-teresa-de-jesus\/#breadcrumb","itemListElement":[{"@type":"ListItem","position":1,"name":"Startseite","item":"https:\/\/nuevo-renacer.com\/"},{"@type":"ListItem","position":2,"name":"Alma sencilla"}]},{"@type":"WebSite","@id":"https:\/\/nuevo-renacer.com\/#website","url":"https:\/\/nuevo-renacer.com\/","name":"Uni\u00f3n Esp\u00edrita","description":"Nuevo Renacer","publisher":{"@id":"https:\/\/nuevo-renacer.com\/#organization"},"potentialAction":[{"@type":"SearchAction","target":{"@type":"EntryPoint","urlTemplate":"https:\/\/nuevo-renacer.com\/?s={search_term_string}"},"query-input":{"@type":"PropertyValueSpecification","valueRequired":true,"valueName":"search_term_string"}}],"inLanguage":"fr-FR"},{"@type":"Organization","@id":"https:\/\/nuevo-renacer.com\/#organization","name":"UFEC","url":"https:\/\/nuevo-renacer.com\/","logo":{"@type":"ImageObject","inLanguage":"fr-FR","@id":"https:\/\/nuevo-renacer.com\/#\/schema\/logo\/image\/","url":"https:\/\/nuevo-renacer.com\/wp-content\/uploads\/2024\/05\/cropped-LOGO-TERMINADO1-3-3.png","contentUrl":"https:\/\/nuevo-renacer.com\/wp-content\/uploads\/2024\/05\/cropped-LOGO-TERMINADO1-3-3.png","width":512,"height":512,"caption":"UFEC"},"image":{"@id":"https:\/\/nuevo-renacer.com\/#\/schema\/logo\/image\/"},"sameAs":["https:\/\/www.facebook.com\/groups\/3431398063740829"]}]}},"uagb_featured_image_src":{"full":["https:\/\/nuevo-renacer.com\/wp-content\/uploads\/2024\/09\/path-to-light-copy-590x308-1.jpg",590,308,false],"thumbnail":["https:\/\/nuevo-renacer.com\/wp-content\/uploads\/2024\/09\/path-to-light-copy-590x308-1-150x150.jpg",150,150,true],"medium":["https:\/\/nuevo-renacer.com\/wp-content\/uploads\/2024\/09\/path-to-light-copy-590x308-1-300x157.jpg",300,157,true],"medium_large":["https:\/\/nuevo-renacer.com\/wp-content\/uploads\/2024\/09\/path-to-light-copy-590x308-1.jpg",590,308,false],"large":["https:\/\/nuevo-renacer.com\/wp-content\/uploads\/2024\/09\/path-to-light-copy-590x308-1.jpg",590,308,false],"1536x1536":["https:\/\/nuevo-renacer.com\/wp-content\/uploads\/2024\/09\/path-to-light-copy-590x308-1.jpg",590,308,false],"2048x2048":["https:\/\/nuevo-renacer.com\/wp-content\/uploads\/2024\/09\/path-to-light-copy-590x308-1.jpg",590,308,false],"trp-custom-language-flag":["https:\/\/nuevo-renacer.com\/wp-content\/uploads\/2024\/09\/path-to-light-copy-590x308-1-18x9.jpg",18,9,true]},"uagb_author_info":{"display_name":"adbv0","author_link":"https:\/\/nuevo-renacer.com\/fr\/author\/adbv0\/"},"uagb_comment_info":0,"uagb_excerpt":"Alma sencilla Gracias te doy mi Se\u00f1or porque tu amor me ha inundado y mi alma se ha inflamado de luz y de salvaci\u00f3n. Las pruebas que en esta vida al dolor nos encadenan, har\u00e1n del alma en sus penas suspirar por la partida, que en ti se muestra rendida, liberada en su condena, que\u2026","jetpack_sharing_enabled":true,"_links":{"self":[{"href":"https:\/\/nuevo-renacer.com\/fr\/wp-json\/wp\/v2\/pages\/5104","targetHints":{"allow":["GET"]}}],"collection":[{"href":"https:\/\/nuevo-renacer.com\/fr\/wp-json\/wp\/v2\/pages"}],"about":[{"href":"https:\/\/nuevo-renacer.com\/fr\/wp-json\/wp\/v2\/types\/page"}],"author":[{"embeddable":true,"href":"https:\/\/nuevo-renacer.com\/fr\/wp-json\/wp\/v2\/users\/1"}],"replies":[{"embeddable":true,"href":"https:\/\/nuevo-renacer.com\/fr\/wp-json\/wp\/v2\/comments?post=5104"}],"version-history":[{"count":2,"href":"https:\/\/nuevo-renacer.com\/fr\/wp-json\/wp\/v2\/pages\/5104\/revisions"}],"predecessor-version":[{"id":5108,"href":"https:\/\/nuevo-renacer.com\/fr\/wp-json\/wp\/v2\/pages\/5104\/revisions\/5108"}],"wp:featuredmedia":[{"embeddable":true,"href":"https:\/\/nuevo-renacer.com\/fr\/wp-json\/wp\/v2\/media\/5107"}],"wp:attachment":[{"href":"https:\/\/nuevo-renacer.com\/fr\/wp-json\/wp\/v2\/media?parent=5104"}],"curies":[{"name":"wp","href":"https:\/\/api.w.org\/{rel}","templated":true}]}}