{"id":5049,"date":"2024-09-15T08:34:14","date_gmt":"2024-09-15T08:34:14","guid":{"rendered":"https:\/\/nuevo-renacer.com\/?page_id=5049"},"modified":"2024-09-15T08:57:59","modified_gmt":"2024-09-15T08:57:59","slug":"alianza-con-dios-teresa-de-jesus","status":"publish","type":"page","link":"https:\/\/nuevo-renacer.com\/fr\/alianza-con-dios-teresa-de-jesus\/","title":{"rendered":"Alianza con Dios &#8211; Teresa de Jes\u00fas"},"content":{"rendered":"<div class=\"wp-block-uagb-container uagb-block-9f66cb0c alignfull uagb-is-root-container\"><div class=\"uagb-container-inner-blocks-wrap\">\n<p class=\"has-black-color has-text-color has-link-color has-medium-font-size wp-elements-86ebac3e87c4c65938afd16060635008\"><strong>Alliance avec Dieu<\/strong><\/p>\n<\/div><\/div>\n\n\n\n<div class=\"wp-block-uagb-container uagb-block-ab07a1b4 alignfull uagb-is-root-container\"><div class=\"uagb-container-inner-blocks-wrap\">\n<figure class=\"wp-block-image size-full is-resized\"><img fetchpriority=\"high\" decoding=\"async\" width=\"540\" height=\"360\" src=\"https:\/\/nuevo-renacer.com\/wp-content\/uploads\/2024\/09\/alianza.jpg\" alt=\"\" class=\"wp-image-5052\" style=\"width:494px;height:auto\" srcset=\"https:\/\/nuevo-renacer.com\/wp-content\/uploads\/2024\/09\/alianza.jpg 540w, https:\/\/nuevo-renacer.com\/wp-content\/uploads\/2024\/09\/alianza-300x200.jpg 300w, https:\/\/nuevo-renacer.com\/wp-content\/uploads\/2024\/09\/alianza-18x12.jpg 18w\" sizes=\"(max-width: 540px) 100vw, 540px\" \/><\/figure>\n<\/div><\/div>\n\n\n\n<div class=\"wp-block-uagb-container uagb-block-3396aba3 alignfull uagb-is-root-container\"><div class=\"uagb-container-inner-blocks-wrap\">\n<p class=\"has-black-color has-text-color has-link-color has-small-font-size wp-elements-ad27756215943f38acdb64aec7bfcaa0\">Seulement l&#039;homme que dans le courage, qui est un p\u00e8lerin dans le temps, sont ancr\u00e9s dans l&#039;\u00e9merveillement de la recherche du salut, elle embrasse fort mon Dieu et calme, la chaleur, la tendre cr\u00e9ature dans ses bras d&#039;amour.<\/p>\n\n\n\n<p class=\"has-black-color has-text-color has-link-color has-small-font-size wp-elements-26302604b1a42fc264519cf1637349a6\">Des nuits et des levers de soleil, de longue haleine, c&#039;est son \u00e2me, toujours \u00e0 la recherche de calme, un motif qui permettrait d&#039;apporter un nouvel espoir \u00e0 votre vie, tels que la porte de sortie, dans l&#039;injustice ressentie, dans une absurde illusion qui lui fait saigner sa blessure.<\/p>\n\n\n\n<p class=\"has-black-color has-text-color has-link-color has-small-font-size wp-elements-77f49cd9839f92812a2b6b54d5a23c0c\">\u00c0 atteindre dans le temps, malgr\u00e9 la triste chagrins, entre les tests et les avatars acquis les connaissances, la gu\u00e9rison et le tourment qu&#039;il a v\u00e9cu dans sa solitude, que de remplir, qui les mers de larmes et de lamentations.<\/p>\n\n\n\n<p class=\"has-black-color has-text-color has-link-color has-small-font-size wp-elements-efc7a218321908593430aa991b2d62cd\">La mauvaise, c&#039;est quand les \u00eatres humains vivent dans l&#039;ignorance, donnant au monde une attitude sans r\u00e9f\u00e9rence \u00e0 leur fr\u00e8re; lorsqu&#039;elle tend ses mains en le regardant de l&#039;alliance, dans cet nostalgie int\u00e9rieure d&#039;une lointaine parent\u00e9.<\/p>\n\n\n\n<p class=\"has-black-color has-text-color has-link-color has-small-font-size wp-elements-5caa91deb08a4ec2887d75c33bf5b95a\">Mais les nouvelles du matin vous attend dans la Gloire de certains, en rendant son \u00e2me \u201cmorts\u201d, qu&#039;une r\u00e9surgence de la vie, par un amour qui n&#039;a pas de mesure, que seul Dieu le savait. Il a lutt\u00e9 et leva son drapeau contre le vent et les temp\u00eates, a fait une plantation en mille endroits, \u201cfils de Dieu\u201d, ils ont \u00e9t\u00e9 d&#039;\u00e9riger, ne trouvant jamais la fronti\u00e8re de surmonter leurs plans.<\/p>\n\n\n\n<p class=\"has-black-color has-text-color has-link-color has-small-font-size wp-elements-e148f590b27726b10b6642cf984fe316\">Et le Ciel lui fit venir, pour d&#039;autres, son d&#039;une grande aide, b\u00e2timent ventura, dans une consenti amour; sans mod\u00e9ration pour donner comme Dieu l&#039;a re\u00e7u, en semant la paix et de la joie \u00e0 tous ceux qui ont r\u00e9ussi \u00e0 parler. Et leurs \u00e2mes canal, faire nuit et jour, dans une douce harmonie de partager la V\u00e9rit\u00e9.<\/p>\n\n\n\n<p class=\"has-black-color has-text-color has-link-color has-small-font-size wp-elements-2f2aeabfe8dfd5e01756b971507c9121\">Plus \u00e0 venir \u00e0 une fin, c&#039;\u00e9tait son affaire li\u00e9, \u00e9tant donn\u00e9 que ni la respiration devait \u00eatre encourag\u00e9s \u00e0 suivre. Et le miracle a \u00e9t\u00e9 faite il y, par l&#039;amour que vous vous sentez, et la maison de Dieu s&#039;ouvriront pour votre \u00e9ternel vivre.<\/p>\n\n\n\n<p><\/p>\n\n\n\n<p><strong>Th\u00e9r\u00e8se de J\u00e9sus<\/strong><\/p>\n\n\n\n<p><em>Psicografiado par Antonio Hernandez Lozano<\/em><\/p>\n\n\n\n<p><\/p>\n\n\n\n<p><\/p>\n\n\n\n<p><\/p>\n<\/div><\/div>","protected":false},"excerpt":{"rendered":"<p>Alianza con Dios Solo el hombre qu\u00e9 en bravura, cual peregrino en el tiempo, se afianza en el portento de buscar su salvaci\u00f3n, se abraza fuerte a mi Dios y calma su calentura, siendo tierna criatura entre sus brazos de amor. De noches y amaneceres, prolija qued\u00f3 su alma, buscando siempre en la calma, un [&hellip;]<\/p>","protected":false},"author":1,"featured_media":5052,"parent":0,"menu_order":0,"comment_status":"closed","ping_status":"closed","template":"","meta":{"_uag_custom_page_level_css":"","site-sidebar-layout":"default","site-content-layout":"","ast-site-content-layout":"default","site-content-style":"default","site-sidebar-style":"default","ast-global-header-display":"","ast-banner-title-visibility":"","ast-main-header-display":"","ast-hfb-above-header-display":"","ast-hfb-below-header-display":"","ast-hfb-mobile-header-display":"","site-post-title":"","ast-breadcrumbs-content":"","ast-featured-img":"","footer-sml-layout":"","theme-transparent-header-meta":"","adv-header-id-meta":"","stick-header-meta":"","header-above-stick-meta":"","header-main-stick-meta":"","header-below-stick-meta":"","astra-migrate-meta-layouts":"set","ast-page-background-enabled":"default","ast-page-background-meta":{"desktop":{"background-color":"var(--ast-global-color-4)","background-image":"","background-repeat":"repeat","background-position":"center center","background-size":"auto","background-attachment":"scroll","background-type":"","background-media":"","overlay-type":"","overlay-color":"","overlay-opacity":"","overlay-gradient":""},"tablet":{"background-color":"","background-image":"","background-repeat":"repeat","background-position":"center center","background-size":"auto","background-attachment":"scroll","background-type":"","background-media":"","overlay-type":"","overlay-color":"","overlay-opacity":"","overlay-gradient":""},"mobile":{"background-color":"","background-image":"","background-repeat":"repeat","background-position":"center center","background-size":"auto","background-attachment":"scroll","background-type":"","background-media":"","overlay-type":"","overlay-color":"","overlay-opacity":"","overlay-gradient":""}},"ast-content-background-meta":{"desktop":{"background-color":"var(--ast-global-color-5)","background-image":"","background-repeat":"repeat","background-position":"center center","background-size":"auto","background-attachment":"scroll","background-type":"","background-media":"","overlay-type":"","overlay-color":"","overlay-opacity":"","overlay-gradient":""},"tablet":{"background-color":"var(--ast-global-color-5)","background-image":"","background-repeat":"repeat","background-position":"center center","background-size":"auto","background-attachment":"scroll","background-type":"","background-media":"","overlay-type":"","overlay-color":"","overlay-opacity":"","overlay-gradient":""},"mobile":{"background-color":"var(--ast-global-color-5)","background-image":"","background-repeat":"repeat","background-position":"center center","background-size":"auto","background-attachment":"scroll","background-type":"","background-media":"","overlay-type":"","overlay-color":"","overlay-opacity":"","overlay-gradient":""}},"footnotes":""},"class_list":["post-5049","page","type-page","status-publish","has-post-thumbnail","hentry"],"yoast_head":"<!-- This site is optimized with the Yoast SEO Premium plugin v24.2 (Yoast SEO v24.6) - https:\/\/yoast.com\/wordpress\/plugins\/seo\/ -->\n<title>Alianza con Dios - Teresa de Jes\u00fas - Uni\u00f3n Esp\u00edrita<\/title>\n<meta name=\"robots\" content=\"index, follow, max-snippet:-1, max-image-preview:large, max-video-preview:-1\" \/>\n<link rel=\"canonical\" href=\"https:\/\/nuevo-renacer.com\/fr\/alianza-con-dios-teresa-de-jesus\/\" \/>\n<meta property=\"og:locale\" content=\"fr_FR\" \/>\n<meta property=\"og:type\" content=\"article\" \/>\n<meta property=\"og:title\" content=\"Alianza con Dios - Teresa de Jes\u00fas\" \/>\n<meta property=\"og:description\" content=\"Alianza con Dios Solo el hombre qu\u00e9 en bravura, cual peregrino en el tiempo, se afianza en el portento de buscar su salvaci\u00f3n, se abraza fuerte a mi Dios y calma su calentura, siendo tierna criatura entre sus brazos de amor. De noches y amaneceres, prolija qued\u00f3 su alma, buscando siempre en la calma, un [&hellip;]\" \/>\n<meta property=\"og:url\" content=\"https:\/\/nuevo-renacer.com\/fr\/alianza-con-dios-teresa-de-jesus\/\" \/>\n<meta property=\"og:site_name\" content=\"Uni\u00f3n Esp\u00edrita\" \/>\n<meta property=\"article:publisher\" content=\"https:\/\/www.facebook.com\/groups\/3431398063740829\" \/>\n<meta property=\"article:modified_time\" content=\"2024-09-15T08:57:59+00:00\" \/>\n<meta property=\"og:image\" content=\"https:\/\/nuevo-renacer.com\/wp-content\/uploads\/2024\/09\/alianza.jpg\" \/>\n\t<meta property=\"og:image:width\" content=\"540\" \/>\n\t<meta property=\"og:image:height\" content=\"360\" \/>\n\t<meta property=\"og:image:type\" content=\"image\/jpeg\" \/>\n<meta name=\"twitter:card\" content=\"summary_large_image\" \/>\n<meta name=\"twitter:label1\" content=\"Dur\u00e9e de lecture estim\u00e9e\" \/>\n\t<meta name=\"twitter:data1\" content=\"2 minutes\" \/>\n<script type=\"application\/ld+json\" class=\"yoast-schema-graph\">{\"@context\":\"https:\/\/schema.org\",\"@graph\":[{\"@type\":\"WebPage\",\"@id\":\"https:\/\/nuevo-renacer.com\/alianza-con-dios-teresa-de-jesus\/\",\"url\":\"https:\/\/nuevo-renacer.com\/alianza-con-dios-teresa-de-jesus\/\",\"name\":\"Alianza con Dios - Teresa de Jes\u00fas - Uni\u00f3n Esp\u00edrita\",\"isPartOf\":{\"@id\":\"https:\/\/nuevo-renacer.com\/#website\"},\"primaryImageOfPage\":{\"@id\":\"https:\/\/nuevo-renacer.com\/alianza-con-dios-teresa-de-jesus\/#primaryimage\"},\"image\":{\"@id\":\"https:\/\/nuevo-renacer.com\/alianza-con-dios-teresa-de-jesus\/#primaryimage\"},\"thumbnailUrl\":\"https:\/\/nuevo-renacer.com\/wp-content\/uploads\/2024\/09\/alianza.jpg\",\"datePublished\":\"2024-09-15T08:34:14+00:00\",\"dateModified\":\"2024-09-15T08:57:59+00:00\",\"breadcrumb\":{\"@id\":\"https:\/\/nuevo-renacer.com\/alianza-con-dios-teresa-de-jesus\/#breadcrumb\"},\"inLanguage\":\"fr-FR\",\"potentialAction\":[{\"@type\":\"ReadAction\",\"target\":[\"https:\/\/nuevo-renacer.com\/alianza-con-dios-teresa-de-jesus\/\"]}]},{\"@type\":\"ImageObject\",\"inLanguage\":\"fr-FR\",\"@id\":\"https:\/\/nuevo-renacer.com\/alianza-con-dios-teresa-de-jesus\/#primaryimage\",\"url\":\"https:\/\/nuevo-renacer.com\/wp-content\/uploads\/2024\/09\/alianza.jpg\",\"contentUrl\":\"https:\/\/nuevo-renacer.com\/wp-content\/uploads\/2024\/09\/alianza.jpg\",\"width\":540,\"height\":360},{\"@type\":\"BreadcrumbList\",\"@id\":\"https:\/\/nuevo-renacer.com\/alianza-con-dios-teresa-de-jesus\/#breadcrumb\",\"itemListElement\":[{\"@type\":\"ListItem\",\"position\":1,\"name\":\"Startseite\",\"item\":\"https:\/\/nuevo-renacer.com\/\"},{\"@type\":\"ListItem\",\"position\":2,\"name\":\"Alianza con Dios &#8211; Teresa de Jes\u00fas\"}]},{\"@type\":\"WebSite\",\"@id\":\"https:\/\/nuevo-renacer.com\/#website\",\"url\":\"https:\/\/nuevo-renacer.com\/\",\"name\":\"Uni\u00f3n Esp\u00edrita\",\"description\":\"Nuevo Renacer\",\"publisher\":{\"@id\":\"https:\/\/nuevo-renacer.com\/#organization\"},\"potentialAction\":[{\"@type\":\"SearchAction\",\"target\":{\"@type\":\"EntryPoint\",\"urlTemplate\":\"https:\/\/nuevo-renacer.com\/?s={search_term_string}\"},\"query-input\":{\"@type\":\"PropertyValueSpecification\",\"valueRequired\":true,\"valueName\":\"search_term_string\"}}],\"inLanguage\":\"fr-FR\"},{\"@type\":\"Organization\",\"@id\":\"https:\/\/nuevo-renacer.com\/#organization\",\"name\":\"UFEC\",\"url\":\"https:\/\/nuevo-renacer.com\/\",\"logo\":{\"@type\":\"ImageObject\",\"inLanguage\":\"fr-FR\",\"@id\":\"https:\/\/nuevo-renacer.com\/#\/schema\/logo\/image\/\",\"url\":\"https:\/\/nuevo-renacer.com\/wp-content\/uploads\/2024\/05\/cropped-LOGO-TERMINADO1-3-3.png\",\"contentUrl\":\"https:\/\/nuevo-renacer.com\/wp-content\/uploads\/2024\/05\/cropped-LOGO-TERMINADO1-3-3.png\",\"width\":512,\"height\":512,\"caption\":\"UFEC\"},\"image\":{\"@id\":\"https:\/\/nuevo-renacer.com\/#\/schema\/logo\/image\/\"},\"sameAs\":[\"https:\/\/www.facebook.com\/groups\/3431398063740829\"]}]}<\/script>\n<!-- \/ Yoast SEO Premium plugin. -->","yoast_head_json":{"title":"Alianza con Dios - Teresa de Jes\u00fas - Uni\u00f3n Esp\u00edrita","robots":{"index":"index","follow":"follow","max-snippet":"max-snippet:-1","max-image-preview":"max-image-preview:large","max-video-preview":"max-video-preview:-1"},"canonical":"https:\/\/nuevo-renacer.com\/fr\/alianza-con-dios-teresa-de-jesus\/","og_locale":"fr_FR","og_type":"article","og_title":"Alianza con Dios - Teresa de Jes\u00fas","og_description":"Alianza con Dios Solo el hombre qu\u00e9 en bravura, cual peregrino en el tiempo, se afianza en el portento de buscar su salvaci\u00f3n, se abraza fuerte a mi Dios y calma su calentura, siendo tierna criatura entre sus brazos de amor. De noches y amaneceres, prolija qued\u00f3 su alma, buscando siempre en la calma, un [&hellip;]","og_url":"https:\/\/nuevo-renacer.com\/fr\/alianza-con-dios-teresa-de-jesus\/","og_site_name":"Uni\u00f3n Esp\u00edrita","article_publisher":"https:\/\/www.facebook.com\/groups\/3431398063740829","article_modified_time":"2024-09-15T08:57:59+00:00","og_image":[{"width":540,"height":360,"url":"https:\/\/nuevo-renacer.com\/wp-content\/uploads\/2024\/09\/alianza.jpg","type":"image\/jpeg"}],"twitter_card":"summary_large_image","twitter_misc":{"Dur\u00e9e de lecture estim\u00e9e":"2 minutes"},"schema":{"@context":"https:\/\/schema.org","@graph":[{"@type":"WebPage","@id":"https:\/\/nuevo-renacer.com\/alianza-con-dios-teresa-de-jesus\/","url":"https:\/\/nuevo-renacer.com\/alianza-con-dios-teresa-de-jesus\/","name":"Alianza con Dios - Teresa de Jes\u00fas - Uni\u00f3n Esp\u00edrita","isPartOf":{"@id":"https:\/\/nuevo-renacer.com\/#website"},"primaryImageOfPage":{"@id":"https:\/\/nuevo-renacer.com\/alianza-con-dios-teresa-de-jesus\/#primaryimage"},"image":{"@id":"https:\/\/nuevo-renacer.com\/alianza-con-dios-teresa-de-jesus\/#primaryimage"},"thumbnailUrl":"https:\/\/nuevo-renacer.com\/wp-content\/uploads\/2024\/09\/alianza.jpg","datePublished":"2024-09-15T08:34:14+00:00","dateModified":"2024-09-15T08:57:59+00:00","breadcrumb":{"@id":"https:\/\/nuevo-renacer.com\/alianza-con-dios-teresa-de-jesus\/#breadcrumb"},"inLanguage":"fr-FR","potentialAction":[{"@type":"ReadAction","target":["https:\/\/nuevo-renacer.com\/alianza-con-dios-teresa-de-jesus\/"]}]},{"@type":"ImageObject","inLanguage":"fr-FR","@id":"https:\/\/nuevo-renacer.com\/alianza-con-dios-teresa-de-jesus\/#primaryimage","url":"https:\/\/nuevo-renacer.com\/wp-content\/uploads\/2024\/09\/alianza.jpg","contentUrl":"https:\/\/nuevo-renacer.com\/wp-content\/uploads\/2024\/09\/alianza.jpg","width":540,"height":360},{"@type":"BreadcrumbList","@id":"https:\/\/nuevo-renacer.com\/alianza-con-dios-teresa-de-jesus\/#breadcrumb","itemListElement":[{"@type":"ListItem","position":1,"name":"Startseite","item":"https:\/\/nuevo-renacer.com\/"},{"@type":"ListItem","position":2,"name":"Alianza con Dios &#8211; Teresa de Jes\u00fas"}]},{"@type":"WebSite","@id":"https:\/\/nuevo-renacer.com\/#website","url":"https:\/\/nuevo-renacer.com\/","name":"Uni\u00f3n Esp\u00edrita","description":"Nuevo Renacer","publisher":{"@id":"https:\/\/nuevo-renacer.com\/#organization"},"potentialAction":[{"@type":"SearchAction","target":{"@type":"EntryPoint","urlTemplate":"https:\/\/nuevo-renacer.com\/?s={search_term_string}"},"query-input":{"@type":"PropertyValueSpecification","valueRequired":true,"valueName":"search_term_string"}}],"inLanguage":"fr-FR"},{"@type":"Organization","@id":"https:\/\/nuevo-renacer.com\/#organization","name":"UFEC","url":"https:\/\/nuevo-renacer.com\/","logo":{"@type":"ImageObject","inLanguage":"fr-FR","@id":"https:\/\/nuevo-renacer.com\/#\/schema\/logo\/image\/","url":"https:\/\/nuevo-renacer.com\/wp-content\/uploads\/2024\/05\/cropped-LOGO-TERMINADO1-3-3.png","contentUrl":"https:\/\/nuevo-renacer.com\/wp-content\/uploads\/2024\/05\/cropped-LOGO-TERMINADO1-3-3.png","width":512,"height":512,"caption":"UFEC"},"image":{"@id":"https:\/\/nuevo-renacer.com\/#\/schema\/logo\/image\/"},"sameAs":["https:\/\/www.facebook.com\/groups\/3431398063740829"]}]}},"uagb_featured_image_src":{"full":["https:\/\/nuevo-renacer.com\/wp-content\/uploads\/2024\/09\/alianza.jpg",540,360,false],"thumbnail":["https:\/\/nuevo-renacer.com\/wp-content\/uploads\/2024\/09\/alianza-150x150.jpg",150,150,true],"medium":["https:\/\/nuevo-renacer.com\/wp-content\/uploads\/2024\/09\/alianza-300x200.jpg",300,200,true],"medium_large":["https:\/\/nuevo-renacer.com\/wp-content\/uploads\/2024\/09\/alianza.jpg",540,360,false],"large":["https:\/\/nuevo-renacer.com\/wp-content\/uploads\/2024\/09\/alianza.jpg",540,360,false],"1536x1536":["https:\/\/nuevo-renacer.com\/wp-content\/uploads\/2024\/09\/alianza.jpg",540,360,false],"2048x2048":["https:\/\/nuevo-renacer.com\/wp-content\/uploads\/2024\/09\/alianza.jpg",540,360,false],"trp-custom-language-flag":["https:\/\/nuevo-renacer.com\/wp-content\/uploads\/2024\/09\/alianza-18x12.jpg",18,12,true]},"uagb_author_info":{"display_name":"adbv0","author_link":"https:\/\/nuevo-renacer.com\/fr\/author\/adbv0\/"},"uagb_comment_info":0,"uagb_excerpt":"Alianza con Dios Solo el hombre qu\u00e9 en bravura, cual peregrino en el tiempo, se afianza en el portento de buscar su salvaci\u00f3n, se abraza fuerte a mi Dios y calma su calentura, siendo tierna criatura entre sus brazos de amor. De noches y amaneceres, prolija qued\u00f3 su alma, buscando siempre en la calma, un\u2026","jetpack_sharing_enabled":true,"_links":{"self":[{"href":"https:\/\/nuevo-renacer.com\/fr\/wp-json\/wp\/v2\/pages\/5049","targetHints":{"allow":["GET"]}}],"collection":[{"href":"https:\/\/nuevo-renacer.com\/fr\/wp-json\/wp\/v2\/pages"}],"about":[{"href":"https:\/\/nuevo-renacer.com\/fr\/wp-json\/wp\/v2\/types\/page"}],"author":[{"embeddable":true,"href":"https:\/\/nuevo-renacer.com\/fr\/wp-json\/wp\/v2\/users\/1"}],"replies":[{"embeddable":true,"href":"https:\/\/nuevo-renacer.com\/fr\/wp-json\/wp\/v2\/comments?post=5049"}],"version-history":[{"count":6,"href":"https:\/\/nuevo-renacer.com\/fr\/wp-json\/wp\/v2\/pages\/5049\/revisions"}],"predecessor-version":[{"id":5072,"href":"https:\/\/nuevo-renacer.com\/fr\/wp-json\/wp\/v2\/pages\/5049\/revisions\/5072"}],"wp:featuredmedia":[{"embeddable":true,"href":"https:\/\/nuevo-renacer.com\/fr\/wp-json\/wp\/v2\/media\/5052"}],"wp:attachment":[{"href":"https:\/\/nuevo-renacer.com\/fr\/wp-json\/wp\/v2\/media?parent=5049"}],"curies":[{"name":"wp","href":"https:\/\/api.w.org\/{rel}","templated":true}]}}