{"id":4986,"date":"2024-09-14T17:17:34","date_gmt":"2024-09-14T17:17:34","guid":{"rendered":"https:\/\/nuevo-renacer.com\/?page_id=4986"},"modified":"2024-09-15T08:56:56","modified_gmt":"2024-09-15T08:56:56","slug":"brioso-corcel-teresa-de-jesus","status":"publish","type":"page","link":"https:\/\/nuevo-renacer.com\/fr\/brioso-corcel-teresa-de-jesus\/","title":{"rendered":"Fougueux Destrier"},"content":{"rendered":"<div class=\"wp-block-uagb-container uagb-block-6828230d alignfull uagb-is-root-container\"><div class=\"uagb-container-inner-blocks-wrap\">\n<p class=\"has-black-color has-text-color has-link-color has-medium-font-size wp-elements-bfee013c62357a464555a56ae67c4274\"><strong>Fougueux Destrier<\/strong><\/p>\n<\/div><\/div>\n\n\n\n<div class=\"wp-block-uagb-container uagb-block-75089fea alignfull uagb-is-root-container\"><div class=\"uagb-container-inner-blocks-wrap\">\n<figure class=\"wp-block-image size-full is-resized\"><img fetchpriority=\"high\" decoding=\"async\" width=\"800\" height=\"800\" src=\"https:\/\/nuevo-renacer.com\/wp-content\/uploads\/2024\/09\/feuriges-ross.webp\" alt=\"\" class=\"wp-image-4990\" style=\"width:374px;height:auto\" srcset=\"https:\/\/nuevo-renacer.com\/wp-content\/uploads\/2024\/09\/feuriges-ross.webp 800w, https:\/\/nuevo-renacer.com\/wp-content\/uploads\/2024\/09\/feuriges-ross-300x300.webp 300w, https:\/\/nuevo-renacer.com\/wp-content\/uploads\/2024\/09\/feuriges-ross-150x150.webp 150w, https:\/\/nuevo-renacer.com\/wp-content\/uploads\/2024\/09\/feuriges-ross-768x768.webp 768w, https:\/\/nuevo-renacer.com\/wp-content\/uploads\/2024\/09\/feuriges-ross-12x12.webp 12w\" sizes=\"(max-width: 800px) 100vw, 800px\" \/><\/figure>\n<\/div><\/div>\n\n\n\n<div class=\"wp-block-uagb-container uagb-block-fc009265 alignfull uagb-is-root-container\"><div class=\"uagb-container-inner-blocks-wrap\">\n<p class=\"has-black-color has-text-color has-link-color has-small-font-size wp-elements-4b98eaedeef5313f1fc84096aa14ac17\">Pourquoi je ne vais pas \u00eatre moi qui l&#039;encourage dans l&#039;amour qui est le chant de mon Dieu, de lever tous les matins? Si c&#039;est ce que votre \u00e2me se d\u00e9gage de donner de la juste prestation, cette douce et vivante la flamme qui brille et ne sera jamais br\u00fbler, \u00eatre en feu divin et sacr\u00e9. Mais je veux que vous beaucoup, parce que j&#039;ai toujours \u00e9t\u00e9 tellement lisse, Teresa jamais \u00e9cart\u00e9 l&#039;approche jusqu&#039;\u00e0 vous, que si vous pensez que de mourir dans cette douce folie, b\u00e9ni soit-il et la gloire de mon Dieu dans la pri\u00e8re, pour beaucoup, que seule cette s\u0153ur calme et intoxique sa soif d&#039;amour. Enregistrer votre douleur et \u00e0 l&#039;oubli, que la peine compte tenu de la fatigue que le travail de beaucoup, vous devez convertir la chanson \u00e0 l&#039;autre de l&#039;\u00e2me de ses amis, qui sont aussi en Dieu, sont raffin\u00e9s dans sa douceur et de charme.<\/p>\n\n\n\n<p class=\"has-black-color has-text-color has-link-color has-small-font-size wp-elements-643cab83acb2c70f34b3c078cce41850\">Fougueux destrier matin, \u00e9quitation \u00e0 vent, je ne vais jamais arr\u00eater des co\u00fbts ou de l&#039;\u00e9troitesse de la voie. \u00catre sage, est le jogging d&#039;abord rouler apr\u00e8s, toujours ferme dans le savoir et dans ce qui compte d&#039;abord, tout le reste est d&#039;un passager, fonctionne bien, \u00e0 surmonter, car la r\u00e9compense que vous savez peut-\u00eatre, il est toujours plus s\u00fbr et pr\u00e9cis, comme la chose du ciel, avec l&#039;amour pour voir.<\/p>\n\n\n\n<p class=\"has-black-color has-text-color has-link-color has-small-font-size wp-elements-65928665703edfc5681b8ba4c84235b4\">Je viens d&#039;offrir la noblesse, de la patience et de calme: la noblesse achemin\u00e9e \u00e0 l&#039;\u00e2me que la t\u00e9nacit\u00e9 est r\u00e9g\u00e9n\u00e9r\u00e9e, de la patience, de la lib\u00e9ration de l&#039;agitation et des explosions, seulement le calme y est une alliance que j&#039;ai scell\u00e9 avec de l&#039;amour; de la grandeur de Dieu ne sera jamais vous apporter retard, si, en vertu vient le temps de sortir de ce monde...<\/p>\n\n\n\n<p class=\"has-black-color has-text-color has-link-color has-small-font-size wp-elements-174aaea186178d18d9b3e0a3e1d1df67\">Et n&#039;est pas le travail de stupide que vous Teresa dit, comme la voix de Dieu est exprim\u00e9 pour adoucir votre chagrin, ce fr\u00e8re d&#039;obtenir de Dieu par le fait de vivre et d&#039;aimer.<\/p>\n\n\n\n<p><\/p>\n\n\n\n<p><strong>Th\u00e9r\u00e8se de J\u00e9sus<\/strong><\/p>\n\n\n\n<p><em>Psicografiado par Antonio Hernandez Lozano<\/em><\/p>\n\n\n\n<p><\/p>\n\n\n\n<p><\/p>\n\n\n\n<p><\/p>\n<\/div><\/div>","protected":false},"excerpt":{"rendered":"<p>Brioso Corcel \u00bfPor qu\u00e9 no voy a ser yo la que incentiva el amor que cual canto hacia mi Dios elevas cada ma\u00f1ana? Si es lo que tu alma emana dando en justo beneficio, a esa dulce y viva llama que alumbra y nunca quemara, por ser fuego divino y santo. Pero yo te quiero [&hellip;]<\/p>","protected":false},"author":1,"featured_media":4990,"parent":0,"menu_order":0,"comment_status":"closed","ping_status":"closed","template":"","meta":{"_uag_custom_page_level_css":"","site-sidebar-layout":"default","site-content-layout":"","ast-site-content-layout":"default","site-content-style":"default","site-sidebar-style":"default","ast-global-header-display":"","ast-banner-title-visibility":"","ast-main-header-display":"","ast-hfb-above-header-display":"","ast-hfb-below-header-display":"","ast-hfb-mobile-header-display":"","site-post-title":"","ast-breadcrumbs-content":"","ast-featured-img":"","footer-sml-layout":"","theme-transparent-header-meta":"","adv-header-id-meta":"","stick-header-meta":"","header-above-stick-meta":"","header-main-stick-meta":"","header-below-stick-meta":"","astra-migrate-meta-layouts":"set","ast-page-background-enabled":"default","ast-page-background-meta":{"desktop":{"background-color":"var(--ast-global-color-4)","background-image":"","background-repeat":"repeat","background-position":"center center","background-size":"auto","background-attachment":"scroll","background-type":"","background-media":"","overlay-type":"","overlay-color":"","overlay-opacity":"","overlay-gradient":""},"tablet":{"background-color":"","background-image":"","background-repeat":"repeat","background-position":"center center","background-size":"auto","background-attachment":"scroll","background-type":"","background-media":"","overlay-type":"","overlay-color":"","overlay-opacity":"","overlay-gradient":""},"mobile":{"background-color":"","background-image":"","background-repeat":"repeat","background-position":"center center","background-size":"auto","background-attachment":"scroll","background-type":"","background-media":"","overlay-type":"","overlay-color":"","overlay-opacity":"","overlay-gradient":""}},"ast-content-background-meta":{"desktop":{"background-color":"var(--ast-global-color-5)","background-image":"","background-repeat":"repeat","background-position":"center center","background-size":"auto","background-attachment":"scroll","background-type":"","background-media":"","overlay-type":"","overlay-color":"","overlay-opacity":"","overlay-gradient":""},"tablet":{"background-color":"var(--ast-global-color-5)","background-image":"","background-repeat":"repeat","background-position":"center center","background-size":"auto","background-attachment":"scroll","background-type":"","background-media":"","overlay-type":"","overlay-color":"","overlay-opacity":"","overlay-gradient":""},"mobile":{"background-color":"var(--ast-global-color-5)","background-image":"","background-repeat":"repeat","background-position":"center center","background-size":"auto","background-attachment":"scroll","background-type":"","background-media":"","overlay-type":"","overlay-color":"","overlay-opacity":"","overlay-gradient":""}},"footnotes":""},"class_list":["post-4986","page","type-page","status-publish","has-post-thumbnail","hentry"],"yoast_head":"<!-- This site is optimized with the Yoast SEO Premium plugin v24.2 (Yoast SEO v24.6) - https:\/\/yoast.com\/wordpress\/plugins\/seo\/ -->\n<title>Brioso Corcel - Uni\u00f3n Esp\u00edrita<\/title>\n<meta name=\"robots\" content=\"index, follow, max-snippet:-1, max-image-preview:large, max-video-preview:-1\" \/>\n<link rel=\"canonical\" href=\"https:\/\/nuevo-renacer.com\/fr\/brioso-corcel-teresa-de-jesus\/\" \/>\n<meta property=\"og:locale\" content=\"fr_FR\" \/>\n<meta property=\"og:type\" content=\"article\" \/>\n<meta property=\"og:title\" content=\"Brioso Corcel\" \/>\n<meta property=\"og:description\" content=\"Brioso Corcel \u00bfPor qu\u00e9 no voy a ser yo la que incentiva el amor que cual canto hacia mi Dios elevas cada ma\u00f1ana? Si es lo que tu alma emana dando en justo beneficio, a esa dulce y viva llama que alumbra y nunca quemara, por ser fuego divino y santo. Pero yo te quiero [&hellip;]\" \/>\n<meta property=\"og:url\" content=\"https:\/\/nuevo-renacer.com\/fr\/brioso-corcel-teresa-de-jesus\/\" \/>\n<meta property=\"og:site_name\" content=\"Uni\u00f3n Esp\u00edrita\" \/>\n<meta property=\"article:publisher\" content=\"https:\/\/www.facebook.com\/groups\/3431398063740829\" \/>\n<meta property=\"article:modified_time\" content=\"2024-09-15T08:56:56+00:00\" \/>\n<meta property=\"og:image\" content=\"https:\/\/nuevo-renacer.com\/wp-content\/uploads\/2024\/09\/feuriges-ross.webp\" \/>\n\t<meta property=\"og:image:width\" content=\"800\" \/>\n\t<meta property=\"og:image:height\" content=\"800\" \/>\n\t<meta property=\"og:image:type\" content=\"image\/webp\" \/>\n<meta name=\"twitter:card\" content=\"summary_large_image\" \/>\n<meta name=\"twitter:label1\" content=\"Dur\u00e9e de lecture estim\u00e9e\" \/>\n\t<meta name=\"twitter:data1\" content=\"2 minutes\" \/>\n<script type=\"application\/ld+json\" class=\"yoast-schema-graph\">{\"@context\":\"https:\/\/schema.org\",\"@graph\":[{\"@type\":\"WebPage\",\"@id\":\"https:\/\/nuevo-renacer.com\/brioso-corcel-teresa-de-jesus\/\",\"url\":\"https:\/\/nuevo-renacer.com\/brioso-corcel-teresa-de-jesus\/\",\"name\":\"Brioso Corcel - Uni\u00f3n Esp\u00edrita\",\"isPartOf\":{\"@id\":\"https:\/\/nuevo-renacer.com\/#website\"},\"primaryImageOfPage\":{\"@id\":\"https:\/\/nuevo-renacer.com\/brioso-corcel-teresa-de-jesus\/#primaryimage\"},\"image\":{\"@id\":\"https:\/\/nuevo-renacer.com\/brioso-corcel-teresa-de-jesus\/#primaryimage\"},\"thumbnailUrl\":\"https:\/\/nuevo-renacer.com\/wp-content\/uploads\/2024\/09\/feuriges-ross.webp\",\"datePublished\":\"2024-09-14T17:17:34+00:00\",\"dateModified\":\"2024-09-15T08:56:56+00:00\",\"breadcrumb\":{\"@id\":\"https:\/\/nuevo-renacer.com\/brioso-corcel-teresa-de-jesus\/#breadcrumb\"},\"inLanguage\":\"fr-FR\",\"potentialAction\":[{\"@type\":\"ReadAction\",\"target\":[\"https:\/\/nuevo-renacer.com\/brioso-corcel-teresa-de-jesus\/\"]}]},{\"@type\":\"ImageObject\",\"inLanguage\":\"fr-FR\",\"@id\":\"https:\/\/nuevo-renacer.com\/brioso-corcel-teresa-de-jesus\/#primaryimage\",\"url\":\"https:\/\/nuevo-renacer.com\/wp-content\/uploads\/2024\/09\/feuriges-ross.webp\",\"contentUrl\":\"https:\/\/nuevo-renacer.com\/wp-content\/uploads\/2024\/09\/feuriges-ross.webp\",\"width\":800,\"height\":800},{\"@type\":\"BreadcrumbList\",\"@id\":\"https:\/\/nuevo-renacer.com\/brioso-corcel-teresa-de-jesus\/#breadcrumb\",\"itemListElement\":[{\"@type\":\"ListItem\",\"position\":1,\"name\":\"Startseite\",\"item\":\"https:\/\/nuevo-renacer.com\/\"},{\"@type\":\"ListItem\",\"position\":2,\"name\":\"Brioso Corcel\"}]},{\"@type\":\"WebSite\",\"@id\":\"https:\/\/nuevo-renacer.com\/#website\",\"url\":\"https:\/\/nuevo-renacer.com\/\",\"name\":\"Uni\u00f3n Esp\u00edrita\",\"description\":\"Nuevo Renacer\",\"publisher\":{\"@id\":\"https:\/\/nuevo-renacer.com\/#organization\"},\"potentialAction\":[{\"@type\":\"SearchAction\",\"target\":{\"@type\":\"EntryPoint\",\"urlTemplate\":\"https:\/\/nuevo-renacer.com\/?s={search_term_string}\"},\"query-input\":{\"@type\":\"PropertyValueSpecification\",\"valueRequired\":true,\"valueName\":\"search_term_string\"}}],\"inLanguage\":\"fr-FR\"},{\"@type\":\"Organization\",\"@id\":\"https:\/\/nuevo-renacer.com\/#organization\",\"name\":\"UFEC\",\"url\":\"https:\/\/nuevo-renacer.com\/\",\"logo\":{\"@type\":\"ImageObject\",\"inLanguage\":\"fr-FR\",\"@id\":\"https:\/\/nuevo-renacer.com\/#\/schema\/logo\/image\/\",\"url\":\"https:\/\/nuevo-renacer.com\/wp-content\/uploads\/2024\/05\/cropped-LOGO-TERMINADO1-3-3.png\",\"contentUrl\":\"https:\/\/nuevo-renacer.com\/wp-content\/uploads\/2024\/05\/cropped-LOGO-TERMINADO1-3-3.png\",\"width\":512,\"height\":512,\"caption\":\"UFEC\"},\"image\":{\"@id\":\"https:\/\/nuevo-renacer.com\/#\/schema\/logo\/image\/\"},\"sameAs\":[\"https:\/\/www.facebook.com\/groups\/3431398063740829\"]}]}<\/script>\n<!-- \/ Yoast SEO Premium plugin. -->","yoast_head_json":{"title":"Brioso Corcel - Uni\u00f3n Esp\u00edrita","robots":{"index":"index","follow":"follow","max-snippet":"max-snippet:-1","max-image-preview":"max-image-preview:large","max-video-preview":"max-video-preview:-1"},"canonical":"https:\/\/nuevo-renacer.com\/fr\/brioso-corcel-teresa-de-jesus\/","og_locale":"fr_FR","og_type":"article","og_title":"Brioso Corcel","og_description":"Brioso Corcel \u00bfPor qu\u00e9 no voy a ser yo la que incentiva el amor que cual canto hacia mi Dios elevas cada ma\u00f1ana? Si es lo que tu alma emana dando en justo beneficio, a esa dulce y viva llama que alumbra y nunca quemara, por ser fuego divino y santo. Pero yo te quiero [&hellip;]","og_url":"https:\/\/nuevo-renacer.com\/fr\/brioso-corcel-teresa-de-jesus\/","og_site_name":"Uni\u00f3n Esp\u00edrita","article_publisher":"https:\/\/www.facebook.com\/groups\/3431398063740829","article_modified_time":"2024-09-15T08:56:56+00:00","og_image":[{"width":800,"height":800,"url":"https:\/\/nuevo-renacer.com\/wp-content\/uploads\/2024\/09\/feuriges-ross.webp","type":"image\/webp"}],"twitter_card":"summary_large_image","twitter_misc":{"Dur\u00e9e de lecture estim\u00e9e":"2 minutes"},"schema":{"@context":"https:\/\/schema.org","@graph":[{"@type":"WebPage","@id":"https:\/\/nuevo-renacer.com\/brioso-corcel-teresa-de-jesus\/","url":"https:\/\/nuevo-renacer.com\/brioso-corcel-teresa-de-jesus\/","name":"Brioso Corcel - Uni\u00f3n Esp\u00edrita","isPartOf":{"@id":"https:\/\/nuevo-renacer.com\/#website"},"primaryImageOfPage":{"@id":"https:\/\/nuevo-renacer.com\/brioso-corcel-teresa-de-jesus\/#primaryimage"},"image":{"@id":"https:\/\/nuevo-renacer.com\/brioso-corcel-teresa-de-jesus\/#primaryimage"},"thumbnailUrl":"https:\/\/nuevo-renacer.com\/wp-content\/uploads\/2024\/09\/feuriges-ross.webp","datePublished":"2024-09-14T17:17:34+00:00","dateModified":"2024-09-15T08:56:56+00:00","breadcrumb":{"@id":"https:\/\/nuevo-renacer.com\/brioso-corcel-teresa-de-jesus\/#breadcrumb"},"inLanguage":"fr-FR","potentialAction":[{"@type":"ReadAction","target":["https:\/\/nuevo-renacer.com\/brioso-corcel-teresa-de-jesus\/"]}]},{"@type":"ImageObject","inLanguage":"fr-FR","@id":"https:\/\/nuevo-renacer.com\/brioso-corcel-teresa-de-jesus\/#primaryimage","url":"https:\/\/nuevo-renacer.com\/wp-content\/uploads\/2024\/09\/feuriges-ross.webp","contentUrl":"https:\/\/nuevo-renacer.com\/wp-content\/uploads\/2024\/09\/feuriges-ross.webp","width":800,"height":800},{"@type":"BreadcrumbList","@id":"https:\/\/nuevo-renacer.com\/brioso-corcel-teresa-de-jesus\/#breadcrumb","itemListElement":[{"@type":"ListItem","position":1,"name":"Startseite","item":"https:\/\/nuevo-renacer.com\/"},{"@type":"ListItem","position":2,"name":"Brioso Corcel"}]},{"@type":"WebSite","@id":"https:\/\/nuevo-renacer.com\/#website","url":"https:\/\/nuevo-renacer.com\/","name":"Uni\u00f3n Esp\u00edrita","description":"Nuevo Renacer","publisher":{"@id":"https:\/\/nuevo-renacer.com\/#organization"},"potentialAction":[{"@type":"SearchAction","target":{"@type":"EntryPoint","urlTemplate":"https:\/\/nuevo-renacer.com\/?s={search_term_string}"},"query-input":{"@type":"PropertyValueSpecification","valueRequired":true,"valueName":"search_term_string"}}],"inLanguage":"fr-FR"},{"@type":"Organization","@id":"https:\/\/nuevo-renacer.com\/#organization","name":"UFEC","url":"https:\/\/nuevo-renacer.com\/","logo":{"@type":"ImageObject","inLanguage":"fr-FR","@id":"https:\/\/nuevo-renacer.com\/#\/schema\/logo\/image\/","url":"https:\/\/nuevo-renacer.com\/wp-content\/uploads\/2024\/05\/cropped-LOGO-TERMINADO1-3-3.png","contentUrl":"https:\/\/nuevo-renacer.com\/wp-content\/uploads\/2024\/05\/cropped-LOGO-TERMINADO1-3-3.png","width":512,"height":512,"caption":"UFEC"},"image":{"@id":"https:\/\/nuevo-renacer.com\/#\/schema\/logo\/image\/"},"sameAs":["https:\/\/www.facebook.com\/groups\/3431398063740829"]}]}},"uagb_featured_image_src":{"full":["https:\/\/nuevo-renacer.com\/wp-content\/uploads\/2024\/09\/feuriges-ross.webp",800,800,false],"thumbnail":["https:\/\/nuevo-renacer.com\/wp-content\/uploads\/2024\/09\/feuriges-ross-150x150.webp",150,150,true],"medium":["https:\/\/nuevo-renacer.com\/wp-content\/uploads\/2024\/09\/feuriges-ross-300x300.webp",300,300,true],"medium_large":["https:\/\/nuevo-renacer.com\/wp-content\/uploads\/2024\/09\/feuriges-ross-768x768.webp",768,768,true],"large":["https:\/\/nuevo-renacer.com\/wp-content\/uploads\/2024\/09\/feuriges-ross.webp",800,800,false],"1536x1536":["https:\/\/nuevo-renacer.com\/wp-content\/uploads\/2024\/09\/feuriges-ross.webp",800,800,false],"2048x2048":["https:\/\/nuevo-renacer.com\/wp-content\/uploads\/2024\/09\/feuriges-ross.webp",800,800,false],"trp-custom-language-flag":["https:\/\/nuevo-renacer.com\/wp-content\/uploads\/2024\/09\/feuriges-ross-12x12.webp",12,12,true]},"uagb_author_info":{"display_name":"adbv0","author_link":"https:\/\/nuevo-renacer.com\/fr\/author\/adbv0\/"},"uagb_comment_info":0,"uagb_excerpt":"Brioso Corcel \u00bfPor qu\u00e9 no voy a ser yo la que incentiva el amor que cual canto hacia mi Dios elevas cada ma\u00f1ana? Si es lo que tu alma emana dando en justo beneficio, a esa dulce y viva llama que alumbra y nunca quemara, por ser fuego divino y santo. Pero yo te quiero\u2026","jetpack_sharing_enabled":true,"_links":{"self":[{"href":"https:\/\/nuevo-renacer.com\/fr\/wp-json\/wp\/v2\/pages\/4986","targetHints":{"allow":["GET"]}}],"collection":[{"href":"https:\/\/nuevo-renacer.com\/fr\/wp-json\/wp\/v2\/pages"}],"about":[{"href":"https:\/\/nuevo-renacer.com\/fr\/wp-json\/wp\/v2\/types\/page"}],"author":[{"embeddable":true,"href":"https:\/\/nuevo-renacer.com\/fr\/wp-json\/wp\/v2\/users\/1"}],"replies":[{"embeddable":true,"href":"https:\/\/nuevo-renacer.com\/fr\/wp-json\/wp\/v2\/comments?post=4986"}],"version-history":[{"count":5,"href":"https:\/\/nuevo-renacer.com\/fr\/wp-json\/wp\/v2\/pages\/4986\/revisions"}],"predecessor-version":[{"id":5069,"href":"https:\/\/nuevo-renacer.com\/fr\/wp-json\/wp\/v2\/pages\/4986\/revisions\/5069"}],"wp:featuredmedia":[{"embeddable":true,"href":"https:\/\/nuevo-renacer.com\/fr\/wp-json\/wp\/v2\/media\/4990"}],"wp:attachment":[{"href":"https:\/\/nuevo-renacer.com\/fr\/wp-json\/wp\/v2\/media?parent=4986"}],"curies":[{"name":"wp","href":"https:\/\/api.w.org\/{rel}","templated":true}]}}