{"id":4970,"date":"2024-09-14T12:41:29","date_gmt":"2024-09-14T12:41:29","guid":{"rendered":"https:\/\/nuevo-renacer.com\/?page_id=4970"},"modified":"2024-09-14T12:53:13","modified_gmt":"2024-09-14T12:53:13","slug":"evidencias-sobre-la-mediumnidad-el-don-de-lenguas","status":"publish","type":"page","link":"https:\/\/nuevo-renacer.com\/fr\/evidencias-sobre-la-mediumnidad-el-don-de-lenguas\/","title":{"rendered":"Evidencias sobre la Mediumnidad: El Don de Lenguas"},"content":{"rendered":"<div class=\"wp-block-uagb-container uagb-block-53e1df92 alignfull uagb-is-root-container\"><div class=\"uagb-container-inner-blocks-wrap\">\n<p class=\"has-black-color has-text-color has-link-color has-medium-font-size wp-elements-84fe19732c46ea5f7d48af0530398528\"><strong>Evidencias sobre la Mediumnidad: El Don de Lenguas<\/strong><\/p>\n<\/div><\/div>\n\n\n\n<div class=\"wp-block-uagb-container uagb-block-39e2cc65 alignfull uagb-is-root-container\"><div class=\"uagb-container-inner-blocks-wrap\">\n<figure class=\"wp-block-image size-full is-resized\"><img fetchpriority=\"high\" decoding=\"async\" width=\"612\" height=\"418\" src=\"https:\/\/nuevo-renacer.com\/wp-content\/uploads\/2024\/09\/istockphoto-1367728606-612x612-1.jpg\" alt=\"\" class=\"wp-image-4975\" style=\"width:572px;height:auto\" srcset=\"https:\/\/nuevo-renacer.com\/wp-content\/uploads\/2024\/09\/istockphoto-1367728606-612x612-1.jpg 612w, https:\/\/nuevo-renacer.com\/wp-content\/uploads\/2024\/09\/istockphoto-1367728606-612x612-1-300x205.jpg 300w, https:\/\/nuevo-renacer.com\/wp-content\/uploads\/2024\/09\/istockphoto-1367728606-612x612-1-18x12.jpg 18w\" sizes=\"(max-width: 612px) 100vw, 612px\" \/><\/figure>\n<\/div><\/div>\n\n\n\n<div class=\"wp-block-uagb-container uagb-block-159dc848 alignfull uagb-is-root-container\"><div class=\"uagb-container-inner-blocks-wrap\"><\/div><\/div>\n\n\n\n<div class=\"wp-block-uagb-container uagb-block-15ba58c7 alignfull uagb-is-root-container\"><div class=\"uagb-container-inner-blocks-wrap\">\n<p class=\"has-black-color has-text-color has-link-color has-small-font-size wp-elements-4702b115e146447fe4b181ec7708ad4c\">Varios fueron los amigos que me insistieron en que hablara sobre los vestigios que se podr\u00edan encontrar en la Biblia sobre los m\u00e9diums, y bien, como podremos comprobar, tanto en los libros del Viejo como del Nuevo Testamento, hay varios cap\u00edtulos y vers\u00edculos que se refieren, sin duda alguna, a las manifestaciones medi\u00famnicas.<\/p>\n\n\n\n<p class=\"has-black-color has-text-color has-link-color has-small-font-size wp-elements-1f0af7d1de66171bfbb8545fe2b3ccab\">Aunque en esta ocasi\u00f3n, dar\u00e9 unas peque\u00f1as pinceladas sobre el tema, me ce\u00f1ir\u00e9 solo a aquellos que tratan sobre el \u201cdon de lenguas\u201d, que despu\u00e9s enumerare, por si alg\u00fan curioso tiene el gusto de buscarlos y profundizar en ellos.<\/p>\n\n\n\n<p class=\"has-black-color has-text-color has-link-color has-small-font-size wp-elements-efd994eae739974a35d77b0a7ed448be\">Queridos todos, los milagros no existen, pero s\u00ed la facultad o capacidad que tienen algunas personas para visionar, escuchar, predecir, curar y, aunque el termino: \u201cechar los demonios del cuerpo\u201d no es el correcto, es posible poder apartar a un esp\u00edritu acoplado a un m\u00e9dium.<\/p>\n\n\n\n<p class=\"has-black-color has-text-color has-link-color has-small-font-size wp-elements-17663edc6b65d115404041d9cf7c074d\">Los esp\u00edritus, dependiendo del grado de elevaci\u00f3n que tengan, vienen a \u00e9l, para dar un mensaje, un testimonio a nivel general o familiar, a comunicar cosas futuras o, en busca de ayuda, ya que la mayor\u00eda de ellos no suelen tener conciencia de haber fallecido y, aunque los hay que la tienen, no son capaces de elevarse por sus apegos al mundo que les perteneci\u00f3.<\/p>\n\n\n\n<p class=\"has-black-color has-text-color has-link-color has-small-font-size wp-elements-b47555d34b82e8867f6171e981a34955\">En el caso concreto de los supuestos demonios que, como tal no existen, debemos de hablarles siempre con amor, con la intenci\u00f3n de encauzarles para que se eleven a la Luz, dejando el mundo f\u00edsico al cual ya no pertenecen, cesando as\u00ed la angustia y la coacci\u00f3n que ejerc\u00edan sobre la persona en su acoplamiento. As\u00ed, es como hac\u00edan los Ap\u00f3stoles de Jes\u00fas con los supuestos endemoniados: elevar preces por ellos e incluso, haci\u00e9ndoles imposici\u00f3n de manos sobre sus cabezas.<\/p>\n\n\n\n<p class=\"has-black-color has-text-color has-link-color has-small-font-size wp-elements-250043b29833088f85d9b7542c72730f\">Jes\u00fas fue la mediumnidad de las mediumnidades, fue un ser maravilloso y entra\u00f1able que, en su misi\u00f3n, dej\u00f3 en nuestro mundo las ense\u00f1anzas del Cristo Planetario. S\u00e9 que habr\u00e9is escuchado muchas veces referirse a \u00e9l como Jesucristo, pero yo os puedo asegurar de que se trata de dos entidades distintas. El Cristo, es el Gobernador Espiritual del planeta Tierra, y Jes\u00fas, su embajador entre los hombres, portavoz de su palabra y ense\u00f1anzas.<\/p>\n\n\n\n<p class=\"has-black-color has-text-color has-link-color has-small-font-size wp-elements-c1926789c9b9c12bffd1b7eee2e67072\">Veremos que tal y como hac\u00eda Jes\u00fas, en sus supuestos milagros, y digo supuestos, porque como tal no existieron, pues como se ha demostrado, los m\u00e9diums de efectos f\u00edsicos, pod\u00edan hacer igual que \u00e9l hizo en su tiempo. En uno de los pr\u00f3ximos textos espirituales, os hablare de un Jes\u00fas que, a estas alturas del siglo XXI, sigue siendo el gran desconocido para muchos.<\/p>\n\n\n\n<p class=\"has-black-color has-text-color has-link-color has-small-font-size wp-elements-58af95063e32df612dd77a0ca22a88a1\">Tampoco es correcta la palabra posesi\u00f3n, nadie posee a nadie, el esp\u00edritu se acopla a una mediumnidad abrazando sus centros vitales o chacras que utiliza a su antojo, siempre y cuando esta sea una mediumnidad incipiente y no sepa ni domine su propia voluntad, dej\u00e1ndose arrastrar por las perniciosas influencias del ser que se acerque a \u00e9l, con no muy buenas intenciones.<\/p>\n\n\n\n<p class=\"has-black-color has-text-color has-link-color has-small-font-size wp-elements-2a2f57dfa3fca1419c8779574bd6aa52\">Bien, como os dije al principio, iremos desgranando sus m\u00faltiples facetas, para que a cada paso que demos, el tema sea m\u00e1s comprensible y familiar para todos. Ahora vemos el caso que hoy nos ocupa sobre \u201cEl don de lenguas\u201d, reflejado en el Nuevo Testamento:<\/p>\n\n\n\n<p class=\"has-black-color has-text-color has-link-color has-small-font-size wp-elements-9c692fd0b7dd075726ed84810c835914\">Corintios: Cap\u00edtulo 12, vers\u00edculos: 10, 28, 30.<br>Cap\u00edtulo 13, vers\u00edculo 1 y 8.<br>Cap\u00edtulo 14, vers\u00edculos 2, 13, 19, 22, 27 y 39.<br>Hechos de los ap\u00f3stoles: Cap\u00edtulo 2, 6 y 46.<br>Marcos: Cap\u00edtulo 16, vers\u00edculo 17.<br>Judas: Cap\u00edtulo 1, vers\u00edculo 20.<\/p>\n\n\n\n<p class=\"has-black-color has-text-color has-link-color has-small-font-size wp-elements-08cd638d8f3e324299cbb4546052d927\">Es importante saber que, una vez desencarnados, las conversaciones entre esp\u00edritus son telep\u00e1ticas, a trav\u00e9s de la energ\u00eda que emanan, pues no utilizan la voz ni la palabra. Dicho \u201cdon\u201d puede manifestarse de distintas maneras: Una persona con capacidad medi\u00famnica al acercarse el esp\u00edritu, este, le puede hacer hablar o escribir en el leguaje o idioma que, antes de desencarnar, este utilizara en la tierra, es lo que se denomina \u201cxenogloxia\u201d. Suele ocurrir, sobre todo, en m\u00e9diums de efectos f\u00edsicos que nombr\u00e9 anteriormente, llamados as\u00ed, por ser los m\u00e1s capacitados para producir fen\u00f3menos materiales.<\/p>\n\n\n\n<p class=\"has-black-color has-text-color has-link-color has-small-font-size wp-elements-5efd068828a0baca5c37bffa678d5f29\">Tambi\u00e9n se puede dar, a trav\u00e9s de una regresi\u00f3n o, en una sesi\u00f3n de hipnotismo, el llevar al paciente a revivir una vida anterior, que ocurriera en un pa\u00eds distinto al que actualmente vive, y este se expresara en el idioma del lugar al que perteneci\u00f3. Y, a\u00fan hay una tercera v\u00eda, seg\u00fan los \u201cexpertos\u201d, las personas que tiene m\u00faltiple personalidad y en momentos puntuales, pueden hablar en idiomas que, en su presente vida nunca han conocido. Hemos de tener en cuenta que el esp\u00edritu es inmortal, y cuanto aprende en sus anteriores vidas, queda registrado, como si fuese un archivo, y en ciertos momentos, puede aflorar a la persona y expresar cualquier cosa aprendida anteriormente.<\/p>\n\n\n\n<p class=\"has-black-color has-text-color has-link-color has-small-font-size wp-elements-a46b78fa6741ed8e1fafaa928f5a6290\">Sobre esto siempre han existido muchas especulaciones, tanto a favor como en contra, como en todas las cosas que el ser humano no es capaz de controlar, ni sabe c\u00f3mo desentra\u00f1ar, tild\u00e1ndolas de fen\u00f3menos paranormales.<\/p>\n\n\n\n<p class=\"has-black-color has-text-color has-link-color has-small-font-size wp-elements-ca37fb8f07f1bd4c1298846c9217774b\">Como no, al d\u00eda de hoy, la Iglesia cataloga todas estas manifestaciones como cosa del demonio, de hecho, tacha el espiritismo o, como ellos dicen \u201chablar con los muertos\u201d de pecado mortal y lo tiene prohibido. Sin embargo, en el pasado, cualquier persona, hombre o mujer que fuese capaz de manifestar tal o cual \u201cdon\u201d, si pertenec\u00edan a la iglesia, estos eran tomados por santos, ya que lo que ocurr\u00eda a trav\u00e9s de dichas facultades era tildado de \u201cmilagros\u201d y, por ende, estos eran subidos a los altares. Pero cuando esas mismas manifestaciones ocurr\u00edan en personas que no pertenec\u00edan a su credo, eran acusados de brujos o brujas, hac\u00edan pactos con el diablo y de ellos ya se encargaba la \u201cSanta Inquisici\u00f3n\u201d como candidatos a la hoguera o, tortur\u00e1ndoles hasta la muerte, en aras de una confesi\u00f3n, para que los pobres que ca\u00edan en desgracia, renunciaran de satan\u00e1s, y quiz\u00e1 as\u00ed, Dios tuviera misericordia de ellos y se salvaran.<\/p>\n\n\n\n<p class=\"has-black-color has-text-color has-link-color has-small-font-size wp-elements-f2a30fd7eaf3a49714f83e94e97d431d\">Que buena son algunas cosas de la historia, entre ellas, lo que actualmente llaman la hemeroteca, ya que a pesar de los a\u00f1os que pasen, siempre, como el archivo del esp\u00edritu, se puede echar mano de \u00e9l y ponerse al d\u00eda.<\/p>\n\n\n\n<p><\/p>\n\n\n\n<p class=\"has-black-color has-text-color has-link-color has-small-font-size wp-elements-fff1df43faf6e725aa9ec2a91dfe5ce4\"><em>Antonio Hern\u00e1ndez Lozano<\/em><\/p>\n\n\n\n<p class=\"has-black-color has-text-color has-link-color has-small-font-size wp-elements-fda5219e57c5e39af04793b491c56396\"><\/p>\n\n\n\n<p><\/p>\n\n\n\n<p class=\"has-black-color has-text-color has-link-color has-small-font-size wp-elements-fda5219e57c5e39af04793b491c56396\"><\/p>\n<\/div><\/div>","protected":false},"excerpt":{"rendered":"<p>Evidencias sobre la Mediumnidad: El Don de Lenguas Varios fueron los amigos que me insistieron en que hablara sobre los vestigios que se podr\u00edan encontrar en la Biblia sobre los m\u00e9diums, y bien, como podremos comprobar, tanto en los libros del Viejo como del Nuevo Testamento, hay varios cap\u00edtulos y vers\u00edculos que se refieren, sin [&hellip;]<\/p>","protected":false},"author":1,"featured_media":4975,"parent":0,"menu_order":0,"comment_status":"closed","ping_status":"closed","template":"","meta":{"_uag_custom_page_level_css":"","site-sidebar-layout":"default","site-content-layout":"","ast-site-content-layout":"default","site-content-style":"default","site-sidebar-style":"default","ast-global-header-display":"","ast-banner-title-visibility":"","ast-main-header-display":"","ast-hfb-above-header-display":"","ast-hfb-below-header-display":"","ast-hfb-mobile-header-display":"","site-post-title":"","ast-breadcrumbs-content":"","ast-featured-img":"","footer-sml-layout":"","theme-transparent-header-meta":"","adv-header-id-meta":"","stick-header-meta":"","header-above-stick-meta":"","header-main-stick-meta":"","header-below-stick-meta":"","astra-migrate-meta-layouts":"set","ast-page-background-enabled":"default","ast-page-background-meta":{"desktop":{"background-color":"var(--ast-global-color-4)","background-image":"","background-repeat":"repeat","background-position":"center center","background-size":"auto","background-attachment":"scroll","background-type":"","background-media":"","overlay-type":"","overlay-color":"","overlay-opacity":"","overlay-gradient":""},"tablet":{"background-color":"","background-image":"","background-repeat":"repeat","background-position":"center center","background-size":"auto","background-attachment":"scroll","background-type":"","background-media":"","overlay-type":"","overlay-color":"","overlay-opacity":"","overlay-gradient":""},"mobile":{"background-color":"","background-image":"","background-repeat":"repeat","background-position":"center center","background-size":"auto","background-attachment":"scroll","background-type":"","background-media":"","overlay-type":"","overlay-color":"","overlay-opacity":"","overlay-gradient":""}},"ast-content-background-meta":{"desktop":{"background-color":"var(--ast-global-color-5)","background-image":"","background-repeat":"repeat","background-position":"center center","background-size":"auto","background-attachment":"scroll","background-type":"","background-media":"","overlay-type":"","overlay-color":"","overlay-opacity":"","overlay-gradient":""},"tablet":{"background-color":"var(--ast-global-color-5)","background-image":"","background-repeat":"repeat","background-position":"center center","background-size":"auto","background-attachment":"scroll","background-type":"","background-media":"","overlay-type":"","overlay-color":"","overlay-opacity":"","overlay-gradient":""},"mobile":{"background-color":"var(--ast-global-color-5)","background-image":"","background-repeat":"repeat","background-position":"center center","background-size":"auto","background-attachment":"scroll","background-type":"","background-media":"","overlay-type":"","overlay-color":"","overlay-opacity":"","overlay-gradient":""}},"footnotes":""},"class_list":["post-4970","page","type-page","status-publish","has-post-thumbnail","hentry"],"yoast_head":"<!-- This site is optimized with the Yoast SEO Premium plugin v24.2 (Yoast SEO v24.6) - https:\/\/yoast.com\/wordpress\/plugins\/seo\/ -->\n<title>Evidencias sobre la Mediumnidad: El Don de Lenguas - Uni\u00f3n Esp\u00edrita<\/title>\n<meta name=\"robots\" content=\"index, follow, max-snippet:-1, max-image-preview:large, max-video-preview:-1\" \/>\n<link rel=\"canonical\" href=\"https:\/\/nuevo-renacer.com\/fr\/evidencias-sobre-la-mediumnidad-el-don-de-lenguas\/\" \/>\n<meta property=\"og:locale\" content=\"fr_FR\" \/>\n<meta property=\"og:type\" content=\"article\" \/>\n<meta property=\"og:title\" content=\"Evidencias sobre la Mediumnidad: El Don de Lenguas\" \/>\n<meta property=\"og:description\" content=\"Evidencias sobre la Mediumnidad: El Don de Lenguas Varios fueron los amigos que me insistieron en que hablara sobre los vestigios que se podr\u00edan encontrar en la Biblia sobre los m\u00e9diums, y bien, como podremos comprobar, tanto en los libros del Viejo como del Nuevo Testamento, hay varios cap\u00edtulos y vers\u00edculos que se refieren, sin [&hellip;]\" \/>\n<meta property=\"og:url\" content=\"https:\/\/nuevo-renacer.com\/fr\/evidencias-sobre-la-mediumnidad-el-don-de-lenguas\/\" \/>\n<meta property=\"og:site_name\" content=\"Uni\u00f3n Esp\u00edrita\" \/>\n<meta property=\"article:publisher\" content=\"https:\/\/www.facebook.com\/groups\/3431398063740829\" \/>\n<meta property=\"article:modified_time\" content=\"2024-09-14T12:53:13+00:00\" \/>\n<meta property=\"og:image\" content=\"https:\/\/nuevo-renacer.com\/wp-content\/uploads\/2024\/09\/istockphoto-1367728606-612x612-1.jpg\" \/>\n\t<meta property=\"og:image:width\" content=\"612\" \/>\n\t<meta property=\"og:image:height\" content=\"418\" \/>\n\t<meta property=\"og:image:type\" content=\"image\/jpeg\" \/>\n<meta name=\"twitter:card\" content=\"summary_large_image\" \/>\n<meta name=\"twitter:label1\" content=\"Dur\u00e9e de lecture estim\u00e9e\" \/>\n\t<meta name=\"twitter:data1\" content=\"5 minutes\" \/>\n<script type=\"application\/ld+json\" class=\"yoast-schema-graph\">{\"@context\":\"https:\/\/schema.org\",\"@graph\":[{\"@type\":\"WebPage\",\"@id\":\"https:\/\/nuevo-renacer.com\/evidencias-sobre-la-mediumnidad-el-don-de-lenguas\/\",\"url\":\"https:\/\/nuevo-renacer.com\/evidencias-sobre-la-mediumnidad-el-don-de-lenguas\/\",\"name\":\"Evidencias sobre la Mediumnidad: El Don de Lenguas - Uni\u00f3n Esp\u00edrita\",\"isPartOf\":{\"@id\":\"https:\/\/nuevo-renacer.com\/#website\"},\"primaryImageOfPage\":{\"@id\":\"https:\/\/nuevo-renacer.com\/evidencias-sobre-la-mediumnidad-el-don-de-lenguas\/#primaryimage\"},\"image\":{\"@id\":\"https:\/\/nuevo-renacer.com\/evidencias-sobre-la-mediumnidad-el-don-de-lenguas\/#primaryimage\"},\"thumbnailUrl\":\"https:\/\/nuevo-renacer.com\/wp-content\/uploads\/2024\/09\/istockphoto-1367728606-612x612-1.jpg\",\"datePublished\":\"2024-09-14T12:41:29+00:00\",\"dateModified\":\"2024-09-14T12:53:13+00:00\",\"breadcrumb\":{\"@id\":\"https:\/\/nuevo-renacer.com\/evidencias-sobre-la-mediumnidad-el-don-de-lenguas\/#breadcrumb\"},\"inLanguage\":\"fr-FR\",\"potentialAction\":[{\"@type\":\"ReadAction\",\"target\":[\"https:\/\/nuevo-renacer.com\/evidencias-sobre-la-mediumnidad-el-don-de-lenguas\/\"]}]},{\"@type\":\"ImageObject\",\"inLanguage\":\"fr-FR\",\"@id\":\"https:\/\/nuevo-renacer.com\/evidencias-sobre-la-mediumnidad-el-don-de-lenguas\/#primaryimage\",\"url\":\"https:\/\/nuevo-renacer.com\/wp-content\/uploads\/2024\/09\/istockphoto-1367728606-612x612-1.jpg\",\"contentUrl\":\"https:\/\/nuevo-renacer.com\/wp-content\/uploads\/2024\/09\/istockphoto-1367728606-612x612-1.jpg\",\"width\":612,\"height\":418},{\"@type\":\"BreadcrumbList\",\"@id\":\"https:\/\/nuevo-renacer.com\/evidencias-sobre-la-mediumnidad-el-don-de-lenguas\/#breadcrumb\",\"itemListElement\":[{\"@type\":\"ListItem\",\"position\":1,\"name\":\"Startseite\",\"item\":\"https:\/\/nuevo-renacer.com\/\"},{\"@type\":\"ListItem\",\"position\":2,\"name\":\"Evidencias sobre la Mediumnidad: El Don de Lenguas\"}]},{\"@type\":\"WebSite\",\"@id\":\"https:\/\/nuevo-renacer.com\/#website\",\"url\":\"https:\/\/nuevo-renacer.com\/\",\"name\":\"Uni\u00f3n Esp\u00edrita\",\"description\":\"Nuevo Renacer\",\"publisher\":{\"@id\":\"https:\/\/nuevo-renacer.com\/#organization\"},\"potentialAction\":[{\"@type\":\"SearchAction\",\"target\":{\"@type\":\"EntryPoint\",\"urlTemplate\":\"https:\/\/nuevo-renacer.com\/?s={search_term_string}\"},\"query-input\":{\"@type\":\"PropertyValueSpecification\",\"valueRequired\":true,\"valueName\":\"search_term_string\"}}],\"inLanguage\":\"fr-FR\"},{\"@type\":\"Organization\",\"@id\":\"https:\/\/nuevo-renacer.com\/#organization\",\"name\":\"UFEC\",\"url\":\"https:\/\/nuevo-renacer.com\/\",\"logo\":{\"@type\":\"ImageObject\",\"inLanguage\":\"fr-FR\",\"@id\":\"https:\/\/nuevo-renacer.com\/#\/schema\/logo\/image\/\",\"url\":\"https:\/\/nuevo-renacer.com\/wp-content\/uploads\/2024\/05\/cropped-LOGO-TERMINADO1-3-3.png\",\"contentUrl\":\"https:\/\/nuevo-renacer.com\/wp-content\/uploads\/2024\/05\/cropped-LOGO-TERMINADO1-3-3.png\",\"width\":512,\"height\":512,\"caption\":\"UFEC\"},\"image\":{\"@id\":\"https:\/\/nuevo-renacer.com\/#\/schema\/logo\/image\/\"},\"sameAs\":[\"https:\/\/www.facebook.com\/groups\/3431398063740829\"]}]}<\/script>\n<!-- \/ Yoast SEO Premium plugin. -->","yoast_head_json":{"title":"Evidencias sobre la Mediumnidad: El Don de Lenguas - Uni\u00f3n Esp\u00edrita","robots":{"index":"index","follow":"follow","max-snippet":"max-snippet:-1","max-image-preview":"max-image-preview:large","max-video-preview":"max-video-preview:-1"},"canonical":"https:\/\/nuevo-renacer.com\/fr\/evidencias-sobre-la-mediumnidad-el-don-de-lenguas\/","og_locale":"fr_FR","og_type":"article","og_title":"Evidencias sobre la Mediumnidad: El Don de Lenguas","og_description":"Evidencias sobre la Mediumnidad: El Don de Lenguas Varios fueron los amigos que me insistieron en que hablara sobre los vestigios que se podr\u00edan encontrar en la Biblia sobre los m\u00e9diums, y bien, como podremos comprobar, tanto en los libros del Viejo como del Nuevo Testamento, hay varios cap\u00edtulos y vers\u00edculos que se refieren, sin [&hellip;]","og_url":"https:\/\/nuevo-renacer.com\/fr\/evidencias-sobre-la-mediumnidad-el-don-de-lenguas\/","og_site_name":"Uni\u00f3n Esp\u00edrita","article_publisher":"https:\/\/www.facebook.com\/groups\/3431398063740829","article_modified_time":"2024-09-14T12:53:13+00:00","og_image":[{"width":612,"height":418,"url":"https:\/\/nuevo-renacer.com\/wp-content\/uploads\/2024\/09\/istockphoto-1367728606-612x612-1.jpg","type":"image\/jpeg"}],"twitter_card":"summary_large_image","twitter_misc":{"Dur\u00e9e de lecture estim\u00e9e":"5 minutes"},"schema":{"@context":"https:\/\/schema.org","@graph":[{"@type":"WebPage","@id":"https:\/\/nuevo-renacer.com\/evidencias-sobre-la-mediumnidad-el-don-de-lenguas\/","url":"https:\/\/nuevo-renacer.com\/evidencias-sobre-la-mediumnidad-el-don-de-lenguas\/","name":"Evidencias sobre la Mediumnidad: El Don de Lenguas - Uni\u00f3n Esp\u00edrita","isPartOf":{"@id":"https:\/\/nuevo-renacer.com\/#website"},"primaryImageOfPage":{"@id":"https:\/\/nuevo-renacer.com\/evidencias-sobre-la-mediumnidad-el-don-de-lenguas\/#primaryimage"},"image":{"@id":"https:\/\/nuevo-renacer.com\/evidencias-sobre-la-mediumnidad-el-don-de-lenguas\/#primaryimage"},"thumbnailUrl":"https:\/\/nuevo-renacer.com\/wp-content\/uploads\/2024\/09\/istockphoto-1367728606-612x612-1.jpg","datePublished":"2024-09-14T12:41:29+00:00","dateModified":"2024-09-14T12:53:13+00:00","breadcrumb":{"@id":"https:\/\/nuevo-renacer.com\/evidencias-sobre-la-mediumnidad-el-don-de-lenguas\/#breadcrumb"},"inLanguage":"fr-FR","potentialAction":[{"@type":"ReadAction","target":["https:\/\/nuevo-renacer.com\/evidencias-sobre-la-mediumnidad-el-don-de-lenguas\/"]}]},{"@type":"ImageObject","inLanguage":"fr-FR","@id":"https:\/\/nuevo-renacer.com\/evidencias-sobre-la-mediumnidad-el-don-de-lenguas\/#primaryimage","url":"https:\/\/nuevo-renacer.com\/wp-content\/uploads\/2024\/09\/istockphoto-1367728606-612x612-1.jpg","contentUrl":"https:\/\/nuevo-renacer.com\/wp-content\/uploads\/2024\/09\/istockphoto-1367728606-612x612-1.jpg","width":612,"height":418},{"@type":"BreadcrumbList","@id":"https:\/\/nuevo-renacer.com\/evidencias-sobre-la-mediumnidad-el-don-de-lenguas\/#breadcrumb","itemListElement":[{"@type":"ListItem","position":1,"name":"Startseite","item":"https:\/\/nuevo-renacer.com\/"},{"@type":"ListItem","position":2,"name":"Evidencias sobre la Mediumnidad: El Don de Lenguas"}]},{"@type":"WebSite","@id":"https:\/\/nuevo-renacer.com\/#website","url":"https:\/\/nuevo-renacer.com\/","name":"Uni\u00f3n Esp\u00edrita","description":"Nuevo Renacer","publisher":{"@id":"https:\/\/nuevo-renacer.com\/#organization"},"potentialAction":[{"@type":"SearchAction","target":{"@type":"EntryPoint","urlTemplate":"https:\/\/nuevo-renacer.com\/?s={search_term_string}"},"query-input":{"@type":"PropertyValueSpecification","valueRequired":true,"valueName":"search_term_string"}}],"inLanguage":"fr-FR"},{"@type":"Organization","@id":"https:\/\/nuevo-renacer.com\/#organization","name":"UFEC","url":"https:\/\/nuevo-renacer.com\/","logo":{"@type":"ImageObject","inLanguage":"fr-FR","@id":"https:\/\/nuevo-renacer.com\/#\/schema\/logo\/image\/","url":"https:\/\/nuevo-renacer.com\/wp-content\/uploads\/2024\/05\/cropped-LOGO-TERMINADO1-3-3.png","contentUrl":"https:\/\/nuevo-renacer.com\/wp-content\/uploads\/2024\/05\/cropped-LOGO-TERMINADO1-3-3.png","width":512,"height":512,"caption":"UFEC"},"image":{"@id":"https:\/\/nuevo-renacer.com\/#\/schema\/logo\/image\/"},"sameAs":["https:\/\/www.facebook.com\/groups\/3431398063740829"]}]}},"uagb_featured_image_src":{"full":["https:\/\/nuevo-renacer.com\/wp-content\/uploads\/2024\/09\/istockphoto-1367728606-612x612-1.jpg",612,418,false],"thumbnail":["https:\/\/nuevo-renacer.com\/wp-content\/uploads\/2024\/09\/istockphoto-1367728606-612x612-1-150x150.jpg",150,150,true],"medium":["https:\/\/nuevo-renacer.com\/wp-content\/uploads\/2024\/09\/istockphoto-1367728606-612x612-1-300x205.jpg",300,205,true],"medium_large":["https:\/\/nuevo-renacer.com\/wp-content\/uploads\/2024\/09\/istockphoto-1367728606-612x612-1.jpg",612,418,false],"large":["https:\/\/nuevo-renacer.com\/wp-content\/uploads\/2024\/09\/istockphoto-1367728606-612x612-1.jpg",612,418,false],"1536x1536":["https:\/\/nuevo-renacer.com\/wp-content\/uploads\/2024\/09\/istockphoto-1367728606-612x612-1.jpg",612,418,false],"2048x2048":["https:\/\/nuevo-renacer.com\/wp-content\/uploads\/2024\/09\/istockphoto-1367728606-612x612-1.jpg",612,418,false],"trp-custom-language-flag":["https:\/\/nuevo-renacer.com\/wp-content\/uploads\/2024\/09\/istockphoto-1367728606-612x612-1-18x12.jpg",18,12,true]},"uagb_author_info":{"display_name":"adbv0","author_link":"https:\/\/nuevo-renacer.com\/fr\/author\/adbv0\/"},"uagb_comment_info":0,"uagb_excerpt":"Evidencias sobre la Mediumnidad: El Don de Lenguas Varios fueron los amigos que me insistieron en que hablara sobre los vestigios que se podr\u00edan encontrar en la Biblia sobre los m\u00e9diums, y bien, como podremos comprobar, tanto en los libros del Viejo como del Nuevo Testamento, hay varios cap\u00edtulos y vers\u00edculos que se refieren, sin\u2026","jetpack_sharing_enabled":true,"_links":{"self":[{"href":"https:\/\/nuevo-renacer.com\/fr\/wp-json\/wp\/v2\/pages\/4970","targetHints":{"allow":["GET"]}}],"collection":[{"href":"https:\/\/nuevo-renacer.com\/fr\/wp-json\/wp\/v2\/pages"}],"about":[{"href":"https:\/\/nuevo-renacer.com\/fr\/wp-json\/wp\/v2\/types\/page"}],"author":[{"embeddable":true,"href":"https:\/\/nuevo-renacer.com\/fr\/wp-json\/wp\/v2\/users\/1"}],"replies":[{"embeddable":true,"href":"https:\/\/nuevo-renacer.com\/fr\/wp-json\/wp\/v2\/comments?post=4970"}],"version-history":[{"count":3,"href":"https:\/\/nuevo-renacer.com\/fr\/wp-json\/wp\/v2\/pages\/4970\/revisions"}],"predecessor-version":[{"id":4976,"href":"https:\/\/nuevo-renacer.com\/fr\/wp-json\/wp\/v2\/pages\/4970\/revisions\/4976"}],"wp:featuredmedia":[{"embeddable":true,"href":"https:\/\/nuevo-renacer.com\/fr\/wp-json\/wp\/v2\/media\/4975"}],"wp:attachment":[{"href":"https:\/\/nuevo-renacer.com\/fr\/wp-json\/wp\/v2\/media?parent=4970"}],"curies":[{"name":"wp","href":"https:\/\/api.w.org\/{rel}","templated":true}]}}