{"id":4684,"date":"2024-09-11T08:41:06","date_gmt":"2024-09-11T08:41:06","guid":{"rendered":"https:\/\/nuevo-renacer.com\/?page_id=4684"},"modified":"2024-09-11T08:52:53","modified_gmt":"2024-09-11T08:52:53","slug":"francisca-suarez-gonzalez","status":"publish","type":"page","link":"https:\/\/nuevo-renacer.com\/fr\/francisca-suarez-gonzalez\/","title":{"rendered":"Francisca Su\u00e1rez Gonz\u00e1lez"},"content":{"rendered":"<div class=\"wp-block-uagb-container uagb-block-572fc246 alignfull uagb-is-root-container\"><div class=\"uagb-container-inner-blocks-wrap\">\n<p class=\"has-black-color has-text-color has-link-color has-medium-font-size wp-elements-fc049383541b24ebd579f13baa7e3cf2\"><span lang=\"EN-US\" style=\"mso-ansi-language:EN-US\"><strong>Francisca Su\u00e1rez Gonz\u00e1lez<\/strong><\/span> <strong>(1861-1925)<\/strong><\/p>\n<\/div><\/div>\n\n\n\n<div class=\"wp-block-uagb-container uagb-block-d5b21b6f alignfull uagb-is-root-container\"><div class=\"uagb-container-inner-blocks-wrap\">\n<figure class=\"wp-block-image size-full is-resized\"><img decoding=\"async\" width=\"193\" height=\"247\" src=\"https:\/\/nuevo-renacer.com\/wp-content\/uploads\/2024\/09\/1-2.png\" alt=\"\" class=\"wp-image-4685\" style=\"width:278px;height:auto\" srcset=\"https:\/\/nuevo-renacer.com\/wp-content\/uploads\/2024\/09\/1-2.png 193w, https:\/\/nuevo-renacer.com\/wp-content\/uploads\/2024\/09\/1-2-9x12.png 9w\" sizes=\"(max-width: 193px) 100vw, 193px\" \/><\/figure>\n<\/div><\/div>\n\n\n\n<div class=\"wp-block-uagb-container uagb-block-56832884 alignfull uagb-is-root-container\"><div class=\"uagb-container-inner-blocks-wrap\">\n<p class=\"has-black-color has-text-color has-link-color has-small-font-size wp-elements-9caf447aa6484588bb21398b90d057b1\">Escritora, espiritista y activista anticlerical, Francisca Su\u00e1rez Gonz\u00e1lez perteneci\u00f3 a la primera promoci\u00f3n de espiritistas puertorrique\u00f1as; un grupo de mujeres educadas, activas en el estudio y en la experimentaci\u00f3n esp\u00edrita. Hija de Antonio Su\u00e1rez y Rafaela Gonz\u00e1lez, natural de San Thomas, Su\u00e1rez era ciega, pero recibi\u00f3 la primera educaci\u00f3n de su madre, quien ejerc\u00eda la profesi\u00f3n de obstetricia, aunque viv\u00edan modestamente. Como Agustina Guffain, Simplicia Armstrong de Ram\u00fa y Dolores Baldoni, perteneci\u00f3 a la junta editorial de El Iris de Paz, una revista esp\u00edrita dirigida por Guffain que se public\u00f3 en Puerto Rico entre 1899-1912. Francisca Su\u00e1rez se destac\u00f3 por la publicaci\u00f3n de dictados de ultratumba. Era m\u00e9dium semimec\u00e1nica y sus obras, publicadas en Puerto Rico, se difundieron por toda la Isla gratuitamente en apoyo de la propaganda esp\u00edrita. Su\u00e1rez estudi\u00f3 y practic\u00f3 el Espiritismo kardeciano. Absolutamente defendi\u00f3 el valor y la dignidad de los pobres y de las mujeres y se entreg\u00f3 con ardor a la parte experimental del Espiritismo. Ayud\u00f3 a sostener y a transformar la sociedad puertorrique\u00f1a durante la transici\u00f3n colonial de Espa\u00f1a a los Estados Unidos, ofreciendo una visi\u00f3n esperanzadora que se bas\u00f3 en una moral esp\u00edrita, racional y equitativa. Con su literatura y escritura period\u00edstica produjo un contra-discurso donde la mujer desempe\u00f1a un rol protag\u00f3nico que promet\u00eda transformar los espacios donde la sociedad puertorrique\u00f1a produc\u00eda sus leyes y sus normas: en la casa, la Iglesia, y el estado\u2026<\/p>\n<\/div><\/div>","protected":false},"excerpt":{"rendered":"<p>Francisca Su\u00e1rez Gonz\u00e1lez (1861-1925) Escritora, espiritista y activista anticlerical, Francisca Su\u00e1rez Gonz\u00e1lez perteneci\u00f3 a la primera promoci\u00f3n de espiritistas puertorrique\u00f1as; un grupo de mujeres educadas, activas en el estudio y en la experimentaci\u00f3n esp\u00edrita. Hija de Antonio Su\u00e1rez y Rafaela Gonz\u00e1lez, natural de San Thomas, Su\u00e1rez era ciega, pero recibi\u00f3 la primera educaci\u00f3n de su [&hellip;]<\/p>","protected":false},"author":1,"featured_media":4685,"parent":0,"menu_order":0,"comment_status":"closed","ping_status":"closed","template":"","meta":{"_uag_custom_page_level_css":"","site-sidebar-layout":"default","site-content-layout":"","ast-site-content-layout":"default","site-content-style":"default","site-sidebar-style":"default","ast-global-header-display":"","ast-banner-title-visibility":"","ast-main-header-display":"","ast-hfb-above-header-display":"","ast-hfb-below-header-display":"","ast-hfb-mobile-header-display":"","site-post-title":"","ast-breadcrumbs-content":"","ast-featured-img":"","footer-sml-layout":"","theme-transparent-header-meta":"","adv-header-id-meta":"","stick-header-meta":"","header-above-stick-meta":"","header-main-stick-meta":"","header-below-stick-meta":"","astra-migrate-meta-layouts":"set","ast-page-background-enabled":"default","ast-page-background-meta":{"desktop":{"background-color":"var(--ast-global-color-4)","background-image":"","background-repeat":"repeat","background-position":"center center","background-size":"auto","background-attachment":"scroll","background-type":"","background-media":"","overlay-type":"","overlay-color":"","overlay-opacity":"","overlay-gradient":""},"tablet":{"background-color":"","background-image":"","background-repeat":"repeat","background-position":"center center","background-size":"auto","background-attachment":"scroll","background-type":"","background-media":"","overlay-type":"","overlay-color":"","overlay-opacity":"","overlay-gradient":""},"mobile":{"background-color":"","background-image":"","background-repeat":"repeat","background-position":"center center","background-size":"auto","background-attachment":"scroll","background-type":"","background-media":"","overlay-type":"","overlay-color":"","overlay-opacity":"","overlay-gradient":""}},"ast-content-background-meta":{"desktop":{"background-color":"var(--ast-global-color-5)","background-image":"","background-repeat":"repeat","background-position":"center center","background-size":"auto","background-attachment":"scroll","background-type":"","background-media":"","overlay-type":"","overlay-color":"","overlay-opacity":"","overlay-gradient":""},"tablet":{"background-color":"var(--ast-global-color-5)","background-image":"","background-repeat":"repeat","background-position":"center center","background-size":"auto","background-attachment":"scroll","background-type":"","background-media":"","overlay-type":"","overlay-color":"","overlay-opacity":"","overlay-gradient":""},"mobile":{"background-color":"var(--ast-global-color-5)","background-image":"","background-repeat":"repeat","background-position":"center center","background-size":"auto","background-attachment":"scroll","background-type":"","background-media":"","overlay-type":"","overlay-color":"","overlay-opacity":"","overlay-gradient":""}},"footnotes":""},"class_list":["post-4684","page","type-page","status-publish","has-post-thumbnail","hentry"],"yoast_head":"<!-- This site is optimized with the Yoast SEO Premium plugin v24.2 (Yoast SEO v24.6) - https:\/\/yoast.com\/wordpress\/plugins\/seo\/ -->\n<title>Francisca Su\u00e1rez Gonz\u00e1lez - Uni\u00f3n Esp\u00edrita<\/title>\n<meta name=\"robots\" content=\"index, follow, max-snippet:-1, max-image-preview:large, max-video-preview:-1\" \/>\n<link rel=\"canonical\" href=\"https:\/\/nuevo-renacer.com\/fr\/francisca-suarez-gonzalez\/\" \/>\n<meta property=\"og:locale\" content=\"fr_FR\" \/>\n<meta property=\"og:type\" content=\"article\" \/>\n<meta property=\"og:title\" content=\"Francisca Su\u00e1rez Gonz\u00e1lez\" \/>\n<meta property=\"og:description\" content=\"Francisca Su\u00e1rez Gonz\u00e1lez (1861-1925) Escritora, espiritista y activista anticlerical, Francisca Su\u00e1rez Gonz\u00e1lez perteneci\u00f3 a la primera promoci\u00f3n de espiritistas puertorrique\u00f1as; un grupo de mujeres educadas, activas en el estudio y en la experimentaci\u00f3n esp\u00edrita. Hija de Antonio Su\u00e1rez y Rafaela Gonz\u00e1lez, natural de San Thomas, Su\u00e1rez era ciega, pero recibi\u00f3 la primera educaci\u00f3n de su [&hellip;]\" \/>\n<meta property=\"og:url\" content=\"https:\/\/nuevo-renacer.com\/fr\/francisca-suarez-gonzalez\/\" \/>\n<meta property=\"og:site_name\" content=\"Uni\u00f3n Esp\u00edrita\" \/>\n<meta property=\"article:publisher\" content=\"https:\/\/www.facebook.com\/groups\/3431398063740829\" \/>\n<meta property=\"article:modified_time\" content=\"2024-09-11T08:52:53+00:00\" \/>\n<meta property=\"og:image\" content=\"https:\/\/nuevo-renacer.com\/wp-content\/uploads\/2024\/09\/1-2.png\" \/>\n\t<meta property=\"og:image:width\" content=\"193\" \/>\n\t<meta property=\"og:image:height\" content=\"247\" \/>\n\t<meta property=\"og:image:type\" content=\"image\/png\" \/>\n<meta name=\"twitter:card\" content=\"summary_large_image\" \/>\n<meta name=\"twitter:label1\" content=\"Dur\u00e9e de lecture estim\u00e9e\" \/>\n\t<meta name=\"twitter:data1\" content=\"1 minute\" \/>\n<script type=\"application\/ld+json\" class=\"yoast-schema-graph\">{\"@context\":\"https:\/\/schema.org\",\"@graph\":[{\"@type\":\"WebPage\",\"@id\":\"https:\/\/nuevo-renacer.com\/francisca-suarez-gonzalez\/\",\"url\":\"https:\/\/nuevo-renacer.com\/francisca-suarez-gonzalez\/\",\"name\":\"Francisca Su\u00e1rez Gonz\u00e1lez - Uni\u00f3n Esp\u00edrita\",\"isPartOf\":{\"@id\":\"https:\/\/nuevo-renacer.com\/#website\"},\"primaryImageOfPage\":{\"@id\":\"https:\/\/nuevo-renacer.com\/francisca-suarez-gonzalez\/#primaryimage\"},\"image\":{\"@id\":\"https:\/\/nuevo-renacer.com\/francisca-suarez-gonzalez\/#primaryimage\"},\"thumbnailUrl\":\"https:\/\/nuevo-renacer.com\/wp-content\/uploads\/2024\/09\/1-2.png\",\"datePublished\":\"2024-09-11T08:41:06+00:00\",\"dateModified\":\"2024-09-11T08:52:53+00:00\",\"breadcrumb\":{\"@id\":\"https:\/\/nuevo-renacer.com\/francisca-suarez-gonzalez\/#breadcrumb\"},\"inLanguage\":\"fr-FR\",\"potentialAction\":[{\"@type\":\"ReadAction\",\"target\":[\"https:\/\/nuevo-renacer.com\/francisca-suarez-gonzalez\/\"]}]},{\"@type\":\"ImageObject\",\"inLanguage\":\"fr-FR\",\"@id\":\"https:\/\/nuevo-renacer.com\/francisca-suarez-gonzalez\/#primaryimage\",\"url\":\"https:\/\/nuevo-renacer.com\/wp-content\/uploads\/2024\/09\/1-2.png\",\"contentUrl\":\"https:\/\/nuevo-renacer.com\/wp-content\/uploads\/2024\/09\/1-2.png\",\"width\":193,\"height\":247},{\"@type\":\"BreadcrumbList\",\"@id\":\"https:\/\/nuevo-renacer.com\/francisca-suarez-gonzalez\/#breadcrumb\",\"itemListElement\":[{\"@type\":\"ListItem\",\"position\":1,\"name\":\"Startseite\",\"item\":\"https:\/\/nuevo-renacer.com\/\"},{\"@type\":\"ListItem\",\"position\":2,\"name\":\"Francisca Su\u00e1rez Gonz\u00e1lez\"}]},{\"@type\":\"WebSite\",\"@id\":\"https:\/\/nuevo-renacer.com\/#website\",\"url\":\"https:\/\/nuevo-renacer.com\/\",\"name\":\"Uni\u00f3n Esp\u00edrita\",\"description\":\"Nuevo Renacer\",\"publisher\":{\"@id\":\"https:\/\/nuevo-renacer.com\/#organization\"},\"potentialAction\":[{\"@type\":\"SearchAction\",\"target\":{\"@type\":\"EntryPoint\",\"urlTemplate\":\"https:\/\/nuevo-renacer.com\/?s={search_term_string}\"},\"query-input\":{\"@type\":\"PropertyValueSpecification\",\"valueRequired\":true,\"valueName\":\"search_term_string\"}}],\"inLanguage\":\"fr-FR\"},{\"@type\":\"Organization\",\"@id\":\"https:\/\/nuevo-renacer.com\/#organization\",\"name\":\"UFEC\",\"url\":\"https:\/\/nuevo-renacer.com\/\",\"logo\":{\"@type\":\"ImageObject\",\"inLanguage\":\"fr-FR\",\"@id\":\"https:\/\/nuevo-renacer.com\/#\/schema\/logo\/image\/\",\"url\":\"https:\/\/nuevo-renacer.com\/wp-content\/uploads\/2024\/05\/cropped-LOGO-TERMINADO1-3-3.png\",\"contentUrl\":\"https:\/\/nuevo-renacer.com\/wp-content\/uploads\/2024\/05\/cropped-LOGO-TERMINADO1-3-3.png\",\"width\":512,\"height\":512,\"caption\":\"UFEC\"},\"image\":{\"@id\":\"https:\/\/nuevo-renacer.com\/#\/schema\/logo\/image\/\"},\"sameAs\":[\"https:\/\/www.facebook.com\/groups\/3431398063740829\"]}]}<\/script>\n<!-- \/ Yoast SEO Premium plugin. -->","yoast_head_json":{"title":"Francisca Su\u00e1rez Gonz\u00e1lez - Uni\u00f3n Esp\u00edrita","robots":{"index":"index","follow":"follow","max-snippet":"max-snippet:-1","max-image-preview":"max-image-preview:large","max-video-preview":"max-video-preview:-1"},"canonical":"https:\/\/nuevo-renacer.com\/fr\/francisca-suarez-gonzalez\/","og_locale":"fr_FR","og_type":"article","og_title":"Francisca Su\u00e1rez Gonz\u00e1lez","og_description":"Francisca Su\u00e1rez Gonz\u00e1lez (1861-1925) Escritora, espiritista y activista anticlerical, Francisca Su\u00e1rez Gonz\u00e1lez perteneci\u00f3 a la primera promoci\u00f3n de espiritistas puertorrique\u00f1as; un grupo de mujeres educadas, activas en el estudio y en la experimentaci\u00f3n esp\u00edrita. Hija de Antonio Su\u00e1rez y Rafaela Gonz\u00e1lez, natural de San Thomas, Su\u00e1rez era ciega, pero recibi\u00f3 la primera educaci\u00f3n de su [&hellip;]","og_url":"https:\/\/nuevo-renacer.com\/fr\/francisca-suarez-gonzalez\/","og_site_name":"Uni\u00f3n Esp\u00edrita","article_publisher":"https:\/\/www.facebook.com\/groups\/3431398063740829","article_modified_time":"2024-09-11T08:52:53+00:00","og_image":[{"width":193,"height":247,"url":"https:\/\/nuevo-renacer.com\/wp-content\/uploads\/2024\/09\/1-2.png","type":"image\/png"}],"twitter_card":"summary_large_image","twitter_misc":{"Dur\u00e9e de lecture estim\u00e9e":"1 minute"},"schema":{"@context":"https:\/\/schema.org","@graph":[{"@type":"WebPage","@id":"https:\/\/nuevo-renacer.com\/francisca-suarez-gonzalez\/","url":"https:\/\/nuevo-renacer.com\/francisca-suarez-gonzalez\/","name":"Francisca Su\u00e1rez Gonz\u00e1lez - Uni\u00f3n Esp\u00edrita","isPartOf":{"@id":"https:\/\/nuevo-renacer.com\/#website"},"primaryImageOfPage":{"@id":"https:\/\/nuevo-renacer.com\/francisca-suarez-gonzalez\/#primaryimage"},"image":{"@id":"https:\/\/nuevo-renacer.com\/francisca-suarez-gonzalez\/#primaryimage"},"thumbnailUrl":"https:\/\/nuevo-renacer.com\/wp-content\/uploads\/2024\/09\/1-2.png","datePublished":"2024-09-11T08:41:06+00:00","dateModified":"2024-09-11T08:52:53+00:00","breadcrumb":{"@id":"https:\/\/nuevo-renacer.com\/francisca-suarez-gonzalez\/#breadcrumb"},"inLanguage":"fr-FR","potentialAction":[{"@type":"ReadAction","target":["https:\/\/nuevo-renacer.com\/francisca-suarez-gonzalez\/"]}]},{"@type":"ImageObject","inLanguage":"fr-FR","@id":"https:\/\/nuevo-renacer.com\/francisca-suarez-gonzalez\/#primaryimage","url":"https:\/\/nuevo-renacer.com\/wp-content\/uploads\/2024\/09\/1-2.png","contentUrl":"https:\/\/nuevo-renacer.com\/wp-content\/uploads\/2024\/09\/1-2.png","width":193,"height":247},{"@type":"BreadcrumbList","@id":"https:\/\/nuevo-renacer.com\/francisca-suarez-gonzalez\/#breadcrumb","itemListElement":[{"@type":"ListItem","position":1,"name":"Startseite","item":"https:\/\/nuevo-renacer.com\/"},{"@type":"ListItem","position":2,"name":"Francisca Su\u00e1rez Gonz\u00e1lez"}]},{"@type":"WebSite","@id":"https:\/\/nuevo-renacer.com\/#website","url":"https:\/\/nuevo-renacer.com\/","name":"Uni\u00f3n Esp\u00edrita","description":"Nuevo Renacer","publisher":{"@id":"https:\/\/nuevo-renacer.com\/#organization"},"potentialAction":[{"@type":"SearchAction","target":{"@type":"EntryPoint","urlTemplate":"https:\/\/nuevo-renacer.com\/?s={search_term_string}"},"query-input":{"@type":"PropertyValueSpecification","valueRequired":true,"valueName":"search_term_string"}}],"inLanguage":"fr-FR"},{"@type":"Organization","@id":"https:\/\/nuevo-renacer.com\/#organization","name":"UFEC","url":"https:\/\/nuevo-renacer.com\/","logo":{"@type":"ImageObject","inLanguage":"fr-FR","@id":"https:\/\/nuevo-renacer.com\/#\/schema\/logo\/image\/","url":"https:\/\/nuevo-renacer.com\/wp-content\/uploads\/2024\/05\/cropped-LOGO-TERMINADO1-3-3.png","contentUrl":"https:\/\/nuevo-renacer.com\/wp-content\/uploads\/2024\/05\/cropped-LOGO-TERMINADO1-3-3.png","width":512,"height":512,"caption":"UFEC"},"image":{"@id":"https:\/\/nuevo-renacer.com\/#\/schema\/logo\/image\/"},"sameAs":["https:\/\/www.facebook.com\/groups\/3431398063740829"]}]}},"uagb_featured_image_src":{"full":["https:\/\/nuevo-renacer.com\/wp-content\/uploads\/2024\/09\/1-2.png",193,247,false],"thumbnail":["https:\/\/nuevo-renacer.com\/wp-content\/uploads\/2024\/09\/1-2-150x150.png",150,150,true],"medium":["https:\/\/nuevo-renacer.com\/wp-content\/uploads\/2024\/09\/1-2.png",193,247,false],"medium_large":["https:\/\/nuevo-renacer.com\/wp-content\/uploads\/2024\/09\/1-2.png",193,247,false],"large":["https:\/\/nuevo-renacer.com\/wp-content\/uploads\/2024\/09\/1-2.png",193,247,false],"1536x1536":["https:\/\/nuevo-renacer.com\/wp-content\/uploads\/2024\/09\/1-2.png",193,247,false],"2048x2048":["https:\/\/nuevo-renacer.com\/wp-content\/uploads\/2024\/09\/1-2.png",193,247,false],"trp-custom-language-flag":["https:\/\/nuevo-renacer.com\/wp-content\/uploads\/2024\/09\/1-2-9x12.png",9,12,true]},"uagb_author_info":{"display_name":"adbv0","author_link":"https:\/\/nuevo-renacer.com\/fr\/author\/adbv0\/"},"uagb_comment_info":0,"uagb_excerpt":"Francisca Su\u00e1rez Gonz\u00e1lez (1861-1925) Escritora, espiritista y activista anticlerical, Francisca Su\u00e1rez Gonz\u00e1lez perteneci\u00f3 a la primera promoci\u00f3n de espiritistas puertorrique\u00f1as; un grupo de mujeres educadas, activas en el estudio y en la experimentaci\u00f3n esp\u00edrita. Hija de Antonio Su\u00e1rez y Rafaela Gonz\u00e1lez, natural de San Thomas, Su\u00e1rez era ciega, pero recibi\u00f3 la primera educaci\u00f3n de su\u2026","jetpack_sharing_enabled":true,"_links":{"self":[{"href":"https:\/\/nuevo-renacer.com\/fr\/wp-json\/wp\/v2\/pages\/4684","targetHints":{"allow":["GET"]}}],"collection":[{"href":"https:\/\/nuevo-renacer.com\/fr\/wp-json\/wp\/v2\/pages"}],"about":[{"href":"https:\/\/nuevo-renacer.com\/fr\/wp-json\/wp\/v2\/types\/page"}],"author":[{"embeddable":true,"href":"https:\/\/nuevo-renacer.com\/fr\/wp-json\/wp\/v2\/users\/1"}],"replies":[{"embeddable":true,"href":"https:\/\/nuevo-renacer.com\/fr\/wp-json\/wp\/v2\/comments?post=4684"}],"version-history":[{"count":4,"href":"https:\/\/nuevo-renacer.com\/fr\/wp-json\/wp\/v2\/pages\/4684\/revisions"}],"predecessor-version":[{"id":4697,"href":"https:\/\/nuevo-renacer.com\/fr\/wp-json\/wp\/v2\/pages\/4684\/revisions\/4697"}],"wp:featuredmedia":[{"embeddable":true,"href":"https:\/\/nuevo-renacer.com\/fr\/wp-json\/wp\/v2\/media\/4685"}],"wp:attachment":[{"href":"https:\/\/nuevo-renacer.com\/fr\/wp-json\/wp\/v2\/media?parent=4684"}],"curies":[{"name":"wp","href":"https:\/\/api.w.org\/{rel}","templated":true}]}}