{"id":4533,"date":"2024-09-09T07:29:24","date_gmt":"2024-09-09T07:29:24","guid":{"rendered":"https:\/\/nuevo-renacer.com\/?page_id=4533"},"modified":"2024-09-09T07:38:58","modified_gmt":"2024-09-09T07:38:58","slug":"el-estudio","status":"publish","type":"page","link":"https:\/\/nuevo-renacer.com\/fr\/el-estudio\/","title":{"rendered":"L&#039;\u00c9tude"},"content":{"rendered":"<div class=\"wp-block-uagb-container uagb-block-38497a20 alignfull uagb-is-root-container\"><div class=\"uagb-container-inner-blocks-wrap\">\n<p class=\"has-black-color has-text-color has-link-color has-medium-font-size wp-elements-7554635a50b559d8314c1df36ebfaa64\"><strong>L&#039;\u00c9tude<\/strong><\/p>\n<\/div><\/div>\n\n\n\n<div class=\"wp-block-uagb-container uagb-block-6ddcad16 alignfull uagb-is-root-container\"><div class=\"uagb-container-inner-blocks-wrap\">\n<figure class=\"wp-block-image size-large is-resized\"><img fetchpriority=\"high\" decoding=\"async\" width=\"1024\" height=\"640\" src=\"https:\/\/nuevo-renacer.com\/wp-content\/uploads\/2024\/09\/library-background-esjemhvm11615163-1024x640.jpg\" alt=\"\" class=\"wp-image-4535\" style=\"width:416px;height:auto\" srcset=\"https:\/\/nuevo-renacer.com\/wp-content\/uploads\/2024\/09\/library-background-esjemhvm11615163-1024x640.jpg 1024w, https:\/\/nuevo-renacer.com\/wp-content\/uploads\/2024\/09\/library-background-esjemhvm11615163-300x188.jpg 300w, https:\/\/nuevo-renacer.com\/wp-content\/uploads\/2024\/09\/library-background-esjemhvm11615163-768x480.jpg 768w, https:\/\/nuevo-renacer.com\/wp-content\/uploads\/2024\/09\/library-background-esjemhvm11615163-1536x960.jpg 1536w, https:\/\/nuevo-renacer.com\/wp-content\/uploads\/2024\/09\/library-background-esjemhvm11615163-18x12.jpg 18w, https:\/\/nuevo-renacer.com\/wp-content\/uploads\/2024\/09\/library-background-esjemhvm11615163.jpg 1920w\" sizes=\"(max-width: 1024px) 100vw, 1024px\" \/><\/figure>\n<\/div><\/div>\n\n\n\n<div class=\"wp-block-uagb-container uagb-block-8518334d alignfull uagb-is-root-container\"><div class=\"uagb-container-inner-blocks-wrap\">\n<p class=\"has-black-color has-text-color has-link-color has-small-font-size wp-elements-d7c1908c8d4195e9c22faf4d131bb6c5\">L&#039;\u00e9tude est la source de la doux et nobles jouissances; il nous lib\u00e8re des pr\u00e9occupations vulgaires et nous fait oublier les maux de la vie. Le livre est un ami sinc\u00e8re qui nous met sur un bon visage dans les jours heureux, qui, dans la mauvaise fortune. Nous parler du livre, s\u00e9rieux, serviable, instruit, confort, et redonne de la vie, et de ne pas du livre frivole distrayant et trop souvent demoralizes. Ne p\u00e9n\u00e9trant pas assez dans le vrai caract\u00e8re de la bon livre. C&#039;est comme une voix qui nous parle \u00e0 travers le temps, et il nous raconte le travail, les luttes et les d\u00e9couvertes de ceux qui nous ont pr\u00e9c\u00e9d\u00e9s sur le chemin de la vie, et que, pour notre b\u00e9n\u00e9fice, adouci ses asp\u00e9rit\u00e9s.<\/p>\n\n\n\n<p class=\"has-black-color has-text-color has-link-color has-small-font-size wp-elements-b5f90cf89297cf34ed6bdf6ccbf87c17\">N&#039;est-il pas l&#039;un des rares, le bonheur de ce monde, le pouvoir de communiquer par la pens\u00e9e avec les grands Esprits de tous les \u00e2ges et de tous les pays? Ils ont mis dans leurs livres au meilleur de leur esprit et dans leur c\u0153ur. Nous conduire par la main \u00e0 l&#039;int\u00e9rieur des labyrinthes de l&#039;histoire, de nous diriger vers les hautes r\u00e9gions de la science, de l&#039;art et de la litt\u00e9rature. Le contact avec ces \u0153uvres, qui constituent le plus pr\u00e9cieux de l&#039;humanit\u00e9, compulsando ces fichiers sont sacr\u00e9s, nous optimisons, nous sommes satisfaits de l&#039;appartenance \u00e0 la race qui nous fournissent de tels g\u00e9nies. La splendeur de sa pens\u00e9e s&#039;\u00e9tend sur plus de nos \u00e2mes, de r\u00e9confort et les exalte.<\/p>\n\n\n\n<p class=\"has-black-color has-text-color has-link-color has-small-font-size wp-elements-5e32b2d484802033ff2fda7e90aba0f4\">Nous savons que le choix de bons livres, et prendre l&#039;habitude de vivre parmi eux, en relation constante avec les Esprits des \u00e9lus. Nous rejetons avec soin les livres impurs, \u00e9crit \u00e0 flatter les passions inf\u00e9rieures. Guard\u00e9monos de cette litt\u00e9rature, d\u00e9tendu, fruit de la sensualismo, qui quitte la corruption et l&#039;immoralit\u00e9.<\/p>\n\n\n\n<p class=\"has-black-color has-text-color has-link-color has-small-font-size wp-elements-6608da576fffec03148fdd83a945d4e4\">La plus grande partie des hommes pr\u00e9tendre \u00e0 l&#039;amour de l&#039;\u00e9tude, et a affirm\u00e9 qu&#039;ils manquent de temps pour s&#039;y consacrer. Cependant, beaucoup d&#039;entre eux consacrent des soir\u00e9es ensemble du jeu et les conversations d&#039;inactivit\u00e9. Il est aussi avanc\u00e9 que les livres sont chers, quand il est pass\u00e9 dans les plaisirs frivoles et de mauvais go\u00fbt, plus d&#039;argent que ce qui serait n\u00e9cessaire pour devenir une riche collection d&#039;\u0153uvres. En outre, l&#039;\u00e9tude de la Nature, le plus efficace et le plus r\u00e9confortant de tous, il ne co\u00fbte rien.<\/p>\n\n\n\n<p class=\"has-black-color has-text-color has-link-color has-small-font-size wp-elements-3d4c40f863f6cbd6dd3684968bd35a63\">La science de l&#039;homme est faillible et changeant. La Nature ne l&#039;est pas. Ne refuse jamais. Dans les moments d&#039;incertitude et de d\u00e9couragement, tournons-nous et nous agitent dans son sein. Nous allons discuter d&#039;un simple et doux de la langue, dans laquelle appara\u00eet la v\u00e9rit\u00e9, sans artifice ou de d\u00e9formations. Mais cette langue \u00e9tait paisible, tr\u00e8s peu de savoir comment \u00e9couter et de comprendre. L&#039;homme porte avec lui, m\u00eame dans le fond du d\u00e9sert, leurs passions et leurs agitations de l&#039;int\u00e9rieur, dont les rumeurs de couverture de l&#039;enseignement de Nature intime. Pour discerner la r\u00e9v\u00e9lation immanente dans le giron des choses, il est n\u00e9cessaire d&#039;imposer silence aux chim\u00e8res du monde, de ces opinions turbulent qui perturbent nos soci\u00e9t\u00e9s; il doit \u00eatre recueillis, de faire la paix en soi et autour de soi. Ensuite, tous les \u00e9chos de la vie publique sont silencieux; l&#039;\u00e2me entre dans et de lui-m\u00eame, r\u00e9cup\u00e8re le sentiment de la Nature et les lois \u00e9ternelles et communique avec la supr\u00eame Raison.<\/p>\n\n\n\n<p class=\"has-black-color has-text-color has-link-color has-small-font-size wp-elements-08e53ea10be1dbe434e400a0cd2b0efc\">L&#039;\u00e9tude de la Nature terrestre \u00e9l\u00e8ve et renforce la pens\u00e9e, mais qu&#039;est-ce de la vision du ciel?<\/p>\n\n\n\n<p class=\"has-black-color has-text-color has-link-color has-small-font-size wp-elements-d906ebd92d586f251fc0e62b3e5587ea\">Lorsque, dans le calme de la nuit, les lumi\u00e8res de la vo\u00fbte c\u00e9leste et commence le d\u00e9fil\u00e9 des stars; lorsque les noyaux stellaires et les n\u00e9buleuses perdu au fond de l&#039;espace jusqu&#039;\u00e0 nous, la clart\u00e9 tremblante et floue, une myst\u00e9rieuse influence qui nous entoure, un sentiment profond\u00e9ment religieux nous envahit. Comment dispara\u00eetre dans le temps, qui l&#039;vain de soucis! Comment il p\u00e9n\u00e8tre en nous, nous submerge et nous fait plier les genoux, de sentir l&#039;incommensurable! Qu&#039;une adoration silencieuse s&#039;\u00e9l\u00e8ve de notre c\u0153ur!<\/p>\n\n\n\n<p class=\"has-black-color has-text-color has-link-color has-small-font-size wp-elements-035c4dc35aa36e228791438051edf9bd\">La terre-vogue-fragile bateau - sur les champs de l&#039;immensit\u00e9. Vogue, attir\u00e9e par le puissant Soleil. Partout, tout autour de vous, il y a des profondeurs immenses que vous ne pouvez pas la sonde sans \u00e9prouver le vertige. Partout, aussi, \u00e0 de grandes distances, il y a des mondes et plus de mondes, des \u00eeles flottantes, agit\u00e9 par les ondes de l&#039;\u00e9ther. Le look est refuser de les compter, mais notre Esprit est consid\u00e9r\u00e9 avec respect et avec amour. Sa subtil de les rayons pour attirer \u00e0 lui. \u00c9norme Jupiter, et toi, Saturne, qui s&#039;entoure d&#039;une bande de lumi\u00e8re et de la couronne de neuf lunes d&#039;or; soleils de gigantesques feux de mu\u00edtiformes, sph\u00e8res innombrables: nous vous salue du fond de l&#039;espace... des Mondes brill\u00e1is sur nos t\u00eates, comment qu\u00e9t ocult\u00e1is?... Nous aimerions vous conna\u00eetre, de savoir ce que les peuples, quelle \u00e9trange villes, qui les civilisations s&#039;\u00e9tendre sur votre surface... Une intuition secret nous dit que r\u00e9side le bonheur, cherch\u00e9 en vain sur la Terre.<\/p>\n\n\n\n<p class=\"has-black-color has-text-color has-link-color has-small-font-size wp-elements-08591da34e04cf7334b2c5da8b5911d0\">Mais pourquoi le doute et la peur? Ces mondes sont notre h\u00e9ritage. Nous sommes destin\u00e9s \u00e0 les explorer et \u00e0 habitarlos. Nous allons visiter ces archipels stellaire et nous avons p\u00e9n\u00e9tr\u00e9 leurs myst\u00e8res. Vous n&#039;aurez jamais la fin de notre carri\u00e8re, nos pulsions, nos progr\u00e8s, si nous ajustons notre volont\u00e9 \u00e0 la loi divine et de la conqu\u00eate \u00e0 nos actions de la vie en pl\u00e9nitude, dans la possession des plaisirs de la c\u00e9leste inh\u00e9rents \u00e0 celui-ci.<\/p>\n\n\n\n<p class=\"has-small-font-size\"><em><strong>L\u00e9on Denis <\/strong>\u2013 Le Droit Chemin<\/em> \u2503 <em>Concept spirite de la loi morale<\/em><\/p>\n<\/div><\/div>","protected":false},"excerpt":{"rendered":"<p>El Estudio El estudio es la fuente de dulces y nobles goces; nos libera de las preocupaciones vulgares y nos hace olvidar los males de la vida. El libro es un amigo sincero que nos pone buena cara lo mismo en los d\u00edas felices que en los de mala fortuna. Hablamos del libro serio, \u00fatil, [&hellip;]<\/p>","protected":false},"author":1,"featured_media":4535,"parent":0,"menu_order":0,"comment_status":"closed","ping_status":"closed","template":"","meta":{"_uag_custom_page_level_css":"","site-sidebar-layout":"default","site-content-layout":"","ast-site-content-layout":"default","site-content-style":"default","site-sidebar-style":"default","ast-global-header-display":"","ast-banner-title-visibility":"","ast-main-header-display":"","ast-hfb-above-header-display":"","ast-hfb-below-header-display":"","ast-hfb-mobile-header-display":"","site-post-title":"","ast-breadcrumbs-content":"","ast-featured-img":"","footer-sml-layout":"","theme-transparent-header-meta":"","adv-header-id-meta":"","stick-header-meta":"","header-above-stick-meta":"","header-main-stick-meta":"","header-below-stick-meta":"","astra-migrate-meta-layouts":"set","ast-page-background-enabled":"default","ast-page-background-meta":{"desktop":{"background-color":"var(--ast-global-color-4)","background-image":"","background-repeat":"repeat","background-position":"center center","background-size":"auto","background-attachment":"scroll","background-type":"","background-media":"","overlay-type":"","overlay-color":"","overlay-opacity":"","overlay-gradient":""},"tablet":{"background-color":"","background-image":"","background-repeat":"repeat","background-position":"center center","background-size":"auto","background-attachment":"scroll","background-type":"","background-media":"","overlay-type":"","overlay-color":"","overlay-opacity":"","overlay-gradient":""},"mobile":{"background-color":"","background-image":"","background-repeat":"repeat","background-position":"center center","background-size":"auto","background-attachment":"scroll","background-type":"","background-media":"","overlay-type":"","overlay-color":"","overlay-opacity":"","overlay-gradient":""}},"ast-content-background-meta":{"desktop":{"background-color":"var(--ast-global-color-5)","background-image":"","background-repeat":"repeat","background-position":"center center","background-size":"auto","background-attachment":"scroll","background-type":"","background-media":"","overlay-type":"","overlay-color":"","overlay-opacity":"","overlay-gradient":""},"tablet":{"background-color":"var(--ast-global-color-5)","background-image":"","background-repeat":"repeat","background-position":"center center","background-size":"auto","background-attachment":"scroll","background-type":"","background-media":"","overlay-type":"","overlay-color":"","overlay-opacity":"","overlay-gradient":""},"mobile":{"background-color":"var(--ast-global-color-5)","background-image":"","background-repeat":"repeat","background-position":"center center","background-size":"auto","background-attachment":"scroll","background-type":"","background-media":"","overlay-type":"","overlay-color":"","overlay-opacity":"","overlay-gradient":""}},"footnotes":""},"class_list":["post-4533","page","type-page","status-publish","has-post-thumbnail","hentry"],"yoast_head":"<!-- This site is optimized with the Yoast SEO Premium plugin v24.2 (Yoast SEO v24.6) - https:\/\/yoast.com\/wordpress\/plugins\/seo\/ -->\n<title>El Estudio - Uni\u00f3n Esp\u00edrita<\/title>\n<meta name=\"robots\" content=\"index, follow, max-snippet:-1, max-image-preview:large, max-video-preview:-1\" \/>\n<link rel=\"canonical\" href=\"https:\/\/nuevo-renacer.com\/fr\/el-estudio\/\" \/>\n<meta property=\"og:locale\" content=\"fr_FR\" \/>\n<meta property=\"og:type\" content=\"article\" \/>\n<meta property=\"og:title\" content=\"El Estudio\" \/>\n<meta property=\"og:description\" content=\"El Estudio El estudio es la fuente de dulces y nobles goces; nos libera de las preocupaciones vulgares y nos hace olvidar los males de la vida. El libro es un amigo sincero que nos pone buena cara lo mismo en los d\u00edas felices que en los de mala fortuna. Hablamos del libro serio, \u00fatil, [&hellip;]\" \/>\n<meta property=\"og:url\" content=\"https:\/\/nuevo-renacer.com\/fr\/el-estudio\/\" \/>\n<meta property=\"og:site_name\" content=\"Uni\u00f3n Esp\u00edrita\" \/>\n<meta property=\"article:publisher\" content=\"https:\/\/www.facebook.com\/groups\/3431398063740829\" \/>\n<meta property=\"article:modified_time\" content=\"2024-09-09T07:38:58+00:00\" \/>\n<meta property=\"og:image\" content=\"https:\/\/nuevo-renacer.com\/wp-content\/uploads\/2024\/09\/library-background-esjemhvm11615163.jpg\" \/>\n\t<meta property=\"og:image:width\" content=\"1920\" \/>\n\t<meta property=\"og:image:height\" content=\"1200\" \/>\n\t<meta property=\"og:image:type\" content=\"image\/jpeg\" \/>\n<meta name=\"twitter:card\" content=\"summary_large_image\" \/>\n<meta name=\"twitter:label1\" content=\"Dur\u00e9e de lecture estim\u00e9e\" \/>\n\t<meta name=\"twitter:data1\" content=\"5 minutes\" \/>\n<script type=\"application\/ld+json\" class=\"yoast-schema-graph\">{\"@context\":\"https:\/\/schema.org\",\"@graph\":[{\"@type\":\"WebPage\",\"@id\":\"https:\/\/nuevo-renacer.com\/el-estudio\/\",\"url\":\"https:\/\/nuevo-renacer.com\/el-estudio\/\",\"name\":\"El Estudio - Uni\u00f3n Esp\u00edrita\",\"isPartOf\":{\"@id\":\"https:\/\/nuevo-renacer.com\/#website\"},\"primaryImageOfPage\":{\"@id\":\"https:\/\/nuevo-renacer.com\/el-estudio\/#primaryimage\"},\"image\":{\"@id\":\"https:\/\/nuevo-renacer.com\/el-estudio\/#primaryimage\"},\"thumbnailUrl\":\"https:\/\/nuevo-renacer.com\/wp-content\/uploads\/2024\/09\/library-background-esjemhvm11615163.jpg\",\"datePublished\":\"2024-09-09T07:29:24+00:00\",\"dateModified\":\"2024-09-09T07:38:58+00:00\",\"breadcrumb\":{\"@id\":\"https:\/\/nuevo-renacer.com\/el-estudio\/#breadcrumb\"},\"inLanguage\":\"fr-FR\",\"potentialAction\":[{\"@type\":\"ReadAction\",\"target\":[\"https:\/\/nuevo-renacer.com\/el-estudio\/\"]}]},{\"@type\":\"ImageObject\",\"inLanguage\":\"fr-FR\",\"@id\":\"https:\/\/nuevo-renacer.com\/el-estudio\/#primaryimage\",\"url\":\"https:\/\/nuevo-renacer.com\/wp-content\/uploads\/2024\/09\/library-background-esjemhvm11615163.jpg\",\"contentUrl\":\"https:\/\/nuevo-renacer.com\/wp-content\/uploads\/2024\/09\/library-background-esjemhvm11615163.jpg\",\"width\":1920,\"height\":1200},{\"@type\":\"BreadcrumbList\",\"@id\":\"https:\/\/nuevo-renacer.com\/el-estudio\/#breadcrumb\",\"itemListElement\":[{\"@type\":\"ListItem\",\"position\":1,\"name\":\"Startseite\",\"item\":\"https:\/\/nuevo-renacer.com\/\"},{\"@type\":\"ListItem\",\"position\":2,\"name\":\"El Estudio\"}]},{\"@type\":\"WebSite\",\"@id\":\"https:\/\/nuevo-renacer.com\/#website\",\"url\":\"https:\/\/nuevo-renacer.com\/\",\"name\":\"Uni\u00f3n Esp\u00edrita\",\"description\":\"Nuevo Renacer\",\"publisher\":{\"@id\":\"https:\/\/nuevo-renacer.com\/#organization\"},\"potentialAction\":[{\"@type\":\"SearchAction\",\"target\":{\"@type\":\"EntryPoint\",\"urlTemplate\":\"https:\/\/nuevo-renacer.com\/?s={search_term_string}\"},\"query-input\":{\"@type\":\"PropertyValueSpecification\",\"valueRequired\":true,\"valueName\":\"search_term_string\"}}],\"inLanguage\":\"fr-FR\"},{\"@type\":\"Organization\",\"@id\":\"https:\/\/nuevo-renacer.com\/#organization\",\"name\":\"UFEC\",\"url\":\"https:\/\/nuevo-renacer.com\/\",\"logo\":{\"@type\":\"ImageObject\",\"inLanguage\":\"fr-FR\",\"@id\":\"https:\/\/nuevo-renacer.com\/#\/schema\/logo\/image\/\",\"url\":\"https:\/\/nuevo-renacer.com\/wp-content\/uploads\/2024\/05\/cropped-LOGO-TERMINADO1-3-3.png\",\"contentUrl\":\"https:\/\/nuevo-renacer.com\/wp-content\/uploads\/2024\/05\/cropped-LOGO-TERMINADO1-3-3.png\",\"width\":512,\"height\":512,\"caption\":\"UFEC\"},\"image\":{\"@id\":\"https:\/\/nuevo-renacer.com\/#\/schema\/logo\/image\/\"},\"sameAs\":[\"https:\/\/www.facebook.com\/groups\/3431398063740829\"]}]}<\/script>\n<!-- \/ Yoast SEO Premium plugin. -->","yoast_head_json":{"title":"El Estudio - Uni\u00f3n Esp\u00edrita","robots":{"index":"index","follow":"follow","max-snippet":"max-snippet:-1","max-image-preview":"max-image-preview:large","max-video-preview":"max-video-preview:-1"},"canonical":"https:\/\/nuevo-renacer.com\/fr\/el-estudio\/","og_locale":"fr_FR","og_type":"article","og_title":"El Estudio","og_description":"El Estudio El estudio es la fuente de dulces y nobles goces; nos libera de las preocupaciones vulgares y nos hace olvidar los males de la vida. El libro es un amigo sincero que nos pone buena cara lo mismo en los d\u00edas felices que en los de mala fortuna. Hablamos del libro serio, \u00fatil, [&hellip;]","og_url":"https:\/\/nuevo-renacer.com\/fr\/el-estudio\/","og_site_name":"Uni\u00f3n Esp\u00edrita","article_publisher":"https:\/\/www.facebook.com\/groups\/3431398063740829","article_modified_time":"2024-09-09T07:38:58+00:00","og_image":[{"width":1920,"height":1200,"url":"https:\/\/nuevo-renacer.com\/wp-content\/uploads\/2024\/09\/library-background-esjemhvm11615163.jpg","type":"image\/jpeg"}],"twitter_card":"summary_large_image","twitter_misc":{"Dur\u00e9e de lecture estim\u00e9e":"5 minutes"},"schema":{"@context":"https:\/\/schema.org","@graph":[{"@type":"WebPage","@id":"https:\/\/nuevo-renacer.com\/el-estudio\/","url":"https:\/\/nuevo-renacer.com\/el-estudio\/","name":"El Estudio - Uni\u00f3n Esp\u00edrita","isPartOf":{"@id":"https:\/\/nuevo-renacer.com\/#website"},"primaryImageOfPage":{"@id":"https:\/\/nuevo-renacer.com\/el-estudio\/#primaryimage"},"image":{"@id":"https:\/\/nuevo-renacer.com\/el-estudio\/#primaryimage"},"thumbnailUrl":"https:\/\/nuevo-renacer.com\/wp-content\/uploads\/2024\/09\/library-background-esjemhvm11615163.jpg","datePublished":"2024-09-09T07:29:24+00:00","dateModified":"2024-09-09T07:38:58+00:00","breadcrumb":{"@id":"https:\/\/nuevo-renacer.com\/el-estudio\/#breadcrumb"},"inLanguage":"fr-FR","potentialAction":[{"@type":"ReadAction","target":["https:\/\/nuevo-renacer.com\/el-estudio\/"]}]},{"@type":"ImageObject","inLanguage":"fr-FR","@id":"https:\/\/nuevo-renacer.com\/el-estudio\/#primaryimage","url":"https:\/\/nuevo-renacer.com\/wp-content\/uploads\/2024\/09\/library-background-esjemhvm11615163.jpg","contentUrl":"https:\/\/nuevo-renacer.com\/wp-content\/uploads\/2024\/09\/library-background-esjemhvm11615163.jpg","width":1920,"height":1200},{"@type":"BreadcrumbList","@id":"https:\/\/nuevo-renacer.com\/el-estudio\/#breadcrumb","itemListElement":[{"@type":"ListItem","position":1,"name":"Startseite","item":"https:\/\/nuevo-renacer.com\/"},{"@type":"ListItem","position":2,"name":"El Estudio"}]},{"@type":"WebSite","@id":"https:\/\/nuevo-renacer.com\/#website","url":"https:\/\/nuevo-renacer.com\/","name":"Uni\u00f3n Esp\u00edrita","description":"Nuevo Renacer","publisher":{"@id":"https:\/\/nuevo-renacer.com\/#organization"},"potentialAction":[{"@type":"SearchAction","target":{"@type":"EntryPoint","urlTemplate":"https:\/\/nuevo-renacer.com\/?s={search_term_string}"},"query-input":{"@type":"PropertyValueSpecification","valueRequired":true,"valueName":"search_term_string"}}],"inLanguage":"fr-FR"},{"@type":"Organization","@id":"https:\/\/nuevo-renacer.com\/#organization","name":"UFEC","url":"https:\/\/nuevo-renacer.com\/","logo":{"@type":"ImageObject","inLanguage":"fr-FR","@id":"https:\/\/nuevo-renacer.com\/#\/schema\/logo\/image\/","url":"https:\/\/nuevo-renacer.com\/wp-content\/uploads\/2024\/05\/cropped-LOGO-TERMINADO1-3-3.png","contentUrl":"https:\/\/nuevo-renacer.com\/wp-content\/uploads\/2024\/05\/cropped-LOGO-TERMINADO1-3-3.png","width":512,"height":512,"caption":"UFEC"},"image":{"@id":"https:\/\/nuevo-renacer.com\/#\/schema\/logo\/image\/"},"sameAs":["https:\/\/www.facebook.com\/groups\/3431398063740829"]}]}},"uagb_featured_image_src":{"full":["https:\/\/nuevo-renacer.com\/wp-content\/uploads\/2024\/09\/library-background-esjemhvm11615163.jpg",1920,1200,false],"thumbnail":["https:\/\/nuevo-renacer.com\/wp-content\/uploads\/2024\/09\/library-background-esjemhvm11615163-150x150.jpg",150,150,true],"medium":["https:\/\/nuevo-renacer.com\/wp-content\/uploads\/2024\/09\/library-background-esjemhvm11615163-300x188.jpg",300,188,true],"medium_large":["https:\/\/nuevo-renacer.com\/wp-content\/uploads\/2024\/09\/library-background-esjemhvm11615163-768x480.jpg",768,480,true],"large":["https:\/\/nuevo-renacer.com\/wp-content\/uploads\/2024\/09\/library-background-esjemhvm11615163-1024x640.jpg",1024,640,true],"1536x1536":["https:\/\/nuevo-renacer.com\/wp-content\/uploads\/2024\/09\/library-background-esjemhvm11615163-1536x960.jpg",1536,960,true],"2048x2048":["https:\/\/nuevo-renacer.com\/wp-content\/uploads\/2024\/09\/library-background-esjemhvm11615163.jpg",1920,1200,false],"trp-custom-language-flag":["https:\/\/nuevo-renacer.com\/wp-content\/uploads\/2024\/09\/library-background-esjemhvm11615163-18x12.jpg",18,12,true]},"uagb_author_info":{"display_name":"adbv0","author_link":"https:\/\/nuevo-renacer.com\/fr\/author\/adbv0\/"},"uagb_comment_info":0,"uagb_excerpt":"El Estudio El estudio es la fuente de dulces y nobles goces; nos libera de las preocupaciones vulgares y nos hace olvidar los males de la vida. El libro es un amigo sincero que nos pone buena cara lo mismo en los d\u00edas felices que en los de mala fortuna. Hablamos del libro serio, \u00fatil,\u2026","jetpack_sharing_enabled":true,"_links":{"self":[{"href":"https:\/\/nuevo-renacer.com\/fr\/wp-json\/wp\/v2\/pages\/4533","targetHints":{"allow":["GET"]}}],"collection":[{"href":"https:\/\/nuevo-renacer.com\/fr\/wp-json\/wp\/v2\/pages"}],"about":[{"href":"https:\/\/nuevo-renacer.com\/fr\/wp-json\/wp\/v2\/types\/page"}],"author":[{"embeddable":true,"href":"https:\/\/nuevo-renacer.com\/fr\/wp-json\/wp\/v2\/users\/1"}],"replies":[{"embeddable":true,"href":"https:\/\/nuevo-renacer.com\/fr\/wp-json\/wp\/v2\/comments?post=4533"}],"version-history":[{"count":4,"href":"https:\/\/nuevo-renacer.com\/fr\/wp-json\/wp\/v2\/pages\/4533\/revisions"}],"predecessor-version":[{"id":4539,"href":"https:\/\/nuevo-renacer.com\/fr\/wp-json\/wp\/v2\/pages\/4533\/revisions\/4539"}],"wp:featuredmedia":[{"embeddable":true,"href":"https:\/\/nuevo-renacer.com\/fr\/wp-json\/wp\/v2\/media\/4535"}],"wp:attachment":[{"href":"https:\/\/nuevo-renacer.com\/fr\/wp-json\/wp\/v2\/media?parent=4533"}],"curies":[{"name":"wp","href":"https:\/\/api.w.org\/{rel}","templated":true}]}}