{"id":4523,"date":"2024-09-05T12:48:38","date_gmt":"2024-09-05T12:48:38","guid":{"rendered":"https:\/\/nuevo-renacer.com\/?page_id=4523"},"modified":"2024-09-05T12:57:05","modified_gmt":"2024-09-05T12:57:05","slug":"trabajo-sobriedad-y-continencia","status":"publish","type":"page","link":"https:\/\/nuevo-renacer.com\/fr\/trabajo-sobriedad-y-continencia\/","title":{"rendered":"Travail, de la Sobri\u00e9t\u00e9 et de la Continence"},"content":{"rendered":"<div class=\"wp-block-uagb-container uagb-block-88d36742 alignfull uagb-is-root-container\"><div class=\"uagb-container-inner-blocks-wrap\">\n<p class=\"has-black-color has-text-color has-link-color has-medium-font-size wp-elements-b2156cdbd19688c48124ff74debdfa4c\"><strong>Travail, de la Sobri\u00e9t\u00e9 et de la Continence<\/strong><\/p>\n<\/div><\/div>\n\n\n\n<div class=\"wp-block-uagb-container uagb-block-2b105c69 alignfull uagb-is-root-container\"><div class=\"uagb-container-inner-blocks-wrap\">\n<figure class=\"wp-block-image size-full is-resized\"><img fetchpriority=\"high\" decoding=\"async\" width=\"626\" height=\"417\" src=\"https:\/\/nuevo-renacer.com\/wp-content\/uploads\/2024\/09\/hombre-campesino-ropa-trabajo-campo_1009902-21237.avif\" alt=\"\" class=\"wp-image-4525\" style=\"width:483px;height:auto\"\/><\/figure>\n<\/div><\/div>\n\n\n\n<div class=\"wp-block-uagb-container uagb-block-f2273af8 alignfull uagb-is-root-container\"><div class=\"uagb-container-inner-blocks-wrap\">\n<p class=\"has-black-color has-text-color has-link-color has-small-font-size wp-elements-478e3c72d64511dd52c48f547cb39bbb\">Le travail est un droit pour plan\u00e9taire sciences humaines, comme pour les entreprises dans l&#039;Espace. \u00c0 partir de la plus rudimentaire de l&#039;ang\u00e9lique des Esprits qui veillent sur le destin des mondes, tous les prendre partie dans le concert universel.<\/p>\n\n\n\n<p class=\"has-black-color has-text-color has-link-color has-small-font-size wp-elements-c9fe8c6b4a4226d0488bbadeca805806\">G\u00eanant et d\u00e9sagr\u00e9able pour les \u00eatres inf\u00e9rieurs, le travail est liss\u00e9e comme la vie est raffin\u00e9. Il devient un magasin de joies de l&#039;Esprit de l&#039;avance, ce qui la rend insensible aux attraits de la mat\u00e9riel, exclusivement occup\u00e9 dans le cadre d&#039;\u00e9tudes plus \u00e9lev\u00e9.<\/p>\n\n\n\n<p class=\"has-black-color has-text-color has-link-color has-small-font-size wp-elements-9c77e7d6ee3fe1a65652559a517e6ee7\">Avec le travail, l&#039;homme domine les forces aveugles de la Nature, et il est sauv\u00e9 de la mis\u00e8re, le travail est donc fond\u00e9 des civilisations et qu&#039;est-ce que mextienden le bien-\u00eatre et de la science. Le travail est l&#039;honneur et la dignit\u00e9 de l&#039;\u00eatre humain. Le mocioso qui, sans produire quoi que ce soit, il profite du travail des autres, n&#039;est rien de plus qu&#039;un parasite. Tandis que l&#039;homme est occup\u00e9 \u00e0 sa t\u00e2che en annulation de leurs passions. L&#039;oisivet\u00e9, au contraire, les d\u00e9clencheurs et ouvre un vaste champ d&#039;action.<\/p>\n\n\n\n<p class=\"has-black-color has-text-color has-link-color has-small-font-size wp-elements-331045e9d7c291016d3b1e1e3852e9bb\">Le travail est aussi un grand confort, un d\u00e9riv\u00e9 sain pour nos pr\u00e9occupations et de nos douleurs; calme les angoisses de notre Esprit et fecundiza notre intelligence. Il n&#039;y a Pas de douleur morale, il n&#039;y a pas de d\u00e9ceptions ou les reculs de ne pas y trouver de l&#039;apaisement; il y a des \u00e9v\u00e9nements qui peuvent r\u00e9sister \u00e0 son action est prolong\u00e9e. Les travaux a obtenu un refuge pour sa souffrance, et un v\u00e9ritable ami dans la tribulation, ne peut pas accepter une vie avec d\u00e9go\u00fbt. En revanche, quelle piti\u00e9 est la situation de celui \u00e0 qui les courbatures et les douleurs se condamnent \u00e0 l&#039;immobilit\u00e9 et \u00e0 l&#039;inaction! Si cet homme a un sens de la grandeur et de la saintet\u00e9 du travail, si au-dessus de votre propre int\u00e9r\u00eat \u00e0 voir l&#039;int\u00e9r\u00eat g\u00e9n\u00e9ral et le bien de tous, et souhaite contribuer \u00e0, et vous avez l&#039;une des conditions qui sont cruels qui ont \u00e9t\u00e9 r\u00e9serv\u00e9s pour l&#039;\u00eatre vivant.<\/p>\n\n\n\n<p class=\"has-black-color has-text-color has-link-color has-small-font-size wp-elements-731f6d709f5361fde1aeee113bc0e301\">C&#039;est aussi dans l&#039;Espace, la situation de l&#039;Esprit qui n&#039;ont pas r\u00e9ussi \u00e0 s&#039;acquitter de leurs devoirs et de la clairance de sa vie. R\u00e9alisant trop tard la noblesse du travail et de la trahison de la mociosidad, souffre de ne pas \u00eatre capable de faire ce que votre \u00e2me con\u00e7oit et voulez.<\/p>\n\n\n\n<p class=\"has-black-color has-text-color has-link-color has-small-font-size wp-elements-94f7b90552e8e2d287562dc4fccccd4c\">Le travail est la communion de tous les \u00catres. Par elle, nous nous approchons les uns des autres, nous apprenons \u00e0 nous aider et \u00e0 nous unir; de cette fraternit\u00e9 n&#039;est plus qu&#039;une \u00e9tape. Le antig\u00faedad romain d\u00e9shonor\u00e9 le travail, faisant de lui la condition est caract\u00e9ristique de l&#039;esclave. C&#039;est ce qui explique leur st\u00e9rilit\u00e9 de la morale, de leur corruption et de leur sec et frais doctrines.<\/p>\n\n\n\n<p class=\"has-black-color has-text-color has-link-color has-small-font-size wp-elements-4f4597a22e580f70483316f0d1813b12\">Les temps modernes ont un autre concept tout \u00e0 fait diff\u00e9rent de la vie. Chercher la pl\u00e9nitude dans un travail fructueux et de r\u00e9g\u00e9n\u00e9ration. La Philosophie des Esprits amplifie encore ce concept, en indiquant le droit du travail, le principe de tous les progr\u00e8s et toutes les \u00e9l\u00e9vations, et de nous montrer que l&#039;action de ce droit s&#039;\u00e9tend \u00e0 l&#039;universalit\u00e9 des \u00catres et des mondes. C&#039;est pourquoi nous sommes autoris\u00e9s \u00e0 dire: l&#039;\u00c9veil, oh, vous, tous, et de la saine atmosph\u00e8re de la maison sont un souverain pr\u00e9servatifs contre les passions. Au milieu de ces \u00eatres chers qu&#039;ils voient en nous, leur seul soutien, le sens de notre responsabilit\u00e9 augmente, notre dignit\u00e9 et de la gravit\u00e9 de grandir, nous comprenons mieux nos devoirs, et dans les plaisirs de cette vie dont nous disposons, nous obtenons des forces de faciliter sa r\u00e9alisation. Comment osons-nous \u00e0 commettre des actes dont nous avergonzar\u00edamos devant les yeux de nos femmes et de nos enfants? Apprendre \u00e0 conduire les autres, c&#039;est apprendre \u00e0 parler \u00e0 vous-m\u00eame, \u00eatre sage et prudent, de mettre de l&#039;\u00e9loigner de nous tout ce que vous pouvez tache de notre existence.<\/p>\n\n\n\n<p class=\"has-black-color has-text-color has-link-color has-small-font-size wp-elements-77e9a508b1c0300a0d6de4dda68a0968\">Est coupable de vivre seul. Au lieu de cela, donner la vie aux autres, \u00e0 nous voir revivre en quelques enfants que nous avons \u00e9t\u00e9 connus pour faire des hommes utiles et les serveurs z\u00e9l\u00e9s pour la cause du bien, et mourir apr\u00e8s avoir inculqu\u00e9 un profond sens du devoir et une connaissance approfondie de la destination, est une noble t\u00e2che.<\/p>\n\n\n\n<p class=\"has-black-color has-text-color has-link-color has-small-font-size wp-elements-5a12df196a1c101a2faa4a924f4344d5\">Si il y a une exception \u00e0 cette r\u00e8gle, est en faveur de ceux qui, sur la famille, ont plac\u00e9 l&#039;humanit\u00e9, et de vous servir au mieux, \u00e0 garder dans votre avantage une mission plus grande encore, ils ont pr\u00e9f\u00e9r\u00e9 affronter seuls les dangers de la vie, jusqu&#039;solitaire pour le sentier difficile, et de consacrer tous leurs moments, toutes ses forces et de toute son \u00e2me, pour une cause que beaucoup l&#039;ignorent, mais de ne pas perdre un \u0153il.<\/p>\n\n\n\n<p class=\"has-black-color has-text-color has-link-color has-small-font-size wp-elements-26ac9b8834a321b519eb6ca906738435\">La sobri\u00e9t\u00e9, la continence, la lutte contre les s\u00e9ductions des sens ne sont pas, comme pr\u00e9vu par le sensualistas, une d\u00e9pr\u00e9ciation de la loi naturelle, une miniaturisation de la vie; au contraire, de r\u00e9v\u00e9ler que les notes et suivre une profonde connaissance des lois sup\u00e9rieures, une intuition \u00e0 \u00eatre \u00e9lucid\u00e9 dans l&#039;avenir. La voluptueuse, s\u00e9par\u00e9s par la mort de tout ce qu&#039;il aimait, se consume en vains d\u00e9sirs. Il a voyag\u00e9 dans les maisons de la perversion et de regarder pour les milieux terrestres, qui vous rappellent de votre fa\u00e7on de vivre. Donc, s&#039;accrochent toujours plus proche des cha\u00eenes de mat\u00e9riaux, est de s&#039;\u00e9loigner de la source des plaisirs purs et consacr\u00e9e \u00e0 la bestialit\u00e9 et de l&#039;obscurit\u00e9.<\/p>\n\n\n\n<p class=\"has-black-color has-text-color has-link-color has-small-font-size wp-elements-da301dee216b51f9964856728707976d\">Trouver des plaisirs dans la voluptuosidades charnel est priv\u00e9 pendant une longue p\u00e9riode de paix appr\u00e9ci\u00e9 par les Esprits \u00e9lev\u00e9s. Seule la puret\u00e9 peut fournir cette paix. Ce que nous ne le vois pas de cette vie? Nos passions et de nos d\u00e9sirs, de cr\u00e9er des images et des fant\u00f4mes qui nous hantent dans les r\u00eaves et les d\u00e9ranger nos r\u00e9flexions. En revanche, mlejos les plaisirs trompeurs, l&#039;Esprit est recueilli, reconcentra et s&#039;ouvre vers l&#039;infini. La Section \u00e0 l&#039;avance, selon les convoitises de minutes, vous quitter sans regret leur corps utilis\u00e9.<\/p>\n\n\n\n<p class=\"has-black-color has-text-color has-link-color has-small-font-size wp-elements-7e194aa951e3adc8ab80bec6bbedca3b\">M\u00e9diter souvent et que nous mettons en pratique le proverbe est: \u201c \u00catre pur dans le but d&#039;\u00eatre heureux et d&#039;\u00eatre fort!\u201d.<\/p>\n\n\n\n<p class=\"has-black-color has-text-color has-link-color has-small-font-size wp-elements-c39577f77bc85be9e67282b1b72acd7b\"><strong><em>L\u00e9on Denis <\/em><\/strong>\u2013<em> Le Droit Chemin \u2503 Concept spirite de la loi morale<\/em><\/p>\n<\/div><\/div>","protected":false},"excerpt":{"rendered":"<p>Trabajo, Sobriedad y Continencia El trabajo es una ley para las humanidades planetarias como para las sociedades del Espacio. Desde el ser m\u00e1s rudimentario hasta los Esp\u00edritus ang\u00e9licos que velan por los destinos de los mundos, todos toman parte en el gran concierto universal. Penoso y grosero para los seres inferiores, el trabajo se suaviza [&hellip;]<\/p>","protected":false},"author":1,"featured_media":4525,"parent":0,"menu_order":0,"comment_status":"closed","ping_status":"closed","template":"","meta":{"_uag_custom_page_level_css":"","site-sidebar-layout":"default","site-content-layout":"","ast-site-content-layout":"default","site-content-style":"default","site-sidebar-style":"default","ast-global-header-display":"","ast-banner-title-visibility":"","ast-main-header-display":"","ast-hfb-above-header-display":"","ast-hfb-below-header-display":"","ast-hfb-mobile-header-display":"","site-post-title":"","ast-breadcrumbs-content":"","ast-featured-img":"","footer-sml-layout":"","theme-transparent-header-meta":"","adv-header-id-meta":"","stick-header-meta":"","header-above-stick-meta":"","header-main-stick-meta":"","header-below-stick-meta":"","astra-migrate-meta-layouts":"set","ast-page-background-enabled":"default","ast-page-background-meta":{"desktop":{"background-color":"var(--ast-global-color-4)","background-image":"","background-repeat":"repeat","background-position":"center center","background-size":"auto","background-attachment":"scroll","background-type":"","background-media":"","overlay-type":"","overlay-color":"","overlay-opacity":"","overlay-gradient":""},"tablet":{"background-color":"","background-image":"","background-repeat":"repeat","background-position":"center center","background-size":"auto","background-attachment":"scroll","background-type":"","background-media":"","overlay-type":"","overlay-color":"","overlay-opacity":"","overlay-gradient":""},"mobile":{"background-color":"","background-image":"","background-repeat":"repeat","background-position":"center center","background-size":"auto","background-attachment":"scroll","background-type":"","background-media":"","overlay-type":"","overlay-color":"","overlay-opacity":"","overlay-gradient":""}},"ast-content-background-meta":{"desktop":{"background-color":"var(--ast-global-color-5)","background-image":"","background-repeat":"repeat","background-position":"center center","background-size":"auto","background-attachment":"scroll","background-type":"","background-media":"","overlay-type":"","overlay-color":"","overlay-opacity":"","overlay-gradient":""},"tablet":{"background-color":"var(--ast-global-color-5)","background-image":"","background-repeat":"repeat","background-position":"center center","background-size":"auto","background-attachment":"scroll","background-type":"","background-media":"","overlay-type":"","overlay-color":"","overlay-opacity":"","overlay-gradient":""},"mobile":{"background-color":"var(--ast-global-color-5)","background-image":"","background-repeat":"repeat","background-position":"center center","background-size":"auto","background-attachment":"scroll","background-type":"","background-media":"","overlay-type":"","overlay-color":"","overlay-opacity":"","overlay-gradient":""}},"footnotes":""},"class_list":["post-4523","page","type-page","status-publish","has-post-thumbnail","hentry"],"yoast_head":"<!-- This site is optimized with the Yoast SEO Premium plugin v24.2 (Yoast SEO v24.6) - https:\/\/yoast.com\/wordpress\/plugins\/seo\/ -->\n<title>Trabajo, Sobriedad y Continencia - Uni\u00f3n Esp\u00edrita<\/title>\n<meta name=\"robots\" content=\"index, follow, max-snippet:-1, max-image-preview:large, max-video-preview:-1\" \/>\n<link rel=\"canonical\" href=\"https:\/\/nuevo-renacer.com\/fr\/trabajo-sobriedad-y-continencia\/\" \/>\n<meta property=\"og:locale\" content=\"fr_FR\" \/>\n<meta property=\"og:type\" content=\"article\" \/>\n<meta property=\"og:title\" content=\"Trabajo, Sobriedad y Continencia\" \/>\n<meta property=\"og:description\" content=\"Trabajo, Sobriedad y Continencia El trabajo es una ley para las humanidades planetarias como para las sociedades del Espacio. Desde el ser m\u00e1s rudimentario hasta los Esp\u00edritus ang\u00e9licos que velan por los destinos de los mundos, todos toman parte en el gran concierto universal. Penoso y grosero para los seres inferiores, el trabajo se suaviza [&hellip;]\" \/>\n<meta property=\"og:url\" content=\"https:\/\/nuevo-renacer.com\/fr\/trabajo-sobriedad-y-continencia\/\" \/>\n<meta property=\"og:site_name\" content=\"Uni\u00f3n Esp\u00edrita\" \/>\n<meta property=\"article:publisher\" content=\"https:\/\/www.facebook.com\/groups\/3431398063740829\" \/>\n<meta property=\"article:modified_time\" content=\"2024-09-05T12:57:05+00:00\" \/>\n<meta name=\"twitter:card\" content=\"summary_large_image\" \/>\n<meta name=\"twitter:label1\" content=\"Dur\u00e9e de lecture estim\u00e9e\" \/>\n\t<meta name=\"twitter:data1\" content=\"5 minutes\" \/>\n<script type=\"application\/ld+json\" class=\"yoast-schema-graph\">{\"@context\":\"https:\/\/schema.org\",\"@graph\":[{\"@type\":\"WebPage\",\"@id\":\"https:\/\/nuevo-renacer.com\/trabajo-sobriedad-y-continencia\/\",\"url\":\"https:\/\/nuevo-renacer.com\/trabajo-sobriedad-y-continencia\/\",\"name\":\"Trabajo, Sobriedad y Continencia - Uni\u00f3n Esp\u00edrita\",\"isPartOf\":{\"@id\":\"https:\/\/nuevo-renacer.com\/#website\"},\"primaryImageOfPage\":{\"@id\":\"https:\/\/nuevo-renacer.com\/trabajo-sobriedad-y-continencia\/#primaryimage\"},\"image\":{\"@id\":\"https:\/\/nuevo-renacer.com\/trabajo-sobriedad-y-continencia\/#primaryimage\"},\"thumbnailUrl\":\"https:\/\/nuevo-renacer.com\/wp-content\/uploads\/2024\/09\/hombre-campesino-ropa-trabajo-campo_1009902-21237.avif\",\"datePublished\":\"2024-09-05T12:48:38+00:00\",\"dateModified\":\"2024-09-05T12:57:05+00:00\",\"breadcrumb\":{\"@id\":\"https:\/\/nuevo-renacer.com\/trabajo-sobriedad-y-continencia\/#breadcrumb\"},\"inLanguage\":\"fr-FR\",\"potentialAction\":[{\"@type\":\"ReadAction\",\"target\":[\"https:\/\/nuevo-renacer.com\/trabajo-sobriedad-y-continencia\/\"]}]},{\"@type\":\"ImageObject\",\"inLanguage\":\"fr-FR\",\"@id\":\"https:\/\/nuevo-renacer.com\/trabajo-sobriedad-y-continencia\/#primaryimage\",\"url\":\"https:\/\/nuevo-renacer.com\/wp-content\/uploads\/2024\/09\/hombre-campesino-ropa-trabajo-campo_1009902-21237.avif\",\"contentUrl\":\"https:\/\/nuevo-renacer.com\/wp-content\/uploads\/2024\/09\/hombre-campesino-ropa-trabajo-campo_1009902-21237.avif\",\"width\":626,\"height\":417},{\"@type\":\"BreadcrumbList\",\"@id\":\"https:\/\/nuevo-renacer.com\/trabajo-sobriedad-y-continencia\/#breadcrumb\",\"itemListElement\":[{\"@type\":\"ListItem\",\"position\":1,\"name\":\"Startseite\",\"item\":\"https:\/\/nuevo-renacer.com\/\"},{\"@type\":\"ListItem\",\"position\":2,\"name\":\"Trabajo, Sobriedad y Continencia\"}]},{\"@type\":\"WebSite\",\"@id\":\"https:\/\/nuevo-renacer.com\/#website\",\"url\":\"https:\/\/nuevo-renacer.com\/\",\"name\":\"Uni\u00f3n Esp\u00edrita\",\"description\":\"Nuevo Renacer\",\"publisher\":{\"@id\":\"https:\/\/nuevo-renacer.com\/#organization\"},\"potentialAction\":[{\"@type\":\"SearchAction\",\"target\":{\"@type\":\"EntryPoint\",\"urlTemplate\":\"https:\/\/nuevo-renacer.com\/?s={search_term_string}\"},\"query-input\":{\"@type\":\"PropertyValueSpecification\",\"valueRequired\":true,\"valueName\":\"search_term_string\"}}],\"inLanguage\":\"fr-FR\"},{\"@type\":\"Organization\",\"@id\":\"https:\/\/nuevo-renacer.com\/#organization\",\"name\":\"UFEC\",\"url\":\"https:\/\/nuevo-renacer.com\/\",\"logo\":{\"@type\":\"ImageObject\",\"inLanguage\":\"fr-FR\",\"@id\":\"https:\/\/nuevo-renacer.com\/#\/schema\/logo\/image\/\",\"url\":\"https:\/\/nuevo-renacer.com\/wp-content\/uploads\/2024\/05\/cropped-LOGO-TERMINADO1-3-3.png\",\"contentUrl\":\"https:\/\/nuevo-renacer.com\/wp-content\/uploads\/2024\/05\/cropped-LOGO-TERMINADO1-3-3.png\",\"width\":512,\"height\":512,\"caption\":\"UFEC\"},\"image\":{\"@id\":\"https:\/\/nuevo-renacer.com\/#\/schema\/logo\/image\/\"},\"sameAs\":[\"https:\/\/www.facebook.com\/groups\/3431398063740829\"]}]}<\/script>\n<!-- \/ Yoast SEO Premium plugin. -->","yoast_head_json":{"title":"Trabajo, Sobriedad y Continencia - Uni\u00f3n Esp\u00edrita","robots":{"index":"index","follow":"follow","max-snippet":"max-snippet:-1","max-image-preview":"max-image-preview:large","max-video-preview":"max-video-preview:-1"},"canonical":"https:\/\/nuevo-renacer.com\/fr\/trabajo-sobriedad-y-continencia\/","og_locale":"fr_FR","og_type":"article","og_title":"Trabajo, Sobriedad y Continencia","og_description":"Trabajo, Sobriedad y Continencia El trabajo es una ley para las humanidades planetarias como para las sociedades del Espacio. Desde el ser m\u00e1s rudimentario hasta los Esp\u00edritus ang\u00e9licos que velan por los destinos de los mundos, todos toman parte en el gran concierto universal. Penoso y grosero para los seres inferiores, el trabajo se suaviza [&hellip;]","og_url":"https:\/\/nuevo-renacer.com\/fr\/trabajo-sobriedad-y-continencia\/","og_site_name":"Uni\u00f3n Esp\u00edrita","article_publisher":"https:\/\/www.facebook.com\/groups\/3431398063740829","article_modified_time":"2024-09-05T12:57:05+00:00","twitter_card":"summary_large_image","twitter_misc":{"Dur\u00e9e de lecture estim\u00e9e":"5 minutes"},"schema":{"@context":"https:\/\/schema.org","@graph":[{"@type":"WebPage","@id":"https:\/\/nuevo-renacer.com\/trabajo-sobriedad-y-continencia\/","url":"https:\/\/nuevo-renacer.com\/trabajo-sobriedad-y-continencia\/","name":"Trabajo, Sobriedad y Continencia - Uni\u00f3n Esp\u00edrita","isPartOf":{"@id":"https:\/\/nuevo-renacer.com\/#website"},"primaryImageOfPage":{"@id":"https:\/\/nuevo-renacer.com\/trabajo-sobriedad-y-continencia\/#primaryimage"},"image":{"@id":"https:\/\/nuevo-renacer.com\/trabajo-sobriedad-y-continencia\/#primaryimage"},"thumbnailUrl":"https:\/\/nuevo-renacer.com\/wp-content\/uploads\/2024\/09\/hombre-campesino-ropa-trabajo-campo_1009902-21237.avif","datePublished":"2024-09-05T12:48:38+00:00","dateModified":"2024-09-05T12:57:05+00:00","breadcrumb":{"@id":"https:\/\/nuevo-renacer.com\/trabajo-sobriedad-y-continencia\/#breadcrumb"},"inLanguage":"fr-FR","potentialAction":[{"@type":"ReadAction","target":["https:\/\/nuevo-renacer.com\/trabajo-sobriedad-y-continencia\/"]}]},{"@type":"ImageObject","inLanguage":"fr-FR","@id":"https:\/\/nuevo-renacer.com\/trabajo-sobriedad-y-continencia\/#primaryimage","url":"https:\/\/nuevo-renacer.com\/wp-content\/uploads\/2024\/09\/hombre-campesino-ropa-trabajo-campo_1009902-21237.avif","contentUrl":"https:\/\/nuevo-renacer.com\/wp-content\/uploads\/2024\/09\/hombre-campesino-ropa-trabajo-campo_1009902-21237.avif","width":626,"height":417},{"@type":"BreadcrumbList","@id":"https:\/\/nuevo-renacer.com\/trabajo-sobriedad-y-continencia\/#breadcrumb","itemListElement":[{"@type":"ListItem","position":1,"name":"Startseite","item":"https:\/\/nuevo-renacer.com\/"},{"@type":"ListItem","position":2,"name":"Trabajo, Sobriedad y Continencia"}]},{"@type":"WebSite","@id":"https:\/\/nuevo-renacer.com\/#website","url":"https:\/\/nuevo-renacer.com\/","name":"Uni\u00f3n Esp\u00edrita","description":"Nuevo Renacer","publisher":{"@id":"https:\/\/nuevo-renacer.com\/#organization"},"potentialAction":[{"@type":"SearchAction","target":{"@type":"EntryPoint","urlTemplate":"https:\/\/nuevo-renacer.com\/?s={search_term_string}"},"query-input":{"@type":"PropertyValueSpecification","valueRequired":true,"valueName":"search_term_string"}}],"inLanguage":"fr-FR"},{"@type":"Organization","@id":"https:\/\/nuevo-renacer.com\/#organization","name":"UFEC","url":"https:\/\/nuevo-renacer.com\/","logo":{"@type":"ImageObject","inLanguage":"fr-FR","@id":"https:\/\/nuevo-renacer.com\/#\/schema\/logo\/image\/","url":"https:\/\/nuevo-renacer.com\/wp-content\/uploads\/2024\/05\/cropped-LOGO-TERMINADO1-3-3.png","contentUrl":"https:\/\/nuevo-renacer.com\/wp-content\/uploads\/2024\/05\/cropped-LOGO-TERMINADO1-3-3.png","width":512,"height":512,"caption":"UFEC"},"image":{"@id":"https:\/\/nuevo-renacer.com\/#\/schema\/logo\/image\/"},"sameAs":["https:\/\/www.facebook.com\/groups\/3431398063740829"]}]}},"uagb_featured_image_src":{"full":["https:\/\/nuevo-renacer.com\/wp-content\/uploads\/2024\/09\/hombre-campesino-ropa-trabajo-campo_1009902-21237.avif",626,417,false],"thumbnail":["https:\/\/nuevo-renacer.com\/wp-content\/uploads\/2024\/09\/hombre-campesino-ropa-trabajo-campo_1009902-21237.avif",150,100,false],"medium":["https:\/\/nuevo-renacer.com\/wp-content\/uploads\/2024\/09\/hombre-campesino-ropa-trabajo-campo_1009902-21237.avif",300,200,false],"medium_large":["https:\/\/nuevo-renacer.com\/wp-content\/uploads\/2024\/09\/hombre-campesino-ropa-trabajo-campo_1009902-21237.avif",626,417,false],"large":["https:\/\/nuevo-renacer.com\/wp-content\/uploads\/2024\/09\/hombre-campesino-ropa-trabajo-campo_1009902-21237.avif",626,417,false],"1536x1536":["https:\/\/nuevo-renacer.com\/wp-content\/uploads\/2024\/09\/hombre-campesino-ropa-trabajo-campo_1009902-21237.avif",626,417,false],"2048x2048":["https:\/\/nuevo-renacer.com\/wp-content\/uploads\/2024\/09\/hombre-campesino-ropa-trabajo-campo_1009902-21237.avif",626,417,false],"trp-custom-language-flag":["https:\/\/nuevo-renacer.com\/wp-content\/uploads\/2024\/09\/hombre-campesino-ropa-trabajo-campo_1009902-21237.avif",18,12,false]},"uagb_author_info":{"display_name":"adbv0","author_link":"https:\/\/nuevo-renacer.com\/fr\/author\/adbv0\/"},"uagb_comment_info":0,"uagb_excerpt":"Trabajo, Sobriedad y Continencia El trabajo es una ley para las humanidades planetarias como para las sociedades del Espacio. Desde el ser m\u00e1s rudimentario hasta los Esp\u00edritus ang\u00e9licos que velan por los destinos de los mundos, todos toman parte en el gran concierto universal. Penoso y grosero para los seres inferiores, el trabajo se suaviza\u2026","jetpack_sharing_enabled":true,"_links":{"self":[{"href":"https:\/\/nuevo-renacer.com\/fr\/wp-json\/wp\/v2\/pages\/4523","targetHints":{"allow":["GET"]}}],"collection":[{"href":"https:\/\/nuevo-renacer.com\/fr\/wp-json\/wp\/v2\/pages"}],"about":[{"href":"https:\/\/nuevo-renacer.com\/fr\/wp-json\/wp\/v2\/types\/page"}],"author":[{"embeddable":true,"href":"https:\/\/nuevo-renacer.com\/fr\/wp-json\/wp\/v2\/users\/1"}],"replies":[{"embeddable":true,"href":"https:\/\/nuevo-renacer.com\/fr\/wp-json\/wp\/v2\/comments?post=4523"}],"version-history":[{"count":4,"href":"https:\/\/nuevo-renacer.com\/fr\/wp-json\/wp\/v2\/pages\/4523\/revisions"}],"predecessor-version":[{"id":4529,"href":"https:\/\/nuevo-renacer.com\/fr\/wp-json\/wp\/v2\/pages\/4523\/revisions\/4529"}],"wp:featuredmedia":[{"embeddable":true,"href":"https:\/\/nuevo-renacer.com\/fr\/wp-json\/wp\/v2\/media\/4525"}],"wp:attachment":[{"href":"https:\/\/nuevo-renacer.com\/fr\/wp-json\/wp\/v2\/media?parent=4523"}],"curies":[{"name":"wp","href":"https:\/\/api.w.org\/{rel}","templated":true}]}}