{"id":4456,"date":"2024-09-04T06:43:50","date_gmt":"2024-09-04T06:43:50","guid":{"rendered":"https:\/\/nuevo-renacer.com\/?page_id=4456"},"modified":"2024-09-04T08:01:25","modified_gmt":"2024-09-04T08:01:25","slug":"la-vida-moral","status":"publish","type":"page","link":"https:\/\/nuevo-renacer.com\/fr\/la-vida-moral\/","title":{"rendered":"La vie morale"},"content":{"rendered":"<div class=\"wp-block-uagb-container uagb-block-e2c27170 alignfull uagb-is-root-container\"><div class=\"uagb-container-inner-blocks-wrap\">\n<p class=\"has-black-color has-text-color has-link-color has-medium-font-size wp-elements-838ca5b867b8c3c8ee7c90a7cd844b7d\"><strong>La vie morale<\/strong><\/p>\n<\/div><\/div>\n\n\n\n<div class=\"wp-block-uagb-container uagb-block-9017ff8d alignfull uagb-is-root-container\"><div class=\"uagb-container-inner-blocks-wrap\">\n<figure class=\"wp-block-image size-large is-resized\"><img fetchpriority=\"high\" decoding=\"async\" width=\"1024\" height=\"576\" src=\"https:\/\/nuevo-renacer.com\/wp-content\/uploads\/2024\/09\/High_resolution_wallpaper_background_ID_77700646079-1024x576.webp\" alt=\"\" class=\"wp-image-4458\" style=\"width:379px;height:auto\" srcset=\"https:\/\/nuevo-renacer.com\/wp-content\/uploads\/2024\/09\/High_resolution_wallpaper_background_ID_77700646079-1024x576.webp 1024w, https:\/\/nuevo-renacer.com\/wp-content\/uploads\/2024\/09\/High_resolution_wallpaper_background_ID_77700646079-300x169.webp 300w, https:\/\/nuevo-renacer.com\/wp-content\/uploads\/2024\/09\/High_resolution_wallpaper_background_ID_77700646079-768x432.webp 768w, https:\/\/nuevo-renacer.com\/wp-content\/uploads\/2024\/09\/High_resolution_wallpaper_background_ID_77700646079-1536x864.webp 1536w, https:\/\/nuevo-renacer.com\/wp-content\/uploads\/2024\/09\/High_resolution_wallpaper_background_ID_77700646079-18x10.webp 18w, https:\/\/nuevo-renacer.com\/wp-content\/uploads\/2024\/09\/High_resolution_wallpaper_background_ID_77700646079.webp 1920w\" sizes=\"(max-width: 1024px) 100vw, 1024px\" \/><\/figure>\n<\/div><\/div>\n\n\n\n<div class=\"wp-block-uagb-container uagb-block-cc31bab9 alignfull uagb-is-root-container\"><div class=\"uagb-container-inner-blocks-wrap\">\n<p class=\"has-small-font-size\">Chaque \u00eatre humain grav\u00e9 en lui-m\u00eame, dans sa conscience, dans sa raison, qui est le fondement de la loi morale. Cette loi re\u00e7oit dans ce monde un d\u00e9but de sanction. Une bonne action conf\u00e8re \u00e0 son auteur une satisfaction intime, une sorte de dilatation, la relaxation de l&#039;\u00e2me. Nos fautes, au contraire, se produisent fr\u00e9quemment d&#039;amertume et de regrets. Toutefois, cette sanction, de fa\u00e7on variable selon les individus, elle est trop vague, trop insuffisant, du point de vue de l&#039;absolu de la justice. C&#039;est pourquoi les religions ont plac\u00e9 dans l&#039;avenir, la vie, les peines et les r\u00e9compenses que nous r\u00e9serve la peine capitale de nos actes. Maintenant, comme vous voulez pour votre information, ils manquent de fondement, sont remis en question par la majorit\u00e9. Apr\u00e8s avoir exerc\u00e9 une influence importante dans les soci\u00e9t\u00e9s du Moyen \u00c2ge, ne suffisent plus \u00e0 retirer l&#039;homme de la voie de la sensualit\u00e9.<\/p>\n\n\n\n<p class=\"has-small-font-size\">Avant le drame du Golgotha, J\u00e9sus avait dit aux hommes d&#039;un autre consolateur, l&#039;Esprit de V\u00e9rit\u00e9 qui devrait se r\u00e9initialiser et \u00e0 terminer leurs \u00e9tudes. Cet Esprit de V\u00e9rit\u00e9 est venu, et a parl\u00e9 \u00e0 la Terre; pour toutes les parties \u00e0 faire entendre sa voix. Dix-huit si\u00e8cles apr\u00e8s la mort du Christ, s&#039;\u00e9tant r\u00e9pandu partout dans le monde la libert\u00e9 de parole et de pens\u00e9e, avoir sonder le ciel de la science, apr\u00e8s avoir d\u00e9velopp\u00e9 l&#039;intelligence humaine, le temps a \u00e9t\u00e9 consid\u00e9r\u00e9 comme favorable. Les Esprits viennent dans une multitude d&#039;enseigner, de leurs fr\u00e8res de la Terre la loi du progr\u00e8s et de l&#039;infini portent en elles la promesse de J\u00e9sus de la restauration de votre doctrine, et de commenter ses mots.<\/p>\n\n\n\n<p class=\"has-small-font-size\">Le spiritisme nous donne la cl\u00e9 de l&#039;\u00c9vangile. Il explique son sens obscur ou cach\u00e9; il fournit un moral \u00e9lev\u00e9, la morale d\u00e9finitive, dont la grandeur et la beaut\u00e9 de r\u00e9v\u00e9ler sa source de surhumain.<\/p>\n\n\n\n<p class=\"has-small-font-size\">Afin que la v\u00e9rit\u00e9 soit \u00e9tendue \u00e0 la m\u00eame \u00e9poque par tous les peuples, afin que nul ne puisse auraient pour effet de fausser ou de la d\u00e9truire, n&#039;est plus un homme, plus un groupe d&#039;ap\u00f4tres, qui est en charge de la faire conna\u00eetre \u00e0 l&#039;humanit\u00e9. La voix des Esprits proclamer dans diverses parties du monde civilis\u00e9, et gr\u00e2ce \u00e0 cette universelle et permanente, de cette r\u00e9v\u00e9lation, d\u00e9fie tous les combats et de toutes les inquisitions. Il peut supprimer l&#039;enseignement d&#039;un homme, d&#039;une forge, et d&#039;annihiler leurs \u0153uvres; mais qui peut attaquer et de les r\u00e9futer pour les habitants de l&#039;Espace? Savoir comment faire pour annuler toutes les mauvaises interpr\u00e9tations et de transporter la pr\u00e9cieuse semence, jusqu&#039;\u00e0 la plupart des r\u00e9gions recul\u00e9es. Ce doit \u00eatre la puissance, la vitesse de diffusion du Spiritisme et de sa sup\u00e9riorit\u00e9 sur toutes les doctrines qui ont pr\u00e9c\u00e9d\u00e9 et pr\u00e9par\u00e9 son av\u00e8nement.<\/p>\n\n\n\n<p class=\"has-small-font-size\">Sur la base de la morale du spiritisme est, par cons\u00e9quent, dans les t\u00e9moignages des milliers d&#039;\u00e2mes qui viennent de tous les endroits pour d\u00e9crire, en utilisant les m\u00e9diums, la vie apr\u00e8s la mort, et de leurs sentiments, de leurs joies et de leurs peines.<\/p>\n\n\n\n<p class=\"has-small-font-size\">La morale de l&#039;ind\u00e9pendance, que les mat\u00e9rialistes ont tent\u00e9 de construire, il h\u00e9site de le souffle de tous les vents, l&#039;absence d&#039;une base solide. La morale de l&#039;\u00e9glises, sur l&#039;ensemble de la station, la peur, la peur de la punition de l&#039;enfer; faux sentiment de d\u00e9classement et nous fait sentir petit. La Philosophie des Esprits vient offrir \u00e0 l&#039;humanit\u00e9 une p\u00e9nalit\u00e9 de moral \u00e9lev\u00e9, un id\u00e9al plus noble et g\u00e9n\u00e9reux. Il n&#039;y a plus de tortures \u00e9ternelles, mais la juste cons\u00e9quence des actes qui incombe \u00e0 son auteur.<\/p>\n\n\n\n<p class=\"has-small-font-size\">L&#039;Esprit se retrouve dans tous les lieux comme il l&#039;a fait. S&#039;il viole la loi morale, fait de sa conscience et de ses pouvoirs; il se mat\u00e9rialise, les cha\u00eenes de leurs propres mains. Pratiquant le droit de la bonne, dominant les passions brutales, est ag\u00fcera et se rapproche de l&#039;univers vous heureux.<\/p>\n\n\n\n<p class=\"has-small-font-size\">De ce point de vue, la vie morale est impos\u00e9e comme une obligation rigoureuse pour tous ceux qui s&#039;inqui\u00e8tent de quelque chose de votre destination; d&#039;o\u00f9 la n\u00e9cessit\u00e9 d&#039;une hygi\u00e8ne de l&#039;\u00e2me qui est appliqu\u00e9 \u00e0 tous nos actes, maintenant que nos forces spirituelles sont dans un \u00e9tat d&#039;\u00e9quilibre et d&#039;harmonie. S&#039;il est souhaitable de soumettre le corps \u2013 enveloppement mortal instrument p\u00e9rissables \u2013 les prescriptions de la loi de la physique qui assure son entretien et de son fonctionnement, il importe beaucoup plus pour assurer la perfection de l&#039;\u00e2me, qui est notre \u00e9ternelle de soi, et qui est li\u00e9 \u00e0 notre sort dans l&#039;avenir. Le spiritisme nous a fourni les \u00e9l\u00e9ments de cette hygi\u00e8ne de l&#039;\u00e2me.<\/p>\n\n\n\n<p class=\"has-small-font-size\">La connaissance de l&#039;objet r\u00e9el de l&#039;existence des cons\u00e9quences incalculables pour l&#039;am\u00e9lioration et l&#039;\u00e9l\u00e9vation de l&#039;homme. Savoir o\u00f9 vous allez, est le r\u00e9sultat d&#039;affirmer leurs \u00e9tapes, l&#039;impression \u00e0 vos \u00e9v\u00e9nements une impulsion vigoureuse vers l&#039;id\u00e9al con\u00e7u.<\/p>\n\n\n\n<p class=\"has-small-font-size\">Les doctrines de quoi que ce soit \u00e0 faire de cette vie un cul-de-sac, et le plomb, logiquement, \u00e0 la sensualismo et le d\u00e9sordre. Les Religions, \u00e0 faire de l&#039;existence une \u0153uvre de salut, le personnel est tr\u00e8s probl\u00e9matique, envisager \u00e0 partir d&#039;un point de vue \u00e9go\u00efste et \u00e9troit.<\/p>\n\n\n\n<p class=\"has-small-font-size\">Avec la Philosophie des Esprits, de ce point de vue change et \u00e9largit la perspective. Ce que nous devons rechercher, c&#039;est pas d\u00e9j\u00e0 le bonheur de bonheur terrestre, dans la Terre, rares et pr\u00e9caires, mais une am\u00e9lioration continue; et les moyens de le faire, c&#039;est \u00e0 l&#039;observation de la morale sous toutes ses formes.<\/p>\n\n\n\n<p class=\"has-small-font-size\">Avec un tel id\u00e9al de la soci\u00e9t\u00e9, une soci\u00e9t\u00e9 est indestructible; elle met tous les \u00e9v\u00e9nements et tous les \u00e9v\u00e9nements. C&#039;est un grand malheur et situ\u00e9 dans l&#039;adversit\u00e9, les moyens de les \u00e9lever au-dessus de lui-m\u00eame. D\u00e9pourvu de l&#039;id\u00e9al, berc\u00e9 par le sophisme de la sensualistas, une soci\u00e9t\u00e9 ne peut pas faire plus que corrompue et affaibli; sa foi dans le progr\u00e8s et la justice est \u00e9teinte avec sa virilit\u00e9; il devient bient\u00f4t un corps sans \u00e2me, et, fatalement, dans la proie de leurs ennemis.<\/p>\n\n\n\n<p class=\"has-small-font-size\">Heureux l&#039;homme qui, en cette vie pleine de t\u00e9n\u00e8bres, et les obstacles qu&#039;il marche de fa\u00e7on constante vers la fin de haut qui le caract\u00e9rise, que vous connaissez et qui est pour s\u00fbr! Heureux que le qu&#039;un souffle d&#039;en haut, inspire \u00e0 ses \u0153uvres et \u00e0 avancer! Les plaisirs de vous laisser indiff\u00e9rents; les tentations de la chair, les illusions mensong\u00e8res et trompeuses de la fortune ne sont pas des pr\u00e9dateurs sur elle. Voyageur en place, \u00e0 la fin de l&#039;appel, et il se pr\u00e9cipite pour l&#039;atteindre.<\/p>\n\n\n\n<p class=\"has-black-color has-text-color has-link-color has-small-font-size wp-elements-9b4626f338aaf639064af36f2f8701eb\"><em><strong>L\u00e9on Denis<\/strong> \u2013 Le Droit Chemin \u2503 Concept spirite de la loi morale<\/em><\/p>\n<\/div><\/div>","protected":false},"excerpt":{"rendered":"<p>La vida moral Todo ser humano lleva grabados en s\u00ed, en su conciencia, en su raz\u00f3n, los rudimentos de la ley moral. Esta ley recibe en este mismo mundo un comienzo de sanci\u00f3n. Una buena acci\u00f3n proporciona a su autor una satisfacci\u00f3n \u00edntima, una especie de dilataci\u00f3n, de esparcimiento del alma. Nuestras faltas, por el [&hellip;]<\/p>","protected":false},"author":1,"featured_media":4458,"parent":0,"menu_order":0,"comment_status":"closed","ping_status":"closed","template":"","meta":{"_uag_custom_page_level_css":"","site-sidebar-layout":"default","site-content-layout":"","ast-site-content-layout":"default","site-content-style":"default","site-sidebar-style":"default","ast-global-header-display":"","ast-banner-title-visibility":"","ast-main-header-display":"","ast-hfb-above-header-display":"","ast-hfb-below-header-display":"","ast-hfb-mobile-header-display":"","site-post-title":"","ast-breadcrumbs-content":"","ast-featured-img":"","footer-sml-layout":"","theme-transparent-header-meta":"","adv-header-id-meta":"","stick-header-meta":"","header-above-stick-meta":"","header-main-stick-meta":"","header-below-stick-meta":"","astra-migrate-meta-layouts":"set","ast-page-background-enabled":"default","ast-page-background-meta":{"desktop":{"background-color":"var(--ast-global-color-4)","background-image":"","background-repeat":"repeat","background-position":"center center","background-size":"auto","background-attachment":"scroll","background-type":"","background-media":"","overlay-type":"","overlay-color":"","overlay-opacity":"","overlay-gradient":""},"tablet":{"background-color":"","background-image":"","background-repeat":"repeat","background-position":"center center","background-size":"auto","background-attachment":"scroll","background-type":"","background-media":"","overlay-type":"","overlay-color":"","overlay-opacity":"","overlay-gradient":""},"mobile":{"background-color":"","background-image":"","background-repeat":"repeat","background-position":"center center","background-size":"auto","background-attachment":"scroll","background-type":"","background-media":"","overlay-type":"","overlay-color":"","overlay-opacity":"","overlay-gradient":""}},"ast-content-background-meta":{"desktop":{"background-color":"var(--ast-global-color-5)","background-image":"","background-repeat":"repeat","background-position":"center center","background-size":"auto","background-attachment":"scroll","background-type":"","background-media":"","overlay-type":"","overlay-color":"","overlay-opacity":"","overlay-gradient":""},"tablet":{"background-color":"var(--ast-global-color-5)","background-image":"","background-repeat":"repeat","background-position":"center center","background-size":"auto","background-attachment":"scroll","background-type":"","background-media":"","overlay-type":"","overlay-color":"","overlay-opacity":"","overlay-gradient":""},"mobile":{"background-color":"var(--ast-global-color-5)","background-image":"","background-repeat":"repeat","background-position":"center center","background-size":"auto","background-attachment":"scroll","background-type":"","background-media":"","overlay-type":"","overlay-color":"","overlay-opacity":"","overlay-gradient":""}},"footnotes":""},"class_list":["post-4456","page","type-page","status-publish","has-post-thumbnail","hentry"],"yoast_head":"<!-- This site is optimized with the Yoast SEO Premium plugin v24.2 (Yoast SEO v24.6) - https:\/\/yoast.com\/wordpress\/plugins\/seo\/ -->\n<title>La vida moral - Uni\u00f3n Esp\u00edrita<\/title>\n<meta name=\"robots\" content=\"index, follow, max-snippet:-1, max-image-preview:large, max-video-preview:-1\" \/>\n<link rel=\"canonical\" href=\"https:\/\/nuevo-renacer.com\/fr\/la-vida-moral\/\" \/>\n<meta property=\"og:locale\" content=\"fr_FR\" \/>\n<meta property=\"og:type\" content=\"article\" \/>\n<meta property=\"og:title\" content=\"La vida moral\" \/>\n<meta property=\"og:description\" content=\"La vida moral Todo ser humano lleva grabados en s\u00ed, en su conciencia, en su raz\u00f3n, los rudimentos de la ley moral. Esta ley recibe en este mismo mundo un comienzo de sanci\u00f3n. Una buena acci\u00f3n proporciona a su autor una satisfacci\u00f3n \u00edntima, una especie de dilataci\u00f3n, de esparcimiento del alma. Nuestras faltas, por el [&hellip;]\" \/>\n<meta property=\"og:url\" content=\"https:\/\/nuevo-renacer.com\/fr\/la-vida-moral\/\" \/>\n<meta property=\"og:site_name\" content=\"Uni\u00f3n Esp\u00edrita\" \/>\n<meta property=\"article:publisher\" content=\"https:\/\/www.facebook.com\/groups\/3431398063740829\" \/>\n<meta property=\"article:modified_time\" content=\"2024-09-04T08:01:25+00:00\" \/>\n<meta property=\"og:image\" content=\"https:\/\/nuevo-renacer.com\/wp-content\/uploads\/2024\/09\/High_resolution_wallpaper_background_ID_77700646079.webp\" \/>\n\t<meta property=\"og:image:width\" content=\"1920\" \/>\n\t<meta property=\"og:image:height\" content=\"1080\" \/>\n\t<meta property=\"og:image:type\" content=\"image\/webp\" \/>\n<meta name=\"twitter:card\" content=\"summary_large_image\" \/>\n<meta name=\"twitter:label1\" content=\"Dur\u00e9e de lecture estim\u00e9e\" \/>\n\t<meta name=\"twitter:data1\" content=\"6 minutes\" \/>\n<script type=\"application\/ld+json\" class=\"yoast-schema-graph\">{\"@context\":\"https:\/\/schema.org\",\"@graph\":[{\"@type\":\"WebPage\",\"@id\":\"https:\/\/nuevo-renacer.com\/la-vida-moral\/\",\"url\":\"https:\/\/nuevo-renacer.com\/la-vida-moral\/\",\"name\":\"La vida moral - Uni\u00f3n Esp\u00edrita\",\"isPartOf\":{\"@id\":\"https:\/\/nuevo-renacer.com\/#website\"},\"primaryImageOfPage\":{\"@id\":\"https:\/\/nuevo-renacer.com\/la-vida-moral\/#primaryimage\"},\"image\":{\"@id\":\"https:\/\/nuevo-renacer.com\/la-vida-moral\/#primaryimage\"},\"thumbnailUrl\":\"https:\/\/nuevo-renacer.com\/wp-content\/uploads\/2024\/09\/High_resolution_wallpaper_background_ID_77700646079.webp\",\"datePublished\":\"2024-09-04T06:43:50+00:00\",\"dateModified\":\"2024-09-04T08:01:25+00:00\",\"breadcrumb\":{\"@id\":\"https:\/\/nuevo-renacer.com\/la-vida-moral\/#breadcrumb\"},\"inLanguage\":\"fr-FR\",\"potentialAction\":[{\"@type\":\"ReadAction\",\"target\":[\"https:\/\/nuevo-renacer.com\/la-vida-moral\/\"]}]},{\"@type\":\"ImageObject\",\"inLanguage\":\"fr-FR\",\"@id\":\"https:\/\/nuevo-renacer.com\/la-vida-moral\/#primaryimage\",\"url\":\"https:\/\/nuevo-renacer.com\/wp-content\/uploads\/2024\/09\/High_resolution_wallpaper_background_ID_77700646079.webp\",\"contentUrl\":\"https:\/\/nuevo-renacer.com\/wp-content\/uploads\/2024\/09\/High_resolution_wallpaper_background_ID_77700646079.webp\",\"width\":1920,\"height\":1080},{\"@type\":\"BreadcrumbList\",\"@id\":\"https:\/\/nuevo-renacer.com\/la-vida-moral\/#breadcrumb\",\"itemListElement\":[{\"@type\":\"ListItem\",\"position\":1,\"name\":\"Startseite\",\"item\":\"https:\/\/nuevo-renacer.com\/\"},{\"@type\":\"ListItem\",\"position\":2,\"name\":\"La vida moral\"}]},{\"@type\":\"WebSite\",\"@id\":\"https:\/\/nuevo-renacer.com\/#website\",\"url\":\"https:\/\/nuevo-renacer.com\/\",\"name\":\"Uni\u00f3n Esp\u00edrita\",\"description\":\"Nuevo Renacer\",\"publisher\":{\"@id\":\"https:\/\/nuevo-renacer.com\/#organization\"},\"potentialAction\":[{\"@type\":\"SearchAction\",\"target\":{\"@type\":\"EntryPoint\",\"urlTemplate\":\"https:\/\/nuevo-renacer.com\/?s={search_term_string}\"},\"query-input\":{\"@type\":\"PropertyValueSpecification\",\"valueRequired\":true,\"valueName\":\"search_term_string\"}}],\"inLanguage\":\"fr-FR\"},{\"@type\":\"Organization\",\"@id\":\"https:\/\/nuevo-renacer.com\/#organization\",\"name\":\"UFEC\",\"url\":\"https:\/\/nuevo-renacer.com\/\",\"logo\":{\"@type\":\"ImageObject\",\"inLanguage\":\"fr-FR\",\"@id\":\"https:\/\/nuevo-renacer.com\/#\/schema\/logo\/image\/\",\"url\":\"https:\/\/nuevo-renacer.com\/wp-content\/uploads\/2024\/05\/cropped-LOGO-TERMINADO1-3-3.png\",\"contentUrl\":\"https:\/\/nuevo-renacer.com\/wp-content\/uploads\/2024\/05\/cropped-LOGO-TERMINADO1-3-3.png\",\"width\":512,\"height\":512,\"caption\":\"UFEC\"},\"image\":{\"@id\":\"https:\/\/nuevo-renacer.com\/#\/schema\/logo\/image\/\"},\"sameAs\":[\"https:\/\/www.facebook.com\/groups\/3431398063740829\"]}]}<\/script>\n<!-- \/ Yoast SEO Premium plugin. -->","yoast_head_json":{"title":"La vida moral - Uni\u00f3n Esp\u00edrita","robots":{"index":"index","follow":"follow","max-snippet":"max-snippet:-1","max-image-preview":"max-image-preview:large","max-video-preview":"max-video-preview:-1"},"canonical":"https:\/\/nuevo-renacer.com\/fr\/la-vida-moral\/","og_locale":"fr_FR","og_type":"article","og_title":"La vida moral","og_description":"La vida moral Todo ser humano lleva grabados en s\u00ed, en su conciencia, en su raz\u00f3n, los rudimentos de la ley moral. Esta ley recibe en este mismo mundo un comienzo de sanci\u00f3n. Una buena acci\u00f3n proporciona a su autor una satisfacci\u00f3n \u00edntima, una especie de dilataci\u00f3n, de esparcimiento del alma. Nuestras faltas, por el [&hellip;]","og_url":"https:\/\/nuevo-renacer.com\/fr\/la-vida-moral\/","og_site_name":"Uni\u00f3n Esp\u00edrita","article_publisher":"https:\/\/www.facebook.com\/groups\/3431398063740829","article_modified_time":"2024-09-04T08:01:25+00:00","og_image":[{"width":1920,"height":1080,"url":"https:\/\/nuevo-renacer.com\/wp-content\/uploads\/2024\/09\/High_resolution_wallpaper_background_ID_77700646079.webp","type":"image\/webp"}],"twitter_card":"summary_large_image","twitter_misc":{"Dur\u00e9e de lecture estim\u00e9e":"6 minutes"},"schema":{"@context":"https:\/\/schema.org","@graph":[{"@type":"WebPage","@id":"https:\/\/nuevo-renacer.com\/la-vida-moral\/","url":"https:\/\/nuevo-renacer.com\/la-vida-moral\/","name":"La vida moral - Uni\u00f3n Esp\u00edrita","isPartOf":{"@id":"https:\/\/nuevo-renacer.com\/#website"},"primaryImageOfPage":{"@id":"https:\/\/nuevo-renacer.com\/la-vida-moral\/#primaryimage"},"image":{"@id":"https:\/\/nuevo-renacer.com\/la-vida-moral\/#primaryimage"},"thumbnailUrl":"https:\/\/nuevo-renacer.com\/wp-content\/uploads\/2024\/09\/High_resolution_wallpaper_background_ID_77700646079.webp","datePublished":"2024-09-04T06:43:50+00:00","dateModified":"2024-09-04T08:01:25+00:00","breadcrumb":{"@id":"https:\/\/nuevo-renacer.com\/la-vida-moral\/#breadcrumb"},"inLanguage":"fr-FR","potentialAction":[{"@type":"ReadAction","target":["https:\/\/nuevo-renacer.com\/la-vida-moral\/"]}]},{"@type":"ImageObject","inLanguage":"fr-FR","@id":"https:\/\/nuevo-renacer.com\/la-vida-moral\/#primaryimage","url":"https:\/\/nuevo-renacer.com\/wp-content\/uploads\/2024\/09\/High_resolution_wallpaper_background_ID_77700646079.webp","contentUrl":"https:\/\/nuevo-renacer.com\/wp-content\/uploads\/2024\/09\/High_resolution_wallpaper_background_ID_77700646079.webp","width":1920,"height":1080},{"@type":"BreadcrumbList","@id":"https:\/\/nuevo-renacer.com\/la-vida-moral\/#breadcrumb","itemListElement":[{"@type":"ListItem","position":1,"name":"Startseite","item":"https:\/\/nuevo-renacer.com\/"},{"@type":"ListItem","position":2,"name":"La vida moral"}]},{"@type":"WebSite","@id":"https:\/\/nuevo-renacer.com\/#website","url":"https:\/\/nuevo-renacer.com\/","name":"Uni\u00f3n Esp\u00edrita","description":"Nuevo Renacer","publisher":{"@id":"https:\/\/nuevo-renacer.com\/#organization"},"potentialAction":[{"@type":"SearchAction","target":{"@type":"EntryPoint","urlTemplate":"https:\/\/nuevo-renacer.com\/?s={search_term_string}"},"query-input":{"@type":"PropertyValueSpecification","valueRequired":true,"valueName":"search_term_string"}}],"inLanguage":"fr-FR"},{"@type":"Organization","@id":"https:\/\/nuevo-renacer.com\/#organization","name":"UFEC","url":"https:\/\/nuevo-renacer.com\/","logo":{"@type":"ImageObject","inLanguage":"fr-FR","@id":"https:\/\/nuevo-renacer.com\/#\/schema\/logo\/image\/","url":"https:\/\/nuevo-renacer.com\/wp-content\/uploads\/2024\/05\/cropped-LOGO-TERMINADO1-3-3.png","contentUrl":"https:\/\/nuevo-renacer.com\/wp-content\/uploads\/2024\/05\/cropped-LOGO-TERMINADO1-3-3.png","width":512,"height":512,"caption":"UFEC"},"image":{"@id":"https:\/\/nuevo-renacer.com\/#\/schema\/logo\/image\/"},"sameAs":["https:\/\/www.facebook.com\/groups\/3431398063740829"]}]}},"uagb_featured_image_src":{"full":["https:\/\/nuevo-renacer.com\/wp-content\/uploads\/2024\/09\/High_resolution_wallpaper_background_ID_77700646079.webp",1920,1080,false],"thumbnail":["https:\/\/nuevo-renacer.com\/wp-content\/uploads\/2024\/09\/High_resolution_wallpaper_background_ID_77700646079-150x150.webp",150,150,true],"medium":["https:\/\/nuevo-renacer.com\/wp-content\/uploads\/2024\/09\/High_resolution_wallpaper_background_ID_77700646079-300x169.webp",300,169,true],"medium_large":["https:\/\/nuevo-renacer.com\/wp-content\/uploads\/2024\/09\/High_resolution_wallpaper_background_ID_77700646079-768x432.webp",768,432,true],"large":["https:\/\/nuevo-renacer.com\/wp-content\/uploads\/2024\/09\/High_resolution_wallpaper_background_ID_77700646079-1024x576.webp",1024,576,true],"1536x1536":["https:\/\/nuevo-renacer.com\/wp-content\/uploads\/2024\/09\/High_resolution_wallpaper_background_ID_77700646079-1536x864.webp",1536,864,true],"2048x2048":["https:\/\/nuevo-renacer.com\/wp-content\/uploads\/2024\/09\/High_resolution_wallpaper_background_ID_77700646079.webp",1920,1080,false],"trp-custom-language-flag":["https:\/\/nuevo-renacer.com\/wp-content\/uploads\/2024\/09\/High_resolution_wallpaper_background_ID_77700646079-18x10.webp",18,10,true]},"uagb_author_info":{"display_name":"adbv0","author_link":"https:\/\/nuevo-renacer.com\/fr\/author\/adbv0\/"},"uagb_comment_info":0,"uagb_excerpt":"La vida moral Todo ser humano lleva grabados en s\u00ed, en su conciencia, en su raz\u00f3n, los rudimentos de la ley moral. Esta ley recibe en este mismo mundo un comienzo de sanci\u00f3n. Una buena acci\u00f3n proporciona a su autor una satisfacci\u00f3n \u00edntima, una especie de dilataci\u00f3n, de esparcimiento del alma. Nuestras faltas, por el\u2026","jetpack_sharing_enabled":true,"_links":{"self":[{"href":"https:\/\/nuevo-renacer.com\/fr\/wp-json\/wp\/v2\/pages\/4456","targetHints":{"allow":["GET"]}}],"collection":[{"href":"https:\/\/nuevo-renacer.com\/fr\/wp-json\/wp\/v2\/pages"}],"about":[{"href":"https:\/\/nuevo-renacer.com\/fr\/wp-json\/wp\/v2\/types\/page"}],"author":[{"embeddable":true,"href":"https:\/\/nuevo-renacer.com\/fr\/wp-json\/wp\/v2\/users\/1"}],"replies":[{"embeddable":true,"href":"https:\/\/nuevo-renacer.com\/fr\/wp-json\/wp\/v2\/comments?post=4456"}],"version-history":[{"count":4,"href":"https:\/\/nuevo-renacer.com\/fr\/wp-json\/wp\/v2\/pages\/4456\/revisions"}],"predecessor-version":[{"id":4468,"href":"https:\/\/nuevo-renacer.com\/fr\/wp-json\/wp\/v2\/pages\/4456\/revisions\/4468"}],"wp:featuredmedia":[{"embeddable":true,"href":"https:\/\/nuevo-renacer.com\/fr\/wp-json\/wp\/v2\/media\/4458"}],"wp:attachment":[{"href":"https:\/\/nuevo-renacer.com\/fr\/wp-json\/wp\/v2\/media?parent=4456"}],"curies":[{"name":"wp","href":"https:\/\/api.w.org\/{rel}","templated":true}]}}