{"id":4407,"date":"2024-09-03T08:15:39","date_gmt":"2024-09-03T08:15:39","guid":{"rendered":"https:\/\/nuevo-renacer.com\/?page_id=4407"},"modified":"2024-09-03T08:15:41","modified_gmt":"2024-09-03T08:15:41","slug":"juana-de-arco","status":"publish","type":"page","link":"https:\/\/nuevo-renacer.com\/fr\/juana-de-arco\/","title":{"rendered":"Jeanne d&#039;Arc"},"content":{"rendered":"<div class=\"wp-block-uagb-container uagb-block-f4634d29 alignfull uagb-is-root-container\"><div class=\"uagb-container-inner-blocks-wrap\">\n<p class=\"has-black-color has-text-color has-link-color has-medium-font-size wp-elements-e80af57ebb19efe42e734ae1dd686d32\"><strong>Jeanne d&#039;Arc<\/strong><\/p>\n<\/div><\/div>\n\n\n\n<div class=\"wp-block-uagb-container uagb-block-e1510548 alignfull uagb-is-root-container\"><div class=\"uagb-container-inner-blocks-wrap\">\n<figure class=\"wp-block-image size-full is-resized\"><img fetchpriority=\"high\" decoding=\"async\" width=\"550\" height=\"757\" src=\"https:\/\/nuevo-renacer.com\/wp-content\/uploads\/2024\/09\/los-ultimos-instantes-en-el-panteon-de-paris-se-exhibe-esta-pintura-en-la-que-jules-eugene-lenepveu-evoco-con-afan-realista-los-ultimos-minutos-de-la-vida-de-juana-de-arco-siglo-xix_b8cfd2e4_550x757.jpg\" alt=\"\" class=\"wp-image-4410\" style=\"width:251px;height:auto\" srcset=\"https:\/\/nuevo-renacer.com\/wp-content\/uploads\/2024\/09\/los-ultimos-instantes-en-el-panteon-de-paris-se-exhibe-esta-pintura-en-la-que-jules-eugene-lenepveu-evoco-con-afan-realista-los-ultimos-minutos-de-la-vida-de-juana-de-arco-siglo-xix_b8cfd2e4_550x757.jpg 550w, https:\/\/nuevo-renacer.com\/wp-content\/uploads\/2024\/09\/los-ultimos-instantes-en-el-panteon-de-paris-se-exhibe-esta-pintura-en-la-que-jules-eugene-lenepveu-evoco-con-afan-realista-los-ultimos-minutos-de-la-vida-de-juana-de-arco-siglo-xix_b8cfd2e4_550x757-218x300.jpg 218w, https:\/\/nuevo-renacer.com\/wp-content\/uploads\/2024\/09\/los-ultimos-instantes-en-el-panteon-de-paris-se-exhibe-esta-pintura-en-la-que-jules-eugene-lenepveu-evoco-con-afan-realista-los-ultimos-minutos-de-la-vida-de-juana-de-arco-siglo-xix_b8cfd2e4_550x757-9x12.jpg 9w\" sizes=\"(max-width: 550px) 100vw, 550px\" \/><\/figure>\n<\/div><\/div>\n\n\n\n<div class=\"wp-block-uagb-container uagb-block-1405f0fd alignfull uagb-is-root-container\"><div class=\"uagb-container-inner-blocks-wrap\">\n<p class=\"has-black-color has-text-color has-link-color has-small-font-size wp-elements-dee2990e251e549c01fdda1aebacb556\">La France est un pays qui a \u00e9t\u00e9 \u00e9cras\u00e9 par la puissance de l&#039;anglais. Ce n&#039;\u00e9tait pas exactement un pays tel qu&#039;il est connu aujourd&#039;hui. Il a \u00e9t\u00e9 form\u00e9 par plusieurs fiefs. Et c&#039;\u00e9tait dans un village ignor\u00e9 jusqu&#039;alors, o\u00f9, en 1412, une fille est n\u00e9e, qui allait devenir c\u00e9l\u00e8bre et c\u00e9l\u00e9br\u00e9 Domremy.<\/p>\n\n\n\n<p class=\"has-black-color has-text-color has-link-color has-small-font-size wp-elements-95fbad4078f72ed703a48dd3be00bdc8\">La fille de paysans pauvres, il a appris \u00e0 filer de la laine, avec sa m\u00e8re et a pris soin du troupeau de moutons. J&#039;avais trois fr\u00e8res et une s\u0153ur. N&#039;a pas \u00e0 apprendre \u00e0 lire ou \u00e0 \u00e9crire, comme le travail d\u00e8s a toutes les heures. La ville \u00e9tait assez loin et que les rumeurs de guerre n&#039;ont pas tard\u00e9 \u00e0 arriver. Enfin, un jour, Jeanne d&#039;Arc se trouva face \u00e0 face avec les horreurs de la guerre, lorsque les troupes britanniques s&#039;est approch\u00e9 et toute la famille a d\u00fb fuir et se cacher.<\/p>\n\n\n\n<p class=\"has-black-color has-text-color has-link-color has-small-font-size wp-elements-49e65a468bacf00abfda0806e559895b\">\u00c0 l'\u00e2ge de 12 ans, il a commenc\u00e9 \u00e0 avoir des visions. C'\u00e9tait un jour d'\u00e9t\u00e9, \u00e0 midi. Jeanne \u00e9tait en train de prier dans le jardin pr\u00e8s de sa maison quand il a entendu une voix qui disait de faire confiance au Seigneur. La figure qu'il a vu l'a identifi\u00e9 lui-m\u00eame comme l'Archange San Miguel. Les deux messagers spirituels qui \u00e9taient avec lui, Catherine et Marguerite, de saint, selon l'\u00c9glise qu'elle a assist\u00e9.<\/p>\n\n\n\n<p class=\"has-black-color has-text-color has-link-color has-small-font-size wp-elements-45202835b2936fd152d4bdcb99deb567\">Ils ont parl\u00e9 de la situation du pays et a r\u00e9v\u00e9l\u00e9 sa mission. Elle a d\u00fb venir au secours du Dauphin et de la coronarle roi de France. Pendant quatre ans, il h\u00e9sita, et l&#039;histoire de ses visions ont commenc\u00e9 \u00e0 se r\u00e9pandre. \u00c0 l&#039;aube d&#039;un jour d&#039;hiver, il se l\u00e8ve. J&#039;\u00e9tais d\u00e9termin\u00e9e. Pr\u00e9parer un peu de bagages, un petit paquet, une canne, des voyages, dit au revoir \u00e0 ses parents et une partie. Les lorrains ne le verra pas.<\/p>\n\n\n\n<p class=\"has-black-color has-text-color has-link-color has-small-font-size wp-elements-108b590d61ed65ff22e7b08697bacc72\">Est all\u00e9 \u00e0 Vaucouleurs, o\u00f9 il a v\u00e9cu un de ses oncles, qui ont cru en lui et l&#039;ont accompagn\u00e9e \u00e0 Chinon, le Palais Royal. La situation \u00e9tait tr\u00e8s grave. La Guerre de Cent Ans, il \u00e9tait \u00e0 un moment d\u00e9cisif. Le Dauphin Charles \u00e9tait trop faible pour prendre une d\u00e9cision. Les forces anglaises avaient pris presque tout le pays et d&#039;avoir \u00e0 envoyer des renforts \u00e0 Orl\u00e9ans. Cependant, il dispose de peu de soldats \u00e0 sa disposition et pas de leader pour les guider.<\/p>\n\n\n\n<p class=\"has-black-color has-text-color has-link-color has-small-font-size wp-elements-1445048f9f24084bb64f8398636777d0\">C'est pr\u00e9cis\u00e9ment l\u00e0, quand Jeanne s'affiche dans le Palais. Le paysan analphab\u00e8te avait voyag\u00e9 dix jours et dix nuits pour se rendre \u00e0 Chinon. Il dit que l'envoy\u00e9 des messagers c\u00e9lestes. Vous devriez voir les Dauphins et diriger l'arm\u00e9e pour lib\u00e9rer Orl\u00e9ans. Carlos re\u00e7oit la nouvelle avec surprise et d\u00e9cide de tester la jeune fille. Il se cache parmi ses courtisans, mais d\u00e8s qu'elle entre dans la salle, sans doute pour aller vers lui et le salue comme l'h\u00e9ritier l\u00e9gitime du tr\u00f4ne de France.<\/p>\n\n\n\n<p class=\"has-black-color has-text-color has-link-color has-small-font-size wp-elements-c87cae98a901f01fa8389d8425991c91\">C&#039;\u00e9tait un test, bien s\u00fbr. En fin de compte, la rumeur que l&#039;anglais propagation de discr\u00e9diter l&#039;h\u00e9ritier, il n&#039;\u00e9tait pas un enfant l\u00e9gitime de l&#039;ancien roi Charles VI. Puis, dans un entretien priv\u00e9, il a rappel\u00e9 les mots de la pri\u00e8re adress\u00e9e \u00e0 Dieu seul, dans son oratoire, juste avant d&#039;arriver \u00e0 Chinon.<\/p>\n\n\n\n<p class=\"has-black-color has-text-color has-link-color has-small-font-size wp-elements-36fb8c06857e19ae38e985a6fd6049cc\">La voix du plomb dans tout. L&#039;\u00e9p\u00e9e qu&#039;il utilise dans la bataille semble enterr\u00e9 dans l&#039;\u00e9glise de Sainte-Catherine de Fierbois. Les voix qu&#039;ils vous r\u00e9veiller lorsque vous \u00eates au repos \u00e0 Orl\u00e9ans, ignorants de l&#039;attaque sans votre consentement. Vos guides spirituels vous dire qu&#039;il est dissous le 7 mai 1429, et qui ne devrait pas durer plus d&#039;un an.<\/p>\n\n\n\n<p class=\"has-black-color has-text-color has-link-color has-small-font-size wp-elements-321b654ad54faefd93e43ee4166ee784\">Si press\u00e9. Faut-Orl\u00e9ans, a demand\u00e9 le Dauphin pour aller \u00e0 Reims et est couronn\u00e9 roi. Maintenant couronn\u00e9 de Charles ne voulait pas quelque chose de plus. Mais Joan sait que sa mission n&#039;est pas termin\u00e9e et se poursuit ses batailles. La voix nous avertir que vous serez arr\u00eat\u00e9, ainsi que sa fin tragique.<\/p>\n\n\n\n<p class=\"has-black-color has-text-color has-link-color has-small-font-size wp-elements-7e2ea1c20fd95e961495cefe6f7165d6\">Trahi, vendu aux anglais, ils donnent au Tribunal de l&#039;Inquisition. L&#039;ensemble du processus est une farce. L&#039;accus\u00e9 n&#039;a pas le droit, pas m\u00eame un avocat de la d\u00e9fense. Seuls t\u00e9moins. Ils sont accus\u00e9s de sorci\u00e8re et d&#039;h\u00e9r\u00e9tique. Tout est pr\u00e9sent\u00e9 comme un sacril\u00e8ge, et de l&#039;immoralit\u00e9: le fait que je porte des v\u00eatements d&#039;homme, de parler directement avec les saints, et ne respecte pas l&#039;\u00c9glise, qui est associ\u00e9 avec les hommes dans les champs de bataille, qui empu\u00f1ara une \u00e9p\u00e9e.<\/p>\n\n\n\n<p class=\"has-black-color has-text-color has-link-color has-small-font-size wp-elements-cc79eb5cd518f2a5b0199d9a390aba6c\">Le but \u00e9tait de montrer que Juana \u00e9tait un envoy\u00e9 du diable. En cons\u00e9quence, le roi Charles VII desmoralizar\u00eda. Apr\u00e8s tout, quel genre de roi \u00e9tait celui qui avait \u00e9t\u00e9 dup\u00e9 par une sorci\u00e8re? De six mois est soumis \u00e0 une v\u00e9ritable torture morale. L&#039;interrogatoire est long et ardu. Enfin, l&#039;ex\u00e9cution a lieu sur la place centrale de Roeun le 30 mai 1431.<\/p>\n\n\n\n<p class=\"has-black-color has-text-color has-link-color has-small-font-size wp-elements-d48b147fd6677ecdf019de552b629f26\">Vous rasent les coins de la chevelure et de la peur de la r\u00e9action des personnes, 120 hommes arm\u00e9s dans l&#039;escorte \u00e0 l&#039;endroit. L&#039;attacher \u00e0 un poteau et allum\u00e9 un feu de joie. Quand les flammes l&#039;entourent et de mordre sa chair, il s&#039;\u00e9cria: &#034;Oui, mes voix \u00e9taient de Dieu! Ma voix je n&#039;ai pas tromper&#034;.<\/p>\n\n\n\n<p class=\"has-black-color has-text-color has-link-color has-small-font-size wp-elements-71892df3d16b27a5eb64e2d481a8351d\">Il a \u00e9t\u00e9 sans \u00e9quivoque la preuve de la m\u00e9diumnit\u00e9 qui avaient guid\u00e9 son voyage terrestre.<\/p>\n\n\n\n<p class=\"has-black-color has-text-color has-link-color has-small-font-size wp-elements-bdeee566758dc731b15fe0534903d13e\">Dans le chapitre XXXI du Livre des M\u00e9diums, publi\u00e9 en 1861, lorsque le Codeur rencontr\u00e9 des Th\u00e8ses de Esp\u00edritas, attribu\u00e9 \u00e0 Jeanne d&#039;Arc, au nombre de 12, o\u00f9 il est en particulier destin\u00e9 \u00e0 les m\u00e9diums, les exhortant \u00e0 la pratique de la m\u00e9diumnit\u00e9.<\/p>\n\n\n\n<p class=\"has-black-color has-text-color has-link-color has-small-font-size wp-elements-b8e32b9b0d8631660e35c96558d09db7\">Nous recommandons \u00e9galement que vous avez confiance en votre ange gardien et \u00e0 la lutte contre l&#039;obstacle de la m\u00e9diumnit\u00e9, qui est l&#039;orgueil.<\/p>\n\n\n\n<p class=\"has-black-color has-text-color has-link-color has-small-font-size wp-elements-482787ad57489d79a4aadac756f6d681\">Conseil qu&#039;elle avait suivi, tr\u00e8s bien dans sa vie terrestre comme un moyen.<\/p>\n<\/div><\/div>","protected":false},"excerpt":{"rendered":"<p>Juana de Arco Francia fue un pa\u00eds que se dobleg\u00f3 ante el poder ingl\u00e9s. No era exactamente un pa\u00eds como se conoce hoy en d\u00eda. Estaba formado por varios feudos. Y fue en un pueblo ignorado hasta entonces donde, en 1412, naci\u00f3 una ni\u00f1a que se convertir\u00eda en una famosa y c\u00e9lebre Domremy. Hija de [&hellip;]<\/p>","protected":false},"author":1,"featured_media":4411,"parent":0,"menu_order":0,"comment_status":"closed","ping_status":"closed","template":"","meta":{"_uag_custom_page_level_css":"","site-sidebar-layout":"default","site-content-layout":"","ast-site-content-layout":"default","site-content-style":"default","site-sidebar-style":"default","ast-global-header-display":"","ast-banner-title-visibility":"","ast-main-header-display":"","ast-hfb-above-header-display":"","ast-hfb-below-header-display":"","ast-hfb-mobile-header-display":"","site-post-title":"","ast-breadcrumbs-content":"","ast-featured-img":"","footer-sml-layout":"","theme-transparent-header-meta":"","adv-header-id-meta":"","stick-header-meta":"","header-above-stick-meta":"","header-main-stick-meta":"","header-below-stick-meta":"","astra-migrate-meta-layouts":"set","ast-page-background-enabled":"default","ast-page-background-meta":{"desktop":{"background-color":"var(--ast-global-color-4)","background-image":"","background-repeat":"repeat","background-position":"center center","background-size":"auto","background-attachment":"scroll","background-type":"","background-media":"","overlay-type":"","overlay-color":"","overlay-opacity":"","overlay-gradient":""},"tablet":{"background-color":"","background-image":"","background-repeat":"repeat","background-position":"center center","background-size":"auto","background-attachment":"scroll","background-type":"","background-media":"","overlay-type":"","overlay-color":"","overlay-opacity":"","overlay-gradient":""},"mobile":{"background-color":"","background-image":"","background-repeat":"repeat","background-position":"center center","background-size":"auto","background-attachment":"scroll","background-type":"","background-media":"","overlay-type":"","overlay-color":"","overlay-opacity":"","overlay-gradient":""}},"ast-content-background-meta":{"desktop":{"background-color":"var(--ast-global-color-5)","background-image":"","background-repeat":"repeat","background-position":"center center","background-size":"auto","background-attachment":"scroll","background-type":"","background-media":"","overlay-type":"","overlay-color":"","overlay-opacity":"","overlay-gradient":""},"tablet":{"background-color":"var(--ast-global-color-5)","background-image":"","background-repeat":"repeat","background-position":"center center","background-size":"auto","background-attachment":"scroll","background-type":"","background-media":"","overlay-type":"","overlay-color":"","overlay-opacity":"","overlay-gradient":""},"mobile":{"background-color":"var(--ast-global-color-5)","background-image":"","background-repeat":"repeat","background-position":"center center","background-size":"auto","background-attachment":"scroll","background-type":"","background-media":"","overlay-type":"","overlay-color":"","overlay-opacity":"","overlay-gradient":""}},"footnotes":""},"class_list":["post-4407","page","type-page","status-publish","has-post-thumbnail","hentry"],"yoast_head":"<!-- This site is optimized with the Yoast SEO Premium plugin v24.2 (Yoast SEO v24.6) - https:\/\/yoast.com\/wordpress\/plugins\/seo\/ -->\n<title>Juana de Arco - Uni\u00f3n Esp\u00edrita<\/title>\n<meta name=\"robots\" content=\"index, follow, max-snippet:-1, max-image-preview:large, max-video-preview:-1\" \/>\n<link rel=\"canonical\" href=\"https:\/\/nuevo-renacer.com\/fr\/juana-de-arco\/\" \/>\n<meta property=\"og:locale\" content=\"fr_FR\" \/>\n<meta property=\"og:type\" content=\"article\" \/>\n<meta property=\"og:title\" content=\"Juana de Arco\" \/>\n<meta property=\"og:description\" content=\"Juana de Arco Francia fue un pa\u00eds que se dobleg\u00f3 ante el poder ingl\u00e9s. No era exactamente un pa\u00eds como se conoce hoy en d\u00eda. Estaba formado por varios feudos. Y fue en un pueblo ignorado hasta entonces donde, en 1412, naci\u00f3 una ni\u00f1a que se convertir\u00eda en una famosa y c\u00e9lebre Domremy. Hija de [&hellip;]\" \/>\n<meta property=\"og:url\" content=\"https:\/\/nuevo-renacer.com\/fr\/juana-de-arco\/\" \/>\n<meta property=\"og:site_name\" content=\"Uni\u00f3n Esp\u00edrita\" \/>\n<meta property=\"article:publisher\" content=\"https:\/\/www.facebook.com\/groups\/3431398063740829\" \/>\n<meta property=\"article:modified_time\" content=\"2024-09-03T08:15:41+00:00\" \/>\n<meta property=\"og:image\" content=\"https:\/\/nuevo-renacer.com\/wp-content\/uploads\/2024\/09\/que-le-pasaba-a-juana-de-arco.webp\" \/>\n\t<meta property=\"og:image:width\" content=\"1200\" \/>\n\t<meta property=\"og:image:height\" content=\"630\" \/>\n\t<meta property=\"og:image:type\" content=\"image\/webp\" \/>\n<meta name=\"twitter:card\" content=\"summary_large_image\" \/>\n<meta name=\"twitter:label1\" content=\"Dur\u00e9e de lecture estim\u00e9e\" \/>\n\t<meta name=\"twitter:data1\" content=\"5 minutes\" \/>\n<script type=\"application\/ld+json\" class=\"yoast-schema-graph\">{\"@context\":\"https:\/\/schema.org\",\"@graph\":[{\"@type\":\"WebPage\",\"@id\":\"https:\/\/nuevo-renacer.com\/juana-de-arco\/\",\"url\":\"https:\/\/nuevo-renacer.com\/juana-de-arco\/\",\"name\":\"Juana de Arco - Uni\u00f3n Esp\u00edrita\",\"isPartOf\":{\"@id\":\"https:\/\/nuevo-renacer.com\/#website\"},\"primaryImageOfPage\":{\"@id\":\"https:\/\/nuevo-renacer.com\/juana-de-arco\/#primaryimage\"},\"image\":{\"@id\":\"https:\/\/nuevo-renacer.com\/juana-de-arco\/#primaryimage\"},\"thumbnailUrl\":\"https:\/\/nuevo-renacer.com\/wp-content\/uploads\/2024\/09\/que-le-pasaba-a-juana-de-arco.webp\",\"datePublished\":\"2024-09-03T08:15:39+00:00\",\"dateModified\":\"2024-09-03T08:15:41+00:00\",\"breadcrumb\":{\"@id\":\"https:\/\/nuevo-renacer.com\/juana-de-arco\/#breadcrumb\"},\"inLanguage\":\"fr-FR\",\"potentialAction\":[{\"@type\":\"ReadAction\",\"target\":[\"https:\/\/nuevo-renacer.com\/juana-de-arco\/\"]}]},{\"@type\":\"ImageObject\",\"inLanguage\":\"fr-FR\",\"@id\":\"https:\/\/nuevo-renacer.com\/juana-de-arco\/#primaryimage\",\"url\":\"https:\/\/nuevo-renacer.com\/wp-content\/uploads\/2024\/09\/que-le-pasaba-a-juana-de-arco.webp\",\"contentUrl\":\"https:\/\/nuevo-renacer.com\/wp-content\/uploads\/2024\/09\/que-le-pasaba-a-juana-de-arco.webp\",\"width\":1200,\"height\":630},{\"@type\":\"BreadcrumbList\",\"@id\":\"https:\/\/nuevo-renacer.com\/juana-de-arco\/#breadcrumb\",\"itemListElement\":[{\"@type\":\"ListItem\",\"position\":1,\"name\":\"Startseite\",\"item\":\"https:\/\/nuevo-renacer.com\/\"},{\"@type\":\"ListItem\",\"position\":2,\"name\":\"Juana de Arco\"}]},{\"@type\":\"WebSite\",\"@id\":\"https:\/\/nuevo-renacer.com\/#website\",\"url\":\"https:\/\/nuevo-renacer.com\/\",\"name\":\"Uni\u00f3n Esp\u00edrita\",\"description\":\"Nuevo Renacer\",\"publisher\":{\"@id\":\"https:\/\/nuevo-renacer.com\/#organization\"},\"potentialAction\":[{\"@type\":\"SearchAction\",\"target\":{\"@type\":\"EntryPoint\",\"urlTemplate\":\"https:\/\/nuevo-renacer.com\/?s={search_term_string}\"},\"query-input\":{\"@type\":\"PropertyValueSpecification\",\"valueRequired\":true,\"valueName\":\"search_term_string\"}}],\"inLanguage\":\"fr-FR\"},{\"@type\":\"Organization\",\"@id\":\"https:\/\/nuevo-renacer.com\/#organization\",\"name\":\"UFEC\",\"url\":\"https:\/\/nuevo-renacer.com\/\",\"logo\":{\"@type\":\"ImageObject\",\"inLanguage\":\"fr-FR\",\"@id\":\"https:\/\/nuevo-renacer.com\/#\/schema\/logo\/image\/\",\"url\":\"https:\/\/nuevo-renacer.com\/wp-content\/uploads\/2024\/05\/cropped-LOGO-TERMINADO1-3-3.png\",\"contentUrl\":\"https:\/\/nuevo-renacer.com\/wp-content\/uploads\/2024\/05\/cropped-LOGO-TERMINADO1-3-3.png\",\"width\":512,\"height\":512,\"caption\":\"UFEC\"},\"image\":{\"@id\":\"https:\/\/nuevo-renacer.com\/#\/schema\/logo\/image\/\"},\"sameAs\":[\"https:\/\/www.facebook.com\/groups\/3431398063740829\"]}]}<\/script>\n<!-- \/ Yoast SEO Premium plugin. -->","yoast_head_json":{"title":"Juana de Arco - Uni\u00f3n Esp\u00edrita","robots":{"index":"index","follow":"follow","max-snippet":"max-snippet:-1","max-image-preview":"max-image-preview:large","max-video-preview":"max-video-preview:-1"},"canonical":"https:\/\/nuevo-renacer.com\/fr\/juana-de-arco\/","og_locale":"fr_FR","og_type":"article","og_title":"Juana de Arco","og_description":"Juana de Arco Francia fue un pa\u00eds que se dobleg\u00f3 ante el poder ingl\u00e9s. No era exactamente un pa\u00eds como se conoce hoy en d\u00eda. Estaba formado por varios feudos. Y fue en un pueblo ignorado hasta entonces donde, en 1412, naci\u00f3 una ni\u00f1a que se convertir\u00eda en una famosa y c\u00e9lebre Domremy. Hija de [&hellip;]","og_url":"https:\/\/nuevo-renacer.com\/fr\/juana-de-arco\/","og_site_name":"Uni\u00f3n Esp\u00edrita","article_publisher":"https:\/\/www.facebook.com\/groups\/3431398063740829","article_modified_time":"2024-09-03T08:15:41+00:00","og_image":[{"width":1200,"height":630,"url":"https:\/\/nuevo-renacer.com\/wp-content\/uploads\/2024\/09\/que-le-pasaba-a-juana-de-arco.webp","type":"image\/webp"}],"twitter_card":"summary_large_image","twitter_misc":{"Dur\u00e9e de lecture estim\u00e9e":"5 minutes"},"schema":{"@context":"https:\/\/schema.org","@graph":[{"@type":"WebPage","@id":"https:\/\/nuevo-renacer.com\/juana-de-arco\/","url":"https:\/\/nuevo-renacer.com\/juana-de-arco\/","name":"Juana de Arco - Uni\u00f3n Esp\u00edrita","isPartOf":{"@id":"https:\/\/nuevo-renacer.com\/#website"},"primaryImageOfPage":{"@id":"https:\/\/nuevo-renacer.com\/juana-de-arco\/#primaryimage"},"image":{"@id":"https:\/\/nuevo-renacer.com\/juana-de-arco\/#primaryimage"},"thumbnailUrl":"https:\/\/nuevo-renacer.com\/wp-content\/uploads\/2024\/09\/que-le-pasaba-a-juana-de-arco.webp","datePublished":"2024-09-03T08:15:39+00:00","dateModified":"2024-09-03T08:15:41+00:00","breadcrumb":{"@id":"https:\/\/nuevo-renacer.com\/juana-de-arco\/#breadcrumb"},"inLanguage":"fr-FR","potentialAction":[{"@type":"ReadAction","target":["https:\/\/nuevo-renacer.com\/juana-de-arco\/"]}]},{"@type":"ImageObject","inLanguage":"fr-FR","@id":"https:\/\/nuevo-renacer.com\/juana-de-arco\/#primaryimage","url":"https:\/\/nuevo-renacer.com\/wp-content\/uploads\/2024\/09\/que-le-pasaba-a-juana-de-arco.webp","contentUrl":"https:\/\/nuevo-renacer.com\/wp-content\/uploads\/2024\/09\/que-le-pasaba-a-juana-de-arco.webp","width":1200,"height":630},{"@type":"BreadcrumbList","@id":"https:\/\/nuevo-renacer.com\/juana-de-arco\/#breadcrumb","itemListElement":[{"@type":"ListItem","position":1,"name":"Startseite","item":"https:\/\/nuevo-renacer.com\/"},{"@type":"ListItem","position":2,"name":"Juana de Arco"}]},{"@type":"WebSite","@id":"https:\/\/nuevo-renacer.com\/#website","url":"https:\/\/nuevo-renacer.com\/","name":"Uni\u00f3n Esp\u00edrita","description":"Nuevo Renacer","publisher":{"@id":"https:\/\/nuevo-renacer.com\/#organization"},"potentialAction":[{"@type":"SearchAction","target":{"@type":"EntryPoint","urlTemplate":"https:\/\/nuevo-renacer.com\/?s={search_term_string}"},"query-input":{"@type":"PropertyValueSpecification","valueRequired":true,"valueName":"search_term_string"}}],"inLanguage":"fr-FR"},{"@type":"Organization","@id":"https:\/\/nuevo-renacer.com\/#organization","name":"UFEC","url":"https:\/\/nuevo-renacer.com\/","logo":{"@type":"ImageObject","inLanguage":"fr-FR","@id":"https:\/\/nuevo-renacer.com\/#\/schema\/logo\/image\/","url":"https:\/\/nuevo-renacer.com\/wp-content\/uploads\/2024\/05\/cropped-LOGO-TERMINADO1-3-3.png","contentUrl":"https:\/\/nuevo-renacer.com\/wp-content\/uploads\/2024\/05\/cropped-LOGO-TERMINADO1-3-3.png","width":512,"height":512,"caption":"UFEC"},"image":{"@id":"https:\/\/nuevo-renacer.com\/#\/schema\/logo\/image\/"},"sameAs":["https:\/\/www.facebook.com\/groups\/3431398063740829"]}]}},"uagb_featured_image_src":{"full":["https:\/\/nuevo-renacer.com\/wp-content\/uploads\/2024\/09\/que-le-pasaba-a-juana-de-arco.webp",1200,630,false],"thumbnail":["https:\/\/nuevo-renacer.com\/wp-content\/uploads\/2024\/09\/que-le-pasaba-a-juana-de-arco-150x150.webp",150,150,true],"medium":["https:\/\/nuevo-renacer.com\/wp-content\/uploads\/2024\/09\/que-le-pasaba-a-juana-de-arco-300x158.webp",300,158,true],"medium_large":["https:\/\/nuevo-renacer.com\/wp-content\/uploads\/2024\/09\/que-le-pasaba-a-juana-de-arco-768x403.webp",768,403,true],"large":["https:\/\/nuevo-renacer.com\/wp-content\/uploads\/2024\/09\/que-le-pasaba-a-juana-de-arco-1024x538.webp",1024,538,true],"1536x1536":["https:\/\/nuevo-renacer.com\/wp-content\/uploads\/2024\/09\/que-le-pasaba-a-juana-de-arco.webp",1200,630,false],"2048x2048":["https:\/\/nuevo-renacer.com\/wp-content\/uploads\/2024\/09\/que-le-pasaba-a-juana-de-arco.webp",1200,630,false],"trp-custom-language-flag":["https:\/\/nuevo-renacer.com\/wp-content\/uploads\/2024\/09\/que-le-pasaba-a-juana-de-arco-18x9.webp",18,9,true]},"uagb_author_info":{"display_name":"adbv0","author_link":"https:\/\/nuevo-renacer.com\/fr\/author\/adbv0\/"},"uagb_comment_info":0,"uagb_excerpt":"Juana de Arco Francia fue un pa\u00eds que se dobleg\u00f3 ante el poder ingl\u00e9s. No era exactamente un pa\u00eds como se conoce hoy en d\u00eda. Estaba formado por varios feudos. Y fue en un pueblo ignorado hasta entonces donde, en 1412, naci\u00f3 una ni\u00f1a que se convertir\u00eda en una famosa y c\u00e9lebre Domremy. Hija de\u2026","jetpack_sharing_enabled":true,"_links":{"self":[{"href":"https:\/\/nuevo-renacer.com\/fr\/wp-json\/wp\/v2\/pages\/4407","targetHints":{"allow":["GET"]}}],"collection":[{"href":"https:\/\/nuevo-renacer.com\/fr\/wp-json\/wp\/v2\/pages"}],"about":[{"href":"https:\/\/nuevo-renacer.com\/fr\/wp-json\/wp\/v2\/types\/page"}],"author":[{"embeddable":true,"href":"https:\/\/nuevo-renacer.com\/fr\/wp-json\/wp\/v2\/users\/1"}],"replies":[{"embeddable":true,"href":"https:\/\/nuevo-renacer.com\/fr\/wp-json\/wp\/v2\/comments?post=4407"}],"version-history":[{"count":2,"href":"https:\/\/nuevo-renacer.com\/fr\/wp-json\/wp\/v2\/pages\/4407\/revisions"}],"predecessor-version":[{"id":4412,"href":"https:\/\/nuevo-renacer.com\/fr\/wp-json\/wp\/v2\/pages\/4407\/revisions\/4412"}],"wp:featuredmedia":[{"embeddable":true,"href":"https:\/\/nuevo-renacer.com\/fr\/wp-json\/wp\/v2\/media\/4411"}],"wp:attachment":[{"href":"https:\/\/nuevo-renacer.com\/fr\/wp-json\/wp\/v2\/media?parent=4407"}],"curies":[{"name":"wp","href":"https:\/\/api.w.org\/{rel}","templated":true}]}}