{"id":4059,"date":"2024-07-19T06:24:47","date_gmt":"2024-07-19T06:24:47","guid":{"rendered":"https:\/\/ufec-mundial.com\/?page_id=4059"},"modified":"2024-07-19T06:24:49","modified_gmt":"2024-07-19T06:24:49","slug":"el-espirita-y-la-humanidad","status":"publish","type":"page","link":"https:\/\/nuevo-renacer.com\/fr\/el-espirita-y-la-humanidad\/","title":{"rendered":"Le Spirite et de l&#039;Humanit\u00e9"},"content":{"rendered":"<div class=\"wp-block-uagb-container uagb-block-7b123576 alignfull uagb-is-root-container\"><div class=\"uagb-container-inner-blocks-wrap\">\n<p class=\"has-black-color has-text-color has-link-color has-medium-font-size wp-elements-2cffe69f8a11fd6c294ac188e194be5d\"><strong>Le Spirite et de l&#039;Humanit\u00e9<\/strong><\/p>\n<\/div><\/div>\n\n\n\n<div class=\"wp-block-uagb-container uagb-block-e84ca2a8 alignfull uagb-is-root-container\"><div class=\"uagb-container-inner-blocks-wrap\">\n<figure class=\"wp-block-image size-full is-resized\"><img fetchpriority=\"high\" decoding=\"async\" width=\"1284\" height=\"705\" src=\"https:\/\/ufec-mundial.com\/wp-content\/uploads\/2024\/07\/Design-ohne-Titel-3.png\" alt=\"\" class=\"wp-image-4063\" style=\"width:468px;height:auto\" srcset=\"https:\/\/nuevo-renacer.com\/wp-content\/uploads\/2024\/07\/Design-ohne-Titel-3.png 1284w, https:\/\/nuevo-renacer.com\/wp-content\/uploads\/2024\/07\/Design-ohne-Titel-3-300x165.png 300w, https:\/\/nuevo-renacer.com\/wp-content\/uploads\/2024\/07\/Design-ohne-Titel-3-768x422.png 768w, https:\/\/nuevo-renacer.com\/wp-content\/uploads\/2024\/07\/Design-ohne-Titel-3-1024x562.png 1024w, https:\/\/nuevo-renacer.com\/wp-content\/uploads\/2024\/07\/Design-ohne-Titel-3-18x10.png 18w\" sizes=\"(max-width: 1284px) 100vw, 1284px\" \/><\/figure>\n<\/div><\/div>\n\n\n\n<div class=\"wp-block-uagb-container uagb-block-c616f5e3 alignfull uagb-is-root-container\"><div class=\"uagb-container-inner-blocks-wrap\">\n<p class=\"has-black-color has-text-color has-link-color has-small-font-size wp-elements-e253fe823993daa4c2c62767a30e2724\">Il ne faut pas oublier que l&#039;un des premiers commandements de la Loi est: tu aimeras ton prochain comme toi-m\u00eame. Bien qu&#039;il est tr\u00e8s difficile de mettre en pratique ce commandement \u00e0 la lettre, il n&#039;en est pas moins vrai que la esp\u00edritas sont n\u00e9cessaires \u00e0 la pratique de la charit\u00e9 avec leurs fr\u00e8res dans la foi. Maintenant, si entre nous on doit \u00eatre indulgent, bienveillant, et ,nous devons l&#039;aider, fermer les yeux et de pardonner, nous ne devons pas faire moins pour l&#039;Humanit\u00e9. Non esp\u00edritas luttent \u00e0 la fois sur les questions, les querelles, les disputes, les querelles, et il n&#039;est pas rare d&#039;abus.<\/p>\n\n\n\n<p class=\"has-black-color has-text-color has-link-color has-small-font-size wp-elements-599f93f9547b434e65f1c8e7f790d524\">Nous devons fuir enti\u00e8rement de tout ce qui. Si avec de bonnes mani\u00e8res et nous pouvons mettre les choses en place, il est bien que nous devons le faire. Mais si, nous en avons pour d\u00e9roger aux r\u00e8gles prescrites, il est pr\u00e9f\u00e9rable de garder le silence, \u00e0 la recherche de la meilleure fa\u00e7on de sortir de la difficult\u00e9. Et si, malgr\u00e9 cela, notre sagesse et de notre amour, nous ne pouvions pas nous en lib\u00e9rer, nous devons souffrir patiemment la col\u00e8re de l&#039;ignorance et de mauvaise foi. Nous devons pardonner sans r\u00e9serve, du fond de notre \u00e2me, et de payer le mal avec le bien, chaque fois que possible.<\/p>\n\n\n\n<p class=\"has-black-color has-text-color has-link-color has-small-font-size wp-elements-6259ef62cc4a1c98d14f1cd1b8673507\">Par cons\u00e9quent, nous ne pouvons pas oublier la figure du Ma\u00eetre et Seigneur. Il est le mod\u00e8le, la v\u00e9rit\u00e9 et la vie. Que dit-Il, quand il a \u00e9t\u00e9 vilipend\u00e9, apostrofaban, maltrait\u00e9 et crachaient sur lui? Rien. Il baissa les yeux et se pardonner dans votre c\u0153ur. Comme si Lui, qui \u00e9tait si haut et autant qu&#039;il le pouvait, il a fait exactement comme il l&#039;a enseign\u00e9, va nous faire le contraire? O mis\u00e9rable de l&#039;spirite qui a la possibilit\u00e9 de reprendre le bien comme le paiement du mal et de ne pas le faire! Damn\u00e9s de la spirite qui peut pardonner et de ne pas leur pardonner! Car un jour viendra o\u00f9 s&#039;\u00e9crier, ce qui m&#039;a aid\u00e9 \u00e0 savoir ce que je savais, et je l&#039;ai appel\u00e9 spirite?  Permettez-moi de venir \u00e0 rien de savoir, pour ne pas charger avec beaucoup de responsabilit\u00e9!(...) L&#039;humanit\u00e9 g\u00e9mit, pleure, est en d\u00e9sespoir de cause, si bien qu&#039;il en souffre; l&#039;\u00e9go\u00efsme, de tous temps, les victimes de mauvais va se passer non-stop, les religions ont \u00e9t\u00e9 chass\u00e9s de la mani\u00e8re, les hommes et les femmes, les interm\u00e9diaires entre l&#039;Humanit\u00e9 et de la Providence, sont rares; la esp\u00edritas sont responsables d&#039;apporter la lumi\u00e8re maintenant que vous savez pourquoi l&#039;Humanit\u00e9 souffre, parce qu&#039;il pleure pour ce qui est dans le d\u00e9sespoir; sacrifiqu\u00e9monos, par cons\u00e9quent, \u00eatre en mesure d&#039;expliquer la cause de leurs souffrances, de leurs larmes, son d\u00e9sespoir; laissez-nous passer \u00e0 montrer que la douleur purifie, l&#039;\u00e9l\u00e8ve et sanctifie, l&#039;exalte, et donc, nous allons nous acquitter de notre mission.<\/p>\n\n\n\n<p class=\"has-black-color has-text-color has-link-color has-small-font-size wp-elements-893ca5daf45714db3ca64ef14f74dedd\">Le spirite qui veut vraiment le faire pour ses camarades ne doit pas perdre de vue le Seigneur quand il fouett\u00e9e attach\u00e9 \u00e0 la colonne, lorsque le couronnement d&#039;\u00e9pines, lorsque vous port\u00e9 la croix, lors de la naissance de leur sacrifice, \u00e0 savoir comment les imiter pour leurs actes d&#039;amour pour l&#039;Humanit\u00e9, de son abn\u00e9gation et de sacrifice. Vous \u00eates le sel de la terre; mais si le sel perd sa saveur, avec quoi est le sel?<\/p>\n<\/div><\/div>","protected":false},"excerpt":{"rendered":"<p>El Esp\u00edrita y la Humanidad No se debe olvidar que uno de los primeros mandamientos de la Ley es: Amar\u00e1s al pr\u00f3jimo como a ti mismo. Si bien que es muy dif\u00edcil practicar este mandamiento al pie de la letra, no es menos verdad que los esp\u00edritas est\u00e1n obligados a practicar la caridad con sus [&hellip;]<\/p>","protected":false},"author":1,"featured_media":4063,"parent":0,"menu_order":0,"comment_status":"closed","ping_status":"closed","template":"","meta":{"_uag_custom_page_level_css":"","site-sidebar-layout":"default","site-content-layout":"","ast-site-content-layout":"default","site-content-style":"default","site-sidebar-style":"default","ast-global-header-display":"","ast-banner-title-visibility":"","ast-main-header-display":"","ast-hfb-above-header-display":"","ast-hfb-below-header-display":"","ast-hfb-mobile-header-display":"","site-post-title":"","ast-breadcrumbs-content":"","ast-featured-img":"","footer-sml-layout":"","theme-transparent-header-meta":"","adv-header-id-meta":"","stick-header-meta":"","header-above-stick-meta":"","header-main-stick-meta":"","header-below-stick-meta":"","astra-migrate-meta-layouts":"set","ast-page-background-enabled":"default","ast-page-background-meta":{"desktop":{"background-color":"var(--ast-global-color-4)","background-image":"","background-repeat":"repeat","background-position":"center center","background-size":"auto","background-attachment":"scroll","background-type":"","background-media":"","overlay-type":"","overlay-color":"","overlay-opacity":"","overlay-gradient":""},"tablet":{"background-color":"","background-image":"","background-repeat":"repeat","background-position":"center center","background-size":"auto","background-attachment":"scroll","background-type":"","background-media":"","overlay-type":"","overlay-color":"","overlay-opacity":"","overlay-gradient":""},"mobile":{"background-color":"","background-image":"","background-repeat":"repeat","background-position":"center center","background-size":"auto","background-attachment":"scroll","background-type":"","background-media":"","overlay-type":"","overlay-color":"","overlay-opacity":"","overlay-gradient":""}},"ast-content-background-meta":{"desktop":{"background-color":"var(--ast-global-color-5)","background-image":"","background-repeat":"repeat","background-position":"center center","background-size":"auto","background-attachment":"scroll","background-type":"","background-media":"","overlay-type":"","overlay-color":"","overlay-opacity":"","overlay-gradient":""},"tablet":{"background-color":"var(--ast-global-color-5)","background-image":"","background-repeat":"repeat","background-position":"center center","background-size":"auto","background-attachment":"scroll","background-type":"","background-media":"","overlay-type":"","overlay-color":"","overlay-opacity":"","overlay-gradient":""},"mobile":{"background-color":"var(--ast-global-color-5)","background-image":"","background-repeat":"repeat","background-position":"center center","background-size":"auto","background-attachment":"scroll","background-type":"","background-media":"","overlay-type":"","overlay-color":"","overlay-opacity":"","overlay-gradient":""}},"footnotes":""},"class_list":["post-4059","page","type-page","status-publish","has-post-thumbnail","hentry"],"yoast_head":"<!-- This site is optimized with the Yoast SEO Premium plugin v24.2 (Yoast SEO v24.6) - https:\/\/yoast.com\/wordpress\/plugins\/seo\/ -->\n<title>El Esp\u00edrita y la Humanidad - Uni\u00f3n Esp\u00edrita<\/title>\n<meta name=\"robots\" content=\"index, follow, max-snippet:-1, max-image-preview:large, max-video-preview:-1\" \/>\n<link rel=\"canonical\" href=\"https:\/\/nuevo-renacer.com\/fr\/el-espirita-y-la-humanidad\/\" \/>\n<meta property=\"og:locale\" content=\"fr_FR\" \/>\n<meta property=\"og:type\" content=\"article\" \/>\n<meta property=\"og:title\" content=\"El Esp\u00edrita y la Humanidad\" \/>\n<meta property=\"og:description\" content=\"El Esp\u00edrita y la Humanidad No se debe olvidar que uno de los primeros mandamientos de la Ley es: Amar\u00e1s al pr\u00f3jimo como a ti mismo. Si bien que es muy dif\u00edcil practicar este mandamiento al pie de la letra, no es menos verdad que los esp\u00edritas est\u00e1n obligados a practicar la caridad con sus [&hellip;]\" \/>\n<meta property=\"og:url\" content=\"https:\/\/nuevo-renacer.com\/fr\/el-espirita-y-la-humanidad\/\" \/>\n<meta property=\"og:site_name\" content=\"Uni\u00f3n Esp\u00edrita\" \/>\n<meta property=\"article:publisher\" content=\"https:\/\/www.facebook.com\/groups\/3431398063740829\" \/>\n<meta property=\"article:modified_time\" content=\"2024-07-19T06:24:49+00:00\" \/>\n<meta property=\"og:image\" content=\"https:\/\/nuevo-renacer.com\/wp-content\/uploads\/2024\/07\/Design-ohne-Titel-3.png\" \/>\n\t<meta property=\"og:image:width\" content=\"1284\" \/>\n\t<meta property=\"og:image:height\" content=\"705\" \/>\n\t<meta property=\"og:image:type\" content=\"image\/png\" \/>\n<meta name=\"twitter:card\" content=\"summary_large_image\" \/>\n<meta name=\"twitter:label1\" content=\"Dur\u00e9e de lecture estim\u00e9e\" \/>\n\t<meta name=\"twitter:data1\" content=\"3 minutes\" \/>\n<script type=\"application\/ld+json\" class=\"yoast-schema-graph\">{\"@context\":\"https:\/\/schema.org\",\"@graph\":[{\"@type\":\"WebPage\",\"@id\":\"https:\/\/nuevo-renacer.com\/el-espirita-y-la-humanidad\/\",\"url\":\"https:\/\/nuevo-renacer.com\/el-espirita-y-la-humanidad\/\",\"name\":\"El Esp\u00edrita y la Humanidad - Uni\u00f3n Esp\u00edrita\",\"isPartOf\":{\"@id\":\"https:\/\/nuevo-renacer.com\/#website\"},\"primaryImageOfPage\":{\"@id\":\"https:\/\/nuevo-renacer.com\/el-espirita-y-la-humanidad\/#primaryimage\"},\"image\":{\"@id\":\"https:\/\/nuevo-renacer.com\/el-espirita-y-la-humanidad\/#primaryimage\"},\"thumbnailUrl\":\"https:\/\/nuevo-renacer.com\/wp-content\/uploads\/2024\/07\/Design-ohne-Titel-3.png\",\"datePublished\":\"2024-07-19T06:24:47+00:00\",\"dateModified\":\"2024-07-19T06:24:49+00:00\",\"breadcrumb\":{\"@id\":\"https:\/\/nuevo-renacer.com\/el-espirita-y-la-humanidad\/#breadcrumb\"},\"inLanguage\":\"fr-FR\",\"potentialAction\":[{\"@type\":\"ReadAction\",\"target\":[\"https:\/\/nuevo-renacer.com\/el-espirita-y-la-humanidad\/\"]}]},{\"@type\":\"ImageObject\",\"inLanguage\":\"fr-FR\",\"@id\":\"https:\/\/nuevo-renacer.com\/el-espirita-y-la-humanidad\/#primaryimage\",\"url\":\"https:\/\/nuevo-renacer.com\/wp-content\/uploads\/2024\/07\/Design-ohne-Titel-3.png\",\"contentUrl\":\"https:\/\/nuevo-renacer.com\/wp-content\/uploads\/2024\/07\/Design-ohne-Titel-3.png\",\"width\":1284,\"height\":705},{\"@type\":\"BreadcrumbList\",\"@id\":\"https:\/\/nuevo-renacer.com\/el-espirita-y-la-humanidad\/#breadcrumb\",\"itemListElement\":[{\"@type\":\"ListItem\",\"position\":1,\"name\":\"Startseite\",\"item\":\"https:\/\/nuevo-renacer.com\/\"},{\"@type\":\"ListItem\",\"position\":2,\"name\":\"El Esp\u00edrita y la Humanidad\"}]},{\"@type\":\"WebSite\",\"@id\":\"https:\/\/nuevo-renacer.com\/#website\",\"url\":\"https:\/\/nuevo-renacer.com\/\",\"name\":\"Uni\u00f3n Esp\u00edrita\",\"description\":\"Nuevo Renacer\",\"publisher\":{\"@id\":\"https:\/\/nuevo-renacer.com\/#organization\"},\"potentialAction\":[{\"@type\":\"SearchAction\",\"target\":{\"@type\":\"EntryPoint\",\"urlTemplate\":\"https:\/\/nuevo-renacer.com\/?s={search_term_string}\"},\"query-input\":{\"@type\":\"PropertyValueSpecification\",\"valueRequired\":true,\"valueName\":\"search_term_string\"}}],\"inLanguage\":\"fr-FR\"},{\"@type\":\"Organization\",\"@id\":\"https:\/\/nuevo-renacer.com\/#organization\",\"name\":\"UFEC\",\"url\":\"https:\/\/nuevo-renacer.com\/\",\"logo\":{\"@type\":\"ImageObject\",\"inLanguage\":\"fr-FR\",\"@id\":\"https:\/\/nuevo-renacer.com\/#\/schema\/logo\/image\/\",\"url\":\"https:\/\/nuevo-renacer.com\/wp-content\/uploads\/2024\/05\/cropped-LOGO-TERMINADO1-3-3.png\",\"contentUrl\":\"https:\/\/nuevo-renacer.com\/wp-content\/uploads\/2024\/05\/cropped-LOGO-TERMINADO1-3-3.png\",\"width\":512,\"height\":512,\"caption\":\"UFEC\"},\"image\":{\"@id\":\"https:\/\/nuevo-renacer.com\/#\/schema\/logo\/image\/\"},\"sameAs\":[\"https:\/\/www.facebook.com\/groups\/3431398063740829\"]}]}<\/script>\n<!-- \/ Yoast SEO Premium plugin. -->","yoast_head_json":{"title":"El Esp\u00edrita y la Humanidad - Uni\u00f3n Esp\u00edrita","robots":{"index":"index","follow":"follow","max-snippet":"max-snippet:-1","max-image-preview":"max-image-preview:large","max-video-preview":"max-video-preview:-1"},"canonical":"https:\/\/nuevo-renacer.com\/fr\/el-espirita-y-la-humanidad\/","og_locale":"fr_FR","og_type":"article","og_title":"El Esp\u00edrita y la Humanidad","og_description":"El Esp\u00edrita y la Humanidad No se debe olvidar que uno de los primeros mandamientos de la Ley es: Amar\u00e1s al pr\u00f3jimo como a ti mismo. Si bien que es muy dif\u00edcil practicar este mandamiento al pie de la letra, no es menos verdad que los esp\u00edritas est\u00e1n obligados a practicar la caridad con sus [&hellip;]","og_url":"https:\/\/nuevo-renacer.com\/fr\/el-espirita-y-la-humanidad\/","og_site_name":"Uni\u00f3n Esp\u00edrita","article_publisher":"https:\/\/www.facebook.com\/groups\/3431398063740829","article_modified_time":"2024-07-19T06:24:49+00:00","og_image":[{"width":1284,"height":705,"url":"https:\/\/nuevo-renacer.com\/wp-content\/uploads\/2024\/07\/Design-ohne-Titel-3.png","type":"image\/png"}],"twitter_card":"summary_large_image","twitter_misc":{"Dur\u00e9e de lecture estim\u00e9e":"3 minutes"},"schema":{"@context":"https:\/\/schema.org","@graph":[{"@type":"WebPage","@id":"https:\/\/nuevo-renacer.com\/el-espirita-y-la-humanidad\/","url":"https:\/\/nuevo-renacer.com\/el-espirita-y-la-humanidad\/","name":"El Esp\u00edrita y la Humanidad - Uni\u00f3n Esp\u00edrita","isPartOf":{"@id":"https:\/\/nuevo-renacer.com\/#website"},"primaryImageOfPage":{"@id":"https:\/\/nuevo-renacer.com\/el-espirita-y-la-humanidad\/#primaryimage"},"image":{"@id":"https:\/\/nuevo-renacer.com\/el-espirita-y-la-humanidad\/#primaryimage"},"thumbnailUrl":"https:\/\/nuevo-renacer.com\/wp-content\/uploads\/2024\/07\/Design-ohne-Titel-3.png","datePublished":"2024-07-19T06:24:47+00:00","dateModified":"2024-07-19T06:24:49+00:00","breadcrumb":{"@id":"https:\/\/nuevo-renacer.com\/el-espirita-y-la-humanidad\/#breadcrumb"},"inLanguage":"fr-FR","potentialAction":[{"@type":"ReadAction","target":["https:\/\/nuevo-renacer.com\/el-espirita-y-la-humanidad\/"]}]},{"@type":"ImageObject","inLanguage":"fr-FR","@id":"https:\/\/nuevo-renacer.com\/el-espirita-y-la-humanidad\/#primaryimage","url":"https:\/\/nuevo-renacer.com\/wp-content\/uploads\/2024\/07\/Design-ohne-Titel-3.png","contentUrl":"https:\/\/nuevo-renacer.com\/wp-content\/uploads\/2024\/07\/Design-ohne-Titel-3.png","width":1284,"height":705},{"@type":"BreadcrumbList","@id":"https:\/\/nuevo-renacer.com\/el-espirita-y-la-humanidad\/#breadcrumb","itemListElement":[{"@type":"ListItem","position":1,"name":"Startseite","item":"https:\/\/nuevo-renacer.com\/"},{"@type":"ListItem","position":2,"name":"El Esp\u00edrita y la Humanidad"}]},{"@type":"WebSite","@id":"https:\/\/nuevo-renacer.com\/#website","url":"https:\/\/nuevo-renacer.com\/","name":"Uni\u00f3n Esp\u00edrita","description":"Nuevo Renacer","publisher":{"@id":"https:\/\/nuevo-renacer.com\/#organization"},"potentialAction":[{"@type":"SearchAction","target":{"@type":"EntryPoint","urlTemplate":"https:\/\/nuevo-renacer.com\/?s={search_term_string}"},"query-input":{"@type":"PropertyValueSpecification","valueRequired":true,"valueName":"search_term_string"}}],"inLanguage":"fr-FR"},{"@type":"Organization","@id":"https:\/\/nuevo-renacer.com\/#organization","name":"UFEC","url":"https:\/\/nuevo-renacer.com\/","logo":{"@type":"ImageObject","inLanguage":"fr-FR","@id":"https:\/\/nuevo-renacer.com\/#\/schema\/logo\/image\/","url":"https:\/\/nuevo-renacer.com\/wp-content\/uploads\/2024\/05\/cropped-LOGO-TERMINADO1-3-3.png","contentUrl":"https:\/\/nuevo-renacer.com\/wp-content\/uploads\/2024\/05\/cropped-LOGO-TERMINADO1-3-3.png","width":512,"height":512,"caption":"UFEC"},"image":{"@id":"https:\/\/nuevo-renacer.com\/#\/schema\/logo\/image\/"},"sameAs":["https:\/\/www.facebook.com\/groups\/3431398063740829"]}]}},"uagb_featured_image_src":{"full":["https:\/\/nuevo-renacer.com\/wp-content\/uploads\/2024\/07\/Design-ohne-Titel-3.png",1284,705,false],"thumbnail":["https:\/\/nuevo-renacer.com\/wp-content\/uploads\/2024\/07\/Design-ohne-Titel-3-150x150.png",150,150,true],"medium":["https:\/\/nuevo-renacer.com\/wp-content\/uploads\/2024\/07\/Design-ohne-Titel-3-300x165.png",300,165,true],"medium_large":["https:\/\/nuevo-renacer.com\/wp-content\/uploads\/2024\/07\/Design-ohne-Titel-3-768x422.png",768,422,true],"large":["https:\/\/nuevo-renacer.com\/wp-content\/uploads\/2024\/07\/Design-ohne-Titel-3-1024x562.png",1024,562,true],"1536x1536":["https:\/\/nuevo-renacer.com\/wp-content\/uploads\/2024\/07\/Design-ohne-Titel-3.png",1284,705,false],"2048x2048":["https:\/\/nuevo-renacer.com\/wp-content\/uploads\/2024\/07\/Design-ohne-Titel-3.png",1284,705,false],"trp-custom-language-flag":["https:\/\/nuevo-renacer.com\/wp-content\/uploads\/2024\/07\/Design-ohne-Titel-3-18x10.png",18,10,true]},"uagb_author_info":{"display_name":"adbv0","author_link":"https:\/\/nuevo-renacer.com\/fr\/author\/adbv0\/"},"uagb_comment_info":0,"uagb_excerpt":"El Esp\u00edrita y la Humanidad No se debe olvidar que uno de los primeros mandamientos de la Ley es: Amar\u00e1s al pr\u00f3jimo como a ti mismo. Si bien que es muy dif\u00edcil practicar este mandamiento al pie de la letra, no es menos verdad que los esp\u00edritas est\u00e1n obligados a practicar la caridad con sus\u2026","jetpack_sharing_enabled":true,"_links":{"self":[{"href":"https:\/\/nuevo-renacer.com\/fr\/wp-json\/wp\/v2\/pages\/4059","targetHints":{"allow":["GET"]}}],"collection":[{"href":"https:\/\/nuevo-renacer.com\/fr\/wp-json\/wp\/v2\/pages"}],"about":[{"href":"https:\/\/nuevo-renacer.com\/fr\/wp-json\/wp\/v2\/types\/page"}],"author":[{"embeddable":true,"href":"https:\/\/nuevo-renacer.com\/fr\/wp-json\/wp\/v2\/users\/1"}],"replies":[{"embeddable":true,"href":"https:\/\/nuevo-renacer.com\/fr\/wp-json\/wp\/v2\/comments?post=4059"}],"version-history":[{"count":2,"href":"https:\/\/nuevo-renacer.com\/fr\/wp-json\/wp\/v2\/pages\/4059\/revisions"}],"predecessor-version":[{"id":4064,"href":"https:\/\/nuevo-renacer.com\/fr\/wp-json\/wp\/v2\/pages\/4059\/revisions\/4064"}],"wp:featuredmedia":[{"embeddable":true,"href":"https:\/\/nuevo-renacer.com\/fr\/wp-json\/wp\/v2\/media\/4063"}],"wp:attachment":[{"href":"https:\/\/nuevo-renacer.com\/fr\/wp-json\/wp\/v2\/media?parent=4059"}],"curies":[{"name":"wp","href":"https:\/\/api.w.org\/{rel}","templated":true}]}}