{"id":4053,"date":"2024-07-19T05:52:11","date_gmt":"2024-07-19T05:52:11","guid":{"rendered":"https:\/\/ufec-mundial.com\/?page_id=4053"},"modified":"2024-07-19T05:52:12","modified_gmt":"2024-07-19T05:52:12","slug":"como-lograremos-ser-bienaventurados","status":"publish","type":"page","link":"https:\/\/nuevo-renacer.com\/fr\/como-lograremos-ser-bienaventurados\/","title":{"rendered":"Comment pouvons-nous \u00eatre heureux?"},"content":{"rendered":"<div class=\"wp-block-uagb-container uagb-block-c3830de0 alignfull uagb-is-root-container\"><div class=\"uagb-container-inner-blocks-wrap\">\n<p class=\"has-black-color has-text-color has-link-color has-medium-font-size wp-elements-d3f75370c1711ead84c9d93811be09c8\"><strong>Comment pouvons-nous \u00eatre heureux?<\/strong><\/p>\n<\/div><\/div>\n\n\n\n<div class=\"wp-block-uagb-container uagb-block-bc3ff565 alignfull uagb-is-root-container\"><div class=\"uagb-container-inner-blocks-wrap\">\n<figure class=\"wp-block-image size-full is-resized\"><img fetchpriority=\"high\" decoding=\"async\" width=\"1125\" height=\"1046\" src=\"https:\/\/ufec-mundial.com\/wp-content\/uploads\/2024\/07\/400645926_7109491882404566_6709214791623379716_n.jpg\" alt=\"\" class=\"wp-image-4055\" style=\"width:382px;height:auto\" srcset=\"https:\/\/nuevo-renacer.com\/wp-content\/uploads\/2024\/07\/400645926_7109491882404566_6709214791623379716_n.jpg 1125w, https:\/\/nuevo-renacer.com\/wp-content\/uploads\/2024\/07\/400645926_7109491882404566_6709214791623379716_n-300x279.jpg 300w, https:\/\/nuevo-renacer.com\/wp-content\/uploads\/2024\/07\/400645926_7109491882404566_6709214791623379716_n-768x714.jpg 768w, https:\/\/nuevo-renacer.com\/wp-content\/uploads\/2024\/07\/400645926_7109491882404566_6709214791623379716_n-1024x952.jpg 1024w, https:\/\/nuevo-renacer.com\/wp-content\/uploads\/2024\/07\/400645926_7109491882404566_6709214791623379716_n-13x12.jpg 13w\" sizes=\"(max-width: 1125px) 100vw, 1125px\" \/><\/figure>\n<\/div><\/div>\n\n\n\n<div class=\"wp-block-uagb-container uagb-block-d9de15f2 alignfull uagb-is-root-container\"><div class=\"uagb-container-inner-blocks-wrap\">\n<p class=\"has-black-color has-text-color has-link-color has-small-font-size wp-elements-8b781d83a11176c1a41175d3abb33ebc\">Et quand J\u00e9sus vit une grande foule, gravit la montagne, et apr\u00e8s la s\u00e9ance s&#039;approcha de Lui avec ses disciples, et Il les enseignait en disant:<\/p>\n\n\n\n<p class=\"has-black-color has-text-color has-link-color has-small-font-size wp-elements-c2140c508f360dd37c4083acddc30e62\">1. &#034;Bienheureux les pauvres en Esprit; pour eux est le Royaume des Cieux.&#034; Le Royaume des Cieux est pour les pauvres en Esprit, parce que Dieu ne veut pas la fi\u00e8re. \u00catre fier signifie l&#039;arrogance, la vanit\u00e9 et l&#039;exc\u00e8s d&#039;estime de soi, ce qui est parfois disguisable n\u00e9 des causes nobles et vertueux; qu&#039;une telle approche rend difficile pour nous d&#039;obtenir du P\u00e8re. Pour cette raison, J\u00e9sus a appel\u00e9 les mauvais Esprits de tous ceux qui n&#039;ont aucune fiert\u00e9.<\/p>\n\n\n\n<p class=\"has-black-color has-text-color has-link-color has-small-font-size wp-elements-16c0879141f332be42a6dc9d2afd6037\">2. &#034;Heureux les doux, car ils poss\u00e9deront la Terre.&#034; D&#039;\u00eatre doux est \u00e9quivalent \u00e0 \u00eatre affable, doux, pieux, docile et doux; en revanche, la violence implique d&#039;avoir un g\u00e9nie arrach\u00e9 ou fougueux, emport\u00e9 facilement par l&#039;ira. Nous savons que des gens violents devra s&#039;incarner dans des mondes inf\u00e9rieurs jusqu&#039;\u00e0 ce que vous devenez apprivoiser; par cons\u00e9quent, jetez un trait violent. N&#039;oublions pas que, peu \u00e0 peu, les m\u00e9chants seront chass\u00e9s de la Terre, et ici seulement incarner le bien.<\/p>\n\n\n\n<p class=\"has-black-color has-text-color has-link-color has-small-font-size wp-elements-0aeab66a51655eb6a3065310054c30f9\">3. &#034;Bienheureux ceux qui pleurent, car ils seront consol\u00e9s&#034;. La Terre est un monde d&#039;expiation et de tests, c&#039;est pourquoi il y a tant de souffrances. En ce sens, souffrir, supporter, tol\u00e9rer ou \u00e0 soutenir leurs tests; - corriger avec leur douleur, leur souffrance, de d\u00e9tresse, de chagrin, les erreurs du pass\u00e9. La modifiant leurs erreurs satisfaire \u00e0 la justice divine. Donc ne perdez pas de vue que lorsque nous nous d\u00e9barrassons de nos erreurs, nous allons souffrir et nous allons recevoir des consolations dans le monde spirituel. Pas en vain, car J\u00e9sus a dit que ceux qui pleurent seront consol\u00e9s.<\/p>\n\n\n\n<p class=\"has-black-color has-text-color has-link-color has-small-font-size wp-elements-d2bf9ce69f42fdf8dbd6b8c8d5cd9ed5\">4. &#034;Bienheureux ceux qui ont faim et soif de justice, car ils seront rassasi\u00e9s&#034;. La justice Divine est in\u00e9branlable. Au moment appropri\u00e9 compense pour les justes, ou innocent, simple, et ne pas nuire aux autres; cependant, punir les coupables, ou \u00e0 ceux qui, d\u00e9lib\u00e9r\u00e9ment \u00e0 nuire \u00e0 d&#039;autres. C&#039;est pourquoi J\u00e9sus dit que le P\u00e8re va prendre en compte tous ceux qui demandent justice et de la droiture, et de cette fa\u00e7on sera satisfait pleinement leurs d\u00e9sirs, qui perdure bien.<\/p>\n\n\n\n<p class=\"has-black-color has-text-color has-link-color has-small-font-size wp-elements-f9c0d5450bdacd5d1515f5fa96722840\">5. &#034;Bienheureux les mis\u00e9ricordieux, car ils obtiendront mis\u00e9ricorde.&#034; Les mis\u00e9ricordieux sont heureux parce qu&#039;ils utilisent la mis\u00e9ricorde de votre voisin. Qui est votre voisin, avec la mis\u00e9ricorde fluctue de travail, les mis\u00e8res et les malheurs qui en souffrent. Par cons\u00e9quent, si nous voulons atteindre la mis\u00e9ricorde divine, montrer la fraternit\u00e9 et la charit\u00e9 pour tous.<\/p>\n\n\n\n<p class=\"has-black-color has-text-color has-link-color has-small-font-size wp-elements-5a03de3632a311f151d1def320d9be6d\">6. &#034;Bienheureux sont le propre de c\u0153ur; car ils verront Dieu.&#034; Nous savons que Dieu est un pur esprit. Pour voir Dieu est n\u00e9cessaire \u00e0 nous, trop pure, honn\u00eate et d&#039;\u00eatre libres et exempts de d\u00e9fauts moraux. Nous sommes conscients qu&#039;une telle condition, nous allons si nous continuons \u00e0 \u00e9tudier et pratiquer les enseignements divins, qui impliquent \u00e0 la fois spirituelle et progr\u00e8s moral; c&#039;est le seul chemin vers le P\u00e8re, nous allons consid\u00e9rer les gens avec un c\u0153ur pur et pur.<\/p>\n\n\n\n<p class=\"has-black-color has-text-color has-link-color has-small-font-size wp-elements-62db944091f539e0fd397f5f63a57987\">7. &#034;Heureux les artisans de paix, car ils seront appel\u00e9s Fils de Dieu.&#034; Pacifique sont ceux qui ne portent pas atteinte ni par des paroles ou des actes, ils sont calmes et ne causent pas de combats, ou la discorde. Lorsque le espirita travaille pour la paix et la tranquillit\u00e9 de votre environnement, il devient une personne heureuse parce que coexistent en harmonie les uns avec les autres; et, \u00e0 la vue d&#039;une telle proc\u00e9dure, il doit \u00eatre un v\u00e9ritable enfant de Dieu.<\/p>\n<\/div><\/div>","protected":false},"excerpt":{"rendered":"<p>\u00bfC\u00f3mo lograremos ser bienaventurados? Y viendo Jes\u00fas a la gran multitud, subi\u00f3 el monte y despu\u00e9s de sentarse llegaron hasta \u00c9l sus disc\u00edpulos y \u00c9l les ense\u00f1aba diciendo: 1. \u00abBienaventurados los pobres de Esp\u00edritu; porque de ellos es el Reino de los Cielos\u00bb. El Reino de los Cielos es de los pobres de Esp\u00edritus, porque [&hellip;]<\/p>","protected":false},"author":1,"featured_media":4055,"parent":0,"menu_order":0,"comment_status":"closed","ping_status":"closed","template":"","meta":{"_uag_custom_page_level_css":"","site-sidebar-layout":"default","site-content-layout":"","ast-site-content-layout":"default","site-content-style":"default","site-sidebar-style":"default","ast-global-header-display":"","ast-banner-title-visibility":"","ast-main-header-display":"","ast-hfb-above-header-display":"","ast-hfb-below-header-display":"","ast-hfb-mobile-header-display":"","site-post-title":"","ast-breadcrumbs-content":"","ast-featured-img":"","footer-sml-layout":"","theme-transparent-header-meta":"","adv-header-id-meta":"","stick-header-meta":"","header-above-stick-meta":"","header-main-stick-meta":"","header-below-stick-meta":"","astra-migrate-meta-layouts":"set","ast-page-background-enabled":"default","ast-page-background-meta":{"desktop":{"background-color":"var(--ast-global-color-4)","background-image":"","background-repeat":"repeat","background-position":"center center","background-size":"auto","background-attachment":"scroll","background-type":"","background-media":"","overlay-type":"","overlay-color":"","overlay-opacity":"","overlay-gradient":""},"tablet":{"background-color":"","background-image":"","background-repeat":"repeat","background-position":"center center","background-size":"auto","background-attachment":"scroll","background-type":"","background-media":"","overlay-type":"","overlay-color":"","overlay-opacity":"","overlay-gradient":""},"mobile":{"background-color":"","background-image":"","background-repeat":"repeat","background-position":"center center","background-size":"auto","background-attachment":"scroll","background-type":"","background-media":"","overlay-type":"","overlay-color":"","overlay-opacity":"","overlay-gradient":""}},"ast-content-background-meta":{"desktop":{"background-color":"var(--ast-global-color-5)","background-image":"","background-repeat":"repeat","background-position":"center center","background-size":"auto","background-attachment":"scroll","background-type":"","background-media":"","overlay-type":"","overlay-color":"","overlay-opacity":"","overlay-gradient":""},"tablet":{"background-color":"var(--ast-global-color-5)","background-image":"","background-repeat":"repeat","background-position":"center center","background-size":"auto","background-attachment":"scroll","background-type":"","background-media":"","overlay-type":"","overlay-color":"","overlay-opacity":"","overlay-gradient":""},"mobile":{"background-color":"var(--ast-global-color-5)","background-image":"","background-repeat":"repeat","background-position":"center center","background-size":"auto","background-attachment":"scroll","background-type":"","background-media":"","overlay-type":"","overlay-color":"","overlay-opacity":"","overlay-gradient":""}},"footnotes":""},"class_list":["post-4053","page","type-page","status-publish","has-post-thumbnail","hentry"],"yoast_head":"<!-- This site is optimized with the Yoast SEO Premium plugin v24.2 (Yoast SEO v24.6) - https:\/\/yoast.com\/wordpress\/plugins\/seo\/ -->\n<title>\u00bfC\u00f3mo lograremos ser bienaventurados? - Uni\u00f3n Esp\u00edrita<\/title>\n<meta name=\"robots\" content=\"index, follow, max-snippet:-1, max-image-preview:large, max-video-preview:-1\" \/>\n<link rel=\"canonical\" href=\"https:\/\/nuevo-renacer.com\/fr\/como-lograremos-ser-bienaventurados\/\" \/>\n<meta property=\"og:locale\" content=\"fr_FR\" \/>\n<meta property=\"og:type\" content=\"article\" \/>\n<meta property=\"og:title\" content=\"\u00bfC\u00f3mo lograremos ser bienaventurados?\" \/>\n<meta property=\"og:description\" content=\"\u00bfC\u00f3mo lograremos ser bienaventurados? Y viendo Jes\u00fas a la gran multitud, subi\u00f3 el monte y despu\u00e9s de sentarse llegaron hasta \u00c9l sus disc\u00edpulos y \u00c9l les ense\u00f1aba diciendo: 1. \u00abBienaventurados los pobres de Esp\u00edritu; porque de ellos es el Reino de los Cielos\u00bb. El Reino de los Cielos es de los pobres de Esp\u00edritus, porque [&hellip;]\" \/>\n<meta property=\"og:url\" content=\"https:\/\/nuevo-renacer.com\/fr\/como-lograremos-ser-bienaventurados\/\" \/>\n<meta property=\"og:site_name\" content=\"Uni\u00f3n Esp\u00edrita\" \/>\n<meta property=\"article:publisher\" content=\"https:\/\/www.facebook.com\/groups\/3431398063740829\" \/>\n<meta property=\"article:modified_time\" content=\"2024-07-19T05:52:12+00:00\" \/>\n<meta property=\"og:image\" content=\"https:\/\/nuevo-renacer.com\/wp-content\/uploads\/2024\/07\/400645926_7109491882404566_6709214791623379716_n.jpg\" \/>\n\t<meta property=\"og:image:width\" content=\"1125\" \/>\n\t<meta property=\"og:image:height\" content=\"1046\" \/>\n\t<meta property=\"og:image:type\" content=\"image\/jpeg\" \/>\n<meta name=\"twitter:card\" content=\"summary_large_image\" \/>\n<meta name=\"twitter:label1\" content=\"Dur\u00e9e de lecture estim\u00e9e\" \/>\n\t<meta name=\"twitter:data1\" content=\"3 minutes\" \/>\n<script type=\"application\/ld+json\" class=\"yoast-schema-graph\">{\"@context\":\"https:\/\/schema.org\",\"@graph\":[{\"@type\":\"WebPage\",\"@id\":\"https:\/\/nuevo-renacer.com\/como-lograremos-ser-bienaventurados\/\",\"url\":\"https:\/\/nuevo-renacer.com\/como-lograremos-ser-bienaventurados\/\",\"name\":\"\u00bfC\u00f3mo lograremos ser bienaventurados? - Uni\u00f3n Esp\u00edrita\",\"isPartOf\":{\"@id\":\"https:\/\/nuevo-renacer.com\/#website\"},\"primaryImageOfPage\":{\"@id\":\"https:\/\/nuevo-renacer.com\/como-lograremos-ser-bienaventurados\/#primaryimage\"},\"image\":{\"@id\":\"https:\/\/nuevo-renacer.com\/como-lograremos-ser-bienaventurados\/#primaryimage\"},\"thumbnailUrl\":\"https:\/\/nuevo-renacer.com\/wp-content\/uploads\/2024\/07\/400645926_7109491882404566_6709214791623379716_n.jpg\",\"datePublished\":\"2024-07-19T05:52:11+00:00\",\"dateModified\":\"2024-07-19T05:52:12+00:00\",\"breadcrumb\":{\"@id\":\"https:\/\/nuevo-renacer.com\/como-lograremos-ser-bienaventurados\/#breadcrumb\"},\"inLanguage\":\"fr-FR\",\"potentialAction\":[{\"@type\":\"ReadAction\",\"target\":[\"https:\/\/nuevo-renacer.com\/como-lograremos-ser-bienaventurados\/\"]}]},{\"@type\":\"ImageObject\",\"inLanguage\":\"fr-FR\",\"@id\":\"https:\/\/nuevo-renacer.com\/como-lograremos-ser-bienaventurados\/#primaryimage\",\"url\":\"https:\/\/nuevo-renacer.com\/wp-content\/uploads\/2024\/07\/400645926_7109491882404566_6709214791623379716_n.jpg\",\"contentUrl\":\"https:\/\/nuevo-renacer.com\/wp-content\/uploads\/2024\/07\/400645926_7109491882404566_6709214791623379716_n.jpg\",\"width\":1125,\"height\":1046},{\"@type\":\"BreadcrumbList\",\"@id\":\"https:\/\/nuevo-renacer.com\/como-lograremos-ser-bienaventurados\/#breadcrumb\",\"itemListElement\":[{\"@type\":\"ListItem\",\"position\":1,\"name\":\"Startseite\",\"item\":\"https:\/\/nuevo-renacer.com\/\"},{\"@type\":\"ListItem\",\"position\":2,\"name\":\"\u00bfC\u00f3mo lograremos ser bienaventurados?\"}]},{\"@type\":\"WebSite\",\"@id\":\"https:\/\/nuevo-renacer.com\/#website\",\"url\":\"https:\/\/nuevo-renacer.com\/\",\"name\":\"Uni\u00f3n Esp\u00edrita\",\"description\":\"Nuevo Renacer\",\"publisher\":{\"@id\":\"https:\/\/nuevo-renacer.com\/#organization\"},\"potentialAction\":[{\"@type\":\"SearchAction\",\"target\":{\"@type\":\"EntryPoint\",\"urlTemplate\":\"https:\/\/nuevo-renacer.com\/?s={search_term_string}\"},\"query-input\":{\"@type\":\"PropertyValueSpecification\",\"valueRequired\":true,\"valueName\":\"search_term_string\"}}],\"inLanguage\":\"fr-FR\"},{\"@type\":\"Organization\",\"@id\":\"https:\/\/nuevo-renacer.com\/#organization\",\"name\":\"UFEC\",\"url\":\"https:\/\/nuevo-renacer.com\/\",\"logo\":{\"@type\":\"ImageObject\",\"inLanguage\":\"fr-FR\",\"@id\":\"https:\/\/nuevo-renacer.com\/#\/schema\/logo\/image\/\",\"url\":\"https:\/\/nuevo-renacer.com\/wp-content\/uploads\/2024\/05\/cropped-LOGO-TERMINADO1-3-3.png\",\"contentUrl\":\"https:\/\/nuevo-renacer.com\/wp-content\/uploads\/2024\/05\/cropped-LOGO-TERMINADO1-3-3.png\",\"width\":512,\"height\":512,\"caption\":\"UFEC\"},\"image\":{\"@id\":\"https:\/\/nuevo-renacer.com\/#\/schema\/logo\/image\/\"},\"sameAs\":[\"https:\/\/www.facebook.com\/groups\/3431398063740829\"]}]}<\/script>\n<!-- \/ Yoast SEO Premium plugin. -->","yoast_head_json":{"title":"\u00bfC\u00f3mo lograremos ser bienaventurados? - Uni\u00f3n Esp\u00edrita","robots":{"index":"index","follow":"follow","max-snippet":"max-snippet:-1","max-image-preview":"max-image-preview:large","max-video-preview":"max-video-preview:-1"},"canonical":"https:\/\/nuevo-renacer.com\/fr\/como-lograremos-ser-bienaventurados\/","og_locale":"fr_FR","og_type":"article","og_title":"\u00bfC\u00f3mo lograremos ser bienaventurados?","og_description":"\u00bfC\u00f3mo lograremos ser bienaventurados? Y viendo Jes\u00fas a la gran multitud, subi\u00f3 el monte y despu\u00e9s de sentarse llegaron hasta \u00c9l sus disc\u00edpulos y \u00c9l les ense\u00f1aba diciendo: 1. \u00abBienaventurados los pobres de Esp\u00edritu; porque de ellos es el Reino de los Cielos\u00bb. El Reino de los Cielos es de los pobres de Esp\u00edritus, porque [&hellip;]","og_url":"https:\/\/nuevo-renacer.com\/fr\/como-lograremos-ser-bienaventurados\/","og_site_name":"Uni\u00f3n Esp\u00edrita","article_publisher":"https:\/\/www.facebook.com\/groups\/3431398063740829","article_modified_time":"2024-07-19T05:52:12+00:00","og_image":[{"width":1125,"height":1046,"url":"https:\/\/nuevo-renacer.com\/wp-content\/uploads\/2024\/07\/400645926_7109491882404566_6709214791623379716_n.jpg","type":"image\/jpeg"}],"twitter_card":"summary_large_image","twitter_misc":{"Dur\u00e9e de lecture estim\u00e9e":"3 minutes"},"schema":{"@context":"https:\/\/schema.org","@graph":[{"@type":"WebPage","@id":"https:\/\/nuevo-renacer.com\/como-lograremos-ser-bienaventurados\/","url":"https:\/\/nuevo-renacer.com\/como-lograremos-ser-bienaventurados\/","name":"\u00bfC\u00f3mo lograremos ser bienaventurados? - Uni\u00f3n Esp\u00edrita","isPartOf":{"@id":"https:\/\/nuevo-renacer.com\/#website"},"primaryImageOfPage":{"@id":"https:\/\/nuevo-renacer.com\/como-lograremos-ser-bienaventurados\/#primaryimage"},"image":{"@id":"https:\/\/nuevo-renacer.com\/como-lograremos-ser-bienaventurados\/#primaryimage"},"thumbnailUrl":"https:\/\/nuevo-renacer.com\/wp-content\/uploads\/2024\/07\/400645926_7109491882404566_6709214791623379716_n.jpg","datePublished":"2024-07-19T05:52:11+00:00","dateModified":"2024-07-19T05:52:12+00:00","breadcrumb":{"@id":"https:\/\/nuevo-renacer.com\/como-lograremos-ser-bienaventurados\/#breadcrumb"},"inLanguage":"fr-FR","potentialAction":[{"@type":"ReadAction","target":["https:\/\/nuevo-renacer.com\/como-lograremos-ser-bienaventurados\/"]}]},{"@type":"ImageObject","inLanguage":"fr-FR","@id":"https:\/\/nuevo-renacer.com\/como-lograremos-ser-bienaventurados\/#primaryimage","url":"https:\/\/nuevo-renacer.com\/wp-content\/uploads\/2024\/07\/400645926_7109491882404566_6709214791623379716_n.jpg","contentUrl":"https:\/\/nuevo-renacer.com\/wp-content\/uploads\/2024\/07\/400645926_7109491882404566_6709214791623379716_n.jpg","width":1125,"height":1046},{"@type":"BreadcrumbList","@id":"https:\/\/nuevo-renacer.com\/como-lograremos-ser-bienaventurados\/#breadcrumb","itemListElement":[{"@type":"ListItem","position":1,"name":"Startseite","item":"https:\/\/nuevo-renacer.com\/"},{"@type":"ListItem","position":2,"name":"\u00bfC\u00f3mo lograremos ser bienaventurados?"}]},{"@type":"WebSite","@id":"https:\/\/nuevo-renacer.com\/#website","url":"https:\/\/nuevo-renacer.com\/","name":"Uni\u00f3n Esp\u00edrita","description":"Nuevo Renacer","publisher":{"@id":"https:\/\/nuevo-renacer.com\/#organization"},"potentialAction":[{"@type":"SearchAction","target":{"@type":"EntryPoint","urlTemplate":"https:\/\/nuevo-renacer.com\/?s={search_term_string}"},"query-input":{"@type":"PropertyValueSpecification","valueRequired":true,"valueName":"search_term_string"}}],"inLanguage":"fr-FR"},{"@type":"Organization","@id":"https:\/\/nuevo-renacer.com\/#organization","name":"UFEC","url":"https:\/\/nuevo-renacer.com\/","logo":{"@type":"ImageObject","inLanguage":"fr-FR","@id":"https:\/\/nuevo-renacer.com\/#\/schema\/logo\/image\/","url":"https:\/\/nuevo-renacer.com\/wp-content\/uploads\/2024\/05\/cropped-LOGO-TERMINADO1-3-3.png","contentUrl":"https:\/\/nuevo-renacer.com\/wp-content\/uploads\/2024\/05\/cropped-LOGO-TERMINADO1-3-3.png","width":512,"height":512,"caption":"UFEC"},"image":{"@id":"https:\/\/nuevo-renacer.com\/#\/schema\/logo\/image\/"},"sameAs":["https:\/\/www.facebook.com\/groups\/3431398063740829"]}]}},"uagb_featured_image_src":{"full":["https:\/\/nuevo-renacer.com\/wp-content\/uploads\/2024\/07\/400645926_7109491882404566_6709214791623379716_n.jpg",1125,1046,false],"thumbnail":["https:\/\/nuevo-renacer.com\/wp-content\/uploads\/2024\/07\/400645926_7109491882404566_6709214791623379716_n-150x150.jpg",150,150,true],"medium":["https:\/\/nuevo-renacer.com\/wp-content\/uploads\/2024\/07\/400645926_7109491882404566_6709214791623379716_n-300x279.jpg",300,279,true],"medium_large":["https:\/\/nuevo-renacer.com\/wp-content\/uploads\/2024\/07\/400645926_7109491882404566_6709214791623379716_n-768x714.jpg",768,714,true],"large":["https:\/\/nuevo-renacer.com\/wp-content\/uploads\/2024\/07\/400645926_7109491882404566_6709214791623379716_n-1024x952.jpg",1024,952,true],"1536x1536":["https:\/\/nuevo-renacer.com\/wp-content\/uploads\/2024\/07\/400645926_7109491882404566_6709214791623379716_n.jpg",1125,1046,false],"2048x2048":["https:\/\/nuevo-renacer.com\/wp-content\/uploads\/2024\/07\/400645926_7109491882404566_6709214791623379716_n.jpg",1125,1046,false],"trp-custom-language-flag":["https:\/\/nuevo-renacer.com\/wp-content\/uploads\/2024\/07\/400645926_7109491882404566_6709214791623379716_n-13x12.jpg",13,12,true]},"uagb_author_info":{"display_name":"adbv0","author_link":"https:\/\/nuevo-renacer.com\/fr\/author\/adbv0\/"},"uagb_comment_info":0,"uagb_excerpt":"\u00bfC\u00f3mo lograremos ser bienaventurados? Y viendo Jes\u00fas a la gran multitud, subi\u00f3 el monte y despu\u00e9s de sentarse llegaron hasta \u00c9l sus disc\u00edpulos y \u00c9l les ense\u00f1aba diciendo: 1. \u00abBienaventurados los pobres de Esp\u00edritu; porque de ellos es el Reino de los Cielos\u00bb. El Reino de los Cielos es de los pobres de Esp\u00edritus, porque\u2026","jetpack_sharing_enabled":true,"_links":{"self":[{"href":"https:\/\/nuevo-renacer.com\/fr\/wp-json\/wp\/v2\/pages\/4053","targetHints":{"allow":["GET"]}}],"collection":[{"href":"https:\/\/nuevo-renacer.com\/fr\/wp-json\/wp\/v2\/pages"}],"about":[{"href":"https:\/\/nuevo-renacer.com\/fr\/wp-json\/wp\/v2\/types\/page"}],"author":[{"embeddable":true,"href":"https:\/\/nuevo-renacer.com\/fr\/wp-json\/wp\/v2\/users\/1"}],"replies":[{"embeddable":true,"href":"https:\/\/nuevo-renacer.com\/fr\/wp-json\/wp\/v2\/comments?post=4053"}],"version-history":[{"count":1,"href":"https:\/\/nuevo-renacer.com\/fr\/wp-json\/wp\/v2\/pages\/4053\/revisions"}],"predecessor-version":[{"id":4056,"href":"https:\/\/nuevo-renacer.com\/fr\/wp-json\/wp\/v2\/pages\/4053\/revisions\/4056"}],"wp:featuredmedia":[{"embeddable":true,"href":"https:\/\/nuevo-renacer.com\/fr\/wp-json\/wp\/v2\/media\/4055"}],"wp:attachment":[{"href":"https:\/\/nuevo-renacer.com\/fr\/wp-json\/wp\/v2\/media?parent=4053"}],"curies":[{"name":"wp","href":"https:\/\/api.w.org\/{rel}","templated":true}]}}