{"id":4034,"date":"2024-07-18T11:35:17","date_gmt":"2024-07-18T11:35:17","guid":{"rendered":"https:\/\/ufec-mundial.com\/?page_id=4034"},"modified":"2024-07-18T11:38:46","modified_gmt":"2024-07-18T11:38:46","slug":"influencias-ambientes","status":"publish","type":"page","link":"https:\/\/nuevo-renacer.com\/fr\/influencias-ambientes\/","title":{"rendered":"Influences sur l'environnement"},"content":{"rendered":"<div class=\"wp-block-uagb-container uagb-block-f0ba4ee8 alignfull uagb-is-root-container\"><div class=\"uagb-container-inner-blocks-wrap\">\n<p class=\"has-black-color has-text-color has-link-color has-medium-font-size wp-elements-d0f70c11828938a00d5b057c253262ba\"><strong>Influences sur l'environnement<\/strong><\/p>\n<\/div><\/div>\n\n\n\n<div class=\"wp-block-uagb-container uagb-block-624955bb alignfull uagb-is-root-container\"><div class=\"uagb-container-inner-blocks-wrap\">\n<figure class=\"wp-block-image size-full is-resized\"><img fetchpriority=\"high\" decoding=\"async\" width=\"770\" height=\"433\" src=\"https:\/\/ufec-mundial.com\/wp-content\/uploads\/2024\/07\/0012762735-1.jpg\" alt=\"\" class=\"wp-image-4039\" style=\"width:407px;height:auto\" srcset=\"https:\/\/nuevo-renacer.com\/wp-content\/uploads\/2024\/07\/0012762735-1.jpg 770w, https:\/\/nuevo-renacer.com\/wp-content\/uploads\/2024\/07\/0012762735-1-300x169.jpg 300w, https:\/\/nuevo-renacer.com\/wp-content\/uploads\/2024\/07\/0012762735-1-768x432.jpg 768w, https:\/\/nuevo-renacer.com\/wp-content\/uploads\/2024\/07\/0012762735-1-18x10.jpg 18w\" sizes=\"(max-width: 770px) 100vw, 770px\" \/><\/figure>\n<\/div><\/div>\n\n\n\n<div class=\"wp-block-uagb-container uagb-block-b9ef915a alignfull uagb-is-root-container\"><div class=\"uagb-container-inner-blocks-wrap\">\n<p class=\"has-black-color has-text-color has-link-color has-small-font-size wp-elements-e5ed6d2becc8866a83b8fa5ca91c98f6\"><strong>Il est difficile de trouver des personnes qui ont une stabilit\u00e9 parfaite, \u00e9motionnel et physique. Avez-vous quelque chose \u00e0 voir avec la sensibilit\u00e9 medi\u00famnica?<\/strong><\/p>\n\n\n\n<p class=\"has-black-color has-text-color has-link-color has-small-font-size wp-elements-beae9c2c9029de86ea5738972b3a3d6c\">A beaucoup de choses \u00e0 faire. Nous vivons immerg\u00e9s dans un oc\u00e9an de mentale des vibrations \u00e9mis par les Esprits incarn\u00e9s et d\u00e9sincarn\u00e9s. Ainsi que nous pouvons \u00eatre contamin\u00e9s par des virus et des bact\u00e9ries, nous souffrons aussi de la pollution spirituelle que g\u00e9n\u00e9rer des alt\u00e9rations dans nos humeurs.<\/p>\n\n\n\n<p class=\"has-black-color has-text-color has-link-color has-small-font-size wp-elements-4f2d82d89bf40946131978c796662955\"><strong>Ne qui expliquent pourquoi les gens ont tendance \u00e0 rester d\u00e9prim\u00e9 dans un service de r\u00e9veil et d&#039;\u00eatre heureux dans un mariage?<\/strong><\/p>\n\n\n\n<p class=\"has-black-color has-text-color has-link-color has-small-font-size wp-elements-b8a28082a0f5419cf61431f0b38a1ada\">Sans l&#039;ombre d&#039;un doute. L&#039;environnement et les situations d&#039;exercer une grande influence.<\/p>\n\n\n\n<p class=\"has-black-color has-text-color has-link-color has-small-font-size wp-elements-21ca1a3e6c9fa2637f42cf750b32080d\"><strong>Ce qui explique, aussi, les atrocit\u00e9s commises par les soldats dans une guerre?<\/strong><\/p>\n\n\n\n<p class=\"has-black-color has-text-color has-link-color has-small-font-size wp-elements-3c44968412247009b214ab4ba989c7c6\">Le produit malheureux \u00e9pid\u00e9mie du mal, sur la base de notre inf\u00e9riorit\u00e9. La cruaut\u00e9 envers les animaux en libre-acc\u00e8s dans les c\u0153urs, m\u00eame domin\u00e9 par les pulsions instinctuelles de l&#039;animalit\u00e9. Se propage avec la vitesse d&#039;une m\u00e8che de la poudre \u00e0 canon.<\/p>\n\n\n\n<p class=\"has-black-color has-text-color has-link-color has-small-font-size wp-elements-ee76659042ee5e03073d3e8e92bef14d\"><strong>Dans la maison semble se passer quelque chose comme \u00e7a, quand les gens de perdre le contr\u00f4le et d&#039;\u00eatre comme les cris et les jurons, il n&#039;est pas surprenant que, compte tenu de l&#039;agression physique...<\/strong><\/p>\n\n\n\n<p class=\"has-black-color has-text-color has-link-color has-small-font-size wp-elements-58829125a3adad3a3a8350db14921c0d\">En aucun autre endroit, nous d\u00e9montrons, avec une plus grande appropriation de notre inf\u00e9riorit\u00e9. Dans la maison des pauses le masque social. Les gens montrent ce qu&#039;ils sont. Comme il n&#039;y a pas des saints de la Terre, perturbe l&#039;atmosph\u00e8re, favorisant la contamination de l&#039;agressivit\u00e9, qui entourent les membres de la maison.<\/p>\n\n\n\n<p class=\"has-black-color has-text-color has-link-color has-small-font-size wp-elements-6d6ab15f6496a6d16121ef27b2fe6f54\"><strong>Comment puis-je l&#039;\u00e9viter?<\/strong><\/p>\n\n\n\n<p class=\"has-black-color has-text-color has-link-color has-small-font-size wp-elements-8f7a59260765a28ebfc5093f2d86695d\">Il est n\u00e9cessaire de d\u00e9velopper et de renforcer les d\u00e9fenses spirituelles, l&#039;\u00e9l\u00e9vation de notre mode de vibration, d&#039;accord pour une fr\u00e9quence que l&#039;on place au-dessus de l&#039;perturbations de l&#039;environnement.<\/p>\n\n\n\n<p class=\"has-black-color has-text-color has-link-color has-small-font-size wp-elements-ee68f425f84cfdd56863fc14bed3eb95\"><strong>Comment fonctionne ce probl\u00e8me de r\u00e9glage?<\/strong><\/p>\n\n\n\n<p class=\"has-black-color has-text-color has-link-color has-small-font-size wp-elements-73b746d9c580094d33d4dd8987c830eb\">Prenez, par exemple, les ondes, sur les \u00e9missions de radio. Ils sont d\u00e9velopp\u00e9s \u00e0 l&#039;int\u00e9rieur d&#039;une fr\u00e9quence sp\u00e9cifique. Pour \u00e9couter une station de radio en particulier, tournez la molette de r\u00e9glage et r\u00e9gler. Notre esprit est un puissant \u00e9metteur et le r\u00e9cepteur de vibrations et nous aurons \u00e0 r\u00e9gler dans les foules qui sont \u00e0 l&#039;\u00e9coute mentalement avec nous.<\/p>\n\n\n\n<p class=\"has-black-color has-text-color has-link-color has-small-font-size wp-elements-bd9e2cd0791ee6da115596f29e439265\"><strong>Quelles sont les mesures que nous devons prendre pour avoir un air sain?<\/strong><\/p>\n\n\n\n<p class=\"has-black-color has-text-color has-link-color has-small-font-size wp-elements-a9065829eec360da02612ef87345b1ad\">Permettez-nous de consid\u00e9rer, en principe, qu&#039;il est d\u00e9termin\u00e9 par la nature de nos pens\u00e9es. Rappelant le vieil adage \u201cdis-moi qui sont vos amis et je vous dirai qui vous \u00eates\u201d, nous pouvons dire \u201cdites-moi la nature de vos pens\u00e9es et je vais vous dire que l&#039;influence que vous aurez l&#039;assimilation\u201d.<\/p>\n\n\n\n<p class=\"has-black-color has-text-color has-link-color has-small-font-size wp-elements-c3c037cf5bc55d0ec62a4624e51f7f3c\">\u00bf<strong>Cela signifie que l&#039;\u00e9quilibre et du d\u00e9s\u00e9quilibre, de la paix ou de la pr\u00e9occupation, de la joie ou de la tristesse, de l&#039;agressivit\u00e9 ou de la douceur, d\u00e9pend essentiellement de nous?<\/strong><\/p>\n\n\n\n<p class=\"has-black-color has-text-color has-link-color has-small-font-size wp-elements-8484fcc9c3a0551747c6debcaea81478\">Exactement. Bien que notre sant\u00e9 physique et psychique peut \u00eatre prolong\u00e9e en raison des effets de l&#039;environnement, de l&#039;origine de celles-ci est dans notre fa\u00e7on de penser et d&#039;agir. Si vous voulez du Bon dans nos vies, il est crucial que nous pensons et fonctionnent Bien.<\/p>\n<\/div><\/div>","protected":false},"excerpt":{"rendered":"<p>Influencias Ambientes Es dif\u00edcil encontrar personas que guardan perfecta estabilidad emocional y f\u00edsica. \u00bfTiene algo que ver con la sensibilidad medi\u00famnica? Tiene mucho que ver. Vivimos sumergidos en un oc\u00e9ano de vibraciones mentales, emitidas por Esp\u00edritus encarnados y desencarnados. As\u00ed como podemos ser contaminados por virus y bacterias, tambi\u00e9n sufrimos contaminaciones espirituales que generan alteraciones [&hellip;]<\/p>","protected":false},"author":1,"featured_media":4039,"parent":0,"menu_order":0,"comment_status":"closed","ping_status":"closed","template":"","meta":{"_uag_custom_page_level_css":"","site-sidebar-layout":"default","site-content-layout":"","ast-site-content-layout":"default","site-content-style":"default","site-sidebar-style":"default","ast-global-header-display":"","ast-banner-title-visibility":"","ast-main-header-display":"","ast-hfb-above-header-display":"","ast-hfb-below-header-display":"","ast-hfb-mobile-header-display":"","site-post-title":"","ast-breadcrumbs-content":"","ast-featured-img":"","footer-sml-layout":"","theme-transparent-header-meta":"","adv-header-id-meta":"","stick-header-meta":"","header-above-stick-meta":"","header-main-stick-meta":"","header-below-stick-meta":"","astra-migrate-meta-layouts":"set","ast-page-background-enabled":"default","ast-page-background-meta":{"desktop":{"background-color":"var(--ast-global-color-4)","background-image":"","background-repeat":"repeat","background-position":"center center","background-size":"auto","background-attachment":"scroll","background-type":"","background-media":"","overlay-type":"","overlay-color":"","overlay-opacity":"","overlay-gradient":""},"tablet":{"background-color":"","background-image":"","background-repeat":"repeat","background-position":"center center","background-size":"auto","background-attachment":"scroll","background-type":"","background-media":"","overlay-type":"","overlay-color":"","overlay-opacity":"","overlay-gradient":""},"mobile":{"background-color":"","background-image":"","background-repeat":"repeat","background-position":"center center","background-size":"auto","background-attachment":"scroll","background-type":"","background-media":"","overlay-type":"","overlay-color":"","overlay-opacity":"","overlay-gradient":""}},"ast-content-background-meta":{"desktop":{"background-color":"var(--ast-global-color-5)","background-image":"","background-repeat":"repeat","background-position":"center center","background-size":"auto","background-attachment":"scroll","background-type":"","background-media":"","overlay-type":"","overlay-color":"","overlay-opacity":"","overlay-gradient":""},"tablet":{"background-color":"var(--ast-global-color-5)","background-image":"","background-repeat":"repeat","background-position":"center center","background-size":"auto","background-attachment":"scroll","background-type":"","background-media":"","overlay-type":"","overlay-color":"","overlay-opacity":"","overlay-gradient":""},"mobile":{"background-color":"var(--ast-global-color-5)","background-image":"","background-repeat":"repeat","background-position":"center center","background-size":"auto","background-attachment":"scroll","background-type":"","background-media":"","overlay-type":"","overlay-color":"","overlay-opacity":"","overlay-gradient":""}},"footnotes":""},"class_list":["post-4034","page","type-page","status-publish","has-post-thumbnail","hentry"],"yoast_head":"<!-- This site is optimized with the Yoast SEO Premium plugin v24.2 (Yoast SEO v24.6) - https:\/\/yoast.com\/wordpress\/plugins\/seo\/ -->\n<title>Influencias Ambientes - Uni\u00f3n Esp\u00edrita<\/title>\n<meta name=\"robots\" content=\"index, follow, max-snippet:-1, max-image-preview:large, max-video-preview:-1\" \/>\n<link rel=\"canonical\" href=\"https:\/\/nuevo-renacer.com\/fr\/influencias-ambientes\/\" \/>\n<meta property=\"og:locale\" content=\"fr_FR\" \/>\n<meta property=\"og:type\" content=\"article\" \/>\n<meta property=\"og:title\" content=\"Influencias Ambientes\" \/>\n<meta property=\"og:description\" content=\"Influencias Ambientes Es dif\u00edcil encontrar personas que guardan perfecta estabilidad emocional y f\u00edsica. \u00bfTiene algo que ver con la sensibilidad medi\u00famnica? Tiene mucho que ver. Vivimos sumergidos en un oc\u00e9ano de vibraciones mentales, emitidas por Esp\u00edritus encarnados y desencarnados. As\u00ed como podemos ser contaminados por virus y bacterias, tambi\u00e9n sufrimos contaminaciones espirituales que generan alteraciones [&hellip;]\" \/>\n<meta property=\"og:url\" content=\"https:\/\/nuevo-renacer.com\/fr\/influencias-ambientes\/\" \/>\n<meta property=\"og:site_name\" content=\"Uni\u00f3n Esp\u00edrita\" \/>\n<meta property=\"article:publisher\" content=\"https:\/\/www.facebook.com\/groups\/3431398063740829\" \/>\n<meta property=\"article:modified_time\" content=\"2024-07-18T11:38:46+00:00\" \/>\n<meta property=\"og:image\" content=\"https:\/\/nuevo-renacer.com\/wp-content\/uploads\/2024\/07\/0012762735-1.jpg\" \/>\n\t<meta property=\"og:image:width\" content=\"770\" \/>\n\t<meta property=\"og:image:height\" content=\"433\" \/>\n\t<meta property=\"og:image:type\" content=\"image\/jpeg\" \/>\n<meta name=\"twitter:card\" content=\"summary_large_image\" \/>\n<meta name=\"twitter:label1\" content=\"Dur\u00e9e de lecture estim\u00e9e\" \/>\n\t<meta name=\"twitter:data1\" content=\"2 minutes\" \/>\n<script type=\"application\/ld+json\" class=\"yoast-schema-graph\">{\"@context\":\"https:\/\/schema.org\",\"@graph\":[{\"@type\":\"WebPage\",\"@id\":\"https:\/\/nuevo-renacer.com\/influencias-ambientes\/\",\"url\":\"https:\/\/nuevo-renacer.com\/influencias-ambientes\/\",\"name\":\"Influencias Ambientes - Uni\u00f3n Esp\u00edrita\",\"isPartOf\":{\"@id\":\"https:\/\/nuevo-renacer.com\/#website\"},\"primaryImageOfPage\":{\"@id\":\"https:\/\/nuevo-renacer.com\/influencias-ambientes\/#primaryimage\"},\"image\":{\"@id\":\"https:\/\/nuevo-renacer.com\/influencias-ambientes\/#primaryimage\"},\"thumbnailUrl\":\"https:\/\/nuevo-renacer.com\/wp-content\/uploads\/2024\/07\/0012762735-1.jpg\",\"datePublished\":\"2024-07-18T11:35:17+00:00\",\"dateModified\":\"2024-07-18T11:38:46+00:00\",\"breadcrumb\":{\"@id\":\"https:\/\/nuevo-renacer.com\/influencias-ambientes\/#breadcrumb\"},\"inLanguage\":\"fr-FR\",\"potentialAction\":[{\"@type\":\"ReadAction\",\"target\":[\"https:\/\/nuevo-renacer.com\/influencias-ambientes\/\"]}]},{\"@type\":\"ImageObject\",\"inLanguage\":\"fr-FR\",\"@id\":\"https:\/\/nuevo-renacer.com\/influencias-ambientes\/#primaryimage\",\"url\":\"https:\/\/nuevo-renacer.com\/wp-content\/uploads\/2024\/07\/0012762735-1.jpg\",\"contentUrl\":\"https:\/\/nuevo-renacer.com\/wp-content\/uploads\/2024\/07\/0012762735-1.jpg\",\"width\":770,\"height\":433},{\"@type\":\"BreadcrumbList\",\"@id\":\"https:\/\/nuevo-renacer.com\/influencias-ambientes\/#breadcrumb\",\"itemListElement\":[{\"@type\":\"ListItem\",\"position\":1,\"name\":\"Startseite\",\"item\":\"https:\/\/nuevo-renacer.com\/\"},{\"@type\":\"ListItem\",\"position\":2,\"name\":\"Influencias Ambientes\"}]},{\"@type\":\"WebSite\",\"@id\":\"https:\/\/nuevo-renacer.com\/#website\",\"url\":\"https:\/\/nuevo-renacer.com\/\",\"name\":\"Uni\u00f3n Esp\u00edrita\",\"description\":\"Nuevo Renacer\",\"publisher\":{\"@id\":\"https:\/\/nuevo-renacer.com\/#organization\"},\"potentialAction\":[{\"@type\":\"SearchAction\",\"target\":{\"@type\":\"EntryPoint\",\"urlTemplate\":\"https:\/\/nuevo-renacer.com\/?s={search_term_string}\"},\"query-input\":{\"@type\":\"PropertyValueSpecification\",\"valueRequired\":true,\"valueName\":\"search_term_string\"}}],\"inLanguage\":\"fr-FR\"},{\"@type\":\"Organization\",\"@id\":\"https:\/\/nuevo-renacer.com\/#organization\",\"name\":\"UFEC\",\"url\":\"https:\/\/nuevo-renacer.com\/\",\"logo\":{\"@type\":\"ImageObject\",\"inLanguage\":\"fr-FR\",\"@id\":\"https:\/\/nuevo-renacer.com\/#\/schema\/logo\/image\/\",\"url\":\"https:\/\/nuevo-renacer.com\/wp-content\/uploads\/2024\/05\/cropped-LOGO-TERMINADO1-3-3.png\",\"contentUrl\":\"https:\/\/nuevo-renacer.com\/wp-content\/uploads\/2024\/05\/cropped-LOGO-TERMINADO1-3-3.png\",\"width\":512,\"height\":512,\"caption\":\"UFEC\"},\"image\":{\"@id\":\"https:\/\/nuevo-renacer.com\/#\/schema\/logo\/image\/\"},\"sameAs\":[\"https:\/\/www.facebook.com\/groups\/3431398063740829\"]}]}<\/script>\n<!-- \/ Yoast SEO Premium plugin. -->","yoast_head_json":{"title":"Influencias Ambientes - Uni\u00f3n Esp\u00edrita","robots":{"index":"index","follow":"follow","max-snippet":"max-snippet:-1","max-image-preview":"max-image-preview:large","max-video-preview":"max-video-preview:-1"},"canonical":"https:\/\/nuevo-renacer.com\/fr\/influencias-ambientes\/","og_locale":"fr_FR","og_type":"article","og_title":"Influencias Ambientes","og_description":"Influencias Ambientes Es dif\u00edcil encontrar personas que guardan perfecta estabilidad emocional y f\u00edsica. \u00bfTiene algo que ver con la sensibilidad medi\u00famnica? Tiene mucho que ver. Vivimos sumergidos en un oc\u00e9ano de vibraciones mentales, emitidas por Esp\u00edritus encarnados y desencarnados. As\u00ed como podemos ser contaminados por virus y bacterias, tambi\u00e9n sufrimos contaminaciones espirituales que generan alteraciones [&hellip;]","og_url":"https:\/\/nuevo-renacer.com\/fr\/influencias-ambientes\/","og_site_name":"Uni\u00f3n Esp\u00edrita","article_publisher":"https:\/\/www.facebook.com\/groups\/3431398063740829","article_modified_time":"2024-07-18T11:38:46+00:00","og_image":[{"width":770,"height":433,"url":"https:\/\/nuevo-renacer.com\/wp-content\/uploads\/2024\/07\/0012762735-1.jpg","type":"image\/jpeg"}],"twitter_card":"summary_large_image","twitter_misc":{"Dur\u00e9e de lecture estim\u00e9e":"2 minutes"},"schema":{"@context":"https:\/\/schema.org","@graph":[{"@type":"WebPage","@id":"https:\/\/nuevo-renacer.com\/influencias-ambientes\/","url":"https:\/\/nuevo-renacer.com\/influencias-ambientes\/","name":"Influencias Ambientes - Uni\u00f3n Esp\u00edrita","isPartOf":{"@id":"https:\/\/nuevo-renacer.com\/#website"},"primaryImageOfPage":{"@id":"https:\/\/nuevo-renacer.com\/influencias-ambientes\/#primaryimage"},"image":{"@id":"https:\/\/nuevo-renacer.com\/influencias-ambientes\/#primaryimage"},"thumbnailUrl":"https:\/\/nuevo-renacer.com\/wp-content\/uploads\/2024\/07\/0012762735-1.jpg","datePublished":"2024-07-18T11:35:17+00:00","dateModified":"2024-07-18T11:38:46+00:00","breadcrumb":{"@id":"https:\/\/nuevo-renacer.com\/influencias-ambientes\/#breadcrumb"},"inLanguage":"fr-FR","potentialAction":[{"@type":"ReadAction","target":["https:\/\/nuevo-renacer.com\/influencias-ambientes\/"]}]},{"@type":"ImageObject","inLanguage":"fr-FR","@id":"https:\/\/nuevo-renacer.com\/influencias-ambientes\/#primaryimage","url":"https:\/\/nuevo-renacer.com\/wp-content\/uploads\/2024\/07\/0012762735-1.jpg","contentUrl":"https:\/\/nuevo-renacer.com\/wp-content\/uploads\/2024\/07\/0012762735-1.jpg","width":770,"height":433},{"@type":"BreadcrumbList","@id":"https:\/\/nuevo-renacer.com\/influencias-ambientes\/#breadcrumb","itemListElement":[{"@type":"ListItem","position":1,"name":"Startseite","item":"https:\/\/nuevo-renacer.com\/"},{"@type":"ListItem","position":2,"name":"Influencias Ambientes"}]},{"@type":"WebSite","@id":"https:\/\/nuevo-renacer.com\/#website","url":"https:\/\/nuevo-renacer.com\/","name":"Uni\u00f3n Esp\u00edrita","description":"Nuevo Renacer","publisher":{"@id":"https:\/\/nuevo-renacer.com\/#organization"},"potentialAction":[{"@type":"SearchAction","target":{"@type":"EntryPoint","urlTemplate":"https:\/\/nuevo-renacer.com\/?s={search_term_string}"},"query-input":{"@type":"PropertyValueSpecification","valueRequired":true,"valueName":"search_term_string"}}],"inLanguage":"fr-FR"},{"@type":"Organization","@id":"https:\/\/nuevo-renacer.com\/#organization","name":"UFEC","url":"https:\/\/nuevo-renacer.com\/","logo":{"@type":"ImageObject","inLanguage":"fr-FR","@id":"https:\/\/nuevo-renacer.com\/#\/schema\/logo\/image\/","url":"https:\/\/nuevo-renacer.com\/wp-content\/uploads\/2024\/05\/cropped-LOGO-TERMINADO1-3-3.png","contentUrl":"https:\/\/nuevo-renacer.com\/wp-content\/uploads\/2024\/05\/cropped-LOGO-TERMINADO1-3-3.png","width":512,"height":512,"caption":"UFEC"},"image":{"@id":"https:\/\/nuevo-renacer.com\/#\/schema\/logo\/image\/"},"sameAs":["https:\/\/www.facebook.com\/groups\/3431398063740829"]}]}},"uagb_featured_image_src":{"full":["https:\/\/nuevo-renacer.com\/wp-content\/uploads\/2024\/07\/0012762735-1.jpg",770,433,false],"thumbnail":["https:\/\/nuevo-renacer.com\/wp-content\/uploads\/2024\/07\/0012762735-1-150x150.jpg",150,150,true],"medium":["https:\/\/nuevo-renacer.com\/wp-content\/uploads\/2024\/07\/0012762735-1-300x169.jpg",300,169,true],"medium_large":["https:\/\/nuevo-renacer.com\/wp-content\/uploads\/2024\/07\/0012762735-1-768x432.jpg",768,432,true],"large":["https:\/\/nuevo-renacer.com\/wp-content\/uploads\/2024\/07\/0012762735-1.jpg",770,433,false],"1536x1536":["https:\/\/nuevo-renacer.com\/wp-content\/uploads\/2024\/07\/0012762735-1.jpg",770,433,false],"2048x2048":["https:\/\/nuevo-renacer.com\/wp-content\/uploads\/2024\/07\/0012762735-1.jpg",770,433,false],"trp-custom-language-flag":["https:\/\/nuevo-renacer.com\/wp-content\/uploads\/2024\/07\/0012762735-1-18x10.jpg",18,10,true]},"uagb_author_info":{"display_name":"adbv0","author_link":"https:\/\/nuevo-renacer.com\/fr\/author\/adbv0\/"},"uagb_comment_info":0,"uagb_excerpt":"Influencias Ambientes Es dif\u00edcil encontrar personas que guardan perfecta estabilidad emocional y f\u00edsica. \u00bfTiene algo que ver con la sensibilidad medi\u00famnica? Tiene mucho que ver. Vivimos sumergidos en un oc\u00e9ano de vibraciones mentales, emitidas por Esp\u00edritus encarnados y desencarnados. As\u00ed como podemos ser contaminados por virus y bacterias, tambi\u00e9n sufrimos contaminaciones espirituales que generan alteraciones\u2026","jetpack_sharing_enabled":true,"_links":{"self":[{"href":"https:\/\/nuevo-renacer.com\/fr\/wp-json\/wp\/v2\/pages\/4034","targetHints":{"allow":["GET"]}}],"collection":[{"href":"https:\/\/nuevo-renacer.com\/fr\/wp-json\/wp\/v2\/pages"}],"about":[{"href":"https:\/\/nuevo-renacer.com\/fr\/wp-json\/wp\/v2\/types\/page"}],"author":[{"embeddable":true,"href":"https:\/\/nuevo-renacer.com\/fr\/wp-json\/wp\/v2\/users\/1"}],"replies":[{"embeddable":true,"href":"https:\/\/nuevo-renacer.com\/fr\/wp-json\/wp\/v2\/comments?post=4034"}],"version-history":[{"count":3,"href":"https:\/\/nuevo-renacer.com\/fr\/wp-json\/wp\/v2\/pages\/4034\/revisions"}],"predecessor-version":[{"id":4041,"href":"https:\/\/nuevo-renacer.com\/fr\/wp-json\/wp\/v2\/pages\/4034\/revisions\/4041"}],"wp:featuredmedia":[{"embeddable":true,"href":"https:\/\/nuevo-renacer.com\/fr\/wp-json\/wp\/v2\/media\/4039"}],"wp:attachment":[{"href":"https:\/\/nuevo-renacer.com\/fr\/wp-json\/wp\/v2\/media?parent=4034"}],"curies":[{"name":"wp","href":"https:\/\/api.w.org\/{rel}","templated":true}]}}