{"id":4003,"date":"2024-07-18T07:26:09","date_gmt":"2024-07-18T07:26:09","guid":{"rendered":"https:\/\/ufec-mundial.com\/?page_id=4003"},"modified":"2024-07-18T07:29:24","modified_gmt":"2024-07-18T07:29:24","slug":"los-muertos-son-los-invisibles-pero-no-los-ausentes","status":"publish","type":"page","link":"https:\/\/nuevo-renacer.com\/fr\/los-muertos-son-los-invisibles-pero-no-los-ausentes\/","title":{"rendered":"Les morts sont des invisibles, mais pas absent"},"content":{"rendered":"<div class=\"wp-block-uagb-container uagb-block-509c5750 alignfull uagb-is-root-container\"><div class=\"uagb-container-inner-blocks-wrap\">\n<p class=\"has-black-color has-text-color has-link-color has-medium-font-size wp-elements-fdfe249e89a36fcbcb0ff11f86ba6800\"><strong>Les morts sont des invisibles, mais pas absent<\/strong><\/p>\n<\/div><\/div>\n\n\n\n<div class=\"wp-block-uagb-container uagb-block-af6aa265 alignfull uagb-is-root-container\"><div class=\"uagb-container-inner-blocks-wrap\">\n<figure class=\"wp-block-image size-full\"><img fetchpriority=\"high\" decoding=\"async\" width=\"410\" height=\"410\" src=\"https:\/\/ufec-mundial.com\/wp-content\/uploads\/2024\/07\/440889529_7788030851217329_6529675823081718258_n.jpg\" alt=\"\" class=\"wp-image-4007\" srcset=\"https:\/\/nuevo-renacer.com\/wp-content\/uploads\/2024\/07\/440889529_7788030851217329_6529675823081718258_n.jpg 410w, https:\/\/nuevo-renacer.com\/wp-content\/uploads\/2024\/07\/440889529_7788030851217329_6529675823081718258_n-150x150.jpg 150w, https:\/\/nuevo-renacer.com\/wp-content\/uploads\/2024\/07\/440889529_7788030851217329_6529675823081718258_n-300x300.jpg 300w, https:\/\/nuevo-renacer.com\/wp-content\/uploads\/2024\/07\/440889529_7788030851217329_6529675823081718258_n-12x12.jpg 12w\" sizes=\"(max-width: 410px) 100vw, 410px\" \/><\/figure>\n<\/div><\/div>\n\n\n\n<div class=\"wp-block-uagb-container uagb-block-539f0cda alignfull uagb-is-root-container\"><div class=\"uagb-container-inner-blocks-wrap\">\n<p class=\"has-black-color has-text-color has-link-color has-small-font-size wp-elements-aa6f7f9b00bf73fcf2ad2204a9a47a57\">En effet. Mais que peut-\u00eatre Vous Avez une autre id\u00e9e ou une pens\u00e9e mauvaise, je vous invite \u00e0 r\u00e9fl\u00e9chir sur les points suivants: Si Vous Croyez en l&#039;existence de Dieu, le Cr\u00e9ateur de tout ce qui existe, et une source de sagesse, de bont\u00e9 et de justice, pourquoi alors regarde le processus naturel de la Vie, \u201cmal appel\u00e9 la mort\u201d, comme un mal qui est fait, vous allez, et comme une perte irr\u00e9parable, pour ceux qui restent? Pourrait-il \u00eatre peut-\u00eatre parce que Vous avez une id\u00e9e plus sombre qu&#039;il ne l&#039;est vraiment, et pas vraiment de connaissances au sujet de votre spirituelle de projection? Comparer, imaginer une seconde, rien de plus que les gens qu&#039;ils \u00e9taient semblables \u00e0 une voiture, ce qui est \u00e9galement compos\u00e9 de deux parties: Un \u00e9l\u00e9ment essentiel, le moteur \u00e9quivalent \u00e0 l&#039;Esprit, et l&#039;autre secondaire, le corps, l&#039;\u00e9quivalent pour le corps physique.<\/p>\n\n\n\n<p class=\"has-black-color has-text-color has-link-color has-small-font-size wp-elements-c548229e436f7aa86e367729cc646816\">L&#039;Esprit est fait de la nature Divine, et qu&#039;il est \u201cIMMORTEL\u201d. \u00c0 partir de l\u00e0, nous prenons de petites ou de grandes valeurs spirituelles (selon le degr\u00e9 de d\u00e9veloppement atteint) dans \u201cla continuit\u00e9 de l&#039;exp\u00e9rience\u201d et \u201ccroissance avancement\u201d comme: les sens, l&#039;intelligence, la volont\u00e9, l&#039;intelligence, la solidarit\u00e9. La partie secondaire, bien qu&#039;indispensable, correspond au corps physique, et c&#039;est l&#039;outil ou l&#039;instrument au service de l&#039;Esprit. Contrairement \u00e0 ce dernier, le corps est mortel, ce qui signifie qu&#039;il a une dur\u00e9e d&#039;existence de tout ce qui est fait de mat\u00e9riel de substances. Il repr\u00e9sente \u00e9galement la \u201cforce\u201d qui est le patrimoine de l&#039;irrationnel, et que, cependant pas certains hommes \u00e0 demander le rachat de leurs probl\u00e8mes, de tomber inconsciemment \u00e0 la hauteur de ceux-ci.<\/p>\n\n\n\n<p class=\"has-black-color has-text-color has-link-color has-small-font-size wp-elements-6bd1511dd051bf8fc472a24154ca5bff\">Notre Plan\u00e8te est \u00e0 la maison \u201cfronti\u00e8res, sans discrimination de race, de couleur ou de nationalit\u00e9\u201d qui nous tient tous transitoirement, bien que nombreuses sont les fois que nous venons \u00e0 ce Monde, dans diff\u00e9rentes incarnations et de diff\u00e9rentes \u00e9poques dans l&#039;histoire de l&#039;humanit\u00e9. \u00c0 quelle fin? Avec l&#039;objet de \u201capprendre\u201d, \u201cd&#039;acqu\u00e9rir de l&#039;exp\u00e9rience\u201d, de polonais de nous, et d&#039;\u00e9voluer. La somme des r\u00e9sultats, c&#039;est-\u00e0-dire, les acquis positifs de la solidarit\u00e9 et de l&#039;am\u00e9lioration de notre morale, de notre \u00eatre. Notre personnalit\u00e9, nous nous pr\u00e9parons \u00e0 barboter dans la direction de d&#039;autres Mondes ou Plans d&#039;actions plus heureux, n&#039;est toujours pas comprise par certains \u00eatres humains.<\/p>\n\n\n\n<p class=\"has-black-color has-text-color has-link-color has-small-font-size wp-elements-d79894c3643620e085a61205cd9f40c7\">En revanche, la somme des n\u00e9gatifs des faits et des r\u00e8gles de proc\u00e9dure immoral, si ce n&#039;est r\u00e9gressif, bien que la stagnation, vous quitterez l&#039;exp\u00e9rience et de l&#039;\u00e9ducation, mais pour \u00eatre en mesure de supprimer ces taches \u201cmorale\u201d \u00e0 cause de l&#039;ignorance de gauche enregistr\u00e9es dans votre Esprit, vous pourriez avoir besoin pour passer \u00e0 travers le \u201ccreuset de la douleur\u201d, \u00e0 l&#039;image de l&#039;action qui est r\u00e9alis\u00e9e par le chirurgien, quand il a enlever une tumeur maligne. Par exemple. Cette tumeur sont les destinations de p\u00e9nibles et douloureux que d&#039;\u00eatre n\u00e9 aveugle, sourd, muet, les infirmes, incurables maladies, les accidents, etc<\/p>\n\n\n\n<p class=\"has-black-color has-text-color has-link-color has-small-font-size wp-elements-40e773c6f5b5155d986748a2a01e9f14\">L&#039;Esprit confin\u00e9 \u00e0 l&#039;int\u00e9rieur du corps, est comme un prisonnier \u00e0 l&#039;int\u00e9rieur de sa cellule, et la fen\u00eatre de cellules, c&#039;est comme les cinq sens du corps par laquelle l&#039;Esprit communique avec l&#039;ext\u00e9rieur. Lorsque vient le temps \u201c\u00e0 partir de\u201d ou de la \u201cmort\u201d du corps, il se casse parce qu&#039;il est fait de la mati\u00e8re et de l&#039;Esprit retrouve sa libert\u00e9. Le processus est exploit\u00e9 dans ces moments, il est tr\u00e8s similaire \u00e0 la transformation qui a lieu quand le ver, qui est synonyme avec le corps meurt, et son essence int\u00e9rieure, l&#039;Esprit devient un papillon qui s&#039;envole; laissez votre cellule.<\/p>\n\n\n\n<p class=\"has-black-color has-text-color has-link-color has-small-font-size wp-elements-6464372251b570317d4c939af853d74d\">L&#039;Esprit vient du \u201cMonde Spirituel\u201d, et est n\u00e9 dans notre \u201cMonde Mat\u00e9riel\u201d. Rempli leur existence, ici, revenir au \u201cMonde Spirituel\u201d.<\/p>\n<\/div><\/div>","protected":false},"excerpt":{"rendered":"<p>Los muertos son los invisibles, pero no los ausentes En efecto. Pero como quiz\u00e1s Ud. Tenga una idea diferente o un pensamiento equivocado, lo invitamos a reflexionar sobre lo siguiente: Si Ud. Cree en la existencia de Dios Creador de todo lo que existe y fuente de sabidur\u00eda, de bondad y de justicia \u00bfporqu\u00e9 mira [&hellip;]<\/p>","protected":false},"author":1,"featured_media":4007,"parent":0,"menu_order":0,"comment_status":"closed","ping_status":"closed","template":"","meta":{"_uag_custom_page_level_css":"","site-sidebar-layout":"default","site-content-layout":"","ast-site-content-layout":"default","site-content-style":"default","site-sidebar-style":"default","ast-global-header-display":"","ast-banner-title-visibility":"","ast-main-header-display":"","ast-hfb-above-header-display":"","ast-hfb-below-header-display":"","ast-hfb-mobile-header-display":"","site-post-title":"","ast-breadcrumbs-content":"","ast-featured-img":"","footer-sml-layout":"","theme-transparent-header-meta":"","adv-header-id-meta":"","stick-header-meta":"","header-above-stick-meta":"","header-main-stick-meta":"","header-below-stick-meta":"","astra-migrate-meta-layouts":"set","ast-page-background-enabled":"default","ast-page-background-meta":{"desktop":{"background-color":"var(--ast-global-color-4)","background-image":"","background-repeat":"repeat","background-position":"center center","background-size":"auto","background-attachment":"scroll","background-type":"","background-media":"","overlay-type":"","overlay-color":"","overlay-opacity":"","overlay-gradient":""},"tablet":{"background-color":"","background-image":"","background-repeat":"repeat","background-position":"center center","background-size":"auto","background-attachment":"scroll","background-type":"","background-media":"","overlay-type":"","overlay-color":"","overlay-opacity":"","overlay-gradient":""},"mobile":{"background-color":"","background-image":"","background-repeat":"repeat","background-position":"center center","background-size":"auto","background-attachment":"scroll","background-type":"","background-media":"","overlay-type":"","overlay-color":"","overlay-opacity":"","overlay-gradient":""}},"ast-content-background-meta":{"desktop":{"background-color":"var(--ast-global-color-5)","background-image":"","background-repeat":"repeat","background-position":"center center","background-size":"auto","background-attachment":"scroll","background-type":"","background-media":"","overlay-type":"","overlay-color":"","overlay-opacity":"","overlay-gradient":""},"tablet":{"background-color":"var(--ast-global-color-5)","background-image":"","background-repeat":"repeat","background-position":"center center","background-size":"auto","background-attachment":"scroll","background-type":"","background-media":"","overlay-type":"","overlay-color":"","overlay-opacity":"","overlay-gradient":""},"mobile":{"background-color":"var(--ast-global-color-5)","background-image":"","background-repeat":"repeat","background-position":"center center","background-size":"auto","background-attachment":"scroll","background-type":"","background-media":"","overlay-type":"","overlay-color":"","overlay-opacity":"","overlay-gradient":""}},"footnotes":""},"class_list":["post-4003","page","type-page","status-publish","has-post-thumbnail","hentry"],"yoast_head":"<!-- This site is optimized with the Yoast SEO Premium plugin v24.2 (Yoast SEO v24.6) - https:\/\/yoast.com\/wordpress\/plugins\/seo\/ -->\n<title>Los muertos son los invisibles, pero no los ausentes - Uni\u00f3n Esp\u00edrita<\/title>\n<meta name=\"robots\" content=\"index, follow, max-snippet:-1, max-image-preview:large, max-video-preview:-1\" \/>\n<link rel=\"canonical\" href=\"https:\/\/nuevo-renacer.com\/fr\/los-muertos-son-los-invisibles-pero-no-los-ausentes\/\" \/>\n<meta property=\"og:locale\" content=\"fr_FR\" \/>\n<meta property=\"og:type\" content=\"article\" \/>\n<meta property=\"og:title\" content=\"Los muertos son los invisibles, pero no los ausentes\" \/>\n<meta property=\"og:description\" content=\"Los muertos son los invisibles, pero no los ausentes En efecto. Pero como quiz\u00e1s Ud. Tenga una idea diferente o un pensamiento equivocado, lo invitamos a reflexionar sobre lo siguiente: Si Ud. Cree en la existencia de Dios Creador de todo lo que existe y fuente de sabidur\u00eda, de bondad y de justicia \u00bfporqu\u00e9 mira [&hellip;]\" \/>\n<meta property=\"og:url\" content=\"https:\/\/nuevo-renacer.com\/fr\/los-muertos-son-los-invisibles-pero-no-los-ausentes\/\" \/>\n<meta property=\"og:site_name\" content=\"Uni\u00f3n Esp\u00edrita\" \/>\n<meta property=\"article:publisher\" content=\"https:\/\/www.facebook.com\/groups\/3431398063740829\" \/>\n<meta property=\"article:modified_time\" content=\"2024-07-18T07:29:24+00:00\" \/>\n<meta property=\"og:image\" content=\"https:\/\/nuevo-renacer.com\/wp-content\/uploads\/2024\/07\/440889529_7788030851217329_6529675823081718258_n.jpg\" \/>\n\t<meta property=\"og:image:width\" content=\"410\" \/>\n\t<meta property=\"og:image:height\" content=\"410\" \/>\n\t<meta property=\"og:image:type\" content=\"image\/jpeg\" \/>\n<meta name=\"twitter:card\" content=\"summary_large_image\" \/>\n<meta name=\"twitter:label1\" content=\"Dur\u00e9e de lecture estim\u00e9e\" \/>\n\t<meta name=\"twitter:data1\" content=\"3 minutes\" \/>\n<script type=\"application\/ld+json\" class=\"yoast-schema-graph\">{\"@context\":\"https:\/\/schema.org\",\"@graph\":[{\"@type\":\"WebPage\",\"@id\":\"https:\/\/nuevo-renacer.com\/los-muertos-son-los-invisibles-pero-no-los-ausentes\/\",\"url\":\"https:\/\/nuevo-renacer.com\/los-muertos-son-los-invisibles-pero-no-los-ausentes\/\",\"name\":\"Los muertos son los invisibles, pero no los ausentes - Uni\u00f3n Esp\u00edrita\",\"isPartOf\":{\"@id\":\"https:\/\/nuevo-renacer.com\/#website\"},\"primaryImageOfPage\":{\"@id\":\"https:\/\/nuevo-renacer.com\/los-muertos-son-los-invisibles-pero-no-los-ausentes\/#primaryimage\"},\"image\":{\"@id\":\"https:\/\/nuevo-renacer.com\/los-muertos-son-los-invisibles-pero-no-los-ausentes\/#primaryimage\"},\"thumbnailUrl\":\"https:\/\/nuevo-renacer.com\/wp-content\/uploads\/2024\/07\/440889529_7788030851217329_6529675823081718258_n.jpg\",\"datePublished\":\"2024-07-18T07:26:09+00:00\",\"dateModified\":\"2024-07-18T07:29:24+00:00\",\"breadcrumb\":{\"@id\":\"https:\/\/nuevo-renacer.com\/los-muertos-son-los-invisibles-pero-no-los-ausentes\/#breadcrumb\"},\"inLanguage\":\"fr-FR\",\"potentialAction\":[{\"@type\":\"ReadAction\",\"target\":[\"https:\/\/nuevo-renacer.com\/los-muertos-son-los-invisibles-pero-no-los-ausentes\/\"]}]},{\"@type\":\"ImageObject\",\"inLanguage\":\"fr-FR\",\"@id\":\"https:\/\/nuevo-renacer.com\/los-muertos-son-los-invisibles-pero-no-los-ausentes\/#primaryimage\",\"url\":\"https:\/\/nuevo-renacer.com\/wp-content\/uploads\/2024\/07\/440889529_7788030851217329_6529675823081718258_n.jpg\",\"contentUrl\":\"https:\/\/nuevo-renacer.com\/wp-content\/uploads\/2024\/07\/440889529_7788030851217329_6529675823081718258_n.jpg\",\"width\":410,\"height\":410},{\"@type\":\"BreadcrumbList\",\"@id\":\"https:\/\/nuevo-renacer.com\/los-muertos-son-los-invisibles-pero-no-los-ausentes\/#breadcrumb\",\"itemListElement\":[{\"@type\":\"ListItem\",\"position\":1,\"name\":\"Startseite\",\"item\":\"https:\/\/nuevo-renacer.com\/\"},{\"@type\":\"ListItem\",\"position\":2,\"name\":\"Los muertos son los invisibles, pero no los ausentes\"}]},{\"@type\":\"WebSite\",\"@id\":\"https:\/\/nuevo-renacer.com\/#website\",\"url\":\"https:\/\/nuevo-renacer.com\/\",\"name\":\"Uni\u00f3n Esp\u00edrita\",\"description\":\"Nuevo Renacer\",\"publisher\":{\"@id\":\"https:\/\/nuevo-renacer.com\/#organization\"},\"potentialAction\":[{\"@type\":\"SearchAction\",\"target\":{\"@type\":\"EntryPoint\",\"urlTemplate\":\"https:\/\/nuevo-renacer.com\/?s={search_term_string}\"},\"query-input\":{\"@type\":\"PropertyValueSpecification\",\"valueRequired\":true,\"valueName\":\"search_term_string\"}}],\"inLanguage\":\"fr-FR\"},{\"@type\":\"Organization\",\"@id\":\"https:\/\/nuevo-renacer.com\/#organization\",\"name\":\"UFEC\",\"url\":\"https:\/\/nuevo-renacer.com\/\",\"logo\":{\"@type\":\"ImageObject\",\"inLanguage\":\"fr-FR\",\"@id\":\"https:\/\/nuevo-renacer.com\/#\/schema\/logo\/image\/\",\"url\":\"https:\/\/nuevo-renacer.com\/wp-content\/uploads\/2024\/05\/cropped-LOGO-TERMINADO1-3-3.png\",\"contentUrl\":\"https:\/\/nuevo-renacer.com\/wp-content\/uploads\/2024\/05\/cropped-LOGO-TERMINADO1-3-3.png\",\"width\":512,\"height\":512,\"caption\":\"UFEC\"},\"image\":{\"@id\":\"https:\/\/nuevo-renacer.com\/#\/schema\/logo\/image\/\"},\"sameAs\":[\"https:\/\/www.facebook.com\/groups\/3431398063740829\"]}]}<\/script>\n<!-- \/ Yoast SEO Premium plugin. -->","yoast_head_json":{"title":"Los muertos son los invisibles, pero no los ausentes - Uni\u00f3n Esp\u00edrita","robots":{"index":"index","follow":"follow","max-snippet":"max-snippet:-1","max-image-preview":"max-image-preview:large","max-video-preview":"max-video-preview:-1"},"canonical":"https:\/\/nuevo-renacer.com\/fr\/los-muertos-son-los-invisibles-pero-no-los-ausentes\/","og_locale":"fr_FR","og_type":"article","og_title":"Los muertos son los invisibles, pero no los ausentes","og_description":"Los muertos son los invisibles, pero no los ausentes En efecto. Pero como quiz\u00e1s Ud. Tenga una idea diferente o un pensamiento equivocado, lo invitamos a reflexionar sobre lo siguiente: Si Ud. Cree en la existencia de Dios Creador de todo lo que existe y fuente de sabidur\u00eda, de bondad y de justicia \u00bfporqu\u00e9 mira [&hellip;]","og_url":"https:\/\/nuevo-renacer.com\/fr\/los-muertos-son-los-invisibles-pero-no-los-ausentes\/","og_site_name":"Uni\u00f3n Esp\u00edrita","article_publisher":"https:\/\/www.facebook.com\/groups\/3431398063740829","article_modified_time":"2024-07-18T07:29:24+00:00","og_image":[{"width":410,"height":410,"url":"https:\/\/nuevo-renacer.com\/wp-content\/uploads\/2024\/07\/440889529_7788030851217329_6529675823081718258_n.jpg","type":"image\/jpeg"}],"twitter_card":"summary_large_image","twitter_misc":{"Dur\u00e9e de lecture estim\u00e9e":"3 minutes"},"schema":{"@context":"https:\/\/schema.org","@graph":[{"@type":"WebPage","@id":"https:\/\/nuevo-renacer.com\/los-muertos-son-los-invisibles-pero-no-los-ausentes\/","url":"https:\/\/nuevo-renacer.com\/los-muertos-son-los-invisibles-pero-no-los-ausentes\/","name":"Los muertos son los invisibles, pero no los ausentes - Uni\u00f3n Esp\u00edrita","isPartOf":{"@id":"https:\/\/nuevo-renacer.com\/#website"},"primaryImageOfPage":{"@id":"https:\/\/nuevo-renacer.com\/los-muertos-son-los-invisibles-pero-no-los-ausentes\/#primaryimage"},"image":{"@id":"https:\/\/nuevo-renacer.com\/los-muertos-son-los-invisibles-pero-no-los-ausentes\/#primaryimage"},"thumbnailUrl":"https:\/\/nuevo-renacer.com\/wp-content\/uploads\/2024\/07\/440889529_7788030851217329_6529675823081718258_n.jpg","datePublished":"2024-07-18T07:26:09+00:00","dateModified":"2024-07-18T07:29:24+00:00","breadcrumb":{"@id":"https:\/\/nuevo-renacer.com\/los-muertos-son-los-invisibles-pero-no-los-ausentes\/#breadcrumb"},"inLanguage":"fr-FR","potentialAction":[{"@type":"ReadAction","target":["https:\/\/nuevo-renacer.com\/los-muertos-son-los-invisibles-pero-no-los-ausentes\/"]}]},{"@type":"ImageObject","inLanguage":"fr-FR","@id":"https:\/\/nuevo-renacer.com\/los-muertos-son-los-invisibles-pero-no-los-ausentes\/#primaryimage","url":"https:\/\/nuevo-renacer.com\/wp-content\/uploads\/2024\/07\/440889529_7788030851217329_6529675823081718258_n.jpg","contentUrl":"https:\/\/nuevo-renacer.com\/wp-content\/uploads\/2024\/07\/440889529_7788030851217329_6529675823081718258_n.jpg","width":410,"height":410},{"@type":"BreadcrumbList","@id":"https:\/\/nuevo-renacer.com\/los-muertos-son-los-invisibles-pero-no-los-ausentes\/#breadcrumb","itemListElement":[{"@type":"ListItem","position":1,"name":"Startseite","item":"https:\/\/nuevo-renacer.com\/"},{"@type":"ListItem","position":2,"name":"Los muertos son los invisibles, pero no los ausentes"}]},{"@type":"WebSite","@id":"https:\/\/nuevo-renacer.com\/#website","url":"https:\/\/nuevo-renacer.com\/","name":"Uni\u00f3n Esp\u00edrita","description":"Nuevo Renacer","publisher":{"@id":"https:\/\/nuevo-renacer.com\/#organization"},"potentialAction":[{"@type":"SearchAction","target":{"@type":"EntryPoint","urlTemplate":"https:\/\/nuevo-renacer.com\/?s={search_term_string}"},"query-input":{"@type":"PropertyValueSpecification","valueRequired":true,"valueName":"search_term_string"}}],"inLanguage":"fr-FR"},{"@type":"Organization","@id":"https:\/\/nuevo-renacer.com\/#organization","name":"UFEC","url":"https:\/\/nuevo-renacer.com\/","logo":{"@type":"ImageObject","inLanguage":"fr-FR","@id":"https:\/\/nuevo-renacer.com\/#\/schema\/logo\/image\/","url":"https:\/\/nuevo-renacer.com\/wp-content\/uploads\/2024\/05\/cropped-LOGO-TERMINADO1-3-3.png","contentUrl":"https:\/\/nuevo-renacer.com\/wp-content\/uploads\/2024\/05\/cropped-LOGO-TERMINADO1-3-3.png","width":512,"height":512,"caption":"UFEC"},"image":{"@id":"https:\/\/nuevo-renacer.com\/#\/schema\/logo\/image\/"},"sameAs":["https:\/\/www.facebook.com\/groups\/3431398063740829"]}]}},"uagb_featured_image_src":{"full":["https:\/\/nuevo-renacer.com\/wp-content\/uploads\/2024\/07\/440889529_7788030851217329_6529675823081718258_n.jpg",410,410,false],"thumbnail":["https:\/\/nuevo-renacer.com\/wp-content\/uploads\/2024\/07\/440889529_7788030851217329_6529675823081718258_n-150x150.jpg",150,150,true],"medium":["https:\/\/nuevo-renacer.com\/wp-content\/uploads\/2024\/07\/440889529_7788030851217329_6529675823081718258_n-300x300.jpg",300,300,true],"medium_large":["https:\/\/nuevo-renacer.com\/wp-content\/uploads\/2024\/07\/440889529_7788030851217329_6529675823081718258_n.jpg",410,410,false],"large":["https:\/\/nuevo-renacer.com\/wp-content\/uploads\/2024\/07\/440889529_7788030851217329_6529675823081718258_n.jpg",410,410,false],"1536x1536":["https:\/\/nuevo-renacer.com\/wp-content\/uploads\/2024\/07\/440889529_7788030851217329_6529675823081718258_n.jpg",410,410,false],"2048x2048":["https:\/\/nuevo-renacer.com\/wp-content\/uploads\/2024\/07\/440889529_7788030851217329_6529675823081718258_n.jpg",410,410,false],"trp-custom-language-flag":["https:\/\/nuevo-renacer.com\/wp-content\/uploads\/2024\/07\/440889529_7788030851217329_6529675823081718258_n-12x12.jpg",12,12,true]},"uagb_author_info":{"display_name":"adbv0","author_link":"https:\/\/nuevo-renacer.com\/fr\/author\/adbv0\/"},"uagb_comment_info":0,"uagb_excerpt":"Los muertos son los invisibles, pero no los ausentes En efecto. Pero como quiz\u00e1s Ud. Tenga una idea diferente o un pensamiento equivocado, lo invitamos a reflexionar sobre lo siguiente: Si Ud. Cree en la existencia de Dios Creador de todo lo que existe y fuente de sabidur\u00eda, de bondad y de justicia \u00bfporqu\u00e9 mira\u2026","jetpack_sharing_enabled":true,"_links":{"self":[{"href":"https:\/\/nuevo-renacer.com\/fr\/wp-json\/wp\/v2\/pages\/4003","targetHints":{"allow":["GET"]}}],"collection":[{"href":"https:\/\/nuevo-renacer.com\/fr\/wp-json\/wp\/v2\/pages"}],"about":[{"href":"https:\/\/nuevo-renacer.com\/fr\/wp-json\/wp\/v2\/types\/page"}],"author":[{"embeddable":true,"href":"https:\/\/nuevo-renacer.com\/fr\/wp-json\/wp\/v2\/users\/1"}],"replies":[{"embeddable":true,"href":"https:\/\/nuevo-renacer.com\/fr\/wp-json\/wp\/v2\/comments?post=4003"}],"version-history":[{"count":5,"href":"https:\/\/nuevo-renacer.com\/fr\/wp-json\/wp\/v2\/pages\/4003\/revisions"}],"predecessor-version":[{"id":4009,"href":"https:\/\/nuevo-renacer.com\/fr\/wp-json\/wp\/v2\/pages\/4003\/revisions\/4009"}],"wp:featuredmedia":[{"embeddable":true,"href":"https:\/\/nuevo-renacer.com\/fr\/wp-json\/wp\/v2\/media\/4007"}],"wp:attachment":[{"href":"https:\/\/nuevo-renacer.com\/fr\/wp-json\/wp\/v2\/media?parent=4003"}],"curies":[{"name":"wp","href":"https:\/\/api.w.org\/{rel}","templated":true}]}}