{"id":3988,"date":"2024-07-18T06:28:35","date_gmt":"2024-07-18T06:28:35","guid":{"rendered":"https:\/\/ufec-mundial.com\/?page_id=3988"},"modified":"2025-01-02T12:18:20","modified_gmt":"2025-01-02T12:18:20","slug":"igualidad-ante-la-tumba","status":"publish","type":"page","link":"https:\/\/nuevo-renacer.com\/fr\/igualidad-ante-la-tumba\/","title":{"rendered":"L&#039;\u00e9galit\u00e9 devant la Tombe"},"content":{"rendered":"<div class=\"wp-block-uagb-container uagb-block-214adc87 alignfull uagb-is-root-container\"><div class=\"uagb-container-inner-blocks-wrap\">\n<p class=\"has-black-color has-text-color has-link-color has-medium-font-size wp-elements-196759b829a9cbdbe3da7e7395ea37de\"><strong>L&#039;\u00e9galit\u00e9 devant la Tombe<\/strong><\/p>\n<\/div><\/div>\n\n\n\n<div class=\"wp-block-uagb-container uagb-block-94710983 alignfull uagb-is-root-container\"><div class=\"uagb-container-inner-blocks-wrap\">\n<figure class=\"wp-block-image size-large is-resized\"><img fetchpriority=\"high\" decoding=\"async\" width=\"1024\" height=\"584\" src=\"https:\/\/ufec-mundial.com\/wp-content\/uploads\/2024\/07\/437075619_7730897823597299_8182486796800451971_n-1024x584.jpg\" alt=\"\" class=\"wp-image-3990\" style=\"width:396px;height:auto\" srcset=\"https:\/\/nuevo-renacer.com\/wp-content\/uploads\/2024\/07\/437075619_7730897823597299_8182486796800451971_n-1024x584.jpg 1024w, https:\/\/nuevo-renacer.com\/wp-content\/uploads\/2024\/07\/437075619_7730897823597299_8182486796800451971_n-300x171.jpg 300w, https:\/\/nuevo-renacer.com\/wp-content\/uploads\/2024\/07\/437075619_7730897823597299_8182486796800451971_n-768x438.jpg 768w, https:\/\/nuevo-renacer.com\/wp-content\/uploads\/2024\/07\/437075619_7730897823597299_8182486796800451971_n-18x10.jpg 18w, https:\/\/nuevo-renacer.com\/wp-content\/uploads\/2024\/07\/437075619_7730897823597299_8182486796800451971_n.jpg 1280w\" sizes=\"(max-width: 1024px) 100vw, 1024px\" \/><\/figure>\n<\/div><\/div>\n\n\n\n<div class=\"wp-block-uagb-container uagb-block-a129f51c alignfull uagb-is-root-container\"><div class=\"uagb-container-inner-blocks-wrap\">\n<p class=\"has-black-color has-text-color has-link-color has-small-font-size wp-elements-bc28ee6ee47737235face3ac5279d972\"><strong>D&#039;o\u00f9 vient le d\u00e9sir de perp\u00e9tuer sa m\u00e9moire avec des monuments fun\u00e9raires?<\/strong><\/p>\n\n\n\n<p class=\"has-black-color has-text-color has-link-color has-small-font-size wp-elements-3355f83e5be9f0fd55d90eda4a333ae6\">&#034;Le dernier acte de la fiert\u00e9&#034;.<\/p>\n\n\n\n<p class=\"has-black-color has-text-color has-link-color has-small-font-size wp-elements-326a2b2de5fb6e4813f5004f3ce50cd3\"><strong>Mais la magnificence des monuments fun\u00e9raires, n&#039;a pas est souvent en raison de plus pour les parents qui veulent honorer la m\u00e9moire du d\u00e9funt, \u00e0 la m\u00eame personne d\u00e9c\u00e9d\u00e9e?<\/strong><\/p>\n\n\n\n<p class=\"has-black-color has-text-color has-link-color has-small-font-size wp-elements-18716065b39db58c21cfc7227f416b2a\">\u201cLa fiert\u00e9 des parents qui veulent apporter la gloire \u00e0 eux-m\u00eames. Oh, pas toujours \u00e0 ces manifestations \u00e0 l&#039;\u00e9gard de la mort, mais pour l&#039;amour de soi et de l&#039;amour du monde, et pour l&#039;\u00e9talage de la richesse. Pensez-vous que la m\u00e9moire d&#039;un \u00eatre cher est moins durable dans le c\u0153ur d&#039;un pauvre, parce que vous ne pouvez pas d\u00e9poser plus d&#039;une fleur dans le tombeau? Pensez-vous que les marbres sauv\u00e9 de l&#039;oubli dans lequel il a \u00e9t\u00e9 utile sur la terre?\u201d<\/p>\n\n\n\n<p class=\"has-black-color has-text-color has-link-color has-small-font-size wp-elements-7454ed9866000441658ed96c4ff991d9\"><strong>Censur\u00e1is dans toute la pompe des fun\u00e9railles?<\/strong><\/p>\n\n\n\n<p class=\"has-black-color has-text-color has-link-color has-small-font-size wp-elements-04db2b93f20ee1580ac3c1f8f7c1062a\">&#034;Non, et quand il est en l&#039;honneur de la m\u00e9moire d&#039;un homme bon, juste et exemplaire&#034;.<\/p>\n\n\n\n<p class=\"has-black-color has-text-color has-link-color has-small-font-size wp-elements-70a90ef8cba79ba0131d6b6fea8720d2\"><em>Le tombeau est le rassemblement de tous les hommes, et elle se termine sans piti\u00e9 toutes les distinctions de l&#039;homme. En vain il veut que les riches pour perp\u00e9tuer leur m\u00e9moire avec de somptueux monuments; le temps de les d\u00e9truire, comme dans le corps, ainsi que vous le souhaitez \u00e0 la nature. Le souvenir de leurs bonnes et leurs mauvaises actions seront moins p\u00e9rissable que sa tombe; le faste de leurs fun\u00e9railles auront pas laver les impuret\u00e9s, ou vous allez vous faire un pas vers le haut dans la hi\u00e9rarchie spirituelle.&nbsp;<\/em><\/p>\n<\/div><\/div>\n\n\n\n<div class=\"wp-block-uagb-container uagb-block-154e182f alignfull uagb-is-root-container\"><div class=\"uagb-container-inner-blocks-wrap\"><\/div><\/div>\n\n\n\n<div class=\"wp-block-uagb-container uagb-block-954e82e0 alignfull uagb-is-root-container\"><div class=\"uagb-container-inner-blocks-wrap\"><\/div><\/div>","protected":false},"excerpt":{"rendered":"<p>Igualidad ante la Tumba \u00bfDe d\u00f3nde procede el deseo de perpetuar su memoria con monumentos f\u00fanebres? \u201e\u00daltimo acto de orgullo\u201c. Pero la suntuosidad de los monumentos f\u00fanebres, \u00bfno se debe con frecuencia m\u00e1s a los parientes, que quieren honrar la memoria del difunto, que al mismo difunto? \u201cOrgullo de los parientes que quieren glorificarse a [&hellip;]<\/p>","protected":false},"author":1,"featured_media":3990,"parent":0,"menu_order":0,"comment_status":"closed","ping_status":"closed","template":"","meta":{"_uag_custom_page_level_css":"","site-sidebar-layout":"default","site-content-layout":"","ast-site-content-layout":"default","site-content-style":"default","site-sidebar-style":"default","ast-global-header-display":"","ast-banner-title-visibility":"","ast-main-header-display":"","ast-hfb-above-header-display":"","ast-hfb-below-header-display":"","ast-hfb-mobile-header-display":"","site-post-title":"","ast-breadcrumbs-content":"","ast-featured-img":"","footer-sml-layout":"","theme-transparent-header-meta":"","adv-header-id-meta":"","stick-header-meta":"","header-above-stick-meta":"","header-main-stick-meta":"","header-below-stick-meta":"","astra-migrate-meta-layouts":"set","ast-page-background-enabled":"default","ast-page-background-meta":{"desktop":{"background-color":"var(--ast-global-color-4)","background-image":"","background-repeat":"repeat","background-position":"center center","background-size":"auto","background-attachment":"scroll","background-type":"","background-media":"","overlay-type":"","overlay-color":"","overlay-opacity":"","overlay-gradient":""},"tablet":{"background-color":"","background-image":"","background-repeat":"repeat","background-position":"center center","background-size":"auto","background-attachment":"scroll","background-type":"","background-media":"","overlay-type":"","overlay-color":"","overlay-opacity":"","overlay-gradient":""},"mobile":{"background-color":"","background-image":"","background-repeat":"repeat","background-position":"center center","background-size":"auto","background-attachment":"scroll","background-type":"","background-media":"","overlay-type":"","overlay-color":"","overlay-opacity":"","overlay-gradient":""}},"ast-content-background-meta":{"desktop":{"background-color":"var(--ast-global-color-5)","background-image":"","background-repeat":"repeat","background-position":"center center","background-size":"auto","background-attachment":"scroll","background-type":"","background-media":"","overlay-type":"","overlay-color":"","overlay-opacity":"","overlay-gradient":""},"tablet":{"background-color":"var(--ast-global-color-5)","background-image":"","background-repeat":"repeat","background-position":"center center","background-size":"auto","background-attachment":"scroll","background-type":"","background-media":"","overlay-type":"","overlay-color":"","overlay-opacity":"","overlay-gradient":""},"mobile":{"background-color":"var(--ast-global-color-5)","background-image":"","background-repeat":"repeat","background-position":"center center","background-size":"auto","background-attachment":"scroll","background-type":"","background-media":"","overlay-type":"","overlay-color":"","overlay-opacity":"","overlay-gradient":""}},"footnotes":""},"class_list":["post-3988","page","type-page","status-publish","has-post-thumbnail","hentry"],"yoast_head":"<!-- This site is optimized with the Yoast SEO Premium plugin v24.2 (Yoast SEO v24.6) - https:\/\/yoast.com\/wordpress\/plugins\/seo\/ -->\n<title>Igualidad ante la Tumba - Uni\u00f3n Esp\u00edrita<\/title>\n<meta name=\"robots\" content=\"index, follow, max-snippet:-1, max-image-preview:large, max-video-preview:-1\" \/>\n<link rel=\"canonical\" href=\"https:\/\/nuevo-renacer.com\/fr\/igualidad-ante-la-tumba\/\" \/>\n<meta property=\"og:locale\" content=\"fr_FR\" \/>\n<meta property=\"og:type\" content=\"article\" \/>\n<meta property=\"og:title\" content=\"Igualidad ante la Tumba\" \/>\n<meta property=\"og:description\" content=\"Igualidad ante la Tumba \u00bfDe d\u00f3nde procede el deseo de perpetuar su memoria con monumentos f\u00fanebres? \u201e\u00daltimo acto de orgullo\u201c. Pero la suntuosidad de los monumentos f\u00fanebres, \u00bfno se debe con frecuencia m\u00e1s a los parientes, que quieren honrar la memoria del difunto, que al mismo difunto? \u201cOrgullo de los parientes que quieren glorificarse a [&hellip;]\" \/>\n<meta property=\"og:url\" content=\"https:\/\/nuevo-renacer.com\/fr\/igualidad-ante-la-tumba\/\" \/>\n<meta property=\"og:site_name\" content=\"Uni\u00f3n Esp\u00edrita\" \/>\n<meta property=\"article:publisher\" content=\"https:\/\/www.facebook.com\/groups\/3431398063740829\" \/>\n<meta property=\"article:modified_time\" content=\"2025-01-02T12:18:20+00:00\" \/>\n<meta property=\"og:image\" content=\"https:\/\/nuevo-renacer.com\/wp-content\/uploads\/2024\/07\/437075619_7730897823597299_8182486796800451971_n.jpg\" \/>\n\t<meta property=\"og:image:width\" content=\"1280\" \/>\n\t<meta property=\"og:image:height\" content=\"730\" \/>\n\t<meta property=\"og:image:type\" content=\"image\/jpeg\" \/>\n<meta name=\"twitter:card\" content=\"summary_large_image\" \/>\n<meta name=\"twitter:label1\" content=\"Dur\u00e9e de lecture estim\u00e9e\" \/>\n\t<meta name=\"twitter:data1\" content=\"1 minute\" \/>\n<script type=\"application\/ld+json\" class=\"yoast-schema-graph\">{\"@context\":\"https:\/\/schema.org\",\"@graph\":[{\"@type\":\"WebPage\",\"@id\":\"https:\/\/nuevo-renacer.com\/igualidad-ante-la-tumba\/\",\"url\":\"https:\/\/nuevo-renacer.com\/igualidad-ante-la-tumba\/\",\"name\":\"Igualidad ante la Tumba - Uni\u00f3n Esp\u00edrita\",\"isPartOf\":{\"@id\":\"https:\/\/nuevo-renacer.com\/#website\"},\"primaryImageOfPage\":{\"@id\":\"https:\/\/nuevo-renacer.com\/igualidad-ante-la-tumba\/#primaryimage\"},\"image\":{\"@id\":\"https:\/\/nuevo-renacer.com\/igualidad-ante-la-tumba\/#primaryimage\"},\"thumbnailUrl\":\"https:\/\/nuevo-renacer.com\/wp-content\/uploads\/2024\/07\/437075619_7730897823597299_8182486796800451971_n.jpg\",\"datePublished\":\"2024-07-18T06:28:35+00:00\",\"dateModified\":\"2025-01-02T12:18:20+00:00\",\"breadcrumb\":{\"@id\":\"https:\/\/nuevo-renacer.com\/igualidad-ante-la-tumba\/#breadcrumb\"},\"inLanguage\":\"fr-FR\",\"potentialAction\":[{\"@type\":\"ReadAction\",\"target\":[\"https:\/\/nuevo-renacer.com\/igualidad-ante-la-tumba\/\"]}]},{\"@type\":\"ImageObject\",\"inLanguage\":\"fr-FR\",\"@id\":\"https:\/\/nuevo-renacer.com\/igualidad-ante-la-tumba\/#primaryimage\",\"url\":\"https:\/\/nuevo-renacer.com\/wp-content\/uploads\/2024\/07\/437075619_7730897823597299_8182486796800451971_n.jpg\",\"contentUrl\":\"https:\/\/nuevo-renacer.com\/wp-content\/uploads\/2024\/07\/437075619_7730897823597299_8182486796800451971_n.jpg\",\"width\":1280,\"height\":730},{\"@type\":\"BreadcrumbList\",\"@id\":\"https:\/\/nuevo-renacer.com\/igualidad-ante-la-tumba\/#breadcrumb\",\"itemListElement\":[{\"@type\":\"ListItem\",\"position\":1,\"name\":\"Startseite\",\"item\":\"https:\/\/nuevo-renacer.com\/\"},{\"@type\":\"ListItem\",\"position\":2,\"name\":\"Igualidad ante la Tumba\"}]},{\"@type\":\"WebSite\",\"@id\":\"https:\/\/nuevo-renacer.com\/#website\",\"url\":\"https:\/\/nuevo-renacer.com\/\",\"name\":\"Uni\u00f3n Esp\u00edrita\",\"description\":\"Nuevo Renacer\",\"publisher\":{\"@id\":\"https:\/\/nuevo-renacer.com\/#organization\"},\"potentialAction\":[{\"@type\":\"SearchAction\",\"target\":{\"@type\":\"EntryPoint\",\"urlTemplate\":\"https:\/\/nuevo-renacer.com\/?s={search_term_string}\"},\"query-input\":{\"@type\":\"PropertyValueSpecification\",\"valueRequired\":true,\"valueName\":\"search_term_string\"}}],\"inLanguage\":\"fr-FR\"},{\"@type\":\"Organization\",\"@id\":\"https:\/\/nuevo-renacer.com\/#organization\",\"name\":\"UFEC\",\"url\":\"https:\/\/nuevo-renacer.com\/\",\"logo\":{\"@type\":\"ImageObject\",\"inLanguage\":\"fr-FR\",\"@id\":\"https:\/\/nuevo-renacer.com\/#\/schema\/logo\/image\/\",\"url\":\"https:\/\/nuevo-renacer.com\/wp-content\/uploads\/2024\/05\/cropped-LOGO-TERMINADO1-3-3.png\",\"contentUrl\":\"https:\/\/nuevo-renacer.com\/wp-content\/uploads\/2024\/05\/cropped-LOGO-TERMINADO1-3-3.png\",\"width\":512,\"height\":512,\"caption\":\"UFEC\"},\"image\":{\"@id\":\"https:\/\/nuevo-renacer.com\/#\/schema\/logo\/image\/\"},\"sameAs\":[\"https:\/\/www.facebook.com\/groups\/3431398063740829\"]}]}<\/script>\n<!-- \/ Yoast SEO Premium plugin. -->","yoast_head_json":{"title":"Igualidad ante la Tumba - Uni\u00f3n Esp\u00edrita","robots":{"index":"index","follow":"follow","max-snippet":"max-snippet:-1","max-image-preview":"max-image-preview:large","max-video-preview":"max-video-preview:-1"},"canonical":"https:\/\/nuevo-renacer.com\/fr\/igualidad-ante-la-tumba\/","og_locale":"fr_FR","og_type":"article","og_title":"Igualidad ante la Tumba","og_description":"Igualidad ante la Tumba \u00bfDe d\u00f3nde procede el deseo de perpetuar su memoria con monumentos f\u00fanebres? \u201e\u00daltimo acto de orgullo\u201c. Pero la suntuosidad de los monumentos f\u00fanebres, \u00bfno se debe con frecuencia m\u00e1s a los parientes, que quieren honrar la memoria del difunto, que al mismo difunto? \u201cOrgullo de los parientes que quieren glorificarse a [&hellip;]","og_url":"https:\/\/nuevo-renacer.com\/fr\/igualidad-ante-la-tumba\/","og_site_name":"Uni\u00f3n Esp\u00edrita","article_publisher":"https:\/\/www.facebook.com\/groups\/3431398063740829","article_modified_time":"2025-01-02T12:18:20+00:00","og_image":[{"width":1280,"height":730,"url":"https:\/\/nuevo-renacer.com\/wp-content\/uploads\/2024\/07\/437075619_7730897823597299_8182486796800451971_n.jpg","type":"image\/jpeg"}],"twitter_card":"summary_large_image","twitter_misc":{"Dur\u00e9e de lecture estim\u00e9e":"1 minute"},"schema":{"@context":"https:\/\/schema.org","@graph":[{"@type":"WebPage","@id":"https:\/\/nuevo-renacer.com\/igualidad-ante-la-tumba\/","url":"https:\/\/nuevo-renacer.com\/igualidad-ante-la-tumba\/","name":"Igualidad ante la Tumba - Uni\u00f3n Esp\u00edrita","isPartOf":{"@id":"https:\/\/nuevo-renacer.com\/#website"},"primaryImageOfPage":{"@id":"https:\/\/nuevo-renacer.com\/igualidad-ante-la-tumba\/#primaryimage"},"image":{"@id":"https:\/\/nuevo-renacer.com\/igualidad-ante-la-tumba\/#primaryimage"},"thumbnailUrl":"https:\/\/nuevo-renacer.com\/wp-content\/uploads\/2024\/07\/437075619_7730897823597299_8182486796800451971_n.jpg","datePublished":"2024-07-18T06:28:35+00:00","dateModified":"2025-01-02T12:18:20+00:00","breadcrumb":{"@id":"https:\/\/nuevo-renacer.com\/igualidad-ante-la-tumba\/#breadcrumb"},"inLanguage":"fr-FR","potentialAction":[{"@type":"ReadAction","target":["https:\/\/nuevo-renacer.com\/igualidad-ante-la-tumba\/"]}]},{"@type":"ImageObject","inLanguage":"fr-FR","@id":"https:\/\/nuevo-renacer.com\/igualidad-ante-la-tumba\/#primaryimage","url":"https:\/\/nuevo-renacer.com\/wp-content\/uploads\/2024\/07\/437075619_7730897823597299_8182486796800451971_n.jpg","contentUrl":"https:\/\/nuevo-renacer.com\/wp-content\/uploads\/2024\/07\/437075619_7730897823597299_8182486796800451971_n.jpg","width":1280,"height":730},{"@type":"BreadcrumbList","@id":"https:\/\/nuevo-renacer.com\/igualidad-ante-la-tumba\/#breadcrumb","itemListElement":[{"@type":"ListItem","position":1,"name":"Startseite","item":"https:\/\/nuevo-renacer.com\/"},{"@type":"ListItem","position":2,"name":"Igualidad ante la Tumba"}]},{"@type":"WebSite","@id":"https:\/\/nuevo-renacer.com\/#website","url":"https:\/\/nuevo-renacer.com\/","name":"Uni\u00f3n Esp\u00edrita","description":"Nuevo Renacer","publisher":{"@id":"https:\/\/nuevo-renacer.com\/#organization"},"potentialAction":[{"@type":"SearchAction","target":{"@type":"EntryPoint","urlTemplate":"https:\/\/nuevo-renacer.com\/?s={search_term_string}"},"query-input":{"@type":"PropertyValueSpecification","valueRequired":true,"valueName":"search_term_string"}}],"inLanguage":"fr-FR"},{"@type":"Organization","@id":"https:\/\/nuevo-renacer.com\/#organization","name":"UFEC","url":"https:\/\/nuevo-renacer.com\/","logo":{"@type":"ImageObject","inLanguage":"fr-FR","@id":"https:\/\/nuevo-renacer.com\/#\/schema\/logo\/image\/","url":"https:\/\/nuevo-renacer.com\/wp-content\/uploads\/2024\/05\/cropped-LOGO-TERMINADO1-3-3.png","contentUrl":"https:\/\/nuevo-renacer.com\/wp-content\/uploads\/2024\/05\/cropped-LOGO-TERMINADO1-3-3.png","width":512,"height":512,"caption":"UFEC"},"image":{"@id":"https:\/\/nuevo-renacer.com\/#\/schema\/logo\/image\/"},"sameAs":["https:\/\/www.facebook.com\/groups\/3431398063740829"]}]}},"uagb_featured_image_src":{"full":["https:\/\/nuevo-renacer.com\/wp-content\/uploads\/2024\/07\/437075619_7730897823597299_8182486796800451971_n.jpg",1280,730,false],"thumbnail":["https:\/\/nuevo-renacer.com\/wp-content\/uploads\/2024\/07\/437075619_7730897823597299_8182486796800451971_n-150x150.jpg",150,150,true],"medium":["https:\/\/nuevo-renacer.com\/wp-content\/uploads\/2024\/07\/437075619_7730897823597299_8182486796800451971_n-300x171.jpg",300,171,true],"medium_large":["https:\/\/nuevo-renacer.com\/wp-content\/uploads\/2024\/07\/437075619_7730897823597299_8182486796800451971_n-768x438.jpg",768,438,true],"large":["https:\/\/nuevo-renacer.com\/wp-content\/uploads\/2024\/07\/437075619_7730897823597299_8182486796800451971_n-1024x584.jpg",1024,584,true],"1536x1536":["https:\/\/nuevo-renacer.com\/wp-content\/uploads\/2024\/07\/437075619_7730897823597299_8182486796800451971_n.jpg",1280,730,false],"2048x2048":["https:\/\/nuevo-renacer.com\/wp-content\/uploads\/2024\/07\/437075619_7730897823597299_8182486796800451971_n.jpg",1280,730,false],"trp-custom-language-flag":["https:\/\/nuevo-renacer.com\/wp-content\/uploads\/2024\/07\/437075619_7730897823597299_8182486796800451971_n-18x10.jpg",18,10,true]},"uagb_author_info":{"display_name":"adbv0","author_link":"https:\/\/nuevo-renacer.com\/fr\/author\/adbv0\/"},"uagb_comment_info":0,"uagb_excerpt":"Igualidad ante la Tumba \u00bfDe d\u00f3nde procede el deseo de perpetuar su memoria con monumentos f\u00fanebres? \u201e\u00daltimo acto de orgullo\u201c. Pero la suntuosidad de los monumentos f\u00fanebres, \u00bfno se debe con frecuencia m\u00e1s a los parientes, que quieren honrar la memoria del difunto, que al mismo difunto? \u201cOrgullo de los parientes que quieren glorificarse a\u2026","jetpack_sharing_enabled":true,"_links":{"self":[{"href":"https:\/\/nuevo-renacer.com\/fr\/wp-json\/wp\/v2\/pages\/3988","targetHints":{"allow":["GET"]}}],"collection":[{"href":"https:\/\/nuevo-renacer.com\/fr\/wp-json\/wp\/v2\/pages"}],"about":[{"href":"https:\/\/nuevo-renacer.com\/fr\/wp-json\/wp\/v2\/types\/page"}],"author":[{"embeddable":true,"href":"https:\/\/nuevo-renacer.com\/fr\/wp-json\/wp\/v2\/users\/1"}],"replies":[{"embeddable":true,"href":"https:\/\/nuevo-renacer.com\/fr\/wp-json\/wp\/v2\/comments?post=3988"}],"version-history":[{"count":3,"href":"https:\/\/nuevo-renacer.com\/fr\/wp-json\/wp\/v2\/pages\/3988\/revisions"}],"predecessor-version":[{"id":6654,"href":"https:\/\/nuevo-renacer.com\/fr\/wp-json\/wp\/v2\/pages\/3988\/revisions\/6654"}],"wp:featuredmedia":[{"embeddable":true,"href":"https:\/\/nuevo-renacer.com\/fr\/wp-json\/wp\/v2\/media\/3990"}],"wp:attachment":[{"href":"https:\/\/nuevo-renacer.com\/fr\/wp-json\/wp\/v2\/media?parent=3988"}],"curies":[{"name":"wp","href":"https:\/\/api.w.org\/{rel}","templated":true}]}}