{"id":3955,"date":"2024-07-17T09:45:22","date_gmt":"2024-07-17T09:45:22","guid":{"rendered":"https:\/\/ufec-mundial.com\/?page_id=3955"},"modified":"2025-01-03T13:17:28","modified_gmt":"2025-01-03T13:17:28","slug":"rufina-noeggerath","status":"publish","type":"page","link":"https:\/\/nuevo-renacer.com\/fr\/rufina-noeggerath\/","title":{"rendered":"Rufina Noeggerath"},"content":{"rendered":"<div class=\"wp-block-uagb-container uagb-block-b473ac0a alignfull uagb-is-root-container\"><div class=\"uagb-container-inner-blocks-wrap\">\n<p class=\"has-black-color has-text-color has-link-color has-medium-font-size wp-elements-9ee01b450ef5c565f987446f7276bd8b\"><strong>Rufina Noeggerath (La Bonne M\u00e8re)<\/strong><\/p>\n<\/div><\/div>\n\n\n\n<div class=\"wp-block-uagb-container uagb-block-b913fdef alignfull uagb-is-root-container\"><div class=\"uagb-container-inner-blocks-wrap\">\n<figure class=\"wp-block-image size-full is-resized\"><img fetchpriority=\"high\" decoding=\"async\" width=\"640\" height=\"735\" src=\"https:\/\/ufec-mundial.com\/wp-content\/uploads\/2024\/07\/Rufina_Noeggerath.tif.png\" alt=\"\" class=\"wp-image-3957\" style=\"width:317px;height:auto\" srcset=\"https:\/\/nuevo-renacer.com\/wp-content\/uploads\/2024\/07\/Rufina_Noeggerath.tif.png 640w, https:\/\/nuevo-renacer.com\/wp-content\/uploads\/2024\/07\/Rufina_Noeggerath.tif-261x300.png 261w, https:\/\/nuevo-renacer.com\/wp-content\/uploads\/2024\/07\/Rufina_Noeggerath.tif-10x12.png 10w\" sizes=\"(max-width: 640px) 100vw, 640px\" \/><\/figure>\n<\/div><\/div>\n\n\n\n<div class=\"wp-block-uagb-container uagb-block-e5636570 alignfull uagb-is-root-container\"><div class=\"uagb-container-inner-blocks-wrap\">\n<p class=\"has-black-color has-text-color has-link-color has-small-font-size wp-elements-13e58ce6d1f5f1f04d047c71090affb3\">Rufina Noeggerath est n\u00e9 \u00e0 Bruxelles le 10 octobre 1821.<\/p>\n\n\n\n<p class=\"has-black-color has-text-color has-link-color has-small-font-size wp-elements-9b0786dbb68f643d6186bb65c496ec16\">Elle \u00e9tait mari\u00e9e \u00e0 un m\u00e9decin et d&#039;un hypnotiseur, et il est suppos\u00e9 qu&#039;il a commenc\u00e9 dans la connaissance de l&#039;animal, le magn\u00e9tisme et le somnambulisme magn\u00e9tique. La mort de son mari, en 1852, il a essay\u00e9 de communiquer avec lui, ce qui a conduit \u00e0 la spiritisme \u00e0 la fin du Second Empire (p\u00e9riode historique entre 1852 et 1870). En plus de cette motivation, il \u00e9tait int\u00e9ress\u00e9 par la d\u00e9monstration de la survie apr\u00e8s la mort, \u00e0 la suite d&#039;une d\u00e9marche scientifique.<\/p>\n\n\n\n<p class=\"has-black-color has-text-color has-link-color has-small-font-size wp-elements-291255564b19fcc12288d44d0b808d9b\">En tant que m\u00e9dium, il a fond\u00e9 son propre groupe, de spiritisme, qui s&#039;est r\u00e9uni tous les mercredis et activement engag\u00e9, les grandes figures de l&#039;art et de la litt\u00e9rature de la France \u00e0 l&#039;\u00e9poque ou les associ\u00e9s les plus proches de spiritisme. Son objectif principal \u00e9tait d&#039;aider tous ceux qui souhaitent approfondir votre passion pour les sciences, les spiritualistes. Leurs qualit\u00e9s morales, leur bont\u00e9 naturelle et son in\u00e9puisable charit\u00e9 lui a valu le surnom de Bonne Maman (la Bonne M\u00e8re).<\/p>\n\n\n\n<p class=\"has-black-color has-text-color has-link-color has-small-font-size wp-elements-aae25a023e01a67a46e43a48b7d0ad5e\">En 1897, \u00e0 l&#039;\u00e2ge de 76 ans, il publie son ouvrage majeur le spiritisme (La Survie), avec une pr\u00e9face de Camille Flammarion.<\/p>\n\n\n\n<p class=\"has-black-color has-text-color has-link-color has-small-font-size wp-elements-0d0ac9360708aebd41c61b94a15cc9e3\">Rufina Noeggerath mort en 1908, \u00e0 l&#039;\u00e2ge de 87 ans. Sa tombe est situ\u00e9e dans le cimeti\u00e8re du P\u00e8re Lachaise \u00e0 Paris (France).<\/p>\n<\/div><\/div>\n\n\n\n<div class=\"wp-block-uagb-container uagb-block-4b2c605c alignfull uagb-is-root-container\"><div class=\"uagb-container-inner-blocks-wrap\"><\/div><\/div>\n\n\n\n<div class=\"wp-block-uagb-container uagb-block-3165ec87 alignfull uagb-is-root-container\"><div class=\"uagb-container-inner-blocks-wrap\"><\/div><\/div>","protected":false},"excerpt":{"rendered":"<p>Rufina Noeggerath (Buena Madre) Rufina Noeggerath naci\u00f3 en Bruselas el 10 de octubre de 1821. Estaba casada con un m\u00e9dico e hipnotizador y se supone que \u00e9l la inici\u00f3 en el conocimiento del magnetismo animal y el sonambulismo magn\u00e9tico. A la muerte de su marido, en 1852, intent\u00f3 comunicarse con \u00e9l, lo que la condujo [&hellip;]<\/p>","protected":false},"author":1,"featured_media":3957,"parent":0,"menu_order":0,"comment_status":"closed","ping_status":"closed","template":"","meta":{"_uag_custom_page_level_css":"","site-sidebar-layout":"default","site-content-layout":"","ast-site-content-layout":"default","site-content-style":"default","site-sidebar-style":"default","ast-global-header-display":"","ast-banner-title-visibility":"","ast-main-header-display":"","ast-hfb-above-header-display":"","ast-hfb-below-header-display":"","ast-hfb-mobile-header-display":"","site-post-title":"","ast-breadcrumbs-content":"","ast-featured-img":"","footer-sml-layout":"","theme-transparent-header-meta":"","adv-header-id-meta":"","stick-header-meta":"","header-above-stick-meta":"","header-main-stick-meta":"","header-below-stick-meta":"","astra-migrate-meta-layouts":"set","ast-page-background-enabled":"default","ast-page-background-meta":{"desktop":{"background-color":"var(--ast-global-color-4)","background-image":"","background-repeat":"repeat","background-position":"center center","background-size":"auto","background-attachment":"scroll","background-type":"","background-media":"","overlay-type":"","overlay-color":"","overlay-opacity":"","overlay-gradient":""},"tablet":{"background-color":"","background-image":"","background-repeat":"repeat","background-position":"center center","background-size":"auto","background-attachment":"scroll","background-type":"","background-media":"","overlay-type":"","overlay-color":"","overlay-opacity":"","overlay-gradient":""},"mobile":{"background-color":"","background-image":"","background-repeat":"repeat","background-position":"center center","background-size":"auto","background-attachment":"scroll","background-type":"","background-media":"","overlay-type":"","overlay-color":"","overlay-opacity":"","overlay-gradient":""}},"ast-content-background-meta":{"desktop":{"background-color":"var(--ast-global-color-5)","background-image":"","background-repeat":"repeat","background-position":"center center","background-size":"auto","background-attachment":"scroll","background-type":"","background-media":"","overlay-type":"","overlay-color":"","overlay-opacity":"","overlay-gradient":""},"tablet":{"background-color":"var(--ast-global-color-5)","background-image":"","background-repeat":"repeat","background-position":"center center","background-size":"auto","background-attachment":"scroll","background-type":"","background-media":"","overlay-type":"","overlay-color":"","overlay-opacity":"","overlay-gradient":""},"mobile":{"background-color":"var(--ast-global-color-5)","background-image":"","background-repeat":"repeat","background-position":"center center","background-size":"auto","background-attachment":"scroll","background-type":"","background-media":"","overlay-type":"","overlay-color":"","overlay-opacity":"","overlay-gradient":""}},"footnotes":""},"class_list":["post-3955","page","type-page","status-publish","has-post-thumbnail","hentry"],"yoast_head":"<!-- This site is optimized with the Yoast SEO Premium plugin v24.2 (Yoast SEO v24.6) - https:\/\/yoast.com\/wordpress\/plugins\/seo\/ -->\n<title>Rufina Noeggerath - Uni\u00f3n Esp\u00edrita<\/title>\n<meta name=\"robots\" content=\"index, follow, max-snippet:-1, max-image-preview:large, max-video-preview:-1\" \/>\n<link rel=\"canonical\" href=\"https:\/\/nuevo-renacer.com\/fr\/rufina-noeggerath\/\" \/>\n<meta property=\"og:locale\" content=\"fr_FR\" \/>\n<meta property=\"og:type\" content=\"article\" \/>\n<meta property=\"og:title\" content=\"Rufina Noeggerath\" \/>\n<meta property=\"og:description\" content=\"Rufina Noeggerath (Buena Madre) Rufina Noeggerath naci\u00f3 en Bruselas el 10 de octubre de 1821. Estaba casada con un m\u00e9dico e hipnotizador y se supone que \u00e9l la inici\u00f3 en el conocimiento del magnetismo animal y el sonambulismo magn\u00e9tico. A la muerte de su marido, en 1852, intent\u00f3 comunicarse con \u00e9l, lo que la condujo [&hellip;]\" \/>\n<meta property=\"og:url\" content=\"https:\/\/nuevo-renacer.com\/fr\/rufina-noeggerath\/\" \/>\n<meta property=\"og:site_name\" content=\"Uni\u00f3n Esp\u00edrita\" \/>\n<meta property=\"article:publisher\" content=\"https:\/\/www.facebook.com\/groups\/3431398063740829\" \/>\n<meta property=\"article:modified_time\" content=\"2025-01-03T13:17:28+00:00\" \/>\n<meta property=\"og:image\" content=\"https:\/\/nuevo-renacer.com\/wp-content\/uploads\/2024\/07\/Rufina_Noeggerath.tif.png\" \/>\n\t<meta property=\"og:image:width\" content=\"640\" \/>\n\t<meta property=\"og:image:height\" content=\"735\" \/>\n\t<meta property=\"og:image:type\" content=\"image\/png\" \/>\n<meta name=\"twitter:card\" content=\"summary_large_image\" \/>\n<meta name=\"twitter:label1\" content=\"Dur\u00e9e de lecture estim\u00e9e\" \/>\n\t<meta name=\"twitter:data1\" content=\"1 minute\" \/>\n<script type=\"application\/ld+json\" class=\"yoast-schema-graph\">{\"@context\":\"https:\/\/schema.org\",\"@graph\":[{\"@type\":\"WebPage\",\"@id\":\"https:\/\/nuevo-renacer.com\/rufina-noeggerath\/\",\"url\":\"https:\/\/nuevo-renacer.com\/rufina-noeggerath\/\",\"name\":\"Rufina Noeggerath - Uni\u00f3n Esp\u00edrita\",\"isPartOf\":{\"@id\":\"https:\/\/nuevo-renacer.com\/#website\"},\"primaryImageOfPage\":{\"@id\":\"https:\/\/nuevo-renacer.com\/rufina-noeggerath\/#primaryimage\"},\"image\":{\"@id\":\"https:\/\/nuevo-renacer.com\/rufina-noeggerath\/#primaryimage\"},\"thumbnailUrl\":\"https:\/\/nuevo-renacer.com\/wp-content\/uploads\/2024\/07\/Rufina_Noeggerath.tif.png\",\"datePublished\":\"2024-07-17T09:45:22+00:00\",\"dateModified\":\"2025-01-03T13:17:28+00:00\",\"breadcrumb\":{\"@id\":\"https:\/\/nuevo-renacer.com\/rufina-noeggerath\/#breadcrumb\"},\"inLanguage\":\"fr-FR\",\"potentialAction\":[{\"@type\":\"ReadAction\",\"target\":[\"https:\/\/nuevo-renacer.com\/rufina-noeggerath\/\"]}]},{\"@type\":\"ImageObject\",\"inLanguage\":\"fr-FR\",\"@id\":\"https:\/\/nuevo-renacer.com\/rufina-noeggerath\/#primaryimage\",\"url\":\"https:\/\/nuevo-renacer.com\/wp-content\/uploads\/2024\/07\/Rufina_Noeggerath.tif.png\",\"contentUrl\":\"https:\/\/nuevo-renacer.com\/wp-content\/uploads\/2024\/07\/Rufina_Noeggerath.tif.png\",\"width\":640,\"height\":735},{\"@type\":\"BreadcrumbList\",\"@id\":\"https:\/\/nuevo-renacer.com\/rufina-noeggerath\/#breadcrumb\",\"itemListElement\":[{\"@type\":\"ListItem\",\"position\":1,\"name\":\"Startseite\",\"item\":\"https:\/\/nuevo-renacer.com\/\"},{\"@type\":\"ListItem\",\"position\":2,\"name\":\"Rufina Noeggerath\"}]},{\"@type\":\"WebSite\",\"@id\":\"https:\/\/nuevo-renacer.com\/#website\",\"url\":\"https:\/\/nuevo-renacer.com\/\",\"name\":\"Uni\u00f3n Esp\u00edrita\",\"description\":\"Nuevo Renacer\",\"publisher\":{\"@id\":\"https:\/\/nuevo-renacer.com\/#organization\"},\"potentialAction\":[{\"@type\":\"SearchAction\",\"target\":{\"@type\":\"EntryPoint\",\"urlTemplate\":\"https:\/\/nuevo-renacer.com\/?s={search_term_string}\"},\"query-input\":{\"@type\":\"PropertyValueSpecification\",\"valueRequired\":true,\"valueName\":\"search_term_string\"}}],\"inLanguage\":\"fr-FR\"},{\"@type\":\"Organization\",\"@id\":\"https:\/\/nuevo-renacer.com\/#organization\",\"name\":\"UFEC\",\"url\":\"https:\/\/nuevo-renacer.com\/\",\"logo\":{\"@type\":\"ImageObject\",\"inLanguage\":\"fr-FR\",\"@id\":\"https:\/\/nuevo-renacer.com\/#\/schema\/logo\/image\/\",\"url\":\"https:\/\/nuevo-renacer.com\/wp-content\/uploads\/2024\/05\/cropped-LOGO-TERMINADO1-3-3.png\",\"contentUrl\":\"https:\/\/nuevo-renacer.com\/wp-content\/uploads\/2024\/05\/cropped-LOGO-TERMINADO1-3-3.png\",\"width\":512,\"height\":512,\"caption\":\"UFEC\"},\"image\":{\"@id\":\"https:\/\/nuevo-renacer.com\/#\/schema\/logo\/image\/\"},\"sameAs\":[\"https:\/\/www.facebook.com\/groups\/3431398063740829\"]}]}<\/script>\n<!-- \/ Yoast SEO Premium plugin. -->","yoast_head_json":{"title":"Rufina Noeggerath - Uni\u00f3n Esp\u00edrita","robots":{"index":"index","follow":"follow","max-snippet":"max-snippet:-1","max-image-preview":"max-image-preview:large","max-video-preview":"max-video-preview:-1"},"canonical":"https:\/\/nuevo-renacer.com\/fr\/rufina-noeggerath\/","og_locale":"fr_FR","og_type":"article","og_title":"Rufina Noeggerath","og_description":"Rufina Noeggerath (Buena Madre) Rufina Noeggerath naci\u00f3 en Bruselas el 10 de octubre de 1821. Estaba casada con un m\u00e9dico e hipnotizador y se supone que \u00e9l la inici\u00f3 en el conocimiento del magnetismo animal y el sonambulismo magn\u00e9tico. A la muerte de su marido, en 1852, intent\u00f3 comunicarse con \u00e9l, lo que la condujo [&hellip;]","og_url":"https:\/\/nuevo-renacer.com\/fr\/rufina-noeggerath\/","og_site_name":"Uni\u00f3n Esp\u00edrita","article_publisher":"https:\/\/www.facebook.com\/groups\/3431398063740829","article_modified_time":"2025-01-03T13:17:28+00:00","og_image":[{"width":640,"height":735,"url":"https:\/\/nuevo-renacer.com\/wp-content\/uploads\/2024\/07\/Rufina_Noeggerath.tif.png","type":"image\/png"}],"twitter_card":"summary_large_image","twitter_misc":{"Dur\u00e9e de lecture estim\u00e9e":"1 minute"},"schema":{"@context":"https:\/\/schema.org","@graph":[{"@type":"WebPage","@id":"https:\/\/nuevo-renacer.com\/rufina-noeggerath\/","url":"https:\/\/nuevo-renacer.com\/rufina-noeggerath\/","name":"Rufina Noeggerath - Uni\u00f3n Esp\u00edrita","isPartOf":{"@id":"https:\/\/nuevo-renacer.com\/#website"},"primaryImageOfPage":{"@id":"https:\/\/nuevo-renacer.com\/rufina-noeggerath\/#primaryimage"},"image":{"@id":"https:\/\/nuevo-renacer.com\/rufina-noeggerath\/#primaryimage"},"thumbnailUrl":"https:\/\/nuevo-renacer.com\/wp-content\/uploads\/2024\/07\/Rufina_Noeggerath.tif.png","datePublished":"2024-07-17T09:45:22+00:00","dateModified":"2025-01-03T13:17:28+00:00","breadcrumb":{"@id":"https:\/\/nuevo-renacer.com\/rufina-noeggerath\/#breadcrumb"},"inLanguage":"fr-FR","potentialAction":[{"@type":"ReadAction","target":["https:\/\/nuevo-renacer.com\/rufina-noeggerath\/"]}]},{"@type":"ImageObject","inLanguage":"fr-FR","@id":"https:\/\/nuevo-renacer.com\/rufina-noeggerath\/#primaryimage","url":"https:\/\/nuevo-renacer.com\/wp-content\/uploads\/2024\/07\/Rufina_Noeggerath.tif.png","contentUrl":"https:\/\/nuevo-renacer.com\/wp-content\/uploads\/2024\/07\/Rufina_Noeggerath.tif.png","width":640,"height":735},{"@type":"BreadcrumbList","@id":"https:\/\/nuevo-renacer.com\/rufina-noeggerath\/#breadcrumb","itemListElement":[{"@type":"ListItem","position":1,"name":"Startseite","item":"https:\/\/nuevo-renacer.com\/"},{"@type":"ListItem","position":2,"name":"Rufina Noeggerath"}]},{"@type":"WebSite","@id":"https:\/\/nuevo-renacer.com\/#website","url":"https:\/\/nuevo-renacer.com\/","name":"Uni\u00f3n Esp\u00edrita","description":"Nuevo Renacer","publisher":{"@id":"https:\/\/nuevo-renacer.com\/#organization"},"potentialAction":[{"@type":"SearchAction","target":{"@type":"EntryPoint","urlTemplate":"https:\/\/nuevo-renacer.com\/?s={search_term_string}"},"query-input":{"@type":"PropertyValueSpecification","valueRequired":true,"valueName":"search_term_string"}}],"inLanguage":"fr-FR"},{"@type":"Organization","@id":"https:\/\/nuevo-renacer.com\/#organization","name":"UFEC","url":"https:\/\/nuevo-renacer.com\/","logo":{"@type":"ImageObject","inLanguage":"fr-FR","@id":"https:\/\/nuevo-renacer.com\/#\/schema\/logo\/image\/","url":"https:\/\/nuevo-renacer.com\/wp-content\/uploads\/2024\/05\/cropped-LOGO-TERMINADO1-3-3.png","contentUrl":"https:\/\/nuevo-renacer.com\/wp-content\/uploads\/2024\/05\/cropped-LOGO-TERMINADO1-3-3.png","width":512,"height":512,"caption":"UFEC"},"image":{"@id":"https:\/\/nuevo-renacer.com\/#\/schema\/logo\/image\/"},"sameAs":["https:\/\/www.facebook.com\/groups\/3431398063740829"]}]}},"uagb_featured_image_src":{"full":["https:\/\/nuevo-renacer.com\/wp-content\/uploads\/2024\/07\/Rufina_Noeggerath.tif.png",640,735,false],"thumbnail":["https:\/\/nuevo-renacer.com\/wp-content\/uploads\/2024\/07\/Rufina_Noeggerath.tif-150x150.png",150,150,true],"medium":["https:\/\/nuevo-renacer.com\/wp-content\/uploads\/2024\/07\/Rufina_Noeggerath.tif-261x300.png",261,300,true],"medium_large":["https:\/\/nuevo-renacer.com\/wp-content\/uploads\/2024\/07\/Rufina_Noeggerath.tif.png",640,735,false],"large":["https:\/\/nuevo-renacer.com\/wp-content\/uploads\/2024\/07\/Rufina_Noeggerath.tif.png",640,735,false],"1536x1536":["https:\/\/nuevo-renacer.com\/wp-content\/uploads\/2024\/07\/Rufina_Noeggerath.tif.png",640,735,false],"2048x2048":["https:\/\/nuevo-renacer.com\/wp-content\/uploads\/2024\/07\/Rufina_Noeggerath.tif.png",640,735,false],"trp-custom-language-flag":["https:\/\/nuevo-renacer.com\/wp-content\/uploads\/2024\/07\/Rufina_Noeggerath.tif-10x12.png",10,12,true]},"uagb_author_info":{"display_name":"adbv0","author_link":"https:\/\/nuevo-renacer.com\/fr\/author\/adbv0\/"},"uagb_comment_info":0,"uagb_excerpt":"Rufina Noeggerath (Buena Madre) Rufina Noeggerath naci\u00f3 en Bruselas el 10 de octubre de 1821. Estaba casada con un m\u00e9dico e hipnotizador y se supone que \u00e9l la inici\u00f3 en el conocimiento del magnetismo animal y el sonambulismo magn\u00e9tico. A la muerte de su marido, en 1852, intent\u00f3 comunicarse con \u00e9l, lo que la condujo\u2026","jetpack_sharing_enabled":true,"_links":{"self":[{"href":"https:\/\/nuevo-renacer.com\/fr\/wp-json\/wp\/v2\/pages\/3955","targetHints":{"allow":["GET"]}}],"collection":[{"href":"https:\/\/nuevo-renacer.com\/fr\/wp-json\/wp\/v2\/pages"}],"about":[{"href":"https:\/\/nuevo-renacer.com\/fr\/wp-json\/wp\/v2\/types\/page"}],"author":[{"embeddable":true,"href":"https:\/\/nuevo-renacer.com\/fr\/wp-json\/wp\/v2\/users\/1"}],"replies":[{"embeddable":true,"href":"https:\/\/nuevo-renacer.com\/fr\/wp-json\/wp\/v2\/comments?post=3955"}],"version-history":[{"count":3,"href":"https:\/\/nuevo-renacer.com\/fr\/wp-json\/wp\/v2\/pages\/3955\/revisions"}],"predecessor-version":[{"id":6661,"href":"https:\/\/nuevo-renacer.com\/fr\/wp-json\/wp\/v2\/pages\/3955\/revisions\/6661"}],"wp:featuredmedia":[{"embeddable":true,"href":"https:\/\/nuevo-renacer.com\/fr\/wp-json\/wp\/v2\/media\/3957"}],"wp:attachment":[{"href":"https:\/\/nuevo-renacer.com\/fr\/wp-json\/wp\/v2\/media?parent=3955"}],"curies":[{"name":"wp","href":"https:\/\/api.w.org\/{rel}","templated":true}]}}