{"id":3949,"date":"2024-07-17T09:19:50","date_gmt":"2024-07-17T09:19:50","guid":{"rendered":"https:\/\/ufec-mundial.com\/?page_id=3949"},"modified":"2024-07-17T09:19:53","modified_gmt":"2024-07-17T09:19:53","slug":"lazaro-luiz-zamenhof","status":"publish","type":"page","link":"https:\/\/nuevo-renacer.com\/fr\/lazaro-luiz-zamenhof\/","title":{"rendered":"L\u00e1zaro Luiz Zamenhof"},"content":{"rendered":"<div class=\"wp-block-uagb-container uagb-block-a34e48a2 alignfull uagb-is-root-container\"><div class=\"uagb-container-inner-blocks-wrap\">\n<p class=\"has-black-color has-text-color has-link-color has-medium-font-size wp-elements-d4e41a2b43a03df6b2bbdb496301b3c0\"><strong>L\u00e1zaro Luiz Zamenhof<\/strong><\/p>\n<\/div><\/div>\n\n\n\n<div class=\"wp-block-uagb-container uagb-block-18a90863 alignfull uagb-is-root-container\"><div class=\"uagb-container-inner-blocks-wrap\">\n<figure class=\"wp-block-image size-full is-resized\"><img fetchpriority=\"high\" decoding=\"async\" width=\"427\" height=\"599\" src=\"https:\/\/ufec-mundial.com\/wp-content\/uploads\/2024\/07\/427px-1908-kl-t-zamenhof.jpg\" alt=\"\" class=\"wp-image-3951\" style=\"width:232px;height:auto\" srcset=\"https:\/\/nuevo-renacer.com\/wp-content\/uploads\/2024\/07\/427px-1908-kl-t-zamenhof.jpg 427w, https:\/\/nuevo-renacer.com\/wp-content\/uploads\/2024\/07\/427px-1908-kl-t-zamenhof-214x300.jpg 214w, https:\/\/nuevo-renacer.com\/wp-content\/uploads\/2024\/07\/427px-1908-kl-t-zamenhof-9x12.jpg 9w\" sizes=\"(max-width: 427px) 100vw, 427px\" \/><\/figure>\n<\/div><\/div>\n\n\n\n<div class=\"wp-block-uagb-container uagb-block-f082a313 alignfull uagb-is-root-container\"><div class=\"uagb-container-inner-blocks-wrap\">\n<p class=\"has-black-color has-text-color has-link-color has-small-font-size wp-elements-06145272d7092ef308f4d2583063442b\">L\u00e1zaro Luiz Zamenhof (ou Ludwik Lejzer Zamenhof est n\u00e9 le 15 d\u00e9cembre 1859 \u00e0 Bialystok, en Pologne. Il \u00e9tait le fils de Rosalia et Cadres de Zamenhof, perspicaces professeur de g\u00e9ographie et de langues modernes. L&#039;histoire de la vie de l&#039;enfant Lazare, la ville o\u00f9 il \u00e9tait n\u00e9 et le moment historique sont cruciales pour d\u00e9clencher quelques r\u00e9flexions qui ont abouti \u00e0 la cr\u00e9ation de l&#039;esp\u00e9ranto.<\/p>\n\n\n\n<p class=\"has-black-color has-text-color has-link-color has-small-font-size wp-elements-c27f78fbc14348c0728dbec0a3f1463c\">Bialystok, puis annex\u00e9e \u00e0 l&#039;Empire russe, \u00e9tait une ville d\u00e9chir\u00e9e par les diff\u00e9rences politiques, religieuses et linguistiques; il y parlait quatre langues: polonais, le yiddish, le russe et l&#039;allemand, et l&#039;enfant Lazare a \u00e9t\u00e9 t\u00e9moin de discussions et les conflits qui souvent termin\u00e9 dans les larmes, le sang et m\u00eame de la mort violente. Cette terrible impression de ne jamais \u00eatre effac\u00e9 de votre esprit, de sorte qu&#039;\u00e0 partir d&#039;un enfant caress\u00e9 le r\u00eave de la cr\u00e9ation d&#039;un langage \u00e0 travers lequel les habitants de leur ville et du monde entier pouvaient \u00eatre compris.<\/p>\n\n\n\n<p class=\"has-black-color has-text-color has-link-color has-small-font-size wp-elements-f29f72885fe07dda78e287292143872a\">Il a appris plusieurs langues (en plus de quatre sa ville natale): le Latin, l&#039;h\u00e9breu, le fran\u00e7ais, le grec, l&#039;italien, entre autres. En 1878, il a \u00e9crit &#034;Lingve Monde&#034;, qui allait devenir le pr\u00e9d\u00e9cesseur de l&#039;esp\u00e9ranto.<\/p>\n\n\n\n<p class=\"has-black-color has-text-color has-link-color has-small-font-size wp-elements-cd7a783692a22428038306fc45dba0dc\">La famille A d\u00e9m\u00e9nag\u00e9 \u00e0 Varsovie et, apr\u00e8s l&#039;\u00e9cole, il a \u00e9t\u00e9 envoy\u00e9 \u00e0 Moscou pour \u00e9tudier la m\u00e9decine. Au cours de son s\u00e9jour, son p\u00e8re, inquiet de l&#039;avenir de son fils, il a br\u00fbl\u00e9 ses \u00e9crits sur la Langue Internationale.<\/p>\n\n\n\n<p class=\"has-black-color has-text-color has-link-color has-small-font-size wp-elements-5b513e80da288b85df158ffc73b412ba\">De retour \u00e0 la maison de son p\u00e8re et de r\u00e9aliser ce qui est arriv\u00e9, Lazare a commenc\u00e9 patiemment pour reconstruire l&#039;ensemble de votre projet. Seulement apr\u00e8s exhaustive des exp\u00e9riences et des tests approfondis de la grammaire et le vocabulaire, qu&#039;il avait connu et prouv\u00e9 intens\u00e9ment, il estime que son travail n&#039;\u00e9tait pas pr\u00eat. Traduits en esp\u00e9ranto grandes \u0153uvres de la litt\u00e9rature mondiale, y compris la Bible (Ancien Testament) et Hamlet de Shakespeare. Elle avait alors 28 ans.<\/p>\n\n\n\n<p class=\"has-black-color has-text-color has-link-color has-small-font-size wp-elements-4fdbf1e9155b8182157d4a841dc77cc0\">Le 26 juillet 1887, avec l&#039;aide financi\u00e8re de son futur beau-p\u00e8re, a \u00c9t\u00e9 lanc\u00e9 l&#039;esp\u00e9ranto au monde avec une petite grammaire russe, &#034;Lingvo Internacia&#034;, \u00e9crit par &#034;Doktoro Esperanto&#034; (le pseudonyme que, dans la nouvelle langue, il signifie &#034;le docteur qui esp\u00e8re&#034;). Avec le temps, le pseudonyme a continu\u00e9 \u00e0 \u00eatre utilis\u00e9 pour se r\u00e9f\u00e9rer \u00e0 la langue: l&#039;esp\u00e9ranto.<\/p>\n\n\n\n<p class=\"has-black-color has-text-color has-link-color has-small-font-size wp-elements-eb0627df64565f55cec5e7eaa910dc61\">Sans quitter son m\u00e9tier d&#039;ophtalmologiste, Lazare travaill\u00e9 dur pour faire conna\u00eetre la Langue Internationale. Seulement apr\u00e8s que vous avez termin\u00e9 et publi\u00e9 ses travaux, il a d\u00e9cid\u00e9 de se marier. Le 9 ao\u00fbt 1887, il \u00e9pousa Klara Silbernik, avec qui il a eu trois enfants: Lydia, Adam, et de Sophia.<\/p>\n\n\n\n<p class=\"has-black-color has-text-color has-link-color has-small-font-size wp-elements-23ef5223ce256e7d1dcd01af811a66e4\">En ao\u00fbt 1905, Zamenhof a vu votre id\u00e9al de devenir une r\u00e9alit\u00e9 dans le Premier Congr\u00e8s Universel d&#039;Esp\u00e9ranto a eu lieu \u00e0 Boulogne-sur-Mer, en France, o\u00f9 des centaines de personnes provenant de diff\u00e9rents pays se sont r\u00e9unis ensemble pour communiquer dans une langue unique pendant les six jours de l&#039;\u00e9v\u00e9nement. Le cr\u00e9ateur de la Langue de la Fraternit\u00e9 ont \u00e9galement assist\u00e9 par huit autres conf\u00e9rences universelle, \u00e0 faire des discours dans presque tous, de voyager sur votre propre, avec difficult\u00e9, mais sans prendre parti jamais de son prestige.<\/p>\n\n\n\n<p class=\"has-black-color has-text-color has-link-color has-small-font-size wp-elements-3fd8b217f8015c975f51221d262bbdf0\">En 1914, le d\u00e9clenchement de la Premi\u00e8re Guerre Mondiale interrompt pour un temps l&#039;expansion de l&#039;esp\u00e9ranto. Secou\u00e9 et souffrant de probl\u00e8mes cardiaques, Zamenhof mourut trois ans plus tard, le 14 avril 1917, \u00e0 Varsovie, en Pologne.<\/p>\n\n\n\n<p class=\"has-black-color has-text-color has-link-color has-small-font-size wp-elements-575b06b6ddfcf2a82c16cb3df5afb42d\">L\u00e1zaro Luiz Zamenhof \u00e9tait un homme dot\u00e9 d&#039;une extraordinaire force de la volont\u00e9 de diffuser sa vision humaniste. C&#039;\u00e9tait un vrai universaliste, un pacifiste penseur qui se sont battus contre le sectarisme. Sa vie a \u00e9t\u00e9 tiss\u00e9 de sacrifice, d&#039;abn\u00e9gation et de d\u00e9vouement, il \u00e9tait un homme extr\u00eamement sympathique, qui a cultiv\u00e9 la tol\u00e9rance et de bont\u00e9 envers tous, ne perdant jamais une occasion de faire la charit\u00e9. Pour cette raison, l&#039;UNESCO l&#039;a reconnu le principe du m\u00e9rite comme un &#034;bienfaiteur de l&#039;humanit\u00e9&#034;, un esprit qu&#039;il a l\u00e9gu\u00e9 \u00e0 la famille humaine est l&#039;instrument id\u00e9al pour la communication entre ses membres et de ses progr\u00e8s sur la base de la fraternit\u00e9 universelle.<\/p>\n<\/div><\/div>","protected":false},"excerpt":{"rendered":"<p>L\u00e1zaro Luiz Zamenhof L\u00e1zaro Luiz Zamenhof (o Ludwik Lejzer Zamenhof) naci\u00f3 el 15 de diciembre de 1859 en Bialystok, Polonia. Era hijo de Rosal\u00eda y Marcos Zamenhof, un perspicaz profesor de geograf\u00eda y lenguas modernas. La historia de la vida del ni\u00f1o L\u00e1zaro, la ciudad donde naci\u00f3 y el momento hist\u00f3rico son cruciales para desencadenar [&hellip;]<\/p>","protected":false},"author":1,"featured_media":3951,"parent":0,"menu_order":0,"comment_status":"closed","ping_status":"closed","template":"","meta":{"_uag_custom_page_level_css":"","site-sidebar-layout":"default","site-content-layout":"","ast-site-content-layout":"default","site-content-style":"default","site-sidebar-style":"default","ast-global-header-display":"","ast-banner-title-visibility":"","ast-main-header-display":"","ast-hfb-above-header-display":"","ast-hfb-below-header-display":"","ast-hfb-mobile-header-display":"","site-post-title":"","ast-breadcrumbs-content":"","ast-featured-img":"","footer-sml-layout":"","theme-transparent-header-meta":"","adv-header-id-meta":"","stick-header-meta":"","header-above-stick-meta":"","header-main-stick-meta":"","header-below-stick-meta":"","astra-migrate-meta-layouts":"set","ast-page-background-enabled":"default","ast-page-background-meta":{"desktop":{"background-color":"var(--ast-global-color-4)","background-image":"","background-repeat":"repeat","background-position":"center center","background-size":"auto","background-attachment":"scroll","background-type":"","background-media":"","overlay-type":"","overlay-color":"","overlay-opacity":"","overlay-gradient":""},"tablet":{"background-color":"","background-image":"","background-repeat":"repeat","background-position":"center center","background-size":"auto","background-attachment":"scroll","background-type":"","background-media":"","overlay-type":"","overlay-color":"","overlay-opacity":"","overlay-gradient":""},"mobile":{"background-color":"","background-image":"","background-repeat":"repeat","background-position":"center center","background-size":"auto","background-attachment":"scroll","background-type":"","background-media":"","overlay-type":"","overlay-color":"","overlay-opacity":"","overlay-gradient":""}},"ast-content-background-meta":{"desktop":{"background-color":"var(--ast-global-color-5)","background-image":"","background-repeat":"repeat","background-position":"center center","background-size":"auto","background-attachment":"scroll","background-type":"","background-media":"","overlay-type":"","overlay-color":"","overlay-opacity":"","overlay-gradient":""},"tablet":{"background-color":"var(--ast-global-color-5)","background-image":"","background-repeat":"repeat","background-position":"center center","background-size":"auto","background-attachment":"scroll","background-type":"","background-media":"","overlay-type":"","overlay-color":"","overlay-opacity":"","overlay-gradient":""},"mobile":{"background-color":"var(--ast-global-color-5)","background-image":"","background-repeat":"repeat","background-position":"center center","background-size":"auto","background-attachment":"scroll","background-type":"","background-media":"","overlay-type":"","overlay-color":"","overlay-opacity":"","overlay-gradient":""}},"footnotes":""},"class_list":["post-3949","page","type-page","status-publish","has-post-thumbnail","hentry"],"yoast_head":"<!-- This site is optimized with the Yoast SEO Premium plugin v24.2 (Yoast SEO v24.6) - https:\/\/yoast.com\/wordpress\/plugins\/seo\/ -->\n<title>L\u00e1zaro Luiz Zamenhof - Uni\u00f3n Esp\u00edrita<\/title>\n<meta name=\"robots\" content=\"index, follow, max-snippet:-1, max-image-preview:large, max-video-preview:-1\" \/>\n<link rel=\"canonical\" href=\"https:\/\/nuevo-renacer.com\/fr\/lazaro-luiz-zamenhof\/\" \/>\n<meta property=\"og:locale\" content=\"fr_FR\" \/>\n<meta property=\"og:type\" content=\"article\" \/>\n<meta property=\"og:title\" content=\"L\u00e1zaro Luiz Zamenhof\" \/>\n<meta property=\"og:description\" content=\"L\u00e1zaro Luiz Zamenhof L\u00e1zaro Luiz Zamenhof (o Ludwik Lejzer Zamenhof) naci\u00f3 el 15 de diciembre de 1859 en Bialystok, Polonia. Era hijo de Rosal\u00eda y Marcos Zamenhof, un perspicaz profesor de geograf\u00eda y lenguas modernas. La historia de la vida del ni\u00f1o L\u00e1zaro, la ciudad donde naci\u00f3 y el momento hist\u00f3rico son cruciales para desencadenar [&hellip;]\" \/>\n<meta property=\"og:url\" content=\"https:\/\/nuevo-renacer.com\/fr\/lazaro-luiz-zamenhof\/\" \/>\n<meta property=\"og:site_name\" content=\"Uni\u00f3n Esp\u00edrita\" \/>\n<meta property=\"article:publisher\" content=\"https:\/\/www.facebook.com\/groups\/3431398063740829\" \/>\n<meta property=\"article:modified_time\" content=\"2024-07-17T09:19:53+00:00\" \/>\n<meta property=\"og:image\" content=\"https:\/\/nuevo-renacer.com\/wp-content\/uploads\/2024\/07\/427px-1908-kl-t-zamenhof.jpg\" \/>\n\t<meta property=\"og:image:width\" content=\"427\" \/>\n\t<meta property=\"og:image:height\" content=\"599\" \/>\n\t<meta property=\"og:image:type\" content=\"image\/jpeg\" \/>\n<meta name=\"twitter:card\" content=\"summary_large_image\" \/>\n<meta name=\"twitter:label1\" content=\"Dur\u00e9e de lecture estim\u00e9e\" \/>\n\t<meta name=\"twitter:data1\" content=\"3 minutes\" \/>\n<script type=\"application\/ld+json\" class=\"yoast-schema-graph\">{\"@context\":\"https:\/\/schema.org\",\"@graph\":[{\"@type\":\"WebPage\",\"@id\":\"https:\/\/nuevo-renacer.com\/lazaro-luiz-zamenhof\/\",\"url\":\"https:\/\/nuevo-renacer.com\/lazaro-luiz-zamenhof\/\",\"name\":\"L\u00e1zaro Luiz Zamenhof - Uni\u00f3n Esp\u00edrita\",\"isPartOf\":{\"@id\":\"https:\/\/nuevo-renacer.com\/#website\"},\"primaryImageOfPage\":{\"@id\":\"https:\/\/nuevo-renacer.com\/lazaro-luiz-zamenhof\/#primaryimage\"},\"image\":{\"@id\":\"https:\/\/nuevo-renacer.com\/lazaro-luiz-zamenhof\/#primaryimage\"},\"thumbnailUrl\":\"https:\/\/nuevo-renacer.com\/wp-content\/uploads\/2024\/07\/427px-1908-kl-t-zamenhof.jpg\",\"datePublished\":\"2024-07-17T09:19:50+00:00\",\"dateModified\":\"2024-07-17T09:19:53+00:00\",\"breadcrumb\":{\"@id\":\"https:\/\/nuevo-renacer.com\/lazaro-luiz-zamenhof\/#breadcrumb\"},\"inLanguage\":\"fr-FR\",\"potentialAction\":[{\"@type\":\"ReadAction\",\"target\":[\"https:\/\/nuevo-renacer.com\/lazaro-luiz-zamenhof\/\"]}]},{\"@type\":\"ImageObject\",\"inLanguage\":\"fr-FR\",\"@id\":\"https:\/\/nuevo-renacer.com\/lazaro-luiz-zamenhof\/#primaryimage\",\"url\":\"https:\/\/nuevo-renacer.com\/wp-content\/uploads\/2024\/07\/427px-1908-kl-t-zamenhof.jpg\",\"contentUrl\":\"https:\/\/nuevo-renacer.com\/wp-content\/uploads\/2024\/07\/427px-1908-kl-t-zamenhof.jpg\",\"width\":427,\"height\":599},{\"@type\":\"BreadcrumbList\",\"@id\":\"https:\/\/nuevo-renacer.com\/lazaro-luiz-zamenhof\/#breadcrumb\",\"itemListElement\":[{\"@type\":\"ListItem\",\"position\":1,\"name\":\"Startseite\",\"item\":\"https:\/\/nuevo-renacer.com\/\"},{\"@type\":\"ListItem\",\"position\":2,\"name\":\"L\u00e1zaro Luiz Zamenhof\"}]},{\"@type\":\"WebSite\",\"@id\":\"https:\/\/nuevo-renacer.com\/#website\",\"url\":\"https:\/\/nuevo-renacer.com\/\",\"name\":\"Uni\u00f3n Esp\u00edrita\",\"description\":\"Nuevo Renacer\",\"publisher\":{\"@id\":\"https:\/\/nuevo-renacer.com\/#organization\"},\"potentialAction\":[{\"@type\":\"SearchAction\",\"target\":{\"@type\":\"EntryPoint\",\"urlTemplate\":\"https:\/\/nuevo-renacer.com\/?s={search_term_string}\"},\"query-input\":{\"@type\":\"PropertyValueSpecification\",\"valueRequired\":true,\"valueName\":\"search_term_string\"}}],\"inLanguage\":\"fr-FR\"},{\"@type\":\"Organization\",\"@id\":\"https:\/\/nuevo-renacer.com\/#organization\",\"name\":\"UFEC\",\"url\":\"https:\/\/nuevo-renacer.com\/\",\"logo\":{\"@type\":\"ImageObject\",\"inLanguage\":\"fr-FR\",\"@id\":\"https:\/\/nuevo-renacer.com\/#\/schema\/logo\/image\/\",\"url\":\"https:\/\/nuevo-renacer.com\/wp-content\/uploads\/2024\/05\/cropped-LOGO-TERMINADO1-3-3.png\",\"contentUrl\":\"https:\/\/nuevo-renacer.com\/wp-content\/uploads\/2024\/05\/cropped-LOGO-TERMINADO1-3-3.png\",\"width\":512,\"height\":512,\"caption\":\"UFEC\"},\"image\":{\"@id\":\"https:\/\/nuevo-renacer.com\/#\/schema\/logo\/image\/\"},\"sameAs\":[\"https:\/\/www.facebook.com\/groups\/3431398063740829\"]}]}<\/script>\n<!-- \/ Yoast SEO Premium plugin. -->","yoast_head_json":{"title":"L\u00e1zaro Luiz Zamenhof - Uni\u00f3n Esp\u00edrita","robots":{"index":"index","follow":"follow","max-snippet":"max-snippet:-1","max-image-preview":"max-image-preview:large","max-video-preview":"max-video-preview:-1"},"canonical":"https:\/\/nuevo-renacer.com\/fr\/lazaro-luiz-zamenhof\/","og_locale":"fr_FR","og_type":"article","og_title":"L\u00e1zaro Luiz Zamenhof","og_description":"L\u00e1zaro Luiz Zamenhof L\u00e1zaro Luiz Zamenhof (o Ludwik Lejzer Zamenhof) naci\u00f3 el 15 de diciembre de 1859 en Bialystok, Polonia. Era hijo de Rosal\u00eda y Marcos Zamenhof, un perspicaz profesor de geograf\u00eda y lenguas modernas. La historia de la vida del ni\u00f1o L\u00e1zaro, la ciudad donde naci\u00f3 y el momento hist\u00f3rico son cruciales para desencadenar [&hellip;]","og_url":"https:\/\/nuevo-renacer.com\/fr\/lazaro-luiz-zamenhof\/","og_site_name":"Uni\u00f3n Esp\u00edrita","article_publisher":"https:\/\/www.facebook.com\/groups\/3431398063740829","article_modified_time":"2024-07-17T09:19:53+00:00","og_image":[{"width":427,"height":599,"url":"https:\/\/nuevo-renacer.com\/wp-content\/uploads\/2024\/07\/427px-1908-kl-t-zamenhof.jpg","type":"image\/jpeg"}],"twitter_card":"summary_large_image","twitter_misc":{"Dur\u00e9e de lecture estim\u00e9e":"3 minutes"},"schema":{"@context":"https:\/\/schema.org","@graph":[{"@type":"WebPage","@id":"https:\/\/nuevo-renacer.com\/lazaro-luiz-zamenhof\/","url":"https:\/\/nuevo-renacer.com\/lazaro-luiz-zamenhof\/","name":"L\u00e1zaro Luiz Zamenhof - Uni\u00f3n Esp\u00edrita","isPartOf":{"@id":"https:\/\/nuevo-renacer.com\/#website"},"primaryImageOfPage":{"@id":"https:\/\/nuevo-renacer.com\/lazaro-luiz-zamenhof\/#primaryimage"},"image":{"@id":"https:\/\/nuevo-renacer.com\/lazaro-luiz-zamenhof\/#primaryimage"},"thumbnailUrl":"https:\/\/nuevo-renacer.com\/wp-content\/uploads\/2024\/07\/427px-1908-kl-t-zamenhof.jpg","datePublished":"2024-07-17T09:19:50+00:00","dateModified":"2024-07-17T09:19:53+00:00","breadcrumb":{"@id":"https:\/\/nuevo-renacer.com\/lazaro-luiz-zamenhof\/#breadcrumb"},"inLanguage":"fr-FR","potentialAction":[{"@type":"ReadAction","target":["https:\/\/nuevo-renacer.com\/lazaro-luiz-zamenhof\/"]}]},{"@type":"ImageObject","inLanguage":"fr-FR","@id":"https:\/\/nuevo-renacer.com\/lazaro-luiz-zamenhof\/#primaryimage","url":"https:\/\/nuevo-renacer.com\/wp-content\/uploads\/2024\/07\/427px-1908-kl-t-zamenhof.jpg","contentUrl":"https:\/\/nuevo-renacer.com\/wp-content\/uploads\/2024\/07\/427px-1908-kl-t-zamenhof.jpg","width":427,"height":599},{"@type":"BreadcrumbList","@id":"https:\/\/nuevo-renacer.com\/lazaro-luiz-zamenhof\/#breadcrumb","itemListElement":[{"@type":"ListItem","position":1,"name":"Startseite","item":"https:\/\/nuevo-renacer.com\/"},{"@type":"ListItem","position":2,"name":"L\u00e1zaro Luiz Zamenhof"}]},{"@type":"WebSite","@id":"https:\/\/nuevo-renacer.com\/#website","url":"https:\/\/nuevo-renacer.com\/","name":"Uni\u00f3n Esp\u00edrita","description":"Nuevo Renacer","publisher":{"@id":"https:\/\/nuevo-renacer.com\/#organization"},"potentialAction":[{"@type":"SearchAction","target":{"@type":"EntryPoint","urlTemplate":"https:\/\/nuevo-renacer.com\/?s={search_term_string}"},"query-input":{"@type":"PropertyValueSpecification","valueRequired":true,"valueName":"search_term_string"}}],"inLanguage":"fr-FR"},{"@type":"Organization","@id":"https:\/\/nuevo-renacer.com\/#organization","name":"UFEC","url":"https:\/\/nuevo-renacer.com\/","logo":{"@type":"ImageObject","inLanguage":"fr-FR","@id":"https:\/\/nuevo-renacer.com\/#\/schema\/logo\/image\/","url":"https:\/\/nuevo-renacer.com\/wp-content\/uploads\/2024\/05\/cropped-LOGO-TERMINADO1-3-3.png","contentUrl":"https:\/\/nuevo-renacer.com\/wp-content\/uploads\/2024\/05\/cropped-LOGO-TERMINADO1-3-3.png","width":512,"height":512,"caption":"UFEC"},"image":{"@id":"https:\/\/nuevo-renacer.com\/#\/schema\/logo\/image\/"},"sameAs":["https:\/\/www.facebook.com\/groups\/3431398063740829"]}]}},"uagb_featured_image_src":{"full":["https:\/\/nuevo-renacer.com\/wp-content\/uploads\/2024\/07\/427px-1908-kl-t-zamenhof.jpg",427,599,false],"thumbnail":["https:\/\/nuevo-renacer.com\/wp-content\/uploads\/2024\/07\/427px-1908-kl-t-zamenhof-150x150.jpg",150,150,true],"medium":["https:\/\/nuevo-renacer.com\/wp-content\/uploads\/2024\/07\/427px-1908-kl-t-zamenhof-214x300.jpg",214,300,true],"medium_large":["https:\/\/nuevo-renacer.com\/wp-content\/uploads\/2024\/07\/427px-1908-kl-t-zamenhof.jpg",427,599,false],"large":["https:\/\/nuevo-renacer.com\/wp-content\/uploads\/2024\/07\/427px-1908-kl-t-zamenhof.jpg",427,599,false],"1536x1536":["https:\/\/nuevo-renacer.com\/wp-content\/uploads\/2024\/07\/427px-1908-kl-t-zamenhof.jpg",427,599,false],"2048x2048":["https:\/\/nuevo-renacer.com\/wp-content\/uploads\/2024\/07\/427px-1908-kl-t-zamenhof.jpg",427,599,false],"trp-custom-language-flag":["https:\/\/nuevo-renacer.com\/wp-content\/uploads\/2024\/07\/427px-1908-kl-t-zamenhof-9x12.jpg",9,12,true]},"uagb_author_info":{"display_name":"adbv0","author_link":"https:\/\/nuevo-renacer.com\/fr\/author\/adbv0\/"},"uagb_comment_info":0,"uagb_excerpt":"L\u00e1zaro Luiz Zamenhof L\u00e1zaro Luiz Zamenhof (o Ludwik Lejzer Zamenhof) naci\u00f3 el 15 de diciembre de 1859 en Bialystok, Polonia. Era hijo de Rosal\u00eda y Marcos Zamenhof, un perspicaz profesor de geograf\u00eda y lenguas modernas. La historia de la vida del ni\u00f1o L\u00e1zaro, la ciudad donde naci\u00f3 y el momento hist\u00f3rico son cruciales para desencadenar\u2026","jetpack_sharing_enabled":true,"_links":{"self":[{"href":"https:\/\/nuevo-renacer.com\/fr\/wp-json\/wp\/v2\/pages\/3949","targetHints":{"allow":["GET"]}}],"collection":[{"href":"https:\/\/nuevo-renacer.com\/fr\/wp-json\/wp\/v2\/pages"}],"about":[{"href":"https:\/\/nuevo-renacer.com\/fr\/wp-json\/wp\/v2\/types\/page"}],"author":[{"embeddable":true,"href":"https:\/\/nuevo-renacer.com\/fr\/wp-json\/wp\/v2\/users\/1"}],"replies":[{"embeddable":true,"href":"https:\/\/nuevo-renacer.com\/fr\/wp-json\/wp\/v2\/comments?post=3949"}],"version-history":[{"count":2,"href":"https:\/\/nuevo-renacer.com\/fr\/wp-json\/wp\/v2\/pages\/3949\/revisions"}],"predecessor-version":[{"id":3952,"href":"https:\/\/nuevo-renacer.com\/fr\/wp-json\/wp\/v2\/pages\/3949\/revisions\/3952"}],"wp:featuredmedia":[{"embeddable":true,"href":"https:\/\/nuevo-renacer.com\/fr\/wp-json\/wp\/v2\/media\/3951"}],"wp:attachment":[{"href":"https:\/\/nuevo-renacer.com\/fr\/wp-json\/wp\/v2\/media?parent=3949"}],"curies":[{"name":"wp","href":"https:\/\/api.w.org\/{rel}","templated":true}]}}