{"id":3940,"date":"2024-07-17T08:54:03","date_gmt":"2024-07-17T08:54:03","guid":{"rendered":"https:\/\/ufec-mundial.com\/?page_id=3940"},"modified":"2024-12-17T10:37:59","modified_gmt":"2024-12-17T10:37:59","slug":"antonio-lima","status":"publish","type":"page","link":"https:\/\/nuevo-renacer.com\/fr\/antonio-lima\/","title":{"rendered":"Ant\u00f4nio Lima"},"content":{"rendered":"<div class=\"wp-block-uagb-container uagb-block-e787a7b1 alignfull uagb-is-root-container\"><div class=\"uagb-container-inner-blocks-wrap\">\n<p class=\"has-black-color has-text-color has-link-color has-medium-font-size wp-elements-1cfbea983fa2d4ff649ba0785cd4238d\"><strong>Ant\u00f4nio Lima<\/strong><\/p>\n<\/div><\/div>\n\n\n\n<div class=\"wp-block-uagb-container uagb-block-840cfe58 alignfull uagb-is-root-container\"><div class=\"uagb-container-inner-blocks-wrap\">\n<figure class=\"wp-block-image size-full is-resized\"><img fetchpriority=\"high\" decoding=\"async\" width=\"400\" height=\"576\" src=\"https:\/\/ufec-mundial.com\/wp-content\/uploads\/2024\/07\/antonio.jpg\" alt=\"\" class=\"wp-image-3942\" style=\"width:211px;height:auto\" srcset=\"https:\/\/nuevo-renacer.com\/wp-content\/uploads\/2024\/07\/antonio.jpg 400w, https:\/\/nuevo-renacer.com\/wp-content\/uploads\/2024\/07\/antonio-208x300.jpg 208w, https:\/\/nuevo-renacer.com\/wp-content\/uploads\/2024\/07\/antonio-8x12.jpg 8w\" sizes=\"(max-width: 400px) 100vw, 400px\" \/><\/figure>\n<\/div><\/div>\n\n\n\n<div class=\"wp-block-uagb-container uagb-block-6dae8df8 alignfull uagb-is-root-container\"><div class=\"uagb-container-inner-blocks-wrap\">\n<p class=\"has-black-color has-text-color has-link-color has-small-font-size wp-elements-21a9ab90e1af9ac8309550f8adf824c5\">Ant\u00f4nio Lima est n\u00e9e dans l&#039;ancienne capitale de l&#039;Empire, Rio de Janeiro, le 30 mars 1864. Il a \u00e9t\u00e9 l&#039;un des pionniers du Spiritisme \u00e0 Rio de Janeiro, et on ne sait pas exactement comment il a appris la Doctrine. En 1904, la F\u00e9d\u00e9ration Spirite Br\u00e9silienne (FEB) a publi\u00e9 les livres de la Codification traduit pour lui, \u00e9dition sp\u00e9ciale pour comm\u00e9morer le premier centenaire de la naissance d&#039;Allan Kardec.<\/p>\n\n\n\n<p class=\"has-black-color has-text-color has-link-color has-small-font-size wp-elements-b1ad00f51477aefac9a2649f86d3ea28\">Un \u00e9crivain, journaliste et grand expositor de la Doctrine, Lima fait une vaste bibliographie des ouvrages esp\u00edritas et pas esp\u00edritas, en plus de plusieurs traductions \u00e0 partir du fran\u00e7ais, l&#039;anglais et l&#039;espagnol. Parmi ses livres: Beau, les Fleurs Fanadas et Canto do Cisne (versets), Epopeia da Natureza (\u00e9pisode lyrique), Ou de Cora\u00e7\u00e3o de Jesus (po\u00e8me de l&#039;\u00e9vangile), La Croix de la R\u00e9demption, compos\u00e9 de trois romans: Un Caminho do Abismo, Chemin de Espinhos et Estrada Damas (cha\u00eene de vies successives, mettant l&#039;accent sur la r\u00e9incarnation avec la Justice Divine), et aussi Le Somnambule et La Vie de J\u00e9sus.<\/p>\n\n\n\n<p class=\"has-black-color has-text-color has-link-color has-small-font-size wp-elements-83ced91f0f1d5ea40a0f6c8625fdf131\">A collabor\u00e9 avec l&#039;ensemble de la presse spiritualiste de la p\u00e9riode, \u00e9tant l&#039;un des exposants les plus demand\u00e9s. Poss\u00e9d\u00e9 de la m\u00e9diumnit\u00e9, intuitif et a d\u00e9clar\u00e9 que tous ses livres sont venus pour l&#039;inspiration; cependant, de ne pas identifier l&#039;auteur ou les auteurs, spirituelle, et, par cela, il a sign\u00e9 ses livres.<\/p>\n\n\n\n<p class=\"has-black-color has-text-color has-link-color has-small-font-size wp-elements-9ac4e602a35ec49401586550efe90a1b\">Die-hard d\u00e9fenseur de la puret\u00e9 de la doctrine, ses paroles ont \u00e9t\u00e9 \u00e9cout\u00e9es avec respect et admiration, tant sur des questions de doctrine de l&#039;\u00e9vangile. \u00c0 partir d&#039;un jeune \u00e2ge, il \u00e9tait un vrai semeur au service de J\u00e9sus, \u00e0 jouer un r\u00f4le important dans la propagation du Spiritisme dans les diff\u00e9rents fronts. Les villes de Tr\u00eas Rios, Te\u00f3filo Otoni, Astolfo Dutra, Bicas, Juiz de Fora, et de nombreuses autres personnes ont \u00e9t\u00e9 t\u00e9moins de sa parole en public lors de conf\u00e9rences inoubliable.<\/p>\n\n\n\n<p class=\"has-black-color has-text-color has-link-color has-small-font-size wp-elements-ae8f1a32acc4cb1a5ecc9cd1fed19223\">Il a v\u00e9cu pendant de nombreuses ann\u00e9es, \u00e0 Belo Horizonte, o\u00f9 il a laiss\u00e9 une longue feuille de services \u00e0 la communaut\u00e9 spirite, d&#039;entre eux \u00e9tant l&#039;un des fondateurs et le premier Pr\u00e9sident de l&#039;Union Spirite de Minas Gerais, o\u00f9 il a men\u00e9 une grande campagne en faveur de l&#039;\u00e9tude de syst\u00e9matis\u00e9 les ouvrages d&#039;Allan Kardec, une \u00e9tude qui a attir\u00e9 un grand nombre d&#039;inscrits.<\/p>\n\n\n\n<p class=\"has-black-color has-text-color has-link-color has-small-font-size wp-elements-ae278467c24dd3e47f789d96b6f82f39\">Les r\u00e9sultats ont \u00e9t\u00e9 tr\u00e8s prometteurs, et beaucoup de ces apprenants ont \u00e9t\u00e9 incorpor\u00e9es dans la premi\u00e8re ligne de la Doctrine. De cette fa\u00e7on, Ant\u00f4nio Lima fait \u00e0 sa post\u00e9rit\u00e9 une trace de pr\u00e9cieux services rendus \u00e0 la Spiritisme, en tant que journaliste, po\u00e8te, \u00e9crivain, et sur plusieurs autres fronts de travail. Une longue dur\u00e9e de vie, et utile dans tous les sens, surtout en tant que disciple de Christ, dans la pr\u00e9paration du terrain pour le troisi\u00e8me mill\u00e9naire.<\/p>\n\n\n\n<p class=\"has-black-color has-text-color has-link-color has-small-font-size wp-elements-00d2083e87cd5ae8b6b01d2e69e01a5f\">Il a \u00e9t\u00e9 l&#039;un des promoteurs du mouvement de l&#039;Unification pr\u00e9conis\u00e9 par le Dr Bezerra de Menezes, lorsqu&#039;il \u00e9tait pr\u00e9sident de la F\u00e9d\u00e9ration Spirite Br\u00e9silienne. En 1922, des repr\u00e9sentants de toutes les F\u00e9d\u00e9rations de l&#039;\u00c9tat s&#039;est r\u00e9unie \u00e0 Rio de Janeiro, dans un avant-go\u00fbt de l&#039;Alliance de l&#039;Or, qui ne s&#039;est concr\u00e9tis\u00e9e en 1949.<\/p>\n\n\n\n<p class=\"has-black-color has-text-color has-link-color has-small-font-size wp-elements-053ab0a987b47d14831067c3acd7f2e4\">Dans les ann\u00e9es 1940, la fin du journal De Vanguarda, de grande diffusion et de prestige \u00e0 Rio de Janeiro et m\u00eame dans l&#039;ensemble du Br\u00e9sil, a men\u00e9 une s\u00e9rie d&#039;interviews de personnalit\u00e9s de premier plan du Spiritisme sur le th\u00e8me &#034;l&#039;influence de La musique dans les m\u00e9dias esp\u00edritas&#034;. \u00c1lvaro Brand\u00e3o da Rocha interview\u00e9 Ant\u00f4nio Lima, qui a dit: &#034;nous savons Tous que les pages des \u0152uvres Posthumes du ma\u00eetre de Kardec, dans lequel Bellini dit que &#034;la musique du Ciel est un sublimit\u00e9 par rapport \u00e0 la musique de la Terre&#034; et l&#039;auteur inspir\u00e9 de La Somnambule ajoute &#034;que nous ne trouvons pas de la belle musique-la terre, parce que la plus belle des voix ou des instruments, les mat\u00e9riaux ne peuvent pas nous donner une id\u00e9e de la musique du ciel, et de sa douce harmonie&#034;&#034;.<\/p>\n\n\n\n<p class=\"has-black-color has-text-color has-link-color has-small-font-size wp-elements-44b1aa85b32efd8fd94d59fb114d8b72\">En 1944, professeur Leopoldo Machado, d\u00fbment autoris\u00e9s par l&#039;adresse d&#039;Un Vanguarda, a publi\u00e9 un livre intitul\u00e9 de messagerie Unifi\u00e9e Inqu\u00e9rito d&#039;Origine (Origine de la Recherche), bas\u00e9 sur un entretien avec Antonio Lima et \u00e0 l&#039;avantage d&#039;, Ou Lar de J\u00e9sus, un organisme de bienfaisance pour les enfants orphelins de Nova Igua\u00e7u, RJ.<\/p>\n\n\n\n<p class=\"has-black-color has-text-color has-link-color has-small-font-size wp-elements-a6e21696f68f92949d1968cc93503df7\">Avec pr\u00e8s de 80 ans, a pris l&#039;initiative de la fondation de la Soci\u00e9t\u00e9 de l&#039;\u00c9diteur de Livres d&#039;Allan Kardec, dont l&#039;acronyme est &#034;SCEAU&#034;, avec l&#039;objectif de r\u00e9duire la base des livres de Spiritisme. Un de ses biographes noter que Ant\u00f4nio Lima a \u00e9t\u00e9 un v\u00e9ritable autodidacte, il a appris \u00e0 lire seul.<\/p>\n\n\n\n<p class=\"has-black-color has-text-color has-link-color has-small-font-size wp-elements-665a586974ce384d60f66b2143db41e0\">Ant\u00f4nio Lima est mort dans la Para\u00edba do Sul, le 26 mars 1946, quatre jours seulement avant l&#039;\u00e2ge de 82 ans. J&#039;allais \u00e0 travers une saison dans cette ville lorsque, seul dans une chambre d&#039;h\u00f4tel, il s&#039;est tourn\u00e9 vers la Spiritualit\u00e9.<\/p>\n\n\n\n<p class=\"has-black-color has-text-color has-link-color has-small-font-size wp-elements-11d5677d8f3675933029171dce81991f\">Gr\u00e2ce \u00e0 des hommes de sa trempe, qui a fait face \u00e0 toutes sortes d&#039;hostilit\u00e9s contre le Spiritisme, \u00e0 la fois de la science et des religions dogmatiques, aujourd&#039;hui, nous pouvons respirer un autre atmosph\u00e8re de respect et de sympathie pour la Doctrine des Esprits.<\/p>\n<\/div><\/div>\n\n\n\n<div class=\"wp-block-uagb-container uagb-block-c5301b95 alignfull uagb-is-root-container\"><div class=\"uagb-container-inner-blocks-wrap\"><\/div><\/div>\n\n\n\n<div class=\"wp-block-uagb-container uagb-block-37a6c433 alignfull uagb-is-root-container\"><div class=\"uagb-container-inner-blocks-wrap\"><\/div><\/div>","protected":false},"excerpt":{"rendered":"<p>Ant\u00f4nio Lima Ant\u00f4nio Lima naci\u00f3 en la antigua capital del Imperio, R\u00edo de Janeiro, el 30 de marzo de 1864. Fue uno de los pioneros del Espiritismo en R\u00edo de Janeiro, y no se sabe exactamente c\u00f3mo conoci\u00f3 la Doctrina. En 1904, la Federaci\u00f3n Esp\u00edrita Brasile\u00f1a (FEB) public\u00f3 los libros de la Codificaci\u00f3n traducidos por [&hellip;]<\/p>","protected":false},"author":1,"featured_media":3942,"parent":0,"menu_order":0,"comment_status":"closed","ping_status":"closed","template":"","meta":{"_uag_custom_page_level_css":"","site-sidebar-layout":"default","site-content-layout":"","ast-site-content-layout":"default","site-content-style":"default","site-sidebar-style":"default","ast-global-header-display":"","ast-banner-title-visibility":"","ast-main-header-display":"","ast-hfb-above-header-display":"","ast-hfb-below-header-display":"","ast-hfb-mobile-header-display":"","site-post-title":"","ast-breadcrumbs-content":"","ast-featured-img":"","footer-sml-layout":"","theme-transparent-header-meta":"","adv-header-id-meta":"","stick-header-meta":"","header-above-stick-meta":"","header-main-stick-meta":"","header-below-stick-meta":"","astra-migrate-meta-layouts":"set","ast-page-background-enabled":"default","ast-page-background-meta":{"desktop":{"background-color":"var(--ast-global-color-4)","background-image":"","background-repeat":"repeat","background-position":"center center","background-size":"auto","background-attachment":"scroll","background-type":"","background-media":"","overlay-type":"","overlay-color":"","overlay-opacity":"","overlay-gradient":""},"tablet":{"background-color":"","background-image":"","background-repeat":"repeat","background-position":"center center","background-size":"auto","background-attachment":"scroll","background-type":"","background-media":"","overlay-type":"","overlay-color":"","overlay-opacity":"","overlay-gradient":""},"mobile":{"background-color":"","background-image":"","background-repeat":"repeat","background-position":"center center","background-size":"auto","background-attachment":"scroll","background-type":"","background-media":"","overlay-type":"","overlay-color":"","overlay-opacity":"","overlay-gradient":""}},"ast-content-background-meta":{"desktop":{"background-color":"var(--ast-global-color-5)","background-image":"","background-repeat":"repeat","background-position":"center center","background-size":"auto","background-attachment":"scroll","background-type":"","background-media":"","overlay-type":"","overlay-color":"","overlay-opacity":"","overlay-gradient":""},"tablet":{"background-color":"var(--ast-global-color-5)","background-image":"","background-repeat":"repeat","background-position":"center center","background-size":"auto","background-attachment":"scroll","background-type":"","background-media":"","overlay-type":"","overlay-color":"","overlay-opacity":"","overlay-gradient":""},"mobile":{"background-color":"var(--ast-global-color-5)","background-image":"","background-repeat":"repeat","background-position":"center center","background-size":"auto","background-attachment":"scroll","background-type":"","background-media":"","overlay-type":"","overlay-color":"","overlay-opacity":"","overlay-gradient":""}},"footnotes":""},"class_list":["post-3940","page","type-page","status-publish","has-post-thumbnail","hentry"],"yoast_head":"<!-- This site is optimized with the Yoast SEO Premium plugin v24.2 (Yoast SEO v24.6) - https:\/\/yoast.com\/wordpress\/plugins\/seo\/ -->\n<title>Ant\u00f4nio Lima - Uni\u00f3n Esp\u00edrita<\/title>\n<meta name=\"robots\" content=\"index, follow, max-snippet:-1, max-image-preview:large, max-video-preview:-1\" \/>\n<link rel=\"canonical\" href=\"https:\/\/nuevo-renacer.com\/fr\/antonio-lima\/\" \/>\n<meta property=\"og:locale\" content=\"fr_FR\" \/>\n<meta property=\"og:type\" content=\"article\" \/>\n<meta property=\"og:title\" content=\"Ant\u00f4nio Lima\" \/>\n<meta property=\"og:description\" content=\"Ant\u00f4nio Lima Ant\u00f4nio Lima naci\u00f3 en la antigua capital del Imperio, R\u00edo de Janeiro, el 30 de marzo de 1864. Fue uno de los pioneros del Espiritismo en R\u00edo de Janeiro, y no se sabe exactamente c\u00f3mo conoci\u00f3 la Doctrina. En 1904, la Federaci\u00f3n Esp\u00edrita Brasile\u00f1a (FEB) public\u00f3 los libros de la Codificaci\u00f3n traducidos por [&hellip;]\" \/>\n<meta property=\"og:url\" content=\"https:\/\/nuevo-renacer.com\/fr\/antonio-lima\/\" \/>\n<meta property=\"og:site_name\" content=\"Uni\u00f3n Esp\u00edrita\" \/>\n<meta property=\"article:publisher\" content=\"https:\/\/www.facebook.com\/groups\/3431398063740829\" \/>\n<meta property=\"article:modified_time\" content=\"2024-12-17T10:37:59+00:00\" \/>\n<meta property=\"og:image\" content=\"https:\/\/nuevo-renacer.com\/wp-content\/uploads\/2024\/07\/antonio.jpg\" \/>\n\t<meta property=\"og:image:width\" content=\"400\" \/>\n\t<meta property=\"og:image:height\" content=\"576\" \/>\n\t<meta property=\"og:image:type\" content=\"image\/jpeg\" \/>\n<meta name=\"twitter:card\" content=\"summary_large_image\" \/>\n<meta name=\"twitter:label1\" content=\"Dur\u00e9e de lecture estim\u00e9e\" \/>\n\t<meta name=\"twitter:data1\" content=\"4 minutes\" \/>\n<script type=\"application\/ld+json\" class=\"yoast-schema-graph\">{\"@context\":\"https:\/\/schema.org\",\"@graph\":[{\"@type\":\"WebPage\",\"@id\":\"https:\/\/nuevo-renacer.com\/antonio-lima\/\",\"url\":\"https:\/\/nuevo-renacer.com\/antonio-lima\/\",\"name\":\"Ant\u00f4nio Lima - Uni\u00f3n Esp\u00edrita\",\"isPartOf\":{\"@id\":\"https:\/\/nuevo-renacer.com\/#website\"},\"primaryImageOfPage\":{\"@id\":\"https:\/\/nuevo-renacer.com\/antonio-lima\/#primaryimage\"},\"image\":{\"@id\":\"https:\/\/nuevo-renacer.com\/antonio-lima\/#primaryimage\"},\"thumbnailUrl\":\"https:\/\/nuevo-renacer.com\/wp-content\/uploads\/2024\/07\/antonio.jpg\",\"datePublished\":\"2024-07-17T08:54:03+00:00\",\"dateModified\":\"2024-12-17T10:37:59+00:00\",\"breadcrumb\":{\"@id\":\"https:\/\/nuevo-renacer.com\/antonio-lima\/#breadcrumb\"},\"inLanguage\":\"fr-FR\",\"potentialAction\":[{\"@type\":\"ReadAction\",\"target\":[\"https:\/\/nuevo-renacer.com\/antonio-lima\/\"]}]},{\"@type\":\"ImageObject\",\"inLanguage\":\"fr-FR\",\"@id\":\"https:\/\/nuevo-renacer.com\/antonio-lima\/#primaryimage\",\"url\":\"https:\/\/nuevo-renacer.com\/wp-content\/uploads\/2024\/07\/antonio.jpg\",\"contentUrl\":\"https:\/\/nuevo-renacer.com\/wp-content\/uploads\/2024\/07\/antonio.jpg\",\"width\":400,\"height\":576},{\"@type\":\"BreadcrumbList\",\"@id\":\"https:\/\/nuevo-renacer.com\/antonio-lima\/#breadcrumb\",\"itemListElement\":[{\"@type\":\"ListItem\",\"position\":1,\"name\":\"Startseite\",\"item\":\"https:\/\/nuevo-renacer.com\/\"},{\"@type\":\"ListItem\",\"position\":2,\"name\":\"Ant\u00f4nio Lima\"}]},{\"@type\":\"WebSite\",\"@id\":\"https:\/\/nuevo-renacer.com\/#website\",\"url\":\"https:\/\/nuevo-renacer.com\/\",\"name\":\"Uni\u00f3n Esp\u00edrita\",\"description\":\"Nuevo Renacer\",\"publisher\":{\"@id\":\"https:\/\/nuevo-renacer.com\/#organization\"},\"potentialAction\":[{\"@type\":\"SearchAction\",\"target\":{\"@type\":\"EntryPoint\",\"urlTemplate\":\"https:\/\/nuevo-renacer.com\/?s={search_term_string}\"},\"query-input\":{\"@type\":\"PropertyValueSpecification\",\"valueRequired\":true,\"valueName\":\"search_term_string\"}}],\"inLanguage\":\"fr-FR\"},{\"@type\":\"Organization\",\"@id\":\"https:\/\/nuevo-renacer.com\/#organization\",\"name\":\"UFEC\",\"url\":\"https:\/\/nuevo-renacer.com\/\",\"logo\":{\"@type\":\"ImageObject\",\"inLanguage\":\"fr-FR\",\"@id\":\"https:\/\/nuevo-renacer.com\/#\/schema\/logo\/image\/\",\"url\":\"https:\/\/nuevo-renacer.com\/wp-content\/uploads\/2024\/05\/cropped-LOGO-TERMINADO1-3-3.png\",\"contentUrl\":\"https:\/\/nuevo-renacer.com\/wp-content\/uploads\/2024\/05\/cropped-LOGO-TERMINADO1-3-3.png\",\"width\":512,\"height\":512,\"caption\":\"UFEC\"},\"image\":{\"@id\":\"https:\/\/nuevo-renacer.com\/#\/schema\/logo\/image\/\"},\"sameAs\":[\"https:\/\/www.facebook.com\/groups\/3431398063740829\"]}]}<\/script>\n<!-- \/ Yoast SEO Premium plugin. -->","yoast_head_json":{"title":"Ant\u00f4nio Lima - Uni\u00f3n Esp\u00edrita","robots":{"index":"index","follow":"follow","max-snippet":"max-snippet:-1","max-image-preview":"max-image-preview:large","max-video-preview":"max-video-preview:-1"},"canonical":"https:\/\/nuevo-renacer.com\/fr\/antonio-lima\/","og_locale":"fr_FR","og_type":"article","og_title":"Ant\u00f4nio Lima","og_description":"Ant\u00f4nio Lima Ant\u00f4nio Lima naci\u00f3 en la antigua capital del Imperio, R\u00edo de Janeiro, el 30 de marzo de 1864. Fue uno de los pioneros del Espiritismo en R\u00edo de Janeiro, y no se sabe exactamente c\u00f3mo conoci\u00f3 la Doctrina. En 1904, la Federaci\u00f3n Esp\u00edrita Brasile\u00f1a (FEB) public\u00f3 los libros de la Codificaci\u00f3n traducidos por [&hellip;]","og_url":"https:\/\/nuevo-renacer.com\/fr\/antonio-lima\/","og_site_name":"Uni\u00f3n Esp\u00edrita","article_publisher":"https:\/\/www.facebook.com\/groups\/3431398063740829","article_modified_time":"2024-12-17T10:37:59+00:00","og_image":[{"width":400,"height":576,"url":"https:\/\/nuevo-renacer.com\/wp-content\/uploads\/2024\/07\/antonio.jpg","type":"image\/jpeg"}],"twitter_card":"summary_large_image","twitter_misc":{"Dur\u00e9e de lecture estim\u00e9e":"4 minutes"},"schema":{"@context":"https:\/\/schema.org","@graph":[{"@type":"WebPage","@id":"https:\/\/nuevo-renacer.com\/antonio-lima\/","url":"https:\/\/nuevo-renacer.com\/antonio-lima\/","name":"Ant\u00f4nio Lima - Uni\u00f3n Esp\u00edrita","isPartOf":{"@id":"https:\/\/nuevo-renacer.com\/#website"},"primaryImageOfPage":{"@id":"https:\/\/nuevo-renacer.com\/antonio-lima\/#primaryimage"},"image":{"@id":"https:\/\/nuevo-renacer.com\/antonio-lima\/#primaryimage"},"thumbnailUrl":"https:\/\/nuevo-renacer.com\/wp-content\/uploads\/2024\/07\/antonio.jpg","datePublished":"2024-07-17T08:54:03+00:00","dateModified":"2024-12-17T10:37:59+00:00","breadcrumb":{"@id":"https:\/\/nuevo-renacer.com\/antonio-lima\/#breadcrumb"},"inLanguage":"fr-FR","potentialAction":[{"@type":"ReadAction","target":["https:\/\/nuevo-renacer.com\/antonio-lima\/"]}]},{"@type":"ImageObject","inLanguage":"fr-FR","@id":"https:\/\/nuevo-renacer.com\/antonio-lima\/#primaryimage","url":"https:\/\/nuevo-renacer.com\/wp-content\/uploads\/2024\/07\/antonio.jpg","contentUrl":"https:\/\/nuevo-renacer.com\/wp-content\/uploads\/2024\/07\/antonio.jpg","width":400,"height":576},{"@type":"BreadcrumbList","@id":"https:\/\/nuevo-renacer.com\/antonio-lima\/#breadcrumb","itemListElement":[{"@type":"ListItem","position":1,"name":"Startseite","item":"https:\/\/nuevo-renacer.com\/"},{"@type":"ListItem","position":2,"name":"Ant\u00f4nio Lima"}]},{"@type":"WebSite","@id":"https:\/\/nuevo-renacer.com\/#website","url":"https:\/\/nuevo-renacer.com\/","name":"Uni\u00f3n Esp\u00edrita","description":"Nuevo Renacer","publisher":{"@id":"https:\/\/nuevo-renacer.com\/#organization"},"potentialAction":[{"@type":"SearchAction","target":{"@type":"EntryPoint","urlTemplate":"https:\/\/nuevo-renacer.com\/?s={search_term_string}"},"query-input":{"@type":"PropertyValueSpecification","valueRequired":true,"valueName":"search_term_string"}}],"inLanguage":"fr-FR"},{"@type":"Organization","@id":"https:\/\/nuevo-renacer.com\/#organization","name":"UFEC","url":"https:\/\/nuevo-renacer.com\/","logo":{"@type":"ImageObject","inLanguage":"fr-FR","@id":"https:\/\/nuevo-renacer.com\/#\/schema\/logo\/image\/","url":"https:\/\/nuevo-renacer.com\/wp-content\/uploads\/2024\/05\/cropped-LOGO-TERMINADO1-3-3.png","contentUrl":"https:\/\/nuevo-renacer.com\/wp-content\/uploads\/2024\/05\/cropped-LOGO-TERMINADO1-3-3.png","width":512,"height":512,"caption":"UFEC"},"image":{"@id":"https:\/\/nuevo-renacer.com\/#\/schema\/logo\/image\/"},"sameAs":["https:\/\/www.facebook.com\/groups\/3431398063740829"]}]}},"uagb_featured_image_src":{"full":["https:\/\/nuevo-renacer.com\/wp-content\/uploads\/2024\/07\/antonio.jpg",400,576,false],"thumbnail":["https:\/\/nuevo-renacer.com\/wp-content\/uploads\/2024\/07\/antonio-150x150.jpg",150,150,true],"medium":["https:\/\/nuevo-renacer.com\/wp-content\/uploads\/2024\/07\/antonio-208x300.jpg",208,300,true],"medium_large":["https:\/\/nuevo-renacer.com\/wp-content\/uploads\/2024\/07\/antonio.jpg",400,576,false],"large":["https:\/\/nuevo-renacer.com\/wp-content\/uploads\/2024\/07\/antonio.jpg",400,576,false],"1536x1536":["https:\/\/nuevo-renacer.com\/wp-content\/uploads\/2024\/07\/antonio.jpg",400,576,false],"2048x2048":["https:\/\/nuevo-renacer.com\/wp-content\/uploads\/2024\/07\/antonio.jpg",400,576,false],"trp-custom-language-flag":["https:\/\/nuevo-renacer.com\/wp-content\/uploads\/2024\/07\/antonio-8x12.jpg",8,12,true]},"uagb_author_info":{"display_name":"adbv0","author_link":"https:\/\/nuevo-renacer.com\/fr\/author\/adbv0\/"},"uagb_comment_info":0,"uagb_excerpt":"Ant\u00f4nio Lima Ant\u00f4nio Lima naci\u00f3 en la antigua capital del Imperio, R\u00edo de Janeiro, el 30 de marzo de 1864. Fue uno de los pioneros del Espiritismo en R\u00edo de Janeiro, y no se sabe exactamente c\u00f3mo conoci\u00f3 la Doctrina. En 1904, la Federaci\u00f3n Esp\u00edrita Brasile\u00f1a (FEB) public\u00f3 los libros de la Codificaci\u00f3n traducidos por\u2026","jetpack_sharing_enabled":true,"_links":{"self":[{"href":"https:\/\/nuevo-renacer.com\/fr\/wp-json\/wp\/v2\/pages\/3940","targetHints":{"allow":["GET"]}}],"collection":[{"href":"https:\/\/nuevo-renacer.com\/fr\/wp-json\/wp\/v2\/pages"}],"about":[{"href":"https:\/\/nuevo-renacer.com\/fr\/wp-json\/wp\/v2\/types\/page"}],"author":[{"embeddable":true,"href":"https:\/\/nuevo-renacer.com\/fr\/wp-json\/wp\/v2\/users\/1"}],"replies":[{"embeddable":true,"href":"https:\/\/nuevo-renacer.com\/fr\/wp-json\/wp\/v2\/comments?post=3940"}],"version-history":[{"count":3,"href":"https:\/\/nuevo-renacer.com\/fr\/wp-json\/wp\/v2\/pages\/3940\/revisions"}],"predecessor-version":[{"id":6547,"href":"https:\/\/nuevo-renacer.com\/fr\/wp-json\/wp\/v2\/pages\/3940\/revisions\/6547"}],"wp:featuredmedia":[{"embeddable":true,"href":"https:\/\/nuevo-renacer.com\/fr\/wp-json\/wp\/v2\/media\/3942"}],"wp:attachment":[{"href":"https:\/\/nuevo-renacer.com\/fr\/wp-json\/wp\/v2\/media?parent=3940"}],"curies":[{"name":"wp","href":"https:\/\/api.w.org\/{rel}","templated":true}]}}