{"id":3928,"date":"2024-07-17T08:15:01","date_gmt":"2024-07-17T08:15:01","guid":{"rendered":"https:\/\/ufec-mundial.com\/?page_id=3928"},"modified":"2024-07-17T08:15:05","modified_gmt":"2024-07-17T08:15:05","slug":"amelia-rodrigues","status":"publish","type":"page","link":"https:\/\/nuevo-renacer.com\/fr\/amelia-rodrigues\/","title":{"rendered":"Am\u00e9lia Rodrigues"},"content":{"rendered":"<div class=\"wp-block-uagb-container uagb-block-a180046c alignfull uagb-is-root-container\"><div class=\"uagb-container-inner-blocks-wrap\">\n<p class=\"has-medium-font-size\"><strong>Am\u00e9lia Rodrigues<\/strong><\/p>\n<\/div><\/div>\n\n\n\n<div class=\"wp-block-uagb-container uagb-block-ff4656c6 alignfull uagb-is-root-container\"><div class=\"uagb-container-inner-blocks-wrap\">\n<figure class=\"wp-block-image size-full is-resized\"><img fetchpriority=\"high\" decoding=\"async\" width=\"500\" height=\"708\" src=\"https:\/\/ufec-mundial.com\/wp-content\/uploads\/2024\/07\/foto_amelia.jpg\" alt=\"\" class=\"wp-image-3930\" style=\"width:253px;height:auto\" srcset=\"https:\/\/nuevo-renacer.com\/wp-content\/uploads\/2024\/07\/foto_amelia.jpg 500w, https:\/\/nuevo-renacer.com\/wp-content\/uploads\/2024\/07\/foto_amelia-212x300.jpg 212w, https:\/\/nuevo-renacer.com\/wp-content\/uploads\/2024\/07\/foto_amelia-8x12.jpg 8w\" sizes=\"(max-width: 500px) 100vw, 500px\" \/><\/figure>\n<\/div><\/div>\n\n\n\n<div class=\"wp-block-uagb-container uagb-block-4b0a6c6a alignfull uagb-is-root-container\"><div class=\"uagb-container-inner-blocks-wrap\">\n<p class=\"has-black-color has-text-color has-link-color has-small-font-size wp-elements-b5fcdfa9c71f33b14813c0db3a8236b6\">Am\u00e9lia Augusta faire Sacramento Rodrigues est n\u00e9 le 26 mai 1861, dans la Fazenda Champs, situ\u00e9 dans la paroisse de Oliveira dos Campinhos, dans la municipalit\u00e9 de Santo Amaro da Purifica\u00e7o, dans l&#039;\u00e9tat de Bahia. Fille de F\u00e9lix Rodrigues et de do\u00f1a Maria Raquelina Rodrigues, de l&#039;enfance ont montr\u00e9 une grande dimension spirituelle, ayant commenc\u00e9 \u00e0 \u00e9crire de la po\u00e9sie \u00e0 l&#039;\u00e2ge de 12 ans.<\/p>\n\n\n\n<p class=\"has-black-color has-text-color has-link-color has-small-font-size wp-elements-da12c4fcab1d5d83057709500f41f396\">Il a \u00e9tudi\u00e9 avec le canon Alexandrino do Prado et \u00e9tait un \u00e9tudiant de professeurs Ant\u00f4nio de Ara\u00fajo Gomes de S\u00e1 et Manuel Rodrigues M. de Almeida. Sa vocation pour l&#039;enseignement \u00e9tait inn\u00e9e. Il s&#039;inscrit \u00e0 l&#039;\u00e9cole du professeur C\u00e2ndida Alvares dos Santos et a commenc\u00e9 \u00e0 donner des cours de Arraial da Lapa.<\/p>\n\n\n\n<p class=\"has-black-color has-text-color has-link-color has-small-font-size wp-elements-6dfafabafa4f18973f99a416d05e7489\">Quelques ann\u00e9es plus tard, elle a demand\u00e9 \u00e0 la plaza de Santo Amaro da Purifica\u00e7o. Il a \u00e9t\u00e9 un succ\u00e8s et il a enseign\u00e9 pendant huit ann\u00e9es cons\u00e9cutives. En 1891, gr\u00e2ce \u00e0 sa capacit\u00e9 p\u00e9dagogique et de son amour pour la cause de l&#039;\u00e9ducation, il a \u00e9t\u00e9 d\u00e9plac\u00e9 au Salvador et destin\u00e9e \u00e0 l&#039;\u00c9cole Centrale du quartier de Santo Ant\u00f4nio.<\/p>\n\n\n\n<p class=\"has-black-color has-text-color has-link-color has-small-font-size wp-elements-acce882e50dc1ecd23561d145673aaf5\">En 1905, un de ses \u00e9l\u00e8ves, encore adolescent, il a \u00e9t\u00e9 choisi pour enseigner l&#039;anglais en utilisant le syst\u00e8me du philosophe Spencer. Am\u00e9lia Rodrigues non seulement aid\u00e9 \u00e0 comprendre la pens\u00e9e du philosophe, mais qui ont compl\u00e9t\u00e9 leur apprentissage. Il a dit: &#034;les jeunes dans le besoin de l&#039;\u00e9ducation morale, qui est le principe fondamental de la discipline sociale; sans appel pour le c\u0153ur, eduquer, c&#039;est la forme de l&#039;homme des forces plus durable de l&#039;ordre social.&#034;<\/p>\n\n\n\n<p class=\"has-black-color has-text-color has-link-color has-small-font-size wp-elements-ff0861bf0f8cfdc4edff976834c58410\">La pens\u00e9e de Am\u00e9lia Rodrigues co\u00efncide avec celui de F\u00e9nelon dans l&#039;\u00c9vangile selon Le Spiritisme: &#034;eduquer, c&#039;est de former des hommes et des femmes, non seulement \u00e0 instruire&#034;. Professeur remarquable, il \u00e9tait aussi un po\u00e8te \u00e9m\u00e9rite, en plus de l&#039;consacr\u00e9e \u00e9crivain et le th\u00e9\u00e2tre, c&#039;est-\u00e0-dire, l\u00e9gitime exposant culturel des Lettres de la Baie. Parmi les pi\u00e8ces qu&#039;il \u00e9crit sont &#034;Chanceux&#034; et &#034;La Nativit\u00e9&#034;. Il a \u00e9galement \u00e9crit des \u0153uvres de la litt\u00e9rature pour enfants, l&#039;enseignement, et des romans.<\/p>\n\n\n\n<p class=\"has-black-color has-text-color has-link-color has-small-font-size wp-elements-e1ff88375c7faa9a100d89886f505475\">Quand il a pris sa retraite, il a lutt\u00e9 pour se reposer. Son id\u00e9al de l&#039;enseignement \u00e9tait encore en vie. Une fois r\u00e9cup\u00e9r\u00e9 son \u00e9nergie, il est retourn\u00e9 \u00e0 l&#039;enseignement dans une encore plus marqu\u00e9 et a fond\u00e9 l&#039;Institut de Maternelle de Marie auxiliatrice, qui deviendra plus tard le &#034;jeu d&#039;Action&#034;.<\/p>\n\n\n\n<p class=\"has-black-color has-text-color has-link-color has-small-font-size wp-elements-4fe3ed9fa0b265721c70ab0b074c1b93\">En plus de montrer clairement son id\u00e9ologie abolitionniste, de profiter du temps disponible, il se consacre \u00e0 la litt\u00e9rature et du journalisme, travaillant dans des publications religieuses, parmi eux, &#034;O Mensageiro da F\u00e9&#034;. Puis dans le magazine Paladina et, plus tard, dans la Voix.<\/p>\n\n\n\n<p class=\"has-black-color has-text-color has-link-color has-small-font-size wp-elements-b85cf98a0b79ed9a0b0fe9e19c8c9f9f\">Am\u00e9lia Rodrigues desencarn\u00f3 le 22 ao\u00fbt 1926, \u00e0 65 ans, au Salvador, en laissant leur marque de l&#039;\u0153uvre d&#039;art unique, \u00e0 la fois dans l&#039;\u00c9ducation et dans la Litt\u00e9rature et dans l&#039;Aide Sociale.<\/p>\n\n\n\n<p class=\"has-black-color has-text-color has-link-color has-small-font-size wp-elements-93c4bbd0d92320c24f51eed143f3b89c\">Sur le Plan Spirituel, il a continu\u00e9 son travail de les \u00e9clairer et de l&#039;\u00e9ducation, fond\u00e9e sur l&#039;Evangile de J\u00e9sus, source d&#039;inspiration pour ses \u0153uvres quand il \u00e9tait incarn\u00e9. Trouv\u00e9 dans la Spiritualit\u00e9 \u2013 la r\u00e9colte de l&#039;infini de l&#039;immortalit\u00e9 \u2013 la plus grande expansion de votre esprit, la soif de la connaissance et de la faim pour l&#039;amour, donner libre cours \u00e0 ses plus nobles d\u00e9sirs.<\/p>\n\n\n\n<p class=\"has-black-color has-text-color has-link-color has-small-font-size wp-elements-882663872711125ce1ffbdd8c7ec926b\">Approfondi dans le message de J\u00e9sus, et est actuellement membre de la phalange de Joanna de \u00c2ngelis, mentor Divaldo Pereira Franco. Par le biais de la psychographics de l&#039;abn\u00e9gation la moyenne, \u00e0 condition que le nombre de pages d&#039;une beaut\u00e9, par exemple, qui traitent de la plupart des th\u00e8mes vari\u00e9s de l&#039;Evangile, son sujet de pr\u00e9dilection-dont des extraits des le\u00e7ons \u00e9difiante pour ceux qui sont fatigu\u00e9s et accabl\u00e9s, besoin de conseils et de confort.<\/p>\n\n\n\n<p class=\"has-black-color has-text-color has-link-color has-small-font-size wp-elements-ba27b46bc42d2c36af0979233543d501\">Par le biais de la psychographics de Divaldo, Am\u00e9lia Rodrigues apport\u00e9 les ouvrages suivants: - Jusqu&#039;\u00e0 la fin des temps; Il y a des fleurs sur le chemin; la Lumi\u00e8re du monde; Le semeur (pour les enfants); Pour les voies de J\u00e9sus; les Pr\u00e9mices du Royaume; Quand le printemps arrive, et le Bl\u00e9 de Dieu.<\/p>\n<\/div><\/div>","protected":false},"excerpt":{"rendered":"<p>Am\u00e9lia Rodrigues Am\u00e9lia Augusta do Sacramento Rodrigues naci\u00f3 el 26 de mayo de 1861 en Fazenda Campos, situada en la parroquia de Oliveira dos Campinhos, en el municipio de Santo Amaro da Purifica\u00e7\u00e3o, en el estado de Bah\u00eda. Hija de F\u00e9lix Rodrigues y de do\u00f1a Maria Raquelina Rodrigues, ya desde la infancia mostr\u00f3 una elevada [&hellip;]<\/p>","protected":false},"author":1,"featured_media":3930,"parent":0,"menu_order":0,"comment_status":"closed","ping_status":"closed","template":"","meta":{"_uag_custom_page_level_css":"","site-sidebar-layout":"default","site-content-layout":"","ast-site-content-layout":"default","site-content-style":"default","site-sidebar-style":"default","ast-global-header-display":"","ast-banner-title-visibility":"","ast-main-header-display":"","ast-hfb-above-header-display":"","ast-hfb-below-header-display":"","ast-hfb-mobile-header-display":"","site-post-title":"","ast-breadcrumbs-content":"","ast-featured-img":"","footer-sml-layout":"","theme-transparent-header-meta":"","adv-header-id-meta":"","stick-header-meta":"","header-above-stick-meta":"","header-main-stick-meta":"","header-below-stick-meta":"","astra-migrate-meta-layouts":"set","ast-page-background-enabled":"default","ast-page-background-meta":{"desktop":{"background-color":"var(--ast-global-color-4)","background-image":"","background-repeat":"repeat","background-position":"center center","background-size":"auto","background-attachment":"scroll","background-type":"","background-media":"","overlay-type":"","overlay-color":"","overlay-opacity":"","overlay-gradient":""},"tablet":{"background-color":"","background-image":"","background-repeat":"repeat","background-position":"center center","background-size":"auto","background-attachment":"scroll","background-type":"","background-media":"","overlay-type":"","overlay-color":"","overlay-opacity":"","overlay-gradient":""},"mobile":{"background-color":"","background-image":"","background-repeat":"repeat","background-position":"center center","background-size":"auto","background-attachment":"scroll","background-type":"","background-media":"","overlay-type":"","overlay-color":"","overlay-opacity":"","overlay-gradient":""}},"ast-content-background-meta":{"desktop":{"background-color":"var(--ast-global-color-5)","background-image":"","background-repeat":"repeat","background-position":"center center","background-size":"auto","background-attachment":"scroll","background-type":"","background-media":"","overlay-type":"","overlay-color":"","overlay-opacity":"","overlay-gradient":""},"tablet":{"background-color":"var(--ast-global-color-5)","background-image":"","background-repeat":"repeat","background-position":"center center","background-size":"auto","background-attachment":"scroll","background-type":"","background-media":"","overlay-type":"","overlay-color":"","overlay-opacity":"","overlay-gradient":""},"mobile":{"background-color":"var(--ast-global-color-5)","background-image":"","background-repeat":"repeat","background-position":"center center","background-size":"auto","background-attachment":"scroll","background-type":"","background-media":"","overlay-type":"","overlay-color":"","overlay-opacity":"","overlay-gradient":""}},"footnotes":""},"class_list":["post-3928","page","type-page","status-publish","has-post-thumbnail","hentry"],"yoast_head":"<!-- This site is optimized with the Yoast SEO Premium plugin v24.2 (Yoast SEO v24.6) - https:\/\/yoast.com\/wordpress\/plugins\/seo\/ -->\n<title>Am\u00e9lia Rodrigues - Uni\u00f3n Esp\u00edrita<\/title>\n<meta name=\"robots\" content=\"index, follow, max-snippet:-1, max-image-preview:large, max-video-preview:-1\" \/>\n<link rel=\"canonical\" href=\"https:\/\/nuevo-renacer.com\/fr\/amelia-rodrigues\/\" \/>\n<meta property=\"og:locale\" content=\"fr_FR\" \/>\n<meta property=\"og:type\" content=\"article\" \/>\n<meta property=\"og:title\" content=\"Am\u00e9lia Rodrigues\" \/>\n<meta property=\"og:description\" content=\"Am\u00e9lia Rodrigues Am\u00e9lia Augusta do Sacramento Rodrigues naci\u00f3 el 26 de mayo de 1861 en Fazenda Campos, situada en la parroquia de Oliveira dos Campinhos, en el municipio de Santo Amaro da Purifica\u00e7\u00e3o, en el estado de Bah\u00eda. Hija de F\u00e9lix Rodrigues y de do\u00f1a Maria Raquelina Rodrigues, ya desde la infancia mostr\u00f3 una elevada [&hellip;]\" \/>\n<meta property=\"og:url\" content=\"https:\/\/nuevo-renacer.com\/fr\/amelia-rodrigues\/\" \/>\n<meta property=\"og:site_name\" content=\"Uni\u00f3n Esp\u00edrita\" \/>\n<meta property=\"article:publisher\" content=\"https:\/\/www.facebook.com\/groups\/3431398063740829\" \/>\n<meta property=\"article:modified_time\" content=\"2024-07-17T08:15:05+00:00\" \/>\n<meta property=\"og:image\" content=\"https:\/\/nuevo-renacer.com\/wp-content\/uploads\/2024\/07\/foto_amelia.jpg\" \/>\n\t<meta property=\"og:image:width\" content=\"500\" \/>\n\t<meta property=\"og:image:height\" content=\"708\" \/>\n\t<meta property=\"og:image:type\" content=\"image\/jpeg\" \/>\n<meta name=\"twitter:card\" content=\"summary_large_image\" \/>\n<meta name=\"twitter:label1\" content=\"Dur\u00e9e de lecture estim\u00e9e\" \/>\n\t<meta name=\"twitter:data1\" content=\"3 minutes\" \/>\n<script type=\"application\/ld+json\" class=\"yoast-schema-graph\">{\"@context\":\"https:\/\/schema.org\",\"@graph\":[{\"@type\":\"WebPage\",\"@id\":\"https:\/\/nuevo-renacer.com\/de\/amelia-rodrigues\/\",\"url\":\"https:\/\/nuevo-renacer.com\/de\/amelia-rodrigues\/\",\"name\":\"Am\u00e9lia Rodrigues - Uni\u00f3n Esp\u00edrita\",\"isPartOf\":{\"@id\":\"https:\/\/nuevo-renacer.com\/#website\"},\"primaryImageOfPage\":{\"@id\":\"https:\/\/nuevo-renacer.com\/de\/amelia-rodrigues\/#primaryimage\"},\"image\":{\"@id\":\"https:\/\/nuevo-renacer.com\/de\/amelia-rodrigues\/#primaryimage\"},\"thumbnailUrl\":\"https:\/\/nuevo-renacer.com\/wp-content\/uploads\/2024\/07\/foto_amelia.jpg\",\"datePublished\":\"2024-07-17T08:15:01+00:00\",\"dateModified\":\"2024-07-17T08:15:05+00:00\",\"breadcrumb\":{\"@id\":\"https:\/\/nuevo-renacer.com\/de\/amelia-rodrigues\/#breadcrumb\"},\"inLanguage\":\"fr-FR\",\"potentialAction\":[{\"@type\":\"ReadAction\",\"target\":[\"https:\/\/nuevo-renacer.com\/de\/amelia-rodrigues\/\"]}]},{\"@type\":\"ImageObject\",\"inLanguage\":\"fr-FR\",\"@id\":\"https:\/\/nuevo-renacer.com\/de\/amelia-rodrigues\/#primaryimage\",\"url\":\"https:\/\/nuevo-renacer.com\/wp-content\/uploads\/2024\/07\/foto_amelia.jpg\",\"contentUrl\":\"https:\/\/nuevo-renacer.com\/wp-content\/uploads\/2024\/07\/foto_amelia.jpg\",\"width\":500,\"height\":708},{\"@type\":\"BreadcrumbList\",\"@id\":\"https:\/\/nuevo-renacer.com\/de\/amelia-rodrigues\/#breadcrumb\",\"itemListElement\":[{\"@type\":\"ListItem\",\"position\":1,\"name\":\"Startseite\",\"item\":\"https:\/\/nuevo-renacer.com\/\"},{\"@type\":\"ListItem\",\"position\":2,\"name\":\"Am\u00e9lia Rodrigues\"}]},{\"@type\":\"WebSite\",\"@id\":\"https:\/\/nuevo-renacer.com\/#website\",\"url\":\"https:\/\/nuevo-renacer.com\/\",\"name\":\"Uni\u00f3n Esp\u00edrita\",\"description\":\"Nuevo Renacer\",\"publisher\":{\"@id\":\"https:\/\/nuevo-renacer.com\/#organization\"},\"potentialAction\":[{\"@type\":\"SearchAction\",\"target\":{\"@type\":\"EntryPoint\",\"urlTemplate\":\"https:\/\/nuevo-renacer.com\/?s={search_term_string}\"},\"query-input\":{\"@type\":\"PropertyValueSpecification\",\"valueRequired\":true,\"valueName\":\"search_term_string\"}}],\"inLanguage\":\"fr-FR\"},{\"@type\":\"Organization\",\"@id\":\"https:\/\/nuevo-renacer.com\/#organization\",\"name\":\"UFEC\",\"url\":\"https:\/\/nuevo-renacer.com\/\",\"logo\":{\"@type\":\"ImageObject\",\"inLanguage\":\"fr-FR\",\"@id\":\"https:\/\/nuevo-renacer.com\/#\/schema\/logo\/image\/\",\"url\":\"https:\/\/nuevo-renacer.com\/wp-content\/uploads\/2024\/05\/cropped-LOGO-TERMINADO1-3-3.png\",\"contentUrl\":\"https:\/\/nuevo-renacer.com\/wp-content\/uploads\/2024\/05\/cropped-LOGO-TERMINADO1-3-3.png\",\"width\":512,\"height\":512,\"caption\":\"UFEC\"},\"image\":{\"@id\":\"https:\/\/nuevo-renacer.com\/#\/schema\/logo\/image\/\"},\"sameAs\":[\"https:\/\/www.facebook.com\/groups\/3431398063740829\"]}]}<\/script>\n<!-- \/ Yoast SEO Premium plugin. -->","yoast_head_json":{"title":"Am\u00e9lia Rodrigues - Uni\u00f3n Esp\u00edrita","robots":{"index":"index","follow":"follow","max-snippet":"max-snippet:-1","max-image-preview":"max-image-preview:large","max-video-preview":"max-video-preview:-1"},"canonical":"https:\/\/nuevo-renacer.com\/fr\/amelia-rodrigues\/","og_locale":"fr_FR","og_type":"article","og_title":"Am\u00e9lia Rodrigues","og_description":"Am\u00e9lia Rodrigues Am\u00e9lia Augusta do Sacramento Rodrigues naci\u00f3 el 26 de mayo de 1861 en Fazenda Campos, situada en la parroquia de Oliveira dos Campinhos, en el municipio de Santo Amaro da Purifica\u00e7\u00e3o, en el estado de Bah\u00eda. Hija de F\u00e9lix Rodrigues y de do\u00f1a Maria Raquelina Rodrigues, ya desde la infancia mostr\u00f3 una elevada [&hellip;]","og_url":"https:\/\/nuevo-renacer.com\/fr\/amelia-rodrigues\/","og_site_name":"Uni\u00f3n Esp\u00edrita","article_publisher":"https:\/\/www.facebook.com\/groups\/3431398063740829","article_modified_time":"2024-07-17T08:15:05+00:00","og_image":[{"width":500,"height":708,"url":"https:\/\/nuevo-renacer.com\/wp-content\/uploads\/2024\/07\/foto_amelia.jpg","type":"image\/jpeg"}],"twitter_card":"summary_large_image","twitter_misc":{"Dur\u00e9e de lecture estim\u00e9e":"3 minutes"},"schema":{"@context":"https:\/\/schema.org","@graph":[{"@type":"WebPage","@id":"https:\/\/nuevo-renacer.com\/de\/amelia-rodrigues\/","url":"https:\/\/nuevo-renacer.com\/de\/amelia-rodrigues\/","name":"Am\u00e9lia Rodrigues - Uni\u00f3n Esp\u00edrita","isPartOf":{"@id":"https:\/\/nuevo-renacer.com\/#website"},"primaryImageOfPage":{"@id":"https:\/\/nuevo-renacer.com\/de\/amelia-rodrigues\/#primaryimage"},"image":{"@id":"https:\/\/nuevo-renacer.com\/de\/amelia-rodrigues\/#primaryimage"},"thumbnailUrl":"https:\/\/nuevo-renacer.com\/wp-content\/uploads\/2024\/07\/foto_amelia.jpg","datePublished":"2024-07-17T08:15:01+00:00","dateModified":"2024-07-17T08:15:05+00:00","breadcrumb":{"@id":"https:\/\/nuevo-renacer.com\/de\/amelia-rodrigues\/#breadcrumb"},"inLanguage":"fr-FR","potentialAction":[{"@type":"ReadAction","target":["https:\/\/nuevo-renacer.com\/de\/amelia-rodrigues\/"]}]},{"@type":"ImageObject","inLanguage":"fr-FR","@id":"https:\/\/nuevo-renacer.com\/de\/amelia-rodrigues\/#primaryimage","url":"https:\/\/nuevo-renacer.com\/wp-content\/uploads\/2024\/07\/foto_amelia.jpg","contentUrl":"https:\/\/nuevo-renacer.com\/wp-content\/uploads\/2024\/07\/foto_amelia.jpg","width":500,"height":708},{"@type":"BreadcrumbList","@id":"https:\/\/nuevo-renacer.com\/de\/amelia-rodrigues\/#breadcrumb","itemListElement":[{"@type":"ListItem","position":1,"name":"Startseite","item":"https:\/\/nuevo-renacer.com\/"},{"@type":"ListItem","position":2,"name":"Am\u00e9lia Rodrigues"}]},{"@type":"WebSite","@id":"https:\/\/nuevo-renacer.com\/#website","url":"https:\/\/nuevo-renacer.com\/","name":"Uni\u00f3n Esp\u00edrita","description":"Nuevo Renacer","publisher":{"@id":"https:\/\/nuevo-renacer.com\/#organization"},"potentialAction":[{"@type":"SearchAction","target":{"@type":"EntryPoint","urlTemplate":"https:\/\/nuevo-renacer.com\/?s={search_term_string}"},"query-input":{"@type":"PropertyValueSpecification","valueRequired":true,"valueName":"search_term_string"}}],"inLanguage":"fr-FR"},{"@type":"Organization","@id":"https:\/\/nuevo-renacer.com\/#organization","name":"UFEC","url":"https:\/\/nuevo-renacer.com\/","logo":{"@type":"ImageObject","inLanguage":"fr-FR","@id":"https:\/\/nuevo-renacer.com\/#\/schema\/logo\/image\/","url":"https:\/\/nuevo-renacer.com\/wp-content\/uploads\/2024\/05\/cropped-LOGO-TERMINADO1-3-3.png","contentUrl":"https:\/\/nuevo-renacer.com\/wp-content\/uploads\/2024\/05\/cropped-LOGO-TERMINADO1-3-3.png","width":512,"height":512,"caption":"UFEC"},"image":{"@id":"https:\/\/nuevo-renacer.com\/#\/schema\/logo\/image\/"},"sameAs":["https:\/\/www.facebook.com\/groups\/3431398063740829"]}]}},"uagb_featured_image_src":{"full":["https:\/\/nuevo-renacer.com\/wp-content\/uploads\/2024\/07\/foto_amelia.jpg",500,708,false],"thumbnail":["https:\/\/nuevo-renacer.com\/wp-content\/uploads\/2024\/07\/foto_amelia-150x150.jpg",150,150,true],"medium":["https:\/\/nuevo-renacer.com\/wp-content\/uploads\/2024\/07\/foto_amelia-212x300.jpg",212,300,true],"medium_large":["https:\/\/nuevo-renacer.com\/wp-content\/uploads\/2024\/07\/foto_amelia.jpg",500,708,false],"large":["https:\/\/nuevo-renacer.com\/wp-content\/uploads\/2024\/07\/foto_amelia.jpg",500,708,false],"1536x1536":["https:\/\/nuevo-renacer.com\/wp-content\/uploads\/2024\/07\/foto_amelia.jpg",500,708,false],"2048x2048":["https:\/\/nuevo-renacer.com\/wp-content\/uploads\/2024\/07\/foto_amelia.jpg",500,708,false],"trp-custom-language-flag":["https:\/\/nuevo-renacer.com\/wp-content\/uploads\/2024\/07\/foto_amelia-8x12.jpg",8,12,true]},"uagb_author_info":{"display_name":"adbv0","author_link":"https:\/\/nuevo-renacer.com\/fr\/author\/adbv0\/"},"uagb_comment_info":0,"uagb_excerpt":"Am\u00e9lia Rodrigues Am\u00e9lia Augusta do Sacramento Rodrigues naci\u00f3 el 26 de mayo de 1861 en Fazenda Campos, situada en la parroquia de Oliveira dos Campinhos, en el municipio de Santo Amaro da Purifica\u00e7\u00e3o, en el estado de Bah\u00eda. Hija de F\u00e9lix Rodrigues y de do\u00f1a Maria Raquelina Rodrigues, ya desde la infancia mostr\u00f3 una elevada\u2026","jetpack_sharing_enabled":true,"_links":{"self":[{"href":"https:\/\/nuevo-renacer.com\/fr\/wp-json\/wp\/v2\/pages\/3928","targetHints":{"allow":["GET"]}}],"collection":[{"href":"https:\/\/nuevo-renacer.com\/fr\/wp-json\/wp\/v2\/pages"}],"about":[{"href":"https:\/\/nuevo-renacer.com\/fr\/wp-json\/wp\/v2\/types\/page"}],"author":[{"embeddable":true,"href":"https:\/\/nuevo-renacer.com\/fr\/wp-json\/wp\/v2\/users\/1"}],"replies":[{"embeddable":true,"href":"https:\/\/nuevo-renacer.com\/fr\/wp-json\/wp\/v2\/comments?post=3928"}],"version-history":[{"count":2,"href":"https:\/\/nuevo-renacer.com\/fr\/wp-json\/wp\/v2\/pages\/3928\/revisions"}],"predecessor-version":[{"id":3931,"href":"https:\/\/nuevo-renacer.com\/fr\/wp-json\/wp\/v2\/pages\/3928\/revisions\/3931"}],"wp:featuredmedia":[{"embeddable":true,"href":"https:\/\/nuevo-renacer.com\/fr\/wp-json\/wp\/v2\/media\/3930"}],"wp:attachment":[{"href":"https:\/\/nuevo-renacer.com\/fr\/wp-json\/wp\/v2\/media?parent=3928"}],"curies":[{"name":"wp","href":"https:\/\/api.w.org\/{rel}","templated":true}]}}