{"id":3921,"date":"2024-07-17T07:47:00","date_gmt":"2024-07-17T07:47:00","guid":{"rendered":"https:\/\/ufec-mundial.com\/?page_id=3921"},"modified":"2024-12-18T13:47:28","modified_gmt":"2024-12-18T13:47:28","slug":"breve-ensayo-sobre-los-estados-del-alma","status":"publish","type":"page","link":"https:\/\/nuevo-renacer.com\/fr\/breve-ensayo-sobre-los-estados-del-alma\/","title":{"rendered":"Court essai sur l&#039;\u00e9tat de l&#039;\u00e2me"},"content":{"rendered":"<div class=\"wp-block-uagb-container uagb-block-3076a10b alignfull uagb-is-root-container\"><div class=\"uagb-container-inner-blocks-wrap\">\n<p class=\"has-black-color has-text-color has-link-color has-medium-font-size wp-elements-9dd737c190bec2055b19f3b3e854a7ea\"><strong>Court essai sur l&#039;\u00e9tat de l&#039;\u00e2me&nbsp;<\/strong><\/p>\n<\/div><\/div>\n\n\n\n<div class=\"wp-block-uagb-container uagb-block-d53c0716 alignfull uagb-is-root-container\"><div class=\"uagb-container-inner-blocks-wrap\">\n<figure class=\"wp-block-image size-full is-resized\"><img fetchpriority=\"high\" decoding=\"async\" width=\"338\" height=\"383\" src=\"https:\/\/ufec-mundial.com\/wp-content\/uploads\/2024\/07\/HD-wallpaper-soul-light-alma-aura-light-luz-myself-soul-spirit-spiritual-univers-white-thumbnail-1.jpg\" alt=\"\" class=\"wp-image-3924\" style=\"width:353px;height:auto\" srcset=\"https:\/\/nuevo-renacer.com\/wp-content\/uploads\/2024\/07\/HD-wallpaper-soul-light-alma-aura-light-luz-myself-soul-spirit-spiritual-univers-white-thumbnail-1.jpg 338w, https:\/\/nuevo-renacer.com\/wp-content\/uploads\/2024\/07\/HD-wallpaper-soul-light-alma-aura-light-luz-myself-soul-spirit-spiritual-univers-white-thumbnail-1-265x300.jpg 265w, https:\/\/nuevo-renacer.com\/wp-content\/uploads\/2024\/07\/HD-wallpaper-soul-light-alma-aura-light-luz-myself-soul-spirit-spiritual-univers-white-thumbnail-1-11x12.jpg 11w\" sizes=\"(max-width: 338px) 100vw, 338px\" \/><\/figure>\n<\/div><\/div>\n\n\n\n<div class=\"wp-block-uagb-container uagb-block-6d8058a6 alignfull uagb-is-root-container\"><div class=\"uagb-container-inner-blocks-wrap\">\n<p class=\"has-black-color has-text-color has-link-color has-small-font-size wp-elements-6385e2461273dcfd9acc0885c0c0dc43\">La vie est juste, fiable et authentique, et nous ne devrions pas nous plaindre de la fa\u00e7on dont nous vivons, c&#039;est-\u00e0-dire, de tout ce qui nous arrive, parce que c&#039;\u00e9tait ce qu&#039;ils ont cr\u00e9\u00e9 \u00e0 l&#039;origine pour la personne d&#039;autre n&#039;est responsable de notre vie, il n&#039;a jamais \u00e9t\u00e9 et ne le sera jamais. Nous croyons vraiment dans notre vie, tout au travers de nos pens\u00e9es, de sentiments, d&#039;attitudes, de paroles, de tous les affinit\u00e9s que nous maintenir constamment; il y a encore plus de gens malheureux qu&#039;heureux. Cependant, nous pouvons changer le contexte droit maintenant, la seule chose qui manque, c&#039;est notre volont\u00e9 d&#039;aller de l&#039;avant, parce que nous avons d\u00e9j\u00e0 pass\u00e9 beaucoup de temps dans le royaume-enfantin \u00e2me.&nbsp;<\/p>\n\n\n\n<p class=\"has-black-color has-text-color has-link-color has-small-font-size wp-elements-02b348571aeb83a0e548aa410dee5336\">Si nous observons, m\u00eame \u00e0 des moments diff\u00e9rents de la journ\u00e9e, il y a une perception d&#039;un autre etat, ou nous devenons de plus en plus heureux, de plus en plus irritable, plus d&#039;espoir, ou nous nous sommes install\u00e9s pour quelques secondes, puis sur un autre \u00e9tat. Si il ya tellement de nombreuses perceptions en une seule journ\u00e9e, imaginer les exp\u00e9riences d&#039;innombrables exp\u00e9riences. Cependant, au milieu de tant d&#039;\u00e9v\u00e9nements et le temps \u00e9coul\u00e9, ce qui devrait \u00eatre pris en compte, c&#039;est ce qui est le sentiment que nous voulons nous sentir, comme chaque sentiment qui est de la fed va cr\u00e9er la m\u00eame r\u00e9flexion que se sent; aussi n&#039;oubliez jamais qu&#039;il y a une mer de spiritueux de nous regarder, et c&#039;est d\u00e9cisif dans le cours de notre journ\u00e9e, nous rappelant que nous attirer en fonction de nos vibrations.&nbsp;<\/p>\n\n\n\n<p class=\"has-black-color has-text-color has-link-color has-small-font-size wp-elements-20b3c913f0994a15bcaada0c9e4132f6\">Le plus nous analysons, plus nous nous rendons compte de la multiplicit\u00e9 des \u00e9tats de l&#039;\u00e2me que nous pensons; nous avons le meilleur choix. Et ce qui est plus remarquable, c&#039;est que nous avons l&#039;impulsion \u00e0 vouloir d\u00e9l\u00e9guer nos responsabilit\u00e9s, mais il n&#039;est pas possible et, en outre, dans notre cr\u00e9ation nous avons re\u00e7u la distinction entre ce qui est b\u00e9n\u00e9fique et ce qui ne l&#039;est pas. Une fois que nous avions d\u00e9cid\u00e9 quelque chose, elle d\u00e9clenche le correspondant de l&#039;\u00e9tat, et sa r\u00e9action cr\u00e9e la vie et ne sera pas refus\u00e9e. Ceci est obligatoire pour tous.&nbsp;<\/p>\n\n\n\n<p class=\"has-black-color has-text-color has-link-color has-small-font-size wp-elements-227d00e445efe28c9732dfd10139d64b\">Lorsque nous parlons des \u00e9tats de l&#039;\u00e2me, nous avons \u00e0 r\u00e9fl\u00e9chir sur ces \u00e9tats en fonction de notre vie, de notre vie quotidienne dans une exp\u00e9rience de vie et au cours de la monde erratique. Nous en sommes l\u00e0, notre esprit est \u00e9veill\u00e9 naturellement tout le temps, de r\u00e9flexion, de cr\u00e9ation et de sentiment.&nbsp;<\/p>\n\n\n\n<p class=\"has-black-color has-text-color has-link-color has-small-font-size wp-elements-4d1e305ac13795032a6d38700bddf6af\">Et que le libre arbitre est inh\u00e9rent \u00e0 tous, c&#039;est notre d\u00e9cision de d\u00e9velopper ou de se raccroche \u00e0 la pr\u00e9paration les plus fortun\u00e9s de nos jours, ou pas. Et c&#039;est tellement essentiel que juste une pens\u00e9e de chance de d\u00e9clencher les moments d&#039;angoisse et l&#039;agitation qui peut consommer de grandes quantit\u00e9s d&#039;\u00e9nergie, tout en rappelant que certaines d\u00e9penses ne sont pas toujours en mesure de r\u00e9cup\u00e9rer compl\u00e8tement. D&#039;autre part, il y a des moments si pr\u00e9cieux que nous avons cr\u00e9\u00e9 \u00e0 travers la connexion de bons sentiments, de pens\u00e9es et d&#039;attitudes qui peuvent sauver votre vie.&nbsp;<\/p>\n\n\n\n<p class=\"has-black-color has-text-color has-link-color has-small-font-size wp-elements-13112024349425382351e19a2cd94586\">En d&#039;autres termes, notre choix zoom avant ou arri\u00e8re le ciel de nous.&nbsp;<\/p>\n<\/div><\/div>\n\n\n\n<div class=\"wp-block-uagb-container uagb-block-0f92416a alignfull uagb-is-root-container\"><div class=\"uagb-container-inner-blocks-wrap\"><\/div><\/div>\n\n\n\n<div class=\"wp-block-uagb-container uagb-block-e416ba4e alignfull uagb-is-root-container\"><div class=\"uagb-container-inner-blocks-wrap\"><\/div><\/div>","protected":false},"excerpt":{"rendered":"<p>Breve ensayo sobre los estados del alma&nbsp; La vida es justa, fiable y aut\u00e9ntica y no deber\u00edamos quejarnos de la forma en que vivimos, es decir, de lo que nos pasa, porque fue lo que originalmente creamos para ahora &#8211; nadie m\u00e1s es responsable de nuestra vida, nunca lo ha sido y nunca lo ser\u00e1. [&hellip;]<\/p>","protected":false},"author":1,"featured_media":3924,"parent":0,"menu_order":0,"comment_status":"closed","ping_status":"closed","template":"","meta":{"_uag_custom_page_level_css":"","site-sidebar-layout":"default","site-content-layout":"","ast-site-content-layout":"default","site-content-style":"default","site-sidebar-style":"default","ast-global-header-display":"","ast-banner-title-visibility":"","ast-main-header-display":"","ast-hfb-above-header-display":"","ast-hfb-below-header-display":"","ast-hfb-mobile-header-display":"","site-post-title":"","ast-breadcrumbs-content":"","ast-featured-img":"","footer-sml-layout":"","theme-transparent-header-meta":"","adv-header-id-meta":"","stick-header-meta":"","header-above-stick-meta":"","header-main-stick-meta":"","header-below-stick-meta":"","astra-migrate-meta-layouts":"set","ast-page-background-enabled":"default","ast-page-background-meta":{"desktop":{"background-color":"var(--ast-global-color-4)","background-image":"","background-repeat":"repeat","background-position":"center center","background-size":"auto","background-attachment":"scroll","background-type":"","background-media":"","overlay-type":"","overlay-color":"","overlay-opacity":"","overlay-gradient":""},"tablet":{"background-color":"","background-image":"","background-repeat":"repeat","background-position":"center center","background-size":"auto","background-attachment":"scroll","background-type":"","background-media":"","overlay-type":"","overlay-color":"","overlay-opacity":"","overlay-gradient":""},"mobile":{"background-color":"","background-image":"","background-repeat":"repeat","background-position":"center center","background-size":"auto","background-attachment":"scroll","background-type":"","background-media":"","overlay-type":"","overlay-color":"","overlay-opacity":"","overlay-gradient":""}},"ast-content-background-meta":{"desktop":{"background-color":"var(--ast-global-color-5)","background-image":"","background-repeat":"repeat","background-position":"center center","background-size":"auto","background-attachment":"scroll","background-type":"","background-media":"","overlay-type":"","overlay-color":"","overlay-opacity":"","overlay-gradient":""},"tablet":{"background-color":"var(--ast-global-color-5)","background-image":"","background-repeat":"repeat","background-position":"center center","background-size":"auto","background-attachment":"scroll","background-type":"","background-media":"","overlay-type":"","overlay-color":"","overlay-opacity":"","overlay-gradient":""},"mobile":{"background-color":"var(--ast-global-color-5)","background-image":"","background-repeat":"repeat","background-position":"center center","background-size":"auto","background-attachment":"scroll","background-type":"","background-media":"","overlay-type":"","overlay-color":"","overlay-opacity":"","overlay-gradient":""}},"footnotes":""},"class_list":["post-3921","page","type-page","status-publish","has-post-thumbnail","hentry"],"yoast_head":"<!-- This site is optimized with the Yoast SEO Premium plugin v24.2 (Yoast SEO v24.6) - https:\/\/yoast.com\/wordpress\/plugins\/seo\/ -->\n<title>Breve ensayo sobre los estados del alma - Uni\u00f3n Esp\u00edrita<\/title>\n<meta name=\"robots\" content=\"index, follow, max-snippet:-1, max-image-preview:large, max-video-preview:-1\" \/>\n<link rel=\"canonical\" href=\"https:\/\/nuevo-renacer.com\/fr\/breve-ensayo-sobre-los-estados-del-alma\/\" \/>\n<meta property=\"og:locale\" content=\"fr_FR\" \/>\n<meta property=\"og:type\" content=\"article\" \/>\n<meta property=\"og:title\" content=\"Breve ensayo sobre los estados del alma\" \/>\n<meta property=\"og:description\" content=\"Breve ensayo sobre los estados del alma&nbsp; La vida es justa, fiable y aut\u00e9ntica y no deber\u00edamos quejarnos de la forma en que vivimos, es decir, de lo que nos pasa, porque fue lo que originalmente creamos para ahora &#8211; nadie m\u00e1s es responsable de nuestra vida, nunca lo ha sido y nunca lo ser\u00e1. [&hellip;]\" \/>\n<meta property=\"og:url\" content=\"https:\/\/nuevo-renacer.com\/fr\/breve-ensayo-sobre-los-estados-del-alma\/\" \/>\n<meta property=\"og:site_name\" content=\"Uni\u00f3n Esp\u00edrita\" \/>\n<meta property=\"article:publisher\" content=\"https:\/\/www.facebook.com\/groups\/3431398063740829\" \/>\n<meta property=\"article:modified_time\" content=\"2024-12-18T13:47:28+00:00\" \/>\n<meta property=\"og:image\" content=\"https:\/\/nuevo-renacer.com\/wp-content\/uploads\/2024\/07\/HD-wallpaper-soul-light-alma-aura-light-luz-myself-soul-spirit-spiritual-univers-white-thumbnail-1.jpg\" \/>\n\t<meta property=\"og:image:width\" content=\"338\" \/>\n\t<meta property=\"og:image:height\" content=\"383\" \/>\n\t<meta property=\"og:image:type\" content=\"image\/jpeg\" \/>\n<meta name=\"twitter:card\" content=\"summary_large_image\" \/>\n<meta name=\"twitter:label1\" content=\"Dur\u00e9e de lecture estim\u00e9e\" \/>\n\t<meta name=\"twitter:data1\" content=\"3 minutes\" \/>\n<script type=\"application\/ld+json\" class=\"yoast-schema-graph\">{\"@context\":\"https:\/\/schema.org\",\"@graph\":[{\"@type\":\"WebPage\",\"@id\":\"https:\/\/nuevo-renacer.com\/breve-ensayo-sobre-los-estados-del-alma\/\",\"url\":\"https:\/\/nuevo-renacer.com\/breve-ensayo-sobre-los-estados-del-alma\/\",\"name\":\"Breve ensayo sobre los estados del alma - Uni\u00f3n Esp\u00edrita\",\"isPartOf\":{\"@id\":\"https:\/\/nuevo-renacer.com\/#website\"},\"primaryImageOfPage\":{\"@id\":\"https:\/\/nuevo-renacer.com\/breve-ensayo-sobre-los-estados-del-alma\/#primaryimage\"},\"image\":{\"@id\":\"https:\/\/nuevo-renacer.com\/breve-ensayo-sobre-los-estados-del-alma\/#primaryimage\"},\"thumbnailUrl\":\"https:\/\/nuevo-renacer.com\/wp-content\/uploads\/2024\/07\/HD-wallpaper-soul-light-alma-aura-light-luz-myself-soul-spirit-spiritual-univers-white-thumbnail-1.jpg\",\"datePublished\":\"2024-07-17T07:47:00+00:00\",\"dateModified\":\"2024-12-18T13:47:28+00:00\",\"breadcrumb\":{\"@id\":\"https:\/\/nuevo-renacer.com\/breve-ensayo-sobre-los-estados-del-alma\/#breadcrumb\"},\"inLanguage\":\"fr-FR\",\"potentialAction\":[{\"@type\":\"ReadAction\",\"target\":[\"https:\/\/nuevo-renacer.com\/breve-ensayo-sobre-los-estados-del-alma\/\"]}]},{\"@type\":\"ImageObject\",\"inLanguage\":\"fr-FR\",\"@id\":\"https:\/\/nuevo-renacer.com\/breve-ensayo-sobre-los-estados-del-alma\/#primaryimage\",\"url\":\"https:\/\/nuevo-renacer.com\/wp-content\/uploads\/2024\/07\/HD-wallpaper-soul-light-alma-aura-light-luz-myself-soul-spirit-spiritual-univers-white-thumbnail-1.jpg\",\"contentUrl\":\"https:\/\/nuevo-renacer.com\/wp-content\/uploads\/2024\/07\/HD-wallpaper-soul-light-alma-aura-light-luz-myself-soul-spirit-spiritual-univers-white-thumbnail-1.jpg\",\"width\":338,\"height\":383},{\"@type\":\"BreadcrumbList\",\"@id\":\"https:\/\/nuevo-renacer.com\/breve-ensayo-sobre-los-estados-del-alma\/#breadcrumb\",\"itemListElement\":[{\"@type\":\"ListItem\",\"position\":1,\"name\":\"Startseite\",\"item\":\"https:\/\/nuevo-renacer.com\/\"},{\"@type\":\"ListItem\",\"position\":2,\"name\":\"Breve ensayo sobre los estados del alma\"}]},{\"@type\":\"WebSite\",\"@id\":\"https:\/\/nuevo-renacer.com\/#website\",\"url\":\"https:\/\/nuevo-renacer.com\/\",\"name\":\"Uni\u00f3n Esp\u00edrita\",\"description\":\"Nuevo Renacer\",\"publisher\":{\"@id\":\"https:\/\/nuevo-renacer.com\/#organization\"},\"potentialAction\":[{\"@type\":\"SearchAction\",\"target\":{\"@type\":\"EntryPoint\",\"urlTemplate\":\"https:\/\/nuevo-renacer.com\/?s={search_term_string}\"},\"query-input\":{\"@type\":\"PropertyValueSpecification\",\"valueRequired\":true,\"valueName\":\"search_term_string\"}}],\"inLanguage\":\"fr-FR\"},{\"@type\":\"Organization\",\"@id\":\"https:\/\/nuevo-renacer.com\/#organization\",\"name\":\"UFEC\",\"url\":\"https:\/\/nuevo-renacer.com\/\",\"logo\":{\"@type\":\"ImageObject\",\"inLanguage\":\"fr-FR\",\"@id\":\"https:\/\/nuevo-renacer.com\/#\/schema\/logo\/image\/\",\"url\":\"https:\/\/nuevo-renacer.com\/wp-content\/uploads\/2024\/05\/cropped-LOGO-TERMINADO1-3-3.png\",\"contentUrl\":\"https:\/\/nuevo-renacer.com\/wp-content\/uploads\/2024\/05\/cropped-LOGO-TERMINADO1-3-3.png\",\"width\":512,\"height\":512,\"caption\":\"UFEC\"},\"image\":{\"@id\":\"https:\/\/nuevo-renacer.com\/#\/schema\/logo\/image\/\"},\"sameAs\":[\"https:\/\/www.facebook.com\/groups\/3431398063740829\"]}]}<\/script>\n<!-- \/ Yoast SEO Premium plugin. -->","yoast_head_json":{"title":"Breve ensayo sobre los estados del alma - Uni\u00f3n Esp\u00edrita","robots":{"index":"index","follow":"follow","max-snippet":"max-snippet:-1","max-image-preview":"max-image-preview:large","max-video-preview":"max-video-preview:-1"},"canonical":"https:\/\/nuevo-renacer.com\/fr\/breve-ensayo-sobre-los-estados-del-alma\/","og_locale":"fr_FR","og_type":"article","og_title":"Breve ensayo sobre los estados del alma","og_description":"Breve ensayo sobre los estados del alma&nbsp; La vida es justa, fiable y aut\u00e9ntica y no deber\u00edamos quejarnos de la forma en que vivimos, es decir, de lo que nos pasa, porque fue lo que originalmente creamos para ahora &#8211; nadie m\u00e1s es responsable de nuestra vida, nunca lo ha sido y nunca lo ser\u00e1. [&hellip;]","og_url":"https:\/\/nuevo-renacer.com\/fr\/breve-ensayo-sobre-los-estados-del-alma\/","og_site_name":"Uni\u00f3n Esp\u00edrita","article_publisher":"https:\/\/www.facebook.com\/groups\/3431398063740829","article_modified_time":"2024-12-18T13:47:28+00:00","og_image":[{"width":338,"height":383,"url":"https:\/\/nuevo-renacer.com\/wp-content\/uploads\/2024\/07\/HD-wallpaper-soul-light-alma-aura-light-luz-myself-soul-spirit-spiritual-univers-white-thumbnail-1.jpg","type":"image\/jpeg"}],"twitter_card":"summary_large_image","twitter_misc":{"Dur\u00e9e de lecture estim\u00e9e":"3 minutes"},"schema":{"@context":"https:\/\/schema.org","@graph":[{"@type":"WebPage","@id":"https:\/\/nuevo-renacer.com\/breve-ensayo-sobre-los-estados-del-alma\/","url":"https:\/\/nuevo-renacer.com\/breve-ensayo-sobre-los-estados-del-alma\/","name":"Breve ensayo sobre los estados del alma - Uni\u00f3n Esp\u00edrita","isPartOf":{"@id":"https:\/\/nuevo-renacer.com\/#website"},"primaryImageOfPage":{"@id":"https:\/\/nuevo-renacer.com\/breve-ensayo-sobre-los-estados-del-alma\/#primaryimage"},"image":{"@id":"https:\/\/nuevo-renacer.com\/breve-ensayo-sobre-los-estados-del-alma\/#primaryimage"},"thumbnailUrl":"https:\/\/nuevo-renacer.com\/wp-content\/uploads\/2024\/07\/HD-wallpaper-soul-light-alma-aura-light-luz-myself-soul-spirit-spiritual-univers-white-thumbnail-1.jpg","datePublished":"2024-07-17T07:47:00+00:00","dateModified":"2024-12-18T13:47:28+00:00","breadcrumb":{"@id":"https:\/\/nuevo-renacer.com\/breve-ensayo-sobre-los-estados-del-alma\/#breadcrumb"},"inLanguage":"fr-FR","potentialAction":[{"@type":"ReadAction","target":["https:\/\/nuevo-renacer.com\/breve-ensayo-sobre-los-estados-del-alma\/"]}]},{"@type":"ImageObject","inLanguage":"fr-FR","@id":"https:\/\/nuevo-renacer.com\/breve-ensayo-sobre-los-estados-del-alma\/#primaryimage","url":"https:\/\/nuevo-renacer.com\/wp-content\/uploads\/2024\/07\/HD-wallpaper-soul-light-alma-aura-light-luz-myself-soul-spirit-spiritual-univers-white-thumbnail-1.jpg","contentUrl":"https:\/\/nuevo-renacer.com\/wp-content\/uploads\/2024\/07\/HD-wallpaper-soul-light-alma-aura-light-luz-myself-soul-spirit-spiritual-univers-white-thumbnail-1.jpg","width":338,"height":383},{"@type":"BreadcrumbList","@id":"https:\/\/nuevo-renacer.com\/breve-ensayo-sobre-los-estados-del-alma\/#breadcrumb","itemListElement":[{"@type":"ListItem","position":1,"name":"Startseite","item":"https:\/\/nuevo-renacer.com\/"},{"@type":"ListItem","position":2,"name":"Breve ensayo sobre los estados del alma"}]},{"@type":"WebSite","@id":"https:\/\/nuevo-renacer.com\/#website","url":"https:\/\/nuevo-renacer.com\/","name":"Uni\u00f3n Esp\u00edrita","description":"Nuevo Renacer","publisher":{"@id":"https:\/\/nuevo-renacer.com\/#organization"},"potentialAction":[{"@type":"SearchAction","target":{"@type":"EntryPoint","urlTemplate":"https:\/\/nuevo-renacer.com\/?s={search_term_string}"},"query-input":{"@type":"PropertyValueSpecification","valueRequired":true,"valueName":"search_term_string"}}],"inLanguage":"fr-FR"},{"@type":"Organization","@id":"https:\/\/nuevo-renacer.com\/#organization","name":"UFEC","url":"https:\/\/nuevo-renacer.com\/","logo":{"@type":"ImageObject","inLanguage":"fr-FR","@id":"https:\/\/nuevo-renacer.com\/#\/schema\/logo\/image\/","url":"https:\/\/nuevo-renacer.com\/wp-content\/uploads\/2024\/05\/cropped-LOGO-TERMINADO1-3-3.png","contentUrl":"https:\/\/nuevo-renacer.com\/wp-content\/uploads\/2024\/05\/cropped-LOGO-TERMINADO1-3-3.png","width":512,"height":512,"caption":"UFEC"},"image":{"@id":"https:\/\/nuevo-renacer.com\/#\/schema\/logo\/image\/"},"sameAs":["https:\/\/www.facebook.com\/groups\/3431398063740829"]}]}},"uagb_featured_image_src":{"full":["https:\/\/nuevo-renacer.com\/wp-content\/uploads\/2024\/07\/HD-wallpaper-soul-light-alma-aura-light-luz-myself-soul-spirit-spiritual-univers-white-thumbnail-1.jpg",338,383,false],"thumbnail":["https:\/\/nuevo-renacer.com\/wp-content\/uploads\/2024\/07\/HD-wallpaper-soul-light-alma-aura-light-luz-myself-soul-spirit-spiritual-univers-white-thumbnail-1-150x150.jpg",150,150,true],"medium":["https:\/\/nuevo-renacer.com\/wp-content\/uploads\/2024\/07\/HD-wallpaper-soul-light-alma-aura-light-luz-myself-soul-spirit-spiritual-univers-white-thumbnail-1-265x300.jpg",265,300,true],"medium_large":["https:\/\/nuevo-renacer.com\/wp-content\/uploads\/2024\/07\/HD-wallpaper-soul-light-alma-aura-light-luz-myself-soul-spirit-spiritual-univers-white-thumbnail-1.jpg",338,383,false],"large":["https:\/\/nuevo-renacer.com\/wp-content\/uploads\/2024\/07\/HD-wallpaper-soul-light-alma-aura-light-luz-myself-soul-spirit-spiritual-univers-white-thumbnail-1.jpg",338,383,false],"1536x1536":["https:\/\/nuevo-renacer.com\/wp-content\/uploads\/2024\/07\/HD-wallpaper-soul-light-alma-aura-light-luz-myself-soul-spirit-spiritual-univers-white-thumbnail-1.jpg",338,383,false],"2048x2048":["https:\/\/nuevo-renacer.com\/wp-content\/uploads\/2024\/07\/HD-wallpaper-soul-light-alma-aura-light-luz-myself-soul-spirit-spiritual-univers-white-thumbnail-1.jpg",338,383,false],"trp-custom-language-flag":["https:\/\/nuevo-renacer.com\/wp-content\/uploads\/2024\/07\/HD-wallpaper-soul-light-alma-aura-light-luz-myself-soul-spirit-spiritual-univers-white-thumbnail-1-11x12.jpg",11,12,true]},"uagb_author_info":{"display_name":"adbv0","author_link":"https:\/\/nuevo-renacer.com\/fr\/author\/adbv0\/"},"uagb_comment_info":0,"uagb_excerpt":"Breve ensayo sobre los estados del alma&nbsp; La vida es justa, fiable y aut\u00e9ntica y no deber\u00edamos quejarnos de la forma en que vivimos, es decir, de lo que nos pasa, porque fue lo que originalmente creamos para ahora &#8211; nadie m\u00e1s es responsable de nuestra vida, nunca lo ha sido y nunca lo ser\u00e1.\u2026","jetpack_sharing_enabled":true,"_links":{"self":[{"href":"https:\/\/nuevo-renacer.com\/fr\/wp-json\/wp\/v2\/pages\/3921","targetHints":{"allow":["GET"]}}],"collection":[{"href":"https:\/\/nuevo-renacer.com\/fr\/wp-json\/wp\/v2\/pages"}],"about":[{"href":"https:\/\/nuevo-renacer.com\/fr\/wp-json\/wp\/v2\/types\/page"}],"author":[{"embeddable":true,"href":"https:\/\/nuevo-renacer.com\/fr\/wp-json\/wp\/v2\/users\/1"}],"replies":[{"embeddable":true,"href":"https:\/\/nuevo-renacer.com\/fr\/wp-json\/wp\/v2\/comments?post=3921"}],"version-history":[{"count":3,"href":"https:\/\/nuevo-renacer.com\/fr\/wp-json\/wp\/v2\/pages\/3921\/revisions"}],"predecessor-version":[{"id":6570,"href":"https:\/\/nuevo-renacer.com\/fr\/wp-json\/wp\/v2\/pages\/3921\/revisions\/6570"}],"wp:featuredmedia":[{"embeddable":true,"href":"https:\/\/nuevo-renacer.com\/fr\/wp-json\/wp\/v2\/media\/3924"}],"wp:attachment":[{"href":"https:\/\/nuevo-renacer.com\/fr\/wp-json\/wp\/v2\/media?parent=3921"}],"curies":[{"name":"wp","href":"https:\/\/api.w.org\/{rel}","templated":true}]}}