{"id":3891,"date":"2024-07-17T06:04:15","date_gmt":"2024-07-17T06:04:15","guid":{"rendered":"https:\/\/ufec-mundial.com\/?page_id=3891"},"modified":"2024-07-17T06:16:20","modified_gmt":"2024-07-17T06:16:20","slug":"parientes-fisicos-y-espirituales","status":"publish","type":"page","link":"https:\/\/nuevo-renacer.com\/fr\/parientes-fisicos-y-espirituales\/","title":{"rendered":"Les parents physique et spirituelle"},"content":{"rendered":"<div class=\"wp-block-uagb-container uagb-block-b3bd2f14 alignfull uagb-is-root-container\"><div class=\"uagb-container-inner-blocks-wrap\">\n<p class=\"has-black-color has-text-color has-medium-font-size\"><strong>Les parents physique et spirituelle<\/strong><\/p>\n<\/div><\/div>\n\n\n\n<div class=\"wp-block-uagb-container uagb-block-529f8c13 alignfull uagb-is-root-container\"><div class=\"uagb-container-inner-blocks-wrap\">\n<figure class=\"wp-block-image size-full is-resized\"><img fetchpriority=\"high\" decoding=\"async\" width=\"539\" height=\"360\" src=\"https:\/\/ufec-mundial.com\/wp-content\/uploads\/2024\/07\/440907408_7801407443213003_184456287909870618_n.jpg\" alt=\"\" class=\"wp-image-3892\" style=\"width:406px;height:auto\" srcset=\"https:\/\/nuevo-renacer.com\/wp-content\/uploads\/2024\/07\/440907408_7801407443213003_184456287909870618_n.jpg 539w, https:\/\/nuevo-renacer.com\/wp-content\/uploads\/2024\/07\/440907408_7801407443213003_184456287909870618_n-300x200.jpg 300w, https:\/\/nuevo-renacer.com\/wp-content\/uploads\/2024\/07\/440907408_7801407443213003_184456287909870618_n-18x12.jpg 18w\" sizes=\"(max-width: 539px) 100vw, 539px\" \/><\/figure>\n<\/div><\/div>\n\n\n\n<div class=\"wp-block-uagb-container uagb-block-62941f73 alignfull uagb-is-root-container\"><div class=\"uagb-container-inner-blocks-wrap\">\n<p class=\"has-black-color has-text-color has-small-font-size\">La parent\u00e9 de sang n&#039;est pas n\u00e9cessairement spirituel &#034; de la parent\u00e9. Le corps se pose \u00e0 partir du corps, mais l&#039;esprit qui vient de l&#039;esprit, parce que l&#039;esprit qui existait d\u00e9j\u00e0 avant la cr\u00e9ation de l&#039;organisme. N&#039;est pas le p\u00e8re qui cr\u00e9e l&#039;esprit de son fils, ne donne que l&#039;enveloppe physique, mais il devrait vous aider \u00e0 d\u00e9velopper intellectuellement et moralement \u00e0 aller de l&#039;avant.<\/p>\n\n\n\n<p class=\"has-black-color has-text-color has-small-font-size\">Les Esprits qui l&#039;incarnent au sein de la m\u00eame famille, surtout que les proches, sont g\u00e9n\u00e9ralement des Esprits sympathiques, unis par une pr\u00e9c\u00e9dente relation exprim\u00e9e par l&#039;affection pour la vie sur la terre; mais il peut aussi arriver que ces Esprits sont compl\u00e8tement \u00e9trangers les uns pour les autres, s\u00e9par\u00e9s par des antipathies, qui sont exprim\u00e9s de la m\u00eame mani\u00e8re en raison de son opposition sur le Terrain pour servir de test. Les v\u00e9ritables liens de famille ne sont pas, par cons\u00e9quent, ceux du sang, mais de la sympathie et de l&#039;harmonie de la pens\u00e9e, qui se lient aux Esprits avant, pendant, et apr\u00e8s son incarnation. Cela, il s&#039;av\u00e8re que deux \u00eatres n\u00e9s de parents diff\u00e9rents peuvent \u00eatre plus fr\u00e8res par l&#039;esprit que, si elles l&#039;ont \u00e9t\u00e9 par le sang. \u00catre attir\u00e9, recherche, heureux; tandis que les deux fr\u00e8res li\u00e9s par le sang peut repousser, comme nous en faisons l&#039;exp\u00e9rience sur une base quotidienne, de la morale probl\u00e8me que seul le Spiritisme pourrait \u00eatre r\u00e9solu par le biais de la pluralit\u00e9 des existences.<\/p>\n\n\n\n<p class=\"has-black-color has-text-color has-small-font-size\">As\u00ed pues, hay dos tipos de familia: la familia a trav\u00e9s de los v\u00ednculos espirituales y la familia a trav\u00e9s de los v\u00ednculos f\u00edsicos. La primera es permanente, se fortalece mediante la purificaci\u00f3n y se perpet\u00faa en el mundo espiritual a trav\u00e9s de los diversos vagabundeos del alma. El segundo, tan fr\u00e1gil como la materia, se extingue con el tiempo y muy a menudo se disuelve moralmente, incluso en la vida presente. Jes\u00fas quiso dejarlo claro al decir a sus disc\u00edpulos: \u201eAqu\u00ed est\u00e1n mi madre y mis hermanos, es decir, mi familia por los v\u00ednculos espirituales, pues todo el que cumple la voluntad de mi Padre que est\u00e1 en los cielos es mi hermano, mi hermana y mi madre.\u00bb<\/p>\n\n\n\n<p class=\"has-black-color has-text-color has-small-font-size\">L&#039;hostilit\u00e9 de Ses fr\u00e8res et s\u0153urs seront clairement indiqu\u00e9s dans l&#039;histoire de l&#039;ap\u00f4tre Marc, parce qu&#039;il dit qu&#039;elles avaient l&#039;intention de l&#039;arr\u00eater avec le pr\u00e9texte qu&#039;il n&#039;\u00e9tait pas lui-m\u00eame. Avant l&#039;annonce de son arriv\u00e9e, et de conna\u00eetre leurs sentiments envers Lui, il \u00e9tait tout naturel que racont\u00e9e du point de vue spirituel, quant \u00e0 Ses disciples: &#034;ce sont Mes vrais fr\u00e8res et s\u0153urs&#034;. Bien que Sa m\u00e8re l&#039;accompagnait, Il a \u00e9t\u00e9 enseignant, qui n&#039;est en aucun cas qu&#039;il a voulu dire que Sa m\u00e8re ne signifiait rien pour Lui, comme un esprit, et qu&#039;il \u00e9tait indiff\u00e9rent. Votre comportement sur d&#039;autres occasions, suffisamment de prouver le contraire.<\/p>\n<\/div><\/div>","protected":false},"excerpt":{"rendered":"<p>Parientes f\u00edsicos y espirituales El parentesco de sangre no es necesariamente parentesco espiritual. El cuerpo surge del cuerpo, pero el esp\u00edritu no surge del esp\u00edritu, porque el esp\u00edritu ya exist\u00eda antes de que se creara el cuerpo. No es el padre quien crea el esp\u00edritu de su hijo, s\u00f3lo le da la envoltura f\u00edsica, pero [&hellip;]<\/p>","protected":false},"author":1,"featured_media":3892,"parent":0,"menu_order":0,"comment_status":"closed","ping_status":"closed","template":"","meta":{"_uag_custom_page_level_css":"","site-sidebar-layout":"default","site-content-layout":"","ast-site-content-layout":"default","site-content-style":"default","site-sidebar-style":"default","ast-global-header-display":"","ast-banner-title-visibility":"","ast-main-header-display":"","ast-hfb-above-header-display":"","ast-hfb-below-header-display":"","ast-hfb-mobile-header-display":"","site-post-title":"","ast-breadcrumbs-content":"","ast-featured-img":"","footer-sml-layout":"","theme-transparent-header-meta":"","adv-header-id-meta":"","stick-header-meta":"","header-above-stick-meta":"","header-main-stick-meta":"","header-below-stick-meta":"","astra-migrate-meta-layouts":"set","ast-page-background-enabled":"default","ast-page-background-meta":{"desktop":{"background-color":"var(--ast-global-color-4)","background-image":"","background-repeat":"repeat","background-position":"center center","background-size":"auto","background-attachment":"scroll","background-type":"","background-media":"","overlay-type":"","overlay-color":"","overlay-opacity":"","overlay-gradient":""},"tablet":{"background-color":"","background-image":"","background-repeat":"repeat","background-position":"center center","background-size":"auto","background-attachment":"scroll","background-type":"","background-media":"","overlay-type":"","overlay-color":"","overlay-opacity":"","overlay-gradient":""},"mobile":{"background-color":"","background-image":"","background-repeat":"repeat","background-position":"center center","background-size":"auto","background-attachment":"scroll","background-type":"","background-media":"","overlay-type":"","overlay-color":"","overlay-opacity":"","overlay-gradient":""}},"ast-content-background-meta":{"desktop":{"background-color":"var(--ast-global-color-5)","background-image":"","background-repeat":"repeat","background-position":"center center","background-size":"auto","background-attachment":"scroll","background-type":"","background-media":"","overlay-type":"","overlay-color":"","overlay-opacity":"","overlay-gradient":""},"tablet":{"background-color":"var(--ast-global-color-5)","background-image":"","background-repeat":"repeat","background-position":"center center","background-size":"auto","background-attachment":"scroll","background-type":"","background-media":"","overlay-type":"","overlay-color":"","overlay-opacity":"","overlay-gradient":""},"mobile":{"background-color":"var(--ast-global-color-5)","background-image":"","background-repeat":"repeat","background-position":"center center","background-size":"auto","background-attachment":"scroll","background-type":"","background-media":"","overlay-type":"","overlay-color":"","overlay-opacity":"","overlay-gradient":""}},"footnotes":""},"class_list":["post-3891","page","type-page","status-publish","has-post-thumbnail","hentry"],"yoast_head":"<!-- This site is optimized with the Yoast SEO Premium plugin v24.2 (Yoast SEO v24.6) - https:\/\/yoast.com\/wordpress\/plugins\/seo\/ -->\n<title>Parientes f\u00edsicos y espirituales - Uni\u00f3n Esp\u00edrita<\/title>\n<meta name=\"robots\" content=\"index, follow, max-snippet:-1, max-image-preview:large, max-video-preview:-1\" \/>\n<link rel=\"canonical\" href=\"https:\/\/nuevo-renacer.com\/fr\/parientes-fisicos-y-espirituales\/\" \/>\n<meta property=\"og:locale\" content=\"fr_FR\" \/>\n<meta property=\"og:type\" content=\"article\" \/>\n<meta property=\"og:title\" content=\"Parientes f\u00edsicos y espirituales\" \/>\n<meta property=\"og:description\" content=\"Parientes f\u00edsicos y espirituales El parentesco de sangre no es necesariamente parentesco espiritual. El cuerpo surge del cuerpo, pero el esp\u00edritu no surge del esp\u00edritu, porque el esp\u00edritu ya exist\u00eda antes de que se creara el cuerpo. No es el padre quien crea el esp\u00edritu de su hijo, s\u00f3lo le da la envoltura f\u00edsica, pero [&hellip;]\" \/>\n<meta property=\"og:url\" content=\"https:\/\/nuevo-renacer.com\/fr\/parientes-fisicos-y-espirituales\/\" \/>\n<meta property=\"og:site_name\" content=\"Uni\u00f3n Esp\u00edrita\" \/>\n<meta property=\"article:publisher\" content=\"https:\/\/www.facebook.com\/groups\/3431398063740829\" \/>\n<meta property=\"article:modified_time\" content=\"2024-07-17T06:16:20+00:00\" \/>\n<meta property=\"og:image\" content=\"https:\/\/nuevo-renacer.com\/wp-content\/uploads\/2024\/07\/440907408_7801407443213003_184456287909870618_n.jpg\" \/>\n\t<meta property=\"og:image:width\" content=\"539\" \/>\n\t<meta property=\"og:image:height\" content=\"360\" \/>\n\t<meta property=\"og:image:type\" content=\"image\/jpeg\" \/>\n<meta name=\"twitter:card\" content=\"summary_large_image\" \/>\n<meta name=\"twitter:label1\" content=\"Dur\u00e9e de lecture estim\u00e9e\" \/>\n\t<meta name=\"twitter:data1\" content=\"2 minutes\" \/>\n<script type=\"application\/ld+json\" class=\"yoast-schema-graph\">{\"@context\":\"https:\/\/schema.org\",\"@graph\":[{\"@type\":\"WebPage\",\"@id\":\"https:\/\/nuevo-renacer.com\/parientes-fisicos-y-espirituales\/\",\"url\":\"https:\/\/nuevo-renacer.com\/parientes-fisicos-y-espirituales\/\",\"name\":\"Parientes f\u00edsicos y espirituales - Uni\u00f3n Esp\u00edrita\",\"isPartOf\":{\"@id\":\"https:\/\/nuevo-renacer.com\/#website\"},\"primaryImageOfPage\":{\"@id\":\"https:\/\/nuevo-renacer.com\/parientes-fisicos-y-espirituales\/#primaryimage\"},\"image\":{\"@id\":\"https:\/\/nuevo-renacer.com\/parientes-fisicos-y-espirituales\/#primaryimage\"},\"thumbnailUrl\":\"https:\/\/nuevo-renacer.com\/wp-content\/uploads\/2024\/07\/440907408_7801407443213003_184456287909870618_n.jpg\",\"datePublished\":\"2024-07-17T06:04:15+00:00\",\"dateModified\":\"2024-07-17T06:16:20+00:00\",\"breadcrumb\":{\"@id\":\"https:\/\/nuevo-renacer.com\/parientes-fisicos-y-espirituales\/#breadcrumb\"},\"inLanguage\":\"fr-FR\",\"potentialAction\":[{\"@type\":\"ReadAction\",\"target\":[\"https:\/\/nuevo-renacer.com\/parientes-fisicos-y-espirituales\/\"]}]},{\"@type\":\"ImageObject\",\"inLanguage\":\"fr-FR\",\"@id\":\"https:\/\/nuevo-renacer.com\/parientes-fisicos-y-espirituales\/#primaryimage\",\"url\":\"https:\/\/nuevo-renacer.com\/wp-content\/uploads\/2024\/07\/440907408_7801407443213003_184456287909870618_n.jpg\",\"contentUrl\":\"https:\/\/nuevo-renacer.com\/wp-content\/uploads\/2024\/07\/440907408_7801407443213003_184456287909870618_n.jpg\",\"width\":539,\"height\":360},{\"@type\":\"BreadcrumbList\",\"@id\":\"https:\/\/nuevo-renacer.com\/parientes-fisicos-y-espirituales\/#breadcrumb\",\"itemListElement\":[{\"@type\":\"ListItem\",\"position\":1,\"name\":\"Startseite\",\"item\":\"https:\/\/nuevo-renacer.com\/\"},{\"@type\":\"ListItem\",\"position\":2,\"name\":\"Parientes f\u00edsicos y espirituales\"}]},{\"@type\":\"WebSite\",\"@id\":\"https:\/\/nuevo-renacer.com\/#website\",\"url\":\"https:\/\/nuevo-renacer.com\/\",\"name\":\"Uni\u00f3n Esp\u00edrita\",\"description\":\"Nuevo Renacer\",\"publisher\":{\"@id\":\"https:\/\/nuevo-renacer.com\/#organization\"},\"potentialAction\":[{\"@type\":\"SearchAction\",\"target\":{\"@type\":\"EntryPoint\",\"urlTemplate\":\"https:\/\/nuevo-renacer.com\/?s={search_term_string}\"},\"query-input\":{\"@type\":\"PropertyValueSpecification\",\"valueRequired\":true,\"valueName\":\"search_term_string\"}}],\"inLanguage\":\"fr-FR\"},{\"@type\":\"Organization\",\"@id\":\"https:\/\/nuevo-renacer.com\/#organization\",\"name\":\"UFEC\",\"url\":\"https:\/\/nuevo-renacer.com\/\",\"logo\":{\"@type\":\"ImageObject\",\"inLanguage\":\"fr-FR\",\"@id\":\"https:\/\/nuevo-renacer.com\/#\/schema\/logo\/image\/\",\"url\":\"https:\/\/nuevo-renacer.com\/wp-content\/uploads\/2024\/05\/cropped-LOGO-TERMINADO1-3-3.png\",\"contentUrl\":\"https:\/\/nuevo-renacer.com\/wp-content\/uploads\/2024\/05\/cropped-LOGO-TERMINADO1-3-3.png\",\"width\":512,\"height\":512,\"caption\":\"UFEC\"},\"image\":{\"@id\":\"https:\/\/nuevo-renacer.com\/#\/schema\/logo\/image\/\"},\"sameAs\":[\"https:\/\/www.facebook.com\/groups\/3431398063740829\"]}]}<\/script>\n<!-- \/ Yoast SEO Premium plugin. -->","yoast_head_json":{"title":"Parientes f\u00edsicos y espirituales - Uni\u00f3n Esp\u00edrita","robots":{"index":"index","follow":"follow","max-snippet":"max-snippet:-1","max-image-preview":"max-image-preview:large","max-video-preview":"max-video-preview:-1"},"canonical":"https:\/\/nuevo-renacer.com\/fr\/parientes-fisicos-y-espirituales\/","og_locale":"fr_FR","og_type":"article","og_title":"Parientes f\u00edsicos y espirituales","og_description":"Parientes f\u00edsicos y espirituales El parentesco de sangre no es necesariamente parentesco espiritual. El cuerpo surge del cuerpo, pero el esp\u00edritu no surge del esp\u00edritu, porque el esp\u00edritu ya exist\u00eda antes de que se creara el cuerpo. No es el padre quien crea el esp\u00edritu de su hijo, s\u00f3lo le da la envoltura f\u00edsica, pero [&hellip;]","og_url":"https:\/\/nuevo-renacer.com\/fr\/parientes-fisicos-y-espirituales\/","og_site_name":"Uni\u00f3n Esp\u00edrita","article_publisher":"https:\/\/www.facebook.com\/groups\/3431398063740829","article_modified_time":"2024-07-17T06:16:20+00:00","og_image":[{"width":539,"height":360,"url":"https:\/\/nuevo-renacer.com\/wp-content\/uploads\/2024\/07\/440907408_7801407443213003_184456287909870618_n.jpg","type":"image\/jpeg"}],"twitter_card":"summary_large_image","twitter_misc":{"Dur\u00e9e de lecture estim\u00e9e":"2 minutes"},"schema":{"@context":"https:\/\/schema.org","@graph":[{"@type":"WebPage","@id":"https:\/\/nuevo-renacer.com\/parientes-fisicos-y-espirituales\/","url":"https:\/\/nuevo-renacer.com\/parientes-fisicos-y-espirituales\/","name":"Parientes f\u00edsicos y espirituales - Uni\u00f3n Esp\u00edrita","isPartOf":{"@id":"https:\/\/nuevo-renacer.com\/#website"},"primaryImageOfPage":{"@id":"https:\/\/nuevo-renacer.com\/parientes-fisicos-y-espirituales\/#primaryimage"},"image":{"@id":"https:\/\/nuevo-renacer.com\/parientes-fisicos-y-espirituales\/#primaryimage"},"thumbnailUrl":"https:\/\/nuevo-renacer.com\/wp-content\/uploads\/2024\/07\/440907408_7801407443213003_184456287909870618_n.jpg","datePublished":"2024-07-17T06:04:15+00:00","dateModified":"2024-07-17T06:16:20+00:00","breadcrumb":{"@id":"https:\/\/nuevo-renacer.com\/parientes-fisicos-y-espirituales\/#breadcrumb"},"inLanguage":"fr-FR","potentialAction":[{"@type":"ReadAction","target":["https:\/\/nuevo-renacer.com\/parientes-fisicos-y-espirituales\/"]}]},{"@type":"ImageObject","inLanguage":"fr-FR","@id":"https:\/\/nuevo-renacer.com\/parientes-fisicos-y-espirituales\/#primaryimage","url":"https:\/\/nuevo-renacer.com\/wp-content\/uploads\/2024\/07\/440907408_7801407443213003_184456287909870618_n.jpg","contentUrl":"https:\/\/nuevo-renacer.com\/wp-content\/uploads\/2024\/07\/440907408_7801407443213003_184456287909870618_n.jpg","width":539,"height":360},{"@type":"BreadcrumbList","@id":"https:\/\/nuevo-renacer.com\/parientes-fisicos-y-espirituales\/#breadcrumb","itemListElement":[{"@type":"ListItem","position":1,"name":"Startseite","item":"https:\/\/nuevo-renacer.com\/"},{"@type":"ListItem","position":2,"name":"Parientes f\u00edsicos y espirituales"}]},{"@type":"WebSite","@id":"https:\/\/nuevo-renacer.com\/#website","url":"https:\/\/nuevo-renacer.com\/","name":"Uni\u00f3n Esp\u00edrita","description":"Nuevo Renacer","publisher":{"@id":"https:\/\/nuevo-renacer.com\/#organization"},"potentialAction":[{"@type":"SearchAction","target":{"@type":"EntryPoint","urlTemplate":"https:\/\/nuevo-renacer.com\/?s={search_term_string}"},"query-input":{"@type":"PropertyValueSpecification","valueRequired":true,"valueName":"search_term_string"}}],"inLanguage":"fr-FR"},{"@type":"Organization","@id":"https:\/\/nuevo-renacer.com\/#organization","name":"UFEC","url":"https:\/\/nuevo-renacer.com\/","logo":{"@type":"ImageObject","inLanguage":"fr-FR","@id":"https:\/\/nuevo-renacer.com\/#\/schema\/logo\/image\/","url":"https:\/\/nuevo-renacer.com\/wp-content\/uploads\/2024\/05\/cropped-LOGO-TERMINADO1-3-3.png","contentUrl":"https:\/\/nuevo-renacer.com\/wp-content\/uploads\/2024\/05\/cropped-LOGO-TERMINADO1-3-3.png","width":512,"height":512,"caption":"UFEC"},"image":{"@id":"https:\/\/nuevo-renacer.com\/#\/schema\/logo\/image\/"},"sameAs":["https:\/\/www.facebook.com\/groups\/3431398063740829"]}]}},"uagb_featured_image_src":{"full":["https:\/\/nuevo-renacer.com\/wp-content\/uploads\/2024\/07\/440907408_7801407443213003_184456287909870618_n.jpg",539,360,false],"thumbnail":["https:\/\/nuevo-renacer.com\/wp-content\/uploads\/2024\/07\/440907408_7801407443213003_184456287909870618_n-150x150.jpg",150,150,true],"medium":["https:\/\/nuevo-renacer.com\/wp-content\/uploads\/2024\/07\/440907408_7801407443213003_184456287909870618_n-300x200.jpg",300,200,true],"medium_large":["https:\/\/nuevo-renacer.com\/wp-content\/uploads\/2024\/07\/440907408_7801407443213003_184456287909870618_n.jpg",539,360,false],"large":["https:\/\/nuevo-renacer.com\/wp-content\/uploads\/2024\/07\/440907408_7801407443213003_184456287909870618_n.jpg",539,360,false],"1536x1536":["https:\/\/nuevo-renacer.com\/wp-content\/uploads\/2024\/07\/440907408_7801407443213003_184456287909870618_n.jpg",539,360,false],"2048x2048":["https:\/\/nuevo-renacer.com\/wp-content\/uploads\/2024\/07\/440907408_7801407443213003_184456287909870618_n.jpg",539,360,false],"trp-custom-language-flag":["https:\/\/nuevo-renacer.com\/wp-content\/uploads\/2024\/07\/440907408_7801407443213003_184456287909870618_n-18x12.jpg",18,12,true]},"uagb_author_info":{"display_name":"adbv0","author_link":"https:\/\/nuevo-renacer.com\/fr\/author\/adbv0\/"},"uagb_comment_info":0,"uagb_excerpt":"Parientes f\u00edsicos y espirituales El parentesco de sangre no es necesariamente parentesco espiritual. El cuerpo surge del cuerpo, pero el esp\u00edritu no surge del esp\u00edritu, porque el esp\u00edritu ya exist\u00eda antes de que se creara el cuerpo. No es el padre quien crea el esp\u00edritu de su hijo, s\u00f3lo le da la envoltura f\u00edsica, pero\u2026","jetpack_sharing_enabled":true,"_links":{"self":[{"href":"https:\/\/nuevo-renacer.com\/fr\/wp-json\/wp\/v2\/pages\/3891","targetHints":{"allow":["GET"]}}],"collection":[{"href":"https:\/\/nuevo-renacer.com\/fr\/wp-json\/wp\/v2\/pages"}],"about":[{"href":"https:\/\/nuevo-renacer.com\/fr\/wp-json\/wp\/v2\/types\/page"}],"author":[{"embeddable":true,"href":"https:\/\/nuevo-renacer.com\/fr\/wp-json\/wp\/v2\/users\/1"}],"replies":[{"embeddable":true,"href":"https:\/\/nuevo-renacer.com\/fr\/wp-json\/wp\/v2\/comments?post=3891"}],"version-history":[{"count":8,"href":"https:\/\/nuevo-renacer.com\/fr\/wp-json\/wp\/v2\/pages\/3891\/revisions"}],"predecessor-version":[{"id":3901,"href":"https:\/\/nuevo-renacer.com\/fr\/wp-json\/wp\/v2\/pages\/3891\/revisions\/3901"}],"wp:featuredmedia":[{"embeddable":true,"href":"https:\/\/nuevo-renacer.com\/fr\/wp-json\/wp\/v2\/media\/3892"}],"wp:attachment":[{"href":"https:\/\/nuevo-renacer.com\/fr\/wp-json\/wp\/v2\/media?parent=3891"}],"curies":[{"name":"wp","href":"https:\/\/api.w.org\/{rel}","templated":true}]}}