{"id":3883,"date":"2024-07-16T13:23:19","date_gmt":"2024-07-16T13:23:19","guid":{"rendered":"https:\/\/ufec-mundial.com\/?page_id=3883"},"modified":"2024-07-16T13:23:22","modified_gmt":"2024-07-16T13:23:22","slug":"no-os-olvideis-del-projimo","status":"publish","type":"page","link":"https:\/\/nuevo-renacer.com\/fr\/no-os-olvideis-del-projimo\/","title":{"rendered":"N&#039;oubliez pas de voisin"},"content":{"rendered":"<div class=\"wp-block-uagb-container uagb-block-ad51c05d alignfull uagb-is-root-container\"><div class=\"uagb-container-inner-blocks-wrap\">\n<p class=\"has-black-color has-text-color has-link-color has-medium-font-size wp-elements-8362b2475011629b231858556d5f84c8\"><strong>N&#039;oubliez pas de voisin<\/strong><\/p>\n<\/div><\/div>\n\n\n\n<div class=\"wp-block-uagb-container uagb-block-40eeb480 alignfull uagb-is-root-container\"><div class=\"uagb-container-inner-blocks-wrap\">\n<figure class=\"wp-block-image size-full is-resized\"><img fetchpriority=\"high\" decoding=\"async\" width=\"404\" height=\"480\" src=\"https:\/\/ufec-mundial.com\/wp-content\/uploads\/2024\/07\/35b7cc775a2a3683095b0e3fb44deb74.jpg\" alt=\"\" class=\"wp-image-3884\" style=\"width:364px;height:auto\" srcset=\"https:\/\/nuevo-renacer.com\/wp-content\/uploads\/2024\/07\/35b7cc775a2a3683095b0e3fb44deb74.jpg 404w, https:\/\/nuevo-renacer.com\/wp-content\/uploads\/2024\/07\/35b7cc775a2a3683095b0e3fb44deb74-253x300.jpg 253w, https:\/\/nuevo-renacer.com\/wp-content\/uploads\/2024\/07\/35b7cc775a2a3683095b0e3fb44deb74-10x12.jpg 10w\" sizes=\"(max-width: 404px) 100vw, 404px\" \/><\/figure>\n<\/div><\/div>\n\n\n\n<div class=\"wp-block-uagb-container uagb-block-34ecf07c alignfull uagb-is-root-container\"><div class=\"uagb-container-inner-blocks-wrap\">\n<p class=\"has-black-color has-text-color has-link-color has-small-font-size wp-elements-2a355ccfbab24292731459d7b48f4b4b\">Ne pas \u00eatre obstin\u00e9 de l&#039;\u00e9go\u00efsme. L&#039;\u00e9go\u00efsme fait souffrir, avec des reflets dans le corps physique, qui souffre avec la concentration d&#039;\u00e9l\u00e9ments corrosifs. Le voisin, celui que J\u00e9sus aimait, a besoin de vous, autant que vous avez besoin de lui. Cet \u00e9change est la vie de nous tous, de nous unir avec la vie de Dieu.<\/p>\n\n\n\n<p class=\"has-black-color has-text-color has-link-color has-small-font-size wp-elements-f9f16ba37e96078963e206bb1a04940a\">N&#039;oubliez pas de voisin en d\u00e9pit de vos fonctions, parce que quand nous n&#039;essayons pas d&#039;aimer quelqu&#039;un, nous inventer des excuses de l&#039;int\u00e9gralit\u00e9 de la commande et nous nous \u00e9loignons de mille et une mani\u00e8res diff\u00e9rentes et \u00e0 travers les divers costumes. Souvenons-nous de ce qui a \u00e9t\u00e9 dit par le Divin Ma\u00eetre, r\u00e9duisant les dix commandements en deux: l&#039;amour de Dieu par-dessus toutes choses, et notre prochain comme nous-m\u00eames. Et de l&#039;\u00e9go\u00efsme, dans la forme de l&#039;amour de soi, nous conduit \u00e0 oublier le voisin, ceux qui cohabitent avec nous dans le grand voyage de l&#039;\u00e9volution.<\/p>\n\n\n\n<p class=\"has-black-color has-text-color has-link-color has-small-font-size wp-elements-df26b6926ed09a7e12ffa9d4eeb2ea55\">Si vous voulez savoir qui est votre voisin, vous observer vous-m\u00eames, parce qu&#039;il est votre alors, qui s&#039;\u00e9tend \u00e0 l&#039;infini. Essayez de consacrer davantage \u00e0 d&#039;autres, en leur donnant plus d&#039;attention sur les choses qu&#039;ils repr\u00e9sentent, dans ce qu&#039;ils parler, ou d&#039;\u00e9crire, parce que vous pouvez en apprendre beaucoup les uns avec les autres, par l&#039;\u00e9change d&#039;exp\u00e9riences.<\/p>\n\n\n\n<p class=\"has-black-color has-text-color has-link-color has-small-font-size wp-elements-4401c5263037883e3ea95852e85f669b\">Permettez-nous d&#039;\u00eatre fid\u00e8le aux lois de l&#039;\u00c9ternel, en communion avec les lois de l&#039;amour et ambient\u00e1ndonos avec le climat de la charit\u00e9, que le bien-\u00eatre approche de nous, comme la puissance divine, le divin, l&#039;expression de toutes choses. Avez-vous d\u00e9j\u00e0 observasteis, mon fr\u00e8re, que j&#039;ai servi le voisin? Dans tous les chemins, vous remarquerez ses mains pour nous aider \u00e0 les aider, de nous aider \u00e0 servir, nous aidant \u00e0 comprendre. Ce voisin m\u00e9rite tout notre respect, de notre reconnaissance et de notre amour. Tous ensemble, nous allons cr\u00e9er le grand courant de la vie qui soutient le grand espoir d&#039;un monde meilleur.<\/p>\n\n\n\n<p class=\"has-black-color has-text-color has-link-color has-small-font-size wp-elements-83d960fc6bf4e81b6e361c6155d1b3df\">L&#039;int\u00e9r\u00eat que vous avez dans l&#039;exc\u00e8s, pour vous, passer du temps dans son propre cas, dans les propres moyens de subsistance, dans le cadre de vos soins, sans penser \u00e0 l&#039;autre, il vous conduit dans les profondeurs de l&#039;orgueil et de la vanit\u00e9, et nous fait oublier qu&#039;il n&#039;y a plus de personnes vivant dans le m\u00eame monde dans lequel vous vivez. Sortir de l&#039;int\u00e9rieur de vous-m\u00eame, m\u00eame pour quelques instants et observer ce qui se passe autour de vous, les difficult\u00e9s de vos coll\u00e8gues de la journ\u00e9e et en s&#039;appuyant sur vos possibilit\u00e9s, comprendi\u00e9ndolos avec le discernement et la confort\u00e1ndolos le savoir.<\/p>\n\n\n\n<p class=\"has-black-color has-text-color has-link-color has-small-font-size wp-elements-8d416aeba9364c8a2d15042e667b9365\">Vous ne devez pas accumuler de la sagesse \u00e9go\u00efstement. Vous ne devez pas gaspiller les forces qui sont \u00e0 gauche, au-dessus de vous, et n&#039;aurait pas \u00e0 r\u00e9primer le don de l&#039;amour et de la bont\u00e9 conquis. Cette collection de lampes doit \u00eatre utilis\u00e9 pour faire plaisir \u00e0 votre voisin, pour, le plus don\u00e9is, le plus vous aurez \u00e0 votre avantage, pour le suppl\u00e9ment \u00e0 l&#039;universel. Et qui va oublier les compagnons, une atrophie des valeurs du c\u0153ur, en passant \u00e0 l&#039;\u00e9tat d&#039;un patient, par l&#039;absence d&#039;\u00e9changes de la divine tr\u00e9sors. Ajustaos \u00e0 la loi, qu&#039;il va s&#039;adapter \u00e0 vous par le bien que vous faites.<\/p>\n\n\n\n<p class=\"has-black-color has-text-color has-link-color has-small-font-size wp-elements-22ffb57aa63509881c4d51ab16f1aa2e\">Je sais que vous cherchez des soins de sant\u00e9. Parce qu&#039;elle est l\u00e0 o\u00f9 est l&#039;harmonie, l&#039;un est n\u00e9 du devoir accompli, la joie d&#039;\u00eatre utile aux cr\u00e9atures de Dieu.<\/p>\n\n\n\n<p class=\"has-black-color has-text-color has-link-color has-small-font-size wp-elements-bf619d5bad2d7cd64ed9b2dd043183ee\">Nous travaillons main dans la main, et s&#039;efforcer de comprendre notre voisin dans tous les moments et Dieu fera le reste qui est hors de notre port\u00e9e.<\/p>\n\n\n\n<p class=\"has-black-color has-text-color has-link-color has-small-font-size wp-elements-e27f6129083944b68478da306cfd78bb\">Rappelons-nous de notre prochain, que nous prenons soin de nous-m\u00eames, alors qu&#039;il est \u00e0 notre fa\u00e7on, et J\u00e9sus sera en souriant \u00e0 l&#039;int\u00e9rieur de notre c\u0153ur.<\/p>\n<\/div><\/div>","protected":false},"excerpt":{"rendered":"<p>No os olvid\u00e9is del pr\u00f3jimo No se\u00e1is obstinados en el ego\u00edsmo. El ego\u00edsmo hace sufrir, con reflejos en el cuerpo f\u00edsico, que padece con la concentraci\u00f3n de elementos corrosivos. El pr\u00f3jimo, que Jes\u00fas tanto amaba, precisa de vosotros, tanto como precis\u00e1is de \u00e9l. Ese intercambio es la vida de todos nosotros, uni\u00e9ndonos con la vida [&hellip;]<\/p>","protected":false},"author":1,"featured_media":3884,"parent":0,"menu_order":0,"comment_status":"closed","ping_status":"closed","template":"","meta":{"_uag_custom_page_level_css":"","site-sidebar-layout":"default","site-content-layout":"","ast-site-content-layout":"default","site-content-style":"default","site-sidebar-style":"default","ast-global-header-display":"","ast-banner-title-visibility":"","ast-main-header-display":"","ast-hfb-above-header-display":"","ast-hfb-below-header-display":"","ast-hfb-mobile-header-display":"","site-post-title":"disabled","ast-breadcrumbs-content":"","ast-featured-img":"","footer-sml-layout":"","theme-transparent-header-meta":"","adv-header-id-meta":"","stick-header-meta":"","header-above-stick-meta":"","header-main-stick-meta":"","header-below-stick-meta":"","astra-migrate-meta-layouts":"set","ast-page-background-enabled":"default","ast-page-background-meta":{"desktop":{"background-color":"var(--ast-global-color-4)","background-image":"","background-repeat":"repeat","background-position":"center center","background-size":"auto","background-attachment":"scroll","background-type":"","background-media":"","overlay-type":"","overlay-color":"","overlay-opacity":"","overlay-gradient":""},"tablet":{"background-color":"","background-image":"","background-repeat":"repeat","background-position":"center center","background-size":"auto","background-attachment":"scroll","background-type":"","background-media":"","overlay-type":"","overlay-color":"","overlay-opacity":"","overlay-gradient":""},"mobile":{"background-color":"","background-image":"","background-repeat":"repeat","background-position":"center center","background-size":"auto","background-attachment":"scroll","background-type":"","background-media":"","overlay-type":"","overlay-color":"","overlay-opacity":"","overlay-gradient":""}},"ast-content-background-meta":{"desktop":{"background-color":"var(--ast-global-color-5)","background-image":"","background-repeat":"repeat","background-position":"center center","background-size":"auto","background-attachment":"scroll","background-type":"","background-media":"","overlay-type":"","overlay-color":"","overlay-opacity":"","overlay-gradient":""},"tablet":{"background-color":"var(--ast-global-color-5)","background-image":"","background-repeat":"repeat","background-position":"center center","background-size":"auto","background-attachment":"scroll","background-type":"","background-media":"","overlay-type":"","overlay-color":"","overlay-opacity":"","overlay-gradient":""},"mobile":{"background-color":"var(--ast-global-color-5)","background-image":"","background-repeat":"repeat","background-position":"center center","background-size":"auto","background-attachment":"scroll","background-type":"","background-media":"","overlay-type":"","overlay-color":"","overlay-opacity":"","overlay-gradient":""}},"footnotes":""},"class_list":["post-3883","page","type-page","status-publish","has-post-thumbnail","hentry"],"yoast_head":"<!-- This site is optimized with the Yoast SEO Premium plugin v24.2 (Yoast SEO v24.6) - https:\/\/yoast.com\/wordpress\/plugins\/seo\/ -->\n<title>No os olvid\u00e9is del pr\u00f3jimo - Uni\u00f3n Esp\u00edrita<\/title>\n<meta name=\"robots\" content=\"index, follow, max-snippet:-1, max-image-preview:large, max-video-preview:-1\" \/>\n<link rel=\"canonical\" href=\"https:\/\/nuevo-renacer.com\/fr\/no-os-olvideis-del-projimo\/\" \/>\n<meta property=\"og:locale\" content=\"fr_FR\" \/>\n<meta property=\"og:type\" content=\"article\" \/>\n<meta property=\"og:title\" content=\"No os olvid\u00e9is del pr\u00f3jimo\" \/>\n<meta property=\"og:description\" content=\"No os olvid\u00e9is del pr\u00f3jimo No se\u00e1is obstinados en el ego\u00edsmo. El ego\u00edsmo hace sufrir, con reflejos en el cuerpo f\u00edsico, que padece con la concentraci\u00f3n de elementos corrosivos. El pr\u00f3jimo, que Jes\u00fas tanto amaba, precisa de vosotros, tanto como precis\u00e1is de \u00e9l. Ese intercambio es la vida de todos nosotros, uni\u00e9ndonos con la vida [&hellip;]\" \/>\n<meta property=\"og:url\" content=\"https:\/\/nuevo-renacer.com\/fr\/no-os-olvideis-del-projimo\/\" \/>\n<meta property=\"og:site_name\" content=\"Uni\u00f3n Esp\u00edrita\" \/>\n<meta property=\"article:publisher\" content=\"https:\/\/www.facebook.com\/groups\/3431398063740829\" \/>\n<meta property=\"article:modified_time\" content=\"2024-07-16T13:23:22+00:00\" \/>\n<meta property=\"og:image\" content=\"https:\/\/nuevo-renacer.com\/wp-content\/uploads\/2024\/07\/35b7cc775a2a3683095b0e3fb44deb74.jpg\" \/>\n\t<meta property=\"og:image:width\" content=\"404\" \/>\n\t<meta property=\"og:image:height\" content=\"480\" \/>\n\t<meta property=\"og:image:type\" content=\"image\/jpeg\" \/>\n<meta name=\"twitter:card\" content=\"summary_large_image\" \/>\n<meta name=\"twitter:label1\" content=\"Dur\u00e9e de lecture estim\u00e9e\" \/>\n\t<meta name=\"twitter:data1\" content=\"3 minutes\" \/>\n<script type=\"application\/ld+json\" class=\"yoast-schema-graph\">{\"@context\":\"https:\/\/schema.org\",\"@graph\":[{\"@type\":\"WebPage\",\"@id\":\"https:\/\/nuevo-renacer.com\/no-os-olvideis-del-projimo\/\",\"url\":\"https:\/\/nuevo-renacer.com\/no-os-olvideis-del-projimo\/\",\"name\":\"No os olvid\u00e9is del pr\u00f3jimo - Uni\u00f3n Esp\u00edrita\",\"isPartOf\":{\"@id\":\"https:\/\/nuevo-renacer.com\/#website\"},\"primaryImageOfPage\":{\"@id\":\"https:\/\/nuevo-renacer.com\/no-os-olvideis-del-projimo\/#primaryimage\"},\"image\":{\"@id\":\"https:\/\/nuevo-renacer.com\/no-os-olvideis-del-projimo\/#primaryimage\"},\"thumbnailUrl\":\"https:\/\/nuevo-renacer.com\/wp-content\/uploads\/2024\/07\/35b7cc775a2a3683095b0e3fb44deb74.jpg\",\"datePublished\":\"2024-07-16T13:23:19+00:00\",\"dateModified\":\"2024-07-16T13:23:22+00:00\",\"breadcrumb\":{\"@id\":\"https:\/\/nuevo-renacer.com\/no-os-olvideis-del-projimo\/#breadcrumb\"},\"inLanguage\":\"fr-FR\",\"potentialAction\":[{\"@type\":\"ReadAction\",\"target\":[\"https:\/\/nuevo-renacer.com\/no-os-olvideis-del-projimo\/\"]}]},{\"@type\":\"ImageObject\",\"inLanguage\":\"fr-FR\",\"@id\":\"https:\/\/nuevo-renacer.com\/no-os-olvideis-del-projimo\/#primaryimage\",\"url\":\"https:\/\/nuevo-renacer.com\/wp-content\/uploads\/2024\/07\/35b7cc775a2a3683095b0e3fb44deb74.jpg\",\"contentUrl\":\"https:\/\/nuevo-renacer.com\/wp-content\/uploads\/2024\/07\/35b7cc775a2a3683095b0e3fb44deb74.jpg\",\"width\":404,\"height\":480},{\"@type\":\"BreadcrumbList\",\"@id\":\"https:\/\/nuevo-renacer.com\/no-os-olvideis-del-projimo\/#breadcrumb\",\"itemListElement\":[{\"@type\":\"ListItem\",\"position\":1,\"name\":\"Startseite\",\"item\":\"https:\/\/nuevo-renacer.com\/\"},{\"@type\":\"ListItem\",\"position\":2,\"name\":\"No os olvid\u00e9is del pr\u00f3jimo\"}]},{\"@type\":\"WebSite\",\"@id\":\"https:\/\/nuevo-renacer.com\/#website\",\"url\":\"https:\/\/nuevo-renacer.com\/\",\"name\":\"Uni\u00f3n Esp\u00edrita\",\"description\":\"Nuevo Renacer\",\"publisher\":{\"@id\":\"https:\/\/nuevo-renacer.com\/#organization\"},\"potentialAction\":[{\"@type\":\"SearchAction\",\"target\":{\"@type\":\"EntryPoint\",\"urlTemplate\":\"https:\/\/nuevo-renacer.com\/?s={search_term_string}\"},\"query-input\":{\"@type\":\"PropertyValueSpecification\",\"valueRequired\":true,\"valueName\":\"search_term_string\"}}],\"inLanguage\":\"fr-FR\"},{\"@type\":\"Organization\",\"@id\":\"https:\/\/nuevo-renacer.com\/#organization\",\"name\":\"UFEC\",\"url\":\"https:\/\/nuevo-renacer.com\/\",\"logo\":{\"@type\":\"ImageObject\",\"inLanguage\":\"fr-FR\",\"@id\":\"https:\/\/nuevo-renacer.com\/#\/schema\/logo\/image\/\",\"url\":\"https:\/\/nuevo-renacer.com\/wp-content\/uploads\/2024\/05\/cropped-LOGO-TERMINADO1-3-3.png\",\"contentUrl\":\"https:\/\/nuevo-renacer.com\/wp-content\/uploads\/2024\/05\/cropped-LOGO-TERMINADO1-3-3.png\",\"width\":512,\"height\":512,\"caption\":\"UFEC\"},\"image\":{\"@id\":\"https:\/\/nuevo-renacer.com\/#\/schema\/logo\/image\/\"},\"sameAs\":[\"https:\/\/www.facebook.com\/groups\/3431398063740829\"]}]}<\/script>\n<!-- \/ Yoast SEO Premium plugin. -->","yoast_head_json":{"title":"No os olvid\u00e9is del pr\u00f3jimo - Uni\u00f3n Esp\u00edrita","robots":{"index":"index","follow":"follow","max-snippet":"max-snippet:-1","max-image-preview":"max-image-preview:large","max-video-preview":"max-video-preview:-1"},"canonical":"https:\/\/nuevo-renacer.com\/fr\/no-os-olvideis-del-projimo\/","og_locale":"fr_FR","og_type":"article","og_title":"No os olvid\u00e9is del pr\u00f3jimo","og_description":"No os olvid\u00e9is del pr\u00f3jimo No se\u00e1is obstinados en el ego\u00edsmo. El ego\u00edsmo hace sufrir, con reflejos en el cuerpo f\u00edsico, que padece con la concentraci\u00f3n de elementos corrosivos. El pr\u00f3jimo, que Jes\u00fas tanto amaba, precisa de vosotros, tanto como precis\u00e1is de \u00e9l. Ese intercambio es la vida de todos nosotros, uni\u00e9ndonos con la vida [&hellip;]","og_url":"https:\/\/nuevo-renacer.com\/fr\/no-os-olvideis-del-projimo\/","og_site_name":"Uni\u00f3n Esp\u00edrita","article_publisher":"https:\/\/www.facebook.com\/groups\/3431398063740829","article_modified_time":"2024-07-16T13:23:22+00:00","og_image":[{"width":404,"height":480,"url":"https:\/\/nuevo-renacer.com\/wp-content\/uploads\/2024\/07\/35b7cc775a2a3683095b0e3fb44deb74.jpg","type":"image\/jpeg"}],"twitter_card":"summary_large_image","twitter_misc":{"Dur\u00e9e de lecture estim\u00e9e":"3 minutes"},"schema":{"@context":"https:\/\/schema.org","@graph":[{"@type":"WebPage","@id":"https:\/\/nuevo-renacer.com\/no-os-olvideis-del-projimo\/","url":"https:\/\/nuevo-renacer.com\/no-os-olvideis-del-projimo\/","name":"No os olvid\u00e9is del pr\u00f3jimo - Uni\u00f3n Esp\u00edrita","isPartOf":{"@id":"https:\/\/nuevo-renacer.com\/#website"},"primaryImageOfPage":{"@id":"https:\/\/nuevo-renacer.com\/no-os-olvideis-del-projimo\/#primaryimage"},"image":{"@id":"https:\/\/nuevo-renacer.com\/no-os-olvideis-del-projimo\/#primaryimage"},"thumbnailUrl":"https:\/\/nuevo-renacer.com\/wp-content\/uploads\/2024\/07\/35b7cc775a2a3683095b0e3fb44deb74.jpg","datePublished":"2024-07-16T13:23:19+00:00","dateModified":"2024-07-16T13:23:22+00:00","breadcrumb":{"@id":"https:\/\/nuevo-renacer.com\/no-os-olvideis-del-projimo\/#breadcrumb"},"inLanguage":"fr-FR","potentialAction":[{"@type":"ReadAction","target":["https:\/\/nuevo-renacer.com\/no-os-olvideis-del-projimo\/"]}]},{"@type":"ImageObject","inLanguage":"fr-FR","@id":"https:\/\/nuevo-renacer.com\/no-os-olvideis-del-projimo\/#primaryimage","url":"https:\/\/nuevo-renacer.com\/wp-content\/uploads\/2024\/07\/35b7cc775a2a3683095b0e3fb44deb74.jpg","contentUrl":"https:\/\/nuevo-renacer.com\/wp-content\/uploads\/2024\/07\/35b7cc775a2a3683095b0e3fb44deb74.jpg","width":404,"height":480},{"@type":"BreadcrumbList","@id":"https:\/\/nuevo-renacer.com\/no-os-olvideis-del-projimo\/#breadcrumb","itemListElement":[{"@type":"ListItem","position":1,"name":"Startseite","item":"https:\/\/nuevo-renacer.com\/"},{"@type":"ListItem","position":2,"name":"No os olvid\u00e9is del pr\u00f3jimo"}]},{"@type":"WebSite","@id":"https:\/\/nuevo-renacer.com\/#website","url":"https:\/\/nuevo-renacer.com\/","name":"Uni\u00f3n Esp\u00edrita","description":"Nuevo Renacer","publisher":{"@id":"https:\/\/nuevo-renacer.com\/#organization"},"potentialAction":[{"@type":"SearchAction","target":{"@type":"EntryPoint","urlTemplate":"https:\/\/nuevo-renacer.com\/?s={search_term_string}"},"query-input":{"@type":"PropertyValueSpecification","valueRequired":true,"valueName":"search_term_string"}}],"inLanguage":"fr-FR"},{"@type":"Organization","@id":"https:\/\/nuevo-renacer.com\/#organization","name":"UFEC","url":"https:\/\/nuevo-renacer.com\/","logo":{"@type":"ImageObject","inLanguage":"fr-FR","@id":"https:\/\/nuevo-renacer.com\/#\/schema\/logo\/image\/","url":"https:\/\/nuevo-renacer.com\/wp-content\/uploads\/2024\/05\/cropped-LOGO-TERMINADO1-3-3.png","contentUrl":"https:\/\/nuevo-renacer.com\/wp-content\/uploads\/2024\/05\/cropped-LOGO-TERMINADO1-3-3.png","width":512,"height":512,"caption":"UFEC"},"image":{"@id":"https:\/\/nuevo-renacer.com\/#\/schema\/logo\/image\/"},"sameAs":["https:\/\/www.facebook.com\/groups\/3431398063740829"]}]}},"uagb_featured_image_src":{"full":["https:\/\/nuevo-renacer.com\/wp-content\/uploads\/2024\/07\/35b7cc775a2a3683095b0e3fb44deb74.jpg",404,480,false],"thumbnail":["https:\/\/nuevo-renacer.com\/wp-content\/uploads\/2024\/07\/35b7cc775a2a3683095b0e3fb44deb74-150x150.jpg",150,150,true],"medium":["https:\/\/nuevo-renacer.com\/wp-content\/uploads\/2024\/07\/35b7cc775a2a3683095b0e3fb44deb74-253x300.jpg",253,300,true],"medium_large":["https:\/\/nuevo-renacer.com\/wp-content\/uploads\/2024\/07\/35b7cc775a2a3683095b0e3fb44deb74.jpg",404,480,false],"large":["https:\/\/nuevo-renacer.com\/wp-content\/uploads\/2024\/07\/35b7cc775a2a3683095b0e3fb44deb74.jpg",404,480,false],"1536x1536":["https:\/\/nuevo-renacer.com\/wp-content\/uploads\/2024\/07\/35b7cc775a2a3683095b0e3fb44deb74.jpg",404,480,false],"2048x2048":["https:\/\/nuevo-renacer.com\/wp-content\/uploads\/2024\/07\/35b7cc775a2a3683095b0e3fb44deb74.jpg",404,480,false],"trp-custom-language-flag":["https:\/\/nuevo-renacer.com\/wp-content\/uploads\/2024\/07\/35b7cc775a2a3683095b0e3fb44deb74-10x12.jpg",10,12,true]},"uagb_author_info":{"display_name":"adbv0","author_link":"https:\/\/nuevo-renacer.com\/fr\/author\/adbv0\/"},"uagb_comment_info":0,"uagb_excerpt":"No os olvid\u00e9is del pr\u00f3jimo No se\u00e1is obstinados en el ego\u00edsmo. El ego\u00edsmo hace sufrir, con reflejos en el cuerpo f\u00edsico, que padece con la concentraci\u00f3n de elementos corrosivos. El pr\u00f3jimo, que Jes\u00fas tanto amaba, precisa de vosotros, tanto como precis\u00e1is de \u00e9l. Ese intercambio es la vida de todos nosotros, uni\u00e9ndonos con la vida\u2026","jetpack_sharing_enabled":true,"_links":{"self":[{"href":"https:\/\/nuevo-renacer.com\/fr\/wp-json\/wp\/v2\/pages\/3883","targetHints":{"allow":["GET"]}}],"collection":[{"href":"https:\/\/nuevo-renacer.com\/fr\/wp-json\/wp\/v2\/pages"}],"about":[{"href":"https:\/\/nuevo-renacer.com\/fr\/wp-json\/wp\/v2\/types\/page"}],"author":[{"embeddable":true,"href":"https:\/\/nuevo-renacer.com\/fr\/wp-json\/wp\/v2\/users\/1"}],"replies":[{"embeddable":true,"href":"https:\/\/nuevo-renacer.com\/fr\/wp-json\/wp\/v2\/comments?post=3883"}],"version-history":[{"count":1,"href":"https:\/\/nuevo-renacer.com\/fr\/wp-json\/wp\/v2\/pages\/3883\/revisions"}],"predecessor-version":[{"id":3885,"href":"https:\/\/nuevo-renacer.com\/fr\/wp-json\/wp\/v2\/pages\/3883\/revisions\/3885"}],"wp:featuredmedia":[{"embeddable":true,"href":"https:\/\/nuevo-renacer.com\/fr\/wp-json\/wp\/v2\/media\/3884"}],"wp:attachment":[{"href":"https:\/\/nuevo-renacer.com\/fr\/wp-json\/wp\/v2\/media?parent=3883"}],"curies":[{"name":"wp","href":"https:\/\/api.w.org\/{rel}","templated":true}]}}