{"id":3872,"date":"2024-07-16T12:40:52","date_gmt":"2024-07-16T12:40:52","guid":{"rendered":"https:\/\/ufec-mundial.com\/?page_id=3872"},"modified":"2024-07-16T12:40:55","modified_gmt":"2024-07-16T12:40:55","slug":"buscar-la-perfeccion","status":"publish","type":"page","link":"https:\/\/nuevo-renacer.com\/fr\/buscar-la-perfeccion\/","title":{"rendered":"Chercher la perfection"},"content":{"rendered":"<div class=\"wp-block-uagb-container uagb-block-99ddfb64 alignfull uagb-is-root-container\"><div class=\"uagb-container-inner-blocks-wrap\">\n<p class=\"has-black-color has-text-color has-link-color has-medium-font-size wp-elements-efd4008642adf64e61fd9c352b8c787e\"><strong>Chercher la perfection<\/strong><\/p>\n<\/div><\/div>\n\n\n\n<div class=\"wp-block-uagb-container uagb-block-d889a4ed alignfull uagb-is-root-container\"><div class=\"uagb-container-inner-blocks-wrap\">\n<figure class=\"wp-block-image size-full is-resized\"><img fetchpriority=\"high\" decoding=\"async\" width=\"595\" height=\"360\" src=\"https:\/\/ufec-mundial.com\/wp-content\/uploads\/2024\/07\/360_F_588784873_LtvDnU9RqBQnBOW2mgKcph0HBGzzxON0.jpg\" alt=\"\" class=\"wp-image-3873\" style=\"width:407px;height:auto\" srcset=\"https:\/\/nuevo-renacer.com\/wp-content\/uploads\/2024\/07\/360_F_588784873_LtvDnU9RqBQnBOW2mgKcph0HBGzzxON0.jpg 595w, https:\/\/nuevo-renacer.com\/wp-content\/uploads\/2024\/07\/360_F_588784873_LtvDnU9RqBQnBOW2mgKcph0HBGzzxON0-300x182.jpg 300w, https:\/\/nuevo-renacer.com\/wp-content\/uploads\/2024\/07\/360_F_588784873_LtvDnU9RqBQnBOW2mgKcph0HBGzzxON0-18x12.jpg 18w\" sizes=\"(max-width: 595px) 100vw, 595px\" \/><\/figure>\n<\/div><\/div>\n\n\n\n<div class=\"wp-block-uagb-container uagb-block-d1f28f7b alignfull uagb-is-root-container\"><div class=\"uagb-container-inner-blocks-wrap\">\n<p class=\"has-black-color has-text-color has-link-color has-small-font-size wp-elements-045876123eaaaa55f7278458f92b9c08\">La Perfection est la beaut\u00e9 qui appara\u00eet dans ce que nous faisons avec l&#039;int\u00e9r\u00eat de faire ce qui est meilleur.<\/p>\n\n\n\n<p class=\"has-black-color has-text-color has-link-color has-small-font-size wp-elements-191acc8defc6bb80b59d4b098da0c07a\">Nous cherchons la perfection dans tout ce que nous faisons, tout ce que vous avez \u00e0 parler ou \u00e0 \u00e9crire. Elle commence dans un simple acte de notre vie et l&#039;\u00e9clat de la gloire de l&#039;\u00e2me, qui a r\u00e9ussi \u00e0 atteindre la pl\u00e9nitude de l&#039;amour. Par la mauvaise volont\u00e9 de nos d\u00e9fauts, et c&#039;est bon choix pour penser, c&#039;est la perfection de tous les jours, \u00e0 partir du premier compliments \u00e0 l&#039;int\u00e9rieur de la maison, de sorte que les plus grands d\u00e9cisions que vous avez \u00e0 faire dans nos obligations quotidiennes.<\/p>\n\n\n\n<p class=\"has-black-color has-text-color has-link-color has-small-font-size wp-elements-919bfcd46b6ce34971bc8d63a834f145\">Les esprits sup\u00e9rieurs prendre au s\u00e9rieux, \u00e0 la recherche de moyens sans fin pour toujours faire ce qui est meilleur, parce qu&#039;ils se sentir et de voir ce qu&#039;il refl\u00e8te dans la cr\u00e9ation de Dieu, le tout dans un ordre parfait. L&#039;harmonie divine chante, \u00e0 partir de la connaissance de l&#039;atome, pour le concert des mondes qui circulent dans l&#039;univers. Bien que nos pens\u00e9es dans notre monde mental, en d\u00e9sordre, comme il arrive souvent, il est de notre devoir de chercher \u00e0 changer les id\u00e9es.<\/p>\n\n\n\n<p class=\"has-black-color has-text-color has-link-color has-small-font-size wp-elements-12fda21c68d0fd5579f9cb06bc53ece0\">Pensez \u00e0 la perfection qui est la premi\u00e8re \u00e9tape et de travailler sur la maturit\u00e9 de la pens\u00e9e est le d\u00e9but de ce qui est Beau est peut-\u00eatre notre monde interne et externe. Les plus grands g\u00e9nies de l&#039;humanit\u00e9 a laiss\u00e9 ses traces de la lumi\u00e8re dans l&#039;histoire de l&#039;amour de la perfection. Ils se sont efforc\u00e9s constamment \u00e0 tout faire dans l&#039;ordre de l&#039;univers et c&#039;est ce qui a conduit \u00e0 l&#039;admiration et le respect de tous.<\/p>\n\n\n\n<p class=\"has-black-color has-text-color has-link-color has-small-font-size wp-elements-f4a7cfeb528cdc16ae399f016d2f90ba\">Tout ce que nous avons autour de nous une atmosph\u00e8re spirituelle, dont la lumi\u00e8re ou les t\u00e9n\u00e8bres, il d\u00e9pend de nous, ce que nous avons \u00e0 faire, pour la vie. Et, si nous commen\u00e7ons \u00e0 penser \u00e0 faire de tout cela avec soin, nous avons cr\u00e9er cette force positive qui nous entoure et nous aide dans la s\u00e9curit\u00e9 de ce que nous voulons \u00eatre. Commen\u00e7ons par la simple toilette du matin, le rendant bien fait, sans exag\u00e9ration, je tape avec un doigt de fanatisme, d&#039;o\u00f9 la perfection se fera automatiquement pour tout ce que vous faites.<\/p>\n\n\n\n<p class=\"has-black-color has-text-color has-link-color has-small-font-size wp-elements-15547e84290811e258638131033f1ee7\">Vous ne pouvez pas n\u00e9gliger votre alimentation, l&#039;habillement et le logement, sans les d\u00e9chets et les d\u00e9chets de vous accompagner \u00e0 perturber votre travail. M\u00eame vos gestes sera parfait. Toute cette partie de la Belle pla\u00eet et pla\u00eet o\u00f9 nous marchons; et la plus haute perfection, il est bon de le rappeler, c&#039;est dans la parfaite simplicit\u00e9. J&#039;ai ici parce que le Christ a gagn\u00e9 le c\u0153ur et est devenu inoubliable dans l&#039;histoire de tous les peuples et de notre admiration pour Lui grandit, plus vous en savez. Il est le moule de la vraie perfection et de la gauche nous vigoureuse relance, quand il a dit: \u201cparfait, parfait, c&#039;est votre P\u00e8re C\u00e9leste.\u201d<\/p>\n\n\n\n<p class=\"has-black-color has-text-color has-link-color has-small-font-size wp-elements-7923a7d354e00b052ea68ea35da2da45\">De commencer \u00e0 analyser les choses de tous les jours, qui permettront d&#039;ouvrir de vos sentiments \u00e0 une vision plus large, et par elle, vous vous sentirez la perfection de Dieu dans tout ce que vos mains touchent les uns les autres. Nous voulons vous dire que la sant\u00e9 est synonyme de perfection. Si vous voulez \u00e9quilibrer l&#039;organique et le psychique, iniciad la recherche de l&#039;attribut, faisant tout bien fait et conquistareis la paume de notre vrai bonheur.<\/p>\n\n\n\n<p class=\"has-black-color has-text-color has-link-color has-small-font-size wp-elements-0404854e5b02a66c719a0b43d556472d\">De travail pour les choses de la Terre, sans oublier d&#039;apporter le ciel. Nous allons le faire \u00e0 nouveau pour \u00eatre parfaitement clair: faites attention \u00e0 l&#039;exc\u00e8s de soins; l&#039;ent\u00eatement est un champ ouvert pour le d\u00e9s\u00e9quilibre et s&#039;enfuit hors de nos mains, en ce moment, la beaut\u00e9 de ce que nous voulons.<\/p>\n\n\n\n<p class=\"has-black-color has-text-color has-link-color has-small-font-size wp-elements-253b889ffcf3332c67047b4fe440073f\">Si vous \u00eates \u00e0 la recherche pour la sant\u00e9, doivent \u00eatre fait que vous pouvez avoir en premi\u00e8re instance, dans le bon sens.<\/p>\n<\/div><\/div>","protected":false},"excerpt":{"rendered":"<p>Buscar la perfecci\u00f3n La perfecci\u00f3n es la belleza que aparece en aquello que hacemos con el inter\u00e9s de hacer lo mejor. Debemos buscar la perfecci\u00f3n en todo lo que hacemos, en todo lo que hablamos o escribimos. Ella comienza en un simple acto de nuestra vida y resplandece en la gloria del alma que consigui\u00f3 [&hellip;]<\/p>","protected":false},"author":1,"featured_media":3873,"parent":0,"menu_order":0,"comment_status":"closed","ping_status":"closed","template":"","meta":{"_uag_custom_page_level_css":"","site-sidebar-layout":"default","site-content-layout":"","ast-site-content-layout":"default","site-content-style":"default","site-sidebar-style":"default","ast-global-header-display":"","ast-banner-title-visibility":"","ast-main-header-display":"","ast-hfb-above-header-display":"","ast-hfb-below-header-display":"","ast-hfb-mobile-header-display":"","site-post-title":"disabled","ast-breadcrumbs-content":"","ast-featured-img":"","footer-sml-layout":"","theme-transparent-header-meta":"","adv-header-id-meta":"","stick-header-meta":"","header-above-stick-meta":"","header-main-stick-meta":"","header-below-stick-meta":"","astra-migrate-meta-layouts":"set","ast-page-background-enabled":"default","ast-page-background-meta":{"desktop":{"background-color":"var(--ast-global-color-4)","background-image":"","background-repeat":"repeat","background-position":"center center","background-size":"auto","background-attachment":"scroll","background-type":"","background-media":"","overlay-type":"","overlay-color":"","overlay-opacity":"","overlay-gradient":""},"tablet":{"background-color":"","background-image":"","background-repeat":"repeat","background-position":"center center","background-size":"auto","background-attachment":"scroll","background-type":"","background-media":"","overlay-type":"","overlay-color":"","overlay-opacity":"","overlay-gradient":""},"mobile":{"background-color":"","background-image":"","background-repeat":"repeat","background-position":"center center","background-size":"auto","background-attachment":"scroll","background-type":"","background-media":"","overlay-type":"","overlay-color":"","overlay-opacity":"","overlay-gradient":""}},"ast-content-background-meta":{"desktop":{"background-color":"var(--ast-global-color-5)","background-image":"","background-repeat":"repeat","background-position":"center center","background-size":"auto","background-attachment":"scroll","background-type":"","background-media":"","overlay-type":"","overlay-color":"","overlay-opacity":"","overlay-gradient":""},"tablet":{"background-color":"var(--ast-global-color-5)","background-image":"","background-repeat":"repeat","background-position":"center center","background-size":"auto","background-attachment":"scroll","background-type":"","background-media":"","overlay-type":"","overlay-color":"","overlay-opacity":"","overlay-gradient":""},"mobile":{"background-color":"var(--ast-global-color-5)","background-image":"","background-repeat":"repeat","background-position":"center center","background-size":"auto","background-attachment":"scroll","background-type":"","background-media":"","overlay-type":"","overlay-color":"","overlay-opacity":"","overlay-gradient":""}},"footnotes":""},"class_list":["post-3872","page","type-page","status-publish","has-post-thumbnail","hentry"],"yoast_head":"<!-- This site is optimized with the Yoast SEO Premium plugin v24.2 (Yoast SEO v24.6) - https:\/\/yoast.com\/wordpress\/plugins\/seo\/ -->\n<title>Buscar la perfecci\u00f3n - Uni\u00f3n Esp\u00edrita<\/title>\n<meta name=\"robots\" content=\"index, follow, max-snippet:-1, max-image-preview:large, max-video-preview:-1\" \/>\n<link rel=\"canonical\" href=\"https:\/\/nuevo-renacer.com\/fr\/buscar-la-perfeccion\/\" \/>\n<meta property=\"og:locale\" content=\"fr_FR\" \/>\n<meta property=\"og:type\" content=\"article\" \/>\n<meta property=\"og:title\" content=\"Buscar la perfecci\u00f3n\" \/>\n<meta property=\"og:description\" content=\"Buscar la perfecci\u00f3n La perfecci\u00f3n es la belleza que aparece en aquello que hacemos con el inter\u00e9s de hacer lo mejor. Debemos buscar la perfecci\u00f3n en todo lo que hacemos, en todo lo que hablamos o escribimos. Ella comienza en un simple acto de nuestra vida y resplandece en la gloria del alma que consigui\u00f3 [&hellip;]\" \/>\n<meta property=\"og:url\" content=\"https:\/\/nuevo-renacer.com\/fr\/buscar-la-perfeccion\/\" \/>\n<meta property=\"og:site_name\" content=\"Uni\u00f3n Esp\u00edrita\" \/>\n<meta property=\"article:publisher\" content=\"https:\/\/www.facebook.com\/groups\/3431398063740829\" \/>\n<meta property=\"article:modified_time\" content=\"2024-07-16T12:40:55+00:00\" \/>\n<meta property=\"og:image\" content=\"https:\/\/nuevo-renacer.com\/wp-content\/uploads\/2024\/07\/360_F_588784873_LtvDnU9RqBQnBOW2mgKcph0HBGzzxON0.jpg\" \/>\n\t<meta property=\"og:image:width\" content=\"595\" \/>\n\t<meta property=\"og:image:height\" content=\"360\" \/>\n\t<meta property=\"og:image:type\" content=\"image\/jpeg\" \/>\n<meta name=\"twitter:card\" content=\"summary_large_image\" \/>\n<meta name=\"twitter:label1\" content=\"Dur\u00e9e de lecture estim\u00e9e\" \/>\n\t<meta name=\"twitter:data1\" content=\"3 minutes\" \/>\n<script type=\"application\/ld+json\" class=\"yoast-schema-graph\">{\"@context\":\"https:\/\/schema.org\",\"@graph\":[{\"@type\":\"WebPage\",\"@id\":\"https:\/\/nuevo-renacer.com\/buscar-la-perfeccion\/\",\"url\":\"https:\/\/nuevo-renacer.com\/buscar-la-perfeccion\/\",\"name\":\"Buscar la perfecci\u00f3n - Uni\u00f3n Esp\u00edrita\",\"isPartOf\":{\"@id\":\"https:\/\/nuevo-renacer.com\/#website\"},\"primaryImageOfPage\":{\"@id\":\"https:\/\/nuevo-renacer.com\/buscar-la-perfeccion\/#primaryimage\"},\"image\":{\"@id\":\"https:\/\/nuevo-renacer.com\/buscar-la-perfeccion\/#primaryimage\"},\"thumbnailUrl\":\"https:\/\/nuevo-renacer.com\/wp-content\/uploads\/2024\/07\/360_F_588784873_LtvDnU9RqBQnBOW2mgKcph0HBGzzxON0.jpg\",\"datePublished\":\"2024-07-16T12:40:52+00:00\",\"dateModified\":\"2024-07-16T12:40:55+00:00\",\"breadcrumb\":{\"@id\":\"https:\/\/nuevo-renacer.com\/buscar-la-perfeccion\/#breadcrumb\"},\"inLanguage\":\"fr-FR\",\"potentialAction\":[{\"@type\":\"ReadAction\",\"target\":[\"https:\/\/nuevo-renacer.com\/buscar-la-perfeccion\/\"]}]},{\"@type\":\"ImageObject\",\"inLanguage\":\"fr-FR\",\"@id\":\"https:\/\/nuevo-renacer.com\/buscar-la-perfeccion\/#primaryimage\",\"url\":\"https:\/\/nuevo-renacer.com\/wp-content\/uploads\/2024\/07\/360_F_588784873_LtvDnU9RqBQnBOW2mgKcph0HBGzzxON0.jpg\",\"contentUrl\":\"https:\/\/nuevo-renacer.com\/wp-content\/uploads\/2024\/07\/360_F_588784873_LtvDnU9RqBQnBOW2mgKcph0HBGzzxON0.jpg\",\"width\":595,\"height\":360},{\"@type\":\"BreadcrumbList\",\"@id\":\"https:\/\/nuevo-renacer.com\/buscar-la-perfeccion\/#breadcrumb\",\"itemListElement\":[{\"@type\":\"ListItem\",\"position\":1,\"name\":\"Startseite\",\"item\":\"https:\/\/nuevo-renacer.com\/\"},{\"@type\":\"ListItem\",\"position\":2,\"name\":\"Buscar la perfecci\u00f3n\"}]},{\"@type\":\"WebSite\",\"@id\":\"https:\/\/nuevo-renacer.com\/#website\",\"url\":\"https:\/\/nuevo-renacer.com\/\",\"name\":\"Uni\u00f3n Esp\u00edrita\",\"description\":\"Nuevo Renacer\",\"publisher\":{\"@id\":\"https:\/\/nuevo-renacer.com\/#organization\"},\"potentialAction\":[{\"@type\":\"SearchAction\",\"target\":{\"@type\":\"EntryPoint\",\"urlTemplate\":\"https:\/\/nuevo-renacer.com\/?s={search_term_string}\"},\"query-input\":{\"@type\":\"PropertyValueSpecification\",\"valueRequired\":true,\"valueName\":\"search_term_string\"}}],\"inLanguage\":\"fr-FR\"},{\"@type\":\"Organization\",\"@id\":\"https:\/\/nuevo-renacer.com\/#organization\",\"name\":\"UFEC\",\"url\":\"https:\/\/nuevo-renacer.com\/\",\"logo\":{\"@type\":\"ImageObject\",\"inLanguage\":\"fr-FR\",\"@id\":\"https:\/\/nuevo-renacer.com\/#\/schema\/logo\/image\/\",\"url\":\"https:\/\/nuevo-renacer.com\/wp-content\/uploads\/2024\/05\/cropped-LOGO-TERMINADO1-3-3.png\",\"contentUrl\":\"https:\/\/nuevo-renacer.com\/wp-content\/uploads\/2024\/05\/cropped-LOGO-TERMINADO1-3-3.png\",\"width\":512,\"height\":512,\"caption\":\"UFEC\"},\"image\":{\"@id\":\"https:\/\/nuevo-renacer.com\/#\/schema\/logo\/image\/\"},\"sameAs\":[\"https:\/\/www.facebook.com\/groups\/3431398063740829\"]}]}<\/script>\n<!-- \/ Yoast SEO Premium plugin. -->","yoast_head_json":{"title":"Buscar la perfecci\u00f3n - Uni\u00f3n Esp\u00edrita","robots":{"index":"index","follow":"follow","max-snippet":"max-snippet:-1","max-image-preview":"max-image-preview:large","max-video-preview":"max-video-preview:-1"},"canonical":"https:\/\/nuevo-renacer.com\/fr\/buscar-la-perfeccion\/","og_locale":"fr_FR","og_type":"article","og_title":"Buscar la perfecci\u00f3n","og_description":"Buscar la perfecci\u00f3n La perfecci\u00f3n es la belleza que aparece en aquello que hacemos con el inter\u00e9s de hacer lo mejor. Debemos buscar la perfecci\u00f3n en todo lo que hacemos, en todo lo que hablamos o escribimos. Ella comienza en un simple acto de nuestra vida y resplandece en la gloria del alma que consigui\u00f3 [&hellip;]","og_url":"https:\/\/nuevo-renacer.com\/fr\/buscar-la-perfeccion\/","og_site_name":"Uni\u00f3n Esp\u00edrita","article_publisher":"https:\/\/www.facebook.com\/groups\/3431398063740829","article_modified_time":"2024-07-16T12:40:55+00:00","og_image":[{"width":595,"height":360,"url":"https:\/\/nuevo-renacer.com\/wp-content\/uploads\/2024\/07\/360_F_588784873_LtvDnU9RqBQnBOW2mgKcph0HBGzzxON0.jpg","type":"image\/jpeg"}],"twitter_card":"summary_large_image","twitter_misc":{"Dur\u00e9e de lecture estim\u00e9e":"3 minutes"},"schema":{"@context":"https:\/\/schema.org","@graph":[{"@type":"WebPage","@id":"https:\/\/nuevo-renacer.com\/buscar-la-perfeccion\/","url":"https:\/\/nuevo-renacer.com\/buscar-la-perfeccion\/","name":"Buscar la perfecci\u00f3n - Uni\u00f3n Esp\u00edrita","isPartOf":{"@id":"https:\/\/nuevo-renacer.com\/#website"},"primaryImageOfPage":{"@id":"https:\/\/nuevo-renacer.com\/buscar-la-perfeccion\/#primaryimage"},"image":{"@id":"https:\/\/nuevo-renacer.com\/buscar-la-perfeccion\/#primaryimage"},"thumbnailUrl":"https:\/\/nuevo-renacer.com\/wp-content\/uploads\/2024\/07\/360_F_588784873_LtvDnU9RqBQnBOW2mgKcph0HBGzzxON0.jpg","datePublished":"2024-07-16T12:40:52+00:00","dateModified":"2024-07-16T12:40:55+00:00","breadcrumb":{"@id":"https:\/\/nuevo-renacer.com\/buscar-la-perfeccion\/#breadcrumb"},"inLanguage":"fr-FR","potentialAction":[{"@type":"ReadAction","target":["https:\/\/nuevo-renacer.com\/buscar-la-perfeccion\/"]}]},{"@type":"ImageObject","inLanguage":"fr-FR","@id":"https:\/\/nuevo-renacer.com\/buscar-la-perfeccion\/#primaryimage","url":"https:\/\/nuevo-renacer.com\/wp-content\/uploads\/2024\/07\/360_F_588784873_LtvDnU9RqBQnBOW2mgKcph0HBGzzxON0.jpg","contentUrl":"https:\/\/nuevo-renacer.com\/wp-content\/uploads\/2024\/07\/360_F_588784873_LtvDnU9RqBQnBOW2mgKcph0HBGzzxON0.jpg","width":595,"height":360},{"@type":"BreadcrumbList","@id":"https:\/\/nuevo-renacer.com\/buscar-la-perfeccion\/#breadcrumb","itemListElement":[{"@type":"ListItem","position":1,"name":"Startseite","item":"https:\/\/nuevo-renacer.com\/"},{"@type":"ListItem","position":2,"name":"Buscar la perfecci\u00f3n"}]},{"@type":"WebSite","@id":"https:\/\/nuevo-renacer.com\/#website","url":"https:\/\/nuevo-renacer.com\/","name":"Uni\u00f3n Esp\u00edrita","description":"Nuevo Renacer","publisher":{"@id":"https:\/\/nuevo-renacer.com\/#organization"},"potentialAction":[{"@type":"SearchAction","target":{"@type":"EntryPoint","urlTemplate":"https:\/\/nuevo-renacer.com\/?s={search_term_string}"},"query-input":{"@type":"PropertyValueSpecification","valueRequired":true,"valueName":"search_term_string"}}],"inLanguage":"fr-FR"},{"@type":"Organization","@id":"https:\/\/nuevo-renacer.com\/#organization","name":"UFEC","url":"https:\/\/nuevo-renacer.com\/","logo":{"@type":"ImageObject","inLanguage":"fr-FR","@id":"https:\/\/nuevo-renacer.com\/#\/schema\/logo\/image\/","url":"https:\/\/nuevo-renacer.com\/wp-content\/uploads\/2024\/05\/cropped-LOGO-TERMINADO1-3-3.png","contentUrl":"https:\/\/nuevo-renacer.com\/wp-content\/uploads\/2024\/05\/cropped-LOGO-TERMINADO1-3-3.png","width":512,"height":512,"caption":"UFEC"},"image":{"@id":"https:\/\/nuevo-renacer.com\/#\/schema\/logo\/image\/"},"sameAs":["https:\/\/www.facebook.com\/groups\/3431398063740829"]}]}},"uagb_featured_image_src":{"full":["https:\/\/nuevo-renacer.com\/wp-content\/uploads\/2024\/07\/360_F_588784873_LtvDnU9RqBQnBOW2mgKcph0HBGzzxON0.jpg",595,360,false],"thumbnail":["https:\/\/nuevo-renacer.com\/wp-content\/uploads\/2024\/07\/360_F_588784873_LtvDnU9RqBQnBOW2mgKcph0HBGzzxON0-150x150.jpg",150,150,true],"medium":["https:\/\/nuevo-renacer.com\/wp-content\/uploads\/2024\/07\/360_F_588784873_LtvDnU9RqBQnBOW2mgKcph0HBGzzxON0-300x182.jpg",300,182,true],"medium_large":["https:\/\/nuevo-renacer.com\/wp-content\/uploads\/2024\/07\/360_F_588784873_LtvDnU9RqBQnBOW2mgKcph0HBGzzxON0.jpg",595,360,false],"large":["https:\/\/nuevo-renacer.com\/wp-content\/uploads\/2024\/07\/360_F_588784873_LtvDnU9RqBQnBOW2mgKcph0HBGzzxON0.jpg",595,360,false],"1536x1536":["https:\/\/nuevo-renacer.com\/wp-content\/uploads\/2024\/07\/360_F_588784873_LtvDnU9RqBQnBOW2mgKcph0HBGzzxON0.jpg",595,360,false],"2048x2048":["https:\/\/nuevo-renacer.com\/wp-content\/uploads\/2024\/07\/360_F_588784873_LtvDnU9RqBQnBOW2mgKcph0HBGzzxON0.jpg",595,360,false],"trp-custom-language-flag":["https:\/\/nuevo-renacer.com\/wp-content\/uploads\/2024\/07\/360_F_588784873_LtvDnU9RqBQnBOW2mgKcph0HBGzzxON0-18x12.jpg",18,12,true]},"uagb_author_info":{"display_name":"adbv0","author_link":"https:\/\/nuevo-renacer.com\/fr\/author\/adbv0\/"},"uagb_comment_info":0,"uagb_excerpt":"Buscar la perfecci\u00f3n La perfecci\u00f3n es la belleza que aparece en aquello que hacemos con el inter\u00e9s de hacer lo mejor. Debemos buscar la perfecci\u00f3n en todo lo que hacemos, en todo lo que hablamos o escribimos. Ella comienza en un simple acto de nuestra vida y resplandece en la gloria del alma que consigui\u00f3\u2026","jetpack_sharing_enabled":true,"_links":{"self":[{"href":"https:\/\/nuevo-renacer.com\/fr\/wp-json\/wp\/v2\/pages\/3872","targetHints":{"allow":["GET"]}}],"collection":[{"href":"https:\/\/nuevo-renacer.com\/fr\/wp-json\/wp\/v2\/pages"}],"about":[{"href":"https:\/\/nuevo-renacer.com\/fr\/wp-json\/wp\/v2\/types\/page"}],"author":[{"embeddable":true,"href":"https:\/\/nuevo-renacer.com\/fr\/wp-json\/wp\/v2\/users\/1"}],"replies":[{"embeddable":true,"href":"https:\/\/nuevo-renacer.com\/fr\/wp-json\/wp\/v2\/comments?post=3872"}],"version-history":[{"count":1,"href":"https:\/\/nuevo-renacer.com\/fr\/wp-json\/wp\/v2\/pages\/3872\/revisions"}],"predecessor-version":[{"id":3874,"href":"https:\/\/nuevo-renacer.com\/fr\/wp-json\/wp\/v2\/pages\/3872\/revisions\/3874"}],"wp:featuredmedia":[{"embeddable":true,"href":"https:\/\/nuevo-renacer.com\/fr\/wp-json\/wp\/v2\/media\/3873"}],"wp:attachment":[{"href":"https:\/\/nuevo-renacer.com\/fr\/wp-json\/wp\/v2\/media?parent=3872"}],"curies":[{"name":"wp","href":"https:\/\/api.w.org\/{rel}","templated":true}]}}