{"id":3865,"date":"2024-07-16T11:57:49","date_gmt":"2024-07-16T11:57:49","guid":{"rendered":"https:\/\/ufec-mundial.com\/?page_id=3865"},"modified":"2024-07-16T11:58:02","modified_gmt":"2024-07-16T11:58:02","slug":"las-personas-manipuladoras","status":"publish","type":"page","link":"https:\/\/nuevo-renacer.com\/fr\/las-personas-manipuladoras\/","title":{"rendered":"Les gens sont manipulateurs"},"content":{"rendered":"<div class=\"wp-block-uagb-container uagb-block-95478ae0 alignfull uagb-is-root-container\"><div class=\"uagb-container-inner-blocks-wrap\">\n<p class=\"has-black-color has-text-color has-link-color has-medium-font-size wp-elements-572baf4a8dcd5adb0a240224b93d7694\"><strong>Les gens sont manipulateurs<\/strong><\/p>\n<\/div><\/div>\n\n\n\n<div class=\"wp-block-uagb-container uagb-block-2f1bcb55 alignfull uagb-is-root-container\"><div class=\"uagb-container-inner-blocks-wrap\">\n<figure class=\"wp-block-image size-full is-resized\"><img fetchpriority=\"high\" decoding=\"async\" width=\"1600\" height=\"1280\" src=\"https:\/\/ufec-mundial.com\/wp-content\/uploads\/2024\/07\/manipulation-hirn-bild.jpeg\" alt=\"\" class=\"wp-image-3868\" style=\"width:479px;height:auto\" srcset=\"https:\/\/nuevo-renacer.com\/wp-content\/uploads\/2024\/07\/manipulation-hirn-bild.jpeg 1600w, https:\/\/nuevo-renacer.com\/wp-content\/uploads\/2024\/07\/manipulation-hirn-bild-300x240.jpeg 300w, https:\/\/nuevo-renacer.com\/wp-content\/uploads\/2024\/07\/manipulation-hirn-bild-768x614.jpeg 768w, https:\/\/nuevo-renacer.com\/wp-content\/uploads\/2024\/07\/manipulation-hirn-bild-1024x819.jpeg 1024w, https:\/\/nuevo-renacer.com\/wp-content\/uploads\/2024\/07\/manipulation-hirn-bild-1536x1229.jpeg 1536w, https:\/\/nuevo-renacer.com\/wp-content\/uploads\/2024\/07\/manipulation-hirn-bild-15x12.jpeg 15w\" sizes=\"(max-width: 1600px) 100vw, 1600px\" \/><\/figure>\n<\/div><\/div>\n\n\n\n<div class=\"wp-block-uagb-container uagb-block-41c1cb56 alignfull uagb-is-root-container\"><div class=\"uagb-container-inner-blocks-wrap\">\n<p class=\"has-black-color has-text-color has-link-color has-small-font-size wp-elements-fe42858a4411ba9298f613aeb10dff48\">Une personne manipulatrice est une personne qui utilise les autres pour atteindre ses propres int\u00e9r\u00eats. Elle utilise les autres pour atteindre ses objectifs et ne s'arr\u00eate pas tant qu'elle n'a pas r\u00e9ussi.<\/p>\n\n\n\n<p class=\"has-black-color has-text-color has-link-color has-small-font-size wp-elements-e3977bf8f0cfd49b15b55b15c9f3dadd\">La manipulation est l&#039;attitude d&#039;une personne vis\u00e9e \u00e0 l&#039;influence d&#039;une autre personne pour la r\u00e9alisation de certains objectifs. C&#039;est la fa\u00e7on dont une personne sert de l&#039;autre d&#039;une mani\u00e8re inconsciente, en raison de la subtilit\u00e9 de l&#039;manipulateur, ou consciemment par la peur, de l&#039;engagement ou de la culpabilit\u00e9, il va vous aider \u00e0 r\u00e9aliser votre d\u00e9sir, ou que vous \u00eates int\u00e9ress\u00e9 dans. Les gens manipul\u00e9s c\u00e9der aux caprices de l&#039;autre en d\u00e9pit de leurs propres d\u00e9sirs. Se produit g\u00e9n\u00e9ralement entre amis, en famille ou au travail.<\/p>\n\n\n\n<p class=\"has-black-color has-text-color has-link-color has-small-font-size wp-elements-e51c07af2c44a0d9c99732579e9846a3\">Les personnes qui tentent constamment d'exercer un contr\u00f4le sur les autres sont tr\u00e8s subtiles et habiles dans les astuces qu'elles utilisent pour atteindre leurs objectifs, et leurs intentions sont rarement apparentes. Elles savent exactement ce qu'elles veulent et rien ni personne ne les emp\u00eachera de l'obtenir. Elles agissent sans se demander si leurs actions sont bonnes ou mauvaises et se soucient peu de ce que les autres pensent d'elles. Dans la plupart des cas, il s'agit de personnes dot\u00e9es de comp\u00e9tences sociales. Elles sont dr\u00f4les, gentilles, imaginatives et poss\u00e8dent un grand charme.<\/p>\n\n\n\n<p class=\"has-black-color has-text-color has-link-color has-small-font-size wp-elements-eff26cabc0e38dccc17cbea6bd31eeef\">Pour le manipulateur, il est essentiel d&#039;obtenir les autres \u00e0 agir comme il le souhaite, ou qui est en accord avec lui. Sinon, rejette son amiti\u00e9, ne s&#039;int\u00e9resse pas \u00e0 continuer d&#039;avoir des relations avec lui. Malgr\u00e9 cela, continue d&#039;\u00eatre cordiales dans l&#039;affaire, m\u00eame si vous n&#039;aimez pas. Ils ne sont pas l\u00e9gitimes, il est tr\u00e8s probable que le retour \u00e0 la propagation des rumeurs. Ce type d&#039;actes \u00e0 renforcer leur estime de soi, de se sentir courageux, important, et sans danger, m\u00eame si, en g\u00e9n\u00e9ral, les gens sont tr\u00e8s pr\u00e9caires et immature \u00e9motionnellement, ils se sentent la peur du rejet et de la n\u00e9cessit\u00e9 d&#039;affection. En arri\u00e8re-plan se trouve un probl\u00e8me de confiance en soi, et de la d\u00e9pendance sur les autres. Ils ont besoin des autres pour vous soutenir et de faciliter votre t\u00e2che.<\/p>\n\n\n\n<p class=\"has-black-color has-text-color has-link-color has-small-font-size wp-elements-856d4f8839218101c443d20805cc322b\">Tout ce que nous pouvons devenir, \u00e0 un certain moment de notre vie chez les personnes manipulatrices. Le besoin de contr\u00f4le, vous vous sentez, \u00e0 certaines occasions, ou, dans certains cas, vous pouvez le faire \u00e0 certains moments de notre vie que nous essayons de manipuler les autres.<\/p>\n\n\n\n<p class=\"has-black-color has-text-color has-link-color has-small-font-size wp-elements-87bfb387721e6d47118e8dc286b89874\">Les personnes manipul\u00e9es n'en prennent souvent conscience qu'apr\u00e8s coup. Elles se sentent alors impuissantes, en col\u00e8re et frustr\u00e9es d'avoir agi contrairement \u00e0 leurs souhaits et de s'\u00eatre laiss\u00e9es tromper. Elles se sont laiss\u00e9es attirer et persuader par des personnes qu'elles consid\u00e9raient comme dignes de confiance et dont elles attendaient une grande amiti\u00e9. Mais le r\u00e9sultat est qu'ils ont \u00e9t\u00e9 utilis\u00e9s pour les int\u00e9r\u00eats du manipulateur et, une fois qu'ils n'ont plus besoin d'eux, ils leur tournent le dos, ils ne leur sont plus utiles.<\/p>\n\n\n\n<p class=\"has-black-color has-text-color has-link-color has-small-font-size wp-elements-8d996be19ba374ebe5d1660052803245\">L'effet hypnotisant que ces personnes exercent souvent sur les autres am\u00e8ne ceux qui sont manipul\u00e9s \u00e0 agir ou \u00e0 faire des commentaires avec lesquels ils ne sont pas d'accord et qu'ils n'auraient pas faits s'ils n'avaient pas \u00e9t\u00e9 sous l'effet de l'hypnose. Toutes les personnes manipulatrices sont conscientes de leur besoin de contr\u00f4ler les autres. Cependant, il s'agit d'un acte d\u00e9plorable qui porte atteinte \u00e0 la dignit\u00e9 d'autrui. C'est pourquoi nous ne devons pas permettre que cela nous arrive et pour cela, dans toute situation, nous devons penser \u00e0 notre int\u00e9grit\u00e9 en tant que personne et ne pas nous laisser utiliser. Pour les combattre, nous ne devons pas c\u00e9der \u00e0 leurs pressions. Cependant, le meilleur conseil est d'\u00e9viter la compagnie d'une personne manipulatrice, de s'en d\u00e9barrasser d\u00e8s que possible ou de lui tenir t\u00eate. Ne lui permettez pas de consulter votre t\u00e9l\u00e9phone portable, de contr\u00f4ler votre emploi du temps, vos fr\u00e9quentations, vos t\u00e2ches m\u00e9nag\u00e8res, votre temps libre, etc.<\/p>\n<\/div><\/div>","protected":false},"excerpt":{"rendered":"<p>Las personas manipuladoras Una personas manipuladora es aquella que utiliza a los dem\u00e1s para conseguir sus propios intereses. Se sirven de los dem\u00e1s para conseguir sus objetivos y no cesan hasta que lo logran. La manipulaci\u00f3n es la actitud de una persona dirigida a influenciar a otra persona para conseguir determinados objetivos. Es la forma [&hellip;]<\/p>","protected":false},"author":1,"featured_media":3868,"parent":0,"menu_order":0,"comment_status":"closed","ping_status":"closed","template":"","meta":{"_uag_custom_page_level_css":"","site-sidebar-layout":"default","site-content-layout":"","ast-site-content-layout":"default","site-content-style":"default","site-sidebar-style":"default","ast-global-header-display":"","ast-banner-title-visibility":"","ast-main-header-display":"","ast-hfb-above-header-display":"","ast-hfb-below-header-display":"","ast-hfb-mobile-header-display":"","site-post-title":"disabled","ast-breadcrumbs-content":"","ast-featured-img":"","footer-sml-layout":"","theme-transparent-header-meta":"","adv-header-id-meta":"","stick-header-meta":"","header-above-stick-meta":"","header-main-stick-meta":"","header-below-stick-meta":"","astra-migrate-meta-layouts":"set","ast-page-background-enabled":"default","ast-page-background-meta":{"desktop":{"background-color":"var(--ast-global-color-4)","background-image":"","background-repeat":"repeat","background-position":"center center","background-size":"auto","background-attachment":"scroll","background-type":"","background-media":"","overlay-type":"","overlay-color":"","overlay-opacity":"","overlay-gradient":""},"tablet":{"background-color":"","background-image":"","background-repeat":"repeat","background-position":"center center","background-size":"auto","background-attachment":"scroll","background-type":"","background-media":"","overlay-type":"","overlay-color":"","overlay-opacity":"","overlay-gradient":""},"mobile":{"background-color":"","background-image":"","background-repeat":"repeat","background-position":"center center","background-size":"auto","background-attachment":"scroll","background-type":"","background-media":"","overlay-type":"","overlay-color":"","overlay-opacity":"","overlay-gradient":""}},"ast-content-background-meta":{"desktop":{"background-color":"var(--ast-global-color-5)","background-image":"","background-repeat":"repeat","background-position":"center center","background-size":"auto","background-attachment":"scroll","background-type":"","background-media":"","overlay-type":"","overlay-color":"","overlay-opacity":"","overlay-gradient":""},"tablet":{"background-color":"var(--ast-global-color-5)","background-image":"","background-repeat":"repeat","background-position":"center center","background-size":"auto","background-attachment":"scroll","background-type":"","background-media":"","overlay-type":"","overlay-color":"","overlay-opacity":"","overlay-gradient":""},"mobile":{"background-color":"var(--ast-global-color-5)","background-image":"","background-repeat":"repeat","background-position":"center center","background-size":"auto","background-attachment":"scroll","background-type":"","background-media":"","overlay-type":"","overlay-color":"","overlay-opacity":"","overlay-gradient":""}},"footnotes":""},"class_list":["post-3865","page","type-page","status-publish","has-post-thumbnail","hentry"],"yoast_head":"<!-- This site is optimized with the Yoast SEO Premium plugin v24.2 (Yoast SEO v24.6) - https:\/\/yoast.com\/wordpress\/plugins\/seo\/ -->\n<title>Las personas manipuladoras - Uni\u00f3n Esp\u00edrita<\/title>\n<meta name=\"robots\" content=\"index, follow, max-snippet:-1, max-image-preview:large, max-video-preview:-1\" \/>\n<link rel=\"canonical\" href=\"https:\/\/nuevo-renacer.com\/fr\/las-personas-manipuladoras\/\" \/>\n<meta property=\"og:locale\" content=\"fr_FR\" \/>\n<meta property=\"og:type\" content=\"article\" \/>\n<meta property=\"og:title\" content=\"Las personas manipuladoras\" \/>\n<meta property=\"og:description\" content=\"Las personas manipuladoras Una personas manipuladora es aquella que utiliza a los dem\u00e1s para conseguir sus propios intereses. Se sirven de los dem\u00e1s para conseguir sus objetivos y no cesan hasta que lo logran. La manipulaci\u00f3n es la actitud de una persona dirigida a influenciar a otra persona para conseguir determinados objetivos. Es la forma [&hellip;]\" \/>\n<meta property=\"og:url\" content=\"https:\/\/nuevo-renacer.com\/fr\/las-personas-manipuladoras\/\" \/>\n<meta property=\"og:site_name\" content=\"Uni\u00f3n Esp\u00edrita\" \/>\n<meta property=\"article:publisher\" content=\"https:\/\/www.facebook.com\/groups\/3431398063740829\" \/>\n<meta property=\"article:modified_time\" content=\"2024-07-16T11:58:02+00:00\" \/>\n<meta property=\"og:image\" content=\"https:\/\/nuevo-renacer.com\/wp-content\/uploads\/2024\/07\/manipulation-hirn-bild.jpeg\" \/>\n\t<meta property=\"og:image:width\" content=\"1600\" \/>\n\t<meta property=\"og:image:height\" content=\"1280\" \/>\n\t<meta property=\"og:image:type\" content=\"image\/jpeg\" \/>\n<meta name=\"twitter:card\" content=\"summary_large_image\" \/>\n<meta name=\"twitter:label1\" content=\"Dur\u00e9e de lecture estim\u00e9e\" \/>\n\t<meta name=\"twitter:data1\" content=\"3 minutes\" \/>\n<script type=\"application\/ld+json\" class=\"yoast-schema-graph\">{\"@context\":\"https:\/\/schema.org\",\"@graph\":[{\"@type\":\"WebPage\",\"@id\":\"https:\/\/nuevo-renacer.com\/las-personas-manipuladoras\/\",\"url\":\"https:\/\/nuevo-renacer.com\/las-personas-manipuladoras\/\",\"name\":\"Las personas manipuladoras - Uni\u00f3n Esp\u00edrita\",\"isPartOf\":{\"@id\":\"https:\/\/nuevo-renacer.com\/#website\"},\"primaryImageOfPage\":{\"@id\":\"https:\/\/nuevo-renacer.com\/las-personas-manipuladoras\/#primaryimage\"},\"image\":{\"@id\":\"https:\/\/nuevo-renacer.com\/las-personas-manipuladoras\/#primaryimage\"},\"thumbnailUrl\":\"https:\/\/nuevo-renacer.com\/wp-content\/uploads\/2024\/07\/manipulation-hirn-bild.jpeg\",\"datePublished\":\"2024-07-16T11:57:49+00:00\",\"dateModified\":\"2024-07-16T11:58:02+00:00\",\"breadcrumb\":{\"@id\":\"https:\/\/nuevo-renacer.com\/las-personas-manipuladoras\/#breadcrumb\"},\"inLanguage\":\"fr-FR\",\"potentialAction\":[{\"@type\":\"ReadAction\",\"target\":[\"https:\/\/nuevo-renacer.com\/las-personas-manipuladoras\/\"]}]},{\"@type\":\"ImageObject\",\"inLanguage\":\"fr-FR\",\"@id\":\"https:\/\/nuevo-renacer.com\/las-personas-manipuladoras\/#primaryimage\",\"url\":\"https:\/\/nuevo-renacer.com\/wp-content\/uploads\/2024\/07\/manipulation-hirn-bild.jpeg\",\"contentUrl\":\"https:\/\/nuevo-renacer.com\/wp-content\/uploads\/2024\/07\/manipulation-hirn-bild.jpeg\",\"width\":1600,\"height\":1280},{\"@type\":\"BreadcrumbList\",\"@id\":\"https:\/\/nuevo-renacer.com\/las-personas-manipuladoras\/#breadcrumb\",\"itemListElement\":[{\"@type\":\"ListItem\",\"position\":1,\"name\":\"Startseite\",\"item\":\"https:\/\/nuevo-renacer.com\/\"},{\"@type\":\"ListItem\",\"position\":2,\"name\":\"Las personas manipuladoras\"}]},{\"@type\":\"WebSite\",\"@id\":\"https:\/\/nuevo-renacer.com\/#website\",\"url\":\"https:\/\/nuevo-renacer.com\/\",\"name\":\"Uni\u00f3n Esp\u00edrita\",\"description\":\"Nuevo Renacer\",\"publisher\":{\"@id\":\"https:\/\/nuevo-renacer.com\/#organization\"},\"potentialAction\":[{\"@type\":\"SearchAction\",\"target\":{\"@type\":\"EntryPoint\",\"urlTemplate\":\"https:\/\/nuevo-renacer.com\/?s={search_term_string}\"},\"query-input\":{\"@type\":\"PropertyValueSpecification\",\"valueRequired\":true,\"valueName\":\"search_term_string\"}}],\"inLanguage\":\"fr-FR\"},{\"@type\":\"Organization\",\"@id\":\"https:\/\/nuevo-renacer.com\/#organization\",\"name\":\"UFEC\",\"url\":\"https:\/\/nuevo-renacer.com\/\",\"logo\":{\"@type\":\"ImageObject\",\"inLanguage\":\"fr-FR\",\"@id\":\"https:\/\/nuevo-renacer.com\/#\/schema\/logo\/image\/\",\"url\":\"https:\/\/nuevo-renacer.com\/wp-content\/uploads\/2024\/05\/cropped-LOGO-TERMINADO1-3-3.png\",\"contentUrl\":\"https:\/\/nuevo-renacer.com\/wp-content\/uploads\/2024\/05\/cropped-LOGO-TERMINADO1-3-3.png\",\"width\":512,\"height\":512,\"caption\":\"UFEC\"},\"image\":{\"@id\":\"https:\/\/nuevo-renacer.com\/#\/schema\/logo\/image\/\"},\"sameAs\":[\"https:\/\/www.facebook.com\/groups\/3431398063740829\"]}]}<\/script>\n<!-- \/ Yoast SEO Premium plugin. -->","yoast_head_json":{"title":"Las personas manipuladoras - Uni\u00f3n Esp\u00edrita","robots":{"index":"index","follow":"follow","max-snippet":"max-snippet:-1","max-image-preview":"max-image-preview:large","max-video-preview":"max-video-preview:-1"},"canonical":"https:\/\/nuevo-renacer.com\/fr\/las-personas-manipuladoras\/","og_locale":"fr_FR","og_type":"article","og_title":"Las personas manipuladoras","og_description":"Las personas manipuladoras Una personas manipuladora es aquella que utiliza a los dem\u00e1s para conseguir sus propios intereses. Se sirven de los dem\u00e1s para conseguir sus objetivos y no cesan hasta que lo logran. La manipulaci\u00f3n es la actitud de una persona dirigida a influenciar a otra persona para conseguir determinados objetivos. Es la forma [&hellip;]","og_url":"https:\/\/nuevo-renacer.com\/fr\/las-personas-manipuladoras\/","og_site_name":"Uni\u00f3n Esp\u00edrita","article_publisher":"https:\/\/www.facebook.com\/groups\/3431398063740829","article_modified_time":"2024-07-16T11:58:02+00:00","og_image":[{"width":1600,"height":1280,"url":"https:\/\/nuevo-renacer.com\/wp-content\/uploads\/2024\/07\/manipulation-hirn-bild.jpeg","type":"image\/jpeg"}],"twitter_card":"summary_large_image","twitter_misc":{"Dur\u00e9e de lecture estim\u00e9e":"3 minutes"},"schema":{"@context":"https:\/\/schema.org","@graph":[{"@type":"WebPage","@id":"https:\/\/nuevo-renacer.com\/las-personas-manipuladoras\/","url":"https:\/\/nuevo-renacer.com\/las-personas-manipuladoras\/","name":"Las personas manipuladoras - Uni\u00f3n Esp\u00edrita","isPartOf":{"@id":"https:\/\/nuevo-renacer.com\/#website"},"primaryImageOfPage":{"@id":"https:\/\/nuevo-renacer.com\/las-personas-manipuladoras\/#primaryimage"},"image":{"@id":"https:\/\/nuevo-renacer.com\/las-personas-manipuladoras\/#primaryimage"},"thumbnailUrl":"https:\/\/nuevo-renacer.com\/wp-content\/uploads\/2024\/07\/manipulation-hirn-bild.jpeg","datePublished":"2024-07-16T11:57:49+00:00","dateModified":"2024-07-16T11:58:02+00:00","breadcrumb":{"@id":"https:\/\/nuevo-renacer.com\/las-personas-manipuladoras\/#breadcrumb"},"inLanguage":"fr-FR","potentialAction":[{"@type":"ReadAction","target":["https:\/\/nuevo-renacer.com\/las-personas-manipuladoras\/"]}]},{"@type":"ImageObject","inLanguage":"fr-FR","@id":"https:\/\/nuevo-renacer.com\/las-personas-manipuladoras\/#primaryimage","url":"https:\/\/nuevo-renacer.com\/wp-content\/uploads\/2024\/07\/manipulation-hirn-bild.jpeg","contentUrl":"https:\/\/nuevo-renacer.com\/wp-content\/uploads\/2024\/07\/manipulation-hirn-bild.jpeg","width":1600,"height":1280},{"@type":"BreadcrumbList","@id":"https:\/\/nuevo-renacer.com\/las-personas-manipuladoras\/#breadcrumb","itemListElement":[{"@type":"ListItem","position":1,"name":"Startseite","item":"https:\/\/nuevo-renacer.com\/"},{"@type":"ListItem","position":2,"name":"Las personas manipuladoras"}]},{"@type":"WebSite","@id":"https:\/\/nuevo-renacer.com\/#website","url":"https:\/\/nuevo-renacer.com\/","name":"Uni\u00f3n Esp\u00edrita","description":"Nuevo Renacer","publisher":{"@id":"https:\/\/nuevo-renacer.com\/#organization"},"potentialAction":[{"@type":"SearchAction","target":{"@type":"EntryPoint","urlTemplate":"https:\/\/nuevo-renacer.com\/?s={search_term_string}"},"query-input":{"@type":"PropertyValueSpecification","valueRequired":true,"valueName":"search_term_string"}}],"inLanguage":"fr-FR"},{"@type":"Organization","@id":"https:\/\/nuevo-renacer.com\/#organization","name":"UFEC","url":"https:\/\/nuevo-renacer.com\/","logo":{"@type":"ImageObject","inLanguage":"fr-FR","@id":"https:\/\/nuevo-renacer.com\/#\/schema\/logo\/image\/","url":"https:\/\/nuevo-renacer.com\/wp-content\/uploads\/2024\/05\/cropped-LOGO-TERMINADO1-3-3.png","contentUrl":"https:\/\/nuevo-renacer.com\/wp-content\/uploads\/2024\/05\/cropped-LOGO-TERMINADO1-3-3.png","width":512,"height":512,"caption":"UFEC"},"image":{"@id":"https:\/\/nuevo-renacer.com\/#\/schema\/logo\/image\/"},"sameAs":["https:\/\/www.facebook.com\/groups\/3431398063740829"]}]}},"uagb_featured_image_src":{"full":["https:\/\/nuevo-renacer.com\/wp-content\/uploads\/2024\/07\/manipulation-hirn-bild.jpeg",1600,1280,false],"thumbnail":["https:\/\/nuevo-renacer.com\/wp-content\/uploads\/2024\/07\/manipulation-hirn-bild-150x150.jpeg",150,150,true],"medium":["https:\/\/nuevo-renacer.com\/wp-content\/uploads\/2024\/07\/manipulation-hirn-bild-300x240.jpeg",300,240,true],"medium_large":["https:\/\/nuevo-renacer.com\/wp-content\/uploads\/2024\/07\/manipulation-hirn-bild-768x614.jpeg",768,614,true],"large":["https:\/\/nuevo-renacer.com\/wp-content\/uploads\/2024\/07\/manipulation-hirn-bild-1024x819.jpeg",1024,819,true],"1536x1536":["https:\/\/nuevo-renacer.com\/wp-content\/uploads\/2024\/07\/manipulation-hirn-bild-1536x1229.jpeg",1536,1229,true],"2048x2048":["https:\/\/nuevo-renacer.com\/wp-content\/uploads\/2024\/07\/manipulation-hirn-bild.jpeg",1600,1280,false],"trp-custom-language-flag":["https:\/\/nuevo-renacer.com\/wp-content\/uploads\/2024\/07\/manipulation-hirn-bild-15x12.jpeg",15,12,true]},"uagb_author_info":{"display_name":"adbv0","author_link":"https:\/\/nuevo-renacer.com\/fr\/author\/adbv0\/"},"uagb_comment_info":0,"uagb_excerpt":"Las personas manipuladoras Una personas manipuladora es aquella que utiliza a los dem\u00e1s para conseguir sus propios intereses. Se sirven de los dem\u00e1s para conseguir sus objetivos y no cesan hasta que lo logran. La manipulaci\u00f3n es la actitud de una persona dirigida a influenciar a otra persona para conseguir determinados objetivos. Es la forma\u2026","jetpack_sharing_enabled":true,"_links":{"self":[{"href":"https:\/\/nuevo-renacer.com\/fr\/wp-json\/wp\/v2\/pages\/3865","targetHints":{"allow":["GET"]}}],"collection":[{"href":"https:\/\/nuevo-renacer.com\/fr\/wp-json\/wp\/v2\/pages"}],"about":[{"href":"https:\/\/nuevo-renacer.com\/fr\/wp-json\/wp\/v2\/types\/page"}],"author":[{"embeddable":true,"href":"https:\/\/nuevo-renacer.com\/fr\/wp-json\/wp\/v2\/users\/1"}],"replies":[{"embeddable":true,"href":"https:\/\/nuevo-renacer.com\/fr\/wp-json\/wp\/v2\/comments?post=3865"}],"version-history":[{"count":1,"href":"https:\/\/nuevo-renacer.com\/fr\/wp-json\/wp\/v2\/pages\/3865\/revisions"}],"predecessor-version":[{"id":3869,"href":"https:\/\/nuevo-renacer.com\/fr\/wp-json\/wp\/v2\/pages\/3865\/revisions\/3869"}],"wp:featuredmedia":[{"embeddable":true,"href":"https:\/\/nuevo-renacer.com\/fr\/wp-json\/wp\/v2\/media\/3868"}],"wp:attachment":[{"href":"https:\/\/nuevo-renacer.com\/fr\/wp-json\/wp\/v2\/media?parent=3865"}],"curies":[{"name":"wp","href":"https:\/\/api.w.org\/{rel}","templated":true}]}}