{"id":3859,"date":"2024-07-16T11:36:02","date_gmt":"2024-07-16T11:36:02","guid":{"rendered":"https:\/\/ufec-mundial.com\/?page_id=3859"},"modified":"2025-01-08T12:34:49","modified_gmt":"2025-01-08T12:34:49","slug":"como-analiza-el-espiritismo-el-cancer","status":"publish","type":"page","link":"https:\/\/nuevo-renacer.com\/fr\/como-analiza-el-espiritismo-el-cancer\/","title":{"rendered":"Comment analyser le spiritisme cancer?"},"content":{"rendered":"<div class=\"wp-block-uagb-container uagb-block-6c3a6763 alignfull uagb-is-root-container\"><div class=\"uagb-container-inner-blocks-wrap\">\n<p class=\"has-black-color has-text-color has-link-color has-medium-font-size wp-elements-649cc8f98c4c11dacc592d05595a8b65\"><strong>Comment analyser le spiritisme cancer?<\/strong><\/p>\n<\/div><\/div>\n\n\n\n<div class=\"wp-block-uagb-container uagb-block-da06ff5e alignfull uagb-is-root-container\"><div class=\"uagb-container-inner-blocks-wrap\">\n<figure class=\"wp-block-image size-full is-resized\"><img fetchpriority=\"high\" decoding=\"async\" width=\"955\" height=\"550\" src=\"https:\/\/ufec-mundial.com\/wp-content\/uploads\/2024\/07\/445827292_7936133829740363_4382424252352881349_n.jpg\" alt=\"\" class=\"wp-image-3860\" style=\"width:443px;height:auto\" srcset=\"https:\/\/nuevo-renacer.com\/wp-content\/uploads\/2024\/07\/445827292_7936133829740363_4382424252352881349_n.jpg 955w, https:\/\/nuevo-renacer.com\/wp-content\/uploads\/2024\/07\/445827292_7936133829740363_4382424252352881349_n-300x173.jpg 300w, https:\/\/nuevo-renacer.com\/wp-content\/uploads\/2024\/07\/445827292_7936133829740363_4382424252352881349_n-768x442.jpg 768w, https:\/\/nuevo-renacer.com\/wp-content\/uploads\/2024\/07\/445827292_7936133829740363_4382424252352881349_n-18x10.jpg 18w\" sizes=\"(max-width: 955px) 100vw, 955px\" \/><\/figure>\n<\/div><\/div>\n\n\n\n<div class=\"wp-block-uagb-container uagb-block-79388915 alignfull uagb-is-root-container\"><div class=\"uagb-container-inner-blocks-wrap\">\n<p class=\"has-black-color has-text-color has-link-color has-small-font-size wp-elements-c005c6294ba1bca0523d2ca476ebbd91\">Vous pouvez dire que le cancer est une maladie spirituelle, cependant, il existe d&#039;autres facteurs de mat\u00e9riel de source qui influence l&#039;apparition de la maladie. Actuellement, il n&#039;est pas rare de remarquer le d\u00e9veloppement de mauvaises habitudes pour le corps physique qui cause une pr\u00e9disposition biologique pour le cancer, comme le tabagisme, l&#039;alcool, le stress, les exc\u00e8s de toutes sortes, une mauvaise nutrition, entre autres.<\/p>\n\n\n\n<p class=\"has-black-color has-text-color has-link-color has-small-font-size wp-elements-5764ab74f54aa9041eafe28774f2edaa\">Cependant, le cancer est g\u00e9n\u00e9ralement une maladie karmique, parce que nous faisons partie de la Loi de cause et d&#039;effet, et en fonction de notre attitude, positive ou n\u00e9gative, nous pouvons recevoir de la sant\u00e9 ou de la maladie en raison de leurs effets. Rappelons que le corps physique refl\u00e8te le corps spirituel qui, pour sa part, se refl\u00e8te dans notre corps mental.<\/p>\n\n\n\n<p class=\"has-black-color has-text-color has-link-color has-small-font-size wp-elements-9eb885a3e830337d28c66d7d9267b0dd\">Joanna de \u00c2ngelis, dans le livre, la Conscience de l&#039;\u00catre, nous enseigne que les pathologies sont directement li\u00e9es \u00e0 l&#039;\u00e9tat d&#039;esprit de l&#039;Esprit, l&#039;\u00eatre humain \u00e9tant constitu\u00e9 par l&#039;\u00e9nergie que l&#039;Esprit envoie le corps mat\u00e9riel et le syst\u00e8me nerveux. Ainsi, tout d\u00e9s\u00e9quilibre ouvre la voie \u00e0 l&#039;\u00e9mergence de maladies et de troubles, d\u00e9clenchant des probl\u00e8mes pathologiques, les appels de maux.<\/p>\n\n\n\n<p class=\"has-black-color has-text-color has-link-color has-small-font-size wp-elements-7b1c5e319ccda2bfa7e1aeee5f7c2289\">L&#039;auteur \u00e9num\u00e8re plusieurs facteurs qui causent un d\u00e9s\u00e9quilibre dans ce flux d&#039;\u00e9nergie, que sont: l&#039;amour, l&#039;angoisse, de l&#039;amertume et de la haine. L&#039;amour mentionn\u00e9 ci-dessus n&#039;est pas sublime, mais la rude et possessif, dans laquelle les participants se d\u00e9placer par la force des d\u00e9sirs, \u00eatre dans ce cas, le grand d\u00e9molisseur de structures cellulaires. Le plus vous voulez et profitez d&#039;, de plus est exig\u00e9 et de la souffrance, et de ne pas r\u00e9aliser ses propres d\u00e9sirs, de se d\u00e9composer et de polluer l&#039;esprit avec les rayons venimeux d\u00e9sordre \u00e9motionnel, en plus des d\u00e9fenses immunitaires et de la vibration mentale harmonie, faisant de la cr\u00e9ature de tomber malade.<\/p>\n\n\n\n<p class=\"has-black-color has-text-color has-link-color has-small-font-size wp-elements-bf08fd9e5e1134c627dd6ac6c8949f3b\">Le bienfaiteur, il a conclu que l&#039;\u00c9vangile est une le\u00e7on de l&#039;infini, l&#039;optimisme et le Spiritisme est la doctrine qu&#039;il est mis \u00e0 jour, en invitant la cr\u00e9ature en permanence par une transformation morale pour parvenir \u00e0 l&#039;int\u00e9rieur du b\u00e2timent.<\/p>\n\n\n\n<p class=\"has-black-color has-text-color has-link-color has-small-font-size wp-elements-39ee7d12e9c5503df18ee02b40cd9a44\">Travail: Divaldo Pereira Franco. La Conscience De L&#039;\u00catre. Par l&#039;Esprit Joanna de \u00c2ngelis<\/p>\n<\/div><\/div>\n\n\n\n<div class=\"wp-block-uagb-container uagb-block-39accafd alignfull uagb-is-root-container\"><div class=\"uagb-container-inner-blocks-wrap\"><\/div><\/div>\n\n\n\n<div class=\"wp-block-uagb-container uagb-block-7376fce5 alignfull uagb-is-root-container\"><div class=\"uagb-container-inner-blocks-wrap\"><\/div><\/div>","protected":false},"excerpt":{"rendered":"<p>\u00bfC\u00f3mo analiza el espiritismo el c\u00e1ncer? Se puede decir que el c\u00e1ncer es una enfermedad espiritual, sin embargo, existen otros factores de origen material que influyen en la aparici\u00f3n de la enfermedad. Actualmente, no es raro notar el desarrollo de h\u00e1bitos negativos para el cuerpo f\u00edsico que provocan una predisposici\u00f3n org\u00e1nica al c\u00e1ncer como el [&hellip;]<\/p>","protected":false},"author":1,"featured_media":3860,"parent":0,"menu_order":0,"comment_status":"closed","ping_status":"closed","template":"","meta":{"_uag_custom_page_level_css":"","site-sidebar-layout":"default","site-content-layout":"","ast-site-content-layout":"default","site-content-style":"default","site-sidebar-style":"default","ast-global-header-display":"","ast-banner-title-visibility":"","ast-main-header-display":"","ast-hfb-above-header-display":"","ast-hfb-below-header-display":"","ast-hfb-mobile-header-display":"","site-post-title":"disabled","ast-breadcrumbs-content":"","ast-featured-img":"","footer-sml-layout":"","theme-transparent-header-meta":"","adv-header-id-meta":"","stick-header-meta":"","header-above-stick-meta":"","header-main-stick-meta":"","header-below-stick-meta":"","astra-migrate-meta-layouts":"set","ast-page-background-enabled":"default","ast-page-background-meta":{"desktop":{"background-color":"var(--ast-global-color-4)","background-image":"","background-repeat":"repeat","background-position":"center center","background-size":"auto","background-attachment":"scroll","background-type":"","background-media":"","overlay-type":"","overlay-color":"","overlay-opacity":"","overlay-gradient":""},"tablet":{"background-color":"","background-image":"","background-repeat":"repeat","background-position":"center center","background-size":"auto","background-attachment":"scroll","background-type":"","background-media":"","overlay-type":"","overlay-color":"","overlay-opacity":"","overlay-gradient":""},"mobile":{"background-color":"","background-image":"","background-repeat":"repeat","background-position":"center center","background-size":"auto","background-attachment":"scroll","background-type":"","background-media":"","overlay-type":"","overlay-color":"","overlay-opacity":"","overlay-gradient":""}},"ast-content-background-meta":{"desktop":{"background-color":"var(--ast-global-color-5)","background-image":"","background-repeat":"repeat","background-position":"center center","background-size":"auto","background-attachment":"scroll","background-type":"","background-media":"","overlay-type":"","overlay-color":"","overlay-opacity":"","overlay-gradient":""},"tablet":{"background-color":"var(--ast-global-color-5)","background-image":"","background-repeat":"repeat","background-position":"center center","background-size":"auto","background-attachment":"scroll","background-type":"","background-media":"","overlay-type":"","overlay-color":"","overlay-opacity":"","overlay-gradient":""},"mobile":{"background-color":"var(--ast-global-color-5)","background-image":"","background-repeat":"repeat","background-position":"center center","background-size":"auto","background-attachment":"scroll","background-type":"","background-media":"","overlay-type":"","overlay-color":"","overlay-opacity":"","overlay-gradient":""}},"footnotes":""},"class_list":["post-3859","page","type-page","status-publish","has-post-thumbnail","hentry"],"yoast_head":"<!-- This site is optimized with the Yoast SEO Premium plugin v24.2 (Yoast SEO v24.6) - https:\/\/yoast.com\/wordpress\/plugins\/seo\/ -->\n<title>\u00bfC\u00f3mo analiza el espiritismo el c\u00e1ncer? - Uni\u00f3n Esp\u00edrita<\/title>\n<meta name=\"robots\" content=\"index, follow, max-snippet:-1, max-image-preview:large, max-video-preview:-1\" \/>\n<link rel=\"canonical\" href=\"https:\/\/nuevo-renacer.com\/fr\/como-analiza-el-espiritismo-el-cancer\/\" \/>\n<meta property=\"og:locale\" content=\"fr_FR\" \/>\n<meta property=\"og:type\" content=\"article\" \/>\n<meta property=\"og:title\" content=\"\u00bfC\u00f3mo analiza el espiritismo el c\u00e1ncer?\" \/>\n<meta property=\"og:description\" content=\"\u00bfC\u00f3mo analiza el espiritismo el c\u00e1ncer? Se puede decir que el c\u00e1ncer es una enfermedad espiritual, sin embargo, existen otros factores de origen material que influyen en la aparici\u00f3n de la enfermedad. Actualmente, no es raro notar el desarrollo de h\u00e1bitos negativos para el cuerpo f\u00edsico que provocan una predisposici\u00f3n org\u00e1nica al c\u00e1ncer como el [&hellip;]\" \/>\n<meta property=\"og:url\" content=\"https:\/\/nuevo-renacer.com\/fr\/como-analiza-el-espiritismo-el-cancer\/\" \/>\n<meta property=\"og:site_name\" content=\"Uni\u00f3n Esp\u00edrita\" \/>\n<meta property=\"article:publisher\" content=\"https:\/\/www.facebook.com\/groups\/3431398063740829\" \/>\n<meta property=\"article:modified_time\" content=\"2025-01-08T12:34:49+00:00\" \/>\n<meta property=\"og:image\" content=\"https:\/\/nuevo-renacer.com\/wp-content\/uploads\/2024\/07\/445827292_7936133829740363_4382424252352881349_n.jpg\" \/>\n\t<meta property=\"og:image:width\" content=\"955\" \/>\n\t<meta property=\"og:image:height\" content=\"550\" \/>\n\t<meta property=\"og:image:type\" content=\"image\/jpeg\" \/>\n<meta name=\"twitter:card\" content=\"summary_large_image\" \/>\n<meta name=\"twitter:label1\" content=\"Dur\u00e9e de lecture estim\u00e9e\" \/>\n\t<meta name=\"twitter:data1\" content=\"2 minutes\" \/>\n<script type=\"application\/ld+json\" class=\"yoast-schema-graph\">{\"@context\":\"https:\/\/schema.org\",\"@graph\":[{\"@type\":\"WebPage\",\"@id\":\"https:\/\/nuevo-renacer.com\/como-analiza-el-espiritismo-el-cancer\/\",\"url\":\"https:\/\/nuevo-renacer.com\/como-analiza-el-espiritismo-el-cancer\/\",\"name\":\"\u00bfC\u00f3mo analiza el espiritismo el c\u00e1ncer? - Uni\u00f3n Esp\u00edrita\",\"isPartOf\":{\"@id\":\"https:\/\/nuevo-renacer.com\/#website\"},\"primaryImageOfPage\":{\"@id\":\"https:\/\/nuevo-renacer.com\/como-analiza-el-espiritismo-el-cancer\/#primaryimage\"},\"image\":{\"@id\":\"https:\/\/nuevo-renacer.com\/como-analiza-el-espiritismo-el-cancer\/#primaryimage\"},\"thumbnailUrl\":\"https:\/\/nuevo-renacer.com\/wp-content\/uploads\/2024\/07\/445827292_7936133829740363_4382424252352881349_n.jpg\",\"datePublished\":\"2024-07-16T11:36:02+00:00\",\"dateModified\":\"2025-01-08T12:34:49+00:00\",\"breadcrumb\":{\"@id\":\"https:\/\/nuevo-renacer.com\/como-analiza-el-espiritismo-el-cancer\/#breadcrumb\"},\"inLanguage\":\"fr-FR\",\"potentialAction\":[{\"@type\":\"ReadAction\",\"target\":[\"https:\/\/nuevo-renacer.com\/como-analiza-el-espiritismo-el-cancer\/\"]}]},{\"@type\":\"ImageObject\",\"inLanguage\":\"fr-FR\",\"@id\":\"https:\/\/nuevo-renacer.com\/como-analiza-el-espiritismo-el-cancer\/#primaryimage\",\"url\":\"https:\/\/nuevo-renacer.com\/wp-content\/uploads\/2024\/07\/445827292_7936133829740363_4382424252352881349_n.jpg\",\"contentUrl\":\"https:\/\/nuevo-renacer.com\/wp-content\/uploads\/2024\/07\/445827292_7936133829740363_4382424252352881349_n.jpg\",\"width\":955,\"height\":550},{\"@type\":\"BreadcrumbList\",\"@id\":\"https:\/\/nuevo-renacer.com\/como-analiza-el-espiritismo-el-cancer\/#breadcrumb\",\"itemListElement\":[{\"@type\":\"ListItem\",\"position\":1,\"name\":\"Startseite\",\"item\":\"https:\/\/nuevo-renacer.com\/\"},{\"@type\":\"ListItem\",\"position\":2,\"name\":\"\u00bfC\u00f3mo analiza el espiritismo el c\u00e1ncer?\"}]},{\"@type\":\"WebSite\",\"@id\":\"https:\/\/nuevo-renacer.com\/#website\",\"url\":\"https:\/\/nuevo-renacer.com\/\",\"name\":\"Uni\u00f3n Esp\u00edrita\",\"description\":\"Nuevo Renacer\",\"publisher\":{\"@id\":\"https:\/\/nuevo-renacer.com\/#organization\"},\"potentialAction\":[{\"@type\":\"SearchAction\",\"target\":{\"@type\":\"EntryPoint\",\"urlTemplate\":\"https:\/\/nuevo-renacer.com\/?s={search_term_string}\"},\"query-input\":{\"@type\":\"PropertyValueSpecification\",\"valueRequired\":true,\"valueName\":\"search_term_string\"}}],\"inLanguage\":\"fr-FR\"},{\"@type\":\"Organization\",\"@id\":\"https:\/\/nuevo-renacer.com\/#organization\",\"name\":\"UFEC\",\"url\":\"https:\/\/nuevo-renacer.com\/\",\"logo\":{\"@type\":\"ImageObject\",\"inLanguage\":\"fr-FR\",\"@id\":\"https:\/\/nuevo-renacer.com\/#\/schema\/logo\/image\/\",\"url\":\"https:\/\/nuevo-renacer.com\/wp-content\/uploads\/2024\/05\/cropped-LOGO-TERMINADO1-3-3.png\",\"contentUrl\":\"https:\/\/nuevo-renacer.com\/wp-content\/uploads\/2024\/05\/cropped-LOGO-TERMINADO1-3-3.png\",\"width\":512,\"height\":512,\"caption\":\"UFEC\"},\"image\":{\"@id\":\"https:\/\/nuevo-renacer.com\/#\/schema\/logo\/image\/\"},\"sameAs\":[\"https:\/\/www.facebook.com\/groups\/3431398063740829\"]}]}<\/script>\n<!-- \/ Yoast SEO Premium plugin. -->","yoast_head_json":{"title":"\u00bfC\u00f3mo analiza el espiritismo el c\u00e1ncer? - Uni\u00f3n Esp\u00edrita","robots":{"index":"index","follow":"follow","max-snippet":"max-snippet:-1","max-image-preview":"max-image-preview:large","max-video-preview":"max-video-preview:-1"},"canonical":"https:\/\/nuevo-renacer.com\/fr\/como-analiza-el-espiritismo-el-cancer\/","og_locale":"fr_FR","og_type":"article","og_title":"\u00bfC\u00f3mo analiza el espiritismo el c\u00e1ncer?","og_description":"\u00bfC\u00f3mo analiza el espiritismo el c\u00e1ncer? Se puede decir que el c\u00e1ncer es una enfermedad espiritual, sin embargo, existen otros factores de origen material que influyen en la aparici\u00f3n de la enfermedad. Actualmente, no es raro notar el desarrollo de h\u00e1bitos negativos para el cuerpo f\u00edsico que provocan una predisposici\u00f3n org\u00e1nica al c\u00e1ncer como el [&hellip;]","og_url":"https:\/\/nuevo-renacer.com\/fr\/como-analiza-el-espiritismo-el-cancer\/","og_site_name":"Uni\u00f3n Esp\u00edrita","article_publisher":"https:\/\/www.facebook.com\/groups\/3431398063740829","article_modified_time":"2025-01-08T12:34:49+00:00","og_image":[{"width":955,"height":550,"url":"https:\/\/nuevo-renacer.com\/wp-content\/uploads\/2024\/07\/445827292_7936133829740363_4382424252352881349_n.jpg","type":"image\/jpeg"}],"twitter_card":"summary_large_image","twitter_misc":{"Dur\u00e9e de lecture estim\u00e9e":"2 minutes"},"schema":{"@context":"https:\/\/schema.org","@graph":[{"@type":"WebPage","@id":"https:\/\/nuevo-renacer.com\/como-analiza-el-espiritismo-el-cancer\/","url":"https:\/\/nuevo-renacer.com\/como-analiza-el-espiritismo-el-cancer\/","name":"\u00bfC\u00f3mo analiza el espiritismo el c\u00e1ncer? - Uni\u00f3n Esp\u00edrita","isPartOf":{"@id":"https:\/\/nuevo-renacer.com\/#website"},"primaryImageOfPage":{"@id":"https:\/\/nuevo-renacer.com\/como-analiza-el-espiritismo-el-cancer\/#primaryimage"},"image":{"@id":"https:\/\/nuevo-renacer.com\/como-analiza-el-espiritismo-el-cancer\/#primaryimage"},"thumbnailUrl":"https:\/\/nuevo-renacer.com\/wp-content\/uploads\/2024\/07\/445827292_7936133829740363_4382424252352881349_n.jpg","datePublished":"2024-07-16T11:36:02+00:00","dateModified":"2025-01-08T12:34:49+00:00","breadcrumb":{"@id":"https:\/\/nuevo-renacer.com\/como-analiza-el-espiritismo-el-cancer\/#breadcrumb"},"inLanguage":"fr-FR","potentialAction":[{"@type":"ReadAction","target":["https:\/\/nuevo-renacer.com\/como-analiza-el-espiritismo-el-cancer\/"]}]},{"@type":"ImageObject","inLanguage":"fr-FR","@id":"https:\/\/nuevo-renacer.com\/como-analiza-el-espiritismo-el-cancer\/#primaryimage","url":"https:\/\/nuevo-renacer.com\/wp-content\/uploads\/2024\/07\/445827292_7936133829740363_4382424252352881349_n.jpg","contentUrl":"https:\/\/nuevo-renacer.com\/wp-content\/uploads\/2024\/07\/445827292_7936133829740363_4382424252352881349_n.jpg","width":955,"height":550},{"@type":"BreadcrumbList","@id":"https:\/\/nuevo-renacer.com\/como-analiza-el-espiritismo-el-cancer\/#breadcrumb","itemListElement":[{"@type":"ListItem","position":1,"name":"Startseite","item":"https:\/\/nuevo-renacer.com\/"},{"@type":"ListItem","position":2,"name":"\u00bfC\u00f3mo analiza el espiritismo el c\u00e1ncer?"}]},{"@type":"WebSite","@id":"https:\/\/nuevo-renacer.com\/#website","url":"https:\/\/nuevo-renacer.com\/","name":"Uni\u00f3n Esp\u00edrita","description":"Nuevo Renacer","publisher":{"@id":"https:\/\/nuevo-renacer.com\/#organization"},"potentialAction":[{"@type":"SearchAction","target":{"@type":"EntryPoint","urlTemplate":"https:\/\/nuevo-renacer.com\/?s={search_term_string}"},"query-input":{"@type":"PropertyValueSpecification","valueRequired":true,"valueName":"search_term_string"}}],"inLanguage":"fr-FR"},{"@type":"Organization","@id":"https:\/\/nuevo-renacer.com\/#organization","name":"UFEC","url":"https:\/\/nuevo-renacer.com\/","logo":{"@type":"ImageObject","inLanguage":"fr-FR","@id":"https:\/\/nuevo-renacer.com\/#\/schema\/logo\/image\/","url":"https:\/\/nuevo-renacer.com\/wp-content\/uploads\/2024\/05\/cropped-LOGO-TERMINADO1-3-3.png","contentUrl":"https:\/\/nuevo-renacer.com\/wp-content\/uploads\/2024\/05\/cropped-LOGO-TERMINADO1-3-3.png","width":512,"height":512,"caption":"UFEC"},"image":{"@id":"https:\/\/nuevo-renacer.com\/#\/schema\/logo\/image\/"},"sameAs":["https:\/\/www.facebook.com\/groups\/3431398063740829"]}]}},"uagb_featured_image_src":{"full":["https:\/\/nuevo-renacer.com\/wp-content\/uploads\/2024\/07\/445827292_7936133829740363_4382424252352881349_n.jpg",955,550,false],"thumbnail":["https:\/\/nuevo-renacer.com\/wp-content\/uploads\/2024\/07\/445827292_7936133829740363_4382424252352881349_n-150x150.jpg",150,150,true],"medium":["https:\/\/nuevo-renacer.com\/wp-content\/uploads\/2024\/07\/445827292_7936133829740363_4382424252352881349_n-300x173.jpg",300,173,true],"medium_large":["https:\/\/nuevo-renacer.com\/wp-content\/uploads\/2024\/07\/445827292_7936133829740363_4382424252352881349_n-768x442.jpg",768,442,true],"large":["https:\/\/nuevo-renacer.com\/wp-content\/uploads\/2024\/07\/445827292_7936133829740363_4382424252352881349_n.jpg",955,550,false],"1536x1536":["https:\/\/nuevo-renacer.com\/wp-content\/uploads\/2024\/07\/445827292_7936133829740363_4382424252352881349_n.jpg",955,550,false],"2048x2048":["https:\/\/nuevo-renacer.com\/wp-content\/uploads\/2024\/07\/445827292_7936133829740363_4382424252352881349_n.jpg",955,550,false],"trp-custom-language-flag":["https:\/\/nuevo-renacer.com\/wp-content\/uploads\/2024\/07\/445827292_7936133829740363_4382424252352881349_n-18x10.jpg",18,10,true]},"uagb_author_info":{"display_name":"adbv0","author_link":"https:\/\/nuevo-renacer.com\/fr\/author\/adbv0\/"},"uagb_comment_info":0,"uagb_excerpt":"\u00bfC\u00f3mo analiza el espiritismo el c\u00e1ncer? Se puede decir que el c\u00e1ncer es una enfermedad espiritual, sin embargo, existen otros factores de origen material que influyen en la aparici\u00f3n de la enfermedad. Actualmente, no es raro notar el desarrollo de h\u00e1bitos negativos para el cuerpo f\u00edsico que provocan una predisposici\u00f3n org\u00e1nica al c\u00e1ncer como el\u2026","jetpack_sharing_enabled":true,"_links":{"self":[{"href":"https:\/\/nuevo-renacer.com\/fr\/wp-json\/wp\/v2\/pages\/3859","targetHints":{"allow":["GET"]}}],"collection":[{"href":"https:\/\/nuevo-renacer.com\/fr\/wp-json\/wp\/v2\/pages"}],"about":[{"href":"https:\/\/nuevo-renacer.com\/fr\/wp-json\/wp\/v2\/types\/page"}],"author":[{"embeddable":true,"href":"https:\/\/nuevo-renacer.com\/fr\/wp-json\/wp\/v2\/users\/1"}],"replies":[{"embeddable":true,"href":"https:\/\/nuevo-renacer.com\/fr\/wp-json\/wp\/v2\/comments?post=3859"}],"version-history":[{"count":4,"href":"https:\/\/nuevo-renacer.com\/fr\/wp-json\/wp\/v2\/pages\/3859\/revisions"}],"predecessor-version":[{"id":6720,"href":"https:\/\/nuevo-renacer.com\/fr\/wp-json\/wp\/v2\/pages\/3859\/revisions\/6720"}],"wp:featuredmedia":[{"embeddable":true,"href":"https:\/\/nuevo-renacer.com\/fr\/wp-json\/wp\/v2\/media\/3860"}],"wp:attachment":[{"href":"https:\/\/nuevo-renacer.com\/fr\/wp-json\/wp\/v2\/media?parent=3859"}],"curies":[{"name":"wp","href":"https:\/\/api.w.org\/{rel}","templated":true}]}}