{"id":3853,"date":"2024-07-16T11:14:23","date_gmt":"2024-07-16T11:14:23","guid":{"rendered":"https:\/\/ufec-mundial.com\/?page_id=3853"},"modified":"2024-07-16T11:14:25","modified_gmt":"2024-07-16T11:14:25","slug":"psiquiatria-y-espiritismo","status":"publish","type":"page","link":"https:\/\/nuevo-renacer.com\/fr\/psiquiatria-y-espiritismo\/","title":{"rendered":"La psychiatrie et le Spiritisme"},"content":{"rendered":"<div class=\"wp-block-uagb-container uagb-block-3ecbc24a alignfull uagb-is-root-container\"><div class=\"uagb-container-inner-blocks-wrap\">\n<p class=\"has-black-color has-text-color has-link-color has-medium-font-size wp-elements-244678b169cdd51dce1c0b216ed3fab4\"><strong>La psychiatrie et le Spiritisme<\/strong><\/p>\n<\/div><\/div>\n\n\n\n<div class=\"wp-block-uagb-container uagb-block-64cd3451 alignfull uagb-is-root-container\"><div class=\"uagb-container-inner-blocks-wrap\">\n<figure class=\"wp-block-image size-full is-resized\"><img fetchpriority=\"high\" decoding=\"async\" width=\"626\" height=\"416\" src=\"https:\/\/ufec-mundial.com\/wp-content\/uploads\/2024\/07\/447968129_7965176216836124_410702528150355634_n.jpg\" alt=\"\" class=\"wp-image-3854\" style=\"width:427px;height:auto\" srcset=\"https:\/\/nuevo-renacer.com\/wp-content\/uploads\/2024\/07\/447968129_7965176216836124_410702528150355634_n.jpg 626w, https:\/\/nuevo-renacer.com\/wp-content\/uploads\/2024\/07\/447968129_7965176216836124_410702528150355634_n-300x199.jpg 300w, https:\/\/nuevo-renacer.com\/wp-content\/uploads\/2024\/07\/447968129_7965176216836124_410702528150355634_n-18x12.jpg 18w\" sizes=\"(max-width: 626px) 100vw, 626px\" \/><\/figure>\n<\/div><\/div>\n\n\n\n<div class=\"wp-block-uagb-container uagb-block-a8062a64 alignfull uagb-is-root-container\"><div class=\"uagb-container-inner-blocks-wrap\">\n<p class=\"has-small-font-size\">La psychiatrie est le domaine de la m\u00e9decine qui est le plus en conflit avec le spiritisme. Et c&#039;est le domaine dans lequel les spiritualistes sont plus actifs et ont plus de succ\u00e8s. La raison en est \u00e9vidente. La majorit\u00e9 des psychopathes sont tout simplement poss\u00e9d\u00e9; et ce qui va au-del\u00e0 de la routine de l&#039;psychopathes d&#039;origine psychologique, \u00e9ducatif, neurologiques, ou le cerveau est aussi infest\u00e9 par des esprits inf\u00e9rieurs. \u00c0 cet \u00e9gard, il ne fait aucun doute pour les spiritualistes et les praticiens et en particulier les psychiatres, spirite. Pour cette raison, le nombre de cliniques psychiatriques \u00e0 esp\u00edritas au Br\u00e9sil est grand. Que dans l&#039;\u00e9tat de S\u00e3o Paulo, il y a trente-cinq de ces installations en fonctionnement, et plusieurs autres sont en projet ou en construction.<\/p>\n\n\n\n<p class=\"has-black-color has-text-color has-link-color has-small-font-size wp-elements-642ecbbfe554b816bd176f3b02b290d0\">Le personnel m\u00e9dical de ces centres n&#039;est pas toujours un spirite, mais il est g\u00e9n\u00e9ralement form\u00e9 par une majorit\u00e9 de m\u00e9decins ne esp\u00edritas. Les autorit\u00e9s officielles mettre des obstacles dans le chemin de traitements m\u00e9dicaux ne sont pas conventionnels dans ces centres; mais les spiritualistes face \u00e0 toutes les difficult\u00e9s et, en outre, continuer \u00e0 construire de nouveaux h\u00f4pitaux parce qu&#039;ils se sentent une grande responsabilit\u00e9 en relation avec ce probl\u00e8me, car ils sont les seuls qui savent vraiment plus en profondeur. Il est de votre devoir de faire quelque chose pour les millions de victimes qui ont re\u00e7u un traitement inad\u00e9quat, en tout ou en partie.<\/p>\n\n\n\n<p class=\"has-black-color has-text-color has-link-color has-small-font-size wp-elements-136305a6626f5d12c5d5aaa719da3622\">Ces h\u00f4pitaux ont form\u00e9 une association pour lutter pour leurs droits et de maintenir des relations de plus en plus fr\u00e9quentes et efficace entre eux. Ce r\u00e9seau de l&#039;h\u00f4pital sp\u00e9cialis\u00e9 aid\u00e9 le gouvernement de l&#039;etat lors de la crise de Juqueri (H\u00f4pital Franco da Rocha du capital) de participer \u00e0 la distribution d&#039;un nombre excessif de patients qui sont devenus \u00e0 Juqueri dans ce que l&#039;on appelle les marmites du diable.<\/p>\n\n\n\n<p class=\"has-black-color has-text-color has-link-color has-small-font-size wp-elements-6453227cb261d945f9b81d0665deef54\">L&#039;H\u00f4pital Spirite du recours en Amparo a \u00e9t\u00e9 en cours de construction lorsqu&#039;un c\u00e9l\u00e8bre m\u00e9decin et \u00e9crivain, a publi\u00e9 un article dans le journal Ultima Hora parler contre le projet de loi, affirmant que les spiritualistes sont int\u00e9ress\u00e9s \u00e0 la cause de la prise de conscience parce que ils ont produit un fou et se sentait oblig\u00e9 de les aider. Un journaliste spirite, psychologue r\u00e9pondu dans les Journaux que les spiritualistes se sont int\u00e9ress\u00e9s \u00e0 la cause, parce que la m\u00e9decine ne pouvait pas gu\u00e9rir les malades mentaux. Le principe spirite de la charit\u00e9 oblige \u00e0 le faire. Cet h\u00f4pital a \u00e9t\u00e9 construit, et les autres ont vite suivi.<\/p>\n\n\n\n<p class=\"has-black-color has-text-color has-link-color has-small-font-size wp-elements-b7baf331084286693441028e5413f88d\">La diffamation que les spiritualistes ne fou a commenc\u00e9 avec les campagnes de secr\u00e9taire m\u00e9dicale et \u00e0 l&#039;encontre de la doctrine. Kardec abord\u00e9 cette question en soulignant l&#039;absurdit\u00e9 de cette accusation, et rappelant que le mythe du diable a produit plus fou dans le monde \u00e0 travers les si\u00e8cles de ce que l&#039;on pourrait imaginer. Il a not\u00e9 que le m\u00e9decin traitant avait toujours av\u00e9r\u00e9 insuffisant pour la simple raison que la science refuse de reconna\u00eetre les signes de la possession.<\/p>\n\n\n\n<p class=\"has-black-color has-text-color has-link-color has-small-font-size wp-elements-1cb48ec403502533d9da9aa1f1768207\">Vis\u00e9e \u00e0 la pr\u00e9disposition de certaines personnes, \u00e0 la folie, ce qui a conduit \u00e0 la perte de la raison pour laquelle les gens de partout dans le monde qui sont d\u00e9di\u00e9s \u00e0 l&#039;\u00e9tude de la musique, les math\u00e9matiques, la th\u00e9ologie, ou d&#039;autres questions culturelles. Et d&#039;autant plus que, selon le professeur, il y a un certain degr\u00e9 de folie en nous tous, qui peut \u00eatre d\u00e9clench\u00e9e par n&#039;importe quel type d&#039;excitation. Comme un exemple, il a cit\u00e9 le cas de la possession de l&#039;individu et le collectif qui se produisent avec une fr\u00e9quence de terrifiant dans les communaut\u00e9s religieuses et dit que le spiritisme est la meilleure et la plus efficace de pr\u00e9vention contre les diff\u00e9rents types de d\u00e9mence.<\/p>\n\n\n\n<p class=\"has-black-color has-text-color has-link-color has-small-font-size wp-elements-d66d94c9761a13b4a01c967b07d3ef48\">Aujourd&#039;hui, il a \u00e9t\u00e9 scientifiquement prouv\u00e9 que ce degr\u00e9 de folie peut \u00eatre d\u00e9clench\u00e9e par l&#039;excitation de la t\u00e9l\u00e9pathie, \u00e0 la fois par des \u00eatres incarn\u00e9s que les esprits d\u00e9sincarn\u00e9s. Il y a quelques ann\u00e9es, le m\u00e9decin psychanalyste Jean Herenwald consacr\u00e9s \u00e0 cette question dans un livre intitul\u00e9 &#034;la T\u00e9l\u00e9pathie, et les relations interpersonnelles&#034;, dans la cit\u00e9 des cas impressionnant de sa propre clinique. La recherche des am\u00e9ricains, des britanniques, des fran\u00e7ais, et les sovi\u00e9tiques ont fourni une preuve irr\u00e9futable de cette r\u00e9alit\u00e9.<\/p>\n\n\n\n<p class=\"has-black-color has-text-color has-link-color has-small-font-size wp-elements-a26993b85b82262686ae0c4bf209d604\">Whately, Carrington, de l&#039;Universit\u00e9 de Cambridge, a soigneusement examin\u00e9 les faits. Le spiritisme n&#039;est pas destin\u00e9 \u00e0 lutter pour la psychiatrie, ni nier leurs r\u00e9alisations ou ceux de la psychoth\u00e9rapie en g\u00e9n\u00e9ral, mais il est clair qu&#039;il offre de nouvelles perspectives dans ce domaine de traitement sp\u00e9cialis\u00e9 pour faire avancer la recherche dans \u00e9tiologiques de la maladie et de la gu\u00e9rison est scientifiquement prouv\u00e9. Elle r\u00e9v\u00e8le aux psychoth\u00e9rapeutes, la face cach\u00e9e de la r\u00e9alit\u00e9 de la psychopathologie, de la m\u00eame mani\u00e8re que les astronautes ont montr\u00e9 les astronomes de la face cach\u00e9e de la Lune.<\/p>\n\n\n\n<p class=\"has-black-color has-text-color has-link-color has-small-font-size wp-elements-b5a294ad0cb7a6d7f7ba0772a163deea\">Les m\u00e9thodes de traitement les spiritualistes ont d\u00e9montr\u00e9 leur efficacit\u00e9 et de continuer \u00e0 le faire tous les jours dans le monde entier. Le spiritisme offre la psychiatrie une contribution \u00e0 la th\u00e9orie et \u00e0 la pratique compl\u00e8te que la psychiatrie ne peut pas rejeter fond\u00e9s sur des hypoth\u00e8ses et pr\u00e9jug\u00e9s d&#039;un temps r\u00e9volu.<\/p>\n<\/div><\/div>","protected":false},"excerpt":{"rendered":"<p>Psiquiatr\u00eda y Espiritismo La psiquiatr\u00eda es el campo de la medicina que est\u00e1 m\u00e1s en conflicto con el espiritismo. Y es el campo en el que los espiritistas son m\u00e1s activos y tienen m\u00e1s \u00e9xito. La raz\u00f3n es obvia. La mayor\u00eda de los psic\u00f3patas est\u00e1n simplemente pose\u00eddos; y lo que va m\u00e1s all\u00e1 de la [&hellip;]<\/p>","protected":false},"author":1,"featured_media":3854,"parent":0,"menu_order":0,"comment_status":"closed","ping_status":"closed","template":"","meta":{"_uag_custom_page_level_css":"","site-sidebar-layout":"default","site-content-layout":"","ast-site-content-layout":"default","site-content-style":"default","site-sidebar-style":"default","ast-global-header-display":"","ast-banner-title-visibility":"","ast-main-header-display":"","ast-hfb-above-header-display":"","ast-hfb-below-header-display":"","ast-hfb-mobile-header-display":"","site-post-title":"disabled","ast-breadcrumbs-content":"","ast-featured-img":"","footer-sml-layout":"","theme-transparent-header-meta":"","adv-header-id-meta":"","stick-header-meta":"","header-above-stick-meta":"","header-main-stick-meta":"","header-below-stick-meta":"","astra-migrate-meta-layouts":"set","ast-page-background-enabled":"default","ast-page-background-meta":{"desktop":{"background-color":"var(--ast-global-color-4)","background-image":"","background-repeat":"repeat","background-position":"center center","background-size":"auto","background-attachment":"scroll","background-type":"","background-media":"","overlay-type":"","overlay-color":"","overlay-opacity":"","overlay-gradient":""},"tablet":{"background-color":"","background-image":"","background-repeat":"repeat","background-position":"center center","background-size":"auto","background-attachment":"scroll","background-type":"","background-media":"","overlay-type":"","overlay-color":"","overlay-opacity":"","overlay-gradient":""},"mobile":{"background-color":"","background-image":"","background-repeat":"repeat","background-position":"center center","background-size":"auto","background-attachment":"scroll","background-type":"","background-media":"","overlay-type":"","overlay-color":"","overlay-opacity":"","overlay-gradient":""}},"ast-content-background-meta":{"desktop":{"background-color":"var(--ast-global-color-5)","background-image":"","background-repeat":"repeat","background-position":"center center","background-size":"auto","background-attachment":"scroll","background-type":"","background-media":"","overlay-type":"","overlay-color":"","overlay-opacity":"","overlay-gradient":""},"tablet":{"background-color":"var(--ast-global-color-5)","background-image":"","background-repeat":"repeat","background-position":"center center","background-size":"auto","background-attachment":"scroll","background-type":"","background-media":"","overlay-type":"","overlay-color":"","overlay-opacity":"","overlay-gradient":""},"mobile":{"background-color":"var(--ast-global-color-5)","background-image":"","background-repeat":"repeat","background-position":"center center","background-size":"auto","background-attachment":"scroll","background-type":"","background-media":"","overlay-type":"","overlay-color":"","overlay-opacity":"","overlay-gradient":""}},"footnotes":""},"class_list":["post-3853","page","type-page","status-publish","has-post-thumbnail","hentry"],"yoast_head":"<!-- This site is optimized with the Yoast SEO Premium plugin v24.2 (Yoast SEO v24.6) - https:\/\/yoast.com\/wordpress\/plugins\/seo\/ -->\n<title>Psiquiatr\u00eda y Espiritismo - Uni\u00f3n Esp\u00edrita<\/title>\n<meta name=\"robots\" content=\"index, follow, max-snippet:-1, max-image-preview:large, max-video-preview:-1\" \/>\n<link rel=\"canonical\" href=\"https:\/\/nuevo-renacer.com\/fr\/psiquiatria-y-espiritismo\/\" \/>\n<meta property=\"og:locale\" content=\"fr_FR\" \/>\n<meta property=\"og:type\" content=\"article\" \/>\n<meta property=\"og:title\" content=\"Psiquiatr\u00eda y Espiritismo\" \/>\n<meta property=\"og:description\" content=\"Psiquiatr\u00eda y Espiritismo La psiquiatr\u00eda es el campo de la medicina que est\u00e1 m\u00e1s en conflicto con el espiritismo. Y es el campo en el que los espiritistas son m\u00e1s activos y tienen m\u00e1s \u00e9xito. La raz\u00f3n es obvia. La mayor\u00eda de los psic\u00f3patas est\u00e1n simplemente pose\u00eddos; y lo que va m\u00e1s all\u00e1 de la [&hellip;]\" \/>\n<meta property=\"og:url\" content=\"https:\/\/nuevo-renacer.com\/fr\/psiquiatria-y-espiritismo\/\" \/>\n<meta property=\"og:site_name\" content=\"Uni\u00f3n Esp\u00edrita\" \/>\n<meta property=\"article:publisher\" content=\"https:\/\/www.facebook.com\/groups\/3431398063740829\" \/>\n<meta property=\"article:modified_time\" content=\"2024-07-16T11:14:25+00:00\" \/>\n<meta property=\"og:image\" content=\"https:\/\/nuevo-renacer.com\/wp-content\/uploads\/2024\/07\/447968129_7965176216836124_410702528150355634_n.jpg\" \/>\n\t<meta property=\"og:image:width\" content=\"626\" \/>\n\t<meta property=\"og:image:height\" content=\"416\" \/>\n\t<meta property=\"og:image:type\" content=\"image\/jpeg\" \/>\n<meta name=\"twitter:card\" content=\"summary_large_image\" \/>\n<meta name=\"twitter:label1\" content=\"Dur\u00e9e de lecture estim\u00e9e\" \/>\n\t<meta name=\"twitter:data1\" content=\"4 minutes\" \/>\n<script type=\"application\/ld+json\" class=\"yoast-schema-graph\">{\"@context\":\"https:\/\/schema.org\",\"@graph\":[{\"@type\":\"WebPage\",\"@id\":\"https:\/\/nuevo-renacer.com\/psiquiatria-y-espiritismo\/\",\"url\":\"https:\/\/nuevo-renacer.com\/psiquiatria-y-espiritismo\/\",\"name\":\"Psiquiatr\u00eda y Espiritismo - Uni\u00f3n Esp\u00edrita\",\"isPartOf\":{\"@id\":\"https:\/\/nuevo-renacer.com\/#website\"},\"primaryImageOfPage\":{\"@id\":\"https:\/\/nuevo-renacer.com\/psiquiatria-y-espiritismo\/#primaryimage\"},\"image\":{\"@id\":\"https:\/\/nuevo-renacer.com\/psiquiatria-y-espiritismo\/#primaryimage\"},\"thumbnailUrl\":\"https:\/\/nuevo-renacer.com\/wp-content\/uploads\/2024\/07\/447968129_7965176216836124_410702528150355634_n.jpg\",\"datePublished\":\"2024-07-16T11:14:23+00:00\",\"dateModified\":\"2024-07-16T11:14:25+00:00\",\"breadcrumb\":{\"@id\":\"https:\/\/nuevo-renacer.com\/psiquiatria-y-espiritismo\/#breadcrumb\"},\"inLanguage\":\"fr-FR\",\"potentialAction\":[{\"@type\":\"ReadAction\",\"target\":[\"https:\/\/nuevo-renacer.com\/psiquiatria-y-espiritismo\/\"]}]},{\"@type\":\"ImageObject\",\"inLanguage\":\"fr-FR\",\"@id\":\"https:\/\/nuevo-renacer.com\/psiquiatria-y-espiritismo\/#primaryimage\",\"url\":\"https:\/\/nuevo-renacer.com\/wp-content\/uploads\/2024\/07\/447968129_7965176216836124_410702528150355634_n.jpg\",\"contentUrl\":\"https:\/\/nuevo-renacer.com\/wp-content\/uploads\/2024\/07\/447968129_7965176216836124_410702528150355634_n.jpg\",\"width\":626,\"height\":416},{\"@type\":\"BreadcrumbList\",\"@id\":\"https:\/\/nuevo-renacer.com\/psiquiatria-y-espiritismo\/#breadcrumb\",\"itemListElement\":[{\"@type\":\"ListItem\",\"position\":1,\"name\":\"Startseite\",\"item\":\"https:\/\/nuevo-renacer.com\/\"},{\"@type\":\"ListItem\",\"position\":2,\"name\":\"Psiquiatr\u00eda y Espiritismo\"}]},{\"@type\":\"WebSite\",\"@id\":\"https:\/\/nuevo-renacer.com\/#website\",\"url\":\"https:\/\/nuevo-renacer.com\/\",\"name\":\"Uni\u00f3n Esp\u00edrita\",\"description\":\"Nuevo Renacer\",\"publisher\":{\"@id\":\"https:\/\/nuevo-renacer.com\/#organization\"},\"potentialAction\":[{\"@type\":\"SearchAction\",\"target\":{\"@type\":\"EntryPoint\",\"urlTemplate\":\"https:\/\/nuevo-renacer.com\/?s={search_term_string}\"},\"query-input\":{\"@type\":\"PropertyValueSpecification\",\"valueRequired\":true,\"valueName\":\"search_term_string\"}}],\"inLanguage\":\"fr-FR\"},{\"@type\":\"Organization\",\"@id\":\"https:\/\/nuevo-renacer.com\/#organization\",\"name\":\"UFEC\",\"url\":\"https:\/\/nuevo-renacer.com\/\",\"logo\":{\"@type\":\"ImageObject\",\"inLanguage\":\"fr-FR\",\"@id\":\"https:\/\/nuevo-renacer.com\/#\/schema\/logo\/image\/\",\"url\":\"https:\/\/nuevo-renacer.com\/wp-content\/uploads\/2024\/05\/cropped-LOGO-TERMINADO1-3-3.png\",\"contentUrl\":\"https:\/\/nuevo-renacer.com\/wp-content\/uploads\/2024\/05\/cropped-LOGO-TERMINADO1-3-3.png\",\"width\":512,\"height\":512,\"caption\":\"UFEC\"},\"image\":{\"@id\":\"https:\/\/nuevo-renacer.com\/#\/schema\/logo\/image\/\"},\"sameAs\":[\"https:\/\/www.facebook.com\/groups\/3431398063740829\"]}]}<\/script>\n<!-- \/ Yoast SEO Premium plugin. -->","yoast_head_json":{"title":"Psiquiatr\u00eda y Espiritismo - Uni\u00f3n Esp\u00edrita","robots":{"index":"index","follow":"follow","max-snippet":"max-snippet:-1","max-image-preview":"max-image-preview:large","max-video-preview":"max-video-preview:-1"},"canonical":"https:\/\/nuevo-renacer.com\/fr\/psiquiatria-y-espiritismo\/","og_locale":"fr_FR","og_type":"article","og_title":"Psiquiatr\u00eda y Espiritismo","og_description":"Psiquiatr\u00eda y Espiritismo La psiquiatr\u00eda es el campo de la medicina que est\u00e1 m\u00e1s en conflicto con el espiritismo. Y es el campo en el que los espiritistas son m\u00e1s activos y tienen m\u00e1s \u00e9xito. La raz\u00f3n es obvia. La mayor\u00eda de los psic\u00f3patas est\u00e1n simplemente pose\u00eddos; y lo que va m\u00e1s all\u00e1 de la [&hellip;]","og_url":"https:\/\/nuevo-renacer.com\/fr\/psiquiatria-y-espiritismo\/","og_site_name":"Uni\u00f3n Esp\u00edrita","article_publisher":"https:\/\/www.facebook.com\/groups\/3431398063740829","article_modified_time":"2024-07-16T11:14:25+00:00","og_image":[{"width":626,"height":416,"url":"https:\/\/nuevo-renacer.com\/wp-content\/uploads\/2024\/07\/447968129_7965176216836124_410702528150355634_n.jpg","type":"image\/jpeg"}],"twitter_card":"summary_large_image","twitter_misc":{"Dur\u00e9e de lecture estim\u00e9e":"4 minutes"},"schema":{"@context":"https:\/\/schema.org","@graph":[{"@type":"WebPage","@id":"https:\/\/nuevo-renacer.com\/psiquiatria-y-espiritismo\/","url":"https:\/\/nuevo-renacer.com\/psiquiatria-y-espiritismo\/","name":"Psiquiatr\u00eda y Espiritismo - Uni\u00f3n Esp\u00edrita","isPartOf":{"@id":"https:\/\/nuevo-renacer.com\/#website"},"primaryImageOfPage":{"@id":"https:\/\/nuevo-renacer.com\/psiquiatria-y-espiritismo\/#primaryimage"},"image":{"@id":"https:\/\/nuevo-renacer.com\/psiquiatria-y-espiritismo\/#primaryimage"},"thumbnailUrl":"https:\/\/nuevo-renacer.com\/wp-content\/uploads\/2024\/07\/447968129_7965176216836124_410702528150355634_n.jpg","datePublished":"2024-07-16T11:14:23+00:00","dateModified":"2024-07-16T11:14:25+00:00","breadcrumb":{"@id":"https:\/\/nuevo-renacer.com\/psiquiatria-y-espiritismo\/#breadcrumb"},"inLanguage":"fr-FR","potentialAction":[{"@type":"ReadAction","target":["https:\/\/nuevo-renacer.com\/psiquiatria-y-espiritismo\/"]}]},{"@type":"ImageObject","inLanguage":"fr-FR","@id":"https:\/\/nuevo-renacer.com\/psiquiatria-y-espiritismo\/#primaryimage","url":"https:\/\/nuevo-renacer.com\/wp-content\/uploads\/2024\/07\/447968129_7965176216836124_410702528150355634_n.jpg","contentUrl":"https:\/\/nuevo-renacer.com\/wp-content\/uploads\/2024\/07\/447968129_7965176216836124_410702528150355634_n.jpg","width":626,"height":416},{"@type":"BreadcrumbList","@id":"https:\/\/nuevo-renacer.com\/psiquiatria-y-espiritismo\/#breadcrumb","itemListElement":[{"@type":"ListItem","position":1,"name":"Startseite","item":"https:\/\/nuevo-renacer.com\/"},{"@type":"ListItem","position":2,"name":"Psiquiatr\u00eda y Espiritismo"}]},{"@type":"WebSite","@id":"https:\/\/nuevo-renacer.com\/#website","url":"https:\/\/nuevo-renacer.com\/","name":"Uni\u00f3n Esp\u00edrita","description":"Nuevo Renacer","publisher":{"@id":"https:\/\/nuevo-renacer.com\/#organization"},"potentialAction":[{"@type":"SearchAction","target":{"@type":"EntryPoint","urlTemplate":"https:\/\/nuevo-renacer.com\/?s={search_term_string}"},"query-input":{"@type":"PropertyValueSpecification","valueRequired":true,"valueName":"search_term_string"}}],"inLanguage":"fr-FR"},{"@type":"Organization","@id":"https:\/\/nuevo-renacer.com\/#organization","name":"UFEC","url":"https:\/\/nuevo-renacer.com\/","logo":{"@type":"ImageObject","inLanguage":"fr-FR","@id":"https:\/\/nuevo-renacer.com\/#\/schema\/logo\/image\/","url":"https:\/\/nuevo-renacer.com\/wp-content\/uploads\/2024\/05\/cropped-LOGO-TERMINADO1-3-3.png","contentUrl":"https:\/\/nuevo-renacer.com\/wp-content\/uploads\/2024\/05\/cropped-LOGO-TERMINADO1-3-3.png","width":512,"height":512,"caption":"UFEC"},"image":{"@id":"https:\/\/nuevo-renacer.com\/#\/schema\/logo\/image\/"},"sameAs":["https:\/\/www.facebook.com\/groups\/3431398063740829"]}]}},"uagb_featured_image_src":{"full":["https:\/\/nuevo-renacer.com\/wp-content\/uploads\/2024\/07\/447968129_7965176216836124_410702528150355634_n.jpg",626,416,false],"thumbnail":["https:\/\/nuevo-renacer.com\/wp-content\/uploads\/2024\/07\/447968129_7965176216836124_410702528150355634_n-150x150.jpg",150,150,true],"medium":["https:\/\/nuevo-renacer.com\/wp-content\/uploads\/2024\/07\/447968129_7965176216836124_410702528150355634_n-300x199.jpg",300,199,true],"medium_large":["https:\/\/nuevo-renacer.com\/wp-content\/uploads\/2024\/07\/447968129_7965176216836124_410702528150355634_n.jpg",626,416,false],"large":["https:\/\/nuevo-renacer.com\/wp-content\/uploads\/2024\/07\/447968129_7965176216836124_410702528150355634_n.jpg",626,416,false],"1536x1536":["https:\/\/nuevo-renacer.com\/wp-content\/uploads\/2024\/07\/447968129_7965176216836124_410702528150355634_n.jpg",626,416,false],"2048x2048":["https:\/\/nuevo-renacer.com\/wp-content\/uploads\/2024\/07\/447968129_7965176216836124_410702528150355634_n.jpg",626,416,false],"trp-custom-language-flag":["https:\/\/nuevo-renacer.com\/wp-content\/uploads\/2024\/07\/447968129_7965176216836124_410702528150355634_n-18x12.jpg",18,12,true]},"uagb_author_info":{"display_name":"adbv0","author_link":"https:\/\/nuevo-renacer.com\/fr\/author\/adbv0\/"},"uagb_comment_info":0,"uagb_excerpt":"Psiquiatr\u00eda y Espiritismo La psiquiatr\u00eda es el campo de la medicina que est\u00e1 m\u00e1s en conflicto con el espiritismo. Y es el campo en el que los espiritistas son m\u00e1s activos y tienen m\u00e1s \u00e9xito. La raz\u00f3n es obvia. La mayor\u00eda de los psic\u00f3patas est\u00e1n simplemente pose\u00eddos; y lo que va m\u00e1s all\u00e1 de la\u2026","jetpack_sharing_enabled":true,"_links":{"self":[{"href":"https:\/\/nuevo-renacer.com\/fr\/wp-json\/wp\/v2\/pages\/3853","targetHints":{"allow":["GET"]}}],"collection":[{"href":"https:\/\/nuevo-renacer.com\/fr\/wp-json\/wp\/v2\/pages"}],"about":[{"href":"https:\/\/nuevo-renacer.com\/fr\/wp-json\/wp\/v2\/types\/page"}],"author":[{"embeddable":true,"href":"https:\/\/nuevo-renacer.com\/fr\/wp-json\/wp\/v2\/users\/1"}],"replies":[{"embeddable":true,"href":"https:\/\/nuevo-renacer.com\/fr\/wp-json\/wp\/v2\/comments?post=3853"}],"version-history":[{"count":1,"href":"https:\/\/nuevo-renacer.com\/fr\/wp-json\/wp\/v2\/pages\/3853\/revisions"}],"predecessor-version":[{"id":3855,"href":"https:\/\/nuevo-renacer.com\/fr\/wp-json\/wp\/v2\/pages\/3853\/revisions\/3855"}],"wp:featuredmedia":[{"embeddable":true,"href":"https:\/\/nuevo-renacer.com\/fr\/wp-json\/wp\/v2\/media\/3854"}],"wp:attachment":[{"href":"https:\/\/nuevo-renacer.com\/fr\/wp-json\/wp\/v2\/media?parent=3853"}],"curies":[{"name":"wp","href":"https:\/\/api.w.org\/{rel}","templated":true}]}}