{"id":3847,"date":"2024-07-16T10:53:38","date_gmt":"2024-07-16T10:53:38","guid":{"rendered":"https:\/\/ufec-mundial.com\/?page_id=3847"},"modified":"2024-07-16T10:53:41","modified_gmt":"2024-07-16T10:53:41","slug":"las-guerras","status":"publish","type":"page","link":"https:\/\/nuevo-renacer.com\/fr\/las-guerras\/","title":{"rendered":"Les guerres"},"content":{"rendered":"<div class=\"wp-block-uagb-container uagb-block-619f0544 alignfull uagb-is-root-container\"><div class=\"uagb-container-inner-blocks-wrap\">\n<p class=\"has-black-color has-text-color has-link-color has-medium-font-size wp-elements-6cb0d9505d9f48bf377e4d6c2b2c90e0\"><strong>Les guerres<\/strong><\/p>\n<\/div><\/div>\n\n\n\n<div class=\"wp-block-uagb-container uagb-block-ecfc577b alignfull uagb-is-root-container\"><div class=\"uagb-container-inner-blocks-wrap\">\n<figure class=\"wp-block-image size-full is-resized\"><img fetchpriority=\"high\" decoding=\"async\" width=\"626\" height=\"351\" src=\"https:\/\/ufec-mundial.com\/wp-content\/uploads\/2024\/07\/medium-shot-soldier-war-zone_23-2150804357.avif\" alt=\"\" class=\"wp-image-3849\" style=\"width:382px;height:auto\"\/><\/figure>\n<\/div><\/div>\n\n\n\n<div class=\"wp-block-uagb-container uagb-block-52651a7f alignfull uagb-is-root-container\"><div class=\"uagb-container-inner-blocks-wrap\">\n<p class=\"has-black-color has-text-color has-link-color has-small-font-size wp-elements-84b89acb587821a62b9c5a0740067119\">Le terrible combat entre les nations et les races, et les crises qui surviennent dans le monde posent les probl\u00e8mes les plus graves. Avant le grand drame qui pr\u00e9sente, les restes de l&#039;esprit humain a un millier de questions. Et il y a des moments de doute, d&#039;inqui\u00e9tude et de pessimisme submerger les esprits les plus forts. Qu&#039;est-ce que le progr\u00e8s n&#039;est qu&#039;une illusion? Ce qui va couler la civilisation dans la mar\u00e9e montante des passions brutales? Ce sera en vain les efforts de la la\u00efcit\u00e9 de la justice, de la solidarit\u00e9 et de la paix, dans l&#039;harmonie sociale? Ce sera d\u00e9vast\u00e9 par la temp\u00eate les id\u00e9es de l&#039;art et le g\u00e9nie de l&#039;homme, les fruits du dur et l&#039;immense travail de des millions d&#039;esprits et des pauvres?<\/p>\n\n\n\n<p class=\"has-black-color has-text-color has-link-color has-small-font-size wp-elements-0ed4874101a4d9895fda295f9a1d3afd\">Le penseur spirituel explore cet ab\u00eeme du mal, sans sensation de vertige. Dans le chaos des \u00e9v\u00e9nements extrait de la grande loi qui r\u00e9git tout. Surtout, n&#039;oubliez pas que notre plan\u00e8te est un lieu d&#039;habitation tr\u00e8s subalterne, un laboratoire, qui d\u00e9crit les \u00e2mes encore jeunes avec leurs aspirations et de confusion de leurs passions d\u00e9sorganis\u00e9.<\/p>\n\n\n\n<p class=\"has-black-color has-text-color has-link-color has-small-font-size wp-elements-a2241113f7d18845feb0a32ad4c94e76\">Le sens profond de la vie appara\u00eet au penseur spirite avec la rudesse des besoins qui lui sont propres: c&#039;Est la prise de conscience des qualit\u00e9s et des pouvoirs qui se trouvent \u00e0 l&#039;int\u00e9rieur de chaque \u00eatre. Les larmes, les craintes et les larmes sont n\u00e9cessaires pour la lib\u00e9ration de l&#039;\u00e9nergie de la lumi\u00e8re pour dormir, sans le savoir, et dans le silence, dans l&#039;obscurit\u00e9 de l&#039;\u00e2me. Il peut y avoir de grandeur sans souffrance, ou l&#039;exaltation sans preuve.<\/p>\n\n\n\n<p class=\"has-black-color has-text-color has-link-color has-small-font-size wp-elements-3abc835888153bb7c37a9505155ff240\">Si l&#039;homme sur la terre \u00e9tait \u00e0 l&#039;abri des vicissitudes du sort, sans les dures le\u00e7ons de l&#039;adversit\u00e9, comment pourrait temp\u00e9rer leur caract\u00e8re, \u00e0 d\u00e9velopper leurs comp\u00e9tences, d&#039;en appr\u00e9cier les richesses cach\u00e9es dans votre \u00e2me? Puisque le mal est une destination dans notre monde, ce qu&#039;aucune responsabilit\u00e9 pour les m\u00e9chants? Ne le croyez pas, il serait une erreur fatale: dans leur ignorance et de l&#039;aveuglement, l&#039;homme s\u00e8me le mal, et les cons\u00e9quences de cette p\u00e8sent sur lui-m\u00eame et sur tous ceux qui participent \u00e0 leurs mauvaises actions. Comme c&#039;est le cas en ce moment.<\/p>\n\n\n\n<p class=\"has-black-color has-text-color has-link-color has-small-font-size wp-elements-bba97c4fa302a69909104eeb6aa19104\">Mais (tout spirite connu), la mort n&#039;est qu&#039;une apparence: quand l&#039;\u00e2me se d\u00e9gage de son mat\u00e9riel de shell, re\u00e7oit une plus grande force, une perception plus juste des choses, et il est m\u00eame plus vivant dans l&#039;au-del\u00e0. La douleur purifie l&#039;esprit, aucune douleur n&#039;est perdu, aucune preuve n&#039;est laiss\u00e9 sans compensation. Ceux qui sont morts pour leur patrie r\u00e9colter les fruits de son sacrifice et les souffrances de ceux qui ont surv\u00e9cu, transmis \u00e0 son periesp\u00edritu traces de la lumi\u00e8re et de la les germes de l&#039;avenir.<\/p>\n\n\n\n<p class=\"has-black-color has-text-color has-link-color has-small-font-size wp-elements-27aad5ef1b795bf52e17832d8db012f2\">En termes de progr\u00e8s moral, elle est lente et \u00e0 peine perceptible dans la Terre, alors que la population mondiale s&#039;accro\u00eet constamment, avec des \u00eatres qui viennent de mondes inf\u00e9rieurs aux n\u00f4tres. Et les esprits se d\u00e9placer entre nous \u00e0 un certain degr\u00e9 peut \u00e9voluer avec l&#039;avantage de la meilleure des sciences humaines. En cons\u00e9quence, le niveau global varie peu et les qualit\u00e9s morales de l&#039;individu restent rares, et cach\u00e9.<\/p>\n\n\n\n<p class=\"has-black-color has-text-color has-link-color has-small-font-size wp-elements-7333ca275a4015a1fc775aa6a31191ac\">Dans l&#039;univers de plus en plus d\u00e9velopp\u00e9, entre les sciences humaines plus \u00e9lev\u00e9 que le notre, la catastrophe n&#039;ont plus le droit d&#039;exister. La guerre n&#039;existe pas, parce que la sagesse de l&#039;esprit a mis fin \u00e0 tous les conflits. Ceux qui habitent dans les zones en gras, \u00e9clair\u00e9e par les v\u00e9rit\u00e9s \u00e9ternelles et poss\u00e9dant les pouvoirs de l&#039;esprit et du c\u0153ur, n&#039;ont plus besoin de ces terribles stimulants pour \u00e9veiller et cultiver les tr\u00e9sors cach\u00e9s de l&#039;\u00e2me. Dans la grande \u00e9chelle de l&#039;\u00e9volution, les causes de la douleur diminue avec l&#039;\u00e9l\u00e9vation de l&#039;esprit, que vous devenez de moins en moins n\u00e9cessaire pour l&#039;ascension de fonctionnement libre dans le milieu de la paix et de la lumi\u00e8re.<\/p>\n\n\n\n<p class=\"has-black-color has-text-color has-link-color has-small-font-size wp-elements-142185666b126bc44feabf21f737db7e\">La souffrance est la grande \u00e9ducatrice, \u00e0 la fois en tant qu&#039;individus et en tant que nations. Lorsque l&#039;un et l&#039;autre est de s&#039;\u00e9carter du droit chemin et poussez vers le bas, la sensualit\u00e9 et la d\u00e9cadence morale, la douleur renvoie le chemin du bien avec son dard. Nous devons souffrir de d\u00e9velopper en nous la sensibilit\u00e9 et de la vie. C&#039;est une loi qui est s\u00e9rieux et stricte qu&#039;il est f\u00e9cond dans ses r\u00e9sultats. Il est de souffrir, de ressentir et d&#039;aimer, de grandir et de s&#039;\u00e9lever. Seulement la douleur, met fin \u00e0 la col\u00e8re de la passion, de r\u00e9veiller en nous une profonde r\u00e9flexion, r\u00e9v\u00e8le les \u00e2mes les choses en grand, de plus beau et de plus noble de l&#039;univers: la mis\u00e9ricorde, de la bont\u00e9 et de l&#039;amour...<\/p>\n<\/div><\/div>","protected":false},"excerpt":{"rendered":"<p>Las Guerras La tremenda lucha entre naciones y razas y las convulsiones que vive el mundo plantean los problemas m\u00e1s graves. Ante el gran drama que se presenta, la inquieta mente humana se hace mil preguntas. Y hay momentos en que la duda, la ansiedad y el pesimismo abruman a las mentes m\u00e1s decididas. \u00bfEs [&hellip;]<\/p>","protected":false},"author":1,"featured_media":3849,"parent":0,"menu_order":0,"comment_status":"closed","ping_status":"closed","template":"","meta":{"_uag_custom_page_level_css":"","site-sidebar-layout":"default","site-content-layout":"","ast-site-content-layout":"default","site-content-style":"default","site-sidebar-style":"default","ast-global-header-display":"","ast-banner-title-visibility":"","ast-main-header-display":"","ast-hfb-above-header-display":"","ast-hfb-below-header-display":"","ast-hfb-mobile-header-display":"","site-post-title":"disabled","ast-breadcrumbs-content":"","ast-featured-img":"","footer-sml-layout":"","theme-transparent-header-meta":"","adv-header-id-meta":"","stick-header-meta":"","header-above-stick-meta":"","header-main-stick-meta":"","header-below-stick-meta":"","astra-migrate-meta-layouts":"set","ast-page-background-enabled":"default","ast-page-background-meta":{"desktop":{"background-color":"var(--ast-global-color-4)","background-image":"","background-repeat":"repeat","background-position":"center center","background-size":"auto","background-attachment":"scroll","background-type":"","background-media":"","overlay-type":"","overlay-color":"","overlay-opacity":"","overlay-gradient":""},"tablet":{"background-color":"","background-image":"","background-repeat":"repeat","background-position":"center center","background-size":"auto","background-attachment":"scroll","background-type":"","background-media":"","overlay-type":"","overlay-color":"","overlay-opacity":"","overlay-gradient":""},"mobile":{"background-color":"","background-image":"","background-repeat":"repeat","background-position":"center center","background-size":"auto","background-attachment":"scroll","background-type":"","background-media":"","overlay-type":"","overlay-color":"","overlay-opacity":"","overlay-gradient":""}},"ast-content-background-meta":{"desktop":{"background-color":"var(--ast-global-color-5)","background-image":"","background-repeat":"repeat","background-position":"center center","background-size":"auto","background-attachment":"scroll","background-type":"","background-media":"","overlay-type":"","overlay-color":"","overlay-opacity":"","overlay-gradient":""},"tablet":{"background-color":"var(--ast-global-color-5)","background-image":"","background-repeat":"repeat","background-position":"center center","background-size":"auto","background-attachment":"scroll","background-type":"","background-media":"","overlay-type":"","overlay-color":"","overlay-opacity":"","overlay-gradient":""},"mobile":{"background-color":"var(--ast-global-color-5)","background-image":"","background-repeat":"repeat","background-position":"center center","background-size":"auto","background-attachment":"scroll","background-type":"","background-media":"","overlay-type":"","overlay-color":"","overlay-opacity":"","overlay-gradient":""}},"footnotes":""},"class_list":["post-3847","page","type-page","status-publish","has-post-thumbnail","hentry"],"yoast_head":"<!-- This site is optimized with the Yoast SEO Premium plugin v24.2 (Yoast SEO v24.6) - https:\/\/yoast.com\/wordpress\/plugins\/seo\/ -->\n<title>Las Guerras - Uni\u00f3n Esp\u00edrita<\/title>\n<meta name=\"robots\" content=\"index, follow, max-snippet:-1, max-image-preview:large, max-video-preview:-1\" \/>\n<link rel=\"canonical\" href=\"https:\/\/nuevo-renacer.com\/fr\/las-guerras\/\" \/>\n<meta property=\"og:locale\" content=\"fr_FR\" \/>\n<meta property=\"og:type\" content=\"article\" \/>\n<meta property=\"og:title\" content=\"Las Guerras\" \/>\n<meta property=\"og:description\" content=\"Las Guerras La tremenda lucha entre naciones y razas y las convulsiones que vive el mundo plantean los problemas m\u00e1s graves. Ante el gran drama que se presenta, la inquieta mente humana se hace mil preguntas. Y hay momentos en que la duda, la ansiedad y el pesimismo abruman a las mentes m\u00e1s decididas. \u00bfEs [&hellip;]\" \/>\n<meta property=\"og:url\" content=\"https:\/\/nuevo-renacer.com\/fr\/las-guerras\/\" \/>\n<meta property=\"og:site_name\" content=\"Uni\u00f3n Esp\u00edrita\" \/>\n<meta property=\"article:publisher\" content=\"https:\/\/www.facebook.com\/groups\/3431398063740829\" \/>\n<meta property=\"article:modified_time\" content=\"2024-07-16T10:53:41+00:00\" \/>\n<meta name=\"twitter:card\" content=\"summary_large_image\" \/>\n<meta name=\"twitter:label1\" content=\"Dur\u00e9e de lecture estim\u00e9e\" \/>\n\t<meta name=\"twitter:data1\" content=\"4 minutes\" \/>\n<script type=\"application\/ld+json\" class=\"yoast-schema-graph\">{\"@context\":\"https:\/\/schema.org\",\"@graph\":[{\"@type\":\"WebPage\",\"@id\":\"https:\/\/nuevo-renacer.com\/las-guerras\/\",\"url\":\"https:\/\/nuevo-renacer.com\/las-guerras\/\",\"name\":\"Las Guerras - Uni\u00f3n Esp\u00edrita\",\"isPartOf\":{\"@id\":\"https:\/\/nuevo-renacer.com\/#website\"},\"primaryImageOfPage\":{\"@id\":\"https:\/\/nuevo-renacer.com\/las-guerras\/#primaryimage\"},\"image\":{\"@id\":\"https:\/\/nuevo-renacer.com\/las-guerras\/#primaryimage\"},\"thumbnailUrl\":\"https:\/\/nuevo-renacer.com\/wp-content\/uploads\/2024\/07\/medium-shot-soldier-war-zone_23-2150804357.avif\",\"datePublished\":\"2024-07-16T10:53:38+00:00\",\"dateModified\":\"2024-07-16T10:53:41+00:00\",\"breadcrumb\":{\"@id\":\"https:\/\/nuevo-renacer.com\/las-guerras\/#breadcrumb\"},\"inLanguage\":\"fr-FR\",\"potentialAction\":[{\"@type\":\"ReadAction\",\"target\":[\"https:\/\/nuevo-renacer.com\/las-guerras\/\"]}]},{\"@type\":\"ImageObject\",\"inLanguage\":\"fr-FR\",\"@id\":\"https:\/\/nuevo-renacer.com\/las-guerras\/#primaryimage\",\"url\":\"https:\/\/nuevo-renacer.com\/wp-content\/uploads\/2024\/07\/medium-shot-soldier-war-zone_23-2150804357.avif\",\"contentUrl\":\"https:\/\/nuevo-renacer.com\/wp-content\/uploads\/2024\/07\/medium-shot-soldier-war-zone_23-2150804357.avif\",\"width\":626,\"height\":351},{\"@type\":\"BreadcrumbList\",\"@id\":\"https:\/\/nuevo-renacer.com\/las-guerras\/#breadcrumb\",\"itemListElement\":[{\"@type\":\"ListItem\",\"position\":1,\"name\":\"Startseite\",\"item\":\"https:\/\/nuevo-renacer.com\/\"},{\"@type\":\"ListItem\",\"position\":2,\"name\":\"Las Guerras\"}]},{\"@type\":\"WebSite\",\"@id\":\"https:\/\/nuevo-renacer.com\/#website\",\"url\":\"https:\/\/nuevo-renacer.com\/\",\"name\":\"Uni\u00f3n Esp\u00edrita\",\"description\":\"Nuevo Renacer\",\"publisher\":{\"@id\":\"https:\/\/nuevo-renacer.com\/#organization\"},\"potentialAction\":[{\"@type\":\"SearchAction\",\"target\":{\"@type\":\"EntryPoint\",\"urlTemplate\":\"https:\/\/nuevo-renacer.com\/?s={search_term_string}\"},\"query-input\":{\"@type\":\"PropertyValueSpecification\",\"valueRequired\":true,\"valueName\":\"search_term_string\"}}],\"inLanguage\":\"fr-FR\"},{\"@type\":\"Organization\",\"@id\":\"https:\/\/nuevo-renacer.com\/#organization\",\"name\":\"UFEC\",\"url\":\"https:\/\/nuevo-renacer.com\/\",\"logo\":{\"@type\":\"ImageObject\",\"inLanguage\":\"fr-FR\",\"@id\":\"https:\/\/nuevo-renacer.com\/#\/schema\/logo\/image\/\",\"url\":\"https:\/\/nuevo-renacer.com\/wp-content\/uploads\/2024\/05\/cropped-LOGO-TERMINADO1-3-3.png\",\"contentUrl\":\"https:\/\/nuevo-renacer.com\/wp-content\/uploads\/2024\/05\/cropped-LOGO-TERMINADO1-3-3.png\",\"width\":512,\"height\":512,\"caption\":\"UFEC\"},\"image\":{\"@id\":\"https:\/\/nuevo-renacer.com\/#\/schema\/logo\/image\/\"},\"sameAs\":[\"https:\/\/www.facebook.com\/groups\/3431398063740829\"]}]}<\/script>\n<!-- \/ Yoast SEO Premium plugin. -->","yoast_head_json":{"title":"Las Guerras - Uni\u00f3n Esp\u00edrita","robots":{"index":"index","follow":"follow","max-snippet":"max-snippet:-1","max-image-preview":"max-image-preview:large","max-video-preview":"max-video-preview:-1"},"canonical":"https:\/\/nuevo-renacer.com\/fr\/las-guerras\/","og_locale":"fr_FR","og_type":"article","og_title":"Las Guerras","og_description":"Las Guerras La tremenda lucha entre naciones y razas y las convulsiones que vive el mundo plantean los problemas m\u00e1s graves. Ante el gran drama que se presenta, la inquieta mente humana se hace mil preguntas. Y hay momentos en que la duda, la ansiedad y el pesimismo abruman a las mentes m\u00e1s decididas. \u00bfEs [&hellip;]","og_url":"https:\/\/nuevo-renacer.com\/fr\/las-guerras\/","og_site_name":"Uni\u00f3n Esp\u00edrita","article_publisher":"https:\/\/www.facebook.com\/groups\/3431398063740829","article_modified_time":"2024-07-16T10:53:41+00:00","twitter_card":"summary_large_image","twitter_misc":{"Dur\u00e9e de lecture estim\u00e9e":"4 minutes"},"schema":{"@context":"https:\/\/schema.org","@graph":[{"@type":"WebPage","@id":"https:\/\/nuevo-renacer.com\/las-guerras\/","url":"https:\/\/nuevo-renacer.com\/las-guerras\/","name":"Las Guerras - Uni\u00f3n Esp\u00edrita","isPartOf":{"@id":"https:\/\/nuevo-renacer.com\/#website"},"primaryImageOfPage":{"@id":"https:\/\/nuevo-renacer.com\/las-guerras\/#primaryimage"},"image":{"@id":"https:\/\/nuevo-renacer.com\/las-guerras\/#primaryimage"},"thumbnailUrl":"https:\/\/nuevo-renacer.com\/wp-content\/uploads\/2024\/07\/medium-shot-soldier-war-zone_23-2150804357.avif","datePublished":"2024-07-16T10:53:38+00:00","dateModified":"2024-07-16T10:53:41+00:00","breadcrumb":{"@id":"https:\/\/nuevo-renacer.com\/las-guerras\/#breadcrumb"},"inLanguage":"fr-FR","potentialAction":[{"@type":"ReadAction","target":["https:\/\/nuevo-renacer.com\/las-guerras\/"]}]},{"@type":"ImageObject","inLanguage":"fr-FR","@id":"https:\/\/nuevo-renacer.com\/las-guerras\/#primaryimage","url":"https:\/\/nuevo-renacer.com\/wp-content\/uploads\/2024\/07\/medium-shot-soldier-war-zone_23-2150804357.avif","contentUrl":"https:\/\/nuevo-renacer.com\/wp-content\/uploads\/2024\/07\/medium-shot-soldier-war-zone_23-2150804357.avif","width":626,"height":351},{"@type":"BreadcrumbList","@id":"https:\/\/nuevo-renacer.com\/las-guerras\/#breadcrumb","itemListElement":[{"@type":"ListItem","position":1,"name":"Startseite","item":"https:\/\/nuevo-renacer.com\/"},{"@type":"ListItem","position":2,"name":"Las Guerras"}]},{"@type":"WebSite","@id":"https:\/\/nuevo-renacer.com\/#website","url":"https:\/\/nuevo-renacer.com\/","name":"Uni\u00f3n Esp\u00edrita","description":"Nuevo Renacer","publisher":{"@id":"https:\/\/nuevo-renacer.com\/#organization"},"potentialAction":[{"@type":"SearchAction","target":{"@type":"EntryPoint","urlTemplate":"https:\/\/nuevo-renacer.com\/?s={search_term_string}"},"query-input":{"@type":"PropertyValueSpecification","valueRequired":true,"valueName":"search_term_string"}}],"inLanguage":"fr-FR"},{"@type":"Organization","@id":"https:\/\/nuevo-renacer.com\/#organization","name":"UFEC","url":"https:\/\/nuevo-renacer.com\/","logo":{"@type":"ImageObject","inLanguage":"fr-FR","@id":"https:\/\/nuevo-renacer.com\/#\/schema\/logo\/image\/","url":"https:\/\/nuevo-renacer.com\/wp-content\/uploads\/2024\/05\/cropped-LOGO-TERMINADO1-3-3.png","contentUrl":"https:\/\/nuevo-renacer.com\/wp-content\/uploads\/2024\/05\/cropped-LOGO-TERMINADO1-3-3.png","width":512,"height":512,"caption":"UFEC"},"image":{"@id":"https:\/\/nuevo-renacer.com\/#\/schema\/logo\/image\/"},"sameAs":["https:\/\/www.facebook.com\/groups\/3431398063740829"]}]}},"uagb_featured_image_src":{"full":["https:\/\/nuevo-renacer.com\/wp-content\/uploads\/2024\/07\/medium-shot-soldier-war-zone_23-2150804357.avif",626,351,false],"thumbnail":["https:\/\/nuevo-renacer.com\/wp-content\/uploads\/2024\/07\/medium-shot-soldier-war-zone_23-2150804357.avif",150,84,false],"medium":["https:\/\/nuevo-renacer.com\/wp-content\/uploads\/2024\/07\/medium-shot-soldier-war-zone_23-2150804357.avif",300,168,false],"medium_large":["https:\/\/nuevo-renacer.com\/wp-content\/uploads\/2024\/07\/medium-shot-soldier-war-zone_23-2150804357.avif",626,351,false],"large":["https:\/\/nuevo-renacer.com\/wp-content\/uploads\/2024\/07\/medium-shot-soldier-war-zone_23-2150804357.avif",626,351,false],"1536x1536":["https:\/\/nuevo-renacer.com\/wp-content\/uploads\/2024\/07\/medium-shot-soldier-war-zone_23-2150804357.avif",626,351,false],"2048x2048":["https:\/\/nuevo-renacer.com\/wp-content\/uploads\/2024\/07\/medium-shot-soldier-war-zone_23-2150804357.avif",626,351,false],"trp-custom-language-flag":["https:\/\/nuevo-renacer.com\/wp-content\/uploads\/2024\/07\/medium-shot-soldier-war-zone_23-2150804357.avif",18,10,false]},"uagb_author_info":{"display_name":"adbv0","author_link":"https:\/\/nuevo-renacer.com\/fr\/author\/adbv0\/"},"uagb_comment_info":0,"uagb_excerpt":"Las Guerras La tremenda lucha entre naciones y razas y las convulsiones que vive el mundo plantean los problemas m\u00e1s graves. Ante el gran drama que se presenta, la inquieta mente humana se hace mil preguntas. Y hay momentos en que la duda, la ansiedad y el pesimismo abruman a las mentes m\u00e1s decididas. \u00bfEs\u2026","jetpack_sharing_enabled":true,"_links":{"self":[{"href":"https:\/\/nuevo-renacer.com\/fr\/wp-json\/wp\/v2\/pages\/3847","targetHints":{"allow":["GET"]}}],"collection":[{"href":"https:\/\/nuevo-renacer.com\/fr\/wp-json\/wp\/v2\/pages"}],"about":[{"href":"https:\/\/nuevo-renacer.com\/fr\/wp-json\/wp\/v2\/types\/page"}],"author":[{"embeddable":true,"href":"https:\/\/nuevo-renacer.com\/fr\/wp-json\/wp\/v2\/users\/1"}],"replies":[{"embeddable":true,"href":"https:\/\/nuevo-renacer.com\/fr\/wp-json\/wp\/v2\/comments?post=3847"}],"version-history":[{"count":1,"href":"https:\/\/nuevo-renacer.com\/fr\/wp-json\/wp\/v2\/pages\/3847\/revisions"}],"predecessor-version":[{"id":3850,"href":"https:\/\/nuevo-renacer.com\/fr\/wp-json\/wp\/v2\/pages\/3847\/revisions\/3850"}],"wp:featuredmedia":[{"embeddable":true,"href":"https:\/\/nuevo-renacer.com\/fr\/wp-json\/wp\/v2\/media\/3849"}],"wp:attachment":[{"href":"https:\/\/nuevo-renacer.com\/fr\/wp-json\/wp\/v2\/media?parent=3847"}],"curies":[{"name":"wp","href":"https:\/\/api.w.org\/{rel}","templated":true}]}}